{"id":11325,"date":"2025-08-01T13:42:47","date_gmt":"2025-08-01T11:42:47","guid":{"rendered":"https:\/\/baselinkweb.nl\/greeneggtotaal\/product\/witt-etna-rotante-pizza-oven-black-gratis-accessoires\/"},"modified":"2026-04-15T09:41:29","modified_gmt":"2026-04-15T07:41:29","slug":"witt-etna-four-a-pizza-rotatif-noir-accessoires-gratuits","status":"publish","type":"product","link":"https:\/\/www.greeneggtotaal.nl\/fr\/product\/witt-etna-rotante-pizza-oven-black-gratis-accessoires\/","title":{"rendered":"Witt Etna Rotante Four \u00e0 Pizza Noir"},"content":{"rendered":"<p>Le Witt ETNA Rotante 16\u2033 en noir mat associe un design scandinave \u00e9l\u00e9gant \u00e0 des performances impressionnantes. Gr\u00e2ce \u00e0 son look moderne, il s'int\u00e8gre sans effort dans n'importe quelle cuisine ext\u00e9rieure, jardin ou lieu de restauration. Ce four est fait pour tous ceux qui veulent cuire des pizzas \u00e0 un niveau professionnel, que ce soit \u00e0 la maison ou dans un cadre commercial.<\/p>\n<h3><strong>Une mise en temp\u00e9rature tr\u00e8s rapide et des r\u00e9sultats toujours parfaits<\/strong><\/h3>\n<p>Gr\u00e2ce \u00e0 son puissant br\u00fbleur en U et \u00e0 son br\u00fbleur d'appoint suppl\u00e9mentaire, l'ETNA Rotante atteint une temp\u00e9rature de 500\u00b0C en 15 minutes. La pierre \u00e0 pizza rotative garantit une cuisson uniforme de votre pizza, sans que vous ayez \u00e0 la tourner vous-m\u00eame. Vous obtenez ainsi une base croustillante et parfaitement cuite \u00e0 chaque fois, comme dans une vraie pizzeria.<\/p>\n<h3><strong>Construit pour des ann\u00e9es d'utilisation<\/strong><\/h3>\n<p>Le four est fabriqu\u00e9 \u00e0 partir de mat\u00e9riaux durables et poss\u00e8de un int\u00e9rieur en acier inoxydable pour une distribution optimale de la chaleur. La pierre \u00e0 pizza robuste en cordi\u00e9rite de 40,5 cm retient tr\u00e8s bien la chaleur et est id\u00e9ale pour les grandes pizzas. C'est un four que vous pourrez utiliser encore et encore pour de nouvelles aventures culinaires.<\/p>\n<div><\/div>\n<h2><strong>Caract\u00e9ristiques principales<\/strong><\/h2>\n<ul>\n<li><strong>Mat\u00e9riau int\u00e9rieur :<\/strong> ACIER INOXYDABLE<\/li>\n<li><strong>Pierre \u00e0 pizza :<\/strong> 40,5 cm cordi\u00e9rite, 1,5 cm d'\u00e9paisseur<\/li>\n<li><strong>Br\u00fbleurs :<\/strong> Forme en U + booster<\/li>\n<li><strong>Nombre de br\u00fbleurs :<\/strong> 2<\/li>\n<li><strong>Temp\u00e9rature maximale :<\/strong> 500\u00b0C<\/li>\n<li><strong>Temps jusqu'\u00e0 500\u00b0C :<\/strong> 15 minutes<\/li>\n<li><strong>Pierre rotative :<\/strong> Oui<\/li>\n<li><strong>Allumage :<\/strong> \u00c9lectrique<\/li>\n<li><strong>Temps d'allumage :<\/strong> 0.25 min<\/li>\n<li><strong>Carburant :<\/strong> Gaz (I 3B\/P 30)<\/li>\n<li><strong>Puissance :<\/strong> 9,2 kW \/ 31 400 BTU<\/li>\n<li><strong>Connexion :<\/strong> 220-240V<\/li>\n<li><strong>Piles :<\/strong> 5\u00d7 AA<\/li>\n<li><strong>C\u00e2ble inclus :<\/strong> Oui (150 cm)<\/li>\n<li><strong>R\u00e9gulateur et tuyau de gaz :<\/strong> Non inclus<\/li>\n<li><strong>Pieds repliables :<\/strong> Oui<\/li>\n<li><strong>Portable :<\/strong> Non<\/li>\n<\/ul>","protected":false},"excerpt":{"rendered":"<p>De Witt ETNA Rotante 16&#8243; in Matte Black combineert een strak Scandinavisch design met indrukwekkende prestaties. Dankzij de moderne uitstraling past hij moeiteloos in elke buitenkeuken, tuin of horecasetting. Deze oven is gemaakt voor iedereen die pizza\u2019s wil bakken op professioneel niveau, zowel thuis als commercieel. Supersnel op temperatuur &amp; altijd een perfect resultaat Met [&hellip;]<\/p>\n","protected":false},"featured_media":11324,"template":"","meta":[],"product_brand":[243],"product_cat":[112,114,118],"product_tag":[],"class_list":{"0":"post-11325","1":"product","2":"type-product","3":"status-publish","4":"has-post-thumbnail","6":"product_brand-witt","7":"product_cat-pizzaovens","8":"product_cat-witt","9":"product_cat-witt-pizzaovens","11":"first","12":"outofstock","13":"taxable","14":"shipping-taxable","15":"purchasable","16":"product-type-composite"},"yoast_head":"<!-- This site is optimized with the Yoast SEO Premium plugin v27.4 (Yoast SEO v27.4) - https:\/\/yoast.com\/product\/yoast-seo-premium-wordpress\/ -->\n<title>Witt Etna Rotante Pizza Oven Black<\/title>\n<meta name=\"description\" content=\"Bestel alles voor de Big Green Egg bij GreenEggTotaal.nl - Voor 16.00u besteld? Morgen gratis bezorgd. GreenEggTotaal.nl: D\u00e9 Big Green Egg Specialist.\" \/>\n<meta name=\"robots\" content=\"index, follow, max-snippet:-1, max-image-preview:large, max-video-preview:-1\" \/>\n<link rel=\"canonical\" href=\"https:\/\/www.greeneggtotaal.nl\/fr\/product\/witt-etna-four-a-pizza-rotatif-noir-accessoires-gratuits\/\" \/>\n<meta property=\"og:locale\" content=\"fr_FR\" \/>\n<meta property=\"og:type\" content=\"article\" \/>\n<meta property=\"og:title\" content=\"Witt Etna Rotante Pizza Oven Black\" \/>\n<meta property=\"og:description\" content=\"Bestel alles voor de Big Green Egg bij GreenEggTotaal.nl - Voor 16.00u besteld? Morgen gratis bezorgd. GreenEggTotaal.nl: D\u00e9 Big Green Egg Specialist.\" \/>\n<meta property=\"og:url\" content=\"https:\/\/www.greeneggtotaal.nl\/fr\/product\/witt-etna-four-a-pizza-rotatif-noir-accessoires-gratuits\/\" \/>\n<meta property=\"og:site_name\" content=\"GreenEggTotaal\" \/>\n<meta property=\"article:modified_time\" content=\"2026-04-15T07:41:29+00:00\" \/>\n<meta property=\"og:image\" content=\"https:\/\/www.greeneggtotaal.nl\/wp-content\/uploads\/2025\/08\/1-13-2.webp\" \/>\n\t<meta property=\"og:image:width\" content=\"500\" \/>\n\t<meta property=\"og:image:height\" content=\"500\" \/>\n\t<meta property=\"og:image:type\" content=\"image\/webp\" \/>\n<meta name=\"twitter:card\" content=\"summary_large_image\" \/>\n<meta name=\"twitter:label1\" content=\"Dur\u00e9e de lecture estim\u00e9e\" \/>\n\t<meta name=\"twitter:data1\" content=\"2 minutes\" \/>\n<script type=\"application\/ld+json\" class=\"yoast-schema-graph\">{\"@context\":\"https:\\\/\\\/schema.org\",\"@graph\":[{\"@type\":\"WebPage\",\"@id\":\"https:\\\/\\\/www.greeneggtotaal.nl\\\/product\\\/witt-etna-rotante-pizza-oven-black-gratis-accessoires\\\/\",\"url\":\"https:\\\/\\\/www.greeneggtotaal.nl\\\/product\\\/witt-etna-rotante-pizza-oven-black-gratis-accessoires\\\/\",\"name\":\"Witt Etna Rotante Pizza Oven Black\",\"isPartOf\":{\"@id\":\"https:\\\/\\\/www.greeneggtotaal.nl\\\/nl\\\/#website\"},\"primaryImageOfPage\":{\"@id\":\"https:\\\/\\\/www.greeneggtotaal.nl\\\/product\\\/witt-etna-rotante-pizza-oven-black-gratis-accessoires\\\/#primaryimage\"},\"image\":{\"@id\":\"https:\\\/\\\/www.greeneggtotaal.nl\\\/product\\\/witt-etna-rotante-pizza-oven-black-gratis-accessoires\\\/#primaryimage\"},\"thumbnailUrl\":\"https:\\\/\\\/www.greeneggtotaal.nl\\\/wp-content\\\/uploads\\\/2025\\\/08\\\/1-13-2.webp\",\"datePublished\":\"2025-08-01T11:42:47+00:00\",\"dateModified\":\"2026-04-15T07:41:29+00:00\",\"description\":\"Bestel alles voor de Big Green Egg bij GreenEggTotaal.nl - Voor 16.00u besteld? Morgen gratis bezorgd. GreenEggTotaal.nl: D\u00e9 Big Green Egg Specialist.\",\"breadcrumb\":{\"@id\":\"https:\\\/\\\/www.greeneggtotaal.nl\\\/product\\\/witt-etna-rotante-pizza-oven-black-gratis-accessoires\\\/#breadcrumb\"},\"inLanguage\":\"fr-FR\",\"potentialAction\":[{\"@type\":\"ReadAction\",\"target\":[\"https:\\\/\\\/www.greeneggtotaal.nl\\\/product\\\/witt-etna-rotante-pizza-oven-black-gratis-accessoires\\\/\"]}]},{\"@type\":\"ImageObject\",\"inLanguage\":\"fr-FR\",\"@id\":\"https:\\\/\\\/www.greeneggtotaal.nl\\\/product\\\/witt-etna-rotante-pizza-oven-black-gratis-accessoires\\\/#primaryimage\",\"url\":\"https:\\\/\\\/www.greeneggtotaal.nl\\\/wp-content\\\/uploads\\\/2025\\\/08\\\/1-13-2.webp\",\"contentUrl\":\"https:\\\/\\\/www.greeneggtotaal.nl\\\/wp-content\\\/uploads\\\/2025\\\/08\\\/1-13-2.webp\",\"width\":500,\"height\":500,\"caption\":\"Witt Etna Rotante Pizza Oven Black\"},{\"@type\":\"BreadcrumbList\",\"@id\":\"https:\\\/\\\/www.greeneggtotaal.nl\\\/product\\\/witt-etna-rotante-pizza-oven-black-gratis-accessoires\\\/#breadcrumb\",\"itemListElement\":[{\"@type\":\"ListItem\",\"position\":1,\"name\":\"Home\",\"item\":\"https:\\\/\\\/www.greeneggtotaal.nl\\\/\"},{\"@type\":\"ListItem\",\"position\":2,\"name\":\"Shop\",\"item\":\"https:\\\/\\\/www.greeneggtotaal.nl\\\/nl\\\/shop\\\/\"},{\"@type\":\"ListItem\",\"position\":3,\"name\":\"Witt Etna Rotante Pizza Oven Black\"}]},{\"@type\":\"WebSite\",\"@id\":\"https:\\\/\\\/www.greeneggtotaal.nl\\\/nl\\\/#website\",\"url\":\"https:\\\/\\\/www.greeneggtotaal.nl\\\/nl\\\/\",\"name\":\"greeneggtotaal.nl\",\"description\":\"D\u00e9 Big Green Egg Specialist\",\"publisher\":{\"@id\":\"https:\\\/\\\/www.greeneggtotaal.nl\\\/nl\\\/#organization\"},\"potentialAction\":[{\"@type\":\"SearchAction\",\"target\":{\"@type\":\"EntryPoint\",\"urlTemplate\":\"https:\\\/\\\/www.greeneggtotaal.nl\\\/nl\\\/?s={search_term_string}\"},\"query-input\":{\"@type\":\"PropertyValueSpecification\",\"valueRequired\":true,\"valueName\":\"search_term_string\"}}],\"inLanguage\":\"fr-FR\"},{\"@type\":\"Organization\",\"@id\":\"https:\\\/\\\/www.greeneggtotaal.nl\\\/nl\\\/#organization\",\"name\":\"Green Egg Totaal\",\"url\":\"https:\\\/\\\/www.greeneggtotaal.nl\\\/nl\\\/\",\"logo\":{\"@type\":\"ImageObject\",\"inLanguage\":\"fr-FR\",\"@id\":\"https:\\\/\\\/www.greeneggtotaal.nl\\\/nl\\\/#\\\/schema\\\/logo\\\/image\\\/\",\"url\":\"https:\\\/\\\/www.greeneggtotaal.nl\\\/wp-content\\\/uploads\\\/2025\\\/06\\\/Green-Egg-Totaal-Logo.png\",\"contentUrl\":\"https:\\\/\\\/www.greeneggtotaal.nl\\\/wp-content\\\/uploads\\\/2025\\\/06\\\/Green-Egg-Totaal-Logo.png\",\"width\":225,\"height\":95,\"caption\":\"Green Egg Totaal\"},\"image\":{\"@id\":\"https:\\\/\\\/www.greeneggtotaal.nl\\\/nl\\\/#\\\/schema\\\/logo\\\/image\\\/\"}}]}<\/script>\n<!-- \/ Yoast SEO Premium plugin. -->","yoast_head_json":{"title":"Witt Etna Rotante Four \u00e0 Pizza Noir","description":"Commandez tout pour le Big Green Egg chez GreenEggTotaal.nl - Command\u00e9 avant 16:00 ? Livraison gratuite demain. GreenEggTotaal.nl : Le sp\u00e9cialiste du Big Green Egg.","robots":{"index":"index","follow":"follow","max-snippet":"max-snippet:-1","max-image-preview":"max-image-preview:large","max-video-preview":"max-video-preview:-1"},"canonical":"https:\/\/www.greeneggtotaal.nl\/fr\/product\/witt-etna-four-a-pizza-rotatif-noir-accessoires-gratuits\/","og_locale":"fr_FR","og_type":"article","og_title":"Witt Etna Rotante Pizza Oven Black","og_description":"Bestel alles voor de Big Green Egg bij GreenEggTotaal.nl - Voor 16.00u besteld? Morgen gratis bezorgd. GreenEggTotaal.nl: D\u00e9 Big Green Egg Specialist.","og_url":"https:\/\/www.greeneggtotaal.nl\/fr\/product\/witt-etna-four-a-pizza-rotatif-noir-accessoires-gratuits\/","og_site_name":"GreenEggTotaal","article_modified_time":"2026-04-15T07:41:29+00:00","og_image":[{"width":500,"height":500,"url":"https:\/\/www.greeneggtotaal.nl\/wp-content\/uploads\/2025\/08\/1-13-2.webp","type":"image\/webp"}],"twitter_card":"summary_large_image","twitter_misc":{"Dur\u00e9e de lecture estim\u00e9e":"2 minutes"},"schema":{"@context":"https:\/\/schema.org","@graph":[{"@type":"WebPage","@id":"https:\/\/www.greeneggtotaal.nl\/product\/witt-etna-rotante-pizza-oven-black-gratis-accessoires\/","url":"https:\/\/www.greeneggtotaal.nl\/product\/witt-etna-rotante-pizza-oven-black-gratis-accessoires\/","name":"Witt Etna Rotante Four \u00e0 Pizza Noir","isPartOf":{"@id":"https:\/\/www.greeneggtotaal.nl\/nl\/#website"},"primaryImageOfPage":{"@id":"https:\/\/www.greeneggtotaal.nl\/product\/witt-etna-rotante-pizza-oven-black-gratis-accessoires\/#primaryimage"},"image":{"@id":"https:\/\/www.greeneggtotaal.nl\/product\/witt-etna-rotante-pizza-oven-black-gratis-accessoires\/#primaryimage"},"thumbnailUrl":"https:\/\/www.greeneggtotaal.nl\/wp-content\/uploads\/2025\/08\/1-13-2.webp","datePublished":"2025-08-01T11:42:47+00:00","dateModified":"2026-04-15T07:41:29+00:00","description":"Commandez tout pour le Big Green Egg chez GreenEggTotaal.nl - Command\u00e9 avant 16:00 ? Livraison gratuite demain. GreenEggTotaal.nl : Le sp\u00e9cialiste du Big Green Egg.","breadcrumb":{"@id":"https:\/\/www.greeneggtotaal.nl\/product\/witt-etna-rotante-pizza-oven-black-gratis-accessoires\/#breadcrumb"},"inLanguage":"fr-FR","potentialAction":[{"@type":"ReadAction","target":["https:\/\/www.greeneggtotaal.nl\/product\/witt-etna-rotante-pizza-oven-black-gratis-accessoires\/"]}]},{"@type":"ImageObject","inLanguage":"fr-FR","@id":"https:\/\/www.greeneggtotaal.nl\/product\/witt-etna-rotante-pizza-oven-black-gratis-accessoires\/#primaryimage","url":"https:\/\/www.greeneggtotaal.nl\/wp-content\/uploads\/2025\/08\/1-13-2.webp","contentUrl":"https:\/\/www.greeneggtotaal.nl\/wp-content\/uploads\/2025\/08\/1-13-2.webp","width":500,"height":500,"caption":"Witt Etna Rotante Pizza Oven Black"},{"@type":"BreadcrumbList","@id":"https:\/\/www.greeneggtotaal.nl\/product\/witt-etna-rotante-pizza-oven-black-gratis-accessoires\/#breadcrumb","itemListElement":[{"@type":"ListItem","position":1,"name":"Home","item":"https:\/\/www.greeneggtotaal.nl\/"},{"@type":"ListItem","position":2,"name":"Shop","item":"https:\/\/www.greeneggtotaal.nl\/nl\/shop\/"},{"@type":"ListItem","position":3,"name":"Witt Etna Rotante Pizza Oven Black"}]},{"@type":"WebSite","@id":"https:\/\/www.greeneggtotaal.nl\/nl\/#website","url":"https:\/\/www.greeneggtotaal.nl\/nl\/","name":"greeneggtotaal.nl","description":"Le sp\u00e9cialiste du Big Green Egg","publisher":{"@id":"https:\/\/www.greeneggtotaal.nl\/nl\/#organization"},"potentialAction":[{"@type":"SearchAction","target":{"@type":"EntryPoint","urlTemplate":"https:\/\/www.greeneggtotaal.nl\/nl\/?s={search_term_string}"},"query-input":{"@type":"PropertyValueSpecification","valueRequired":true,"valueName":"search_term_string"}}],"inLanguage":"fr-FR"},{"@type":"Organization","@id":"https:\/\/www.greeneggtotaal.nl\/nl\/#organization","name":"Green Egg Totaal","url":"https:\/\/www.greeneggtotaal.nl\/nl\/","logo":{"@type":"ImageObject","inLanguage":"fr-FR","@id":"https:\/\/www.greeneggtotaal.nl\/nl\/#\/schema\/logo\/image\/","url":"https:\/\/www.greeneggtotaal.nl\/wp-content\/uploads\/2025\/06\/Green-Egg-Totaal-Logo.png","contentUrl":"https:\/\/www.greeneggtotaal.nl\/wp-content\/uploads\/2025\/06\/Green-Egg-Totaal-Logo.png","width":225,"height":95,"caption":"Green Egg Totaal"},"image":{"@id":"https:\/\/www.greeneggtotaal.nl\/nl\/#\/schema\/logo\/image\/"}}]}},"_links":{"self":[{"href":"https:\/\/www.greeneggtotaal.nl\/fr\/wp-json\/wp\/v2\/product\/11325","targetHints":{"allow":["GET"]}}],"collection":[{"href":"https:\/\/www.greeneggtotaal.nl\/fr\/wp-json\/wp\/v2\/product"}],"about":[{"href":"https:\/\/www.greeneggtotaal.nl\/fr\/wp-json\/wp\/v2\/types\/product"}],"wp:featuredmedia":[{"embeddable":true,"href":"https:\/\/www.greeneggtotaal.nl\/fr\/wp-json\/wp\/v2\/media\/11324"}],"wp:attachment":[{"href":"https:\/\/www.greeneggtotaal.nl\/fr\/wp-json\/wp\/v2\/media?parent=11325"}],"wp:term":[{"taxonomy":"product_brand","embeddable":true,"href":"https:\/\/www.greeneggtotaal.nl\/fr\/wp-json\/wp\/v2\/product_brand?post=11325"},{"taxonomy":"product_cat","embeddable":true,"href":"https:\/\/www.greeneggtotaal.nl\/fr\/wp-json\/wp\/v2\/product_cat?post=11325"},{"taxonomy":"product_tag","embeddable":true,"href":"https:\/\/www.greeneggtotaal.nl\/fr\/wp-json\/wp\/v2\/product_tag?post=11325"}],"curies":[{"name":"wp","href":"https:\/\/api.w.org\/{rel}","templated":true}]}}