{"id":11460,"date":"2025-08-01T13:43:23","date_gmt":"2025-08-01T11:43:23","guid":{"rendered":"https:\/\/baselinkweb.nl\/greeneggtotaal\/product\/big-green-egg-egg-workspace-opstelling-1-medium\/"},"modified":"2026-01-05T16:30:08","modified_gmt":"2026-01-05T15:30:08","slug":"big-green-egg-workspace-setup-1-medium","status":"publish","type":"product","link":"https:\/\/www.greeneggtotaal.nl\/fr\/product\/big-green-egg-egg-workspace-opstelling-1-medium\/","title":{"rendered":"Big Green Egg EGG Espace de travail 1 moyen"},"content":{"rendered":"<p>Le nouveau syst\u00e8me de table modulaire de Big Green Egg est unique et enti\u00e8rement personnalisable. Encore plus de plaisir \u00e0 cuisiner et beaucoup plus d'espace de travail. Pour vous faciliter la t\u00e2che, nous avons configur\u00e9 diff\u00e9rentes configurations. Ainsi, vous ne devez rien faire vous-m\u00eame, mais le syst\u00e8me de table modulaire est imm\u00e9diatement assembl\u00e9 selon vos souhaits.<\/p>\n<p><strong>Ce set est compos\u00e9 de :<\/strong><\/p>\n<ul>\n<li>Cadre Big Green Egg moyen<\/li>\n<li>Cadre d'expansion Big Green Egg<\/li>\n<li>Insert en bois d'acacia Big Green Egg<\/li>\n<li>Insert en acier inoxydable Big Green Egg<\/li>\n<li>2x Big Green Egg Grille en acier inoxydable<\/li>\n<li>3x Kit de roulettes (6 roulettes au total)<\/li>\n<\/ul>","protected":false},"excerpt":{"rendered":"<p>Het nieuwe modulaire tafelsysteem van Big Green Egg is uniek en helemaal zelf samen te stellen. Nog meer kookplezier en bovendien veel meer werkruimte. Om het je gemakkelijk te maken hebben we diverse opstellingen voor je geconfigureerd. Zo hoef je niet zelf aan de slag maar is het modulaire tafelsysteem direct volgens jouw wens samengesteld. [&hellip;]<\/p>\n","protected":false},"featured_media":11459,"template":"","meta":[],"product_brand":[229],"product_cat":[135],"product_tag":[],"class_list":{"0":"post-11460","1":"product","2":"type-product","3":"status-publish","4":"has-post-thumbnail","6":"product_brand-big-green-egg","7":"product_cat-egg-workspace","9":"first","10":"instock","11":"taxable","12":"shipping-taxable","13":"purchasable","14":"product-type-composite"},"yoast_head":"<!-- This site is optimized with the Yoast SEO Premium plugin v27.4 (Yoast SEO v27.4) - https:\/\/yoast.com\/product\/yoast-seo-premium-wordpress\/ -->\n<title>Big Green Egg EGG Workspace Opstelling 1 Medium<\/title>\n<meta name=\"description\" content=\"Het nieuwe modulaire tafelsysteem van Big Green Egg is uniek en helemaal zelf samen te stellen. Nog meer kookplezier en bovendien veel meer werkruimte.\" \/>\n<meta name=\"robots\" content=\"index, follow, max-snippet:-1, max-image-preview:large, max-video-preview:-1\" \/>\n<link rel=\"canonical\" href=\"https:\/\/www.greeneggtotaal.nl\/fr\/product\/big-green-egg-workspace-setup-1-medium\/\" \/>\n<meta property=\"og:locale\" content=\"fr_FR\" \/>\n<meta property=\"og:type\" content=\"article\" \/>\n<meta property=\"og:title\" content=\"Big Green Egg EGG Workspace Opstelling 1 Medium\" \/>\n<meta property=\"og:description\" content=\"Het nieuwe modulaire tafelsysteem van Big Green Egg is uniek en helemaal zelf samen te stellen. Nog meer kookplezier en bovendien veel meer werkruimte.\" \/>\n<meta property=\"og:url\" content=\"https:\/\/www.greeneggtotaal.nl\/fr\/product\/big-green-egg-workspace-setup-1-medium\/\" \/>\n<meta property=\"og:site_name\" content=\"GreenEggTotaal\" \/>\n<meta property=\"article:modified_time\" content=\"2026-01-05T15:30:08+00:00\" \/>\n<meta property=\"og:image\" content=\"https:\/\/www.greeneggtotaal.nl\/wp-content\/uploads\/2025\/08\/ontwerp-zonder-titel-2024-01-12t112458.563.webp\" \/>\n\t<meta property=\"og:image:width\" content=\"500\" \/>\n\t<meta property=\"og:image:height\" content=\"500\" \/>\n\t<meta property=\"og:image:type\" content=\"image\/webp\" \/>\n<meta name=\"twitter:card\" content=\"summary_large_image\" \/>\n<meta name=\"twitter:label1\" content=\"Dur\u00e9e de lecture estim\u00e9e\" \/>\n\t<meta name=\"twitter:data1\" content=\"1 minute\" \/>\n<script type=\"application\/ld+json\" class=\"yoast-schema-graph\">{\"@context\":\"https:\\\/\\\/schema.org\",\"@graph\":[{\"@type\":\"WebPage\",\"@id\":\"https:\\\/\\\/www.greeneggtotaal.nl\\\/product\\\/big-green-egg-egg-workspace-opstelling-1-medium\\\/\",\"url\":\"https:\\\/\\\/www.greeneggtotaal.nl\\\/product\\\/big-green-egg-egg-workspace-opstelling-1-medium\\\/\",\"name\":\"Big Green Egg EGG Workspace Opstelling 1 Medium\",\"isPartOf\":{\"@id\":\"https:\\\/\\\/www.greeneggtotaal.nl\\\/nl\\\/#website\"},\"primaryImageOfPage\":{\"@id\":\"https:\\\/\\\/www.greeneggtotaal.nl\\\/product\\\/big-green-egg-egg-workspace-opstelling-1-medium\\\/#primaryimage\"},\"image\":{\"@id\":\"https:\\\/\\\/www.greeneggtotaal.nl\\\/product\\\/big-green-egg-egg-workspace-opstelling-1-medium\\\/#primaryimage\"},\"thumbnailUrl\":\"https:\\\/\\\/www.greeneggtotaal.nl\\\/wp-content\\\/uploads\\\/2025\\\/08\\\/ontwerp-zonder-titel-2024-01-12t112458.563.webp\",\"datePublished\":\"2025-08-01T11:43:23+00:00\",\"dateModified\":\"2026-01-05T15:30:08+00:00\",\"description\":\"Het nieuwe modulaire tafelsysteem van Big Green Egg is uniek en helemaal zelf samen te stellen. Nog meer kookplezier en bovendien veel meer werkruimte.\",\"breadcrumb\":{\"@id\":\"https:\\\/\\\/www.greeneggtotaal.nl\\\/product\\\/big-green-egg-egg-workspace-opstelling-1-medium\\\/#breadcrumb\"},\"inLanguage\":\"fr-FR\",\"potentialAction\":[{\"@type\":\"ReadAction\",\"target\":[\"https:\\\/\\\/www.greeneggtotaal.nl\\\/product\\\/big-green-egg-egg-workspace-opstelling-1-medium\\\/\"]}]},{\"@type\":\"ImageObject\",\"inLanguage\":\"fr-FR\",\"@id\":\"https:\\\/\\\/www.greeneggtotaal.nl\\\/product\\\/big-green-egg-egg-workspace-opstelling-1-medium\\\/#primaryimage\",\"url\":\"https:\\\/\\\/www.greeneggtotaal.nl\\\/wp-content\\\/uploads\\\/2025\\\/08\\\/ontwerp-zonder-titel-2024-01-12t112458.563.webp\",\"contentUrl\":\"https:\\\/\\\/www.greeneggtotaal.nl\\\/wp-content\\\/uploads\\\/2025\\\/08\\\/ontwerp-zonder-titel-2024-01-12t112458.563.webp\",\"width\":500,\"height\":500,\"caption\":\"Big Green Egg EGG Workspace Opstelling 1 Medium\"},{\"@type\":\"BreadcrumbList\",\"@id\":\"https:\\\/\\\/www.greeneggtotaal.nl\\\/product\\\/big-green-egg-egg-workspace-opstelling-1-medium\\\/#breadcrumb\",\"itemListElement\":[{\"@type\":\"ListItem\",\"position\":1,\"name\":\"Home\",\"item\":\"https:\\\/\\\/www.greeneggtotaal.nl\\\/\"},{\"@type\":\"ListItem\",\"position\":2,\"name\":\"Shop\",\"item\":\"https:\\\/\\\/www.greeneggtotaal.nl\\\/nl\\\/shop\\\/\"},{\"@type\":\"ListItem\",\"position\":3,\"name\":\"Big Green Egg EGG Workspace Opstelling 1 Medium\"}]},{\"@type\":\"WebSite\",\"@id\":\"https:\\\/\\\/www.greeneggtotaal.nl\\\/nl\\\/#website\",\"url\":\"https:\\\/\\\/www.greeneggtotaal.nl\\\/nl\\\/\",\"name\":\"greeneggtotaal.nl\",\"description\":\"D\u00e9 Big Green Egg Specialist\",\"publisher\":{\"@id\":\"https:\\\/\\\/www.greeneggtotaal.nl\\\/nl\\\/#organization\"},\"potentialAction\":[{\"@type\":\"SearchAction\",\"target\":{\"@type\":\"EntryPoint\",\"urlTemplate\":\"https:\\\/\\\/www.greeneggtotaal.nl\\\/nl\\\/?s={search_term_string}\"},\"query-input\":{\"@type\":\"PropertyValueSpecification\",\"valueRequired\":true,\"valueName\":\"search_term_string\"}}],\"inLanguage\":\"fr-FR\"},{\"@type\":\"Organization\",\"@id\":\"https:\\\/\\\/www.greeneggtotaal.nl\\\/nl\\\/#organization\",\"name\":\"Green Egg Totaal\",\"url\":\"https:\\\/\\\/www.greeneggtotaal.nl\\\/nl\\\/\",\"logo\":{\"@type\":\"ImageObject\",\"inLanguage\":\"fr-FR\",\"@id\":\"https:\\\/\\\/www.greeneggtotaal.nl\\\/nl\\\/#\\\/schema\\\/logo\\\/image\\\/\",\"url\":\"https:\\\/\\\/www.greeneggtotaal.nl\\\/wp-content\\\/uploads\\\/2025\\\/06\\\/Green-Egg-Totaal-Logo.png\",\"contentUrl\":\"https:\\\/\\\/www.greeneggtotaal.nl\\\/wp-content\\\/uploads\\\/2025\\\/06\\\/Green-Egg-Totaal-Logo.png\",\"width\":225,\"height\":95,\"caption\":\"Green Egg Totaal\"},\"image\":{\"@id\":\"https:\\\/\\\/www.greeneggtotaal.nl\\\/nl\\\/#\\\/schema\\\/logo\\\/image\\\/\"}}]}<\/script>\n<!-- \/ Yoast SEO Premium plugin. -->","yoast_head_json":{"title":"Big Green Egg EGG Espace de travail 1 moyen","description":"Le nouveau syst\u00e8me de tables modulaires de Big Green Egg est unique et enti\u00e8rement personnalisable. Encore plus de plaisir \u00e0 cuisiner et beaucoup plus d'espace de travail.","robots":{"index":"index","follow":"follow","max-snippet":"max-snippet:-1","max-image-preview":"max-image-preview:large","max-video-preview":"max-video-preview:-1"},"canonical":"https:\/\/www.greeneggtotaal.nl\/fr\/product\/big-green-egg-workspace-setup-1-medium\/","og_locale":"fr_FR","og_type":"article","og_title":"Big Green Egg EGG Workspace Opstelling 1 Medium","og_description":"Het nieuwe modulaire tafelsysteem van Big Green Egg is uniek en helemaal zelf samen te stellen. Nog meer kookplezier en bovendien veel meer werkruimte.","og_url":"https:\/\/www.greeneggtotaal.nl\/fr\/product\/big-green-egg-workspace-setup-1-medium\/","og_site_name":"GreenEggTotaal","article_modified_time":"2026-01-05T15:30:08+00:00","og_image":[{"width":500,"height":500,"url":"https:\/\/www.greeneggtotaal.nl\/wp-content\/uploads\/2025\/08\/ontwerp-zonder-titel-2024-01-12t112458.563.webp","type":"image\/webp"}],"twitter_card":"summary_large_image","twitter_misc":{"Dur\u00e9e de lecture estim\u00e9e":"1 minute"},"schema":{"@context":"https:\/\/schema.org","@graph":[{"@type":"WebPage","@id":"https:\/\/www.greeneggtotaal.nl\/product\/big-green-egg-egg-workspace-opstelling-1-medium\/","url":"https:\/\/www.greeneggtotaal.nl\/product\/big-green-egg-egg-workspace-opstelling-1-medium\/","name":"Big Green Egg EGG Espace de travail 1 moyen","isPartOf":{"@id":"https:\/\/www.greeneggtotaal.nl\/nl\/#website"},"primaryImageOfPage":{"@id":"https:\/\/www.greeneggtotaal.nl\/product\/big-green-egg-egg-workspace-opstelling-1-medium\/#primaryimage"},"image":{"@id":"https:\/\/www.greeneggtotaal.nl\/product\/big-green-egg-egg-workspace-opstelling-1-medium\/#primaryimage"},"thumbnailUrl":"https:\/\/www.greeneggtotaal.nl\/wp-content\/uploads\/2025\/08\/ontwerp-zonder-titel-2024-01-12t112458.563.webp","datePublished":"2025-08-01T11:43:23+00:00","dateModified":"2026-01-05T15:30:08+00:00","description":"Le nouveau syst\u00e8me de tables modulaires de Big Green Egg est unique et enti\u00e8rement personnalisable. Encore plus de plaisir \u00e0 cuisiner et beaucoup plus d'espace de travail.","breadcrumb":{"@id":"https:\/\/www.greeneggtotaal.nl\/product\/big-green-egg-egg-workspace-opstelling-1-medium\/#breadcrumb"},"inLanguage":"fr-FR","potentialAction":[{"@type":"ReadAction","target":["https:\/\/www.greeneggtotaal.nl\/product\/big-green-egg-egg-workspace-opstelling-1-medium\/"]}]},{"@type":"ImageObject","inLanguage":"fr-FR","@id":"https:\/\/www.greeneggtotaal.nl\/product\/big-green-egg-egg-workspace-opstelling-1-medium\/#primaryimage","url":"https:\/\/www.greeneggtotaal.nl\/wp-content\/uploads\/2025\/08\/ontwerp-zonder-titel-2024-01-12t112458.563.webp","contentUrl":"https:\/\/www.greeneggtotaal.nl\/wp-content\/uploads\/2025\/08\/ontwerp-zonder-titel-2024-01-12t112458.563.webp","width":500,"height":500,"caption":"Big Green Egg EGG Workspace Opstelling 1 Medium"},{"@type":"BreadcrumbList","@id":"https:\/\/www.greeneggtotaal.nl\/product\/big-green-egg-egg-workspace-opstelling-1-medium\/#breadcrumb","itemListElement":[{"@type":"ListItem","position":1,"name":"Home","item":"https:\/\/www.greeneggtotaal.nl\/"},{"@type":"ListItem","position":2,"name":"Shop","item":"https:\/\/www.greeneggtotaal.nl\/nl\/shop\/"},{"@type":"ListItem","position":3,"name":"Big Green Egg EGG Workspace Opstelling 1 Medium"}]},{"@type":"WebSite","@id":"https:\/\/www.greeneggtotaal.nl\/nl\/#website","url":"https:\/\/www.greeneggtotaal.nl\/nl\/","name":"greeneggtotaal.nl","description":"Le sp\u00e9cialiste du Big Green Egg","publisher":{"@id":"https:\/\/www.greeneggtotaal.nl\/nl\/#organization"},"potentialAction":[{"@type":"SearchAction","target":{"@type":"EntryPoint","urlTemplate":"https:\/\/www.greeneggtotaal.nl\/nl\/?s={search_term_string}"},"query-input":{"@type":"PropertyValueSpecification","valueRequired":true,"valueName":"search_term_string"}}],"inLanguage":"fr-FR"},{"@type":"Organization","@id":"https:\/\/www.greeneggtotaal.nl\/nl\/#organization","name":"Green Egg Totaal","url":"https:\/\/www.greeneggtotaal.nl\/nl\/","logo":{"@type":"ImageObject","inLanguage":"fr-FR","@id":"https:\/\/www.greeneggtotaal.nl\/nl\/#\/schema\/logo\/image\/","url":"https:\/\/www.greeneggtotaal.nl\/wp-content\/uploads\/2025\/06\/Green-Egg-Totaal-Logo.png","contentUrl":"https:\/\/www.greeneggtotaal.nl\/wp-content\/uploads\/2025\/06\/Green-Egg-Totaal-Logo.png","width":225,"height":95,"caption":"Green Egg Totaal"},"image":{"@id":"https:\/\/www.greeneggtotaal.nl\/nl\/#\/schema\/logo\/image\/"}}]}},"_links":{"self":[{"href":"https:\/\/www.greeneggtotaal.nl\/fr\/wp-json\/wp\/v2\/product\/11460","targetHints":{"allow":["GET"]}}],"collection":[{"href":"https:\/\/www.greeneggtotaal.nl\/fr\/wp-json\/wp\/v2\/product"}],"about":[{"href":"https:\/\/www.greeneggtotaal.nl\/fr\/wp-json\/wp\/v2\/types\/product"}],"wp:featuredmedia":[{"embeddable":true,"href":"https:\/\/www.greeneggtotaal.nl\/fr\/wp-json\/wp\/v2\/media\/11459"}],"wp:attachment":[{"href":"https:\/\/www.greeneggtotaal.nl\/fr\/wp-json\/wp\/v2\/media?parent=11460"}],"wp:term":[{"taxonomy":"product_brand","embeddable":true,"href":"https:\/\/www.greeneggtotaal.nl\/fr\/wp-json\/wp\/v2\/product_brand?post=11460"},{"taxonomy":"product_cat","embeddable":true,"href":"https:\/\/www.greeneggtotaal.nl\/fr\/wp-json\/wp\/v2\/product_cat?post=11460"},{"taxonomy":"product_tag","embeddable":true,"href":"https:\/\/www.greeneggtotaal.nl\/fr\/wp-json\/wp\/v2\/product_tag?post=11460"}],"curies":[{"name":"wp","href":"https:\/\/api.w.org\/{rel}","templated":true}]}}