{"id":11537,"date":"2025-08-01T13:43:38","date_gmt":"2025-08-01T11:43:38","guid":{"rendered":"https:\/\/baselinkweb.nl\/greeneggtotaal\/product\/fraaii-buitenkeuken-bamboo-graphite-storage-xl\/"},"modified":"2026-03-30T11:08:08","modified_gmt":"2026-03-30T09:08:08","slug":"belle-cuisine-exterieure-bambou-graphite-rangement-xl","status":"publish","type":"product","link":"https:\/\/www.greeneggtotaal.nl\/fr\/product\/fraaii-buitenkeuken-bamboo-graphite-storage-xl\/","title":{"rendered":"Magnifique cuisine ext\u00e9rieure Bamboo Graphite Storage XL + plan de travail Dekton"},"content":{"rendered":"<p>La cuisine ext\u00e9rieure Fraaii Bamboo Graphite Storage XL + Dekton Worktop combine un design \u00e9l\u00e9gant avec des mat\u00e9riaux durables et une utilisation pratique. Le cadre en acier peint par poudrage a une texture fine et est doublement rev\u00eatu. Il constitue une base solide et r\u00e9sistante aux intemp\u00e9ries, adapt\u00e9e \u00e0 un usage ext\u00e9rieur intensif. Le plan de travail est en Dekton Sirius. Ce mat\u00e9riau r\u00e9siste aux temp\u00e9ratures \u00e9lev\u00e9es, ne se d\u00e9colore pas \u00e0 la lumi\u00e8re du soleil et est tr\u00e8s r\u00e9sistant aux rayures. En outre, il est facile \u00e0 nettoyer avec un produit de nettoyage de cuisine standard.<\/p>\n<p>La finition en bois de bambou de couleur graphite donne \u00e0 la cuisine ext\u00e9rieure un aspect moderne et luxueux. Le bambou est solide, durable et constitue une alternative \u00e9cologique au bois dur. Le traitement avec une huile protectrice rend le mat\u00e9riau plus r\u00e9sistant \u00e0 l'humidit\u00e9 et aux diverses conditions m\u00e9t\u00e9orologiques. Pour plus de commodit\u00e9, il existe des options telles qu'un plateau interm\u00e9diaire et un tiroir sous le kamado. Pratique pour ranger les accessoires. Une housse de protection est \u00e9galement disponible pour prot\u00e9ger la cuisine lorsqu'elle n'est pas utilis\u00e9e.<\/p>\n<p>La cuisine d'ext\u00e9rieur est \u00e9quip\u00e9e de quatre roulettes. Les deux roues avant sont munies d'un frein qui permet \u00e0 la cuisine de rester debout pendant l'utilisation.<\/p>\n<p><strong>Dimensions<\/strong><br \/>\nLargeur : 185 cm<br \/>\nProfondeur : 85 cm<br \/>\nHauteur : 90 cm<\/p>","protected":false},"excerpt":{"rendered":"<p>De Fraaii Buitenkeuken Bamboo Graphite Storage XL + Dekton Werkblad combineert een strak ontwerp met duurzame materialen en praktisch gebruik. Het gepoedercoate stalen frame heeft een fijne structuur en is dubbel gecoat. Dit zorgt voor een sterke, weerbestendige basis die geschikt is voor intensief buitengebruik. Het werkblad is uitgevoerd in Dekton Sirius. Dit materiaal is [&hellip;]<\/p>\n","protected":false},"featured_media":11522,"template":"","meta":[],"product_brand":[223],"product_cat":[58],"product_tag":[],"class_list":{"0":"post-11537","1":"product","2":"type-product","3":"status-publish","4":"has-post-thumbnail","6":"product_brand-fraaii","7":"product_cat-fraaii-buitenkeukens-modellen","9":"first","10":"instock","11":"taxable","12":"shipping-taxable","13":"purchasable","14":"product-type-composite"},"yoast_head":"<!-- This site is optimized with the Yoast SEO Premium plugin v27.4 (Yoast SEO v27.4) - https:\/\/yoast.com\/product\/yoast-seo-premium-wordpress\/ -->\n<title>Buitenkeuken Bamboo Graphite Storage XL + Dekton Werkblad<\/title>\n<meta name=\"description\" content=\"De Fraaii Buitenkeuken Bamboo Graphite Rhombus Inferno + Dekton Werkblad is een mooie toevoeging voor elke tuin. GreenEggTotaal\" \/>\n<meta name=\"robots\" content=\"index, follow, max-snippet:-1, max-image-preview:large, max-video-preview:-1\" \/>\n<link rel=\"canonical\" href=\"https:\/\/www.greeneggtotaal.nl\/fr\/product\/belle-cuisine-exterieure-bambou-graphite-rangement-xl\/\" \/>\n<meta property=\"og:locale\" content=\"fr_FR\" \/>\n<meta property=\"og:type\" content=\"article\" \/>\n<meta property=\"og:title\" content=\"Fraaii Buitenkeuken Bamboo Graphite Storage XL + Dekton Werkblad\" \/>\n<meta property=\"og:description\" content=\"De Fraaii Buitenkeuken Bamboo Graphite Rhombus Inferno + Dekton Werkblad is een mooie toevoeging voor elke tuin. GreenEggTotaal\" \/>\n<meta property=\"og:url\" content=\"https:\/\/www.greeneggtotaal.nl\/fr\/product\/belle-cuisine-exterieure-bambou-graphite-rangement-xl\/\" \/>\n<meta property=\"og:site_name\" content=\"GreenEggTotaal\" \/>\n<meta property=\"article:modified_time\" content=\"2026-03-30T09:08:08+00:00\" \/>\n<meta property=\"og:image\" content=\"https:\/\/www.greeneggtotaal.nl\/wp-content\/uploads\/2025\/08\/9424green-egg-totaal-1.webp\" \/>\n\t<meta property=\"og:image:width\" content=\"500\" \/>\n\t<meta property=\"og:image:height\" content=\"500\" \/>\n\t<meta property=\"og:image:type\" content=\"image\/webp\" \/>\n<meta name=\"twitter:card\" content=\"summary_large_image\" \/>\n<meta name=\"twitter:label1\" content=\"Dur\u00e9e de lecture estim\u00e9e\" \/>\n\t<meta name=\"twitter:data1\" content=\"2 minutes\" \/>\n<script type=\"application\/ld+json\" class=\"yoast-schema-graph\">{\"@context\":\"https:\\\/\\\/schema.org\",\"@graph\":[{\"@type\":\"WebPage\",\"@id\":\"https:\\\/\\\/www.greeneggtotaal.nl\\\/product\\\/fraaii-buitenkeuken-bamboo-graphite-storage-xl\\\/\",\"url\":\"https:\\\/\\\/www.greeneggtotaal.nl\\\/product\\\/fraaii-buitenkeuken-bamboo-graphite-storage-xl\\\/\",\"name\":\"Buitenkeuken Bamboo Graphite Storage XL + Dekton Werkblad\",\"isPartOf\":{\"@id\":\"https:\\\/\\\/www.greeneggtotaal.nl\\\/nl\\\/#website\"},\"primaryImageOfPage\":{\"@id\":\"https:\\\/\\\/www.greeneggtotaal.nl\\\/product\\\/fraaii-buitenkeuken-bamboo-graphite-storage-xl\\\/#primaryimage\"},\"image\":{\"@id\":\"https:\\\/\\\/www.greeneggtotaal.nl\\\/product\\\/fraaii-buitenkeuken-bamboo-graphite-storage-xl\\\/#primaryimage\"},\"thumbnailUrl\":\"https:\\\/\\\/www.greeneggtotaal.nl\\\/wp-content\\\/uploads\\\/2025\\\/08\\\/9424green-egg-totaal-1.webp\",\"datePublished\":\"2025-08-01T11:43:38+00:00\",\"dateModified\":\"2026-03-30T09:08:08+00:00\",\"description\":\"De Fraaii Buitenkeuken Bamboo Graphite Rhombus Inferno + Dekton Werkblad is een mooie toevoeging voor elke tuin. GreenEggTotaal\",\"breadcrumb\":{\"@id\":\"https:\\\/\\\/www.greeneggtotaal.nl\\\/product\\\/fraaii-buitenkeuken-bamboo-graphite-storage-xl\\\/#breadcrumb\"},\"inLanguage\":\"fr-FR\",\"potentialAction\":[{\"@type\":\"ReadAction\",\"target\":[\"https:\\\/\\\/www.greeneggtotaal.nl\\\/product\\\/fraaii-buitenkeuken-bamboo-graphite-storage-xl\\\/\"]}]},{\"@type\":\"ImageObject\",\"inLanguage\":\"fr-FR\",\"@id\":\"https:\\\/\\\/www.greeneggtotaal.nl\\\/product\\\/fraaii-buitenkeuken-bamboo-graphite-storage-xl\\\/#primaryimage\",\"url\":\"https:\\\/\\\/www.greeneggtotaal.nl\\\/wp-content\\\/uploads\\\/2025\\\/08\\\/9424green-egg-totaal-1.webp\",\"contentUrl\":\"https:\\\/\\\/www.greeneggtotaal.nl\\\/wp-content\\\/uploads\\\/2025\\\/08\\\/9424green-egg-totaal-1.webp\",\"width\":500,\"height\":500,\"caption\":\"Fraaii Buitenkeuken Bamboo Graphite Storage XL + Dekton Werkblad\"},{\"@type\":\"BreadcrumbList\",\"@id\":\"https:\\\/\\\/www.greeneggtotaal.nl\\\/product\\\/fraaii-buitenkeuken-bamboo-graphite-storage-xl\\\/#breadcrumb\",\"itemListElement\":[{\"@type\":\"ListItem\",\"position\":1,\"name\":\"Home\",\"item\":\"https:\\\/\\\/www.greeneggtotaal.nl\\\/\"},{\"@type\":\"ListItem\",\"position\":2,\"name\":\"Shop\",\"item\":\"https:\\\/\\\/www.greeneggtotaal.nl\\\/nl\\\/shop\\\/\"},{\"@type\":\"ListItem\",\"position\":3,\"name\":\"Fraaii Buitenkeuken Bamboo Graphite Storage XL + Dekton Werkblad\"}]},{\"@type\":\"WebSite\",\"@id\":\"https:\\\/\\\/www.greeneggtotaal.nl\\\/nl\\\/#website\",\"url\":\"https:\\\/\\\/www.greeneggtotaal.nl\\\/nl\\\/\",\"name\":\"greeneggtotaal.nl\",\"description\":\"D\u00e9 Big Green Egg Specialist\",\"publisher\":{\"@id\":\"https:\\\/\\\/www.greeneggtotaal.nl\\\/nl\\\/#organization\"},\"potentialAction\":[{\"@type\":\"SearchAction\",\"target\":{\"@type\":\"EntryPoint\",\"urlTemplate\":\"https:\\\/\\\/www.greeneggtotaal.nl\\\/nl\\\/?s={search_term_string}\"},\"query-input\":{\"@type\":\"PropertyValueSpecification\",\"valueRequired\":true,\"valueName\":\"search_term_string\"}}],\"inLanguage\":\"fr-FR\"},{\"@type\":\"Organization\",\"@id\":\"https:\\\/\\\/www.greeneggtotaal.nl\\\/nl\\\/#organization\",\"name\":\"Green Egg Totaal\",\"url\":\"https:\\\/\\\/www.greeneggtotaal.nl\\\/nl\\\/\",\"logo\":{\"@type\":\"ImageObject\",\"inLanguage\":\"fr-FR\",\"@id\":\"https:\\\/\\\/www.greeneggtotaal.nl\\\/nl\\\/#\\\/schema\\\/logo\\\/image\\\/\",\"url\":\"https:\\\/\\\/www.greeneggtotaal.nl\\\/wp-content\\\/uploads\\\/2025\\\/06\\\/Green-Egg-Totaal-Logo.png\",\"contentUrl\":\"https:\\\/\\\/www.greeneggtotaal.nl\\\/wp-content\\\/uploads\\\/2025\\\/06\\\/Green-Egg-Totaal-Logo.png\",\"width\":225,\"height\":95,\"caption\":\"Green Egg Totaal\"},\"image\":{\"@id\":\"https:\\\/\\\/www.greeneggtotaal.nl\\\/nl\\\/#\\\/schema\\\/logo\\\/image\\\/\"}}]}<\/script>\n<!-- \/ Yoast SEO Premium plugin. -->","yoast_head_json":{"title":"Cuisine ext\u00e9rieure Bamboo Graphite Storage XL + plan de travail Dekton","description":"La belle cuisine d'ext\u00e9rieur Bamboo Graphite Rhombus Inferno + plan de travail Dekton est un bel ajout \u00e0 tout jardin. GreenEggTotaal","robots":{"index":"index","follow":"follow","max-snippet":"max-snippet:-1","max-image-preview":"max-image-preview:large","max-video-preview":"max-video-preview:-1"},"canonical":"https:\/\/www.greeneggtotaal.nl\/fr\/product\/belle-cuisine-exterieure-bambou-graphite-rangement-xl\/","og_locale":"fr_FR","og_type":"article","og_title":"Fraaii Buitenkeuken Bamboo Graphite Storage XL + Dekton Werkblad","og_description":"De Fraaii Buitenkeuken Bamboo Graphite Rhombus Inferno + Dekton Werkblad is een mooie toevoeging voor elke tuin. GreenEggTotaal","og_url":"https:\/\/www.greeneggtotaal.nl\/fr\/product\/belle-cuisine-exterieure-bambou-graphite-rangement-xl\/","og_site_name":"GreenEggTotaal","article_modified_time":"2026-03-30T09:08:08+00:00","og_image":[{"width":500,"height":500,"url":"https:\/\/www.greeneggtotaal.nl\/wp-content\/uploads\/2025\/08\/9424green-egg-totaal-1.webp","type":"image\/webp"}],"twitter_card":"summary_large_image","twitter_misc":{"Dur\u00e9e de lecture estim\u00e9e":"2 minutes"},"schema":{"@context":"https:\/\/schema.org","@graph":[{"@type":"WebPage","@id":"https:\/\/www.greeneggtotaal.nl\/product\/fraaii-buitenkeuken-bamboo-graphite-storage-xl\/","url":"https:\/\/www.greeneggtotaal.nl\/product\/fraaii-buitenkeuken-bamboo-graphite-storage-xl\/","name":"Cuisine ext\u00e9rieure Bamboo Graphite Storage XL + plan de travail Dekton","isPartOf":{"@id":"https:\/\/www.greeneggtotaal.nl\/nl\/#website"},"primaryImageOfPage":{"@id":"https:\/\/www.greeneggtotaal.nl\/product\/fraaii-buitenkeuken-bamboo-graphite-storage-xl\/#primaryimage"},"image":{"@id":"https:\/\/www.greeneggtotaal.nl\/product\/fraaii-buitenkeuken-bamboo-graphite-storage-xl\/#primaryimage"},"thumbnailUrl":"https:\/\/www.greeneggtotaal.nl\/wp-content\/uploads\/2025\/08\/9424green-egg-totaal-1.webp","datePublished":"2025-08-01T11:43:38+00:00","dateModified":"2026-03-30T09:08:08+00:00","description":"La belle cuisine d'ext\u00e9rieur Bamboo Graphite Rhombus Inferno + plan de travail Dekton est un bel ajout \u00e0 tout jardin. GreenEggTotaal","breadcrumb":{"@id":"https:\/\/www.greeneggtotaal.nl\/product\/fraaii-buitenkeuken-bamboo-graphite-storage-xl\/#breadcrumb"},"inLanguage":"fr-FR","potentialAction":[{"@type":"ReadAction","target":["https:\/\/www.greeneggtotaal.nl\/product\/fraaii-buitenkeuken-bamboo-graphite-storage-xl\/"]}]},{"@type":"ImageObject","inLanguage":"fr-FR","@id":"https:\/\/www.greeneggtotaal.nl\/product\/fraaii-buitenkeuken-bamboo-graphite-storage-xl\/#primaryimage","url":"https:\/\/www.greeneggtotaal.nl\/wp-content\/uploads\/2025\/08\/9424green-egg-totaal-1.webp","contentUrl":"https:\/\/www.greeneggtotaal.nl\/wp-content\/uploads\/2025\/08\/9424green-egg-totaal-1.webp","width":500,"height":500,"caption":"Fraaii Buitenkeuken Bamboo Graphite Storage XL + Dekton Werkblad"},{"@type":"BreadcrumbList","@id":"https:\/\/www.greeneggtotaal.nl\/product\/fraaii-buitenkeuken-bamboo-graphite-storage-xl\/#breadcrumb","itemListElement":[{"@type":"ListItem","position":1,"name":"Home","item":"https:\/\/www.greeneggtotaal.nl\/"},{"@type":"ListItem","position":2,"name":"Shop","item":"https:\/\/www.greeneggtotaal.nl\/nl\/shop\/"},{"@type":"ListItem","position":3,"name":"Fraaii Buitenkeuken Bamboo Graphite Storage XL + Dekton Werkblad"}]},{"@type":"WebSite","@id":"https:\/\/www.greeneggtotaal.nl\/nl\/#website","url":"https:\/\/www.greeneggtotaal.nl\/nl\/","name":"greeneggtotaal.nl","description":"Le sp\u00e9cialiste du Big Green Egg","publisher":{"@id":"https:\/\/www.greeneggtotaal.nl\/nl\/#organization"},"potentialAction":[{"@type":"SearchAction","target":{"@type":"EntryPoint","urlTemplate":"https:\/\/www.greeneggtotaal.nl\/nl\/?s={search_term_string}"},"query-input":{"@type":"PropertyValueSpecification","valueRequired":true,"valueName":"search_term_string"}}],"inLanguage":"fr-FR"},{"@type":"Organization","@id":"https:\/\/www.greeneggtotaal.nl\/nl\/#organization","name":"Green Egg Totaal","url":"https:\/\/www.greeneggtotaal.nl\/nl\/","logo":{"@type":"ImageObject","inLanguage":"fr-FR","@id":"https:\/\/www.greeneggtotaal.nl\/nl\/#\/schema\/logo\/image\/","url":"https:\/\/www.greeneggtotaal.nl\/wp-content\/uploads\/2025\/06\/Green-Egg-Totaal-Logo.png","contentUrl":"https:\/\/www.greeneggtotaal.nl\/wp-content\/uploads\/2025\/06\/Green-Egg-Totaal-Logo.png","width":225,"height":95,"caption":"Green Egg Totaal"},"image":{"@id":"https:\/\/www.greeneggtotaal.nl\/nl\/#\/schema\/logo\/image\/"}}]}},"_links":{"self":[{"href":"https:\/\/www.greeneggtotaal.nl\/fr\/wp-json\/wp\/v2\/product\/11537","targetHints":{"allow":["GET"]}}],"collection":[{"href":"https:\/\/www.greeneggtotaal.nl\/fr\/wp-json\/wp\/v2\/product"}],"about":[{"href":"https:\/\/www.greeneggtotaal.nl\/fr\/wp-json\/wp\/v2\/types\/product"}],"wp:featuredmedia":[{"embeddable":true,"href":"https:\/\/www.greeneggtotaal.nl\/fr\/wp-json\/wp\/v2\/media\/11522"}],"wp:attachment":[{"href":"https:\/\/www.greeneggtotaal.nl\/fr\/wp-json\/wp\/v2\/media?parent=11537"}],"wp:term":[{"taxonomy":"product_brand","embeddable":true,"href":"https:\/\/www.greeneggtotaal.nl\/fr\/wp-json\/wp\/v2\/product_brand?post=11537"},{"taxonomy":"product_cat","embeddable":true,"href":"https:\/\/www.greeneggtotaal.nl\/fr\/wp-json\/wp\/v2\/product_cat?post=11537"},{"taxonomy":"product_tag","embeddable":true,"href":"https:\/\/www.greeneggtotaal.nl\/fr\/wp-json\/wp\/v2\/product_tag?post=11537"}],"curies":[{"name":"wp","href":"https:\/\/api.w.org\/{rel}","templated":true}]}}