{"id":11672,"date":"2009-08-01T13:44:08","date_gmt":"2009-08-01T11:44:08","guid":{"rendered":"https:\/\/baselinkweb.nl\/greeneggtotaal\/product\/big-green-egg-medium-fraaii-buitenkeuken-eiken-robuust\/"},"modified":"2026-04-03T08:54:54","modified_gmt":"2026-04-03T06:54:54","slug":"big-green-egg-medium-oak-robust-outdoor-kitchen","status":"publish","type":"product","link":"https:\/\/www.greeneggtotaal.nl\/fr\/product\/big-green-egg-medium-eiken-robuust-buitenkeuken\/","title":{"rendered":"Cuisine d'ext\u00e9rieur Big Green Egg Medium + Oak Robust"},"content":{"rendered":"<p>La cuisine d'ext\u00e9rieur Douglas Basic + plan de travail en bois avec plan de travail en bois est un ajout magnifique et pratique \u00e0 tout jardin. Sa conception intelligente permet d'accueillir un barbecue kamado, ce qui facilite la cuisine en plein air. Cette cuisine d'ext\u00e9rieur convient \u00e0 tous les kamados de 15 \u00e0 22 pouces.<\/p>\n<p><b>Dimensions<\/b><br \/>\nLargeur : 144 cm<br \/>\nProfondeur : 71 cm<br \/>\nHauteur : 90 cm<\/p>\n<p><b>Mat\u00e9riau<\/b><br \/>\nLe cadre de base et le plan de travail sont en sapin de Douglas non trait\u00e9, une essence de bois moins sujette aux moisissures gr\u00e2ce \u00e0 sa forte teneur en r\u00e9sine. Le pin Douglas non trait\u00e9 a une dur\u00e9e de vie de 10 \u00e0 15 ans. Pour prolonger cette dur\u00e9e de vie et mieux prot\u00e9ger le bois contre la pluie et les autres intemp\u00e9ries, vous pouvez utiliser une housse de protection. Cette housse offre une protection suppl\u00e9mentaire et permet \u00e0 votre cuisine ext\u00e9rieure de rester belle plus longtemps. En outre, la cuisine ext\u00e9rieure est facile \u00e0 d\u00e9placer gr\u00e2ce \u00e0 ses quatre roulettes noires.<\/p>\n<p><b>Maintenance<br \/>\n<\/b>La cuisine ext\u00e9rieure en bois Douglas n'a pas besoin d'\u00eatre trait\u00e9e, ce qui la rend id\u00e9ale pour une utilisation sans souci dans le jardin.<\/p>","protected":false},"excerpt":{"rendered":"<p>De Douglas Buitenkeuken Basic + Houten Werkblad met houten werkblad is een mooie en handige toevoeging aan elke tuin. Door het slimme ontwerp is er ruimte voor een kamado-barbecue, waardoor buiten koken makkelijk wordt. Deze buitenkeuken is geschikt voor alle kamado\u2019s van 15 t\/m 22 inch. Afmetingen Breedte: 144 cm Diepte: 71 cm Hoogte: 90 [&hellip;]<\/p>\n","protected":false},"featured_media":11671,"template":"","meta":[],"product_brand":[229],"product_cat":[42,144,146],"product_tag":[],"class_list":{"0":"post-11672","1":"product","2":"type-product","3":"status-publish","4":"has-post-thumbnail","6":"product_brand-big-green-egg","7":"product_cat-medium-modellen","8":"product_cat-big-green-egg-buitenkeukens","9":"product_cat-medium-modellen-buitenkeukens","11":"first","12":"instock","13":"sale","14":"taxable","15":"shipping-taxable","16":"purchasable","17":"product-type-composite"},"yoast_head":"<!-- This site is optimized with the Yoast SEO Premium plugin v27.4 (Yoast SEO v27.4) - https:\/\/yoast.com\/product\/yoast-seo-premium-wordpress\/ -->\n<title>Big Green Egg Medium + Eiken Robuust Buitenkeuken<\/title>\n<meta name=\"description\" content=\"Big Green Egg Medium + Eiken Robuust Buitenkeuken is een toevoeging voor elke tuin. Deze buitenkeuken biedt ruimte voor een Egg en heeft een ruim werkblad.\" \/>\n<meta name=\"robots\" content=\"index, follow, max-snippet:-1, max-image-preview:large, max-video-preview:-1\" \/>\n<link rel=\"canonical\" href=\"https:\/\/www.greeneggtotaal.nl\/fr\/product\/big-green-egg-medium-oak-robust-outdoor-kitchen\/\" \/>\n<meta property=\"og:locale\" content=\"fr_FR\" \/>\n<meta property=\"og:type\" content=\"article\" \/>\n<meta property=\"og:title\" content=\"Big Green Egg Medium + Eiken Robuust Buitenkeuken\" \/>\n<meta property=\"og:description\" content=\"Big Green Egg Medium + Eiken Robuust Buitenkeuken is een toevoeging voor elke tuin. Deze buitenkeuken biedt ruimte voor een Egg en heeft een ruim werkblad.\" \/>\n<meta property=\"og:url\" content=\"https:\/\/www.greeneggtotaal.nl\/fr\/product\/big-green-egg-medium-oak-robust-outdoor-kitchen\/\" \/>\n<meta property=\"og:site_name\" content=\"GreenEggTotaal\" \/>\n<meta property=\"article:modified_time\" content=\"2026-04-03T06:54:54+00:00\" \/>\n<meta property=\"og:image\" content=\"https:\/\/www.greeneggtotaal.nl\/wp-content\/uploads\/2025\/08\/ontwerp-zonder-titel-23.webp\" \/>\n\t<meta property=\"og:image:width\" content=\"500\" \/>\n\t<meta property=\"og:image:height\" content=\"500\" \/>\n\t<meta property=\"og:image:type\" content=\"image\/webp\" \/>\n<meta name=\"twitter:card\" content=\"summary_large_image\" \/>\n<meta name=\"twitter:label1\" content=\"Dur\u00e9e de lecture estim\u00e9e\" \/>\n\t<meta name=\"twitter:data1\" content=\"1 minute\" \/>\n<script type=\"application\/ld+json\" class=\"yoast-schema-graph\">{\"@context\":\"https:\\\/\\\/schema.org\",\"@graph\":[{\"@type\":\"WebPage\",\"@id\":\"https:\\\/\\\/www.greeneggtotaal.nl\\\/product\\\/big-green-egg-medium-eiken-robuust-buitenkeuken\\\/\",\"url\":\"https:\\\/\\\/www.greeneggtotaal.nl\\\/product\\\/big-green-egg-medium-eiken-robuust-buitenkeuken\\\/\",\"name\":\"Big Green Egg Medium + Eiken Robuust Buitenkeuken\",\"isPartOf\":{\"@id\":\"https:\\\/\\\/www.greeneggtotaal.nl\\\/nl\\\/#website\"},\"primaryImageOfPage\":{\"@id\":\"https:\\\/\\\/www.greeneggtotaal.nl\\\/product\\\/big-green-egg-medium-eiken-robuust-buitenkeuken\\\/#primaryimage\"},\"image\":{\"@id\":\"https:\\\/\\\/www.greeneggtotaal.nl\\\/product\\\/big-green-egg-medium-eiken-robuust-buitenkeuken\\\/#primaryimage\"},\"thumbnailUrl\":\"https:\\\/\\\/www.greeneggtotaal.nl\\\/wp-content\\\/uploads\\\/2025\\\/08\\\/ontwerp-zonder-titel-23.webp\",\"datePublished\":\"2009-08-01T11:44:08+00:00\",\"dateModified\":\"2026-04-03T06:54:54+00:00\",\"description\":\"Big Green Egg Medium + Eiken Robuust Buitenkeuken is een toevoeging voor elke tuin. Deze buitenkeuken biedt ruimte voor een Egg en heeft een ruim werkblad.\",\"breadcrumb\":{\"@id\":\"https:\\\/\\\/www.greeneggtotaal.nl\\\/product\\\/big-green-egg-medium-eiken-robuust-buitenkeuken\\\/#breadcrumb\"},\"inLanguage\":\"fr-FR\",\"potentialAction\":[{\"@type\":\"ReadAction\",\"target\":[\"https:\\\/\\\/www.greeneggtotaal.nl\\\/product\\\/big-green-egg-medium-eiken-robuust-buitenkeuken\\\/\"]}]},{\"@type\":\"ImageObject\",\"inLanguage\":\"fr-FR\",\"@id\":\"https:\\\/\\\/www.greeneggtotaal.nl\\\/product\\\/big-green-egg-medium-eiken-robuust-buitenkeuken\\\/#primaryimage\",\"url\":\"https:\\\/\\\/www.greeneggtotaal.nl\\\/wp-content\\\/uploads\\\/2025\\\/08\\\/ontwerp-zonder-titel-23.webp\",\"contentUrl\":\"https:\\\/\\\/www.greeneggtotaal.nl\\\/wp-content\\\/uploads\\\/2025\\\/08\\\/ontwerp-zonder-titel-23.webp\",\"width\":500,\"height\":500,\"caption\":\"Big Green Egg Medium + Eiken Robuust Buitenkeuken\"},{\"@type\":\"BreadcrumbList\",\"@id\":\"https:\\\/\\\/www.greeneggtotaal.nl\\\/product\\\/big-green-egg-medium-eiken-robuust-buitenkeuken\\\/#breadcrumb\",\"itemListElement\":[{\"@type\":\"ListItem\",\"position\":1,\"name\":\"Home\",\"item\":\"https:\\\/\\\/www.greeneggtotaal.nl\\\/\"},{\"@type\":\"ListItem\",\"position\":2,\"name\":\"Shop\",\"item\":\"https:\\\/\\\/www.greeneggtotaal.nl\\\/nl\\\/shop\\\/\"},{\"@type\":\"ListItem\",\"position\":3,\"name\":\"Big Green Egg Medium + Eiken Robuust Buitenkeuken\"}]},{\"@type\":\"WebSite\",\"@id\":\"https:\\\/\\\/www.greeneggtotaal.nl\\\/nl\\\/#website\",\"url\":\"https:\\\/\\\/www.greeneggtotaal.nl\\\/nl\\\/\",\"name\":\"greeneggtotaal.nl\",\"description\":\"D\u00e9 Big Green Egg Specialist\",\"publisher\":{\"@id\":\"https:\\\/\\\/www.greeneggtotaal.nl\\\/nl\\\/#organization\"},\"potentialAction\":[{\"@type\":\"SearchAction\",\"target\":{\"@type\":\"EntryPoint\",\"urlTemplate\":\"https:\\\/\\\/www.greeneggtotaal.nl\\\/nl\\\/?s={search_term_string}\"},\"query-input\":{\"@type\":\"PropertyValueSpecification\",\"valueRequired\":true,\"valueName\":\"search_term_string\"}}],\"inLanguage\":\"fr-FR\"},{\"@type\":\"Organization\",\"@id\":\"https:\\\/\\\/www.greeneggtotaal.nl\\\/nl\\\/#organization\",\"name\":\"Green Egg Totaal\",\"url\":\"https:\\\/\\\/www.greeneggtotaal.nl\\\/nl\\\/\",\"logo\":{\"@type\":\"ImageObject\",\"inLanguage\":\"fr-FR\",\"@id\":\"https:\\\/\\\/www.greeneggtotaal.nl\\\/nl\\\/#\\\/schema\\\/logo\\\/image\\\/\",\"url\":\"https:\\\/\\\/www.greeneggtotaal.nl\\\/wp-content\\\/uploads\\\/2025\\\/06\\\/Green-Egg-Totaal-Logo.png\",\"contentUrl\":\"https:\\\/\\\/www.greeneggtotaal.nl\\\/wp-content\\\/uploads\\\/2025\\\/06\\\/Green-Egg-Totaal-Logo.png\",\"width\":225,\"height\":95,\"caption\":\"Green Egg Totaal\"},\"image\":{\"@id\":\"https:\\\/\\\/www.greeneggtotaal.nl\\\/nl\\\/#\\\/schema\\\/logo\\\/image\\\/\"}}]}<\/script>\n<!-- \/ Yoast SEO Premium plugin. -->","yoast_head_json":{"title":"Cuisine d'ext\u00e9rieur Big Green Egg Medium + Oak Robust","description":"Big Green Egg Medium + Ch\u00eane Robuste La cuisine d'ext\u00e9rieur est un atout pour chaque jardin. Cette cuisine d'ext\u00e9rieur offre suffisamment d'espace pour un Egg et dispose d'un plan de travail spacieux.","robots":{"index":"index","follow":"follow","max-snippet":"max-snippet:-1","max-image-preview":"max-image-preview:large","max-video-preview":"max-video-preview:-1"},"canonical":"https:\/\/www.greeneggtotaal.nl\/fr\/product\/big-green-egg-medium-oak-robust-outdoor-kitchen\/","og_locale":"fr_FR","og_type":"article","og_title":"Big Green Egg Medium + Eiken Robuust Buitenkeuken","og_description":"Big Green Egg Medium + Eiken Robuust Buitenkeuken is een toevoeging voor elke tuin. Deze buitenkeuken biedt ruimte voor een Egg en heeft een ruim werkblad.","og_url":"https:\/\/www.greeneggtotaal.nl\/fr\/product\/big-green-egg-medium-oak-robust-outdoor-kitchen\/","og_site_name":"GreenEggTotaal","article_modified_time":"2026-04-03T06:54:54+00:00","og_image":[{"width":500,"height":500,"url":"https:\/\/www.greeneggtotaal.nl\/wp-content\/uploads\/2025\/08\/ontwerp-zonder-titel-23.webp","type":"image\/webp"}],"twitter_card":"summary_large_image","twitter_misc":{"Dur\u00e9e de lecture estim\u00e9e":"1 minute"},"schema":{"@context":"https:\/\/schema.org","@graph":[{"@type":"WebPage","@id":"https:\/\/www.greeneggtotaal.nl\/product\/big-green-egg-medium-eiken-robuust-buitenkeuken\/","url":"https:\/\/www.greeneggtotaal.nl\/product\/big-green-egg-medium-eiken-robuust-buitenkeuken\/","name":"Cuisine d'ext\u00e9rieur Big Green Egg Medium + Oak Robust","isPartOf":{"@id":"https:\/\/www.greeneggtotaal.nl\/nl\/#website"},"primaryImageOfPage":{"@id":"https:\/\/www.greeneggtotaal.nl\/product\/big-green-egg-medium-eiken-robuust-buitenkeuken\/#primaryimage"},"image":{"@id":"https:\/\/www.greeneggtotaal.nl\/product\/big-green-egg-medium-eiken-robuust-buitenkeuken\/#primaryimage"},"thumbnailUrl":"https:\/\/www.greeneggtotaal.nl\/wp-content\/uploads\/2025\/08\/ontwerp-zonder-titel-23.webp","datePublished":"2009-08-01T11:44:08+00:00","dateModified":"2026-04-03T06:54:54+00:00","description":"Big Green Egg Medium + Ch\u00eane Robuste La cuisine d'ext\u00e9rieur est un atout pour chaque jardin. Cette cuisine d'ext\u00e9rieur offre suffisamment d'espace pour un Egg et dispose d'un plan de travail spacieux.","breadcrumb":{"@id":"https:\/\/www.greeneggtotaal.nl\/product\/big-green-egg-medium-eiken-robuust-buitenkeuken\/#breadcrumb"},"inLanguage":"fr-FR","potentialAction":[{"@type":"ReadAction","target":["https:\/\/www.greeneggtotaal.nl\/product\/big-green-egg-medium-eiken-robuust-buitenkeuken\/"]}]},{"@type":"ImageObject","inLanguage":"fr-FR","@id":"https:\/\/www.greeneggtotaal.nl\/product\/big-green-egg-medium-eiken-robuust-buitenkeuken\/#primaryimage","url":"https:\/\/www.greeneggtotaal.nl\/wp-content\/uploads\/2025\/08\/ontwerp-zonder-titel-23.webp","contentUrl":"https:\/\/www.greeneggtotaal.nl\/wp-content\/uploads\/2025\/08\/ontwerp-zonder-titel-23.webp","width":500,"height":500,"caption":"Big Green Egg Medium + Eiken Robuust Buitenkeuken"},{"@type":"BreadcrumbList","@id":"https:\/\/www.greeneggtotaal.nl\/product\/big-green-egg-medium-eiken-robuust-buitenkeuken\/#breadcrumb","itemListElement":[{"@type":"ListItem","position":1,"name":"Home","item":"https:\/\/www.greeneggtotaal.nl\/"},{"@type":"ListItem","position":2,"name":"Shop","item":"https:\/\/www.greeneggtotaal.nl\/nl\/shop\/"},{"@type":"ListItem","position":3,"name":"Big Green Egg Medium + Eiken Robuust Buitenkeuken"}]},{"@type":"WebSite","@id":"https:\/\/www.greeneggtotaal.nl\/nl\/#website","url":"https:\/\/www.greeneggtotaal.nl\/nl\/","name":"greeneggtotaal.nl","description":"Le sp\u00e9cialiste du Big Green Egg","publisher":{"@id":"https:\/\/www.greeneggtotaal.nl\/nl\/#organization"},"potentialAction":[{"@type":"SearchAction","target":{"@type":"EntryPoint","urlTemplate":"https:\/\/www.greeneggtotaal.nl\/nl\/?s={search_term_string}"},"query-input":{"@type":"PropertyValueSpecification","valueRequired":true,"valueName":"search_term_string"}}],"inLanguage":"fr-FR"},{"@type":"Organization","@id":"https:\/\/www.greeneggtotaal.nl\/nl\/#organization","name":"Green Egg Totaal","url":"https:\/\/www.greeneggtotaal.nl\/nl\/","logo":{"@type":"ImageObject","inLanguage":"fr-FR","@id":"https:\/\/www.greeneggtotaal.nl\/nl\/#\/schema\/logo\/image\/","url":"https:\/\/www.greeneggtotaal.nl\/wp-content\/uploads\/2025\/06\/Green-Egg-Totaal-Logo.png","contentUrl":"https:\/\/www.greeneggtotaal.nl\/wp-content\/uploads\/2025\/06\/Green-Egg-Totaal-Logo.png","width":225,"height":95,"caption":"Green Egg Totaal"},"image":{"@id":"https:\/\/www.greeneggtotaal.nl\/nl\/#\/schema\/logo\/image\/"}}]}},"_links":{"self":[{"href":"https:\/\/www.greeneggtotaal.nl\/fr\/wp-json\/wp\/v2\/product\/11672","targetHints":{"allow":["GET"]}}],"collection":[{"href":"https:\/\/www.greeneggtotaal.nl\/fr\/wp-json\/wp\/v2\/product"}],"about":[{"href":"https:\/\/www.greeneggtotaal.nl\/fr\/wp-json\/wp\/v2\/types\/product"}],"wp:featuredmedia":[{"embeddable":true,"href":"https:\/\/www.greeneggtotaal.nl\/fr\/wp-json\/wp\/v2\/media\/11671"}],"wp:attachment":[{"href":"https:\/\/www.greeneggtotaal.nl\/fr\/wp-json\/wp\/v2\/media?parent=11672"}],"wp:term":[{"taxonomy":"product_brand","embeddable":true,"href":"https:\/\/www.greeneggtotaal.nl\/fr\/wp-json\/wp\/v2\/product_brand?post=11672"},{"taxonomy":"product_cat","embeddable":true,"href":"https:\/\/www.greeneggtotaal.nl\/fr\/wp-json\/wp\/v2\/product_cat?post=11672"},{"taxonomy":"product_tag","embeddable":true,"href":"https:\/\/www.greeneggtotaal.nl\/fr\/wp-json\/wp\/v2\/product_tag?post=11672"}],"curies":[{"name":"wp","href":"https:\/\/api.w.org\/{rel}","templated":true}]}}