{"id":12030,"date":"2025-08-01T13:45:16","date_gmt":"2025-08-01T11:45:16","guid":{"rendered":"https:\/\/baselinkweb.nl\/greeneggtotaal\/product\/ofyr-100-brushed-stainless-steel\/"},"modified":"2026-04-07T10:04:08","modified_gmt":"2026-04-07T08:04:08","slug":"ofyr-100-acier-inoxydable-brosse","status":"publish","type":"product","link":"https:\/\/www.greeneggtotaal.nl\/fr\/product\/ofyr-100-brushed-stainless-steel\/","title":{"rendered":"OFYR 100 Acier inoxydable bross\u00e9"},"content":{"rendered":"<p>L'OFYR 100 en acier inoxydable bross\u00e9 allie durabilit\u00e9 et luxe discret. La finition en acier inoxydable bross\u00e9 donne \u00e0 ce mod\u00e8le un aspect moderne et minimaliste, tout en r\u00e9sistant \u00e0 toutes les conditions m\u00e9t\u00e9orologiques. Ce mod\u00e8le est id\u00e9al pour tous ceux qui recherchent une cuisine ext\u00e9rieure polyvalente avec une finition de haute qualit\u00e9. Avec un diam\u00e8tre de 100 cm, il offre plus d'espace que n\u00e9cessaire pour pr\u00e9parer sans effort de d\u00e9licieux repas pour de grandes f\u00eates.<\/p>","protected":false},"excerpt":{"rendered":"<p>De OFYR 100 Brushed Stainless Steel combineert duurzaamheid met een ingetogen luxe uitstraling. De geborstelde roestvrijstalen afwerking geeft dit model een moderne, minimalistische look, terwijl het tegelijkertijd bestand is tegen alle weersomstandigheden. Dit model is ideaal voor iedereen die op zoek is naar een veelzijdige buitenkeuken met een hoogwaardige afwerking. Met een diameter van 100 [&hellip;]<\/p>\n","protected":false},"featured_media":12029,"template":"","meta":[],"product_brand":[239],"product_cat":[123,126,122],"product_tag":[],"class_list":{"0":"post-12030","1":"product","2":"type-product","3":"status-publish","4":"has-post-thumbnail","6":"product_brand-ofyr","7":"product_cat-ofyr","8":"product_cat-ofyr-modellen","9":"product_cat-planchas","11":"first","12":"instock","13":"sale","14":"taxable","15":"shipping-taxable","16":"purchasable","17":"product-type-composite"},"yoast_head":"<!-- This site is optimized with the Yoast SEO Premium plugin v27.4 (Yoast SEO v27.4) - https:\/\/yoast.com\/product\/yoast-seo-premium-wordpress\/ -->\n<title>OFYR 100 Brushed Stainless Steel - GreenEggTotaal<\/title>\n<meta name=\"robots\" content=\"index, follow, max-snippet:-1, max-image-preview:large, max-video-preview:-1\" \/>\n<link rel=\"canonical\" href=\"https:\/\/www.greeneggtotaal.nl\/fr\/product\/ofyr-100-acier-inoxydable-brosse\/\" \/>\n<meta property=\"og:locale\" content=\"fr_FR\" \/>\n<meta property=\"og:type\" content=\"article\" \/>\n<meta property=\"og:title\" content=\"OFYR 100 Brushed Stainless Steel\" \/>\n<meta property=\"og:description\" content=\"De OFYR 100 Brushed Stainless Steel combineert duurzaamheid met een ingetogen luxe uitstraling. De geborstelde roestvrijstalen afwerking geeft dit model een moderne, minimalistische look, terwijl het tegelijkertijd bestand is tegen alle weersomstandigheden. Dit model is ideaal voor iedereen die op zoek is naar een veelzijdige buitenkeuken met een hoogwaardige afwerking. Met een diameter van 100 [&hellip;]\" \/>\n<meta property=\"og:url\" content=\"https:\/\/www.greeneggtotaal.nl\/fr\/product\/ofyr-100-acier-inoxydable-brosse\/\" \/>\n<meta property=\"og:site_name\" content=\"GreenEggTotaal\" \/>\n<meta property=\"article:modified_time\" content=\"2026-04-07T08:04:08+00:00\" \/>\n<meta property=\"og:image\" content=\"https:\/\/www.greeneggtotaal.nl\/wp-content\/uploads\/2025\/08\/oc1bs100.webp\" \/>\n\t<meta property=\"og:image:width\" content=\"500\" \/>\n\t<meta property=\"og:image:height\" content=\"500\" \/>\n\t<meta property=\"og:image:type\" content=\"image\/webp\" \/>\n<meta name=\"twitter:card\" content=\"summary_large_image\" \/>\n<meta name=\"twitter:label1\" content=\"Dur\u00e9e de lecture estim\u00e9e\" \/>\n\t<meta name=\"twitter:data1\" content=\"1 minute\" \/>\n<script type=\"application\/ld+json\" class=\"yoast-schema-graph\">{\"@context\":\"https:\\\/\\\/schema.org\",\"@graph\":[{\"@type\":\"WebPage\",\"@id\":\"https:\\\/\\\/www.greeneggtotaal.nl\\\/product\\\/ofyr-100-brushed-stainless-steel\\\/\",\"url\":\"https:\\\/\\\/www.greeneggtotaal.nl\\\/product\\\/ofyr-100-brushed-stainless-steel\\\/\",\"name\":\"OFYR 100 Brushed Stainless Steel - GreenEggTotaal\",\"isPartOf\":{\"@id\":\"https:\\\/\\\/www.greeneggtotaal.nl\\\/nl\\\/#website\"},\"primaryImageOfPage\":{\"@id\":\"https:\\\/\\\/www.greeneggtotaal.nl\\\/product\\\/ofyr-100-brushed-stainless-steel\\\/#primaryimage\"},\"image\":{\"@id\":\"https:\\\/\\\/www.greeneggtotaal.nl\\\/product\\\/ofyr-100-brushed-stainless-steel\\\/#primaryimage\"},\"thumbnailUrl\":\"https:\\\/\\\/www.greeneggtotaal.nl\\\/wp-content\\\/uploads\\\/2025\\\/08\\\/oc1bs100.webp\",\"datePublished\":\"2025-08-01T11:45:16+00:00\",\"dateModified\":\"2026-04-07T08:04:08+00:00\",\"breadcrumb\":{\"@id\":\"https:\\\/\\\/www.greeneggtotaal.nl\\\/product\\\/ofyr-100-brushed-stainless-steel\\\/#breadcrumb\"},\"inLanguage\":\"fr-FR\",\"potentialAction\":[{\"@type\":\"ReadAction\",\"target\":[\"https:\\\/\\\/www.greeneggtotaal.nl\\\/product\\\/ofyr-100-brushed-stainless-steel\\\/\"]}]},{\"@type\":\"ImageObject\",\"inLanguage\":\"fr-FR\",\"@id\":\"https:\\\/\\\/www.greeneggtotaal.nl\\\/product\\\/ofyr-100-brushed-stainless-steel\\\/#primaryimage\",\"url\":\"https:\\\/\\\/www.greeneggtotaal.nl\\\/wp-content\\\/uploads\\\/2025\\\/08\\\/oc1bs100.webp\",\"contentUrl\":\"https:\\\/\\\/www.greeneggtotaal.nl\\\/wp-content\\\/uploads\\\/2025\\\/08\\\/oc1bs100.webp\",\"width\":500,\"height\":500},{\"@type\":\"BreadcrumbList\",\"@id\":\"https:\\\/\\\/www.greeneggtotaal.nl\\\/product\\\/ofyr-100-brushed-stainless-steel\\\/#breadcrumb\",\"itemListElement\":[{\"@type\":\"ListItem\",\"position\":1,\"name\":\"Home\",\"item\":\"https:\\\/\\\/www.greeneggtotaal.nl\\\/\"},{\"@type\":\"ListItem\",\"position\":2,\"name\":\"Shop\",\"item\":\"https:\\\/\\\/www.greeneggtotaal.nl\\\/nl\\\/shop\\\/\"},{\"@type\":\"ListItem\",\"position\":3,\"name\":\"OFYR 100 Brushed Stainless Steel\"}]},{\"@type\":\"WebSite\",\"@id\":\"https:\\\/\\\/www.greeneggtotaal.nl\\\/nl\\\/#website\",\"url\":\"https:\\\/\\\/www.greeneggtotaal.nl\\\/nl\\\/\",\"name\":\"greeneggtotaal.nl\",\"description\":\"D\u00e9 Big Green Egg Specialist\",\"publisher\":{\"@id\":\"https:\\\/\\\/www.greeneggtotaal.nl\\\/nl\\\/#organization\"},\"potentialAction\":[{\"@type\":\"SearchAction\",\"target\":{\"@type\":\"EntryPoint\",\"urlTemplate\":\"https:\\\/\\\/www.greeneggtotaal.nl\\\/nl\\\/?s={search_term_string}\"},\"query-input\":{\"@type\":\"PropertyValueSpecification\",\"valueRequired\":true,\"valueName\":\"search_term_string\"}}],\"inLanguage\":\"fr-FR\"},{\"@type\":\"Organization\",\"@id\":\"https:\\\/\\\/www.greeneggtotaal.nl\\\/nl\\\/#organization\",\"name\":\"Green Egg Totaal\",\"url\":\"https:\\\/\\\/www.greeneggtotaal.nl\\\/nl\\\/\",\"logo\":{\"@type\":\"ImageObject\",\"inLanguage\":\"fr-FR\",\"@id\":\"https:\\\/\\\/www.greeneggtotaal.nl\\\/nl\\\/#\\\/schema\\\/logo\\\/image\\\/\",\"url\":\"https:\\\/\\\/www.greeneggtotaal.nl\\\/wp-content\\\/uploads\\\/2025\\\/06\\\/Green-Egg-Totaal-Logo.png\",\"contentUrl\":\"https:\\\/\\\/www.greeneggtotaal.nl\\\/wp-content\\\/uploads\\\/2025\\\/06\\\/Green-Egg-Totaal-Logo.png\",\"width\":225,\"height\":95,\"caption\":\"Green Egg Totaal\"},\"image\":{\"@id\":\"https:\\\/\\\/www.greeneggtotaal.nl\\\/nl\\\/#\\\/schema\\\/logo\\\/image\\\/\"}}]}<\/script>\n<!-- \/ Yoast SEO Premium plugin. -->","yoast_head_json":{"title":"OFYR 100 Acier inoxydable bross\u00e9 - GreenEggTotal","robots":{"index":"index","follow":"follow","max-snippet":"max-snippet:-1","max-image-preview":"max-image-preview:large","max-video-preview":"max-video-preview:-1"},"canonical":"https:\/\/www.greeneggtotaal.nl\/fr\/product\/ofyr-100-acier-inoxydable-brosse\/","og_locale":"fr_FR","og_type":"article","og_title":"OFYR 100 Brushed Stainless Steel","og_description":"De OFYR 100 Brushed Stainless Steel combineert duurzaamheid met een ingetogen luxe uitstraling. De geborstelde roestvrijstalen afwerking geeft dit model een moderne, minimalistische look, terwijl het tegelijkertijd bestand is tegen alle weersomstandigheden. Dit model is ideaal voor iedereen die op zoek is naar een veelzijdige buitenkeuken met een hoogwaardige afwerking. Met een diameter van 100 [&hellip;]","og_url":"https:\/\/www.greeneggtotaal.nl\/fr\/product\/ofyr-100-acier-inoxydable-brosse\/","og_site_name":"GreenEggTotaal","article_modified_time":"2026-04-07T08:04:08+00:00","og_image":[{"width":500,"height":500,"url":"https:\/\/www.greeneggtotaal.nl\/wp-content\/uploads\/2025\/08\/oc1bs100.webp","type":"image\/webp"}],"twitter_card":"summary_large_image","twitter_misc":{"Dur\u00e9e de lecture estim\u00e9e":"1 minute"},"schema":{"@context":"https:\/\/schema.org","@graph":[{"@type":"WebPage","@id":"https:\/\/www.greeneggtotaal.nl\/product\/ofyr-100-brushed-stainless-steel\/","url":"https:\/\/www.greeneggtotaal.nl\/product\/ofyr-100-brushed-stainless-steel\/","name":"OFYR 100 Acier inoxydable bross\u00e9 - GreenEggTotal","isPartOf":{"@id":"https:\/\/www.greeneggtotaal.nl\/nl\/#website"},"primaryImageOfPage":{"@id":"https:\/\/www.greeneggtotaal.nl\/product\/ofyr-100-brushed-stainless-steel\/#primaryimage"},"image":{"@id":"https:\/\/www.greeneggtotaal.nl\/product\/ofyr-100-brushed-stainless-steel\/#primaryimage"},"thumbnailUrl":"https:\/\/www.greeneggtotaal.nl\/wp-content\/uploads\/2025\/08\/oc1bs100.webp","datePublished":"2025-08-01T11:45:16+00:00","dateModified":"2026-04-07T08:04:08+00:00","breadcrumb":{"@id":"https:\/\/www.greeneggtotaal.nl\/product\/ofyr-100-brushed-stainless-steel\/#breadcrumb"},"inLanguage":"fr-FR","potentialAction":[{"@type":"ReadAction","target":["https:\/\/www.greeneggtotaal.nl\/product\/ofyr-100-brushed-stainless-steel\/"]}]},{"@type":"ImageObject","inLanguage":"fr-FR","@id":"https:\/\/www.greeneggtotaal.nl\/product\/ofyr-100-brushed-stainless-steel\/#primaryimage","url":"https:\/\/www.greeneggtotaal.nl\/wp-content\/uploads\/2025\/08\/oc1bs100.webp","contentUrl":"https:\/\/www.greeneggtotaal.nl\/wp-content\/uploads\/2025\/08\/oc1bs100.webp","width":500,"height":500},{"@type":"BreadcrumbList","@id":"https:\/\/www.greeneggtotaal.nl\/product\/ofyr-100-brushed-stainless-steel\/#breadcrumb","itemListElement":[{"@type":"ListItem","position":1,"name":"Home","item":"https:\/\/www.greeneggtotaal.nl\/"},{"@type":"ListItem","position":2,"name":"Shop","item":"https:\/\/www.greeneggtotaal.nl\/nl\/shop\/"},{"@type":"ListItem","position":3,"name":"OFYR 100 Brushed Stainless Steel"}]},{"@type":"WebSite","@id":"https:\/\/www.greeneggtotaal.nl\/nl\/#website","url":"https:\/\/www.greeneggtotaal.nl\/nl\/","name":"greeneggtotaal.nl","description":"Le sp\u00e9cialiste du Big Green Egg","publisher":{"@id":"https:\/\/www.greeneggtotaal.nl\/nl\/#organization"},"potentialAction":[{"@type":"SearchAction","target":{"@type":"EntryPoint","urlTemplate":"https:\/\/www.greeneggtotaal.nl\/nl\/?s={search_term_string}"},"query-input":{"@type":"PropertyValueSpecification","valueRequired":true,"valueName":"search_term_string"}}],"inLanguage":"fr-FR"},{"@type":"Organization","@id":"https:\/\/www.greeneggtotaal.nl\/nl\/#organization","name":"Green Egg Totaal","url":"https:\/\/www.greeneggtotaal.nl\/nl\/","logo":{"@type":"ImageObject","inLanguage":"fr-FR","@id":"https:\/\/www.greeneggtotaal.nl\/nl\/#\/schema\/logo\/image\/","url":"https:\/\/www.greeneggtotaal.nl\/wp-content\/uploads\/2025\/06\/Green-Egg-Totaal-Logo.png","contentUrl":"https:\/\/www.greeneggtotaal.nl\/wp-content\/uploads\/2025\/06\/Green-Egg-Totaal-Logo.png","width":225,"height":95,"caption":"Green Egg Totaal"},"image":{"@id":"https:\/\/www.greeneggtotaal.nl\/nl\/#\/schema\/logo\/image\/"}}]}},"_links":{"self":[{"href":"https:\/\/www.greeneggtotaal.nl\/fr\/wp-json\/wp\/v2\/product\/12030","targetHints":{"allow":["GET"]}}],"collection":[{"href":"https:\/\/www.greeneggtotaal.nl\/fr\/wp-json\/wp\/v2\/product"}],"about":[{"href":"https:\/\/www.greeneggtotaal.nl\/fr\/wp-json\/wp\/v2\/types\/product"}],"wp:featuredmedia":[{"embeddable":true,"href":"https:\/\/www.greeneggtotaal.nl\/fr\/wp-json\/wp\/v2\/media\/12029"}],"wp:attachment":[{"href":"https:\/\/www.greeneggtotaal.nl\/fr\/wp-json\/wp\/v2\/media?parent=12030"}],"wp:term":[{"taxonomy":"product_brand","embeddable":true,"href":"https:\/\/www.greeneggtotaal.nl\/fr\/wp-json\/wp\/v2\/product_brand?post=12030"},{"taxonomy":"product_cat","embeddable":true,"href":"https:\/\/www.greeneggtotaal.nl\/fr\/wp-json\/wp\/v2\/product_cat?post=12030"},{"taxonomy":"product_tag","embeddable":true,"href":"https:\/\/www.greeneggtotaal.nl\/fr\/wp-json\/wp\/v2\/product_tag?post=12030"}],"curies":[{"name":"wp","href":"https:\/\/api.w.org\/{rel}","templated":true}]}}