{"id":12145,"date":"2025-08-01T13:45:42","date_gmt":"2025-08-01T11:45:42","guid":{"rendered":"https:\/\/baselinkweb.nl\/greeneggtotaal\/product\/big-green-egg-ash-tool-small-minimax-mini\/"},"modified":"2026-01-19T12:05:14","modified_gmt":"2026-01-19T11:05:14","slug":"petit-outil-pour-cendres-big-green-egg-minimax-mini","status":"publish","type":"product","link":"https:\/\/www.greeneggtotaal.nl\/fr\/product\/big-green-egg-ash-tool-small-minimax-mini\/","title":{"rendered":"Outil \u00e0 cendres Big Green Egg Small\/MiniMax\/Mini"},"content":{"rendered":"<p><strong>L'Ash Tool a en fait une double fonction : il vous permet d'enlever facilement les cendres de votre Big Green Egg, mais vous pouvez aussi l'utiliser pour bien r\u00e9partir le charbon avant d'allumer l'EGG. Cet outil pratique fonctionne tr\u00e8s bien avec l'Ash Removal Pan.<\/strong><\/p>\n<p>Pour pouvoir contr\u00f4ler au mieux la temp\u00e9rature pendant la cuisson dans l'EGG, il est important qu'il y ait le moins de cendres possible dans l'EGG. Heureusement, l'Ash Tool de opruimen. est l\u00e0 pour vous aider. Gr\u00e2ce \u00e0 son tisonnier m\u00e9tallique, vous pouvez facilement repousser toutes les cendres sur le c\u00f4t\u00e9 avant d'utiliser l'EGG, ce qui est tout b\u00e9n\u00e9fice pour vos plats. L'Ash Tool est disponible en 3 tailles et se range facilement apr\u00e8s utilisation.<\/p>","protected":false},"excerpt":{"rendered":"<p>De Ash Tool heeft eigenlijk een dubbelfunctie: je verwijdert er heel eenvoudig de as in je Big Green Egg mee, maar je kunt hem ook gebruiken om voordat je de EGG aansteekt het houtskool goed te verdelen. Dit praktische gereedschap werkt heel goed samen met de Ash Removal Pan. Om tijdens het EGG\u2019en optimaal de [&hellip;]<\/p>\n","protected":false},"featured_media":12144,"template":"","meta":[],"product_brand":[229],"product_cat":[50,181,100],"product_tag":[],"class_list":{"0":"post-12145","1":"product","2":"type-product","3":"status-publish","4":"has-post-thumbnail","6":"product_brand-big-green-egg","7":"product_cat-mini-accessoires","8":"product_cat-minimax-accessoires","9":"product_cat-small-accessoires","11":"first","12":"instock","13":"sale","14":"taxable","15":"shipping-taxable","16":"purchasable","17":"product-type-simple"},"yoast_head":"<!-- This site is optimized with the Yoast SEO Premium plugin v27.4 (Yoast SEO v27.4) - https:\/\/yoast.com\/product\/yoast-seo-premium-wordpress\/ -->\n<title>Big Green Egg Ash Tool Small\/MiniMax\/Mini<\/title>\n<meta name=\"description\" content=\"De Ash Tool voor Small, MiniMax en Mini is ideaal voor het verwijderen van as en resten, waardoor je jouw Big Green Egg snel en effici\u00ebnt kunt schoonmaken.\" \/>\n<meta name=\"robots\" content=\"index, follow, max-snippet:-1, max-image-preview:large, max-video-preview:-1\" \/>\n<link rel=\"canonical\" href=\"https:\/\/www.greeneggtotaal.nl\/fr\/product\/petit-outil-pour-cendres-big-green-egg-minimax-mini\/\" \/>\n<meta property=\"og:locale\" content=\"fr_FR\" \/>\n<meta property=\"og:type\" content=\"article\" \/>\n<meta property=\"og:title\" content=\"Big Green Egg Ash Tool Small\/MiniMax\/Mini\" \/>\n<meta property=\"og:description\" content=\"De Ash Tool voor Small, MiniMax en Mini is ideaal voor het verwijderen van as en resten, waardoor je jouw Big Green Egg snel en effici\u00ebnt kunt schoonmaken.\" \/>\n<meta property=\"og:url\" content=\"https:\/\/www.greeneggtotaal.nl\/fr\/product\/petit-outil-pour-cendres-big-green-egg-minimax-mini\/\" \/>\n<meta property=\"og:site_name\" content=\"GreenEggTotaal\" \/>\n<meta property=\"article:modified_time\" content=\"2026-01-19T11:05:14+00:00\" \/>\n<meta property=\"og:image\" content=\"https:\/\/www.greeneggtotaal.nl\/wp-content\/uploads\/2025\/08\/ontwerp-zonder-titel-2024-11-07t131143.621-2.webp\" \/>\n\t<meta property=\"og:image:width\" content=\"500\" \/>\n\t<meta property=\"og:image:height\" content=\"500\" \/>\n\t<meta property=\"og:image:type\" content=\"image\/webp\" \/>\n<meta name=\"twitter:card\" content=\"summary_large_image\" \/>\n<meta name=\"twitter:label1\" content=\"Dur\u00e9e de lecture estim\u00e9e\" \/>\n\t<meta name=\"twitter:data1\" content=\"1 minute\" \/>\n<script type=\"application\/ld+json\" class=\"yoast-schema-graph\">{\"@context\":\"https:\\\/\\\/schema.org\",\"@graph\":[{\"@type\":\"WebPage\",\"@id\":\"https:\\\/\\\/www.greeneggtotaal.nl\\\/product\\\/big-green-egg-ash-tool-small-minimax-mini\\\/\",\"url\":\"https:\\\/\\\/www.greeneggtotaal.nl\\\/product\\\/big-green-egg-ash-tool-small-minimax-mini\\\/\",\"name\":\"Big Green Egg Ash Tool Small\\\/MiniMax\\\/Mini\",\"isPartOf\":{\"@id\":\"https:\\\/\\\/www.greeneggtotaal.nl\\\/nl\\\/#website\"},\"primaryImageOfPage\":{\"@id\":\"https:\\\/\\\/www.greeneggtotaal.nl\\\/product\\\/big-green-egg-ash-tool-small-minimax-mini\\\/#primaryimage\"},\"image\":{\"@id\":\"https:\\\/\\\/www.greeneggtotaal.nl\\\/product\\\/big-green-egg-ash-tool-small-minimax-mini\\\/#primaryimage\"},\"thumbnailUrl\":\"https:\\\/\\\/www.greeneggtotaal.nl\\\/wp-content\\\/uploads\\\/2025\\\/08\\\/ontwerp-zonder-titel-2024-11-07t131143.621-2.webp\",\"datePublished\":\"2025-08-01T11:45:42+00:00\",\"dateModified\":\"2026-01-19T11:05:14+00:00\",\"description\":\"De Ash Tool voor Small, MiniMax en Mini is ideaal voor het verwijderen van as en resten, waardoor je jouw Big Green Egg snel en effici\u00ebnt kunt schoonmaken.\",\"breadcrumb\":{\"@id\":\"https:\\\/\\\/www.greeneggtotaal.nl\\\/product\\\/big-green-egg-ash-tool-small-minimax-mini\\\/#breadcrumb\"},\"inLanguage\":\"fr-FR\",\"potentialAction\":[{\"@type\":\"ReadAction\",\"target\":[\"https:\\\/\\\/www.greeneggtotaal.nl\\\/product\\\/big-green-egg-ash-tool-small-minimax-mini\\\/\"]}]},{\"@type\":\"ImageObject\",\"inLanguage\":\"fr-FR\",\"@id\":\"https:\\\/\\\/www.greeneggtotaal.nl\\\/product\\\/big-green-egg-ash-tool-small-minimax-mini\\\/#primaryimage\",\"url\":\"https:\\\/\\\/www.greeneggtotaal.nl\\\/wp-content\\\/uploads\\\/2025\\\/08\\\/ontwerp-zonder-titel-2024-11-07t131143.621-2.webp\",\"contentUrl\":\"https:\\\/\\\/www.greeneggtotaal.nl\\\/wp-content\\\/uploads\\\/2025\\\/08\\\/ontwerp-zonder-titel-2024-11-07t131143.621-2.webp\",\"width\":500,\"height\":500,\"caption\":\"Big Green Egg Ash Tool Small\\\/MiniMax\\\/Mini\"},{\"@type\":\"BreadcrumbList\",\"@id\":\"https:\\\/\\\/www.greeneggtotaal.nl\\\/product\\\/big-green-egg-ash-tool-small-minimax-mini\\\/#breadcrumb\",\"itemListElement\":[{\"@type\":\"ListItem\",\"position\":1,\"name\":\"Home\",\"item\":\"https:\\\/\\\/www.greeneggtotaal.nl\\\/\"},{\"@type\":\"ListItem\",\"position\":2,\"name\":\"Shop\",\"item\":\"https:\\\/\\\/www.greeneggtotaal.nl\\\/nl\\\/shop\\\/\"},{\"@type\":\"ListItem\",\"position\":3,\"name\":\"Big Green Egg Ash Tool Small\\\/MiniMax\\\/Mini\"}]},{\"@type\":\"WebSite\",\"@id\":\"https:\\\/\\\/www.greeneggtotaal.nl\\\/nl\\\/#website\",\"url\":\"https:\\\/\\\/www.greeneggtotaal.nl\\\/nl\\\/\",\"name\":\"greeneggtotaal.nl\",\"description\":\"D\u00e9 Big Green Egg Specialist\",\"publisher\":{\"@id\":\"https:\\\/\\\/www.greeneggtotaal.nl\\\/nl\\\/#organization\"},\"potentialAction\":[{\"@type\":\"SearchAction\",\"target\":{\"@type\":\"EntryPoint\",\"urlTemplate\":\"https:\\\/\\\/www.greeneggtotaal.nl\\\/nl\\\/?s={search_term_string}\"},\"query-input\":{\"@type\":\"PropertyValueSpecification\",\"valueRequired\":true,\"valueName\":\"search_term_string\"}}],\"inLanguage\":\"fr-FR\"},{\"@type\":\"Organization\",\"@id\":\"https:\\\/\\\/www.greeneggtotaal.nl\\\/nl\\\/#organization\",\"name\":\"Green Egg Totaal\",\"url\":\"https:\\\/\\\/www.greeneggtotaal.nl\\\/nl\\\/\",\"logo\":{\"@type\":\"ImageObject\",\"inLanguage\":\"fr-FR\",\"@id\":\"https:\\\/\\\/www.greeneggtotaal.nl\\\/nl\\\/#\\\/schema\\\/logo\\\/image\\\/\",\"url\":\"https:\\\/\\\/www.greeneggtotaal.nl\\\/wp-content\\\/uploads\\\/2025\\\/06\\\/Green-Egg-Totaal-Logo.png\",\"contentUrl\":\"https:\\\/\\\/www.greeneggtotaal.nl\\\/wp-content\\\/uploads\\\/2025\\\/06\\\/Green-Egg-Totaal-Logo.png\",\"width\":225,\"height\":95,\"caption\":\"Green Egg Totaal\"},\"image\":{\"@id\":\"https:\\\/\\\/www.greeneggtotaal.nl\\\/nl\\\/#\\\/schema\\\/logo\\\/image\\\/\"}}]}<\/script>\n<!-- \/ Yoast SEO Premium plugin. -->","yoast_head_json":{"title":"Outil \u00e0 cendres Big Green Egg Small\/MiniMax\/Mini","description":"L'outil Ash Tool pour Small, MiniMax et Mini est id\u00e9al pour \u00e9liminer les cendres et les r\u00e9sidus, ce qui vous permet de nettoyer votre Big Green Egg rapidement et efficacement.","robots":{"index":"index","follow":"follow","max-snippet":"max-snippet:-1","max-image-preview":"max-image-preview:large","max-video-preview":"max-video-preview:-1"},"canonical":"https:\/\/www.greeneggtotaal.nl\/fr\/product\/petit-outil-pour-cendres-big-green-egg-minimax-mini\/","og_locale":"fr_FR","og_type":"article","og_title":"Big Green Egg Ash Tool Small\/MiniMax\/Mini","og_description":"De Ash Tool voor Small, MiniMax en Mini is ideaal voor het verwijderen van as en resten, waardoor je jouw Big Green Egg snel en effici\u00ebnt kunt schoonmaken.","og_url":"https:\/\/www.greeneggtotaal.nl\/fr\/product\/petit-outil-pour-cendres-big-green-egg-minimax-mini\/","og_site_name":"GreenEggTotaal","article_modified_time":"2026-01-19T11:05:14+00:00","og_image":[{"width":500,"height":500,"url":"https:\/\/www.greeneggtotaal.nl\/wp-content\/uploads\/2025\/08\/ontwerp-zonder-titel-2024-11-07t131143.621-2.webp","type":"image\/webp"}],"twitter_card":"summary_large_image","twitter_misc":{"Dur\u00e9e de lecture estim\u00e9e":"1 minute"},"schema":{"@context":"https:\/\/schema.org","@graph":[{"@type":"WebPage","@id":"https:\/\/www.greeneggtotaal.nl\/product\/big-green-egg-ash-tool-small-minimax-mini\/","url":"https:\/\/www.greeneggtotaal.nl\/product\/big-green-egg-ash-tool-small-minimax-mini\/","name":"Outil \u00e0 cendres Big Green Egg Small\/MiniMax\/Mini","isPartOf":{"@id":"https:\/\/www.greeneggtotaal.nl\/nl\/#website"},"primaryImageOfPage":{"@id":"https:\/\/www.greeneggtotaal.nl\/product\/big-green-egg-ash-tool-small-minimax-mini\/#primaryimage"},"image":{"@id":"https:\/\/www.greeneggtotaal.nl\/product\/big-green-egg-ash-tool-small-minimax-mini\/#primaryimage"},"thumbnailUrl":"https:\/\/www.greeneggtotaal.nl\/wp-content\/uploads\/2025\/08\/ontwerp-zonder-titel-2024-11-07t131143.621-2.webp","datePublished":"2025-08-01T11:45:42+00:00","dateModified":"2026-01-19T11:05:14+00:00","description":"L'outil Ash Tool pour Small, MiniMax et Mini est id\u00e9al pour \u00e9liminer les cendres et les r\u00e9sidus, ce qui vous permet de nettoyer votre Big Green Egg rapidement et efficacement.","breadcrumb":{"@id":"https:\/\/www.greeneggtotaal.nl\/product\/big-green-egg-ash-tool-small-minimax-mini\/#breadcrumb"},"inLanguage":"fr-FR","potentialAction":[{"@type":"ReadAction","target":["https:\/\/www.greeneggtotaal.nl\/product\/big-green-egg-ash-tool-small-minimax-mini\/"]}]},{"@type":"ImageObject","inLanguage":"fr-FR","@id":"https:\/\/www.greeneggtotaal.nl\/product\/big-green-egg-ash-tool-small-minimax-mini\/#primaryimage","url":"https:\/\/www.greeneggtotaal.nl\/wp-content\/uploads\/2025\/08\/ontwerp-zonder-titel-2024-11-07t131143.621-2.webp","contentUrl":"https:\/\/www.greeneggtotaal.nl\/wp-content\/uploads\/2025\/08\/ontwerp-zonder-titel-2024-11-07t131143.621-2.webp","width":500,"height":500,"caption":"Big Green Egg Ash Tool Small\/MiniMax\/Mini"},{"@type":"BreadcrumbList","@id":"https:\/\/www.greeneggtotaal.nl\/product\/big-green-egg-ash-tool-small-minimax-mini\/#breadcrumb","itemListElement":[{"@type":"ListItem","position":1,"name":"Home","item":"https:\/\/www.greeneggtotaal.nl\/"},{"@type":"ListItem","position":2,"name":"Shop","item":"https:\/\/www.greeneggtotaal.nl\/nl\/shop\/"},{"@type":"ListItem","position":3,"name":"Big Green Egg Ash Tool Small\/MiniMax\/Mini"}]},{"@type":"WebSite","@id":"https:\/\/www.greeneggtotaal.nl\/nl\/#website","url":"https:\/\/www.greeneggtotaal.nl\/nl\/","name":"greeneggtotaal.nl","description":"Le sp\u00e9cialiste du Big Green Egg","publisher":{"@id":"https:\/\/www.greeneggtotaal.nl\/nl\/#organization"},"potentialAction":[{"@type":"SearchAction","target":{"@type":"EntryPoint","urlTemplate":"https:\/\/www.greeneggtotaal.nl\/nl\/?s={search_term_string}"},"query-input":{"@type":"PropertyValueSpecification","valueRequired":true,"valueName":"search_term_string"}}],"inLanguage":"fr-FR"},{"@type":"Organization","@id":"https:\/\/www.greeneggtotaal.nl\/nl\/#organization","name":"Green Egg Totaal","url":"https:\/\/www.greeneggtotaal.nl\/nl\/","logo":{"@type":"ImageObject","inLanguage":"fr-FR","@id":"https:\/\/www.greeneggtotaal.nl\/nl\/#\/schema\/logo\/image\/","url":"https:\/\/www.greeneggtotaal.nl\/wp-content\/uploads\/2025\/06\/Green-Egg-Totaal-Logo.png","contentUrl":"https:\/\/www.greeneggtotaal.nl\/wp-content\/uploads\/2025\/06\/Green-Egg-Totaal-Logo.png","width":225,"height":95,"caption":"Green Egg Totaal"},"image":{"@id":"https:\/\/www.greeneggtotaal.nl\/nl\/#\/schema\/logo\/image\/"}}]}},"_links":{"self":[{"href":"https:\/\/www.greeneggtotaal.nl\/fr\/wp-json\/wp\/v2\/product\/12145","targetHints":{"allow":["GET"]}}],"collection":[{"href":"https:\/\/www.greeneggtotaal.nl\/fr\/wp-json\/wp\/v2\/product"}],"about":[{"href":"https:\/\/www.greeneggtotaal.nl\/fr\/wp-json\/wp\/v2\/types\/product"}],"wp:featuredmedia":[{"embeddable":true,"href":"https:\/\/www.greeneggtotaal.nl\/fr\/wp-json\/wp\/v2\/media\/12144"}],"wp:attachment":[{"href":"https:\/\/www.greeneggtotaal.nl\/fr\/wp-json\/wp\/v2\/media?parent=12145"}],"wp:term":[{"taxonomy":"product_brand","embeddable":true,"href":"https:\/\/www.greeneggtotaal.nl\/fr\/wp-json\/wp\/v2\/product_brand?post=12145"},{"taxonomy":"product_cat","embeddable":true,"href":"https:\/\/www.greeneggtotaal.nl\/fr\/wp-json\/wp\/v2\/product_cat?post=12145"},{"taxonomy":"product_tag","embeddable":true,"href":"https:\/\/www.greeneggtotaal.nl\/fr\/wp-json\/wp\/v2\/product_tag?post=12145"}],"curies":[{"name":"wp","href":"https:\/\/api.w.org\/{rel}","templated":true}]}}