{"id":12186,"date":"2025-08-01T13:45:53","date_gmt":"2025-08-01T11:45:53","guid":{"rendered":"https:\/\/baselinkweb.nl\/greeneggtotaal\/product\/big-green-egg-kiphouder-met-bierblikhouder\/"},"modified":"2026-01-19T12:03:27","modified_gmt":"2026-01-19T11:03:27","slug":"support-pour-poulet-big-green-egg-avec-porte-canettes","status":"publish","type":"product","link":"https:\/\/www.greeneggtotaal.nl\/fr\/product\/big-green-egg-kiphouder-met-bierblikhouder\/","title":{"rendered":"Support pour poulets Big Green Egg avec support pour canettes de bi\u00e8re"},"content":{"rendered":"<p><strong>Le poulet \u00e0 la canette de bi\u00e8re est un classique am\u00e9ricain qui consiste \u00e0 placer le poulet sur une canette de bi\u00e8re ouverte et \u00e0 moiti\u00e9 pleine. Pendant la cuisson, la bi\u00e8re dans la canette s'\u00e9vapore, rendant le poulet encore plus tendre et juteux \u00e0 l'int\u00e9rieur. Cela vous semble difficile ? Pas avec le Beer Can Chicken Roaster ! Il maintient la canette de bi\u00e8re dans un support solide en fil m\u00e9tallique, l'emp\u00eachant ainsi de se renverser.<\/strong><\/p>\n<p>Du poulet grill\u00e9, accompagn\u00e9 d'une bi\u00e8re. Non, avec une bi\u00e8re en dessous. Le Beer Can Chicken Roaster en acier inoxydable est le support id\u00e9al pour les canettes de bi\u00e8re. Placez-le dans un bac d'\u00e9gouttage rond pour \u00e9viter les flammes caus\u00e9es par les gouttes de graisse.<\/p>","protected":false},"excerpt":{"rendered":"<p>Beer can chicken is een Amerikaanse klassieker waarbij je de kip over een geopend, halfvol blikje bier plaatst. Tijdens het garen van de kip gaat het bier in het blikje stomen, waardoor de kip van binnen extra mals en sappig wordt. Klinkt dat moeilijk? Niet met de Beer Can Chicken Roaster! Deze omklemt het bierblikje [&hellip;]<\/p>\n","protected":false},"featured_media":12185,"template":"","meta":[],"product_brand":[229],"product_cat":[109,104,102,100,106],"product_tag":[],"class_list":{"0":"post-12186","1":"product","2":"type-product","3":"status-publish","4":"has-post-thumbnail","6":"product_brand-big-green-egg","7":"product_cat-2xl-accessoires","8":"product_cat-large-accessoires","9":"product_cat-medium-accessoires","10":"product_cat-small-accessoires","11":"product_cat-xl-accessoires","13":"first","14":"instock","15":"sale","16":"taxable","17":"shipping-taxable","18":"purchasable","19":"product-type-simple"},"yoast_head":"<!-- This site is optimized with the Yoast SEO Premium plugin v27.4 (Yoast SEO v27.4) - https:\/\/yoast.com\/product\/yoast-seo-premium-wordpress\/ -->\n<title>Big Green Egg Kiphouder Met Bierblikhouder<\/title>\n<meta name=\"description\" content=\"De Kiphouder met Bierblikhouder zorgt voor een sappige, smaakvolle kip. Plaats eenvoudig een blikje bier in de houder voor extra vocht en aroma.\" \/>\n<meta name=\"robots\" content=\"index, follow, max-snippet:-1, max-image-preview:large, max-video-preview:-1\" \/>\n<link rel=\"canonical\" href=\"https:\/\/www.greeneggtotaal.nl\/fr\/product\/support-pour-poulet-big-green-egg-avec-porte-canettes\/\" \/>\n<meta property=\"og:locale\" content=\"fr_FR\" \/>\n<meta property=\"og:type\" content=\"article\" \/>\n<meta property=\"og:title\" content=\"Big Green Egg Kiphouder Met Bierblikhouder\" \/>\n<meta property=\"og:description\" content=\"De Kiphouder met Bierblikhouder zorgt voor een sappige, smaakvolle kip. Plaats eenvoudig een blikje bier in de houder voor extra vocht en aroma.\" \/>\n<meta property=\"og:url\" content=\"https:\/\/www.greeneggtotaal.nl\/fr\/product\/support-pour-poulet-big-green-egg-avec-porte-canettes\/\" \/>\n<meta property=\"og:site_name\" content=\"GreenEggTotaal\" \/>\n<meta property=\"article:modified_time\" content=\"2026-01-19T11:03:27+00:00\" \/>\n<meta property=\"og:image\" content=\"https:\/\/www.greeneggtotaal.nl\/wp-content\/uploads\/2025\/08\/charcoal-companion-kiphouder-1.webp\" \/>\n\t<meta property=\"og:image:width\" content=\"500\" \/>\n\t<meta property=\"og:image:height\" content=\"500\" \/>\n\t<meta property=\"og:image:type\" content=\"image\/webp\" \/>\n<meta name=\"twitter:card\" content=\"summary_large_image\" \/>\n<meta name=\"twitter:label1\" content=\"Dur\u00e9e de lecture estim\u00e9e\" \/>\n\t<meta name=\"twitter:data1\" content=\"1 minute\" \/>\n<script type=\"application\/ld+json\" class=\"yoast-schema-graph\">{\"@context\":\"https:\\\/\\\/schema.org\",\"@graph\":[{\"@type\":\"WebPage\",\"@id\":\"https:\\\/\\\/www.greeneggtotaal.nl\\\/product\\\/big-green-egg-kiphouder-met-bierblikhouder\\\/\",\"url\":\"https:\\\/\\\/www.greeneggtotaal.nl\\\/product\\\/big-green-egg-kiphouder-met-bierblikhouder\\\/\",\"name\":\"Big Green Egg Kiphouder Met Bierblikhouder\",\"isPartOf\":{\"@id\":\"https:\\\/\\\/www.greeneggtotaal.nl\\\/nl\\\/#website\"},\"primaryImageOfPage\":{\"@id\":\"https:\\\/\\\/www.greeneggtotaal.nl\\\/product\\\/big-green-egg-kiphouder-met-bierblikhouder\\\/#primaryimage\"},\"image\":{\"@id\":\"https:\\\/\\\/www.greeneggtotaal.nl\\\/product\\\/big-green-egg-kiphouder-met-bierblikhouder\\\/#primaryimage\"},\"thumbnailUrl\":\"https:\\\/\\\/www.greeneggtotaal.nl\\\/wp-content\\\/uploads\\\/2025\\\/08\\\/charcoal-companion-kiphouder-1.webp\",\"datePublished\":\"2025-08-01T11:45:53+00:00\",\"dateModified\":\"2026-01-19T11:03:27+00:00\",\"description\":\"De Kiphouder met Bierblikhouder zorgt voor een sappige, smaakvolle kip. Plaats eenvoudig een blikje bier in de houder voor extra vocht en aroma.\",\"breadcrumb\":{\"@id\":\"https:\\\/\\\/www.greeneggtotaal.nl\\\/product\\\/big-green-egg-kiphouder-met-bierblikhouder\\\/#breadcrumb\"},\"inLanguage\":\"fr-FR\",\"potentialAction\":[{\"@type\":\"ReadAction\",\"target\":[\"https:\\\/\\\/www.greeneggtotaal.nl\\\/product\\\/big-green-egg-kiphouder-met-bierblikhouder\\\/\"]}]},{\"@type\":\"ImageObject\",\"inLanguage\":\"fr-FR\",\"@id\":\"https:\\\/\\\/www.greeneggtotaal.nl\\\/product\\\/big-green-egg-kiphouder-met-bierblikhouder\\\/#primaryimage\",\"url\":\"https:\\\/\\\/www.greeneggtotaal.nl\\\/wp-content\\\/uploads\\\/2025\\\/08\\\/charcoal-companion-kiphouder-1.webp\",\"contentUrl\":\"https:\\\/\\\/www.greeneggtotaal.nl\\\/wp-content\\\/uploads\\\/2025\\\/08\\\/charcoal-companion-kiphouder-1.webp\",\"width\":500,\"height\":500,\"caption\":\"Big Green Egg Kiphouder Met Bierblikhouder\"},{\"@type\":\"BreadcrumbList\",\"@id\":\"https:\\\/\\\/www.greeneggtotaal.nl\\\/product\\\/big-green-egg-kiphouder-met-bierblikhouder\\\/#breadcrumb\",\"itemListElement\":[{\"@type\":\"ListItem\",\"position\":1,\"name\":\"Home\",\"item\":\"https:\\\/\\\/www.greeneggtotaal.nl\\\/\"},{\"@type\":\"ListItem\",\"position\":2,\"name\":\"Shop\",\"item\":\"https:\\\/\\\/www.greeneggtotaal.nl\\\/nl\\\/shop\\\/\"},{\"@type\":\"ListItem\",\"position\":3,\"name\":\"Big Green Egg Kiphouder Met Bierblikhouder\"}]},{\"@type\":\"WebSite\",\"@id\":\"https:\\\/\\\/www.greeneggtotaal.nl\\\/nl\\\/#website\",\"url\":\"https:\\\/\\\/www.greeneggtotaal.nl\\\/nl\\\/\",\"name\":\"greeneggtotaal.nl\",\"description\":\"D\u00e9 Big Green Egg Specialist\",\"publisher\":{\"@id\":\"https:\\\/\\\/www.greeneggtotaal.nl\\\/nl\\\/#organization\"},\"potentialAction\":[{\"@type\":\"SearchAction\",\"target\":{\"@type\":\"EntryPoint\",\"urlTemplate\":\"https:\\\/\\\/www.greeneggtotaal.nl\\\/nl\\\/?s={search_term_string}\"},\"query-input\":{\"@type\":\"PropertyValueSpecification\",\"valueRequired\":true,\"valueName\":\"search_term_string\"}}],\"inLanguage\":\"fr-FR\"},{\"@type\":\"Organization\",\"@id\":\"https:\\\/\\\/www.greeneggtotaal.nl\\\/nl\\\/#organization\",\"name\":\"Green Egg Totaal\",\"url\":\"https:\\\/\\\/www.greeneggtotaal.nl\\\/nl\\\/\",\"logo\":{\"@type\":\"ImageObject\",\"inLanguage\":\"fr-FR\",\"@id\":\"https:\\\/\\\/www.greeneggtotaal.nl\\\/nl\\\/#\\\/schema\\\/logo\\\/image\\\/\",\"url\":\"https:\\\/\\\/www.greeneggtotaal.nl\\\/wp-content\\\/uploads\\\/2025\\\/06\\\/Green-Egg-Totaal-Logo.png\",\"contentUrl\":\"https:\\\/\\\/www.greeneggtotaal.nl\\\/wp-content\\\/uploads\\\/2025\\\/06\\\/Green-Egg-Totaal-Logo.png\",\"width\":225,\"height\":95,\"caption\":\"Green Egg Totaal\"},\"image\":{\"@id\":\"https:\\\/\\\/www.greeneggtotaal.nl\\\/nl\\\/#\\\/schema\\\/logo\\\/image\\\/\"}}]}<\/script>\n<!-- \/ Yoast SEO Premium plugin. -->","yoast_head_json":{"title":"Support pour poulets Big Green Egg avec support pour canettes de bi\u00e8re","description":"Le support \u00e0 poulet avec porte-canette de bi\u00e8re garantit un poulet juteux et savoureux. Il suffit de placer une canette de bi\u00e8re dans le support pour obtenir davantage de jus et d'ar\u00f4me.","robots":{"index":"index","follow":"follow","max-snippet":"max-snippet:-1","max-image-preview":"max-image-preview:large","max-video-preview":"max-video-preview:-1"},"canonical":"https:\/\/www.greeneggtotaal.nl\/fr\/product\/support-pour-poulet-big-green-egg-avec-porte-canettes\/","og_locale":"fr_FR","og_type":"article","og_title":"Big Green Egg Kiphouder Met Bierblikhouder","og_description":"De Kiphouder met Bierblikhouder zorgt voor een sappige, smaakvolle kip. Plaats eenvoudig een blikje bier in de houder voor extra vocht en aroma.","og_url":"https:\/\/www.greeneggtotaal.nl\/fr\/product\/support-pour-poulet-big-green-egg-avec-porte-canettes\/","og_site_name":"GreenEggTotaal","article_modified_time":"2026-01-19T11:03:27+00:00","og_image":[{"width":500,"height":500,"url":"https:\/\/www.greeneggtotaal.nl\/wp-content\/uploads\/2025\/08\/charcoal-companion-kiphouder-1.webp","type":"image\/webp"}],"twitter_card":"summary_large_image","twitter_misc":{"Dur\u00e9e de lecture estim\u00e9e":"1 minute"},"schema":{"@context":"https:\/\/schema.org","@graph":[{"@type":"WebPage","@id":"https:\/\/www.greeneggtotaal.nl\/product\/big-green-egg-kiphouder-met-bierblikhouder\/","url":"https:\/\/www.greeneggtotaal.nl\/product\/big-green-egg-kiphouder-met-bierblikhouder\/","name":"Support pour poulets Big Green Egg avec support pour canettes de bi\u00e8re","isPartOf":{"@id":"https:\/\/www.greeneggtotaal.nl\/nl\/#website"},"primaryImageOfPage":{"@id":"https:\/\/www.greeneggtotaal.nl\/product\/big-green-egg-kiphouder-met-bierblikhouder\/#primaryimage"},"image":{"@id":"https:\/\/www.greeneggtotaal.nl\/product\/big-green-egg-kiphouder-met-bierblikhouder\/#primaryimage"},"thumbnailUrl":"https:\/\/www.greeneggtotaal.nl\/wp-content\/uploads\/2025\/08\/charcoal-companion-kiphouder-1.webp","datePublished":"2025-08-01T11:45:53+00:00","dateModified":"2026-01-19T11:03:27+00:00","description":"Le support \u00e0 poulet avec porte-canette de bi\u00e8re garantit un poulet juteux et savoureux. Il suffit de placer une canette de bi\u00e8re dans le support pour obtenir davantage de jus et d'ar\u00f4me.","breadcrumb":{"@id":"https:\/\/www.greeneggtotaal.nl\/product\/big-green-egg-kiphouder-met-bierblikhouder\/#breadcrumb"},"inLanguage":"fr-FR","potentialAction":[{"@type":"ReadAction","target":["https:\/\/www.greeneggtotaal.nl\/product\/big-green-egg-kiphouder-met-bierblikhouder\/"]}]},{"@type":"ImageObject","inLanguage":"fr-FR","@id":"https:\/\/www.greeneggtotaal.nl\/product\/big-green-egg-kiphouder-met-bierblikhouder\/#primaryimage","url":"https:\/\/www.greeneggtotaal.nl\/wp-content\/uploads\/2025\/08\/charcoal-companion-kiphouder-1.webp","contentUrl":"https:\/\/www.greeneggtotaal.nl\/wp-content\/uploads\/2025\/08\/charcoal-companion-kiphouder-1.webp","width":500,"height":500,"caption":"Big Green Egg Kiphouder Met Bierblikhouder"},{"@type":"BreadcrumbList","@id":"https:\/\/www.greeneggtotaal.nl\/product\/big-green-egg-kiphouder-met-bierblikhouder\/#breadcrumb","itemListElement":[{"@type":"ListItem","position":1,"name":"Home","item":"https:\/\/www.greeneggtotaal.nl\/"},{"@type":"ListItem","position":2,"name":"Shop","item":"https:\/\/www.greeneggtotaal.nl\/nl\/shop\/"},{"@type":"ListItem","position":3,"name":"Big Green Egg Kiphouder Met Bierblikhouder"}]},{"@type":"WebSite","@id":"https:\/\/www.greeneggtotaal.nl\/nl\/#website","url":"https:\/\/www.greeneggtotaal.nl\/nl\/","name":"greeneggtotaal.nl","description":"Le sp\u00e9cialiste du Big Green Egg","publisher":{"@id":"https:\/\/www.greeneggtotaal.nl\/nl\/#organization"},"potentialAction":[{"@type":"SearchAction","target":{"@type":"EntryPoint","urlTemplate":"https:\/\/www.greeneggtotaal.nl\/nl\/?s={search_term_string}"},"query-input":{"@type":"PropertyValueSpecification","valueRequired":true,"valueName":"search_term_string"}}],"inLanguage":"fr-FR"},{"@type":"Organization","@id":"https:\/\/www.greeneggtotaal.nl\/nl\/#organization","name":"Green Egg Totaal","url":"https:\/\/www.greeneggtotaal.nl\/nl\/","logo":{"@type":"ImageObject","inLanguage":"fr-FR","@id":"https:\/\/www.greeneggtotaal.nl\/nl\/#\/schema\/logo\/image\/","url":"https:\/\/www.greeneggtotaal.nl\/wp-content\/uploads\/2025\/06\/Green-Egg-Totaal-Logo.png","contentUrl":"https:\/\/www.greeneggtotaal.nl\/wp-content\/uploads\/2025\/06\/Green-Egg-Totaal-Logo.png","width":225,"height":95,"caption":"Green Egg Totaal"},"image":{"@id":"https:\/\/www.greeneggtotaal.nl\/nl\/#\/schema\/logo\/image\/"}}]}},"_links":{"self":[{"href":"https:\/\/www.greeneggtotaal.nl\/fr\/wp-json\/wp\/v2\/product\/12186","targetHints":{"allow":["GET"]}}],"collection":[{"href":"https:\/\/www.greeneggtotaal.nl\/fr\/wp-json\/wp\/v2\/product"}],"about":[{"href":"https:\/\/www.greeneggtotaal.nl\/fr\/wp-json\/wp\/v2\/types\/product"}],"wp:featuredmedia":[{"embeddable":true,"href":"https:\/\/www.greeneggtotaal.nl\/fr\/wp-json\/wp\/v2\/media\/12185"}],"wp:attachment":[{"href":"https:\/\/www.greeneggtotaal.nl\/fr\/wp-json\/wp\/v2\/media?parent=12186"}],"wp:term":[{"taxonomy":"product_brand","embeddable":true,"href":"https:\/\/www.greeneggtotaal.nl\/fr\/wp-json\/wp\/v2\/product_brand?post=12186"},{"taxonomy":"product_cat","embeddable":true,"href":"https:\/\/www.greeneggtotaal.nl\/fr\/wp-json\/wp\/v2\/product_cat?post=12186"},{"taxonomy":"product_tag","embeddable":true,"href":"https:\/\/www.greeneggtotaal.nl\/fr\/wp-json\/wp\/v2\/product_tag?post=12186"}],"curies":[{"name":"wp","href":"https:\/\/api.w.org\/{rel}","templated":true}]}}