{"id":12188,"date":"2025-08-01T13:45:53","date_gmt":"2025-08-01T11:45:53","guid":{"rendered":"https:\/\/baselinkweb.nl\/greeneggtotaal\/product\/big-green-egg-druippan-wegwerpmodel-small-minimax-medium\/"},"modified":"2026-01-19T12:07:16","modified_gmt":"2026-01-19T11:07:16","slug":"big-green-egg-bac-degouttage-modele-jetable-small-minimax-medium","status":"publish","type":"product","link":"https:\/\/www.greeneggtotaal.nl\/fr\/product\/big-green-egg-druippan-wegwerpmodel-small-minimax-medium\/","title":{"rendered":"Autocuiseur Big Green Egg Mod\u00e8le jetable Small\/MiniMax\/Medium"},"content":{"rendered":"<p><strong>Les bacs d'\u00e9gouttage jetables Big Green Egg sont vendus par 5 et sont disponibles en 3 tailles. Id\u00e9ales si vous cuisinez indirectement et souhaitez prot\u00e9ger votre convEGGtor des gouttes de graisse, de l'humidit\u00e9 et des restes. Ces plateaux d'\u00e9gouttage en aluminium sont pratiques, commodes et permettent de gagner du temps. Le poulet grill\u00e9 est \u00e0 l'ordre du jour !<\/strong><\/p>\n<p>5 pi\u00e8ces par paquet<\/p>","protected":false},"excerpt":{"rendered":"<p>De Big Green Egg Disposable Drip Pans zitten met 5 stuks in een verpakking en zijn er in 3 formaten. Ideaal als je indirect kookt en je je convEGGtor wilt beschermen tegen druipend vet, vocht en restjes. Deze aluminium lekbakjes zijn praktisch, makkelijk en tijdbesparend. Kom maar op met dat gegrilde kippetje! 5 stuks per [&hellip;]<\/p>\n","protected":false},"featured_media":12187,"template":"","meta":[],"product_brand":[229],"product_cat":[102,181,100],"product_tag":[],"class_list":{"0":"post-12188","1":"product","2":"type-product","3":"status-publish","4":"has-post-thumbnail","6":"product_brand-big-green-egg","7":"product_cat-medium-accessoires","8":"product_cat-minimax-accessoires","9":"product_cat-small-accessoires","11":"first","12":"instock","13":"sale","14":"taxable","15":"shipping-taxable","16":"purchasable","17":"product-type-simple"},"yoast_head":"<!-- This site is optimized with the Yoast SEO Premium plugin v27.4 (Yoast SEO v27.4) - https:\/\/yoast.com\/product\/yoast-seo-premium-wordpress\/ -->\n<title>Big Green Egg Druippan Wegwerpmodel Small\/MiniMax\/Medium<\/title>\n<meta name=\"description\" content=\"De wegwerp druippan voor Small, MiniMax en Medium biedt een handige oplossing voor eenvoudig schoonmaken en vetopvang tijdens het grillen.\" \/>\n<meta name=\"robots\" content=\"index, follow, max-snippet:-1, max-image-preview:large, max-video-preview:-1\" \/>\n<link rel=\"canonical\" href=\"https:\/\/www.greeneggtotaal.nl\/fr\/product\/big-green-egg-bac-degouttage-modele-jetable-small-minimax-medium\/\" \/>\n<meta property=\"og:locale\" content=\"fr_FR\" \/>\n<meta property=\"og:type\" content=\"article\" \/>\n<meta property=\"og:title\" content=\"Big Green Egg Druippan Wegwerpmodel Small\/MiniMax\/Medium\" \/>\n<meta property=\"og:description\" content=\"De wegwerp druippan voor Small, MiniMax en Medium biedt een handige oplossing voor eenvoudig schoonmaken en vetopvang tijdens het grillen.\" \/>\n<meta property=\"og:url\" content=\"https:\/\/www.greeneggtotaal.nl\/fr\/product\/big-green-egg-bac-degouttage-modele-jetable-small-minimax-medium\/\" \/>\n<meta property=\"og:site_name\" content=\"GreenEggTotaal\" \/>\n<meta property=\"article:modified_time\" content=\"2026-01-19T11:07:16+00:00\" \/>\n<meta property=\"og:image\" content=\"https:\/\/www.greeneggtotaal.nl\/wp-content\/uploads\/2025\/08\/druip-kopie-1-1.webp\" \/>\n\t<meta property=\"og:image:width\" content=\"500\" \/>\n\t<meta property=\"og:image:height\" content=\"500\" \/>\n\t<meta property=\"og:image:type\" content=\"image\/webp\" \/>\n<meta name=\"twitter:card\" content=\"summary_large_image\" \/>\n<meta name=\"twitter:label1\" content=\"Dur\u00e9e de lecture estim\u00e9e\" \/>\n\t<meta name=\"twitter:data1\" content=\"1 minute\" \/>\n<script type=\"application\/ld+json\" class=\"yoast-schema-graph\">{\"@context\":\"https:\\\/\\\/schema.org\",\"@graph\":[{\"@type\":\"WebPage\",\"@id\":\"https:\\\/\\\/www.greeneggtotaal.nl\\\/product\\\/big-green-egg-druippan-wegwerpmodel-small-minimax-medium\\\/\",\"url\":\"https:\\\/\\\/www.greeneggtotaal.nl\\\/product\\\/big-green-egg-druippan-wegwerpmodel-small-minimax-medium\\\/\",\"name\":\"Big Green Egg Druippan Wegwerpmodel Small\\\/MiniMax\\\/Medium\",\"isPartOf\":{\"@id\":\"https:\\\/\\\/www.greeneggtotaal.nl\\\/nl\\\/#website\"},\"primaryImageOfPage\":{\"@id\":\"https:\\\/\\\/www.greeneggtotaal.nl\\\/product\\\/big-green-egg-druippan-wegwerpmodel-small-minimax-medium\\\/#primaryimage\"},\"image\":{\"@id\":\"https:\\\/\\\/www.greeneggtotaal.nl\\\/product\\\/big-green-egg-druippan-wegwerpmodel-small-minimax-medium\\\/#primaryimage\"},\"thumbnailUrl\":\"https:\\\/\\\/www.greeneggtotaal.nl\\\/wp-content\\\/uploads\\\/2025\\\/08\\\/druip-kopie-1-1.webp\",\"datePublished\":\"2025-08-01T11:45:53+00:00\",\"dateModified\":\"2026-01-19T11:07:16+00:00\",\"description\":\"De wegwerp druippan voor Small, MiniMax en Medium biedt een handige oplossing voor eenvoudig schoonmaken en vetopvang tijdens het grillen.\",\"breadcrumb\":{\"@id\":\"https:\\\/\\\/www.greeneggtotaal.nl\\\/product\\\/big-green-egg-druippan-wegwerpmodel-small-minimax-medium\\\/#breadcrumb\"},\"inLanguage\":\"fr-FR\",\"potentialAction\":[{\"@type\":\"ReadAction\",\"target\":[\"https:\\\/\\\/www.greeneggtotaal.nl\\\/product\\\/big-green-egg-druippan-wegwerpmodel-small-minimax-medium\\\/\"]}]},{\"@type\":\"ImageObject\",\"inLanguage\":\"fr-FR\",\"@id\":\"https:\\\/\\\/www.greeneggtotaal.nl\\\/product\\\/big-green-egg-druippan-wegwerpmodel-small-minimax-medium\\\/#primaryimage\",\"url\":\"https:\\\/\\\/www.greeneggtotaal.nl\\\/wp-content\\\/uploads\\\/2025\\\/08\\\/druip-kopie-1-1.webp\",\"contentUrl\":\"https:\\\/\\\/www.greeneggtotaal.nl\\\/wp-content\\\/uploads\\\/2025\\\/08\\\/druip-kopie-1-1.webp\",\"width\":500,\"height\":500,\"caption\":\"Big Green Egg Druippan Wegwerpmodel Large\"},{\"@type\":\"BreadcrumbList\",\"@id\":\"https:\\\/\\\/www.greeneggtotaal.nl\\\/product\\\/big-green-egg-druippan-wegwerpmodel-small-minimax-medium\\\/#breadcrumb\",\"itemListElement\":[{\"@type\":\"ListItem\",\"position\":1,\"name\":\"Home\",\"item\":\"https:\\\/\\\/www.greeneggtotaal.nl\\\/\"},{\"@type\":\"ListItem\",\"position\":2,\"name\":\"Shop\",\"item\":\"https:\\\/\\\/www.greeneggtotaal.nl\\\/nl\\\/shop\\\/\"},{\"@type\":\"ListItem\",\"position\":3,\"name\":\"Big Green Egg Druippan Wegwerpmodel Small\\\/MiniMax\\\/Medium\"}]},{\"@type\":\"WebSite\",\"@id\":\"https:\\\/\\\/www.greeneggtotaal.nl\\\/nl\\\/#website\",\"url\":\"https:\\\/\\\/www.greeneggtotaal.nl\\\/nl\\\/\",\"name\":\"greeneggtotaal.nl\",\"description\":\"D\u00e9 Big Green Egg Specialist\",\"publisher\":{\"@id\":\"https:\\\/\\\/www.greeneggtotaal.nl\\\/nl\\\/#organization\"},\"potentialAction\":[{\"@type\":\"SearchAction\",\"target\":{\"@type\":\"EntryPoint\",\"urlTemplate\":\"https:\\\/\\\/www.greeneggtotaal.nl\\\/nl\\\/?s={search_term_string}\"},\"query-input\":{\"@type\":\"PropertyValueSpecification\",\"valueRequired\":true,\"valueName\":\"search_term_string\"}}],\"inLanguage\":\"fr-FR\"},{\"@type\":\"Organization\",\"@id\":\"https:\\\/\\\/www.greeneggtotaal.nl\\\/nl\\\/#organization\",\"name\":\"Green Egg Totaal\",\"url\":\"https:\\\/\\\/www.greeneggtotaal.nl\\\/nl\\\/\",\"logo\":{\"@type\":\"ImageObject\",\"inLanguage\":\"fr-FR\",\"@id\":\"https:\\\/\\\/www.greeneggtotaal.nl\\\/nl\\\/#\\\/schema\\\/logo\\\/image\\\/\",\"url\":\"https:\\\/\\\/www.greeneggtotaal.nl\\\/wp-content\\\/uploads\\\/2025\\\/06\\\/Green-Egg-Totaal-Logo.png\",\"contentUrl\":\"https:\\\/\\\/www.greeneggtotaal.nl\\\/wp-content\\\/uploads\\\/2025\\\/06\\\/Green-Egg-Totaal-Logo.png\",\"width\":225,\"height\":95,\"caption\":\"Green Egg Totaal\"},\"image\":{\"@id\":\"https:\\\/\\\/www.greeneggtotaal.nl\\\/nl\\\/#\\\/schema\\\/logo\\\/image\\\/\"}}]}<\/script>\n<!-- \/ Yoast SEO Premium plugin. -->","yoast_head_json":{"title":"Autocuiseur Big Green Egg Mod\u00e8le jetable Small\/MiniMax\/Medium","description":"Le bac d'\u00e9gouttage jetable pour Small, MiniMax et Medium offre une solution pratique pour faciliter le nettoyage et la collecte des graisses pendant la cuisson.","robots":{"index":"index","follow":"follow","max-snippet":"max-snippet:-1","max-image-preview":"max-image-preview:large","max-video-preview":"max-video-preview:-1"},"canonical":"https:\/\/www.greeneggtotaal.nl\/fr\/product\/big-green-egg-bac-degouttage-modele-jetable-small-minimax-medium\/","og_locale":"fr_FR","og_type":"article","og_title":"Big Green Egg Druippan Wegwerpmodel Small\/MiniMax\/Medium","og_description":"De wegwerp druippan voor Small, MiniMax en Medium biedt een handige oplossing voor eenvoudig schoonmaken en vetopvang tijdens het grillen.","og_url":"https:\/\/www.greeneggtotaal.nl\/fr\/product\/big-green-egg-bac-degouttage-modele-jetable-small-minimax-medium\/","og_site_name":"GreenEggTotaal","article_modified_time":"2026-01-19T11:07:16+00:00","og_image":[{"width":500,"height":500,"url":"https:\/\/www.greeneggtotaal.nl\/wp-content\/uploads\/2025\/08\/druip-kopie-1-1.webp","type":"image\/webp"}],"twitter_card":"summary_large_image","twitter_misc":{"Dur\u00e9e de lecture estim\u00e9e":"1 minute"},"schema":{"@context":"https:\/\/schema.org","@graph":[{"@type":"WebPage","@id":"https:\/\/www.greeneggtotaal.nl\/product\/big-green-egg-druippan-wegwerpmodel-small-minimax-medium\/","url":"https:\/\/www.greeneggtotaal.nl\/product\/big-green-egg-druippan-wegwerpmodel-small-minimax-medium\/","name":"Autocuiseur Big Green Egg Mod\u00e8le jetable Small\/MiniMax\/Medium","isPartOf":{"@id":"https:\/\/www.greeneggtotaal.nl\/nl\/#website"},"primaryImageOfPage":{"@id":"https:\/\/www.greeneggtotaal.nl\/product\/big-green-egg-druippan-wegwerpmodel-small-minimax-medium\/#primaryimage"},"image":{"@id":"https:\/\/www.greeneggtotaal.nl\/product\/big-green-egg-druippan-wegwerpmodel-small-minimax-medium\/#primaryimage"},"thumbnailUrl":"https:\/\/www.greeneggtotaal.nl\/wp-content\/uploads\/2025\/08\/druip-kopie-1-1.webp","datePublished":"2025-08-01T11:45:53+00:00","dateModified":"2026-01-19T11:07:16+00:00","description":"Le bac d'\u00e9gouttage jetable pour Small, MiniMax et Medium offre une solution pratique pour faciliter le nettoyage et la collecte des graisses pendant la cuisson.","breadcrumb":{"@id":"https:\/\/www.greeneggtotaal.nl\/product\/big-green-egg-druippan-wegwerpmodel-small-minimax-medium\/#breadcrumb"},"inLanguage":"fr-FR","potentialAction":[{"@type":"ReadAction","target":["https:\/\/www.greeneggtotaal.nl\/product\/big-green-egg-druippan-wegwerpmodel-small-minimax-medium\/"]}]},{"@type":"ImageObject","inLanguage":"fr-FR","@id":"https:\/\/www.greeneggtotaal.nl\/product\/big-green-egg-druippan-wegwerpmodel-small-minimax-medium\/#primaryimage","url":"https:\/\/www.greeneggtotaal.nl\/wp-content\/uploads\/2025\/08\/druip-kopie-1-1.webp","contentUrl":"https:\/\/www.greeneggtotaal.nl\/wp-content\/uploads\/2025\/08\/druip-kopie-1-1.webp","width":500,"height":500,"caption":"Big Green Egg Druippan Wegwerpmodel Large"},{"@type":"BreadcrumbList","@id":"https:\/\/www.greeneggtotaal.nl\/product\/big-green-egg-druippan-wegwerpmodel-small-minimax-medium\/#breadcrumb","itemListElement":[{"@type":"ListItem","position":1,"name":"Home","item":"https:\/\/www.greeneggtotaal.nl\/"},{"@type":"ListItem","position":2,"name":"Shop","item":"https:\/\/www.greeneggtotaal.nl\/nl\/shop\/"},{"@type":"ListItem","position":3,"name":"Big Green Egg Druippan Wegwerpmodel Small\/MiniMax\/Medium"}]},{"@type":"WebSite","@id":"https:\/\/www.greeneggtotaal.nl\/nl\/#website","url":"https:\/\/www.greeneggtotaal.nl\/nl\/","name":"greeneggtotaal.nl","description":"Le sp\u00e9cialiste du Big Green Egg","publisher":{"@id":"https:\/\/www.greeneggtotaal.nl\/nl\/#organization"},"potentialAction":[{"@type":"SearchAction","target":{"@type":"EntryPoint","urlTemplate":"https:\/\/www.greeneggtotaal.nl\/nl\/?s={search_term_string}"},"query-input":{"@type":"PropertyValueSpecification","valueRequired":true,"valueName":"search_term_string"}}],"inLanguage":"fr-FR"},{"@type":"Organization","@id":"https:\/\/www.greeneggtotaal.nl\/nl\/#organization","name":"Green Egg Totaal","url":"https:\/\/www.greeneggtotaal.nl\/nl\/","logo":{"@type":"ImageObject","inLanguage":"fr-FR","@id":"https:\/\/www.greeneggtotaal.nl\/nl\/#\/schema\/logo\/image\/","url":"https:\/\/www.greeneggtotaal.nl\/wp-content\/uploads\/2025\/06\/Green-Egg-Totaal-Logo.png","contentUrl":"https:\/\/www.greeneggtotaal.nl\/wp-content\/uploads\/2025\/06\/Green-Egg-Totaal-Logo.png","width":225,"height":95,"caption":"Green Egg Totaal"},"image":{"@id":"https:\/\/www.greeneggtotaal.nl\/nl\/#\/schema\/logo\/image\/"}}]}},"_links":{"self":[{"href":"https:\/\/www.greeneggtotaal.nl\/fr\/wp-json\/wp\/v2\/product\/12188","targetHints":{"allow":["GET"]}}],"collection":[{"href":"https:\/\/www.greeneggtotaal.nl\/fr\/wp-json\/wp\/v2\/product"}],"about":[{"href":"https:\/\/www.greeneggtotaal.nl\/fr\/wp-json\/wp\/v2\/types\/product"}],"wp:featuredmedia":[{"embeddable":true,"href":"https:\/\/www.greeneggtotaal.nl\/fr\/wp-json\/wp\/v2\/media\/12187"}],"wp:attachment":[{"href":"https:\/\/www.greeneggtotaal.nl\/fr\/wp-json\/wp\/v2\/media?parent=12188"}],"wp:term":[{"taxonomy":"product_brand","embeddable":true,"href":"https:\/\/www.greeneggtotaal.nl\/fr\/wp-json\/wp\/v2\/product_brand?post=12188"},{"taxonomy":"product_cat","embeddable":true,"href":"https:\/\/www.greeneggtotaal.nl\/fr\/wp-json\/wp\/v2\/product_cat?post=12188"},{"taxonomy":"product_tag","embeddable":true,"href":"https:\/\/www.greeneggtotaal.nl\/fr\/wp-json\/wp\/v2\/product_tag?post=12188"}],"curies":[{"name":"wp","href":"https:\/\/api.w.org\/{rel}","templated":true}]}}