{"id":12192,"date":"2025-08-01T13:45:54","date_gmt":"2025-08-01T11:45:54","guid":{"rendered":"https:\/\/baselinkweb.nl\/greeneggtotaal\/product\/big-green-egg-compact-pizza-cutter\/"},"modified":"2026-01-06T09:36:40","modified_gmt":"2026-01-06T08:36:40","slug":"coupe-pizza-compact-big-green-egg","status":"publish","type":"product","link":"https:\/\/www.greeneggtotaal.nl\/fr\/product\/big-green-egg-compact-pizza-cutter\/","title":{"rendered":"Big Green Egg Compact Pizza Cutter"},"content":{"rendered":"<p>Honn\u00eatement, nous partagerons tout. La pizza aussi. Mais comment d\u00e9couper une pizza de mani\u00e8re \u00e9quitable, nette et s\u00fbre ? Avec le nouveau coupe-pizza compact Big Green Egg. Ce coupe-pizza professionnel est dot\u00e9 d'une poign\u00e9e en plastique qui tient bien dans la main et prot\u00e8ge la paume. La molette en acier inoxydable vous permet de d\u00e9couper une pizza en tranches r\u00e9guli\u00e8res sans effort. Prego.<\/p>\n<p>Cette trancheuse \u00e0 pizza compacte vous permet de d\u00e9couper votre pizza ou votre focaccia de mani\u00e8re lisse et nette. Sans que les garnitures ne se d\u00e9placent et que votre pr\u00e9sentation ne perde des points. Le coupe-pizza compact est dot\u00e9 d'un syst\u00e8me antid\u00e9rapant et d'un dispositif de s\u00e9curit\u00e9 int\u00e9gr\u00e9 pour la lame. Vous pouvez d\u00e9monter le coupe-pizza apr\u00e8s utilisation et le nettoyer facilement.<\/p>","protected":false},"excerpt":{"rendered":"<p>Eerlijk zullen we alles delen. Dus ook de pizza. Maar hoe snij je een pizza eerlijk, netjes en veilig? Met de nieuwe Big Green Egg Compact Pizza Cutter. Deze professionele pizzasnijder heeft een kunststof handgreep die prettig in de hand ligt en je handpalm beschermt. En met het roestvrijstalen wiel snij je een pizza moeiteloos [&hellip;]<\/p>\n","protected":false},"featured_media":12191,"template":"","meta":[],"product_brand":[229],"product_cat":[109,104,102,50,181,100,106],"product_tag":[],"class_list":{"0":"post-12192","1":"product","2":"type-product","3":"status-publish","4":"has-post-thumbnail","6":"product_brand-big-green-egg","7":"product_cat-2xl-accessoires","8":"product_cat-large-accessoires","9":"product_cat-medium-accessoires","10":"product_cat-mini-accessoires","11":"product_cat-minimax-accessoires","12":"product_cat-small-accessoires","13":"product_cat-xl-accessoires","15":"first","16":"instock","17":"sale","18":"taxable","19":"shipping-taxable","20":"purchasable","21":"product-type-simple"},"yoast_head":"<!-- This site is optimized with the Yoast SEO Premium plugin v27.4 (Yoast SEO v27.4) - https:\/\/yoast.com\/product\/yoast-seo-premium-wordpress\/ -->\n<title>Big Green Egg Compact Pizza Cutter<\/title>\n<meta name=\"description\" content=\"De Compact Pizza Cutter is een praktisch en scherp snijhulpmiddel, ideaal voor het eenvoudig en snel snijden van pizza&#039;s met precisie.\" \/>\n<meta name=\"robots\" content=\"index, follow, max-snippet:-1, max-image-preview:large, max-video-preview:-1\" \/>\n<link rel=\"canonical\" href=\"https:\/\/www.greeneggtotaal.nl\/fr\/product\/coupe-pizza-compact-big-green-egg\/\" \/>\n<meta property=\"og:locale\" content=\"fr_FR\" \/>\n<meta property=\"og:type\" content=\"article\" \/>\n<meta property=\"og:title\" content=\"Big Green Egg Compact Pizza Cutter\" \/>\n<meta property=\"og:description\" content=\"De Compact Pizza Cutter is een praktisch en scherp snijhulpmiddel, ideaal voor het eenvoudig en snel snijden van pizza&#039;s met precisie.\" \/>\n<meta property=\"og:url\" content=\"https:\/\/www.greeneggtotaal.nl\/fr\/product\/coupe-pizza-compact-big-green-egg\/\" \/>\n<meta property=\"og:site_name\" content=\"GreenEggTotaal\" \/>\n<meta property=\"article:modified_time\" content=\"2026-01-06T08:36:40+00:00\" \/>\n<meta property=\"og:image\" content=\"https:\/\/www.greeneggtotaal.nl\/wp-content\/uploads\/2025\/08\/webimage-5F61611B-E805-434B-B0AB9D4A527DB2BE-Kopie.webp\" \/>\n\t<meta property=\"og:image:width\" content=\"500\" \/>\n\t<meta property=\"og:image:height\" content=\"500\" \/>\n\t<meta property=\"og:image:type\" content=\"image\/webp\" \/>\n<meta name=\"twitter:card\" content=\"summary_large_image\" \/>\n<meta name=\"twitter:label1\" content=\"Dur\u00e9e de lecture estim\u00e9e\" \/>\n\t<meta name=\"twitter:data1\" content=\"1 minute\" \/>\n<script type=\"application\/ld+json\" class=\"yoast-schema-graph\">{\"@context\":\"https:\\\/\\\/schema.org\",\"@graph\":[{\"@type\":\"WebPage\",\"@id\":\"https:\\\/\\\/www.greeneggtotaal.nl\\\/product\\\/big-green-egg-compact-pizza-cutter\\\/\",\"url\":\"https:\\\/\\\/www.greeneggtotaal.nl\\\/product\\\/big-green-egg-compact-pizza-cutter\\\/\",\"name\":\"Big Green Egg Compact Pizza Cutter\",\"isPartOf\":{\"@id\":\"https:\\\/\\\/www.greeneggtotaal.nl\\\/nl\\\/#website\"},\"primaryImageOfPage\":{\"@id\":\"https:\\\/\\\/www.greeneggtotaal.nl\\\/product\\\/big-green-egg-compact-pizza-cutter\\\/#primaryimage\"},\"image\":{\"@id\":\"https:\\\/\\\/www.greeneggtotaal.nl\\\/product\\\/big-green-egg-compact-pizza-cutter\\\/#primaryimage\"},\"thumbnailUrl\":\"https:\\\/\\\/www.greeneggtotaal.nl\\\/wp-content\\\/uploads\\\/2025\\\/08\\\/webimage-5F61611B-E805-434B-B0AB9D4A527DB2BE-Kopie.webp\",\"datePublished\":\"2025-08-01T11:45:54+00:00\",\"dateModified\":\"2026-01-06T08:36:40+00:00\",\"description\":\"De Compact Pizza Cutter is een praktisch en scherp snijhulpmiddel, ideaal voor het eenvoudig en snel snijden van pizza's met precisie.\",\"breadcrumb\":{\"@id\":\"https:\\\/\\\/www.greeneggtotaal.nl\\\/product\\\/big-green-egg-compact-pizza-cutter\\\/#breadcrumb\"},\"inLanguage\":\"fr-FR\",\"potentialAction\":[{\"@type\":\"ReadAction\",\"target\":[\"https:\\\/\\\/www.greeneggtotaal.nl\\\/product\\\/big-green-egg-compact-pizza-cutter\\\/\"]}]},{\"@type\":\"ImageObject\",\"inLanguage\":\"fr-FR\",\"@id\":\"https:\\\/\\\/www.greeneggtotaal.nl\\\/product\\\/big-green-egg-compact-pizza-cutter\\\/#primaryimage\",\"url\":\"https:\\\/\\\/www.greeneggtotaal.nl\\\/wp-content\\\/uploads\\\/2025\\\/08\\\/webimage-5F61611B-E805-434B-B0AB9D4A527DB2BE-Kopie.webp\",\"contentUrl\":\"https:\\\/\\\/www.greeneggtotaal.nl\\\/wp-content\\\/uploads\\\/2025\\\/08\\\/webimage-5F61611B-E805-434B-B0AB9D4A527DB2BE-Kopie.webp\",\"width\":500,\"height\":500,\"caption\":\"Big Green Egg Compact Pizza Cutter\"},{\"@type\":\"BreadcrumbList\",\"@id\":\"https:\\\/\\\/www.greeneggtotaal.nl\\\/product\\\/big-green-egg-compact-pizza-cutter\\\/#breadcrumb\",\"itemListElement\":[{\"@type\":\"ListItem\",\"position\":1,\"name\":\"Home\",\"item\":\"https:\\\/\\\/www.greeneggtotaal.nl\\\/\"},{\"@type\":\"ListItem\",\"position\":2,\"name\":\"Shop\",\"item\":\"https:\\\/\\\/www.greeneggtotaal.nl\\\/nl\\\/shop\\\/\"},{\"@type\":\"ListItem\",\"position\":3,\"name\":\"Big Green Egg Compact Pizza Cutter\"}]},{\"@type\":\"WebSite\",\"@id\":\"https:\\\/\\\/www.greeneggtotaal.nl\\\/nl\\\/#website\",\"url\":\"https:\\\/\\\/www.greeneggtotaal.nl\\\/nl\\\/\",\"name\":\"greeneggtotaal.nl\",\"description\":\"D\u00e9 Big Green Egg Specialist\",\"publisher\":{\"@id\":\"https:\\\/\\\/www.greeneggtotaal.nl\\\/nl\\\/#organization\"},\"potentialAction\":[{\"@type\":\"SearchAction\",\"target\":{\"@type\":\"EntryPoint\",\"urlTemplate\":\"https:\\\/\\\/www.greeneggtotaal.nl\\\/nl\\\/?s={search_term_string}\"},\"query-input\":{\"@type\":\"PropertyValueSpecification\",\"valueRequired\":true,\"valueName\":\"search_term_string\"}}],\"inLanguage\":\"fr-FR\"},{\"@type\":\"Organization\",\"@id\":\"https:\\\/\\\/www.greeneggtotaal.nl\\\/nl\\\/#organization\",\"name\":\"Green Egg Totaal\",\"url\":\"https:\\\/\\\/www.greeneggtotaal.nl\\\/nl\\\/\",\"logo\":{\"@type\":\"ImageObject\",\"inLanguage\":\"fr-FR\",\"@id\":\"https:\\\/\\\/www.greeneggtotaal.nl\\\/nl\\\/#\\\/schema\\\/logo\\\/image\\\/\",\"url\":\"https:\\\/\\\/www.greeneggtotaal.nl\\\/wp-content\\\/uploads\\\/2025\\\/06\\\/Green-Egg-Totaal-Logo.png\",\"contentUrl\":\"https:\\\/\\\/www.greeneggtotaal.nl\\\/wp-content\\\/uploads\\\/2025\\\/06\\\/Green-Egg-Totaal-Logo.png\",\"width\":225,\"height\":95,\"caption\":\"Green Egg Totaal\"},\"image\":{\"@id\":\"https:\\\/\\\/www.greeneggtotaal.nl\\\/nl\\\/#\\\/schema\\\/logo\\\/image\\\/\"}}]}<\/script>\n<!-- \/ Yoast SEO Premium plugin. -->","yoast_head_json":{"title":"Big Green Egg Compact Pizza Cutter","description":"Le coupe-pizza compact est un outil de coupe pratique et tranchant, id\u00e9al pour couper les pizzas facilement et rapidement avec pr\u00e9cision.","robots":{"index":"index","follow":"follow","max-snippet":"max-snippet:-1","max-image-preview":"max-image-preview:large","max-video-preview":"max-video-preview:-1"},"canonical":"https:\/\/www.greeneggtotaal.nl\/fr\/product\/coupe-pizza-compact-big-green-egg\/","og_locale":"fr_FR","og_type":"article","og_title":"Big Green Egg Compact Pizza Cutter","og_description":"De Compact Pizza Cutter is een praktisch en scherp snijhulpmiddel, ideaal voor het eenvoudig en snel snijden van pizza's met precisie.","og_url":"https:\/\/www.greeneggtotaal.nl\/fr\/product\/coupe-pizza-compact-big-green-egg\/","og_site_name":"GreenEggTotaal","article_modified_time":"2026-01-06T08:36:40+00:00","og_image":[{"width":500,"height":500,"url":"https:\/\/www.greeneggtotaal.nl\/wp-content\/uploads\/2025\/08\/webimage-5F61611B-E805-434B-B0AB9D4A527DB2BE-Kopie.webp","type":"image\/webp"}],"twitter_card":"summary_large_image","twitter_misc":{"Dur\u00e9e de lecture estim\u00e9e":"1 minute"},"schema":{"@context":"https:\/\/schema.org","@graph":[{"@type":"WebPage","@id":"https:\/\/www.greeneggtotaal.nl\/product\/big-green-egg-compact-pizza-cutter\/","url":"https:\/\/www.greeneggtotaal.nl\/product\/big-green-egg-compact-pizza-cutter\/","name":"Big Green Egg Compact Pizza Cutter","isPartOf":{"@id":"https:\/\/www.greeneggtotaal.nl\/nl\/#website"},"primaryImageOfPage":{"@id":"https:\/\/www.greeneggtotaal.nl\/product\/big-green-egg-compact-pizza-cutter\/#primaryimage"},"image":{"@id":"https:\/\/www.greeneggtotaal.nl\/product\/big-green-egg-compact-pizza-cutter\/#primaryimage"},"thumbnailUrl":"https:\/\/www.greeneggtotaal.nl\/wp-content\/uploads\/2025\/08\/webimage-5F61611B-E805-434B-B0AB9D4A527DB2BE-Kopie.webp","datePublished":"2025-08-01T11:45:54+00:00","dateModified":"2026-01-06T08:36:40+00:00","description":"Le coupe-pizza compact est un outil de coupe pratique et tranchant, id\u00e9al pour couper les pizzas facilement et rapidement avec pr\u00e9cision.","breadcrumb":{"@id":"https:\/\/www.greeneggtotaal.nl\/product\/big-green-egg-compact-pizza-cutter\/#breadcrumb"},"inLanguage":"fr-FR","potentialAction":[{"@type":"ReadAction","target":["https:\/\/www.greeneggtotaal.nl\/product\/big-green-egg-compact-pizza-cutter\/"]}]},{"@type":"ImageObject","inLanguage":"fr-FR","@id":"https:\/\/www.greeneggtotaal.nl\/product\/big-green-egg-compact-pizza-cutter\/#primaryimage","url":"https:\/\/www.greeneggtotaal.nl\/wp-content\/uploads\/2025\/08\/webimage-5F61611B-E805-434B-B0AB9D4A527DB2BE-Kopie.webp","contentUrl":"https:\/\/www.greeneggtotaal.nl\/wp-content\/uploads\/2025\/08\/webimage-5F61611B-E805-434B-B0AB9D4A527DB2BE-Kopie.webp","width":500,"height":500,"caption":"Big Green Egg Compact Pizza Cutter"},{"@type":"BreadcrumbList","@id":"https:\/\/www.greeneggtotaal.nl\/product\/big-green-egg-compact-pizza-cutter\/#breadcrumb","itemListElement":[{"@type":"ListItem","position":1,"name":"Home","item":"https:\/\/www.greeneggtotaal.nl\/"},{"@type":"ListItem","position":2,"name":"Shop","item":"https:\/\/www.greeneggtotaal.nl\/nl\/shop\/"},{"@type":"ListItem","position":3,"name":"Big Green Egg Compact Pizza Cutter"}]},{"@type":"WebSite","@id":"https:\/\/www.greeneggtotaal.nl\/nl\/#website","url":"https:\/\/www.greeneggtotaal.nl\/nl\/","name":"greeneggtotaal.nl","description":"Le sp\u00e9cialiste du Big Green Egg","publisher":{"@id":"https:\/\/www.greeneggtotaal.nl\/nl\/#organization"},"potentialAction":[{"@type":"SearchAction","target":{"@type":"EntryPoint","urlTemplate":"https:\/\/www.greeneggtotaal.nl\/nl\/?s={search_term_string}"},"query-input":{"@type":"PropertyValueSpecification","valueRequired":true,"valueName":"search_term_string"}}],"inLanguage":"fr-FR"},{"@type":"Organization","@id":"https:\/\/www.greeneggtotaal.nl\/nl\/#organization","name":"Green Egg Totaal","url":"https:\/\/www.greeneggtotaal.nl\/nl\/","logo":{"@type":"ImageObject","inLanguage":"fr-FR","@id":"https:\/\/www.greeneggtotaal.nl\/nl\/#\/schema\/logo\/image\/","url":"https:\/\/www.greeneggtotaal.nl\/wp-content\/uploads\/2025\/06\/Green-Egg-Totaal-Logo.png","contentUrl":"https:\/\/www.greeneggtotaal.nl\/wp-content\/uploads\/2025\/06\/Green-Egg-Totaal-Logo.png","width":225,"height":95,"caption":"Green Egg Totaal"},"image":{"@id":"https:\/\/www.greeneggtotaal.nl\/nl\/#\/schema\/logo\/image\/"}}]}},"_links":{"self":[{"href":"https:\/\/www.greeneggtotaal.nl\/fr\/wp-json\/wp\/v2\/product\/12192","targetHints":{"allow":["GET"]}}],"collection":[{"href":"https:\/\/www.greeneggtotaal.nl\/fr\/wp-json\/wp\/v2\/product"}],"about":[{"href":"https:\/\/www.greeneggtotaal.nl\/fr\/wp-json\/wp\/v2\/types\/product"}],"wp:featuredmedia":[{"embeddable":true,"href":"https:\/\/www.greeneggtotaal.nl\/fr\/wp-json\/wp\/v2\/media\/12191"}],"wp:attachment":[{"href":"https:\/\/www.greeneggtotaal.nl\/fr\/wp-json\/wp\/v2\/media?parent=12192"}],"wp:term":[{"taxonomy":"product_brand","embeddable":true,"href":"https:\/\/www.greeneggtotaal.nl\/fr\/wp-json\/wp\/v2\/product_brand?post=12192"},{"taxonomy":"product_cat","embeddable":true,"href":"https:\/\/www.greeneggtotaal.nl\/fr\/wp-json\/wp\/v2\/product_cat?post=12192"},{"taxonomy":"product_tag","embeddable":true,"href":"https:\/\/www.greeneggtotaal.nl\/fr\/wp-json\/wp\/v2\/product_tag?post=12192"}],"curies":[{"name":"wp","href":"https:\/\/api.w.org\/{rel}","templated":true}]}}