{"id":12200,"date":"2025-08-01T13:45:56","date_gmt":"2025-08-01T11:45:56","guid":{"rendered":"https:\/\/baselinkweb.nl\/greeneggtotaal\/product\/big-green-egg-eggmitt-thermische-handschoen-1-stuk\/"},"modified":"2026-01-19T12:00:03","modified_gmt":"2026-01-19T11:00:03","slug":"big-green-egg-eggmitt-gant-thermique-1-piece","status":"publish","type":"product","link":"https:\/\/www.greeneggtotaal.nl\/fr\/product\/big-green-egg-eggmitt-thermische-handschoen-1-stuk\/","title":{"rendered":"Gant thermique Big Green Eggmitt 1 pi\u00e8ce"},"content":{"rendered":"<p>Nous mettons notre main au feu pour l'EGGmitt. Ce gant de barbecue extra long prot\u00e8ge votre main gauche ou droite jusqu'\u00e0 une temp\u00e9rature de 246 \u00b0C. Int\u00e9rieur en coton doux, ext\u00e9rieur en fibres ignifug\u00e9es telles qu'utilis\u00e9es dans l'a\u00e9ronautique. L'impression en silicone assure une excellente prise en main.<\/p>\n<p>Avec l'EGGmitt, vous pouvez vous approcher sans crainte des feux (plus) chauds, car ce gant isolant thermique est suffisamment long pour prot\u00e9ger \u00e9galement votre poignet et votre avant-bras de la chaleur de votre Big Green Egg. Les compartiments s\u00e9par\u00e9s pour les doigts offrent une prise et un contr\u00f4le ultimes. L'EGGmitt est disponible en une seule taille, car il s'adapte \u00e0 tous !&gt;<\/p>","protected":false},"excerpt":{"rendered":"<p>Voor de EGGmitt steken we onze hand in het vuur. Deze extra lange grilhandschoen beschermt je linker- of rechterhand tot een temperatuur van 246\u00b0C. Van binnen zacht katoen, van buiten brandwerende vezels zoals ze die ook in de luchtvaart gebruiken. De siliconenprint zorgt voor een geweldige grip. Met de EGGmitt kun je gerust voor hete(re) [&hellip;]<\/p>\n","protected":false},"featured_media":12199,"template":"","meta":[],"product_brand":[229],"product_cat":[109,104,102,50,181,100,106],"product_tag":[],"class_list":{"0":"post-12200","1":"product","2":"type-product","3":"status-publish","4":"has-post-thumbnail","6":"product_brand-big-green-egg","7":"product_cat-2xl-accessoires","8":"product_cat-large-accessoires","9":"product_cat-medium-accessoires","10":"product_cat-mini-accessoires","11":"product_cat-minimax-accessoires","12":"product_cat-small-accessoires","13":"product_cat-xl-accessoires","15":"first","16":"instock","17":"sale","18":"taxable","19":"shipping-taxable","20":"purchasable","21":"product-type-simple"},"yoast_head":"<!-- This site is optimized with the Yoast SEO Premium plugin v27.4 (Yoast SEO v27.4) - https:\/\/yoast.com\/product\/yoast-seo-premium-wordpress\/ -->\n<title>Big Green Egg EGGmitt Thermische Handschoen 1 stuk<\/title>\n<meta name=\"description\" content=\"Bestel alles voor de Big Green Egg bij GreenEggTotaal.nl - Voor 16.00u besteld? Morgen gratis bezorgd. GreenEggTotaal.nl: D\u00e9 Big Green Egg Specialist.\" \/>\n<meta name=\"robots\" content=\"index, follow, max-snippet:-1, max-image-preview:large, max-video-preview:-1\" \/>\n<link rel=\"canonical\" href=\"https:\/\/www.greeneggtotaal.nl\/fr\/product\/big-green-egg-eggmitt-gant-thermique-1-piece\/\" \/>\n<meta property=\"og:locale\" content=\"fr_FR\" \/>\n<meta property=\"og:type\" content=\"article\" \/>\n<meta property=\"og:title\" content=\"Big Green Egg EGGmitt Thermische Handschoen 1 stuk\" \/>\n<meta property=\"og:description\" content=\"Bestel alles voor de Big Green Egg bij GreenEggTotaal.nl - Voor 16.00u besteld? Morgen gratis bezorgd. GreenEggTotaal.nl: D\u00e9 Big Green Egg Specialist.\" \/>\n<meta property=\"og:url\" content=\"https:\/\/www.greeneggtotaal.nl\/fr\/product\/big-green-egg-eggmitt-gant-thermique-1-piece\/\" \/>\n<meta property=\"og:site_name\" content=\"GreenEggTotaal\" \/>\n<meta property=\"article:modified_time\" content=\"2026-01-19T11:00:03+00:00\" \/>\n<meta property=\"og:image\" content=\"https:\/\/www.greeneggtotaal.nl\/wp-content\/uploads\/2025\/08\/big-green-egg-eggmit-1.webp\" \/>\n\t<meta property=\"og:image:width\" content=\"500\" \/>\n\t<meta property=\"og:image:height\" content=\"500\" \/>\n\t<meta property=\"og:image:type\" content=\"image\/webp\" \/>\n<meta name=\"twitter:card\" content=\"summary_large_image\" \/>\n<meta name=\"twitter:label1\" content=\"Dur\u00e9e de lecture estim\u00e9e\" \/>\n\t<meta name=\"twitter:data1\" content=\"1 minute\" \/>\n<script type=\"application\/ld+json\" class=\"yoast-schema-graph\">{\"@context\":\"https:\\\/\\\/schema.org\",\"@graph\":[{\"@type\":\"WebPage\",\"@id\":\"https:\\\/\\\/www.greeneggtotaal.nl\\\/product\\\/big-green-egg-eggmitt-thermische-handschoen-1-stuk\\\/\",\"url\":\"https:\\\/\\\/www.greeneggtotaal.nl\\\/product\\\/big-green-egg-eggmitt-thermische-handschoen-1-stuk\\\/\",\"name\":\"Big Green Egg EGGmitt Thermische Handschoen 1 stuk\",\"isPartOf\":{\"@id\":\"https:\\\/\\\/www.greeneggtotaal.nl\\\/nl\\\/#website\"},\"primaryImageOfPage\":{\"@id\":\"https:\\\/\\\/www.greeneggtotaal.nl\\\/product\\\/big-green-egg-eggmitt-thermische-handschoen-1-stuk\\\/#primaryimage\"},\"image\":{\"@id\":\"https:\\\/\\\/www.greeneggtotaal.nl\\\/product\\\/big-green-egg-eggmitt-thermische-handschoen-1-stuk\\\/#primaryimage\"},\"thumbnailUrl\":\"https:\\\/\\\/www.greeneggtotaal.nl\\\/wp-content\\\/uploads\\\/2025\\\/08\\\/big-green-egg-eggmit-1.webp\",\"datePublished\":\"2025-08-01T11:45:56+00:00\",\"dateModified\":\"2026-01-19T11:00:03+00:00\",\"description\":\"Bestel alles voor de Big Green Egg bij GreenEggTotaal.nl - Voor 16.00u besteld? Morgen gratis bezorgd. GreenEggTotaal.nl: D\u00e9 Big Green Egg Specialist.\",\"breadcrumb\":{\"@id\":\"https:\\\/\\\/www.greeneggtotaal.nl\\\/product\\\/big-green-egg-eggmitt-thermische-handschoen-1-stuk\\\/#breadcrumb\"},\"inLanguage\":\"fr-FR\",\"potentialAction\":[{\"@type\":\"ReadAction\",\"target\":[\"https:\\\/\\\/www.greeneggtotaal.nl\\\/product\\\/big-green-egg-eggmitt-thermische-handschoen-1-stuk\\\/\"]}]},{\"@type\":\"ImageObject\",\"inLanguage\":\"fr-FR\",\"@id\":\"https:\\\/\\\/www.greeneggtotaal.nl\\\/product\\\/big-green-egg-eggmitt-thermische-handschoen-1-stuk\\\/#primaryimage\",\"url\":\"https:\\\/\\\/www.greeneggtotaal.nl\\\/wp-content\\\/uploads\\\/2025\\\/08\\\/big-green-egg-eggmit-1.webp\",\"contentUrl\":\"https:\\\/\\\/www.greeneggtotaal.nl\\\/wp-content\\\/uploads\\\/2025\\\/08\\\/big-green-egg-eggmit-1.webp\",\"width\":500,\"height\":500,\"caption\":\"Big Green Egg EGGmitt Thermische Handschoen 1 stuk\"},{\"@type\":\"BreadcrumbList\",\"@id\":\"https:\\\/\\\/www.greeneggtotaal.nl\\\/product\\\/big-green-egg-eggmitt-thermische-handschoen-1-stuk\\\/#breadcrumb\",\"itemListElement\":[{\"@type\":\"ListItem\",\"position\":1,\"name\":\"Home\",\"item\":\"https:\\\/\\\/www.greeneggtotaal.nl\\\/\"},{\"@type\":\"ListItem\",\"position\":2,\"name\":\"Shop\",\"item\":\"https:\\\/\\\/www.greeneggtotaal.nl\\\/nl\\\/shop\\\/\"},{\"@type\":\"ListItem\",\"position\":3,\"name\":\"Big Green Egg EGGmitt Thermische Handschoen 1 stuk\"}]},{\"@type\":\"WebSite\",\"@id\":\"https:\\\/\\\/www.greeneggtotaal.nl\\\/nl\\\/#website\",\"url\":\"https:\\\/\\\/www.greeneggtotaal.nl\\\/nl\\\/\",\"name\":\"greeneggtotaal.nl\",\"description\":\"D\u00e9 Big Green Egg Specialist\",\"publisher\":{\"@id\":\"https:\\\/\\\/www.greeneggtotaal.nl\\\/nl\\\/#organization\"},\"potentialAction\":[{\"@type\":\"SearchAction\",\"target\":{\"@type\":\"EntryPoint\",\"urlTemplate\":\"https:\\\/\\\/www.greeneggtotaal.nl\\\/nl\\\/?s={search_term_string}\"},\"query-input\":{\"@type\":\"PropertyValueSpecification\",\"valueRequired\":true,\"valueName\":\"search_term_string\"}}],\"inLanguage\":\"fr-FR\"},{\"@type\":\"Organization\",\"@id\":\"https:\\\/\\\/www.greeneggtotaal.nl\\\/nl\\\/#organization\",\"name\":\"Green Egg Totaal\",\"url\":\"https:\\\/\\\/www.greeneggtotaal.nl\\\/nl\\\/\",\"logo\":{\"@type\":\"ImageObject\",\"inLanguage\":\"fr-FR\",\"@id\":\"https:\\\/\\\/www.greeneggtotaal.nl\\\/nl\\\/#\\\/schema\\\/logo\\\/image\\\/\",\"url\":\"https:\\\/\\\/www.greeneggtotaal.nl\\\/wp-content\\\/uploads\\\/2025\\\/06\\\/Green-Egg-Totaal-Logo.png\",\"contentUrl\":\"https:\\\/\\\/www.greeneggtotaal.nl\\\/wp-content\\\/uploads\\\/2025\\\/06\\\/Green-Egg-Totaal-Logo.png\",\"width\":225,\"height\":95,\"caption\":\"Green Egg Totaal\"},\"image\":{\"@id\":\"https:\\\/\\\/www.greeneggtotaal.nl\\\/nl\\\/#\\\/schema\\\/logo\\\/image\\\/\"}}]}<\/script>\n<!-- \/ Yoast SEO Premium plugin. -->","yoast_head_json":{"title":"Gant thermique Big Green Eggmitt 1 pi\u00e8ce","description":"Commandez tout pour le Big Green Egg chez GreenEggTotaal.nl - Command\u00e9 avant 16:00 ? Livraison gratuite demain. GreenEggTotaal.nl : Le sp\u00e9cialiste du Big Green Egg.","robots":{"index":"index","follow":"follow","max-snippet":"max-snippet:-1","max-image-preview":"max-image-preview:large","max-video-preview":"max-video-preview:-1"},"canonical":"https:\/\/www.greeneggtotaal.nl\/fr\/product\/big-green-egg-eggmitt-gant-thermique-1-piece\/","og_locale":"fr_FR","og_type":"article","og_title":"Big Green Egg EGGmitt Thermische Handschoen 1 stuk","og_description":"Bestel alles voor de Big Green Egg bij GreenEggTotaal.nl - Voor 16.00u besteld? Morgen gratis bezorgd. GreenEggTotaal.nl: D\u00e9 Big Green Egg Specialist.","og_url":"https:\/\/www.greeneggtotaal.nl\/fr\/product\/big-green-egg-eggmitt-gant-thermique-1-piece\/","og_site_name":"GreenEggTotaal","article_modified_time":"2026-01-19T11:00:03+00:00","og_image":[{"width":500,"height":500,"url":"https:\/\/www.greeneggtotaal.nl\/wp-content\/uploads\/2025\/08\/big-green-egg-eggmit-1.webp","type":"image\/webp"}],"twitter_card":"summary_large_image","twitter_misc":{"Dur\u00e9e de lecture estim\u00e9e":"1 minute"},"schema":{"@context":"https:\/\/schema.org","@graph":[{"@type":"WebPage","@id":"https:\/\/www.greeneggtotaal.nl\/product\/big-green-egg-eggmitt-thermische-handschoen-1-stuk\/","url":"https:\/\/www.greeneggtotaal.nl\/product\/big-green-egg-eggmitt-thermische-handschoen-1-stuk\/","name":"Gant thermique Big Green Eggmitt 1 pi\u00e8ce","isPartOf":{"@id":"https:\/\/www.greeneggtotaal.nl\/nl\/#website"},"primaryImageOfPage":{"@id":"https:\/\/www.greeneggtotaal.nl\/product\/big-green-egg-eggmitt-thermische-handschoen-1-stuk\/#primaryimage"},"image":{"@id":"https:\/\/www.greeneggtotaal.nl\/product\/big-green-egg-eggmitt-thermische-handschoen-1-stuk\/#primaryimage"},"thumbnailUrl":"https:\/\/www.greeneggtotaal.nl\/wp-content\/uploads\/2025\/08\/big-green-egg-eggmit-1.webp","datePublished":"2025-08-01T11:45:56+00:00","dateModified":"2026-01-19T11:00:03+00:00","description":"Commandez tout pour le Big Green Egg chez GreenEggTotaal.nl - Command\u00e9 avant 16:00 ? Livraison gratuite demain. GreenEggTotaal.nl : Le sp\u00e9cialiste du Big Green Egg.","breadcrumb":{"@id":"https:\/\/www.greeneggtotaal.nl\/product\/big-green-egg-eggmitt-thermische-handschoen-1-stuk\/#breadcrumb"},"inLanguage":"fr-FR","potentialAction":[{"@type":"ReadAction","target":["https:\/\/www.greeneggtotaal.nl\/product\/big-green-egg-eggmitt-thermische-handschoen-1-stuk\/"]}]},{"@type":"ImageObject","inLanguage":"fr-FR","@id":"https:\/\/www.greeneggtotaal.nl\/product\/big-green-egg-eggmitt-thermische-handschoen-1-stuk\/#primaryimage","url":"https:\/\/www.greeneggtotaal.nl\/wp-content\/uploads\/2025\/08\/big-green-egg-eggmit-1.webp","contentUrl":"https:\/\/www.greeneggtotaal.nl\/wp-content\/uploads\/2025\/08\/big-green-egg-eggmit-1.webp","width":500,"height":500,"caption":"Big Green Egg EGGmitt Thermische Handschoen 1 stuk"},{"@type":"BreadcrumbList","@id":"https:\/\/www.greeneggtotaal.nl\/product\/big-green-egg-eggmitt-thermische-handschoen-1-stuk\/#breadcrumb","itemListElement":[{"@type":"ListItem","position":1,"name":"Home","item":"https:\/\/www.greeneggtotaal.nl\/"},{"@type":"ListItem","position":2,"name":"Shop","item":"https:\/\/www.greeneggtotaal.nl\/nl\/shop\/"},{"@type":"ListItem","position":3,"name":"Big Green Egg EGGmitt Thermische Handschoen 1 stuk"}]},{"@type":"WebSite","@id":"https:\/\/www.greeneggtotaal.nl\/nl\/#website","url":"https:\/\/www.greeneggtotaal.nl\/nl\/","name":"greeneggtotaal.nl","description":"Le sp\u00e9cialiste du Big Green Egg","publisher":{"@id":"https:\/\/www.greeneggtotaal.nl\/nl\/#organization"},"potentialAction":[{"@type":"SearchAction","target":{"@type":"EntryPoint","urlTemplate":"https:\/\/www.greeneggtotaal.nl\/nl\/?s={search_term_string}"},"query-input":{"@type":"PropertyValueSpecification","valueRequired":true,"valueName":"search_term_string"}}],"inLanguage":"fr-FR"},{"@type":"Organization","@id":"https:\/\/www.greeneggtotaal.nl\/nl\/#organization","name":"Green Egg Totaal","url":"https:\/\/www.greeneggtotaal.nl\/nl\/","logo":{"@type":"ImageObject","inLanguage":"fr-FR","@id":"https:\/\/www.greeneggtotaal.nl\/nl\/#\/schema\/logo\/image\/","url":"https:\/\/www.greeneggtotaal.nl\/wp-content\/uploads\/2025\/06\/Green-Egg-Totaal-Logo.png","contentUrl":"https:\/\/www.greeneggtotaal.nl\/wp-content\/uploads\/2025\/06\/Green-Egg-Totaal-Logo.png","width":225,"height":95,"caption":"Green Egg Totaal"},"image":{"@id":"https:\/\/www.greeneggtotaal.nl\/nl\/#\/schema\/logo\/image\/"}}]}},"_links":{"self":[{"href":"https:\/\/www.greeneggtotaal.nl\/fr\/wp-json\/wp\/v2\/product\/12200","targetHints":{"allow":["GET"]}}],"collection":[{"href":"https:\/\/www.greeneggtotaal.nl\/fr\/wp-json\/wp\/v2\/product"}],"about":[{"href":"https:\/\/www.greeneggtotaal.nl\/fr\/wp-json\/wp\/v2\/types\/product"}],"wp:featuredmedia":[{"embeddable":true,"href":"https:\/\/www.greeneggtotaal.nl\/fr\/wp-json\/wp\/v2\/media\/12199"}],"wp:attachment":[{"href":"https:\/\/www.greeneggtotaal.nl\/fr\/wp-json\/wp\/v2\/media?parent=12200"}],"wp:term":[{"taxonomy":"product_brand","embeddable":true,"href":"https:\/\/www.greeneggtotaal.nl\/fr\/wp-json\/wp\/v2\/product_brand?post=12200"},{"taxonomy":"product_cat","embeddable":true,"href":"https:\/\/www.greeneggtotaal.nl\/fr\/wp-json\/wp\/v2\/product_cat?post=12200"},{"taxonomy":"product_tag","embeddable":true,"href":"https:\/\/www.greeneggtotaal.nl\/fr\/wp-json\/wp\/v2\/product_tag?post=12200"}],"curies":[{"name":"wp","href":"https:\/\/api.w.org\/{rel}","templated":true}]}}