{"id":12284,"date":"2025-08-01T13:46:21","date_gmt":"2025-08-01T11:46:21","guid":{"rendered":"https:\/\/baselinkweb.nl\/greeneggtotaal\/product\/nest-xl-onderstel-op-wielen\/"},"modified":"2026-03-02T13:49:56","modified_gmt":"2026-03-02T12:49:56","slug":"nest-xl-chassis-sur-roues","status":"publish","type":"product","link":"https:\/\/www.greeneggtotaal.nl\/fr\/product\/nest-xl-onderstel-op-wielen\/","title":{"rendered":"Nest XL (ch\u00e2ssis sur roues)"},"content":{"rendered":"<p>Chaque Big Green Egg se sent \u00e0 l'aise dans un EGG Nest. Lorsque vous placez votre EGG dans la base, vous le voyez grandir. Comme il est un peu plus haut, il se trouve imm\u00e9diatement \u00e0 la hauteur de travail id\u00e9ale. Ce qui est bon pour le dos. L'EGG Nest est fabriqu\u00e9 en acier peint par poudrage et les 4 roulettes robustes facilitent le d\u00e9placement de votre EGG.<\/p>\n<p>Gr\u00e2ce \u00e0 l'EGG Nest sur\u00e9lev\u00e9, vous pouvez confortablement EGG pendant des heures sans avoir \u00e0 vous pencher. Votre EGG g\u00eane-t-il la table de tennis de table ? Il vous suffit de rouler votre EGG vers un meilleur endroit. Un jeu d'enfant. Vous avez un nid EGG 2XL ? Dans ce cas, vous aurez \u00e9galement besoin d'un manipulateur de nid 2XL.<\/p>","protected":false},"excerpt":{"rendered":"<p>Elke Big Green Egg voelt zich thuis in een EGG Nest. Als je Je EGG in het onderstel plaatst, zie je hem groeien. Doordat hij wat hoger staat, heeft hij meteen jouw ideale werkhoogte. Wel zo prettig voor je rug. Het EGG Nest is van gepoedercoat staal gemaakt en met de 4 stevige zwenkwielen kun [&hellip;]<\/p>\n","protected":false},"featured_media":12282,"template":"","meta":[],"product_brand":[229],"product_cat":[107],"product_tag":[],"class_list":{"0":"post-12284","1":"product","2":"type-product","3":"status-publish","4":"has-post-thumbnail","6":"product_brand-big-green-egg","7":"product_cat-xl-onderdelen","9":"first","10":"instock","11":"taxable","12":"shipping-taxable","13":"purchasable","14":"product-type-simple"},"yoast_head":"<!-- This site is optimized with the Yoast SEO Premium plugin v27.4 (Yoast SEO v27.4) - https:\/\/yoast.com\/product\/yoast-seo-premium-wordpress\/ -->\n<title>Nest XL (onderstel op wielen)<\/title>\n<meta name=\"description\" content=\"Het Nest XL op wielen biedt mobiliteit en stabiliteit voor je Big Green Egg. Dit onderstel maakt het gemakkelijk om je kamado overal naartoe te verplaatsen.\" \/>\n<meta name=\"robots\" content=\"index, follow, max-snippet:-1, max-image-preview:large, max-video-preview:-1\" \/>\n<link rel=\"canonical\" href=\"https:\/\/www.greeneggtotaal.nl\/fr\/product\/nest-xl-chassis-sur-roues\/\" \/>\n<meta property=\"og:locale\" content=\"fr_FR\" \/>\n<meta property=\"og:type\" content=\"article\" \/>\n<meta property=\"og:title\" content=\"Nest XL (onderstel op wielen)\" \/>\n<meta property=\"og:description\" content=\"Het Nest XL op wielen biedt mobiliteit en stabiliteit voor je Big Green Egg. Dit onderstel maakt het gemakkelijk om je kamado overal naartoe te verplaatsen.\" \/>\n<meta property=\"og:url\" content=\"https:\/\/www.greeneggtotaal.nl\/fr\/product\/nest-xl-chassis-sur-roues\/\" \/>\n<meta property=\"og:site_name\" content=\"GreenEggTotaal\" \/>\n<meta property=\"article:modified_time\" content=\"2026-03-02T12:49:56+00:00\" \/>\n<meta property=\"og:image\" content=\"https:\/\/www.greeneggtotaal.nl\/wp-content\/uploads\/2025\/08\/ontwerp-zonder-titel-2023-07-11t142408.115.webp\" \/>\n\t<meta property=\"og:image:width\" content=\"500\" \/>\n\t<meta property=\"og:image:height\" content=\"500\" \/>\n\t<meta property=\"og:image:type\" content=\"image\/webp\" \/>\n<meta name=\"twitter:card\" content=\"summary_large_image\" \/>\n<meta name=\"twitter:label1\" content=\"Dur\u00e9e de lecture estim\u00e9e\" \/>\n\t<meta name=\"twitter:data1\" content=\"1 minute\" \/>\n<script type=\"application\/ld+json\" class=\"yoast-schema-graph\">{\"@context\":\"https:\\\/\\\/schema.org\",\"@graph\":[{\"@type\":\"WebPage\",\"@id\":\"https:\\\/\\\/www.greeneggtotaal.nl\\\/product\\\/nest-xl-onderstel-op-wielen\\\/\",\"url\":\"https:\\\/\\\/www.greeneggtotaal.nl\\\/product\\\/nest-xl-onderstel-op-wielen\\\/\",\"name\":\"Nest XL (onderstel op wielen)\",\"isPartOf\":{\"@id\":\"https:\\\/\\\/www.greeneggtotaal.nl\\\/nl\\\/#website\"},\"primaryImageOfPage\":{\"@id\":\"https:\\\/\\\/www.greeneggtotaal.nl\\\/product\\\/nest-xl-onderstel-op-wielen\\\/#primaryimage\"},\"image\":{\"@id\":\"https:\\\/\\\/www.greeneggtotaal.nl\\\/product\\\/nest-xl-onderstel-op-wielen\\\/#primaryimage\"},\"thumbnailUrl\":\"https:\\\/\\\/www.greeneggtotaal.nl\\\/wp-content\\\/uploads\\\/2025\\\/08\\\/ontwerp-zonder-titel-2023-07-11t142408.115.webp\",\"datePublished\":\"2025-08-01T11:46:21+00:00\",\"dateModified\":\"2026-03-02T12:49:56+00:00\",\"description\":\"Het Nest XL op wielen biedt mobiliteit en stabiliteit voor je Big Green Egg. Dit onderstel maakt het gemakkelijk om je kamado overal naartoe te verplaatsen.\",\"breadcrumb\":{\"@id\":\"https:\\\/\\\/www.greeneggtotaal.nl\\\/product\\\/nest-xl-onderstel-op-wielen\\\/#breadcrumb\"},\"inLanguage\":\"fr-FR\",\"potentialAction\":[{\"@type\":\"ReadAction\",\"target\":[\"https:\\\/\\\/www.greeneggtotaal.nl\\\/product\\\/nest-xl-onderstel-op-wielen\\\/\"]}]},{\"@type\":\"ImageObject\",\"inLanguage\":\"fr-FR\",\"@id\":\"https:\\\/\\\/www.greeneggtotaal.nl\\\/product\\\/nest-xl-onderstel-op-wielen\\\/#primaryimage\",\"url\":\"https:\\\/\\\/www.greeneggtotaal.nl\\\/wp-content\\\/uploads\\\/2025\\\/08\\\/ontwerp-zonder-titel-2023-07-11t142408.115.webp\",\"contentUrl\":\"https:\\\/\\\/www.greeneggtotaal.nl\\\/wp-content\\\/uploads\\\/2025\\\/08\\\/ontwerp-zonder-titel-2023-07-11t142408.115.webp\",\"width\":500,\"height\":500,\"caption\":\"Nest Large (onderstel op wielen)\"},{\"@type\":\"BreadcrumbList\",\"@id\":\"https:\\\/\\\/www.greeneggtotaal.nl\\\/product\\\/nest-xl-onderstel-op-wielen\\\/#breadcrumb\",\"itemListElement\":[{\"@type\":\"ListItem\",\"position\":1,\"name\":\"Home\",\"item\":\"https:\\\/\\\/www.greeneggtotaal.nl\\\/\"},{\"@type\":\"ListItem\",\"position\":2,\"name\":\"Shop\",\"item\":\"https:\\\/\\\/www.greeneggtotaal.nl\\\/nl\\\/shop\\\/\"},{\"@type\":\"ListItem\",\"position\":3,\"name\":\"Nest XL (onderstel op wielen)\"}]},{\"@type\":\"WebSite\",\"@id\":\"https:\\\/\\\/www.greeneggtotaal.nl\\\/nl\\\/#website\",\"url\":\"https:\\\/\\\/www.greeneggtotaal.nl\\\/nl\\\/\",\"name\":\"greeneggtotaal.nl\",\"description\":\"D\u00e9 Big Green Egg Specialist\",\"publisher\":{\"@id\":\"https:\\\/\\\/www.greeneggtotaal.nl\\\/nl\\\/#organization\"},\"potentialAction\":[{\"@type\":\"SearchAction\",\"target\":{\"@type\":\"EntryPoint\",\"urlTemplate\":\"https:\\\/\\\/www.greeneggtotaal.nl\\\/nl\\\/?s={search_term_string}\"},\"query-input\":{\"@type\":\"PropertyValueSpecification\",\"valueRequired\":true,\"valueName\":\"search_term_string\"}}],\"inLanguage\":\"fr-FR\"},{\"@type\":\"Organization\",\"@id\":\"https:\\\/\\\/www.greeneggtotaal.nl\\\/nl\\\/#organization\",\"name\":\"Green Egg Totaal\",\"url\":\"https:\\\/\\\/www.greeneggtotaal.nl\\\/nl\\\/\",\"logo\":{\"@type\":\"ImageObject\",\"inLanguage\":\"fr-FR\",\"@id\":\"https:\\\/\\\/www.greeneggtotaal.nl\\\/nl\\\/#\\\/schema\\\/logo\\\/image\\\/\",\"url\":\"https:\\\/\\\/www.greeneggtotaal.nl\\\/wp-content\\\/uploads\\\/2025\\\/06\\\/Green-Egg-Totaal-Logo.png\",\"contentUrl\":\"https:\\\/\\\/www.greeneggtotaal.nl\\\/wp-content\\\/uploads\\\/2025\\\/06\\\/Green-Egg-Totaal-Logo.png\",\"width\":225,\"height\":95,\"caption\":\"Green Egg Totaal\"},\"image\":{\"@id\":\"https:\\\/\\\/www.greeneggtotaal.nl\\\/nl\\\/#\\\/schema\\\/logo\\\/image\\\/\"}}]}<\/script>\n<!-- \/ Yoast SEO Premium plugin. -->","yoast_head_json":{"title":"Nest XL (ch\u00e2ssis sur roues)","description":"Le Nest XL sur roues offre mobilit\u00e9 et stabilit\u00e9 \u00e0 votre Big Green Egg. Ce ch\u00e2ssis permet de d\u00e9placer facilement votre kamado n'importe o\u00f9.","robots":{"index":"index","follow":"follow","max-snippet":"max-snippet:-1","max-image-preview":"max-image-preview:large","max-video-preview":"max-video-preview:-1"},"canonical":"https:\/\/www.greeneggtotaal.nl\/fr\/product\/nest-xl-chassis-sur-roues\/","og_locale":"fr_FR","og_type":"article","og_title":"Nest XL (onderstel op wielen)","og_description":"Het Nest XL op wielen biedt mobiliteit en stabiliteit voor je Big Green Egg. Dit onderstel maakt het gemakkelijk om je kamado overal naartoe te verplaatsen.","og_url":"https:\/\/www.greeneggtotaal.nl\/fr\/product\/nest-xl-chassis-sur-roues\/","og_site_name":"GreenEggTotaal","article_modified_time":"2026-03-02T12:49:56+00:00","og_image":[{"width":500,"height":500,"url":"https:\/\/www.greeneggtotaal.nl\/wp-content\/uploads\/2025\/08\/ontwerp-zonder-titel-2023-07-11t142408.115.webp","type":"image\/webp"}],"twitter_card":"summary_large_image","twitter_misc":{"Dur\u00e9e de lecture estim\u00e9e":"1 minute"},"schema":{"@context":"https:\/\/schema.org","@graph":[{"@type":"WebPage","@id":"https:\/\/www.greeneggtotaal.nl\/product\/nest-xl-onderstel-op-wielen\/","url":"https:\/\/www.greeneggtotaal.nl\/product\/nest-xl-onderstel-op-wielen\/","name":"Nest XL (ch\u00e2ssis sur roues)","isPartOf":{"@id":"https:\/\/www.greeneggtotaal.nl\/nl\/#website"},"primaryImageOfPage":{"@id":"https:\/\/www.greeneggtotaal.nl\/product\/nest-xl-onderstel-op-wielen\/#primaryimage"},"image":{"@id":"https:\/\/www.greeneggtotaal.nl\/product\/nest-xl-onderstel-op-wielen\/#primaryimage"},"thumbnailUrl":"https:\/\/www.greeneggtotaal.nl\/wp-content\/uploads\/2025\/08\/ontwerp-zonder-titel-2023-07-11t142408.115.webp","datePublished":"2025-08-01T11:46:21+00:00","dateModified":"2026-03-02T12:49:56+00:00","description":"Le Nest XL sur roues offre mobilit\u00e9 et stabilit\u00e9 \u00e0 votre Big Green Egg. Ce ch\u00e2ssis permet de d\u00e9placer facilement votre kamado n'importe o\u00f9.","breadcrumb":{"@id":"https:\/\/www.greeneggtotaal.nl\/product\/nest-xl-onderstel-op-wielen\/#breadcrumb"},"inLanguage":"fr-FR","potentialAction":[{"@type":"ReadAction","target":["https:\/\/www.greeneggtotaal.nl\/product\/nest-xl-onderstel-op-wielen\/"]}]},{"@type":"ImageObject","inLanguage":"fr-FR","@id":"https:\/\/www.greeneggtotaal.nl\/product\/nest-xl-onderstel-op-wielen\/#primaryimage","url":"https:\/\/www.greeneggtotaal.nl\/wp-content\/uploads\/2025\/08\/ontwerp-zonder-titel-2023-07-11t142408.115.webp","contentUrl":"https:\/\/www.greeneggtotaal.nl\/wp-content\/uploads\/2025\/08\/ontwerp-zonder-titel-2023-07-11t142408.115.webp","width":500,"height":500,"caption":"Nest Large (onderstel op wielen)"},{"@type":"BreadcrumbList","@id":"https:\/\/www.greeneggtotaal.nl\/product\/nest-xl-onderstel-op-wielen\/#breadcrumb","itemListElement":[{"@type":"ListItem","position":1,"name":"Home","item":"https:\/\/www.greeneggtotaal.nl\/"},{"@type":"ListItem","position":2,"name":"Shop","item":"https:\/\/www.greeneggtotaal.nl\/nl\/shop\/"},{"@type":"ListItem","position":3,"name":"Nest XL (onderstel op wielen)"}]},{"@type":"WebSite","@id":"https:\/\/www.greeneggtotaal.nl\/nl\/#website","url":"https:\/\/www.greeneggtotaal.nl\/nl\/","name":"greeneggtotaal.nl","description":"Le sp\u00e9cialiste du Big Green Egg","publisher":{"@id":"https:\/\/www.greeneggtotaal.nl\/nl\/#organization"},"potentialAction":[{"@type":"SearchAction","target":{"@type":"EntryPoint","urlTemplate":"https:\/\/www.greeneggtotaal.nl\/nl\/?s={search_term_string}"},"query-input":{"@type":"PropertyValueSpecification","valueRequired":true,"valueName":"search_term_string"}}],"inLanguage":"fr-FR"},{"@type":"Organization","@id":"https:\/\/www.greeneggtotaal.nl\/nl\/#organization","name":"Green Egg Totaal","url":"https:\/\/www.greeneggtotaal.nl\/nl\/","logo":{"@type":"ImageObject","inLanguage":"fr-FR","@id":"https:\/\/www.greeneggtotaal.nl\/nl\/#\/schema\/logo\/image\/","url":"https:\/\/www.greeneggtotaal.nl\/wp-content\/uploads\/2025\/06\/Green-Egg-Totaal-Logo.png","contentUrl":"https:\/\/www.greeneggtotaal.nl\/wp-content\/uploads\/2025\/06\/Green-Egg-Totaal-Logo.png","width":225,"height":95,"caption":"Green Egg Totaal"},"image":{"@id":"https:\/\/www.greeneggtotaal.nl\/nl\/#\/schema\/logo\/image\/"}}]}},"_links":{"self":[{"href":"https:\/\/www.greeneggtotaal.nl\/fr\/wp-json\/wp\/v2\/product\/12284","targetHints":{"allow":["GET"]}}],"collection":[{"href":"https:\/\/www.greeneggtotaal.nl\/fr\/wp-json\/wp\/v2\/product"}],"about":[{"href":"https:\/\/www.greeneggtotaal.nl\/fr\/wp-json\/wp\/v2\/types\/product"}],"wp:featuredmedia":[{"embeddable":true,"href":"https:\/\/www.greeneggtotaal.nl\/fr\/wp-json\/wp\/v2\/media\/12282"}],"wp:attachment":[{"href":"https:\/\/www.greeneggtotaal.nl\/fr\/wp-json\/wp\/v2\/media?parent=12284"}],"wp:term":[{"taxonomy":"product_brand","embeddable":true,"href":"https:\/\/www.greeneggtotaal.nl\/fr\/wp-json\/wp\/v2\/product_brand?post=12284"},{"taxonomy":"product_cat","embeddable":true,"href":"https:\/\/www.greeneggtotaal.nl\/fr\/wp-json\/wp\/v2\/product_cat?post=12284"},{"taxonomy":"product_tag","embeddable":true,"href":"https:\/\/www.greeneggtotaal.nl\/fr\/wp-json\/wp\/v2\/product_tag?post=12284"}],"curies":[{"name":"wp","href":"https:\/\/api.w.org\/{rel}","templated":true}]}}