{"id":12847,"date":"2025-08-01T13:48:24","date_gmt":"2025-08-01T11:48:24","guid":{"rendered":"https:\/\/baselinkweb.nl\/greeneggtotaal\/product\/bricknic-bbq-planet\/"},"modified":"2026-03-17T10:57:19","modified_gmt":"2026-03-17T09:57:19","slug":"bricknic-bbq-planet","status":"publish","type":"product","link":"https:\/\/www.greeneggtotaal.nl\/fr\/product\/bricknic-bbq-planet\/","title":{"rendered":"Plan\u00e8te BBQ Bricknic"},"content":{"rendered":"<p>Le Bricknic BBQ Planet vous permet de pr\u00e9parer des menus entiers en une seule fois, en utilisant une seule source de chaleur ! Fabriqu\u00e9 en c\u00e9ramique \u00e9maill\u00e9e, il offre une exp\u00e9rience de barbecue naturelle et pure en toute saison. Le Bricknic BBQ Planet combine une grande surface de gril \u00e0 l'ext\u00e9rieur et une cuve de cuisson \u00e0 l'int\u00e9rieur. Pour la cuisson \u00e0 la vapeur, la cuve peut \u00eatre recouverte d'un couvercle. Sur l'anneau ext\u00e9rieur, vous pouvez griller ce que vous voulez. Le BBQ Planet est fabriqu\u00e9 \u00e0 la main en Allemagne \u00e0 partir d'argile naturelle, un mat\u00e9riau qui garantit une durabilit\u00e9 in\u00e9gal\u00e9e. En m\u00eame temps, le BBQ Planet se caract\u00e9rise par une distribution optimale de la chaleur et une grande capacit\u00e9 de stockage de la chaleur.<\/p>","protected":false},"excerpt":{"rendered":"<p>Met de Bricknic BBQ Planet bereid je in \u00e9\u00e9n keer complete menu&#8217;s, met slechts \u00e9\u00e9n warmtebron!\u00a0Hij is gemaakt van geglazuurd keramiek en biedt een natuurlijke, pure barbecue-ervaring voor elk seizoen.\u00a0De Bricknic BBQ Planet biedt een combinatie van een groot grilloppervlak aan de buitenkant en kookschaal aan de binnenkant.\u00a0Voor het stomen kan de kom worden afgedekt [&hellip;]<\/p>\n","protected":false},"featured_media":12846,"template":"","meta":[],"product_brand":[242],"product_cat":[70],"product_tag":[],"class_list":{"0":"post-12847","1":"product","2":"type-product","3":"status-publish","4":"has-post-thumbnail","6":"product_brand-bricknic","7":"product_cat-bricknic-kookstenen","9":"first","10":"instock","11":"taxable","12":"shipping-taxable","13":"purchasable","14":"product-type-simple"},"yoast_head":"<!-- This site is optimized with the Yoast SEO Premium plugin v27.4 (Yoast SEO v27.4) - https:\/\/yoast.com\/product\/yoast-seo-premium-wordpress\/ -->\n<title>Bricknic BBQ Planet<\/title>\n<meta name=\"description\" content=\"Met deze unieke grill kan jij de lekkerste gerechten koken. Op de ring kan jij jouw vleesbakken, en in de pot kan jij jouw gerechten stomen!\" \/>\n<meta name=\"robots\" content=\"index, follow, max-snippet:-1, max-image-preview:large, max-video-preview:-1\" \/>\n<link rel=\"canonical\" href=\"https:\/\/www.greeneggtotaal.nl\/fr\/product\/bricknic-bbq-planet\/\" \/>\n<meta property=\"og:locale\" content=\"fr_FR\" \/>\n<meta property=\"og:type\" content=\"article\" \/>\n<meta property=\"og:title\" content=\"Bricknic BBQ Planet\" \/>\n<meta property=\"og:description\" content=\"Met deze unieke grill kan jij de lekkerste gerechten koken. Op de ring kan jij jouw vleesbakken, en in de pot kan jij jouw gerechten stomen!\" \/>\n<meta property=\"og:url\" content=\"https:\/\/www.greeneggtotaal.nl\/fr\/product\/bricknic-bbq-planet\/\" \/>\n<meta property=\"og:site_name\" content=\"GreenEggTotaal\" \/>\n<meta property=\"article:modified_time\" content=\"2026-03-17T09:57:19+00:00\" \/>\n<meta property=\"og:image\" content=\"https:\/\/www.greeneggtotaal.nl\/wp-content\/uploads\/2025\/08\/ontwerp-zonder-titel-2023-12-14t161753.248.webp\" \/>\n\t<meta property=\"og:image:width\" content=\"500\" \/>\n\t<meta property=\"og:image:height\" content=\"500\" \/>\n\t<meta property=\"og:image:type\" content=\"image\/webp\" \/>\n<meta name=\"twitter:card\" content=\"summary_large_image\" \/>\n<meta name=\"twitter:label1\" content=\"Dur\u00e9e de lecture estim\u00e9e\" \/>\n\t<meta name=\"twitter:data1\" content=\"1 minute\" \/>\n<script type=\"application\/ld+json\" class=\"yoast-schema-graph\">{\"@context\":\"https:\\\/\\\/schema.org\",\"@graph\":[{\"@type\":\"WebPage\",\"@id\":\"https:\\\/\\\/www.greeneggtotaal.nl\\\/product\\\/bricknic-bbq-planet\\\/\",\"url\":\"https:\\\/\\\/www.greeneggtotaal.nl\\\/product\\\/bricknic-bbq-planet\\\/\",\"name\":\"Bricknic BBQ Planet\",\"isPartOf\":{\"@id\":\"https:\\\/\\\/www.greeneggtotaal.nl\\\/nl\\\/#website\"},\"primaryImageOfPage\":{\"@id\":\"https:\\\/\\\/www.greeneggtotaal.nl\\\/product\\\/bricknic-bbq-planet\\\/#primaryimage\"},\"image\":{\"@id\":\"https:\\\/\\\/www.greeneggtotaal.nl\\\/product\\\/bricknic-bbq-planet\\\/#primaryimage\"},\"thumbnailUrl\":\"https:\\\/\\\/www.greeneggtotaal.nl\\\/wp-content\\\/uploads\\\/2025\\\/08\\\/ontwerp-zonder-titel-2023-12-14t161753.248.webp\",\"datePublished\":\"2025-08-01T11:48:24+00:00\",\"dateModified\":\"2026-03-17T09:57:19+00:00\",\"description\":\"Met deze unieke grill kan jij de lekkerste gerechten koken. Op de ring kan jij jouw vleesbakken, en in de pot kan jij jouw gerechten stomen!\",\"breadcrumb\":{\"@id\":\"https:\\\/\\\/www.greeneggtotaal.nl\\\/product\\\/bricknic-bbq-planet\\\/#breadcrumb\"},\"inLanguage\":\"fr-FR\",\"potentialAction\":[{\"@type\":\"ReadAction\",\"target\":[\"https:\\\/\\\/www.greeneggtotaal.nl\\\/product\\\/bricknic-bbq-planet\\\/\"]}]},{\"@type\":\"ImageObject\",\"inLanguage\":\"fr-FR\",\"@id\":\"https:\\\/\\\/www.greeneggtotaal.nl\\\/product\\\/bricknic-bbq-planet\\\/#primaryimage\",\"url\":\"https:\\\/\\\/www.greeneggtotaal.nl\\\/wp-content\\\/uploads\\\/2025\\\/08\\\/ontwerp-zonder-titel-2023-12-14t161753.248.webp\",\"contentUrl\":\"https:\\\/\\\/www.greeneggtotaal.nl\\\/wp-content\\\/uploads\\\/2025\\\/08\\\/ontwerp-zonder-titel-2023-12-14t161753.248.webp\",\"width\":500,\"height\":500,\"caption\":\"Bricknic BBQ Planet\"},{\"@type\":\"BreadcrumbList\",\"@id\":\"https:\\\/\\\/www.greeneggtotaal.nl\\\/product\\\/bricknic-bbq-planet\\\/#breadcrumb\",\"itemListElement\":[{\"@type\":\"ListItem\",\"position\":1,\"name\":\"Home\",\"item\":\"https:\\\/\\\/www.greeneggtotaal.nl\\\/\"},{\"@type\":\"ListItem\",\"position\":2,\"name\":\"Shop\",\"item\":\"https:\\\/\\\/www.greeneggtotaal.nl\\\/nl\\\/shop\\\/\"},{\"@type\":\"ListItem\",\"position\":3,\"name\":\"Bricknic BBQ Planet\"}]},{\"@type\":\"WebSite\",\"@id\":\"https:\\\/\\\/www.greeneggtotaal.nl\\\/nl\\\/#website\",\"url\":\"https:\\\/\\\/www.greeneggtotaal.nl\\\/nl\\\/\",\"name\":\"greeneggtotaal.nl\",\"description\":\"D\u00e9 Big Green Egg Specialist\",\"publisher\":{\"@id\":\"https:\\\/\\\/www.greeneggtotaal.nl\\\/nl\\\/#organization\"},\"potentialAction\":[{\"@type\":\"SearchAction\",\"target\":{\"@type\":\"EntryPoint\",\"urlTemplate\":\"https:\\\/\\\/www.greeneggtotaal.nl\\\/nl\\\/?s={search_term_string}\"},\"query-input\":{\"@type\":\"PropertyValueSpecification\",\"valueRequired\":true,\"valueName\":\"search_term_string\"}}],\"inLanguage\":\"fr-FR\"},{\"@type\":\"Organization\",\"@id\":\"https:\\\/\\\/www.greeneggtotaal.nl\\\/nl\\\/#organization\",\"name\":\"Green Egg Totaal\",\"url\":\"https:\\\/\\\/www.greeneggtotaal.nl\\\/nl\\\/\",\"logo\":{\"@type\":\"ImageObject\",\"inLanguage\":\"fr-FR\",\"@id\":\"https:\\\/\\\/www.greeneggtotaal.nl\\\/nl\\\/#\\\/schema\\\/logo\\\/image\\\/\",\"url\":\"https:\\\/\\\/www.greeneggtotaal.nl\\\/wp-content\\\/uploads\\\/2025\\\/06\\\/Green-Egg-Totaal-Logo.png\",\"contentUrl\":\"https:\\\/\\\/www.greeneggtotaal.nl\\\/wp-content\\\/uploads\\\/2025\\\/06\\\/Green-Egg-Totaal-Logo.png\",\"width\":225,\"height\":95,\"caption\":\"Green Egg Totaal\"},\"image\":{\"@id\":\"https:\\\/\\\/www.greeneggtotaal.nl\\\/nl\\\/#\\\/schema\\\/logo\\\/image\\\/\"}}]}<\/script>\n<!-- \/ Yoast SEO Premium plugin. -->","yoast_head_json":{"title":"Plan\u00e8te BBQ Bricknic","description":"Avec ce gril unique, vous pouvez cuisiner les plats les plus d\u00e9licieux. Sur l'anneau, vous pouvez faire frire votre viande, et dans la marmite, vous pouvez faire cuire vos plats \u00e0 la vapeur !","robots":{"index":"index","follow":"follow","max-snippet":"max-snippet:-1","max-image-preview":"max-image-preview:large","max-video-preview":"max-video-preview:-1"},"canonical":"https:\/\/www.greeneggtotaal.nl\/fr\/product\/bricknic-bbq-planet\/","og_locale":"fr_FR","og_type":"article","og_title":"Bricknic BBQ Planet","og_description":"Met deze unieke grill kan jij de lekkerste gerechten koken. Op de ring kan jij jouw vleesbakken, en in de pot kan jij jouw gerechten stomen!","og_url":"https:\/\/www.greeneggtotaal.nl\/fr\/product\/bricknic-bbq-planet\/","og_site_name":"GreenEggTotaal","article_modified_time":"2026-03-17T09:57:19+00:00","og_image":[{"width":500,"height":500,"url":"https:\/\/www.greeneggtotaal.nl\/wp-content\/uploads\/2025\/08\/ontwerp-zonder-titel-2023-12-14t161753.248.webp","type":"image\/webp"}],"twitter_card":"summary_large_image","twitter_misc":{"Dur\u00e9e de lecture estim\u00e9e":"1 minute"},"schema":{"@context":"https:\/\/schema.org","@graph":[{"@type":"WebPage","@id":"https:\/\/www.greeneggtotaal.nl\/product\/bricknic-bbq-planet\/","url":"https:\/\/www.greeneggtotaal.nl\/product\/bricknic-bbq-planet\/","name":"Plan\u00e8te BBQ Bricknic","isPartOf":{"@id":"https:\/\/www.greeneggtotaal.nl\/nl\/#website"},"primaryImageOfPage":{"@id":"https:\/\/www.greeneggtotaal.nl\/product\/bricknic-bbq-planet\/#primaryimage"},"image":{"@id":"https:\/\/www.greeneggtotaal.nl\/product\/bricknic-bbq-planet\/#primaryimage"},"thumbnailUrl":"https:\/\/www.greeneggtotaal.nl\/wp-content\/uploads\/2025\/08\/ontwerp-zonder-titel-2023-12-14t161753.248.webp","datePublished":"2025-08-01T11:48:24+00:00","dateModified":"2026-03-17T09:57:19+00:00","description":"Avec ce gril unique, vous pouvez cuisiner les plats les plus d\u00e9licieux. Sur l'anneau, vous pouvez faire frire votre viande, et dans la marmite, vous pouvez faire cuire vos plats \u00e0 la vapeur !","breadcrumb":{"@id":"https:\/\/www.greeneggtotaal.nl\/product\/bricknic-bbq-planet\/#breadcrumb"},"inLanguage":"fr-FR","potentialAction":[{"@type":"ReadAction","target":["https:\/\/www.greeneggtotaal.nl\/product\/bricknic-bbq-planet\/"]}]},{"@type":"ImageObject","inLanguage":"fr-FR","@id":"https:\/\/www.greeneggtotaal.nl\/product\/bricknic-bbq-planet\/#primaryimage","url":"https:\/\/www.greeneggtotaal.nl\/wp-content\/uploads\/2025\/08\/ontwerp-zonder-titel-2023-12-14t161753.248.webp","contentUrl":"https:\/\/www.greeneggtotaal.nl\/wp-content\/uploads\/2025\/08\/ontwerp-zonder-titel-2023-12-14t161753.248.webp","width":500,"height":500,"caption":"Bricknic BBQ Planet"},{"@type":"BreadcrumbList","@id":"https:\/\/www.greeneggtotaal.nl\/product\/bricknic-bbq-planet\/#breadcrumb","itemListElement":[{"@type":"ListItem","position":1,"name":"Home","item":"https:\/\/www.greeneggtotaal.nl\/"},{"@type":"ListItem","position":2,"name":"Shop","item":"https:\/\/www.greeneggtotaal.nl\/nl\/shop\/"},{"@type":"ListItem","position":3,"name":"Bricknic BBQ Planet"}]},{"@type":"WebSite","@id":"https:\/\/www.greeneggtotaal.nl\/nl\/#website","url":"https:\/\/www.greeneggtotaal.nl\/nl\/","name":"greeneggtotaal.nl","description":"Le sp\u00e9cialiste du Big Green Egg","publisher":{"@id":"https:\/\/www.greeneggtotaal.nl\/nl\/#organization"},"potentialAction":[{"@type":"SearchAction","target":{"@type":"EntryPoint","urlTemplate":"https:\/\/www.greeneggtotaal.nl\/nl\/?s={search_term_string}"},"query-input":{"@type":"PropertyValueSpecification","valueRequired":true,"valueName":"search_term_string"}}],"inLanguage":"fr-FR"},{"@type":"Organization","@id":"https:\/\/www.greeneggtotaal.nl\/nl\/#organization","name":"Green Egg Totaal","url":"https:\/\/www.greeneggtotaal.nl\/nl\/","logo":{"@type":"ImageObject","inLanguage":"fr-FR","@id":"https:\/\/www.greeneggtotaal.nl\/nl\/#\/schema\/logo\/image\/","url":"https:\/\/www.greeneggtotaal.nl\/wp-content\/uploads\/2025\/06\/Green-Egg-Totaal-Logo.png","contentUrl":"https:\/\/www.greeneggtotaal.nl\/wp-content\/uploads\/2025\/06\/Green-Egg-Totaal-Logo.png","width":225,"height":95,"caption":"Green Egg Totaal"},"image":{"@id":"https:\/\/www.greeneggtotaal.nl\/nl\/#\/schema\/logo\/image\/"}}]}},"_links":{"self":[{"href":"https:\/\/www.greeneggtotaal.nl\/fr\/wp-json\/wp\/v2\/product\/12847","targetHints":{"allow":["GET"]}}],"collection":[{"href":"https:\/\/www.greeneggtotaal.nl\/fr\/wp-json\/wp\/v2\/product"}],"about":[{"href":"https:\/\/www.greeneggtotaal.nl\/fr\/wp-json\/wp\/v2\/types\/product"}],"wp:featuredmedia":[{"embeddable":true,"href":"https:\/\/www.greeneggtotaal.nl\/fr\/wp-json\/wp\/v2\/media\/12846"}],"wp:attachment":[{"href":"https:\/\/www.greeneggtotaal.nl\/fr\/wp-json\/wp\/v2\/media?parent=12847"}],"wp:term":[{"taxonomy":"product_brand","embeddable":true,"href":"https:\/\/www.greeneggtotaal.nl\/fr\/wp-json\/wp\/v2\/product_brand?post=12847"},{"taxonomy":"product_cat","embeddable":true,"href":"https:\/\/www.greeneggtotaal.nl\/fr\/wp-json\/wp\/v2\/product_cat?post=12847"},{"taxonomy":"product_tag","embeddable":true,"href":"https:\/\/www.greeneggtotaal.nl\/fr\/wp-json\/wp\/v2\/product_tag?post=12847"}],"curies":[{"name":"wp","href":"https:\/\/api.w.org\/{rel}","templated":true}]}}