{"id":12876,"date":"2025-08-01T13:48:29","date_gmt":"2025-08-01T11:48:29","guid":{"rendered":"https:\/\/baselinkweb.nl\/greeneggtotaal\/product\/ofyr-tablo-gietijzeren-braadpan-set\/"},"modified":"2026-04-07T10:04:09","modified_gmt":"2026-04-07T08:04:09","slug":"set-de-poeles-en-fonte-ofyr-tablo","status":"publish","type":"product","link":"https:\/\/www.greeneggtotaal.nl\/fr\/product\/ofyr-tablo-gietijzeren-braadpan-set\/","title":{"rendered":"OFYR Tabl'o cocotte en fonte"},"content":{"rendered":"<p><strong>Avec cet ensemble de casseroles en fonte, vous vivrez une exp\u00e9rience culinaire unique \u00e0 table ! L'ensemble comprend une casserole en fonte avec couvercle, un support de grill avec une grille et 4 spatules en bois pour nettoyer la plaque. L'ensemble ajoute une multitude de techniques de cuisson pour l'OFYR Tabl'O. Du grillage de petits plats \u00e0 la fondue dans la casserole.<\/strong><\/p>\n<ul>\n<li>\u00c0 utiliser uniquement sur le Tabl\u2019O ou un appareil de cuisson OFYR.<\/li>\n<li>Le gril et la po\u00eale sont en fonte. Faciles \u00e0 nettoyer \u00e0 l'eau savonneuse, bien s\u00e9cher ensuite et huiler \u00e0 nouveau pour les prot\u00e9ger.<\/li>\n<li>La po\u00eale et le gril deviennent tr\u00e8s chauds : utilisez toujours un gant pour soulever le couvercle ou la po\u00eale.<\/li>\n<li>Ne passe pas au lave-vaisselle.<\/li>\n<\/ul>","protected":false},"excerpt":{"rendered":"<p>Met deze Cast Iron Casserole Set beleef je een unieke culinaire ervaring aan tafel! De set bestaat uit een gietijzeren pan met deksel, grillhouder met daarop een grillrooster en 4 houten spatels om de plaat mee schoon te krabben. De set voegt een veelvoud aan kooktechnieken toe voor de OFYR Tabl\u2019O. Van het grillen van [&hellip;]<\/p>\n","protected":false},"featured_media":12875,"template":"","meta":[],"product_brand":[239],"product_cat":[123,127,122],"product_tag":[],"class_list":{"0":"post-12876","1":"product","2":"type-product","3":"status-publish","4":"has-post-thumbnail","6":"product_brand-ofyr","7":"product_cat-ofyr","8":"product_cat-ofyr-accessoires","9":"product_cat-planchas","11":"first","12":"instock","13":"sale","14":"taxable","15":"shipping-taxable","16":"purchasable","17":"product-type-simple"},"yoast_head":"<!-- This site is optimized with the Yoast SEO Premium plugin v27.4 (Yoast SEO v27.4) - https:\/\/yoast.com\/product\/yoast-seo-premium-wordpress\/ -->\n<title>OFYR Tabl&#039;o Gietijzeren Braadpan Set - GreenEggTotaal<\/title>\n<meta name=\"description\" content=\"De OFYR Tabl&#039;o Gietijzeren Braadpan Set bevat stevige braadpannen die perfect zijn voor het bereiden van gerechten op de OFYR Tabl&#039;o.\" \/>\n<meta name=\"robots\" content=\"index, follow, max-snippet:-1, max-image-preview:large, max-video-preview:-1\" \/>\n<link rel=\"canonical\" href=\"https:\/\/www.greeneggtotaal.nl\/fr\/product\/set-de-poeles-en-fonte-ofyr-tablo\/\" \/>\n<meta property=\"og:locale\" content=\"fr_FR\" \/>\n<meta property=\"og:type\" content=\"article\" \/>\n<meta property=\"og:title\" content=\"OFYR Tabl&#039;o Gietijzeren Braadpan Set\" \/>\n<meta property=\"og:description\" content=\"De OFYR Tabl&#039;o Gietijzeren Braadpan Set bevat stevige braadpannen die perfect zijn voor het bereiden van gerechten op de OFYR Tabl&#039;o.\" \/>\n<meta property=\"og:url\" content=\"https:\/\/www.greeneggtotaal.nl\/fr\/product\/set-de-poeles-en-fonte-ofyr-tablo\/\" \/>\n<meta property=\"og:site_name\" content=\"GreenEggTotaal\" \/>\n<meta property=\"article:modified_time\" content=\"2026-04-07T08:04:09+00:00\" \/>\n<meta property=\"og:image\" content=\"https:\/\/www.greeneggtotaal.nl\/wp-content\/uploads\/2025\/08\/oa-tablo-cs-set-1200x1200-bd93c0f.webp\" \/>\n\t<meta property=\"og:image:width\" content=\"500\" \/>\n\t<meta property=\"og:image:height\" content=\"500\" \/>\n\t<meta property=\"og:image:type\" content=\"image\/webp\" \/>\n<meta name=\"twitter:card\" content=\"summary_large_image\" \/>\n<meta name=\"twitter:label1\" content=\"Dur\u00e9e de lecture estim\u00e9e\" \/>\n\t<meta name=\"twitter:data1\" content=\"1 minute\" \/>\n<script type=\"application\/ld+json\" class=\"yoast-schema-graph\">{\"@context\":\"https:\\\/\\\/schema.org\",\"@graph\":[{\"@type\":\"WebPage\",\"@id\":\"https:\\\/\\\/www.greeneggtotaal.nl\\\/nl\\\/product\\\/ofyr-tablo-gietijzeren-braadpan-set\\\/\",\"url\":\"https:\\\/\\\/www.greeneggtotaal.nl\\\/nl\\\/product\\\/ofyr-tablo-gietijzeren-braadpan-set\\\/\",\"name\":\"OFYR Tabl'o Gietijzeren Braadpan Set - GreenEggTotaal\",\"isPartOf\":{\"@id\":\"https:\\\/\\\/www.greeneggtotaal.nl\\\/nl\\\/#website\"},\"primaryImageOfPage\":{\"@id\":\"https:\\\/\\\/www.greeneggtotaal.nl\\\/nl\\\/product\\\/ofyr-tablo-gietijzeren-braadpan-set\\\/#primaryimage\"},\"image\":{\"@id\":\"https:\\\/\\\/www.greeneggtotaal.nl\\\/nl\\\/product\\\/ofyr-tablo-gietijzeren-braadpan-set\\\/#primaryimage\"},\"thumbnailUrl\":\"https:\\\/\\\/www.greeneggtotaal.nl\\\/wp-content\\\/uploads\\\/2025\\\/08\\\/oa-tablo-cs-set-1200x1200-bd93c0f.webp\",\"datePublished\":\"2025-08-01T11:48:29+00:00\",\"dateModified\":\"2026-04-07T08:04:09+00:00\",\"description\":\"De OFYR Tabl'o Gietijzeren Braadpan Set bevat stevige braadpannen die perfect zijn voor het bereiden van gerechten op de OFYR Tabl'o.\",\"breadcrumb\":{\"@id\":\"https:\\\/\\\/www.greeneggtotaal.nl\\\/nl\\\/product\\\/ofyr-tablo-gietijzeren-braadpan-set\\\/#breadcrumb\"},\"inLanguage\":\"fr-FR\",\"potentialAction\":[{\"@type\":\"ReadAction\",\"target\":[\"https:\\\/\\\/www.greeneggtotaal.nl\\\/nl\\\/product\\\/ofyr-tablo-gietijzeren-braadpan-set\\\/\"]}]},{\"@type\":\"ImageObject\",\"inLanguage\":\"fr-FR\",\"@id\":\"https:\\\/\\\/www.greeneggtotaal.nl\\\/nl\\\/product\\\/ofyr-tablo-gietijzeren-braadpan-set\\\/#primaryimage\",\"url\":\"https:\\\/\\\/www.greeneggtotaal.nl\\\/wp-content\\\/uploads\\\/2025\\\/08\\\/oa-tablo-cs-set-1200x1200-bd93c0f.webp\",\"contentUrl\":\"https:\\\/\\\/www.greeneggtotaal.nl\\\/wp-content\\\/uploads\\\/2025\\\/08\\\/oa-tablo-cs-set-1200x1200-bd93c0f.webp\",\"width\":500,\"height\":500},{\"@type\":\"BreadcrumbList\",\"@id\":\"https:\\\/\\\/www.greeneggtotaal.nl\\\/nl\\\/product\\\/ofyr-tablo-gietijzeren-braadpan-set\\\/#breadcrumb\",\"itemListElement\":[{\"@type\":\"ListItem\",\"position\":1,\"name\":\"Home\",\"item\":\"https:\\\/\\\/www.greeneggtotaal.nl\\\/\"},{\"@type\":\"ListItem\",\"position\":2,\"name\":\"Shop\",\"item\":\"https:\\\/\\\/www.greeneggtotaal.nl\\\/nl\\\/shop\\\/\"},{\"@type\":\"ListItem\",\"position\":3,\"name\":\"OFYR Tabl&#8217;o Gietijzeren Braadpan Set\"}]},{\"@type\":\"WebSite\",\"@id\":\"https:\\\/\\\/www.greeneggtotaal.nl\\\/nl\\\/#website\",\"url\":\"https:\\\/\\\/www.greeneggtotaal.nl\\\/nl\\\/\",\"name\":\"greeneggtotaal.nl\",\"description\":\"D\u00e9 Big Green Egg Specialist\",\"publisher\":{\"@id\":\"https:\\\/\\\/www.greeneggtotaal.nl\\\/nl\\\/#organization\"},\"potentialAction\":[{\"@type\":\"SearchAction\",\"target\":{\"@type\":\"EntryPoint\",\"urlTemplate\":\"https:\\\/\\\/www.greeneggtotaal.nl\\\/nl\\\/?s={search_term_string}\"},\"query-input\":{\"@type\":\"PropertyValueSpecification\",\"valueRequired\":true,\"valueName\":\"search_term_string\"}}],\"inLanguage\":\"fr-FR\"},{\"@type\":\"Organization\",\"@id\":\"https:\\\/\\\/www.greeneggtotaal.nl\\\/nl\\\/#organization\",\"name\":\"Green Egg Totaal\",\"url\":\"https:\\\/\\\/www.greeneggtotaal.nl\\\/nl\\\/\",\"logo\":{\"@type\":\"ImageObject\",\"inLanguage\":\"fr-FR\",\"@id\":\"https:\\\/\\\/www.greeneggtotaal.nl\\\/nl\\\/#\\\/schema\\\/logo\\\/image\\\/\",\"url\":\"https:\\\/\\\/www.greeneggtotaal.nl\\\/wp-content\\\/uploads\\\/2025\\\/06\\\/Green-Egg-Totaal-Logo.png\",\"contentUrl\":\"https:\\\/\\\/www.greeneggtotaal.nl\\\/wp-content\\\/uploads\\\/2025\\\/06\\\/Green-Egg-Totaal-Logo.png\",\"width\":225,\"height\":95,\"caption\":\"Green Egg Totaal\"},\"image\":{\"@id\":\"https:\\\/\\\/www.greeneggtotaal.nl\\\/nl\\\/#\\\/schema\\\/logo\\\/image\\\/\"}}]}<\/script>\n<!-- \/ Yoast SEO Premium plugin. -->","yoast_head_json":{"title":"Ensemble de po\u00eales en fonte OFYR Tabl'o - GreenEggTotaal","description":"Le set de po\u00eales en fonte OFYR Tabl'o comprend des po\u00eales robustes, parfaites pour cuisiner sur l'OFYR Tabl'o.","robots":{"index":"index","follow":"follow","max-snippet":"max-snippet:-1","max-image-preview":"max-image-preview:large","max-video-preview":"max-video-preview:-1"},"canonical":"https:\/\/www.greeneggtotaal.nl\/fr\/product\/set-de-poeles-en-fonte-ofyr-tablo\/","og_locale":"fr_FR","og_type":"article","og_title":"OFYR Tabl'o Gietijzeren Braadpan Set","og_description":"De OFYR Tabl'o Gietijzeren Braadpan Set bevat stevige braadpannen die perfect zijn voor het bereiden van gerechten op de OFYR Tabl'o.","og_url":"https:\/\/www.greeneggtotaal.nl\/fr\/product\/set-de-poeles-en-fonte-ofyr-tablo\/","og_site_name":"GreenEggTotaal","article_modified_time":"2026-04-07T08:04:09+00:00","og_image":[{"width":500,"height":500,"url":"https:\/\/www.greeneggtotaal.nl\/wp-content\/uploads\/2025\/08\/oa-tablo-cs-set-1200x1200-bd93c0f.webp","type":"image\/webp"}],"twitter_card":"summary_large_image","twitter_misc":{"Dur\u00e9e de lecture estim\u00e9e":"1 minute"},"schema":{"@context":"https:\/\/schema.org","@graph":[{"@type":"WebPage","@id":"https:\/\/www.greeneggtotaal.nl\/nl\/product\/ofyr-tablo-gietijzeren-braadpan-set\/","url":"https:\/\/www.greeneggtotaal.nl\/nl\/product\/ofyr-tablo-gietijzeren-braadpan-set\/","name":"Ensemble de po\u00eales en fonte OFYR Tabl'o - GreenEggTotaal","isPartOf":{"@id":"https:\/\/www.greeneggtotaal.nl\/nl\/#website"},"primaryImageOfPage":{"@id":"https:\/\/www.greeneggtotaal.nl\/nl\/product\/ofyr-tablo-gietijzeren-braadpan-set\/#primaryimage"},"image":{"@id":"https:\/\/www.greeneggtotaal.nl\/nl\/product\/ofyr-tablo-gietijzeren-braadpan-set\/#primaryimage"},"thumbnailUrl":"https:\/\/www.greeneggtotaal.nl\/wp-content\/uploads\/2025\/08\/oa-tablo-cs-set-1200x1200-bd93c0f.webp","datePublished":"2025-08-01T11:48:29+00:00","dateModified":"2026-04-07T08:04:09+00:00","description":"Le set de po\u00eales en fonte OFYR Tabl'o comprend des po\u00eales robustes, parfaites pour cuisiner sur l'OFYR Tabl'o.","breadcrumb":{"@id":"https:\/\/www.greeneggtotaal.nl\/nl\/product\/ofyr-tablo-gietijzeren-braadpan-set\/#breadcrumb"},"inLanguage":"fr-FR","potentialAction":[{"@type":"ReadAction","target":["https:\/\/www.greeneggtotaal.nl\/nl\/product\/ofyr-tablo-gietijzeren-braadpan-set\/"]}]},{"@type":"ImageObject","inLanguage":"fr-FR","@id":"https:\/\/www.greeneggtotaal.nl\/nl\/product\/ofyr-tablo-gietijzeren-braadpan-set\/#primaryimage","url":"https:\/\/www.greeneggtotaal.nl\/wp-content\/uploads\/2025\/08\/oa-tablo-cs-set-1200x1200-bd93c0f.webp","contentUrl":"https:\/\/www.greeneggtotaal.nl\/wp-content\/uploads\/2025\/08\/oa-tablo-cs-set-1200x1200-bd93c0f.webp","width":500,"height":500},{"@type":"BreadcrumbList","@id":"https:\/\/www.greeneggtotaal.nl\/nl\/product\/ofyr-tablo-gietijzeren-braadpan-set\/#breadcrumb","itemListElement":[{"@type":"ListItem","position":1,"name":"Home","item":"https:\/\/www.greeneggtotaal.nl\/"},{"@type":"ListItem","position":2,"name":"Shop","item":"https:\/\/www.greeneggtotaal.nl\/nl\/shop\/"},{"@type":"ListItem","position":3,"name":"OFYR Tabl&#8217;o Gietijzeren Braadpan Set"}]},{"@type":"WebSite","@id":"https:\/\/www.greeneggtotaal.nl\/nl\/#website","url":"https:\/\/www.greeneggtotaal.nl\/nl\/","name":"greeneggtotaal.nl","description":"Le sp\u00e9cialiste du Big Green Egg","publisher":{"@id":"https:\/\/www.greeneggtotaal.nl\/nl\/#organization"},"potentialAction":[{"@type":"SearchAction","target":{"@type":"EntryPoint","urlTemplate":"https:\/\/www.greeneggtotaal.nl\/nl\/?s={search_term_string}"},"query-input":{"@type":"PropertyValueSpecification","valueRequired":true,"valueName":"search_term_string"}}],"inLanguage":"fr-FR"},{"@type":"Organization","@id":"https:\/\/www.greeneggtotaal.nl\/nl\/#organization","name":"Green Egg Totaal","url":"https:\/\/www.greeneggtotaal.nl\/nl\/","logo":{"@type":"ImageObject","inLanguage":"fr-FR","@id":"https:\/\/www.greeneggtotaal.nl\/nl\/#\/schema\/logo\/image\/","url":"https:\/\/www.greeneggtotaal.nl\/wp-content\/uploads\/2025\/06\/Green-Egg-Totaal-Logo.png","contentUrl":"https:\/\/www.greeneggtotaal.nl\/wp-content\/uploads\/2025\/06\/Green-Egg-Totaal-Logo.png","width":225,"height":95,"caption":"Green Egg Totaal"},"image":{"@id":"https:\/\/www.greeneggtotaal.nl\/nl\/#\/schema\/logo\/image\/"}}]}},"_links":{"self":[{"href":"https:\/\/www.greeneggtotaal.nl\/fr\/wp-json\/wp\/v2\/product\/12876","targetHints":{"allow":["GET"]}}],"collection":[{"href":"https:\/\/www.greeneggtotaal.nl\/fr\/wp-json\/wp\/v2\/product"}],"about":[{"href":"https:\/\/www.greeneggtotaal.nl\/fr\/wp-json\/wp\/v2\/types\/product"}],"wp:featuredmedia":[{"embeddable":true,"href":"https:\/\/www.greeneggtotaal.nl\/fr\/wp-json\/wp\/v2\/media\/12875"}],"wp:attachment":[{"href":"https:\/\/www.greeneggtotaal.nl\/fr\/wp-json\/wp\/v2\/media?parent=12876"}],"wp:term":[{"taxonomy":"product_brand","embeddable":true,"href":"https:\/\/www.greeneggtotaal.nl\/fr\/wp-json\/wp\/v2\/product_brand?post=12876"},{"taxonomy":"product_cat","embeddable":true,"href":"https:\/\/www.greeneggtotaal.nl\/fr\/wp-json\/wp\/v2\/product_cat?post=12876"},{"taxonomy":"product_tag","embeddable":true,"href":"https:\/\/www.greeneggtotaal.nl\/fr\/wp-json\/wp\/v2\/product_tag?post=12876"}],"curies":[{"name":"wp","href":"https:\/\/api.w.org\/{rel}","templated":true}]}}