{"id":12898,"date":"2025-08-01T13:48:35","date_gmt":"2025-08-01T11:48:35","guid":{"rendered":"https:\/\/baselinkweb.nl\/greeneggtotaal\/product\/ceder-houten-plankjes-set-van-3\/"},"modified":"2026-04-07T10:04:12","modified_gmt":"2026-04-07T08:04:12","slug":"planches-en-bois-de-cedre-set-de-3","status":"publish","type":"product","link":"https:\/\/www.greeneggtotaal.nl\/fr\/product\/ceder-houten-plankjes-set-van-3\/","title":{"rendered":"Etag\u00e8res en bois de c\u00e8dre (lot de 3)"},"content":{"rendered":"<p><strong>Les \u00e9tag\u00e8res en bois de c\u00e8dre OFYR sont un accessoire multifonctionnel qui peut \u00eatre utilis\u00e9 sur la table de cuisson. Les planches en bois de c\u00e8dre ajoutent non seulement une d\u00e9licieuse saveur fum\u00e9e \u00e0 vos plats, mais ralentissent \u00e9galement le processus de cuisson d'environ 50%. En outre, les planches peuvent \u00eatre utilis\u00e9es pour maintenir les aliments cuits au chaud sur la plaque chauffante avant de les servir.<\/strong><\/p>\n<ul>\n<li>Pour la table de cuisson uniquement, ne convient pas pour le gril ou le contact direct avec le feu.<\/li>\n<li>Les planches peuvent \u00eatre utilis\u00e9es plusieurs fois, \u00e0 condition d'\u00eatre nettoy\u00e9es correctement.<\/li>\n<li>Convient pour la cuisson lente des ingr\u00e9dients, d\u00e9veloppant une d\u00e9licieuse saveur fum\u00e9e.<\/li>\n<\/ul>","protected":false},"excerpt":{"rendered":"<p>De OFYR Cedar Houten plankjes zijn een multifunctionele accessoire die op de kookplaat te gebruiken zijn. De cederhouten plankjes geven niet alleen een heerlijke rooksmaak aan uw gerechten, maar ze vertragen het garingsproces ook nog met circa 50%. De plankjes kunnen daarnaast gebruikt worden om gegaard voedsel op de hete plaat warm te houden alvorens [&hellip;]<\/p>\n","protected":false},"featured_media":12897,"template":"","meta":[],"product_brand":[239],"product_cat":[123,127,122],"product_tag":[],"class_list":{"0":"post-12898","1":"product","2":"type-product","3":"status-publish","4":"has-post-thumbnail","6":"product_brand-ofyr","7":"product_cat-ofyr","8":"product_cat-ofyr-accessoires","9":"product_cat-planchas","11":"first","12":"instock","13":"sale","14":"taxable","15":"shipping-taxable","16":"purchasable","17":"product-type-simple"},"yoast_head":"<!-- This site is optimized with the Yoast SEO Premium plugin v27.4 (Yoast SEO v27.4) - https:\/\/yoast.com\/product\/yoast-seo-premium-wordpress\/ -->\n<title>Ceder Houten plankjes (set van 3)<\/title>\n<meta name=\"description\" content=\"De Ceder Houten Plankjes (set van 3) zijn perfect voor het roken en grillen van vis en vlees, en voegen een heerlijke, rokerige smaak toe aan je gerechten.\" \/>\n<meta name=\"robots\" content=\"index, follow, max-snippet:-1, max-image-preview:large, max-video-preview:-1\" \/>\n<link rel=\"canonical\" href=\"https:\/\/www.greeneggtotaal.nl\/fr\/product\/planches-en-bois-de-cedre-set-de-3\/\" \/>\n<meta property=\"og:locale\" content=\"fr_FR\" \/>\n<meta property=\"og:type\" content=\"article\" \/>\n<meta property=\"og:title\" content=\"Ceder Houten plankjes (set van 3)\" \/>\n<meta property=\"og:description\" content=\"De Ceder Houten Plankjes (set van 3) zijn perfect voor het roken en grillen van vis en vlees, en voegen een heerlijke, rokerige smaak toe aan je gerechten.\" \/>\n<meta property=\"og:url\" content=\"https:\/\/www.greeneggtotaal.nl\/fr\/product\/planches-en-bois-de-cedre-set-de-3\/\" \/>\n<meta property=\"og:site_name\" content=\"GreenEggTotaal\" \/>\n<meta property=\"article:modified_time\" content=\"2026-04-07T08:04:12+00:00\" \/>\n<meta property=\"og:image\" content=\"https:\/\/www.greeneggtotaal.nl\/wp-content\/uploads\/2025\/08\/ontwerp-zonder-titel-2023-07-10t153623.189.webp\" \/>\n\t<meta property=\"og:image:width\" content=\"500\" \/>\n\t<meta property=\"og:image:height\" content=\"500\" \/>\n\t<meta property=\"og:image:type\" content=\"image\/webp\" \/>\n<meta name=\"twitter:card\" content=\"summary_large_image\" \/>\n<meta name=\"twitter:label1\" content=\"Dur\u00e9e de lecture estim\u00e9e\" \/>\n\t<meta name=\"twitter:data1\" content=\"1 minute\" \/>\n<script type=\"application\/ld+json\" class=\"yoast-schema-graph\">{\"@context\":\"https:\\\/\\\/schema.org\",\"@graph\":[{\"@type\":\"WebPage\",\"@id\":\"https:\\\/\\\/www.greeneggtotaal.nl\\\/product\\\/ceder-houten-plankjes-set-van-3\\\/\",\"url\":\"https:\\\/\\\/www.greeneggtotaal.nl\\\/product\\\/ceder-houten-plankjes-set-van-3\\\/\",\"name\":\"Ceder Houten plankjes (set van 3)\",\"isPartOf\":{\"@id\":\"https:\\\/\\\/www.greeneggtotaal.nl\\\/nl\\\/#website\"},\"primaryImageOfPage\":{\"@id\":\"https:\\\/\\\/www.greeneggtotaal.nl\\\/product\\\/ceder-houten-plankjes-set-van-3\\\/#primaryimage\"},\"image\":{\"@id\":\"https:\\\/\\\/www.greeneggtotaal.nl\\\/product\\\/ceder-houten-plankjes-set-van-3\\\/#primaryimage\"},\"thumbnailUrl\":\"https:\\\/\\\/www.greeneggtotaal.nl\\\/wp-content\\\/uploads\\\/2025\\\/08\\\/ontwerp-zonder-titel-2023-07-10t153623.189.webp\",\"datePublished\":\"2025-08-01T11:48:35+00:00\",\"dateModified\":\"2026-04-07T08:04:12+00:00\",\"description\":\"De Ceder Houten Plankjes (set van 3) zijn perfect voor het roken en grillen van vis en vlees, en voegen een heerlijke, rokerige smaak toe aan je gerechten.\",\"breadcrumb\":{\"@id\":\"https:\\\/\\\/www.greeneggtotaal.nl\\\/product\\\/ceder-houten-plankjes-set-van-3\\\/#breadcrumb\"},\"inLanguage\":\"fr-FR\",\"potentialAction\":[{\"@type\":\"ReadAction\",\"target\":[\"https:\\\/\\\/www.greeneggtotaal.nl\\\/product\\\/ceder-houten-plankjes-set-van-3\\\/\"]}]},{\"@type\":\"ImageObject\",\"inLanguage\":\"fr-FR\",\"@id\":\"https:\\\/\\\/www.greeneggtotaal.nl\\\/product\\\/ceder-houten-plankjes-set-van-3\\\/#primaryimage\",\"url\":\"https:\\\/\\\/www.greeneggtotaal.nl\\\/wp-content\\\/uploads\\\/2025\\\/08\\\/ontwerp-zonder-titel-2023-07-10t153623.189.webp\",\"contentUrl\":\"https:\\\/\\\/www.greeneggtotaal.nl\\\/wp-content\\\/uploads\\\/2025\\\/08\\\/ontwerp-zonder-titel-2023-07-10t153623.189.webp\",\"width\":500,\"height\":500,\"caption\":\"Ceder Houten plankjes (set van 3)\"},{\"@type\":\"BreadcrumbList\",\"@id\":\"https:\\\/\\\/www.greeneggtotaal.nl\\\/product\\\/ceder-houten-plankjes-set-van-3\\\/#breadcrumb\",\"itemListElement\":[{\"@type\":\"ListItem\",\"position\":1,\"name\":\"Home\",\"item\":\"https:\\\/\\\/www.greeneggtotaal.nl\\\/\"},{\"@type\":\"ListItem\",\"position\":2,\"name\":\"Shop\",\"item\":\"https:\\\/\\\/www.greeneggtotaal.nl\\\/nl\\\/shop\\\/\"},{\"@type\":\"ListItem\",\"position\":3,\"name\":\"Ceder Houten plankjes (set van 3)\"}]},{\"@type\":\"WebSite\",\"@id\":\"https:\\\/\\\/www.greeneggtotaal.nl\\\/nl\\\/#website\",\"url\":\"https:\\\/\\\/www.greeneggtotaal.nl\\\/nl\\\/\",\"name\":\"greeneggtotaal.nl\",\"description\":\"D\u00e9 Big Green Egg Specialist\",\"publisher\":{\"@id\":\"https:\\\/\\\/www.greeneggtotaal.nl\\\/nl\\\/#organization\"},\"potentialAction\":[{\"@type\":\"SearchAction\",\"target\":{\"@type\":\"EntryPoint\",\"urlTemplate\":\"https:\\\/\\\/www.greeneggtotaal.nl\\\/nl\\\/?s={search_term_string}\"},\"query-input\":{\"@type\":\"PropertyValueSpecification\",\"valueRequired\":true,\"valueName\":\"search_term_string\"}}],\"inLanguage\":\"fr-FR\"},{\"@type\":\"Organization\",\"@id\":\"https:\\\/\\\/www.greeneggtotaal.nl\\\/nl\\\/#organization\",\"name\":\"Green Egg Totaal\",\"url\":\"https:\\\/\\\/www.greeneggtotaal.nl\\\/nl\\\/\",\"logo\":{\"@type\":\"ImageObject\",\"inLanguage\":\"fr-FR\",\"@id\":\"https:\\\/\\\/www.greeneggtotaal.nl\\\/nl\\\/#\\\/schema\\\/logo\\\/image\\\/\",\"url\":\"https:\\\/\\\/www.greeneggtotaal.nl\\\/wp-content\\\/uploads\\\/2025\\\/06\\\/Green-Egg-Totaal-Logo.png\",\"contentUrl\":\"https:\\\/\\\/www.greeneggtotaal.nl\\\/wp-content\\\/uploads\\\/2025\\\/06\\\/Green-Egg-Totaal-Logo.png\",\"width\":225,\"height\":95,\"caption\":\"Green Egg Totaal\"},\"image\":{\"@id\":\"https:\\\/\\\/www.greeneggtotaal.nl\\\/nl\\\/#\\\/schema\\\/logo\\\/image\\\/\"}}]}<\/script>\n<!-- \/ Yoast SEO Premium plugin. -->","yoast_head_json":{"title":"Etag\u00e8res en bois de c\u00e8dre (lot de 3)","description":"Les planches en bois de c\u00e8dre (lot de 3) sont parfaites pour fumer et griller le poisson et la viande, ajoutant une d\u00e9licieuse saveur fum\u00e9e \u00e0 vos plats.","robots":{"index":"index","follow":"follow","max-snippet":"max-snippet:-1","max-image-preview":"max-image-preview:large","max-video-preview":"max-video-preview:-1"},"canonical":"https:\/\/www.greeneggtotaal.nl\/fr\/product\/planches-en-bois-de-cedre-set-de-3\/","og_locale":"fr_FR","og_type":"article","og_title":"Ceder Houten plankjes (set van 3)","og_description":"De Ceder Houten Plankjes (set van 3) zijn perfect voor het roken en grillen van vis en vlees, en voegen een heerlijke, rokerige smaak toe aan je gerechten.","og_url":"https:\/\/www.greeneggtotaal.nl\/fr\/product\/planches-en-bois-de-cedre-set-de-3\/","og_site_name":"GreenEggTotaal","article_modified_time":"2026-04-07T08:04:12+00:00","og_image":[{"width":500,"height":500,"url":"https:\/\/www.greeneggtotaal.nl\/wp-content\/uploads\/2025\/08\/ontwerp-zonder-titel-2023-07-10t153623.189.webp","type":"image\/webp"}],"twitter_card":"summary_large_image","twitter_misc":{"Dur\u00e9e de lecture estim\u00e9e":"1 minute"},"schema":{"@context":"https:\/\/schema.org","@graph":[{"@type":"WebPage","@id":"https:\/\/www.greeneggtotaal.nl\/product\/ceder-houten-plankjes-set-van-3\/","url":"https:\/\/www.greeneggtotaal.nl\/product\/ceder-houten-plankjes-set-van-3\/","name":"Etag\u00e8res en bois de c\u00e8dre (lot de 3)","isPartOf":{"@id":"https:\/\/www.greeneggtotaal.nl\/nl\/#website"},"primaryImageOfPage":{"@id":"https:\/\/www.greeneggtotaal.nl\/product\/ceder-houten-plankjes-set-van-3\/#primaryimage"},"image":{"@id":"https:\/\/www.greeneggtotaal.nl\/product\/ceder-houten-plankjes-set-van-3\/#primaryimage"},"thumbnailUrl":"https:\/\/www.greeneggtotaal.nl\/wp-content\/uploads\/2025\/08\/ontwerp-zonder-titel-2023-07-10t153623.189.webp","datePublished":"2025-08-01T11:48:35+00:00","dateModified":"2026-04-07T08:04:12+00:00","description":"Les planches en bois de c\u00e8dre (lot de 3) sont parfaites pour fumer et griller le poisson et la viande, ajoutant une d\u00e9licieuse saveur fum\u00e9e \u00e0 vos plats.","breadcrumb":{"@id":"https:\/\/www.greeneggtotaal.nl\/product\/ceder-houten-plankjes-set-van-3\/#breadcrumb"},"inLanguage":"fr-FR","potentialAction":[{"@type":"ReadAction","target":["https:\/\/www.greeneggtotaal.nl\/product\/ceder-houten-plankjes-set-van-3\/"]}]},{"@type":"ImageObject","inLanguage":"fr-FR","@id":"https:\/\/www.greeneggtotaal.nl\/product\/ceder-houten-plankjes-set-van-3\/#primaryimage","url":"https:\/\/www.greeneggtotaal.nl\/wp-content\/uploads\/2025\/08\/ontwerp-zonder-titel-2023-07-10t153623.189.webp","contentUrl":"https:\/\/www.greeneggtotaal.nl\/wp-content\/uploads\/2025\/08\/ontwerp-zonder-titel-2023-07-10t153623.189.webp","width":500,"height":500,"caption":"Ceder Houten plankjes (set van 3)"},{"@type":"BreadcrumbList","@id":"https:\/\/www.greeneggtotaal.nl\/product\/ceder-houten-plankjes-set-van-3\/#breadcrumb","itemListElement":[{"@type":"ListItem","position":1,"name":"Home","item":"https:\/\/www.greeneggtotaal.nl\/"},{"@type":"ListItem","position":2,"name":"Shop","item":"https:\/\/www.greeneggtotaal.nl\/nl\/shop\/"},{"@type":"ListItem","position":3,"name":"Ceder Houten plankjes (set van 3)"}]},{"@type":"WebSite","@id":"https:\/\/www.greeneggtotaal.nl\/nl\/#website","url":"https:\/\/www.greeneggtotaal.nl\/nl\/","name":"greeneggtotaal.nl","description":"Le sp\u00e9cialiste du Big Green Egg","publisher":{"@id":"https:\/\/www.greeneggtotaal.nl\/nl\/#organization"},"potentialAction":[{"@type":"SearchAction","target":{"@type":"EntryPoint","urlTemplate":"https:\/\/www.greeneggtotaal.nl\/nl\/?s={search_term_string}"},"query-input":{"@type":"PropertyValueSpecification","valueRequired":true,"valueName":"search_term_string"}}],"inLanguage":"fr-FR"},{"@type":"Organization","@id":"https:\/\/www.greeneggtotaal.nl\/nl\/#organization","name":"Green Egg Totaal","url":"https:\/\/www.greeneggtotaal.nl\/nl\/","logo":{"@type":"ImageObject","inLanguage":"fr-FR","@id":"https:\/\/www.greeneggtotaal.nl\/nl\/#\/schema\/logo\/image\/","url":"https:\/\/www.greeneggtotaal.nl\/wp-content\/uploads\/2025\/06\/Green-Egg-Totaal-Logo.png","contentUrl":"https:\/\/www.greeneggtotaal.nl\/wp-content\/uploads\/2025\/06\/Green-Egg-Totaal-Logo.png","width":225,"height":95,"caption":"Green Egg Totaal"},"image":{"@id":"https:\/\/www.greeneggtotaal.nl\/nl\/#\/schema\/logo\/image\/"}}]}},"_links":{"self":[{"href":"https:\/\/www.greeneggtotaal.nl\/fr\/wp-json\/wp\/v2\/product\/12898","targetHints":{"allow":["GET"]}}],"collection":[{"href":"https:\/\/www.greeneggtotaal.nl\/fr\/wp-json\/wp\/v2\/product"}],"about":[{"href":"https:\/\/www.greeneggtotaal.nl\/fr\/wp-json\/wp\/v2\/types\/product"}],"wp:featuredmedia":[{"embeddable":true,"href":"https:\/\/www.greeneggtotaal.nl\/fr\/wp-json\/wp\/v2\/media\/12897"}],"wp:attachment":[{"href":"https:\/\/www.greeneggtotaal.nl\/fr\/wp-json\/wp\/v2\/media?parent=12898"}],"wp:term":[{"taxonomy":"product_brand","embeddable":true,"href":"https:\/\/www.greeneggtotaal.nl\/fr\/wp-json\/wp\/v2\/product_brand?post=12898"},{"taxonomy":"product_cat","embeddable":true,"href":"https:\/\/www.greeneggtotaal.nl\/fr\/wp-json\/wp\/v2\/product_cat?post=12898"},{"taxonomy":"product_tag","embeddable":true,"href":"https:\/\/www.greeneggtotaal.nl\/fr\/wp-json\/wp\/v2\/product_tag?post=12898"}],"curies":[{"name":"wp","href":"https:\/\/api.w.org\/{rel}","templated":true}]}}