{"id":12900,"date":"2025-08-01T13:48:36","date_gmt":"2025-08-01T11:48:36","guid":{"rendered":"https:\/\/baselinkweb.nl\/greeneggtotaal\/product\/ofyr-wood-storage-black-100\/"},"modified":"2026-04-07T10:04:12","modified_gmt":"2026-04-07T08:04:12","slug":"ofyr-wood-storage-black-100","status":"publish","type":"product","link":"https:\/\/www.greeneggtotaal.nl\/fr\/product\/ofyr-wood-storage-black-100\/","title":{"rendered":"OFYR Rangement en bois noir 100"},"content":{"rendered":"<p><strong>Le Wood Storage transforme une pile de bois en un mur d\u00e9coratif. L'\u00e9tag\u00e8re sup\u00e9rieure permet de ranger facilement les outils et les accessoires derri\u00e8re la porte \u00e0 charni\u00e8re. Disponibles en 3 tailles et modulables \u00e0 l'infini, ils s'adaptent \u00e0 tous les espaces ext\u00e9rieurs. Il est fortement recommand\u00e9 de fixer les Wood Storage \u00e0 un mur.<\/strong><\/p>","protected":false},"excerpt":{"rendered":"<p>De Wood Storage tovert een stapel hout om in een decoratieve wand. Op de bovenste plank zijn gereedschap en accessoires gemakkelijk op te bergen achter de scharnierdeur. De kast is te verkrijgen in 3 maten en eindeloos te koppelen, waardoor ze aangepast kunnen worden aan iedere buitenruimte. Het is sterk aanbevolen om de Wood Storage [&hellip;]<\/p>\n","protected":false},"featured_media":12899,"template":"","meta":[],"product_brand":[239],"product_cat":[133],"product_tag":[],"class_list":{"0":"post-12900","1":"product","2":"type-product","3":"status-publish","4":"has-post-thumbnail","6":"product_brand-ofyr","7":"product_cat-ofyr-buitenkeukens","9":"first","10":"instock","11":"sale","12":"taxable","13":"shipping-taxable","14":"purchasable","15":"product-type-simple"},"yoast_head":"<!-- This site is optimized with the Yoast SEO Premium plugin v27.4 (Yoast SEO v27.4) - https:\/\/yoast.com\/product\/yoast-seo-premium-wordpress\/ -->\n<title>OFYR Wood Storage Black 100<\/title>\n<meta name=\"description\" content=\"De OFYR Wood Storage Black 100 biedt stijlvolle en praktische opslag voor uw brandhout, perfect voor het bijhouden van een georganiseerde buitenruimte.\" \/>\n<meta name=\"robots\" content=\"index, follow, max-snippet:-1, max-image-preview:large, max-video-preview:-1\" \/>\n<link rel=\"canonical\" href=\"https:\/\/www.greeneggtotaal.nl\/fr\/product\/ofyr-wood-storage-black-100\/\" \/>\n<meta property=\"og:locale\" content=\"fr_FR\" \/>\n<meta property=\"og:type\" content=\"article\" \/>\n<meta property=\"og:title\" content=\"OFYR Wood Storage Black 100\" \/>\n<meta property=\"og:description\" content=\"De OFYR Wood Storage Black 100 biedt stijlvolle en praktische opslag voor uw brandhout, perfect voor het bijhouden van een georganiseerde buitenruimte.\" \/>\n<meta property=\"og:url\" content=\"https:\/\/www.greeneggtotaal.nl\/fr\/product\/ofyr-wood-storage-black-100\/\" \/>\n<meta property=\"og:site_name\" content=\"GreenEggTotaal\" \/>\n<meta property=\"article:modified_time\" content=\"2026-04-07T08:04:12+00:00\" \/>\n<meta property=\"og:image\" content=\"https:\/\/www.greeneggtotaal.nl\/wp-content\/uploads\/2025\/08\/ontwerp-zonder-titel-2023-07-10t142237.187.webp\" \/>\n\t<meta property=\"og:image:width\" content=\"500\" \/>\n\t<meta property=\"og:image:height\" content=\"500\" \/>\n\t<meta property=\"og:image:type\" content=\"image\/webp\" \/>\n<meta name=\"twitter:card\" content=\"summary_large_image\" \/>\n<meta name=\"twitter:label1\" content=\"Dur\u00e9e de lecture estim\u00e9e\" \/>\n\t<meta name=\"twitter:data1\" content=\"1 minute\" \/>\n<script type=\"application\/ld+json\" class=\"yoast-schema-graph\">{\"@context\":\"https:\\\/\\\/schema.org\",\"@graph\":[{\"@type\":\"WebPage\",\"@id\":\"https:\\\/\\\/www.greeneggtotaal.nl\\\/product\\\/ofyr-wood-storage-black-100\\\/\",\"url\":\"https:\\\/\\\/www.greeneggtotaal.nl\\\/product\\\/ofyr-wood-storage-black-100\\\/\",\"name\":\"OFYR Wood Storage Black 100\",\"isPartOf\":{\"@id\":\"https:\\\/\\\/www.greeneggtotaal.nl\\\/nl\\\/#website\"},\"primaryImageOfPage\":{\"@id\":\"https:\\\/\\\/www.greeneggtotaal.nl\\\/product\\\/ofyr-wood-storage-black-100\\\/#primaryimage\"},\"image\":{\"@id\":\"https:\\\/\\\/www.greeneggtotaal.nl\\\/product\\\/ofyr-wood-storage-black-100\\\/#primaryimage\"},\"thumbnailUrl\":\"https:\\\/\\\/www.greeneggtotaal.nl\\\/wp-content\\\/uploads\\\/2025\\\/08\\\/ontwerp-zonder-titel-2023-07-10t142237.187.webp\",\"datePublished\":\"2025-08-01T11:48:36+00:00\",\"dateModified\":\"2026-04-07T08:04:12+00:00\",\"description\":\"De OFYR Wood Storage Black 100 biedt stijlvolle en praktische opslag voor uw brandhout, perfect voor het bijhouden van een georganiseerde buitenruimte.\",\"breadcrumb\":{\"@id\":\"https:\\\/\\\/www.greeneggtotaal.nl\\\/product\\\/ofyr-wood-storage-black-100\\\/#breadcrumb\"},\"inLanguage\":\"fr-FR\",\"potentialAction\":[{\"@type\":\"ReadAction\",\"target\":[\"https:\\\/\\\/www.greeneggtotaal.nl\\\/product\\\/ofyr-wood-storage-black-100\\\/\"]}]},{\"@type\":\"ImageObject\",\"inLanguage\":\"fr-FR\",\"@id\":\"https:\\\/\\\/www.greeneggtotaal.nl\\\/product\\\/ofyr-wood-storage-black-100\\\/#primaryimage\",\"url\":\"https:\\\/\\\/www.greeneggtotaal.nl\\\/wp-content\\\/uploads\\\/2025\\\/08\\\/ontwerp-zonder-titel-2023-07-10t142237.187.webp\",\"contentUrl\":\"https:\\\/\\\/www.greeneggtotaal.nl\\\/wp-content\\\/uploads\\\/2025\\\/08\\\/ontwerp-zonder-titel-2023-07-10t142237.187.webp\",\"width\":500,\"height\":500,\"caption\":\"OFYR Wood Storage Black 100\"},{\"@type\":\"BreadcrumbList\",\"@id\":\"https:\\\/\\\/www.greeneggtotaal.nl\\\/product\\\/ofyr-wood-storage-black-100\\\/#breadcrumb\",\"itemListElement\":[{\"@type\":\"ListItem\",\"position\":1,\"name\":\"Home\",\"item\":\"https:\\\/\\\/www.greeneggtotaal.nl\\\/\"},{\"@type\":\"ListItem\",\"position\":2,\"name\":\"Shop\",\"item\":\"https:\\\/\\\/www.greeneggtotaal.nl\\\/nl\\\/shop\\\/\"},{\"@type\":\"ListItem\",\"position\":3,\"name\":\"OFYR Wood Storage Black 100\"}]},{\"@type\":\"WebSite\",\"@id\":\"https:\\\/\\\/www.greeneggtotaal.nl\\\/nl\\\/#website\",\"url\":\"https:\\\/\\\/www.greeneggtotaal.nl\\\/nl\\\/\",\"name\":\"greeneggtotaal.nl\",\"description\":\"D\u00e9 Big Green Egg Specialist\",\"publisher\":{\"@id\":\"https:\\\/\\\/www.greeneggtotaal.nl\\\/nl\\\/#organization\"},\"potentialAction\":[{\"@type\":\"SearchAction\",\"target\":{\"@type\":\"EntryPoint\",\"urlTemplate\":\"https:\\\/\\\/www.greeneggtotaal.nl\\\/nl\\\/?s={search_term_string}\"},\"query-input\":{\"@type\":\"PropertyValueSpecification\",\"valueRequired\":true,\"valueName\":\"search_term_string\"}}],\"inLanguage\":\"fr-FR\"},{\"@type\":\"Organization\",\"@id\":\"https:\\\/\\\/www.greeneggtotaal.nl\\\/nl\\\/#organization\",\"name\":\"Green Egg Totaal\",\"url\":\"https:\\\/\\\/www.greeneggtotaal.nl\\\/nl\\\/\",\"logo\":{\"@type\":\"ImageObject\",\"inLanguage\":\"fr-FR\",\"@id\":\"https:\\\/\\\/www.greeneggtotaal.nl\\\/nl\\\/#\\\/schema\\\/logo\\\/image\\\/\",\"url\":\"https:\\\/\\\/www.greeneggtotaal.nl\\\/wp-content\\\/uploads\\\/2025\\\/06\\\/Green-Egg-Totaal-Logo.png\",\"contentUrl\":\"https:\\\/\\\/www.greeneggtotaal.nl\\\/wp-content\\\/uploads\\\/2025\\\/06\\\/Green-Egg-Totaal-Logo.png\",\"width\":225,\"height\":95,\"caption\":\"Green Egg Totaal\"},\"image\":{\"@id\":\"https:\\\/\\\/www.greeneggtotaal.nl\\\/nl\\\/#\\\/schema\\\/logo\\\/image\\\/\"}}]}<\/script>\n<!-- \/ Yoast SEO Premium plugin. -->","yoast_head_json":{"title":"OFYR Rangement en bois noir 100","description":"L'OFYR Wood Storage Black 100 offre un rangement \u00e9l\u00e9gant et pratique pour votre bois de chauffage, parfait pour garder un espace ext\u00e9rieur organis\u00e9.","robots":{"index":"index","follow":"follow","max-snippet":"max-snippet:-1","max-image-preview":"max-image-preview:large","max-video-preview":"max-video-preview:-1"},"canonical":"https:\/\/www.greeneggtotaal.nl\/fr\/product\/ofyr-wood-storage-black-100\/","og_locale":"fr_FR","og_type":"article","og_title":"OFYR Wood Storage Black 100","og_description":"De OFYR Wood Storage Black 100 biedt stijlvolle en praktische opslag voor uw brandhout, perfect voor het bijhouden van een georganiseerde buitenruimte.","og_url":"https:\/\/www.greeneggtotaal.nl\/fr\/product\/ofyr-wood-storage-black-100\/","og_site_name":"GreenEggTotaal","article_modified_time":"2026-04-07T08:04:12+00:00","og_image":[{"width":500,"height":500,"url":"https:\/\/www.greeneggtotaal.nl\/wp-content\/uploads\/2025\/08\/ontwerp-zonder-titel-2023-07-10t142237.187.webp","type":"image\/webp"}],"twitter_card":"summary_large_image","twitter_misc":{"Dur\u00e9e de lecture estim\u00e9e":"1 minute"},"schema":{"@context":"https:\/\/schema.org","@graph":[{"@type":"WebPage","@id":"https:\/\/www.greeneggtotaal.nl\/product\/ofyr-wood-storage-black-100\/","url":"https:\/\/www.greeneggtotaal.nl\/product\/ofyr-wood-storage-black-100\/","name":"OFYR Rangement en bois noir 100","isPartOf":{"@id":"https:\/\/www.greeneggtotaal.nl\/nl\/#website"},"primaryImageOfPage":{"@id":"https:\/\/www.greeneggtotaal.nl\/product\/ofyr-wood-storage-black-100\/#primaryimage"},"image":{"@id":"https:\/\/www.greeneggtotaal.nl\/product\/ofyr-wood-storage-black-100\/#primaryimage"},"thumbnailUrl":"https:\/\/www.greeneggtotaal.nl\/wp-content\/uploads\/2025\/08\/ontwerp-zonder-titel-2023-07-10t142237.187.webp","datePublished":"2025-08-01T11:48:36+00:00","dateModified":"2026-04-07T08:04:12+00:00","description":"L'OFYR Wood Storage Black 100 offre un rangement \u00e9l\u00e9gant et pratique pour votre bois de chauffage, parfait pour garder un espace ext\u00e9rieur organis\u00e9.","breadcrumb":{"@id":"https:\/\/www.greeneggtotaal.nl\/product\/ofyr-wood-storage-black-100\/#breadcrumb"},"inLanguage":"fr-FR","potentialAction":[{"@type":"ReadAction","target":["https:\/\/www.greeneggtotaal.nl\/product\/ofyr-wood-storage-black-100\/"]}]},{"@type":"ImageObject","inLanguage":"fr-FR","@id":"https:\/\/www.greeneggtotaal.nl\/product\/ofyr-wood-storage-black-100\/#primaryimage","url":"https:\/\/www.greeneggtotaal.nl\/wp-content\/uploads\/2025\/08\/ontwerp-zonder-titel-2023-07-10t142237.187.webp","contentUrl":"https:\/\/www.greeneggtotaal.nl\/wp-content\/uploads\/2025\/08\/ontwerp-zonder-titel-2023-07-10t142237.187.webp","width":500,"height":500,"caption":"OFYR Wood Storage Black 100"},{"@type":"BreadcrumbList","@id":"https:\/\/www.greeneggtotaal.nl\/product\/ofyr-wood-storage-black-100\/#breadcrumb","itemListElement":[{"@type":"ListItem","position":1,"name":"Home","item":"https:\/\/www.greeneggtotaal.nl\/"},{"@type":"ListItem","position":2,"name":"Shop","item":"https:\/\/www.greeneggtotaal.nl\/nl\/shop\/"},{"@type":"ListItem","position":3,"name":"OFYR Wood Storage Black 100"}]},{"@type":"WebSite","@id":"https:\/\/www.greeneggtotaal.nl\/nl\/#website","url":"https:\/\/www.greeneggtotaal.nl\/nl\/","name":"greeneggtotaal.nl","description":"Le sp\u00e9cialiste du Big Green Egg","publisher":{"@id":"https:\/\/www.greeneggtotaal.nl\/nl\/#organization"},"potentialAction":[{"@type":"SearchAction","target":{"@type":"EntryPoint","urlTemplate":"https:\/\/www.greeneggtotaal.nl\/nl\/?s={search_term_string}"},"query-input":{"@type":"PropertyValueSpecification","valueRequired":true,"valueName":"search_term_string"}}],"inLanguage":"fr-FR"},{"@type":"Organization","@id":"https:\/\/www.greeneggtotaal.nl\/nl\/#organization","name":"Green Egg Totaal","url":"https:\/\/www.greeneggtotaal.nl\/nl\/","logo":{"@type":"ImageObject","inLanguage":"fr-FR","@id":"https:\/\/www.greeneggtotaal.nl\/nl\/#\/schema\/logo\/image\/","url":"https:\/\/www.greeneggtotaal.nl\/wp-content\/uploads\/2025\/06\/Green-Egg-Totaal-Logo.png","contentUrl":"https:\/\/www.greeneggtotaal.nl\/wp-content\/uploads\/2025\/06\/Green-Egg-Totaal-Logo.png","width":225,"height":95,"caption":"Green Egg Totaal"},"image":{"@id":"https:\/\/www.greeneggtotaal.nl\/nl\/#\/schema\/logo\/image\/"}}]}},"_links":{"self":[{"href":"https:\/\/www.greeneggtotaal.nl\/fr\/wp-json\/wp\/v2\/product\/12900","targetHints":{"allow":["GET"]}}],"collection":[{"href":"https:\/\/www.greeneggtotaal.nl\/fr\/wp-json\/wp\/v2\/product"}],"about":[{"href":"https:\/\/www.greeneggtotaal.nl\/fr\/wp-json\/wp\/v2\/types\/product"}],"wp:featuredmedia":[{"embeddable":true,"href":"https:\/\/www.greeneggtotaal.nl\/fr\/wp-json\/wp\/v2\/media\/12899"}],"wp:attachment":[{"href":"https:\/\/www.greeneggtotaal.nl\/fr\/wp-json\/wp\/v2\/media?parent=12900"}],"wp:term":[{"taxonomy":"product_brand","embeddable":true,"href":"https:\/\/www.greeneggtotaal.nl\/fr\/wp-json\/wp\/v2\/product_brand?post=12900"},{"taxonomy":"product_cat","embeddable":true,"href":"https:\/\/www.greeneggtotaal.nl\/fr\/wp-json\/wp\/v2\/product_cat?post=12900"},{"taxonomy":"product_tag","embeddable":true,"href":"https:\/\/www.greeneggtotaal.nl\/fr\/wp-json\/wp\/v2\/product_tag?post=12900"}],"curies":[{"name":"wp","href":"https:\/\/api.w.org\/{rel}","templated":true}]}}