{"id":13178,"date":"2025-08-01T13:49:31","date_gmt":"2025-08-01T11:49:31","guid":{"rendered":"https:\/\/baselinkweb.nl\/greeneggtotaal\/product\/witt-pizza-fsc-wood-pizza-peel-14-inch\/"},"modified":"2026-04-15T11:23:42","modified_gmt":"2026-04-15T09:23:42","slug":"pelle-a-pizza-blanche-en-bois-fsc-14-pouces","status":"publish","type":"product","link":"https:\/\/www.greeneggtotaal.nl\/fr\/product\/witt-pizza-fsc-wood-pizza-peel-14-inch\/","title":{"rendered":"Witt Pizza Peau \u00e0 pizza en bois FSC 14 pouces"},"content":{"rendered":"<p>Pelle \u00e0 pizza en bois FSC durable \u2013 parfaite pour les pizzas d'un diam\u00e8tre allant jusqu'\u00e0 36 cm.<\/p>","protected":false},"excerpt":{"rendered":"<p>Pelle \u00e0 pizza en bois FSC durable \u2013 parfaite pour les pizzas d'un diam\u00e8tre allant jusqu'\u00e0 36 cm.<\/p>","protected":false},"featured_media":13056,"template":"","meta":[],"product_brand":[243],"product_cat":[112,114,119],"product_tag":[],"class_list":{"0":"post-13178","1":"product","2":"type-product","3":"status-publish","4":"has-post-thumbnail","6":"product_brand-witt","7":"product_cat-pizzaovens","8":"product_cat-witt","9":"product_cat-witt-accessoires","11":"first","12":"instock","13":"taxable","14":"shipping-taxable","15":"purchasable","16":"product-type-simple"},"yoast_head":"<!-- This site is optimized with the Yoast SEO Premium plugin v27.4 (Yoast SEO v27.4) - https:\/\/yoast.com\/product\/yoast-seo-premium-wordpress\/ -->\n<title>Witt Pizza FSC Wood Pizza Peel 14 Inch<\/title>\n<meta name=\"description\" content=\"De Witt Pizza FSC Wood Pizza Peel is perfect voor het veilig in en uit de oven schuiven van pizza&#039;s, gemaakt van duurzaam hout voor extra kwaliteit.\" \/>\n<meta name=\"robots\" content=\"index, follow, max-snippet:-1, max-image-preview:large, max-video-preview:-1\" \/>\n<link rel=\"canonical\" href=\"https:\/\/www.greeneggtotaal.nl\/fr\/product\/pelle-a-pizza-blanche-en-bois-fsc-14-pouces\/\" \/>\n<meta property=\"og:locale\" content=\"fr_FR\" \/>\n<meta property=\"og:type\" content=\"article\" \/>\n<meta property=\"og:title\" content=\"Witt Pizza FSC Wood Pizza Peel 14 Inch\" \/>\n<meta property=\"og:description\" content=\"De Witt Pizza FSC Wood Pizza Peel is perfect voor het veilig in en uit de oven schuiven van pizza&#039;s, gemaakt van duurzaam hout voor extra kwaliteit.\" \/>\n<meta property=\"og:url\" content=\"https:\/\/www.greeneggtotaal.nl\/fr\/product\/pelle-a-pizza-blanche-en-bois-fsc-14-pouces\/\" \/>\n<meta property=\"og:site_name\" content=\"GreenEggTotaal\" \/>\n<meta property=\"article:modified_time\" content=\"2026-04-15T09:23:42+00:00\" \/>\n<meta property=\"og:image\" content=\"https:\/\/www.greeneggtotaal.nl\/wp-content\/uploads\/2025\/08\/1-3-9.webp\" \/>\n\t<meta property=\"og:image:width\" content=\"500\" \/>\n\t<meta property=\"og:image:height\" content=\"500\" \/>\n\t<meta property=\"og:image:type\" content=\"image\/webp\" \/>\n<meta name=\"twitter:card\" content=\"summary_large_image\" \/>\n<meta name=\"twitter:label1\" content=\"Dur\u00e9e de lecture estim\u00e9e\" \/>\n\t<meta name=\"twitter:data1\" content=\"1 minute\" \/>\n<script type=\"application\/ld+json\" class=\"yoast-schema-graph\">{\"@context\":\"https:\\\/\\\/schema.org\",\"@graph\":[{\"@type\":\"WebPage\",\"@id\":\"https:\\\/\\\/www.greeneggtotaal.nl\\\/product\\\/witt-pizza-fsc-wood-pizza-peel-14-inch\\\/\",\"url\":\"https:\\\/\\\/www.greeneggtotaal.nl\\\/product\\\/witt-pizza-fsc-wood-pizza-peel-14-inch\\\/\",\"name\":\"Witt Pizza FSC Wood Pizza Peel 14 Inch\",\"isPartOf\":{\"@id\":\"https:\\\/\\\/www.greeneggtotaal.nl\\\/nl\\\/#website\"},\"primaryImageOfPage\":{\"@id\":\"https:\\\/\\\/www.greeneggtotaal.nl\\\/product\\\/witt-pizza-fsc-wood-pizza-peel-14-inch\\\/#primaryimage\"},\"image\":{\"@id\":\"https:\\\/\\\/www.greeneggtotaal.nl\\\/product\\\/witt-pizza-fsc-wood-pizza-peel-14-inch\\\/#primaryimage\"},\"thumbnailUrl\":\"https:\\\/\\\/www.greeneggtotaal.nl\\\/wp-content\\\/uploads\\\/2025\\\/08\\\/1-3-9.webp\",\"datePublished\":\"2025-08-01T11:49:31+00:00\",\"dateModified\":\"2026-04-15T09:23:42+00:00\",\"description\":\"De Witt Pizza FSC Wood Pizza Peel is perfect voor het veilig in en uit de oven schuiven van pizza's, gemaakt van duurzaam hout voor extra kwaliteit.\",\"breadcrumb\":{\"@id\":\"https:\\\/\\\/www.greeneggtotaal.nl\\\/product\\\/witt-pizza-fsc-wood-pizza-peel-14-inch\\\/#breadcrumb\"},\"inLanguage\":\"fr-FR\",\"potentialAction\":[{\"@type\":\"ReadAction\",\"target\":[\"https:\\\/\\\/www.greeneggtotaal.nl\\\/product\\\/witt-pizza-fsc-wood-pizza-peel-14-inch\\\/\"]}]},{\"@type\":\"ImageObject\",\"inLanguage\":\"fr-FR\",\"@id\":\"https:\\\/\\\/www.greeneggtotaal.nl\\\/product\\\/witt-pizza-fsc-wood-pizza-peel-14-inch\\\/#primaryimage\",\"url\":\"https:\\\/\\\/www.greeneggtotaal.nl\\\/wp-content\\\/uploads\\\/2025\\\/08\\\/1-3-9.webp\",\"contentUrl\":\"https:\\\/\\\/www.greeneggtotaal.nl\\\/wp-content\\\/uploads\\\/2025\\\/08\\\/1-3-9.webp\",\"width\":500,\"height\":500,\"caption\":\"Witt Pizza FSC Wood Pizza Peel 14 Inch\"},{\"@type\":\"BreadcrumbList\",\"@id\":\"https:\\\/\\\/www.greeneggtotaal.nl\\\/product\\\/witt-pizza-fsc-wood-pizza-peel-14-inch\\\/#breadcrumb\",\"itemListElement\":[{\"@type\":\"ListItem\",\"position\":1,\"name\":\"Home\",\"item\":\"https:\\\/\\\/www.greeneggtotaal.nl\\\/\"},{\"@type\":\"ListItem\",\"position\":2,\"name\":\"Shop\",\"item\":\"https:\\\/\\\/www.greeneggtotaal.nl\\\/nl\\\/shop\\\/\"},{\"@type\":\"ListItem\",\"position\":3,\"name\":\"Witt Pizza FSC Wood Pizza Peel 14 Inch\"}]},{\"@type\":\"WebSite\",\"@id\":\"https:\\\/\\\/www.greeneggtotaal.nl\\\/nl\\\/#website\",\"url\":\"https:\\\/\\\/www.greeneggtotaal.nl\\\/nl\\\/\",\"name\":\"greeneggtotaal.nl\",\"description\":\"D\u00e9 Big Green Egg Specialist\",\"publisher\":{\"@id\":\"https:\\\/\\\/www.greeneggtotaal.nl\\\/nl\\\/#organization\"},\"potentialAction\":[{\"@type\":\"SearchAction\",\"target\":{\"@type\":\"EntryPoint\",\"urlTemplate\":\"https:\\\/\\\/www.greeneggtotaal.nl\\\/nl\\\/?s={search_term_string}\"},\"query-input\":{\"@type\":\"PropertyValueSpecification\",\"valueRequired\":true,\"valueName\":\"search_term_string\"}}],\"inLanguage\":\"fr-FR\"},{\"@type\":\"Organization\",\"@id\":\"https:\\\/\\\/www.greeneggtotaal.nl\\\/nl\\\/#organization\",\"name\":\"Green Egg Totaal\",\"url\":\"https:\\\/\\\/www.greeneggtotaal.nl\\\/nl\\\/\",\"logo\":{\"@type\":\"ImageObject\",\"inLanguage\":\"fr-FR\",\"@id\":\"https:\\\/\\\/www.greeneggtotaal.nl\\\/nl\\\/#\\\/schema\\\/logo\\\/image\\\/\",\"url\":\"https:\\\/\\\/www.greeneggtotaal.nl\\\/wp-content\\\/uploads\\\/2025\\\/06\\\/Green-Egg-Totaal-Logo.png\",\"contentUrl\":\"https:\\\/\\\/www.greeneggtotaal.nl\\\/wp-content\\\/uploads\\\/2025\\\/06\\\/Green-Egg-Totaal-Logo.png\",\"width\":225,\"height\":95,\"caption\":\"Green Egg Totaal\"},\"image\":{\"@id\":\"https:\\\/\\\/www.greeneggtotaal.nl\\\/nl\\\/#\\\/schema\\\/logo\\\/image\\\/\"}}]}<\/script>\n<!-- \/ Yoast SEO Premium plugin. -->","yoast_head_json":{"title":"Witt Pizza Peau \u00e0 pizza en bois FSC 14 pouces","description":"La pelle \u00e0 pizza FSC Wood Pizza Peel de De Witt est parfaite pour enfourner et d\u00e9fourner les pizzas en toute s\u00e9curit\u00e9. Elle est fabriqu\u00e9e en bois durable pour une qualit\u00e9 sup\u00e9rieure.","robots":{"index":"index","follow":"follow","max-snippet":"max-snippet:-1","max-image-preview":"max-image-preview:large","max-video-preview":"max-video-preview:-1"},"canonical":"https:\/\/www.greeneggtotaal.nl\/fr\/product\/pelle-a-pizza-blanche-en-bois-fsc-14-pouces\/","og_locale":"fr_FR","og_type":"article","og_title":"Witt Pizza FSC Wood Pizza Peel 14 Inch","og_description":"De Witt Pizza FSC Wood Pizza Peel is perfect voor het veilig in en uit de oven schuiven van pizza's, gemaakt van duurzaam hout voor extra kwaliteit.","og_url":"https:\/\/www.greeneggtotaal.nl\/fr\/product\/pelle-a-pizza-blanche-en-bois-fsc-14-pouces\/","og_site_name":"GreenEggTotaal","article_modified_time":"2026-04-15T09:23:42+00:00","og_image":[{"width":500,"height":500,"url":"https:\/\/www.greeneggtotaal.nl\/wp-content\/uploads\/2025\/08\/1-3-9.webp","type":"image\/webp"}],"twitter_card":"summary_large_image","twitter_misc":{"Dur\u00e9e de lecture estim\u00e9e":"1 minute"},"schema":{"@context":"https:\/\/schema.org","@graph":[{"@type":"WebPage","@id":"https:\/\/www.greeneggtotaal.nl\/product\/witt-pizza-fsc-wood-pizza-peel-14-inch\/","url":"https:\/\/www.greeneggtotaal.nl\/product\/witt-pizza-fsc-wood-pizza-peel-14-inch\/","name":"Witt Pizza Peau \u00e0 pizza en bois FSC 14 pouces","isPartOf":{"@id":"https:\/\/www.greeneggtotaal.nl\/nl\/#website"},"primaryImageOfPage":{"@id":"https:\/\/www.greeneggtotaal.nl\/product\/witt-pizza-fsc-wood-pizza-peel-14-inch\/#primaryimage"},"image":{"@id":"https:\/\/www.greeneggtotaal.nl\/product\/witt-pizza-fsc-wood-pizza-peel-14-inch\/#primaryimage"},"thumbnailUrl":"https:\/\/www.greeneggtotaal.nl\/wp-content\/uploads\/2025\/08\/1-3-9.webp","datePublished":"2025-08-01T11:49:31+00:00","dateModified":"2026-04-15T09:23:42+00:00","description":"La pelle \u00e0 pizza FSC Wood Pizza Peel de De Witt est parfaite pour enfourner et d\u00e9fourner les pizzas en toute s\u00e9curit\u00e9. Elle est fabriqu\u00e9e en bois durable pour une qualit\u00e9 sup\u00e9rieure.","breadcrumb":{"@id":"https:\/\/www.greeneggtotaal.nl\/product\/witt-pizza-fsc-wood-pizza-peel-14-inch\/#breadcrumb"},"inLanguage":"fr-FR","potentialAction":[{"@type":"ReadAction","target":["https:\/\/www.greeneggtotaal.nl\/product\/witt-pizza-fsc-wood-pizza-peel-14-inch\/"]}]},{"@type":"ImageObject","inLanguage":"fr-FR","@id":"https:\/\/www.greeneggtotaal.nl\/product\/witt-pizza-fsc-wood-pizza-peel-14-inch\/#primaryimage","url":"https:\/\/www.greeneggtotaal.nl\/wp-content\/uploads\/2025\/08\/1-3-9.webp","contentUrl":"https:\/\/www.greeneggtotaal.nl\/wp-content\/uploads\/2025\/08\/1-3-9.webp","width":500,"height":500,"caption":"Witt Pizza FSC Wood Pizza Peel 14 Inch"},{"@type":"BreadcrumbList","@id":"https:\/\/www.greeneggtotaal.nl\/product\/witt-pizza-fsc-wood-pizza-peel-14-inch\/#breadcrumb","itemListElement":[{"@type":"ListItem","position":1,"name":"Home","item":"https:\/\/www.greeneggtotaal.nl\/"},{"@type":"ListItem","position":2,"name":"Shop","item":"https:\/\/www.greeneggtotaal.nl\/nl\/shop\/"},{"@type":"ListItem","position":3,"name":"Witt Pizza FSC Wood Pizza Peel 14 Inch"}]},{"@type":"WebSite","@id":"https:\/\/www.greeneggtotaal.nl\/nl\/#website","url":"https:\/\/www.greeneggtotaal.nl\/nl\/","name":"greeneggtotaal.nl","description":"Le sp\u00e9cialiste du Big Green Egg","publisher":{"@id":"https:\/\/www.greeneggtotaal.nl\/nl\/#organization"},"potentialAction":[{"@type":"SearchAction","target":{"@type":"EntryPoint","urlTemplate":"https:\/\/www.greeneggtotaal.nl\/nl\/?s={search_term_string}"},"query-input":{"@type":"PropertyValueSpecification","valueRequired":true,"valueName":"search_term_string"}}],"inLanguage":"fr-FR"},{"@type":"Organization","@id":"https:\/\/www.greeneggtotaal.nl\/nl\/#organization","name":"Green Egg Totaal","url":"https:\/\/www.greeneggtotaal.nl\/nl\/","logo":{"@type":"ImageObject","inLanguage":"fr-FR","@id":"https:\/\/www.greeneggtotaal.nl\/nl\/#\/schema\/logo\/image\/","url":"https:\/\/www.greeneggtotaal.nl\/wp-content\/uploads\/2025\/06\/Green-Egg-Totaal-Logo.png","contentUrl":"https:\/\/www.greeneggtotaal.nl\/wp-content\/uploads\/2025\/06\/Green-Egg-Totaal-Logo.png","width":225,"height":95,"caption":"Green Egg Totaal"},"image":{"@id":"https:\/\/www.greeneggtotaal.nl\/nl\/#\/schema\/logo\/image\/"}}]}},"_links":{"self":[{"href":"https:\/\/www.greeneggtotaal.nl\/fr\/wp-json\/wp\/v2\/product\/13178","targetHints":{"allow":["GET"]}}],"collection":[{"href":"https:\/\/www.greeneggtotaal.nl\/fr\/wp-json\/wp\/v2\/product"}],"about":[{"href":"https:\/\/www.greeneggtotaal.nl\/fr\/wp-json\/wp\/v2\/types\/product"}],"wp:featuredmedia":[{"embeddable":true,"href":"https:\/\/www.greeneggtotaal.nl\/fr\/wp-json\/wp\/v2\/media\/13056"}],"wp:attachment":[{"href":"https:\/\/www.greeneggtotaal.nl\/fr\/wp-json\/wp\/v2\/media?parent=13178"}],"wp:term":[{"taxonomy":"product_brand","embeddable":true,"href":"https:\/\/www.greeneggtotaal.nl\/fr\/wp-json\/wp\/v2\/product_brand?post=13178"},{"taxonomy":"product_cat","embeddable":true,"href":"https:\/\/www.greeneggtotaal.nl\/fr\/wp-json\/wp\/v2\/product_cat?post=13178"},{"taxonomy":"product_tag","embeddable":true,"href":"https:\/\/www.greeneggtotaal.nl\/fr\/wp-json\/wp\/v2\/product_tag?post=13178"}],"curies":[{"name":"wp","href":"https:\/\/api.w.org\/{rel}","templated":true}]}}