{"id":13302,"date":"2025-08-01T13:49:58","date_gmt":"2025-08-01T11:49:58","guid":{"rendered":"https:\/\/baselinkweb.nl\/greeneggtotaal\/product\/alfa-hoes-moderno-5-pizze-top\/"},"modified":"2026-03-25T11:37:38","modified_gmt":"2026-03-25T10:37:38","slug":"alfa-housse-moderno-5-pizze-top","status":"publish","type":"product","link":"https:\/\/www.greeneggtotaal.nl\/fr\/product\/alfa-hoes-moderno-5-pizze-top\/","title":{"rendered":"Alfa Sleeve Moderno 5 Pizze"},"content":{"rendered":"<p>Le <em>Alfa Sleeve Moderno 5 Pizze<\/em>\u00a0est une housse ajust\u00e9e et sur mesure qui prot\u00e8ge votre four \u00e0 pizza lorsqu'il n'est pas utilis\u00e9. Fabriqu\u00e9e dans un mat\u00e9riau innovant imperm\u00e9able, respirant et r\u00e9sistant aux UV, cette housse emp\u00eache la condensation et prot\u00e8ge contre la salet\u00e9, les fientes d'oiseaux, la r\u00e9sine et le sel marin.<\/p>","protected":false},"excerpt":{"rendered":"<p>De Alfa Hoes Moderno 5 Pizze\u00a0is een nauwsluitende, op maat gemaakte hoes die je pizzaoven beschermt wanneer hij niet in gebruik is. Gemaakt van een innovatief materiaal dat waterdicht, ademend en UV-bestendig is, voorkomt deze hoes condensatie en beschermt tegen vuil, vogeluitwerpselen, hars en zeezout<\/p>","protected":false},"featured_media":52572,"template":"","meta":[],"product_brand":[244],"product_cat":[115,121,112],"product_tag":[],"class_list":{"0":"post-13302","1":"product","2":"type-product","3":"status-publish","4":"has-post-thumbnail","6":"product_brand-alfa","7":"product_cat-alfa-forni","8":"product_cat-alfa-forni-accessoires","9":"product_cat-pizzaovens","11":"first","12":"instock","13":"taxable","14":"shipping-taxable","15":"purchasable","16":"product-type-simple"},"yoast_head":"<!-- This site is optimized with the Yoast SEO Premium plugin v27.4 (Yoast SEO v27.4) - https:\/\/yoast.com\/product\/yoast-seo-premium-wordpress\/ -->\n<title>Alfa Hoes Moderno 5 Pizze Top<\/title>\n<meta name=\"description\" content=\"Alfa Hoes Moderno 5 Pizze: waterdichte beschermhoes voor optimale bescherming van de oven tegen verschillende weersomstandigheden.\" \/>\n<meta name=\"robots\" content=\"index, follow, max-snippet:-1, max-image-preview:large, max-video-preview:-1\" \/>\n<link rel=\"canonical\" href=\"https:\/\/www.greeneggtotaal.nl\/fr\/product\/alfa-housse-moderno-5-pizze-top\/\" \/>\n<meta property=\"og:locale\" content=\"fr_FR\" \/>\n<meta property=\"og:type\" content=\"article\" \/>\n<meta property=\"og:title\" content=\"Alfa Hoes Moderno 5 Pizze\" \/>\n<meta property=\"og:description\" content=\"Alfa Hoes Moderno 5 Pizze: waterdichte beschermhoes voor optimale bescherming van de oven tegen verschillende weersomstandigheden.\" \/>\n<meta property=\"og:url\" content=\"https:\/\/www.greeneggtotaal.nl\/fr\/product\/alfa-housse-moderno-5-pizze-top\/\" \/>\n<meta property=\"og:site_name\" content=\"GreenEggTotaal\" \/>\n<meta property=\"article:modified_time\" content=\"2026-03-25T10:37:38+00:00\" \/>\n<meta property=\"og:image\" content=\"https:\/\/www.greeneggtotaal.nl\/wp-content\/uploads\/2025\/08\/GreenEggTotaal_-_2026-03-25T113703.448-removebg-preview.png\" \/>\n\t<meta property=\"og:image:width\" content=\"500\" \/>\n\t<meta property=\"og:image:height\" content=\"500\" \/>\n\t<meta property=\"og:image:type\" content=\"image\/png\" \/>\n<meta name=\"twitter:card\" content=\"summary_large_image\" \/>\n<meta name=\"twitter:label1\" content=\"Dur\u00e9e de lecture estim\u00e9e\" \/>\n\t<meta name=\"twitter:data1\" content=\"1 minute\" \/>\n<script type=\"application\/ld+json\" class=\"yoast-schema-graph\">{\"@context\":\"https:\\\/\\\/schema.org\",\"@graph\":[{\"@type\":\"WebPage\",\"@id\":\"https:\\\/\\\/www.greeneggtotaal.nl\\\/product\\\/alfa-hoes-moderno-5-pizze-top\\\/\",\"url\":\"https:\\\/\\\/www.greeneggtotaal.nl\\\/product\\\/alfa-hoes-moderno-5-pizze-top\\\/\",\"name\":\"Alfa Hoes Moderno 5 Pizze Top\",\"isPartOf\":{\"@id\":\"https:\\\/\\\/www.greeneggtotaal.nl\\\/nl\\\/#website\"},\"primaryImageOfPage\":{\"@id\":\"https:\\\/\\\/www.greeneggtotaal.nl\\\/product\\\/alfa-hoes-moderno-5-pizze-top\\\/#primaryimage\"},\"image\":{\"@id\":\"https:\\\/\\\/www.greeneggtotaal.nl\\\/product\\\/alfa-hoes-moderno-5-pizze-top\\\/#primaryimage\"},\"thumbnailUrl\":\"https:\\\/\\\/www.greeneggtotaal.nl\\\/wp-content\\\/uploads\\\/2025\\\/08\\\/GreenEggTotaal_-_2026-03-25T113703.448-removebg-preview.webp\",\"datePublished\":\"2025-08-01T11:49:58+00:00\",\"dateModified\":\"2026-03-25T10:37:38+00:00\",\"description\":\"Alfa Hoes Moderno 5 Pizze: waterdichte beschermhoes voor optimale bescherming van de oven tegen verschillende weersomstandigheden.\",\"breadcrumb\":{\"@id\":\"https:\\\/\\\/www.greeneggtotaal.nl\\\/product\\\/alfa-hoes-moderno-5-pizze-top\\\/#breadcrumb\"},\"inLanguage\":\"fr-FR\",\"potentialAction\":[{\"@type\":\"ReadAction\",\"target\":[\"https:\\\/\\\/www.greeneggtotaal.nl\\\/product\\\/alfa-hoes-moderno-5-pizze-top\\\/\"]}]},{\"@type\":\"ImageObject\",\"inLanguage\":\"fr-FR\",\"@id\":\"https:\\\/\\\/www.greeneggtotaal.nl\\\/product\\\/alfa-hoes-moderno-5-pizze-top\\\/#primaryimage\",\"url\":\"https:\\\/\\\/www.greeneggtotaal.nl\\\/wp-content\\\/uploads\\\/2025\\\/08\\\/GreenEggTotaal_-_2026-03-25T113703.448-removebg-preview.webp\",\"contentUrl\":\"https:\\\/\\\/www.greeneggtotaal.nl\\\/wp-content\\\/uploads\\\/2025\\\/08\\\/GreenEggTotaal_-_2026-03-25T113703.448-removebg-preview.webp\",\"width\":500,\"height\":500,\"caption\":\"Alfa Hoes Moderno 5 Pizze\"},{\"@type\":\"BreadcrumbList\",\"@id\":\"https:\\\/\\\/www.greeneggtotaal.nl\\\/product\\\/alfa-hoes-moderno-5-pizze-top\\\/#breadcrumb\",\"itemListElement\":[{\"@type\":\"ListItem\",\"position\":1,\"name\":\"Home\",\"item\":\"https:\\\/\\\/www.greeneggtotaal.nl\\\/\"},{\"@type\":\"ListItem\",\"position\":2,\"name\":\"Shop\",\"item\":\"https:\\\/\\\/www.greeneggtotaal.nl\\\/nl\\\/shop\\\/\"},{\"@type\":\"ListItem\",\"position\":3,\"name\":\"Alfa Hoes Moderno 5 Pizze\"}]},{\"@type\":\"WebSite\",\"@id\":\"https:\\\/\\\/www.greeneggtotaal.nl\\\/nl\\\/#website\",\"url\":\"https:\\\/\\\/www.greeneggtotaal.nl\\\/nl\\\/\",\"name\":\"greeneggtotaal.nl\",\"description\":\"D\u00e9 Big Green Egg Specialist\",\"publisher\":{\"@id\":\"https:\\\/\\\/www.greeneggtotaal.nl\\\/nl\\\/#organization\"},\"potentialAction\":[{\"@type\":\"SearchAction\",\"target\":{\"@type\":\"EntryPoint\",\"urlTemplate\":\"https:\\\/\\\/www.greeneggtotaal.nl\\\/nl\\\/?s={search_term_string}\"},\"query-input\":{\"@type\":\"PropertyValueSpecification\",\"valueRequired\":true,\"valueName\":\"search_term_string\"}}],\"inLanguage\":\"fr-FR\"},{\"@type\":\"Organization\",\"@id\":\"https:\\\/\\\/www.greeneggtotaal.nl\\\/nl\\\/#organization\",\"name\":\"Green Egg Totaal\",\"url\":\"https:\\\/\\\/www.greeneggtotaal.nl\\\/nl\\\/\",\"logo\":{\"@type\":\"ImageObject\",\"inLanguage\":\"fr-FR\",\"@id\":\"https:\\\/\\\/www.greeneggtotaal.nl\\\/nl\\\/#\\\/schema\\\/logo\\\/image\\\/\",\"url\":\"https:\\\/\\\/www.greeneggtotaal.nl\\\/wp-content\\\/uploads\\\/2025\\\/06\\\/Green-Egg-Totaal-Logo.png\",\"contentUrl\":\"https:\\\/\\\/www.greeneggtotaal.nl\\\/wp-content\\\/uploads\\\/2025\\\/06\\\/Green-Egg-Totaal-Logo.png\",\"width\":225,\"height\":95,\"caption\":\"Green Egg Totaal\"},\"image\":{\"@id\":\"https:\\\/\\\/www.greeneggtotaal.nl\\\/nl\\\/#\\\/schema\\\/logo\\\/image\\\/\"}}]}<\/script>\n<!-- \/ Yoast SEO Premium plugin. -->","yoast_head_json":{"title":"Alfa Sleeve Moderno 5 Pizze Top","description":"Alfa Cover Moderno 5 Pizze : housse de protection imperm\u00e9able pour une protection optimale du four contre les diff\u00e9rentes conditions m\u00e9t\u00e9orologiques.","robots":{"index":"index","follow":"follow","max-snippet":"max-snippet:-1","max-image-preview":"max-image-preview:large","max-video-preview":"max-video-preview:-1"},"canonical":"https:\/\/www.greeneggtotaal.nl\/fr\/product\/alfa-housse-moderno-5-pizze-top\/","og_locale":"fr_FR","og_type":"article","og_title":"Alfa Hoes Moderno 5 Pizze","og_description":"Alfa Hoes Moderno 5 Pizze: waterdichte beschermhoes voor optimale bescherming van de oven tegen verschillende weersomstandigheden.","og_url":"https:\/\/www.greeneggtotaal.nl\/fr\/product\/alfa-housse-moderno-5-pizze-top\/","og_site_name":"GreenEggTotaal","article_modified_time":"2026-03-25T10:37:38+00:00","og_image":[{"width":500,"height":500,"url":"https:\/\/www.greeneggtotaal.nl\/wp-content\/uploads\/2025\/08\/GreenEggTotaal_-_2026-03-25T113703.448-removebg-preview.png","type":"image\/png"}],"twitter_card":"summary_large_image","twitter_misc":{"Dur\u00e9e de lecture estim\u00e9e":"1 minute"},"schema":{"@context":"https:\/\/schema.org","@graph":[{"@type":"WebPage","@id":"https:\/\/www.greeneggtotaal.nl\/product\/alfa-hoes-moderno-5-pizze-top\/","url":"https:\/\/www.greeneggtotaal.nl\/product\/alfa-hoes-moderno-5-pizze-top\/","name":"Alfa Sleeve Moderno 5 Pizze Top","isPartOf":{"@id":"https:\/\/www.greeneggtotaal.nl\/nl\/#website"},"primaryImageOfPage":{"@id":"https:\/\/www.greeneggtotaal.nl\/product\/alfa-hoes-moderno-5-pizze-top\/#primaryimage"},"image":{"@id":"https:\/\/www.greeneggtotaal.nl\/product\/alfa-hoes-moderno-5-pizze-top\/#primaryimage"},"thumbnailUrl":"https:\/\/www.greeneggtotaal.nl\/wp-content\/uploads\/2025\/08\/GreenEggTotaal_-_2026-03-25T113703.448-removebg-preview.webp","datePublished":"2025-08-01T11:49:58+00:00","dateModified":"2026-03-25T10:37:38+00:00","description":"Alfa Cover Moderno 5 Pizze : housse de protection imperm\u00e9able pour une protection optimale du four contre les diff\u00e9rentes conditions m\u00e9t\u00e9orologiques.","breadcrumb":{"@id":"https:\/\/www.greeneggtotaal.nl\/product\/alfa-hoes-moderno-5-pizze-top\/#breadcrumb"},"inLanguage":"fr-FR","potentialAction":[{"@type":"ReadAction","target":["https:\/\/www.greeneggtotaal.nl\/product\/alfa-hoes-moderno-5-pizze-top\/"]}]},{"@type":"ImageObject","inLanguage":"fr-FR","@id":"https:\/\/www.greeneggtotaal.nl\/product\/alfa-hoes-moderno-5-pizze-top\/#primaryimage","url":"https:\/\/www.greeneggtotaal.nl\/wp-content\/uploads\/2025\/08\/GreenEggTotaal_-_2026-03-25T113703.448-removebg-preview.webp","contentUrl":"https:\/\/www.greeneggtotaal.nl\/wp-content\/uploads\/2025\/08\/GreenEggTotaal_-_2026-03-25T113703.448-removebg-preview.webp","width":500,"height":500,"caption":"Alfa Hoes Moderno 5 Pizze"},{"@type":"BreadcrumbList","@id":"https:\/\/www.greeneggtotaal.nl\/product\/alfa-hoes-moderno-5-pizze-top\/#breadcrumb","itemListElement":[{"@type":"ListItem","position":1,"name":"Home","item":"https:\/\/www.greeneggtotaal.nl\/"},{"@type":"ListItem","position":2,"name":"Shop","item":"https:\/\/www.greeneggtotaal.nl\/nl\/shop\/"},{"@type":"ListItem","position":3,"name":"Alfa Hoes Moderno 5 Pizze"}]},{"@type":"WebSite","@id":"https:\/\/www.greeneggtotaal.nl\/nl\/#website","url":"https:\/\/www.greeneggtotaal.nl\/nl\/","name":"greeneggtotaal.nl","description":"Le sp\u00e9cialiste du Big Green Egg","publisher":{"@id":"https:\/\/www.greeneggtotaal.nl\/nl\/#organization"},"potentialAction":[{"@type":"SearchAction","target":{"@type":"EntryPoint","urlTemplate":"https:\/\/www.greeneggtotaal.nl\/nl\/?s={search_term_string}"},"query-input":{"@type":"PropertyValueSpecification","valueRequired":true,"valueName":"search_term_string"}}],"inLanguage":"fr-FR"},{"@type":"Organization","@id":"https:\/\/www.greeneggtotaal.nl\/nl\/#organization","name":"Green Egg Totaal","url":"https:\/\/www.greeneggtotaal.nl\/nl\/","logo":{"@type":"ImageObject","inLanguage":"fr-FR","@id":"https:\/\/www.greeneggtotaal.nl\/nl\/#\/schema\/logo\/image\/","url":"https:\/\/www.greeneggtotaal.nl\/wp-content\/uploads\/2025\/06\/Green-Egg-Totaal-Logo.png","contentUrl":"https:\/\/www.greeneggtotaal.nl\/wp-content\/uploads\/2025\/06\/Green-Egg-Totaal-Logo.png","width":225,"height":95,"caption":"Green Egg Totaal"},"image":{"@id":"https:\/\/www.greeneggtotaal.nl\/nl\/#\/schema\/logo\/image\/"}}]}},"_links":{"self":[{"href":"https:\/\/www.greeneggtotaal.nl\/fr\/wp-json\/wp\/v2\/product\/13302","targetHints":{"allow":["GET"]}}],"collection":[{"href":"https:\/\/www.greeneggtotaal.nl\/fr\/wp-json\/wp\/v2\/product"}],"about":[{"href":"https:\/\/www.greeneggtotaal.nl\/fr\/wp-json\/wp\/v2\/types\/product"}],"wp:featuredmedia":[{"embeddable":true,"href":"https:\/\/www.greeneggtotaal.nl\/fr\/wp-json\/wp\/v2\/media\/52572"}],"wp:attachment":[{"href":"https:\/\/www.greeneggtotaal.nl\/fr\/wp-json\/wp\/v2\/media?parent=13302"}],"wp:term":[{"taxonomy":"product_brand","embeddable":true,"href":"https:\/\/www.greeneggtotaal.nl\/fr\/wp-json\/wp\/v2\/product_brand?post=13302"},{"taxonomy":"product_cat","embeddable":true,"href":"https:\/\/www.greeneggtotaal.nl\/fr\/wp-json\/wp\/v2\/product_cat?post=13302"},{"taxonomy":"product_tag","embeddable":true,"href":"https:\/\/www.greeneggtotaal.nl\/fr\/wp-json\/wp\/v2\/product_tag?post=13302"}],"curies":[{"name":"wp","href":"https:\/\/api.w.org\/{rel}","templated":true}]}}