{"id":13308,"date":"2025-08-01T13:49:59","date_gmt":"2025-08-01T11:49:59","guid":{"rendered":"https:\/\/baselinkweb.nl\/greeneggtotaal\/product\/alfa-hoes-moderno-1-pizze-met-base\/"},"modified":"2026-01-05T16:30:07","modified_gmt":"2026-01-05T15:30:07","slug":"alfa-housse-moderno-1-pizza-avec-base","status":"publish","type":"product","link":"https:\/\/www.greeneggtotaal.nl\/fr\/product\/alfa-hoes-moderno-1-pizze-met-base\/","title":{"rendered":"Alfa Housse Moderno 1 Pizzas avec base"},"content":{"rendered":"<p>Le <em>Alfa Housse Moderno 1 Pizzas avec base<\/em> est sp\u00e9cialement con\u00e7ue pour prot\u00e9ger le four et son support contre la pluie, le soleil, la poussi\u00e8re et la salet\u00e9 lorsqu'il n'est pas utilis\u00e9. Gr\u00e2ce \u00e0 son mat\u00e9riau innovant, la housse est <strong>imperm\u00e9able, respirant et r\u00e9sistant aux UV<\/strong><\/p>","protected":false},"excerpt":{"rendered":"<p>De Alfa Hoes Moderno 1 Pizze met Base is speciaal ontworpen om zowel de oven als het onderstel te beschermen tegen regen, zon, stof en vuil wanneer hij niet in gebruik is. Dankzij het innovatieve materiaal is de hoes waterdicht, ademend en UV-bestendig<\/p>","protected":false},"featured_media":13307,"template":"","meta":[],"product_brand":[244],"product_cat":[115,121,112],"product_tag":[],"class_list":{"0":"post-13308","1":"product","2":"type-product","3":"status-publish","4":"has-post-thumbnail","6":"product_brand-alfa","7":"product_cat-alfa-forni","8":"product_cat-alfa-forni-accessoires","9":"product_cat-pizzaovens","11":"first","12":"instock","13":"taxable","14":"shipping-taxable","15":"purchasable","16":"product-type-simple"},"yoast_head":"<!-- This site is optimized with the Yoast SEO Premium plugin v27.4 (Yoast SEO v27.4) - https:\/\/yoast.com\/product\/yoast-seo-premium-wordpress\/ -->\n<title>Alfa Hoes Moderno 1 Pizze met Base<\/title>\n<meta name=\"description\" content=\"Alfa Hoes Moderno 1 Pizze met Base: waterdichte beschermhoes voor oven en onderstel, biedt volledige bescherming tegen weersinvloeden.\" \/>\n<meta name=\"robots\" content=\"index, follow, max-snippet:-1, max-image-preview:large, max-video-preview:-1\" \/>\n<link rel=\"canonical\" href=\"https:\/\/www.greeneggtotaal.nl\/fr\/product\/alfa-housse-moderno-1-pizza-avec-base\/\" \/>\n<meta property=\"og:locale\" content=\"fr_FR\" \/>\n<meta property=\"og:type\" content=\"article\" \/>\n<meta property=\"og:title\" content=\"Alfa Hoes Moderno 1 Pizze met Base\" \/>\n<meta property=\"og:description\" content=\"Alfa Hoes Moderno 1 Pizze met Base: waterdichte beschermhoes voor oven en onderstel, biedt volledige bescherming tegen weersinvloeden.\" \/>\n<meta property=\"og:url\" content=\"https:\/\/www.greeneggtotaal.nl\/fr\/product\/alfa-housse-moderno-1-pizza-avec-base\/\" \/>\n<meta property=\"og:site_name\" content=\"GreenEggTotaal\" \/>\n<meta property=\"article:modified_time\" content=\"2026-01-05T15:30:07+00:00\" \/>\n<meta property=\"og:image\" content=\"https:\/\/www.greeneggtotaal.nl\/wp-content\/uploads\/2025\/08\/ontwerp-zonder-titel-2023-10-25t150850.327-1.webp\" \/>\n\t<meta property=\"og:image:width\" content=\"500\" \/>\n\t<meta property=\"og:image:height\" content=\"500\" \/>\n\t<meta property=\"og:image:type\" content=\"image\/webp\" \/>\n<meta name=\"twitter:card\" content=\"summary_large_image\" \/>\n<meta name=\"twitter:label1\" content=\"Dur\u00e9e de lecture estim\u00e9e\" \/>\n\t<meta name=\"twitter:data1\" content=\"1 minute\" \/>\n<script type=\"application\/ld+json\" class=\"yoast-schema-graph\">{\"@context\":\"https:\\\/\\\/schema.org\",\"@graph\":[{\"@type\":\"WebPage\",\"@id\":\"https:\\\/\\\/www.greeneggtotaal.nl\\\/product\\\/alfa-hoes-moderno-1-pizze-met-base\\\/\",\"url\":\"https:\\\/\\\/www.greeneggtotaal.nl\\\/product\\\/alfa-hoes-moderno-1-pizze-met-base\\\/\",\"name\":\"Alfa Hoes Moderno 1 Pizze met Base\",\"isPartOf\":{\"@id\":\"https:\\\/\\\/www.greeneggtotaal.nl\\\/nl\\\/#website\"},\"primaryImageOfPage\":{\"@id\":\"https:\\\/\\\/www.greeneggtotaal.nl\\\/product\\\/alfa-hoes-moderno-1-pizze-met-base\\\/#primaryimage\"},\"image\":{\"@id\":\"https:\\\/\\\/www.greeneggtotaal.nl\\\/product\\\/alfa-hoes-moderno-1-pizze-met-base\\\/#primaryimage\"},\"thumbnailUrl\":\"https:\\\/\\\/www.greeneggtotaal.nl\\\/wp-content\\\/uploads\\\/2025\\\/08\\\/ontwerp-zonder-titel-2023-10-25t150850.327-1.webp\",\"datePublished\":\"2025-08-01T11:49:59+00:00\",\"dateModified\":\"2026-01-05T15:30:07+00:00\",\"description\":\"Alfa Hoes Moderno 1 Pizze met Base: waterdichte beschermhoes voor oven en onderstel, biedt volledige bescherming tegen weersinvloeden.\",\"breadcrumb\":{\"@id\":\"https:\\\/\\\/www.greeneggtotaal.nl\\\/product\\\/alfa-hoes-moderno-1-pizze-met-base\\\/#breadcrumb\"},\"inLanguage\":\"fr-FR\",\"potentialAction\":[{\"@type\":\"ReadAction\",\"target\":[\"https:\\\/\\\/www.greeneggtotaal.nl\\\/product\\\/alfa-hoes-moderno-1-pizze-met-base\\\/\"]}]},{\"@type\":\"ImageObject\",\"inLanguage\":\"fr-FR\",\"@id\":\"https:\\\/\\\/www.greeneggtotaal.nl\\\/product\\\/alfa-hoes-moderno-1-pizze-met-base\\\/#primaryimage\",\"url\":\"https:\\\/\\\/www.greeneggtotaal.nl\\\/wp-content\\\/uploads\\\/2025\\\/08\\\/ontwerp-zonder-titel-2023-10-25t150850.327-1.webp\",\"contentUrl\":\"https:\\\/\\\/www.greeneggtotaal.nl\\\/wp-content\\\/uploads\\\/2025\\\/08\\\/ontwerp-zonder-titel-2023-10-25t150850.327-1.webp\",\"width\":500,\"height\":500,\"caption\":\"Alfa Hoes Moderno 1 Pizze met Base\"},{\"@type\":\"BreadcrumbList\",\"@id\":\"https:\\\/\\\/www.greeneggtotaal.nl\\\/product\\\/alfa-hoes-moderno-1-pizze-met-base\\\/#breadcrumb\",\"itemListElement\":[{\"@type\":\"ListItem\",\"position\":1,\"name\":\"Home\",\"item\":\"https:\\\/\\\/www.greeneggtotaal.nl\\\/\"},{\"@type\":\"ListItem\",\"position\":2,\"name\":\"Shop\",\"item\":\"https:\\\/\\\/www.greeneggtotaal.nl\\\/nl\\\/shop\\\/\"},{\"@type\":\"ListItem\",\"position\":3,\"name\":\"Alfa Hoes Moderno 1 Pizze met Base\"}]},{\"@type\":\"WebSite\",\"@id\":\"https:\\\/\\\/www.greeneggtotaal.nl\\\/nl\\\/#website\",\"url\":\"https:\\\/\\\/www.greeneggtotaal.nl\\\/nl\\\/\",\"name\":\"greeneggtotaal.nl\",\"description\":\"D\u00e9 Big Green Egg Specialist\",\"publisher\":{\"@id\":\"https:\\\/\\\/www.greeneggtotaal.nl\\\/nl\\\/#organization\"},\"potentialAction\":[{\"@type\":\"SearchAction\",\"target\":{\"@type\":\"EntryPoint\",\"urlTemplate\":\"https:\\\/\\\/www.greeneggtotaal.nl\\\/nl\\\/?s={search_term_string}\"},\"query-input\":{\"@type\":\"PropertyValueSpecification\",\"valueRequired\":true,\"valueName\":\"search_term_string\"}}],\"inLanguage\":\"fr-FR\"},{\"@type\":\"Organization\",\"@id\":\"https:\\\/\\\/www.greeneggtotaal.nl\\\/nl\\\/#organization\",\"name\":\"Green Egg Totaal\",\"url\":\"https:\\\/\\\/www.greeneggtotaal.nl\\\/nl\\\/\",\"logo\":{\"@type\":\"ImageObject\",\"inLanguage\":\"fr-FR\",\"@id\":\"https:\\\/\\\/www.greeneggtotaal.nl\\\/nl\\\/#\\\/schema\\\/logo\\\/image\\\/\",\"url\":\"https:\\\/\\\/www.greeneggtotaal.nl\\\/wp-content\\\/uploads\\\/2025\\\/06\\\/Green-Egg-Totaal-Logo.png\",\"contentUrl\":\"https:\\\/\\\/www.greeneggtotaal.nl\\\/wp-content\\\/uploads\\\/2025\\\/06\\\/Green-Egg-Totaal-Logo.png\",\"width\":225,\"height\":95,\"caption\":\"Green Egg Totaal\"},\"image\":{\"@id\":\"https:\\\/\\\/www.greeneggtotaal.nl\\\/nl\\\/#\\\/schema\\\/logo\\\/image\\\/\"}}]}<\/script>\n<!-- \/ Yoast SEO Premium plugin. -->","yoast_head_json":{"title":"Alfa Housse Moderno 1 Pizzas avec base","description":"Alfa Housse Moderno 1 Pizze avec Base : housse de protection imperm\u00e9able pour four et ch\u00e2ssis, offre une protection compl\u00e8te contre les intemp\u00e9ries.","robots":{"index":"index","follow":"follow","max-snippet":"max-snippet:-1","max-image-preview":"max-image-preview:large","max-video-preview":"max-video-preview:-1"},"canonical":"https:\/\/www.greeneggtotaal.nl\/fr\/product\/alfa-housse-moderno-1-pizza-avec-base\/","og_locale":"fr_FR","og_type":"article","og_title":"Alfa Hoes Moderno 1 Pizze met Base","og_description":"Alfa Hoes Moderno 1 Pizze met Base: waterdichte beschermhoes voor oven en onderstel, biedt volledige bescherming tegen weersinvloeden.","og_url":"https:\/\/www.greeneggtotaal.nl\/fr\/product\/alfa-housse-moderno-1-pizza-avec-base\/","og_site_name":"GreenEggTotaal","article_modified_time":"2026-01-05T15:30:07+00:00","og_image":[{"width":500,"height":500,"url":"https:\/\/www.greeneggtotaal.nl\/wp-content\/uploads\/2025\/08\/ontwerp-zonder-titel-2023-10-25t150850.327-1.webp","type":"image\/webp"}],"twitter_card":"summary_large_image","twitter_misc":{"Dur\u00e9e de lecture estim\u00e9e":"1 minute"},"schema":{"@context":"https:\/\/schema.org","@graph":[{"@type":"WebPage","@id":"https:\/\/www.greeneggtotaal.nl\/product\/alfa-hoes-moderno-1-pizze-met-base\/","url":"https:\/\/www.greeneggtotaal.nl\/product\/alfa-hoes-moderno-1-pizze-met-base\/","name":"Alfa Housse Moderno 1 Pizzas avec base","isPartOf":{"@id":"https:\/\/www.greeneggtotaal.nl\/nl\/#website"},"primaryImageOfPage":{"@id":"https:\/\/www.greeneggtotaal.nl\/product\/alfa-hoes-moderno-1-pizze-met-base\/#primaryimage"},"image":{"@id":"https:\/\/www.greeneggtotaal.nl\/product\/alfa-hoes-moderno-1-pizze-met-base\/#primaryimage"},"thumbnailUrl":"https:\/\/www.greeneggtotaal.nl\/wp-content\/uploads\/2025\/08\/ontwerp-zonder-titel-2023-10-25t150850.327-1.webp","datePublished":"2025-08-01T11:49:59+00:00","dateModified":"2026-01-05T15:30:07+00:00","description":"Alfa Housse Moderno 1 Pizze avec Base : housse de protection imperm\u00e9able pour four et ch\u00e2ssis, offre une protection compl\u00e8te contre les intemp\u00e9ries.","breadcrumb":{"@id":"https:\/\/www.greeneggtotaal.nl\/product\/alfa-hoes-moderno-1-pizze-met-base\/#breadcrumb"},"inLanguage":"fr-FR","potentialAction":[{"@type":"ReadAction","target":["https:\/\/www.greeneggtotaal.nl\/product\/alfa-hoes-moderno-1-pizze-met-base\/"]}]},{"@type":"ImageObject","inLanguage":"fr-FR","@id":"https:\/\/www.greeneggtotaal.nl\/product\/alfa-hoes-moderno-1-pizze-met-base\/#primaryimage","url":"https:\/\/www.greeneggtotaal.nl\/wp-content\/uploads\/2025\/08\/ontwerp-zonder-titel-2023-10-25t150850.327-1.webp","contentUrl":"https:\/\/www.greeneggtotaal.nl\/wp-content\/uploads\/2025\/08\/ontwerp-zonder-titel-2023-10-25t150850.327-1.webp","width":500,"height":500,"caption":"Alfa Hoes Moderno 1 Pizze met Base"},{"@type":"BreadcrumbList","@id":"https:\/\/www.greeneggtotaal.nl\/product\/alfa-hoes-moderno-1-pizze-met-base\/#breadcrumb","itemListElement":[{"@type":"ListItem","position":1,"name":"Home","item":"https:\/\/www.greeneggtotaal.nl\/"},{"@type":"ListItem","position":2,"name":"Shop","item":"https:\/\/www.greeneggtotaal.nl\/nl\/shop\/"},{"@type":"ListItem","position":3,"name":"Alfa Hoes Moderno 1 Pizze met Base"}]},{"@type":"WebSite","@id":"https:\/\/www.greeneggtotaal.nl\/nl\/#website","url":"https:\/\/www.greeneggtotaal.nl\/nl\/","name":"greeneggtotaal.nl","description":"Le sp\u00e9cialiste du Big Green Egg","publisher":{"@id":"https:\/\/www.greeneggtotaal.nl\/nl\/#organization"},"potentialAction":[{"@type":"SearchAction","target":{"@type":"EntryPoint","urlTemplate":"https:\/\/www.greeneggtotaal.nl\/nl\/?s={search_term_string}"},"query-input":{"@type":"PropertyValueSpecification","valueRequired":true,"valueName":"search_term_string"}}],"inLanguage":"fr-FR"},{"@type":"Organization","@id":"https:\/\/www.greeneggtotaal.nl\/nl\/#organization","name":"Green Egg Totaal","url":"https:\/\/www.greeneggtotaal.nl\/nl\/","logo":{"@type":"ImageObject","inLanguage":"fr-FR","@id":"https:\/\/www.greeneggtotaal.nl\/nl\/#\/schema\/logo\/image\/","url":"https:\/\/www.greeneggtotaal.nl\/wp-content\/uploads\/2025\/06\/Green-Egg-Totaal-Logo.png","contentUrl":"https:\/\/www.greeneggtotaal.nl\/wp-content\/uploads\/2025\/06\/Green-Egg-Totaal-Logo.png","width":225,"height":95,"caption":"Green Egg Totaal"},"image":{"@id":"https:\/\/www.greeneggtotaal.nl\/nl\/#\/schema\/logo\/image\/"}}]}},"_links":{"self":[{"href":"https:\/\/www.greeneggtotaal.nl\/fr\/wp-json\/wp\/v2\/product\/13308","targetHints":{"allow":["GET"]}}],"collection":[{"href":"https:\/\/www.greeneggtotaal.nl\/fr\/wp-json\/wp\/v2\/product"}],"about":[{"href":"https:\/\/www.greeneggtotaal.nl\/fr\/wp-json\/wp\/v2\/types\/product"}],"wp:featuredmedia":[{"embeddable":true,"href":"https:\/\/www.greeneggtotaal.nl\/fr\/wp-json\/wp\/v2\/media\/13307"}],"wp:attachment":[{"href":"https:\/\/www.greeneggtotaal.nl\/fr\/wp-json\/wp\/v2\/media?parent=13308"}],"wp:term":[{"taxonomy":"product_brand","embeddable":true,"href":"https:\/\/www.greeneggtotaal.nl\/fr\/wp-json\/wp\/v2\/product_brand?post=13308"},{"taxonomy":"product_cat","embeddable":true,"href":"https:\/\/www.greeneggtotaal.nl\/fr\/wp-json\/wp\/v2\/product_cat?post=13308"},{"taxonomy":"product_tag","embeddable":true,"href":"https:\/\/www.greeneggtotaal.nl\/fr\/wp-json\/wp\/v2\/product_tag?post=13308"}],"curies":[{"name":"wp","href":"https:\/\/api.w.org\/{rel}","templated":true}]}}