{"id":13368,"date":"2025-08-01T13:50:13","date_gmt":"2025-08-01T11:50:13","guid":{"rendered":"https:\/\/baselinkweb.nl\/greeneggtotaal\/product\/big-green-egg-conveggtor-lifter-large\/"},"modified":"2026-01-08T09:36:03","modified_gmt":"2026-01-08T08:36:03","slug":"big-green-egg-conveggtor-lifter-large","status":"publish","type":"product","link":"https:\/\/www.greeneggtotaal.nl\/fr\/product\/big-green-egg-conveggtor-lifter-large\/","title":{"rendered":"L\u00e8ve-couverture grand mod\u00e8le"},"content":{"rendered":"<p>L'\u00e9l\u00e9vateur de convecteurs Big Green Egg, con\u00e7u par le chef et l'expert Big Green Egg Ralph de Kok, est l'accessoire parfait pour votre dispositif de mise en place des assiettes, \u00e9galement connu sous le nom de convecteur. Cet outil pratique vous permet de retirer sans effort et en toute s\u00e9curit\u00e9 le Conveggtor de votre Big Green Egg et de le ranger proprement. Fabriqu\u00e9 en mat\u00e9riaux durables, il se nettoie facilement \u00e0 l'eau et au liquide vaisselle.<\/p>","protected":false},"excerpt":{"rendered":"<p>De Big Green Egg Conveggtor lifter, ontworpen door chefkok en Big Green Egg expert Ralph de Kok, is het perfecte accessoire voor je Plate Setter, ook bekend als Conveggtor. Met deze handige tool haal je moeiteloos en veilig de Conveggtor uit je Big Green Egg en berg je hem netjes op. Gemaakt van duurzame materialen [&hellip;]<\/p>\n","protected":false},"featured_media":13365,"template":"","meta":[],"product_brand":[229],"product_cat":[104],"product_tag":[],"class_list":{"0":"post-13368","1":"product","2":"type-product","3":"status-publish","4":"has-post-thumbnail","6":"product_brand-big-green-egg","7":"product_cat-large-accessoires","9":"first","10":"instock","11":"taxable","12":"shipping-taxable","13":"purchasable","14":"product-type-simple"},"yoast_head":"<!-- This site is optimized with the Yoast SEO Premium plugin v27.4 (Yoast SEO v27.4) - https:\/\/yoast.com\/product\/yoast-seo-premium-wordpress\/ -->\n<title>Big Green Egg Conveggtor Lifter Large<\/title>\n<meta name=\"description\" content=\"Bestel alles voor de Big Green Egg bij GreenEggTotaal.nl - Voor 16.00u besteld? Morgen gratis bezorgd. GreenEggTotaal.nl: D\u00e9 Big Green Egg Specialist\" \/>\n<meta name=\"robots\" content=\"index, follow, max-snippet:-1, max-image-preview:large, max-video-preview:-1\" \/>\n<link rel=\"canonical\" href=\"https:\/\/www.greeneggtotaal.nl\/fr\/product\/big-green-egg-conveggtor-lifter-large\/\" \/>\n<meta property=\"og:locale\" content=\"fr_FR\" \/>\n<meta property=\"og:type\" content=\"article\" \/>\n<meta property=\"og:title\" content=\"Conveggtor Lifter Large\" \/>\n<meta property=\"og:description\" content=\"Bestel alles voor de Big Green Egg bij GreenEggTotaal.nl - Voor 16.00u besteld? Morgen gratis bezorgd. GreenEggTotaal.nl: D\u00e9 Big Green Egg Specialist\" \/>\n<meta property=\"og:url\" content=\"https:\/\/www.greeneggtotaal.nl\/fr\/product\/big-green-egg-conveggtor-lifter-large\/\" \/>\n<meta property=\"og:site_name\" content=\"GreenEggTotaal\" \/>\n<meta property=\"article:modified_time\" content=\"2026-01-08T08:36:03+00:00\" \/>\n<meta property=\"og:image\" content=\"https:\/\/www.greeneggtotaal.nl\/wp-content\/uploads\/2025\/08\/egguipment-plate-grabber-plate-setter-lifter-Kopie.webp\" \/>\n\t<meta property=\"og:image:width\" content=\"500\" \/>\n\t<meta property=\"og:image:height\" content=\"500\" \/>\n\t<meta property=\"og:image:type\" content=\"image\/webp\" \/>\n<meta name=\"twitter:card\" content=\"summary_large_image\" \/>\n<meta name=\"twitter:label1\" content=\"Dur\u00e9e de lecture estim\u00e9e\" \/>\n\t<meta name=\"twitter:data1\" content=\"1 minute\" \/>\n<script type=\"application\/ld+json\" class=\"yoast-schema-graph\">{\"@context\":\"https:\\\/\\\/schema.org\",\"@graph\":[{\"@type\":\"WebPage\",\"@id\":\"https:\\\/\\\/www.greeneggtotaal.nl\\\/product\\\/big-green-egg-conveggtor-lifter-large\\\/\",\"url\":\"https:\\\/\\\/www.greeneggtotaal.nl\\\/product\\\/big-green-egg-conveggtor-lifter-large\\\/\",\"name\":\"Big Green Egg Conveggtor Lifter Large\",\"isPartOf\":{\"@id\":\"https:\\\/\\\/www.greeneggtotaal.nl\\\/nl\\\/#website\"},\"primaryImageOfPage\":{\"@id\":\"https:\\\/\\\/www.greeneggtotaal.nl\\\/product\\\/big-green-egg-conveggtor-lifter-large\\\/#primaryimage\"},\"image\":{\"@id\":\"https:\\\/\\\/www.greeneggtotaal.nl\\\/product\\\/big-green-egg-conveggtor-lifter-large\\\/#primaryimage\"},\"thumbnailUrl\":\"https:\\\/\\\/www.greeneggtotaal.nl\\\/wp-content\\\/uploads\\\/2025\\\/08\\\/egguipment-plate-grabber-plate-setter-lifter-Kopie.webp\",\"datePublished\":\"2025-08-01T11:50:13+00:00\",\"dateModified\":\"2026-01-08T08:36:03+00:00\",\"description\":\"Bestel alles voor de Big Green Egg bij GreenEggTotaal.nl - Voor 16.00u besteld? Morgen gratis bezorgd. GreenEggTotaal.nl: D\u00e9 Big Green Egg Specialist\",\"breadcrumb\":{\"@id\":\"https:\\\/\\\/www.greeneggtotaal.nl\\\/product\\\/big-green-egg-conveggtor-lifter-large\\\/#breadcrumb\"},\"inLanguage\":\"fr-FR\",\"potentialAction\":[{\"@type\":\"ReadAction\",\"target\":[\"https:\\\/\\\/www.greeneggtotaal.nl\\\/product\\\/big-green-egg-conveggtor-lifter-large\\\/\"]}]},{\"@type\":\"ImageObject\",\"inLanguage\":\"fr-FR\",\"@id\":\"https:\\\/\\\/www.greeneggtotaal.nl\\\/product\\\/big-green-egg-conveggtor-lifter-large\\\/#primaryimage\",\"url\":\"https:\\\/\\\/www.greeneggtotaal.nl\\\/wp-content\\\/uploads\\\/2025\\\/08\\\/egguipment-plate-grabber-plate-setter-lifter-Kopie.webp\",\"contentUrl\":\"https:\\\/\\\/www.greeneggtotaal.nl\\\/wp-content\\\/uploads\\\/2025\\\/08\\\/egguipment-plate-grabber-plate-setter-lifter-Kopie.webp\",\"width\":500,\"height\":500,\"caption\":\"Big Green Egg Conveggtor Lifter XL\"},{\"@type\":\"BreadcrumbList\",\"@id\":\"https:\\\/\\\/www.greeneggtotaal.nl\\\/product\\\/big-green-egg-conveggtor-lifter-large\\\/#breadcrumb\",\"itemListElement\":[{\"@type\":\"ListItem\",\"position\":1,\"name\":\"Home\",\"item\":\"https:\\\/\\\/www.greeneggtotaal.nl\\\/\"},{\"@type\":\"ListItem\",\"position\":2,\"name\":\"Shop\",\"item\":\"https:\\\/\\\/www.greeneggtotaal.nl\\\/nl\\\/shop\\\/\"},{\"@type\":\"ListItem\",\"position\":3,\"name\":\"Conveggtor Lifter Large\"}]},{\"@type\":\"WebSite\",\"@id\":\"https:\\\/\\\/www.greeneggtotaal.nl\\\/nl\\\/#website\",\"url\":\"https:\\\/\\\/www.greeneggtotaal.nl\\\/nl\\\/\",\"name\":\"greeneggtotaal.nl\",\"description\":\"D\u00e9 Big Green Egg Specialist\",\"publisher\":{\"@id\":\"https:\\\/\\\/www.greeneggtotaal.nl\\\/nl\\\/#organization\"},\"potentialAction\":[{\"@type\":\"SearchAction\",\"target\":{\"@type\":\"EntryPoint\",\"urlTemplate\":\"https:\\\/\\\/www.greeneggtotaal.nl\\\/nl\\\/?s={search_term_string}\"},\"query-input\":{\"@type\":\"PropertyValueSpecification\",\"valueRequired\":true,\"valueName\":\"search_term_string\"}}],\"inLanguage\":\"fr-FR\"},{\"@type\":\"Organization\",\"@id\":\"https:\\\/\\\/www.greeneggtotaal.nl\\\/nl\\\/#organization\",\"name\":\"Green Egg Totaal\",\"url\":\"https:\\\/\\\/www.greeneggtotaal.nl\\\/nl\\\/\",\"logo\":{\"@type\":\"ImageObject\",\"inLanguage\":\"fr-FR\",\"@id\":\"https:\\\/\\\/www.greeneggtotaal.nl\\\/nl\\\/#\\\/schema\\\/logo\\\/image\\\/\",\"url\":\"https:\\\/\\\/www.greeneggtotaal.nl\\\/wp-content\\\/uploads\\\/2025\\\/06\\\/Green-Egg-Totaal-Logo.png\",\"contentUrl\":\"https:\\\/\\\/www.greeneggtotaal.nl\\\/wp-content\\\/uploads\\\/2025\\\/06\\\/Green-Egg-Totaal-Logo.png\",\"width\":225,\"height\":95,\"caption\":\"Green Egg Totaal\"},\"image\":{\"@id\":\"https:\\\/\\\/www.greeneggtotaal.nl\\\/nl\\\/#\\\/schema\\\/logo\\\/image\\\/\"}}]}<\/script>\n<!-- \/ Yoast SEO Premium plugin. -->","yoast_head_json":{"title":"L'\u00e9l\u00e9vateur de convecteurs Big Green Egg Large","description":"Commandez tout ce dont vous avez besoin pour votre Big Green Egg sur GreenEggTotaal.nl - Command\u00e9 avant 16h ? Livraison gratuite le lendemain. GreenEggTotaal.nl : le sp\u00e9cialiste du Big Green Egg","robots":{"index":"index","follow":"follow","max-snippet":"max-snippet:-1","max-image-preview":"max-image-preview:large","max-video-preview":"max-video-preview:-1"},"canonical":"https:\/\/www.greeneggtotaal.nl\/fr\/product\/big-green-egg-conveggtor-lifter-large\/","og_locale":"fr_FR","og_type":"article","og_title":"Conveggtor Lifter Large","og_description":"Bestel alles voor de Big Green Egg bij GreenEggTotaal.nl - Voor 16.00u besteld? Morgen gratis bezorgd. GreenEggTotaal.nl: D\u00e9 Big Green Egg Specialist","og_url":"https:\/\/www.greeneggtotaal.nl\/fr\/product\/big-green-egg-conveggtor-lifter-large\/","og_site_name":"GreenEggTotaal","article_modified_time":"2026-01-08T08:36:03+00:00","og_image":[{"width":500,"height":500,"url":"https:\/\/www.greeneggtotaal.nl\/wp-content\/uploads\/2025\/08\/egguipment-plate-grabber-plate-setter-lifter-Kopie.webp","type":"image\/webp"}],"twitter_card":"summary_large_image","twitter_misc":{"Dur\u00e9e de lecture estim\u00e9e":"1 minute"},"schema":{"@context":"https:\/\/schema.org","@graph":[{"@type":"WebPage","@id":"https:\/\/www.greeneggtotaal.nl\/product\/big-green-egg-conveggtor-lifter-large\/","url":"https:\/\/www.greeneggtotaal.nl\/product\/big-green-egg-conveggtor-lifter-large\/","name":"L'\u00e9l\u00e9vateur de convecteurs Big Green Egg Large","isPartOf":{"@id":"https:\/\/www.greeneggtotaal.nl\/nl\/#website"},"primaryImageOfPage":{"@id":"https:\/\/www.greeneggtotaal.nl\/product\/big-green-egg-conveggtor-lifter-large\/#primaryimage"},"image":{"@id":"https:\/\/www.greeneggtotaal.nl\/product\/big-green-egg-conveggtor-lifter-large\/#primaryimage"},"thumbnailUrl":"https:\/\/www.greeneggtotaal.nl\/wp-content\/uploads\/2025\/08\/egguipment-plate-grabber-plate-setter-lifter-Kopie.webp","datePublished":"2025-08-01T11:50:13+00:00","dateModified":"2026-01-08T08:36:03+00:00","description":"Commandez tout ce dont vous avez besoin pour votre Big Green Egg sur GreenEggTotaal.nl - Command\u00e9 avant 16h ? Livraison gratuite le lendemain. GreenEggTotaal.nl : le sp\u00e9cialiste du Big Green Egg","breadcrumb":{"@id":"https:\/\/www.greeneggtotaal.nl\/product\/big-green-egg-conveggtor-lifter-large\/#breadcrumb"},"inLanguage":"fr-FR","potentialAction":[{"@type":"ReadAction","target":["https:\/\/www.greeneggtotaal.nl\/product\/big-green-egg-conveggtor-lifter-large\/"]}]},{"@type":"ImageObject","inLanguage":"fr-FR","@id":"https:\/\/www.greeneggtotaal.nl\/product\/big-green-egg-conveggtor-lifter-large\/#primaryimage","url":"https:\/\/www.greeneggtotaal.nl\/wp-content\/uploads\/2025\/08\/egguipment-plate-grabber-plate-setter-lifter-Kopie.webp","contentUrl":"https:\/\/www.greeneggtotaal.nl\/wp-content\/uploads\/2025\/08\/egguipment-plate-grabber-plate-setter-lifter-Kopie.webp","width":500,"height":500,"caption":"Big Green Egg Conveggtor Lifter XL"},{"@type":"BreadcrumbList","@id":"https:\/\/www.greeneggtotaal.nl\/product\/big-green-egg-conveggtor-lifter-large\/#breadcrumb","itemListElement":[{"@type":"ListItem","position":1,"name":"Home","item":"https:\/\/www.greeneggtotaal.nl\/"},{"@type":"ListItem","position":2,"name":"Shop","item":"https:\/\/www.greeneggtotaal.nl\/nl\/shop\/"},{"@type":"ListItem","position":3,"name":"Conveggtor Lifter Large"}]},{"@type":"WebSite","@id":"https:\/\/www.greeneggtotaal.nl\/nl\/#website","url":"https:\/\/www.greeneggtotaal.nl\/nl\/","name":"greeneggtotaal.nl","description":"Le sp\u00e9cialiste du Big Green Egg","publisher":{"@id":"https:\/\/www.greeneggtotaal.nl\/nl\/#organization"},"potentialAction":[{"@type":"SearchAction","target":{"@type":"EntryPoint","urlTemplate":"https:\/\/www.greeneggtotaal.nl\/nl\/?s={search_term_string}"},"query-input":{"@type":"PropertyValueSpecification","valueRequired":true,"valueName":"search_term_string"}}],"inLanguage":"fr-FR"},{"@type":"Organization","@id":"https:\/\/www.greeneggtotaal.nl\/nl\/#organization","name":"Green Egg Totaal","url":"https:\/\/www.greeneggtotaal.nl\/nl\/","logo":{"@type":"ImageObject","inLanguage":"fr-FR","@id":"https:\/\/www.greeneggtotaal.nl\/nl\/#\/schema\/logo\/image\/","url":"https:\/\/www.greeneggtotaal.nl\/wp-content\/uploads\/2025\/06\/Green-Egg-Totaal-Logo.png","contentUrl":"https:\/\/www.greeneggtotaal.nl\/wp-content\/uploads\/2025\/06\/Green-Egg-Totaal-Logo.png","width":225,"height":95,"caption":"Green Egg Totaal"},"image":{"@id":"https:\/\/www.greeneggtotaal.nl\/nl\/#\/schema\/logo\/image\/"}}]}},"_links":{"self":[{"href":"https:\/\/www.greeneggtotaal.nl\/fr\/wp-json\/wp\/v2\/product\/13368","targetHints":{"allow":["GET"]}}],"collection":[{"href":"https:\/\/www.greeneggtotaal.nl\/fr\/wp-json\/wp\/v2\/product"}],"about":[{"href":"https:\/\/www.greeneggtotaal.nl\/fr\/wp-json\/wp\/v2\/types\/product"}],"wp:featuredmedia":[{"embeddable":true,"href":"https:\/\/www.greeneggtotaal.nl\/fr\/wp-json\/wp\/v2\/media\/13365"}],"wp:attachment":[{"href":"https:\/\/www.greeneggtotaal.nl\/fr\/wp-json\/wp\/v2\/media?parent=13368"}],"wp:term":[{"taxonomy":"product_brand","embeddable":true,"href":"https:\/\/www.greeneggtotaal.nl\/fr\/wp-json\/wp\/v2\/product_brand?post=13368"},{"taxonomy":"product_cat","embeddable":true,"href":"https:\/\/www.greeneggtotaal.nl\/fr\/wp-json\/wp\/v2\/product_cat?post=13368"},{"taxonomy":"product_tag","embeddable":true,"href":"https:\/\/www.greeneggtotaal.nl\/fr\/wp-json\/wp\/v2\/product_tag?post=13368"}],"curies":[{"name":"wp","href":"https:\/\/api.w.org\/{rel}","templated":true}]}}