{"id":13418,"date":"2025-08-01T13:50:25","date_gmt":"2025-08-01T11:50:25","guid":{"rendered":"https:\/\/baselinkweb.nl\/greeneggtotaal\/product\/big-green-egg-half-moon-baking-conveggtor-stone-medium\/"},"modified":"2026-01-06T09:36:34","modified_gmt":"2026-01-06T08:36:34","slug":"big-green-egg-half-moon-baking-conveggtor-stone-medium","status":"publish","type":"product","link":"https:\/\/www.greeneggtotaal.nl\/fr\/product\/big-green-egg-half-moon-baking-conveggtor-stone-medium\/","title":{"rendered":"Big Green Egg Half Moon Baking\/Conveggtor Stone Medium (pierre de cuisson\/cong\u00e9lation)"},"content":{"rendered":"<p>Le demi-pierre convEGGtor est \u00e0 la fois beau et polyvalent. Utilisez-la avec le panier convEGGtor 1 pi\u00e8ce comme couche interm\u00e9diaire lorsque vous souhaitez cuisiner dans deux zones, l'une directe et l'autre indirecte. Ou comme bouclier de convection totale lorsque deux zones sont oppos\u00e9es.<\/p>\n<p>&nbsp;<\/p>\n<p>Con\u00e7ue comme une \"pierre sans br\u00fblure\" lorsqu'elle est plac\u00e9e l'une contre l'autre. Assure un espace de travail optimal. Le diam\u00e8tre plus petit du convEGGtor signifie que les aliments peuvent br\u00fbler sur les bords. Il est donc id\u00e9al pour la cuisson \u00e0 basse temp\u00e9rature de grandes quantit\u00e9s d'aliments, par exemple des ailes de poulet. De plus, lorsque vous utilisez une moiti\u00e9 pour cuisiner dans deux zones, vous avez acc\u00e8s \u00e0 un demi-espace complet o\u00f9 vous pouvez cuisiner sans craindre de br\u00fbler. La demi-pierre convEGGtor est fabriqu\u00e9e en c\u00e9ramique Big Green Egg.<\/p>\n<p>&nbsp;<\/p>\n<p>Remarque : lors de l'utilisation du kit EGGspander 5 pi\u00e8ces, une demi-pierre convEGGtor, en raison de sa taille, occupe la couche interm\u00e9diaire.<\/p>","protected":false},"excerpt":{"rendered":"<p>Lekker veelzijdig is een understatement voor de Half convEGGtor Stone. Zet hem samen met de 1-piece convEGGtor basket in als tussenlaag wanneer je in twee zones wilt koken, \u00e9\u00e9n direct en \u00e9\u00e9n indirect. Of als volledig convectie schild wanneer er twee tegen elkaar aan liggen. &nbsp; Ontworpen als \u2018no-burn zone stone\u2019 wanneer ze tegen elkaar [&hellip;]<\/p>\n","protected":false},"featured_media":13417,"template":"","meta":[],"product_brand":[229],"product_cat":[102,273],"product_tag":[],"class_list":{"0":"post-13418","1":"product","2":"type-product","3":"status-publish","4":"has-post-thumbnail","6":"product_brand-big-green-egg","7":"product_cat-medium-accessoires","8":"product_cat-eggspander","10":"first","11":"instock","12":"taxable","13":"shipping-taxable","14":"purchasable","15":"product-type-simple"},"yoast_head":"<!-- This site is optimized with the Yoast SEO Premium plugin v27.4 (Yoast SEO v27.4) - https:\/\/yoast.com\/product\/yoast-seo-premium-wordpress\/ -->\n<title>Big Green Egg Half Moon Baking\/Conveggtor Stone Medium<\/title>\n<meta name=\"description\" content=\"Ontdek de Medium Half Moon Baking\/Conveggtor Stone voor je Green Egg op GreenEggTotaal.nl. Perfect voor bakken en indirect grillen!\" \/>\n<meta name=\"robots\" content=\"index, follow, max-snippet:-1, max-image-preview:large, max-video-preview:-1\" \/>\n<link rel=\"canonical\" href=\"https:\/\/www.greeneggtotaal.nl\/fr\/product\/big-green-egg-half-moon-baking-conveggtor-stone-medium\/\" \/>\n<meta property=\"og:locale\" content=\"fr_FR\" \/>\n<meta property=\"og:type\" content=\"article\" \/>\n<meta property=\"og:title\" content=\"Big Green Egg Half Moon Baking\/Conveggtor Stone Medium\" \/>\n<meta property=\"og:description\" content=\"Ontdek de Medium Half Moon Baking\/Conveggtor Stone voor je Green Egg op GreenEggTotaal.nl. Perfect voor bakken en indirect grillen!\" \/>\n<meta property=\"og:url\" content=\"https:\/\/www.greeneggtotaal.nl\/fr\/product\/big-green-egg-half-moon-baking-conveggtor-stone-medium\/\" \/>\n<meta property=\"og:site_name\" content=\"GreenEggTotaal\" \/>\n<meta property=\"article:modified_time\" content=\"2026-01-06T08:36:34+00:00\" \/>\n<meta property=\"og:image\" content=\"https:\/\/www.greeneggtotaal.nl\/wp-content\/uploads\/2025\/08\/baking-stone-halfmoon-large-1080-2.webp\" \/>\n\t<meta property=\"og:image:width\" content=\"500\" \/>\n\t<meta property=\"og:image:height\" content=\"500\" \/>\n\t<meta property=\"og:image:type\" content=\"image\/webp\" \/>\n<meta name=\"twitter:card\" content=\"summary_large_image\" \/>\n<meta name=\"twitter:label1\" content=\"Dur\u00e9e de lecture estim\u00e9e\" \/>\n\t<meta name=\"twitter:data1\" content=\"1 minute\" \/>\n<script type=\"application\/ld+json\" class=\"yoast-schema-graph\">{\"@context\":\"https:\\\/\\\/schema.org\",\"@graph\":[{\"@type\":\"WebPage\",\"@id\":\"https:\\\/\\\/www.greeneggtotaal.nl\\\/product\\\/big-green-egg-half-moon-baking-conveggtor-stone-medium\\\/\",\"url\":\"https:\\\/\\\/www.greeneggtotaal.nl\\\/product\\\/big-green-egg-half-moon-baking-conveggtor-stone-medium\\\/\",\"name\":\"Big Green Egg Half Moon Baking\\\/Conveggtor Stone Medium\",\"isPartOf\":{\"@id\":\"https:\\\/\\\/www.greeneggtotaal.nl\\\/nl\\\/#website\"},\"primaryImageOfPage\":{\"@id\":\"https:\\\/\\\/www.greeneggtotaal.nl\\\/product\\\/big-green-egg-half-moon-baking-conveggtor-stone-medium\\\/#primaryimage\"},\"image\":{\"@id\":\"https:\\\/\\\/www.greeneggtotaal.nl\\\/product\\\/big-green-egg-half-moon-baking-conveggtor-stone-medium\\\/#primaryimage\"},\"thumbnailUrl\":\"https:\\\/\\\/www.greeneggtotaal.nl\\\/wp-content\\\/uploads\\\/2025\\\/08\\\/baking-stone-halfmoon-large-1080-2.webp\",\"datePublished\":\"2025-08-01T11:50:25+00:00\",\"dateModified\":\"2026-01-06T08:36:34+00:00\",\"description\":\"Ontdek de Medium Half Moon Baking\\\/Conveggtor Stone voor je Green Egg op GreenEggTotaal.nl. Perfect voor bakken en indirect grillen!\",\"breadcrumb\":{\"@id\":\"https:\\\/\\\/www.greeneggtotaal.nl\\\/product\\\/big-green-egg-half-moon-baking-conveggtor-stone-medium\\\/#breadcrumb\"},\"inLanguage\":\"fr-FR\",\"potentialAction\":[{\"@type\":\"ReadAction\",\"target\":[\"https:\\\/\\\/www.greeneggtotaal.nl\\\/product\\\/big-green-egg-half-moon-baking-conveggtor-stone-medium\\\/\"]}]},{\"@type\":\"ImageObject\",\"inLanguage\":\"fr-FR\",\"@id\":\"https:\\\/\\\/www.greeneggtotaal.nl\\\/product\\\/big-green-egg-half-moon-baking-conveggtor-stone-medium\\\/#primaryimage\",\"url\":\"https:\\\/\\\/www.greeneggtotaal.nl\\\/wp-content\\\/uploads\\\/2025\\\/08\\\/baking-stone-halfmoon-large-1080-2.webp\",\"contentUrl\":\"https:\\\/\\\/www.greeneggtotaal.nl\\\/wp-content\\\/uploads\\\/2025\\\/08\\\/baking-stone-halfmoon-large-1080-2.webp\",\"width\":500,\"height\":500,\"caption\":\"Big Green Egg Half Moon Baking\\\/Conveggtor Stone Medium\"},{\"@type\":\"BreadcrumbList\",\"@id\":\"https:\\\/\\\/www.greeneggtotaal.nl\\\/product\\\/big-green-egg-half-moon-baking-conveggtor-stone-medium\\\/#breadcrumb\",\"itemListElement\":[{\"@type\":\"ListItem\",\"position\":1,\"name\":\"Home\",\"item\":\"https:\\\/\\\/www.greeneggtotaal.nl\\\/\"},{\"@type\":\"ListItem\",\"position\":2,\"name\":\"Shop\",\"item\":\"https:\\\/\\\/www.greeneggtotaal.nl\\\/nl\\\/shop\\\/\"},{\"@type\":\"ListItem\",\"position\":3,\"name\":\"Big Green Egg Half Moon Baking\\\/Conveggtor Stone Medium\"}]},{\"@type\":\"WebSite\",\"@id\":\"https:\\\/\\\/www.greeneggtotaal.nl\\\/nl\\\/#website\",\"url\":\"https:\\\/\\\/www.greeneggtotaal.nl\\\/nl\\\/\",\"name\":\"greeneggtotaal.nl\",\"description\":\"D\u00e9 Big Green Egg Specialist\",\"publisher\":{\"@id\":\"https:\\\/\\\/www.greeneggtotaal.nl\\\/nl\\\/#organization\"},\"potentialAction\":[{\"@type\":\"SearchAction\",\"target\":{\"@type\":\"EntryPoint\",\"urlTemplate\":\"https:\\\/\\\/www.greeneggtotaal.nl\\\/nl\\\/?s={search_term_string}\"},\"query-input\":{\"@type\":\"PropertyValueSpecification\",\"valueRequired\":true,\"valueName\":\"search_term_string\"}}],\"inLanguage\":\"fr-FR\"},{\"@type\":\"Organization\",\"@id\":\"https:\\\/\\\/www.greeneggtotaal.nl\\\/nl\\\/#organization\",\"name\":\"Green Egg Totaal\",\"url\":\"https:\\\/\\\/www.greeneggtotaal.nl\\\/nl\\\/\",\"logo\":{\"@type\":\"ImageObject\",\"inLanguage\":\"fr-FR\",\"@id\":\"https:\\\/\\\/www.greeneggtotaal.nl\\\/nl\\\/#\\\/schema\\\/logo\\\/image\\\/\",\"url\":\"https:\\\/\\\/www.greeneggtotaal.nl\\\/wp-content\\\/uploads\\\/2025\\\/06\\\/Green-Egg-Totaal-Logo.png\",\"contentUrl\":\"https:\\\/\\\/www.greeneggtotaal.nl\\\/wp-content\\\/uploads\\\/2025\\\/06\\\/Green-Egg-Totaal-Logo.png\",\"width\":225,\"height\":95,\"caption\":\"Green Egg Totaal\"},\"image\":{\"@id\":\"https:\\\/\\\/www.greeneggtotaal.nl\\\/nl\\\/#\\\/schema\\\/logo\\\/image\\\/\"}}]}<\/script>\n<!-- \/ Yoast SEO Premium plugin. -->","yoast_head_json":{"title":"Big Green Egg Half Moon Baking\/Conveggtor Stone Medium (pierre de cuisson\/cong\u00e9lation)","description":"D\u00e9couvrez la pierre de cuisson\/cong\u00e9lation demi-lune moyenne pour votre Green Egg sur GreenEggTotaal.co.uk. Parfaite pour la cuisson au four et les grillades indirectes !","robots":{"index":"index","follow":"follow","max-snippet":"max-snippet:-1","max-image-preview":"max-image-preview:large","max-video-preview":"max-video-preview:-1"},"canonical":"https:\/\/www.greeneggtotaal.nl\/fr\/product\/big-green-egg-half-moon-baking-conveggtor-stone-medium\/","og_locale":"fr_FR","og_type":"article","og_title":"Big Green Egg Half Moon Baking\/Conveggtor Stone Medium","og_description":"Ontdek de Medium Half Moon Baking\/Conveggtor Stone voor je Green Egg op GreenEggTotaal.nl. Perfect voor bakken en indirect grillen!","og_url":"https:\/\/www.greeneggtotaal.nl\/fr\/product\/big-green-egg-half-moon-baking-conveggtor-stone-medium\/","og_site_name":"GreenEggTotaal","article_modified_time":"2026-01-06T08:36:34+00:00","og_image":[{"width":500,"height":500,"url":"https:\/\/www.greeneggtotaal.nl\/wp-content\/uploads\/2025\/08\/baking-stone-halfmoon-large-1080-2.webp","type":"image\/webp"}],"twitter_card":"summary_large_image","twitter_misc":{"Dur\u00e9e de lecture estim\u00e9e":"1 minute"},"schema":{"@context":"https:\/\/schema.org","@graph":[{"@type":"WebPage","@id":"https:\/\/www.greeneggtotaal.nl\/product\/big-green-egg-half-moon-baking-conveggtor-stone-medium\/","url":"https:\/\/www.greeneggtotaal.nl\/product\/big-green-egg-half-moon-baking-conveggtor-stone-medium\/","name":"Big Green Egg Half Moon Baking\/Conveggtor Stone Medium (pierre de cuisson\/cong\u00e9lation)","isPartOf":{"@id":"https:\/\/www.greeneggtotaal.nl\/nl\/#website"},"primaryImageOfPage":{"@id":"https:\/\/www.greeneggtotaal.nl\/product\/big-green-egg-half-moon-baking-conveggtor-stone-medium\/#primaryimage"},"image":{"@id":"https:\/\/www.greeneggtotaal.nl\/product\/big-green-egg-half-moon-baking-conveggtor-stone-medium\/#primaryimage"},"thumbnailUrl":"https:\/\/www.greeneggtotaal.nl\/wp-content\/uploads\/2025\/08\/baking-stone-halfmoon-large-1080-2.webp","datePublished":"2025-08-01T11:50:25+00:00","dateModified":"2026-01-06T08:36:34+00:00","description":"D\u00e9couvrez la pierre de cuisson\/cong\u00e9lation demi-lune moyenne pour votre Green Egg sur GreenEggTotaal.co.uk. Parfaite pour la cuisson au four et les grillades indirectes !","breadcrumb":{"@id":"https:\/\/www.greeneggtotaal.nl\/product\/big-green-egg-half-moon-baking-conveggtor-stone-medium\/#breadcrumb"},"inLanguage":"fr-FR","potentialAction":[{"@type":"ReadAction","target":["https:\/\/www.greeneggtotaal.nl\/product\/big-green-egg-half-moon-baking-conveggtor-stone-medium\/"]}]},{"@type":"ImageObject","inLanguage":"fr-FR","@id":"https:\/\/www.greeneggtotaal.nl\/product\/big-green-egg-half-moon-baking-conveggtor-stone-medium\/#primaryimage","url":"https:\/\/www.greeneggtotaal.nl\/wp-content\/uploads\/2025\/08\/baking-stone-halfmoon-large-1080-2.webp","contentUrl":"https:\/\/www.greeneggtotaal.nl\/wp-content\/uploads\/2025\/08\/baking-stone-halfmoon-large-1080-2.webp","width":500,"height":500,"caption":"Big Green Egg Half Moon Baking\/Conveggtor Stone Medium"},{"@type":"BreadcrumbList","@id":"https:\/\/www.greeneggtotaal.nl\/product\/big-green-egg-half-moon-baking-conveggtor-stone-medium\/#breadcrumb","itemListElement":[{"@type":"ListItem","position":1,"name":"Home","item":"https:\/\/www.greeneggtotaal.nl\/"},{"@type":"ListItem","position":2,"name":"Shop","item":"https:\/\/www.greeneggtotaal.nl\/nl\/shop\/"},{"@type":"ListItem","position":3,"name":"Big Green Egg Half Moon Baking\/Conveggtor Stone Medium"}]},{"@type":"WebSite","@id":"https:\/\/www.greeneggtotaal.nl\/nl\/#website","url":"https:\/\/www.greeneggtotaal.nl\/nl\/","name":"greeneggtotaal.nl","description":"Le sp\u00e9cialiste du Big Green Egg","publisher":{"@id":"https:\/\/www.greeneggtotaal.nl\/nl\/#organization"},"potentialAction":[{"@type":"SearchAction","target":{"@type":"EntryPoint","urlTemplate":"https:\/\/www.greeneggtotaal.nl\/nl\/?s={search_term_string}"},"query-input":{"@type":"PropertyValueSpecification","valueRequired":true,"valueName":"search_term_string"}}],"inLanguage":"fr-FR"},{"@type":"Organization","@id":"https:\/\/www.greeneggtotaal.nl\/nl\/#organization","name":"Green Egg Totaal","url":"https:\/\/www.greeneggtotaal.nl\/nl\/","logo":{"@type":"ImageObject","inLanguage":"fr-FR","@id":"https:\/\/www.greeneggtotaal.nl\/nl\/#\/schema\/logo\/image\/","url":"https:\/\/www.greeneggtotaal.nl\/wp-content\/uploads\/2025\/06\/Green-Egg-Totaal-Logo.png","contentUrl":"https:\/\/www.greeneggtotaal.nl\/wp-content\/uploads\/2025\/06\/Green-Egg-Totaal-Logo.png","width":225,"height":95,"caption":"Green Egg Totaal"},"image":{"@id":"https:\/\/www.greeneggtotaal.nl\/nl\/#\/schema\/logo\/image\/"}}]}},"_links":{"self":[{"href":"https:\/\/www.greeneggtotaal.nl\/fr\/wp-json\/wp\/v2\/product\/13418","targetHints":{"allow":["GET"]}}],"collection":[{"href":"https:\/\/www.greeneggtotaal.nl\/fr\/wp-json\/wp\/v2\/product"}],"about":[{"href":"https:\/\/www.greeneggtotaal.nl\/fr\/wp-json\/wp\/v2\/types\/product"}],"wp:featuredmedia":[{"embeddable":true,"href":"https:\/\/www.greeneggtotaal.nl\/fr\/wp-json\/wp\/v2\/media\/13417"}],"wp:attachment":[{"href":"https:\/\/www.greeneggtotaal.nl\/fr\/wp-json\/wp\/v2\/media?parent=13418"}],"wp:term":[{"taxonomy":"product_brand","embeddable":true,"href":"https:\/\/www.greeneggtotaal.nl\/fr\/wp-json\/wp\/v2\/product_brand?post=13418"},{"taxonomy":"product_cat","embeddable":true,"href":"https:\/\/www.greeneggtotaal.nl\/fr\/wp-json\/wp\/v2\/product_cat?post=13418"},{"taxonomy":"product_tag","embeddable":true,"href":"https:\/\/www.greeneggtotaal.nl\/fr\/wp-json\/wp\/v2\/product_tag?post=13418"}],"curies":[{"name":"wp","href":"https:\/\/api.w.org\/{rel}","templated":true}]}}