{"id":13735,"date":"2025-08-01T13:51:31","date_gmt":"2025-08-01T11:51:31","guid":{"rendered":"https:\/\/baselinkweb.nl\/greeneggtotaal\/product\/big-green-egg-evergreens-from-around-europe-limited-golden-edition\/"},"modified":"2026-03-02T13:49:54","modified_gmt":"2026-03-02T12:49:54","slug":"big-green-egg-evergreens-from-around-europe-limited-golden-edition","status":"publish","type":"product","link":"https:\/\/www.greeneggtotaal.nl\/fr\/product\/big-green-egg-evergreens-from-around-europe-limited-golden-edition\/","title":{"rendered":"Big Green Egg Evergreens From Around Europe Limited Golden Edition (en anglais)"},"content":{"rendered":"<p>Le couronnement de notre 50e jubil\u00e9 d'or. Une combinaison de recettes et de musique jamais publi\u00e9e auparavant. Evergreens from around Europe contient les meilleurs Evergreens \u00e0 cuisiner et \u00e0 \u00e9couter dans une \u00e9dition dor\u00e9e limit\u00e9e exclusive. Un must pour tout EGGer au c\u0153ur cr\u00e9atif.<\/p>\n<p>L'\u00e9dition exclusive Golden Edition comprend un livre de recettes, un livre de musique ainsi que trois disques vinyles dor\u00e9s, pr\u00e9sent\u00e9s dans un coffret sp\u00e9cialement con\u00e7u pour les ann\u00e9es soixante-dix. Il s'agit d'une \u00e9dition unique de 1974 exemplaires, ann\u00e9e de naissance de Big Green Egg en Am\u00e9rique. Chaque exemplaire est dot\u00e9 d'une plaque en laiton portant un num\u00e9ro unique.<\/p>","protected":false},"excerpt":{"rendered":"<p>D\u00e9 kroon op ons 50-jarig gouden jubileum. Een combinatie van recepten \u00e9n muziek zoals nog nooit eerder verschenen is.\u00a0Evergreens from around Europe\u00a0bevat de allerbeste Evergreens om te koken en om naar te luisteren in een exclusieve Limited Golden Edition. Een must have voor elke EGGer met een creatief hart. De exclusieve Golden Edition bevat een [&hellip;]<\/p>\n","protected":false},"featured_media":13734,"template":"","meta":[],"product_brand":[229],"product_cat":[143],"product_tag":[],"class_list":{"0":"post-13735","1":"product","2":"type-product","3":"status-publish","4":"has-post-thumbnail","6":"product_brand-big-green-egg","7":"product_cat-big-green-egg-fanshop","9":"first","10":"instock","11":"taxable","12":"shipping-taxable","13":"purchasable","14":"product-type-simple"},"yoast_head":"<!-- This site is optimized with the Yoast SEO Premium plugin v27.4 (Yoast SEO v27.4) - https:\/\/yoast.com\/product\/yoast-seo-premium-wordpress\/ -->\n<title>Evergreens From Around Europe - Greeneggtotaal.nl<\/title>\n<meta name=\"description\" content=\"Evergreens Limited Golden Edition: exclusieve jubileumset met receptenboek, muziekboek, gouden LP&#039;s en gesigneerde foto voor Big Green Egg-fans.\" \/>\n<meta name=\"robots\" content=\"index, follow, max-snippet:-1, max-image-preview:large, max-video-preview:-1\" \/>\n<link rel=\"canonical\" href=\"https:\/\/www.greeneggtotaal.nl\/fr\/product\/big-green-egg-evergreens-from-around-europe-limited-golden-edition\/\" \/>\n<meta property=\"og:locale\" content=\"fr_FR\" \/>\n<meta property=\"og:type\" content=\"article\" \/>\n<meta property=\"og:title\" content=\"Big Green Egg Evergreens From Around Europe Limited Golden Edition\" \/>\n<meta property=\"og:description\" content=\"Evergreens Limited Golden Edition: exclusieve jubileumset met receptenboek, muziekboek, gouden LP&#039;s en gesigneerde foto voor Big Green Egg-fans.\" \/>\n<meta property=\"og:url\" content=\"https:\/\/www.greeneggtotaal.nl\/fr\/product\/big-green-egg-evergreens-from-around-europe-limited-golden-edition\/\" \/>\n<meta property=\"og:site_name\" content=\"GreenEggTotaal\" \/>\n<meta property=\"article:modified_time\" content=\"2026-03-02T12:49:54+00:00\" \/>\n<meta property=\"og:image\" content=\"https:\/\/www.greeneggtotaal.nl\/wp-content\/uploads\/2025\/08\/ontwerp-zonder-titel-2024-06-06t091749.584.webp\" \/>\n\t<meta property=\"og:image:width\" content=\"500\" \/>\n\t<meta property=\"og:image:height\" content=\"500\" \/>\n\t<meta property=\"og:image:type\" content=\"image\/webp\" \/>\n<meta name=\"twitter:card\" content=\"summary_large_image\" \/>\n<meta name=\"twitter:label1\" content=\"Dur\u00e9e de lecture estim\u00e9e\" \/>\n\t<meta name=\"twitter:data1\" content=\"1 minute\" \/>\n<script type=\"application\/ld+json\" class=\"yoast-schema-graph\">{\"@context\":\"https:\\\/\\\/schema.org\",\"@graph\":[{\"@type\":\"WebPage\",\"@id\":\"https:\\\/\\\/www.greeneggtotaal.nl\\\/product\\\/big-green-egg-evergreens-from-around-europe-limited-golden-edition\\\/\",\"url\":\"https:\\\/\\\/www.greeneggtotaal.nl\\\/product\\\/big-green-egg-evergreens-from-around-europe-limited-golden-edition\\\/\",\"name\":\"Evergreens From Around Europe - Greeneggtotaal.nl\",\"isPartOf\":{\"@id\":\"https:\\\/\\\/www.greeneggtotaal.nl\\\/nl\\\/#website\"},\"primaryImageOfPage\":{\"@id\":\"https:\\\/\\\/www.greeneggtotaal.nl\\\/product\\\/big-green-egg-evergreens-from-around-europe-limited-golden-edition\\\/#primaryimage\"},\"image\":{\"@id\":\"https:\\\/\\\/www.greeneggtotaal.nl\\\/product\\\/big-green-egg-evergreens-from-around-europe-limited-golden-edition\\\/#primaryimage\"},\"thumbnailUrl\":\"https:\\\/\\\/www.greeneggtotaal.nl\\\/wp-content\\\/uploads\\\/2025\\\/08\\\/ontwerp-zonder-titel-2024-06-06t091749.584.webp\",\"datePublished\":\"2025-08-01T11:51:31+00:00\",\"dateModified\":\"2026-03-02T12:49:54+00:00\",\"description\":\"Evergreens Limited Golden Edition: exclusieve jubileumset met receptenboek, muziekboek, gouden LP's en gesigneerde foto voor Big Green Egg-fans.\",\"breadcrumb\":{\"@id\":\"https:\\\/\\\/www.greeneggtotaal.nl\\\/product\\\/big-green-egg-evergreens-from-around-europe-limited-golden-edition\\\/#breadcrumb\"},\"inLanguage\":\"fr-FR\",\"potentialAction\":[{\"@type\":\"ReadAction\",\"target\":[\"https:\\\/\\\/www.greeneggtotaal.nl\\\/product\\\/big-green-egg-evergreens-from-around-europe-limited-golden-edition\\\/\"]}]},{\"@type\":\"ImageObject\",\"inLanguage\":\"fr-FR\",\"@id\":\"https:\\\/\\\/www.greeneggtotaal.nl\\\/product\\\/big-green-egg-evergreens-from-around-europe-limited-golden-edition\\\/#primaryimage\",\"url\":\"https:\\\/\\\/www.greeneggtotaal.nl\\\/wp-content\\\/uploads\\\/2025\\\/08\\\/ontwerp-zonder-titel-2024-06-06t091749.584.webp\",\"contentUrl\":\"https:\\\/\\\/www.greeneggtotaal.nl\\\/wp-content\\\/uploads\\\/2025\\\/08\\\/ontwerp-zonder-titel-2024-06-06t091749.584.webp\",\"width\":500,\"height\":500,\"caption\":\"Big Green Egg Evergreens From Around Europe Limited Golden Edition\"},{\"@type\":\"BreadcrumbList\",\"@id\":\"https:\\\/\\\/www.greeneggtotaal.nl\\\/product\\\/big-green-egg-evergreens-from-around-europe-limited-golden-edition\\\/#breadcrumb\",\"itemListElement\":[{\"@type\":\"ListItem\",\"position\":1,\"name\":\"Home\",\"item\":\"https:\\\/\\\/www.greeneggtotaal.nl\\\/\"},{\"@type\":\"ListItem\",\"position\":2,\"name\":\"Shop\",\"item\":\"https:\\\/\\\/www.greeneggtotaal.nl\\\/nl\\\/shop\\\/\"},{\"@type\":\"ListItem\",\"position\":3,\"name\":\"Big Green Egg Evergreens From Around Europe Limited Golden Edition\"}]},{\"@type\":\"WebSite\",\"@id\":\"https:\\\/\\\/www.greeneggtotaal.nl\\\/nl\\\/#website\",\"url\":\"https:\\\/\\\/www.greeneggtotaal.nl\\\/nl\\\/\",\"name\":\"greeneggtotaal.nl\",\"description\":\"D\u00e9 Big Green Egg Specialist\",\"publisher\":{\"@id\":\"https:\\\/\\\/www.greeneggtotaal.nl\\\/nl\\\/#organization\"},\"potentialAction\":[{\"@type\":\"SearchAction\",\"target\":{\"@type\":\"EntryPoint\",\"urlTemplate\":\"https:\\\/\\\/www.greeneggtotaal.nl\\\/nl\\\/?s={search_term_string}\"},\"query-input\":{\"@type\":\"PropertyValueSpecification\",\"valueRequired\":true,\"valueName\":\"search_term_string\"}}],\"inLanguage\":\"fr-FR\"},{\"@type\":\"Organization\",\"@id\":\"https:\\\/\\\/www.greeneggtotaal.nl\\\/nl\\\/#organization\",\"name\":\"Green Egg Totaal\",\"url\":\"https:\\\/\\\/www.greeneggtotaal.nl\\\/nl\\\/\",\"logo\":{\"@type\":\"ImageObject\",\"inLanguage\":\"fr-FR\",\"@id\":\"https:\\\/\\\/www.greeneggtotaal.nl\\\/nl\\\/#\\\/schema\\\/logo\\\/image\\\/\",\"url\":\"https:\\\/\\\/www.greeneggtotaal.nl\\\/wp-content\\\/uploads\\\/2025\\\/06\\\/Green-Egg-Totaal-Logo.png\",\"contentUrl\":\"https:\\\/\\\/www.greeneggtotaal.nl\\\/wp-content\\\/uploads\\\/2025\\\/06\\\/Green-Egg-Totaal-Logo.png\",\"width\":225,\"height\":95,\"caption\":\"Green Egg Totaal\"},\"image\":{\"@id\":\"https:\\\/\\\/www.greeneggtotaal.nl\\\/nl\\\/#\\\/schema\\\/logo\\\/image\\\/\"}}]}<\/script>\n<!-- \/ Yoast SEO Premium plugin. -->","yoast_head_json":{"title":"Feuilles persistantes de toute l'Europe - Greeneggtotaal.nl","description":"Evergreens Limited Golden Edition : coffret anniversaire exclusif comprenant un livre de recettes, un livre de musique, des disques d'or et une photo sign\u00e9e pour les fans de Big Green Egg.","robots":{"index":"index","follow":"follow","max-snippet":"max-snippet:-1","max-image-preview":"max-image-preview:large","max-video-preview":"max-video-preview:-1"},"canonical":"https:\/\/www.greeneggtotaal.nl\/fr\/product\/big-green-egg-evergreens-from-around-europe-limited-golden-edition\/","og_locale":"fr_FR","og_type":"article","og_title":"Big Green Egg Evergreens From Around Europe Limited Golden Edition","og_description":"Evergreens Limited Golden Edition: exclusieve jubileumset met receptenboek, muziekboek, gouden LP's en gesigneerde foto voor Big Green Egg-fans.","og_url":"https:\/\/www.greeneggtotaal.nl\/fr\/product\/big-green-egg-evergreens-from-around-europe-limited-golden-edition\/","og_site_name":"GreenEggTotaal","article_modified_time":"2026-03-02T12:49:54+00:00","og_image":[{"width":500,"height":500,"url":"https:\/\/www.greeneggtotaal.nl\/wp-content\/uploads\/2025\/08\/ontwerp-zonder-titel-2024-06-06t091749.584.webp","type":"image\/webp"}],"twitter_card":"summary_large_image","twitter_misc":{"Dur\u00e9e de lecture estim\u00e9e":"1 minute"},"schema":{"@context":"https:\/\/schema.org","@graph":[{"@type":"WebPage","@id":"https:\/\/www.greeneggtotaal.nl\/product\/big-green-egg-evergreens-from-around-europe-limited-golden-edition\/","url":"https:\/\/www.greeneggtotaal.nl\/product\/big-green-egg-evergreens-from-around-europe-limited-golden-edition\/","name":"Feuilles persistantes de toute l'Europe - Greeneggtotaal.nl","isPartOf":{"@id":"https:\/\/www.greeneggtotaal.nl\/nl\/#website"},"primaryImageOfPage":{"@id":"https:\/\/www.greeneggtotaal.nl\/product\/big-green-egg-evergreens-from-around-europe-limited-golden-edition\/#primaryimage"},"image":{"@id":"https:\/\/www.greeneggtotaal.nl\/product\/big-green-egg-evergreens-from-around-europe-limited-golden-edition\/#primaryimage"},"thumbnailUrl":"https:\/\/www.greeneggtotaal.nl\/wp-content\/uploads\/2025\/08\/ontwerp-zonder-titel-2024-06-06t091749.584.webp","datePublished":"2025-08-01T11:51:31+00:00","dateModified":"2026-03-02T12:49:54+00:00","description":"Evergreens Limited Golden Edition : coffret anniversaire exclusif comprenant un livre de recettes, un livre de musique, des disques d'or et une photo sign\u00e9e pour les fans de Big Green Egg.","breadcrumb":{"@id":"https:\/\/www.greeneggtotaal.nl\/product\/big-green-egg-evergreens-from-around-europe-limited-golden-edition\/#breadcrumb"},"inLanguage":"fr-FR","potentialAction":[{"@type":"ReadAction","target":["https:\/\/www.greeneggtotaal.nl\/product\/big-green-egg-evergreens-from-around-europe-limited-golden-edition\/"]}]},{"@type":"ImageObject","inLanguage":"fr-FR","@id":"https:\/\/www.greeneggtotaal.nl\/product\/big-green-egg-evergreens-from-around-europe-limited-golden-edition\/#primaryimage","url":"https:\/\/www.greeneggtotaal.nl\/wp-content\/uploads\/2025\/08\/ontwerp-zonder-titel-2024-06-06t091749.584.webp","contentUrl":"https:\/\/www.greeneggtotaal.nl\/wp-content\/uploads\/2025\/08\/ontwerp-zonder-titel-2024-06-06t091749.584.webp","width":500,"height":500,"caption":"Big Green Egg Evergreens From Around Europe Limited Golden Edition"},{"@type":"BreadcrumbList","@id":"https:\/\/www.greeneggtotaal.nl\/product\/big-green-egg-evergreens-from-around-europe-limited-golden-edition\/#breadcrumb","itemListElement":[{"@type":"ListItem","position":1,"name":"Home","item":"https:\/\/www.greeneggtotaal.nl\/"},{"@type":"ListItem","position":2,"name":"Shop","item":"https:\/\/www.greeneggtotaal.nl\/nl\/shop\/"},{"@type":"ListItem","position":3,"name":"Big Green Egg Evergreens From Around Europe Limited Golden Edition"}]},{"@type":"WebSite","@id":"https:\/\/www.greeneggtotaal.nl\/nl\/#website","url":"https:\/\/www.greeneggtotaal.nl\/nl\/","name":"greeneggtotaal.nl","description":"Le sp\u00e9cialiste du Big Green Egg","publisher":{"@id":"https:\/\/www.greeneggtotaal.nl\/nl\/#organization"},"potentialAction":[{"@type":"SearchAction","target":{"@type":"EntryPoint","urlTemplate":"https:\/\/www.greeneggtotaal.nl\/nl\/?s={search_term_string}"},"query-input":{"@type":"PropertyValueSpecification","valueRequired":true,"valueName":"search_term_string"}}],"inLanguage":"fr-FR"},{"@type":"Organization","@id":"https:\/\/www.greeneggtotaal.nl\/nl\/#organization","name":"Green Egg Totaal","url":"https:\/\/www.greeneggtotaal.nl\/nl\/","logo":{"@type":"ImageObject","inLanguage":"fr-FR","@id":"https:\/\/www.greeneggtotaal.nl\/nl\/#\/schema\/logo\/image\/","url":"https:\/\/www.greeneggtotaal.nl\/wp-content\/uploads\/2025\/06\/Green-Egg-Totaal-Logo.png","contentUrl":"https:\/\/www.greeneggtotaal.nl\/wp-content\/uploads\/2025\/06\/Green-Egg-Totaal-Logo.png","width":225,"height":95,"caption":"Green Egg Totaal"},"image":{"@id":"https:\/\/www.greeneggtotaal.nl\/nl\/#\/schema\/logo\/image\/"}}]}},"_links":{"self":[{"href":"https:\/\/www.greeneggtotaal.nl\/fr\/wp-json\/wp\/v2\/product\/13735","targetHints":{"allow":["GET"]}}],"collection":[{"href":"https:\/\/www.greeneggtotaal.nl\/fr\/wp-json\/wp\/v2\/product"}],"about":[{"href":"https:\/\/www.greeneggtotaal.nl\/fr\/wp-json\/wp\/v2\/types\/product"}],"wp:featuredmedia":[{"embeddable":true,"href":"https:\/\/www.greeneggtotaal.nl\/fr\/wp-json\/wp\/v2\/media\/13734"}],"wp:attachment":[{"href":"https:\/\/www.greeneggtotaal.nl\/fr\/wp-json\/wp\/v2\/media?parent=13735"}],"wp:term":[{"taxonomy":"product_brand","embeddable":true,"href":"https:\/\/www.greeneggtotaal.nl\/fr\/wp-json\/wp\/v2\/product_brand?post=13735"},{"taxonomy":"product_cat","embeddable":true,"href":"https:\/\/www.greeneggtotaal.nl\/fr\/wp-json\/wp\/v2\/product_cat?post=13735"},{"taxonomy":"product_tag","embeddable":true,"href":"https:\/\/www.greeneggtotaal.nl\/fr\/wp-json\/wp\/v2\/product_tag?post=13735"}],"curies":[{"name":"wp","href":"https:\/\/api.w.org\/{rel}","templated":true}]}}