{"id":14391,"date":"2025-08-01T13:53:51","date_gmt":"2025-08-01T11:53:51","guid":{"rendered":"https:\/\/baselinkweb.nl\/greeneggtotaal\/?post_type=product&#038;p=14391"},"modified":"2026-04-07T10:04:20","modified_gmt":"2026-04-07T08:04:20","slug":"ile-de-la-mer-corten-100-bois-de-teck","status":"publish","type":"product","link":"https:\/\/www.greeneggtotaal.nl\/fr\/product\/ofyr-island-corten-100-teak-wood\/","title":{"rendered":"OFYR Island+ Corten 100 Bois de teck"},"content":{"rendered":"<p><strong>Ce nouveau mod\u00e8le comprend un c\u00f4ne fil\u00e9 et une plaque Airflow. Cette cuisine ext\u00e9rieure tout-en-un allie fonctionnalit\u00e9 et design unique dans un design compact. L'OFYR Island 100 se compose d'une cuisini\u00e8re avec rangement en bois, d'un plan de travail robuste et d'un support pratique pour les ustensiles et les \u00e9pices. Disponible en 85 cm et 100 cm, avec un plan de travail en teck ou en c\u00e9ramique gris fonc\u00e9.\u00a0<\/strong><\/p>\n<ul>\n<li>Convient pour 10 \u00e0 12 personnes.<\/li>\n<li>Le plan de travail en c\u00e9ramique peut rester \u00e0 l'ext\u00e9rieur en permanence. Un plan de travail en teck est mieux conserv\u00e9 \u00e0 l'int\u00e9rieur et doit \u00eatre r\u00e9guli\u00e8rement trait\u00e9 avec une huile v\u00e9g\u00e9tale.<\/li>\n<li>Le plateau \u00e0 outils peut \u00eatre mont\u00e9 sur le c\u00f4t\u00e9 ou \u00e0 l'arri\u00e8re.<\/li>\n<li>Les mod\u00e8les noirs n\u00e9cessitent plus d'entretien et l'utilisation d'un couvercle est recommand\u00e9e. De plus, le dessus de l'\u00eele doit \u00eatre maintenu propre et sec, en particulier \u00e0 la base du c\u00f4ne, afin d'\u00e9viter la rouille.<\/li>\n<\/ul>","protected":false},"excerpt":{"rendered":"<p>Dit nieuwe model betreft een gesponnen kegel en Airflow plate. Deze alles-in-\u00e9\u00e9n buitenkeuken combineert functionaliteit en een uniek design in een compact ontwerp. Het OFYR Island 100 bestaat uit een kooktoestel met houtopslag, een stevig werkblad en een praktische houder voor keukengerei en kruiden. Verkrijgbaar in 85 cm en 100 cm, met een teakhout of [&hellip;]<\/p>\n","protected":false},"featured_media":14390,"template":"","meta":[],"product_brand":[239],"product_cat":[123,126,122],"product_tag":[],"class_list":{"0":"post-14391","1":"product","2":"type-product","3":"status-publish","4":"has-post-thumbnail","6":"product_brand-ofyr","7":"product_cat-ofyr","8":"product_cat-ofyr-modellen","9":"product_cat-planchas","11":"first","12":"instock","13":"sale","14":"taxable","15":"shipping-taxable","16":"purchasable","17":"product-type-composite"},"yoast_head":"<!-- This site is optimized with the Yoast SEO Premium plugin v27.4 (Yoast SEO v27.4) - https:\/\/yoast.com\/product\/yoast-seo-premium-wordpress\/ -->\n<title>OFYR Island+ Corten 100 Teak Wood<\/title>\n<meta name=\"description\" content=\"OFYR Island+ Corten 100 met teak werkblad. Buitenkeuken met vuurschaal en houtopslag voor stijlvol en professioneel koken in vaste opstelling.\" \/>\n<meta name=\"robots\" content=\"index, follow, max-snippet:-1, max-image-preview:large, max-video-preview:-1\" \/>\n<link rel=\"canonical\" href=\"https:\/\/www.greeneggtotaal.nl\/fr\/product\/ile-de-la-mer-corten-100-bois-de-teck\/\" \/>\n<meta property=\"og:locale\" content=\"fr_FR\" \/>\n<meta property=\"og:type\" content=\"article\" \/>\n<meta property=\"og:title\" content=\"OFYR Island+ Corten 100 Teak Wood\" \/>\n<meta property=\"og:description\" content=\"OFYR Island+ Corten 100 met teak werkblad. Buitenkeuken met vuurschaal en houtopslag voor stijlvol en professioneel koken in vaste opstelling.\" \/>\n<meta property=\"og:url\" content=\"https:\/\/www.greeneggtotaal.nl\/fr\/product\/ile-de-la-mer-corten-100-bois-de-teck\/\" \/>\n<meta property=\"og:site_name\" content=\"GreenEggTotaal\" \/>\n<meta property=\"article:modified_time\" content=\"2026-04-07T08:04:20+00:00\" \/>\n<meta property=\"og:image\" content=\"https:\/\/www.greeneggtotaal.nl\/wp-content\/uploads\/2025\/08\/ontwerp-zonder-titel-24-1.webp\" \/>\n\t<meta property=\"og:image:width\" content=\"500\" \/>\n\t<meta property=\"og:image:height\" content=\"500\" \/>\n\t<meta property=\"og:image:type\" content=\"image\/webp\" \/>\n<meta name=\"twitter:card\" content=\"summary_large_image\" \/>\n<meta name=\"twitter:label1\" content=\"Dur\u00e9e de lecture estim\u00e9e\" \/>\n\t<meta name=\"twitter:data1\" content=\"1 minute\" \/>\n<script type=\"application\/ld+json\" class=\"yoast-schema-graph\">{\"@context\":\"https:\\\/\\\/schema.org\",\"@graph\":[{\"@type\":\"WebPage\",\"@id\":\"https:\\\/\\\/www.greeneggtotaal.nl\\\/product\\\/ofyr-island-corten-100-teak-wood\\\/\",\"url\":\"https:\\\/\\\/www.greeneggtotaal.nl\\\/product\\\/ofyr-island-corten-100-teak-wood\\\/\",\"name\":\"OFYR Island+ Corten 100 Teak Wood\",\"isPartOf\":{\"@id\":\"https:\\\/\\\/www.greeneggtotaal.nl\\\/nl\\\/#website\"},\"primaryImageOfPage\":{\"@id\":\"https:\\\/\\\/www.greeneggtotaal.nl\\\/product\\\/ofyr-island-corten-100-teak-wood\\\/#primaryimage\"},\"image\":{\"@id\":\"https:\\\/\\\/www.greeneggtotaal.nl\\\/product\\\/ofyr-island-corten-100-teak-wood\\\/#primaryimage\"},\"thumbnailUrl\":\"https:\\\/\\\/www.greeneggtotaal.nl\\\/wp-content\\\/uploads\\\/2025\\\/08\\\/ontwerp-zonder-titel-24-1.webp\",\"datePublished\":\"2025-08-01T11:53:51+00:00\",\"dateModified\":\"2026-04-07T08:04:20+00:00\",\"description\":\"OFYR Island+ Corten 100 met teak werkblad. Buitenkeuken met vuurschaal en houtopslag voor stijlvol en professioneel koken in vaste opstelling.\",\"breadcrumb\":{\"@id\":\"https:\\\/\\\/www.greeneggtotaal.nl\\\/product\\\/ofyr-island-corten-100-teak-wood\\\/#breadcrumb\"},\"inLanguage\":\"fr-FR\",\"potentialAction\":[{\"@type\":\"ReadAction\",\"target\":[\"https:\\\/\\\/www.greeneggtotaal.nl\\\/product\\\/ofyr-island-corten-100-teak-wood\\\/\"]}]},{\"@type\":\"ImageObject\",\"inLanguage\":\"fr-FR\",\"@id\":\"https:\\\/\\\/www.greeneggtotaal.nl\\\/product\\\/ofyr-island-corten-100-teak-wood\\\/#primaryimage\",\"url\":\"https:\\\/\\\/www.greeneggtotaal.nl\\\/wp-content\\\/uploads\\\/2025\\\/08\\\/ontwerp-zonder-titel-24-1.webp\",\"contentUrl\":\"https:\\\/\\\/www.greeneggtotaal.nl\\\/wp-content\\\/uploads\\\/2025\\\/08\\\/ontwerp-zonder-titel-24-1.webp\",\"width\":500,\"height\":500,\"caption\":\"OFYR Island+ Corten 100 Teak Wood\"},{\"@type\":\"BreadcrumbList\",\"@id\":\"https:\\\/\\\/www.greeneggtotaal.nl\\\/product\\\/ofyr-island-corten-100-teak-wood\\\/#breadcrumb\",\"itemListElement\":[{\"@type\":\"ListItem\",\"position\":1,\"name\":\"Home\",\"item\":\"https:\\\/\\\/www.greeneggtotaal.nl\\\/\"},{\"@type\":\"ListItem\",\"position\":2,\"name\":\"Shop\",\"item\":\"https:\\\/\\\/www.greeneggtotaal.nl\\\/nl\\\/shop\\\/\"},{\"@type\":\"ListItem\",\"position\":3,\"name\":\"OFYR Island+ Corten 100 Teak Wood\"}]},{\"@type\":\"WebSite\",\"@id\":\"https:\\\/\\\/www.greeneggtotaal.nl\\\/nl\\\/#website\",\"url\":\"https:\\\/\\\/www.greeneggtotaal.nl\\\/nl\\\/\",\"name\":\"greeneggtotaal.nl\",\"description\":\"D\u00e9 Big Green Egg Specialist\",\"publisher\":{\"@id\":\"https:\\\/\\\/www.greeneggtotaal.nl\\\/nl\\\/#organization\"},\"potentialAction\":[{\"@type\":\"SearchAction\",\"target\":{\"@type\":\"EntryPoint\",\"urlTemplate\":\"https:\\\/\\\/www.greeneggtotaal.nl\\\/nl\\\/?s={search_term_string}\"},\"query-input\":{\"@type\":\"PropertyValueSpecification\",\"valueRequired\":true,\"valueName\":\"search_term_string\"}}],\"inLanguage\":\"fr-FR\"},{\"@type\":\"Organization\",\"@id\":\"https:\\\/\\\/www.greeneggtotaal.nl\\\/nl\\\/#organization\",\"name\":\"Green Egg Totaal\",\"url\":\"https:\\\/\\\/www.greeneggtotaal.nl\\\/nl\\\/\",\"logo\":{\"@type\":\"ImageObject\",\"inLanguage\":\"fr-FR\",\"@id\":\"https:\\\/\\\/www.greeneggtotaal.nl\\\/nl\\\/#\\\/schema\\\/logo\\\/image\\\/\",\"url\":\"https:\\\/\\\/www.greeneggtotaal.nl\\\/wp-content\\\/uploads\\\/2025\\\/06\\\/Green-Egg-Totaal-Logo.png\",\"contentUrl\":\"https:\\\/\\\/www.greeneggtotaal.nl\\\/wp-content\\\/uploads\\\/2025\\\/06\\\/Green-Egg-Totaal-Logo.png\",\"width\":225,\"height\":95,\"caption\":\"Green Egg Totaal\"},\"image\":{\"@id\":\"https:\\\/\\\/www.greeneggtotaal.nl\\\/nl\\\/#\\\/schema\\\/logo\\\/image\\\/\"}}]}<\/script>\n<!-- \/ Yoast SEO Premium plugin. -->","yoast_head_json":{"title":"OFYR Island+ Corten 100 Bois de teck","description":"OFYR Island+ Corten 100 avec plan de travail en teck. Cuisine d'ext\u00e9rieur avec foyer et r\u00e9serve de bois pour une cuisine \u00e9l\u00e9gante et professionnelle en disposition fixe.","robots":{"index":"index","follow":"follow","max-snippet":"max-snippet:-1","max-image-preview":"max-image-preview:large","max-video-preview":"max-video-preview:-1"},"canonical":"https:\/\/www.greeneggtotaal.nl\/fr\/product\/ile-de-la-mer-corten-100-bois-de-teck\/","og_locale":"fr_FR","og_type":"article","og_title":"OFYR Island+ Corten 100 Teak Wood","og_description":"OFYR Island+ Corten 100 met teak werkblad. Buitenkeuken met vuurschaal en houtopslag voor stijlvol en professioneel koken in vaste opstelling.","og_url":"https:\/\/www.greeneggtotaal.nl\/fr\/product\/ile-de-la-mer-corten-100-bois-de-teck\/","og_site_name":"GreenEggTotaal","article_modified_time":"2026-04-07T08:04:20+00:00","og_image":[{"width":500,"height":500,"url":"https:\/\/www.greeneggtotaal.nl\/wp-content\/uploads\/2025\/08\/ontwerp-zonder-titel-24-1.webp","type":"image\/webp"}],"twitter_card":"summary_large_image","twitter_misc":{"Dur\u00e9e de lecture estim\u00e9e":"1 minute"},"schema":{"@context":"https:\/\/schema.org","@graph":[{"@type":"WebPage","@id":"https:\/\/www.greeneggtotaal.nl\/product\/ofyr-island-corten-100-teak-wood\/","url":"https:\/\/www.greeneggtotaal.nl\/product\/ofyr-island-corten-100-teak-wood\/","name":"OFYR Island+ Corten 100 Bois de teck","isPartOf":{"@id":"https:\/\/www.greeneggtotaal.nl\/nl\/#website"},"primaryImageOfPage":{"@id":"https:\/\/www.greeneggtotaal.nl\/product\/ofyr-island-corten-100-teak-wood\/#primaryimage"},"image":{"@id":"https:\/\/www.greeneggtotaal.nl\/product\/ofyr-island-corten-100-teak-wood\/#primaryimage"},"thumbnailUrl":"https:\/\/www.greeneggtotaal.nl\/wp-content\/uploads\/2025\/08\/ontwerp-zonder-titel-24-1.webp","datePublished":"2025-08-01T11:53:51+00:00","dateModified":"2026-04-07T08:04:20+00:00","description":"OFYR Island+ Corten 100 avec plan de travail en teck. Cuisine d'ext\u00e9rieur avec foyer et r\u00e9serve de bois pour une cuisine \u00e9l\u00e9gante et professionnelle en disposition fixe.","breadcrumb":{"@id":"https:\/\/www.greeneggtotaal.nl\/product\/ofyr-island-corten-100-teak-wood\/#breadcrumb"},"inLanguage":"fr-FR","potentialAction":[{"@type":"ReadAction","target":["https:\/\/www.greeneggtotaal.nl\/product\/ofyr-island-corten-100-teak-wood\/"]}]},{"@type":"ImageObject","inLanguage":"fr-FR","@id":"https:\/\/www.greeneggtotaal.nl\/product\/ofyr-island-corten-100-teak-wood\/#primaryimage","url":"https:\/\/www.greeneggtotaal.nl\/wp-content\/uploads\/2025\/08\/ontwerp-zonder-titel-24-1.webp","contentUrl":"https:\/\/www.greeneggtotaal.nl\/wp-content\/uploads\/2025\/08\/ontwerp-zonder-titel-24-1.webp","width":500,"height":500,"caption":"OFYR Island+ Corten 100 Teak Wood"},{"@type":"BreadcrumbList","@id":"https:\/\/www.greeneggtotaal.nl\/product\/ofyr-island-corten-100-teak-wood\/#breadcrumb","itemListElement":[{"@type":"ListItem","position":1,"name":"Home","item":"https:\/\/www.greeneggtotaal.nl\/"},{"@type":"ListItem","position":2,"name":"Shop","item":"https:\/\/www.greeneggtotaal.nl\/nl\/shop\/"},{"@type":"ListItem","position":3,"name":"OFYR Island+ Corten 100 Teak Wood"}]},{"@type":"WebSite","@id":"https:\/\/www.greeneggtotaal.nl\/nl\/#website","url":"https:\/\/www.greeneggtotaal.nl\/nl\/","name":"greeneggtotaal.nl","description":"Le sp\u00e9cialiste du Big Green Egg","publisher":{"@id":"https:\/\/www.greeneggtotaal.nl\/nl\/#organization"},"potentialAction":[{"@type":"SearchAction","target":{"@type":"EntryPoint","urlTemplate":"https:\/\/www.greeneggtotaal.nl\/nl\/?s={search_term_string}"},"query-input":{"@type":"PropertyValueSpecification","valueRequired":true,"valueName":"search_term_string"}}],"inLanguage":"fr-FR"},{"@type":"Organization","@id":"https:\/\/www.greeneggtotaal.nl\/nl\/#organization","name":"Green Egg Totaal","url":"https:\/\/www.greeneggtotaal.nl\/nl\/","logo":{"@type":"ImageObject","inLanguage":"fr-FR","@id":"https:\/\/www.greeneggtotaal.nl\/nl\/#\/schema\/logo\/image\/","url":"https:\/\/www.greeneggtotaal.nl\/wp-content\/uploads\/2025\/06\/Green-Egg-Totaal-Logo.png","contentUrl":"https:\/\/www.greeneggtotaal.nl\/wp-content\/uploads\/2025\/06\/Green-Egg-Totaal-Logo.png","width":225,"height":95,"caption":"Green Egg Totaal"},"image":{"@id":"https:\/\/www.greeneggtotaal.nl\/nl\/#\/schema\/logo\/image\/"}}]}},"_links":{"self":[{"href":"https:\/\/www.greeneggtotaal.nl\/fr\/wp-json\/wp\/v2\/product\/14391","targetHints":{"allow":["GET"]}}],"collection":[{"href":"https:\/\/www.greeneggtotaal.nl\/fr\/wp-json\/wp\/v2\/product"}],"about":[{"href":"https:\/\/www.greeneggtotaal.nl\/fr\/wp-json\/wp\/v2\/types\/product"}],"wp:featuredmedia":[{"embeddable":true,"href":"https:\/\/www.greeneggtotaal.nl\/fr\/wp-json\/wp\/v2\/media\/14390"}],"wp:attachment":[{"href":"https:\/\/www.greeneggtotaal.nl\/fr\/wp-json\/wp\/v2\/media?parent=14391"}],"wp:term":[{"taxonomy":"product_brand","embeddable":true,"href":"https:\/\/www.greeneggtotaal.nl\/fr\/wp-json\/wp\/v2\/product_brand?post=14391"},{"taxonomy":"product_cat","embeddable":true,"href":"https:\/\/www.greeneggtotaal.nl\/fr\/wp-json\/wp\/v2\/product_cat?post=14391"},{"taxonomy":"product_tag","embeddable":true,"href":"https:\/\/www.greeneggtotaal.nl\/fr\/wp-json\/wp\/v2\/product_tag?post=14391"}],"curies":[{"name":"wp","href":"https:\/\/api.w.org\/{rel}","templated":true}]}}