{"id":14413,"date":"2025-08-01T13:53:56","date_gmt":"2025-08-01T11:53:56","guid":{"rendered":"https:\/\/baselinkweb.nl\/greeneggtotaal\/?post_type=product&#038;p=14413"},"modified":"2026-04-07T10:04:21","modified_gmt":"2026-04-07T08:04:21","slug":"ofyr-island-black-100-pro-ceramique-gris-fonce","status":"publish","type":"product","link":"https:\/\/www.greeneggtotaal.nl\/fr\/product\/ofyr-island-black-100-pro-ceramic-dark-grey\/","title":{"rendered":"OFYR Island+ Black 100 PRO Ceramic Gris fonc\u00e9"},"content":{"rendered":"<p><strong>Ce nouveau mod\u00e8le comporte un c\u00f4ne fil\u00e9 et une plaque Airflow. L'OFYR Island 100 PRO est une cuisine ext\u00e9rieure mobile tout-en-un. L'unit\u00e9 est pratique, \u00e9l\u00e9gante, compacte et portable. En plus d'une cuisini\u00e8re, elle dispose d'un plan de travail, d'un plateau \u00e0 outils et d'un espace de rangement. Le plan de travail est disponible en teck et en c\u00e9ramique.\u00a0<\/strong><\/p>\n<ul>\n<li>Convient pour 15 \u00e0 20 personnes.<\/li>\n<li>Fait partie de la collection PRO qui vous permet d'am\u00e9nager une cuisine ext\u00e9rieure professionnelle.<\/li>\n<li>La c\u00e9ramique peut rester \u00e0 l'ext\u00e9rieur en permanence. Le teck doit \u00eatre rentr\u00e9 \u00e0 l'int\u00e9rieur et trait\u00e9 r\u00e9guli\u00e8rement avec de l'huile v\u00e9g\u00e9tale.<\/li>\n<li>Facile \u00e0 d\u00e9placer. Les meubles sont relativement lourds lorsque l'espace de stockage est rempli de bois.<\/li>\n<li>Le plateau \u00e0 outils peut \u00eatre mont\u00e9 sur le c\u00f4t\u00e9 ou \u00e0 l'arri\u00e8re.<\/li>\n<li>Les unit\u00e9s Black n\u00e9cessitent davantage d'entretien. Pour les deux mod\u00e8les, veillez \u00e0 ce que le plan de travail reste propre et sec. L'utilisation d'une housse ou d'une protection est recommand\u00e9e.<\/li>\n<\/ul>","protected":false},"excerpt":{"rendered":"<p>Dit nieuwe model betreft een gesponnen kegel en Airflow plate. Het OFYR Island 100 PRO is een mobiele alles-in-\u00e9\u00e9n buitenkeuken. De unit is praktisch, stijlvol, compact en verplaatsbaar. Naast een kooktoestel heeft het een werkblad, een tooltray en opbergruimte. Het werkblad is verkrijgbaar in teakhout en keramiek.\u00a0 Geschikt voor 15-20 personen. Onderdeel van de PRO-collectie [&hellip;]<\/p>\n","protected":false},"featured_media":14412,"template":"","meta":[],"product_brand":[239],"product_cat":[123,126,122],"product_tag":[],"class_list":{"0":"post-14413","1":"product","2":"type-product","3":"status-publish","4":"has-post-thumbnail","6":"product_brand-ofyr","7":"product_cat-ofyr","8":"product_cat-ofyr-modellen","9":"product_cat-planchas","11":"first","12":"instock","13":"sale","14":"taxable","15":"shipping-taxable","16":"purchasable","17":"product-type-composite"},"yoast_head":"<!-- This site is optimized with the Yoast SEO Premium plugin v27.4 (Yoast SEO v27.4) - https:\/\/yoast.com\/product\/yoast-seo-premium-wordpress\/ -->\n<title>OFYR Island+ Black 100 PRO Ceramic Dark Grey<\/title>\n<meta name=\"description\" content=\"OFYR Island+ Black 100 PRO met donkergrijs keramisch blad. Mobiele buitenkeuken met vuurschaal, werkblad en opbergruimte.\" \/>\n<meta name=\"robots\" content=\"index, follow, max-snippet:-1, max-image-preview:large, max-video-preview:-1\" \/>\n<link rel=\"canonical\" href=\"https:\/\/www.greeneggtotaal.nl\/fr\/product\/ofyr-island-black-100-pro-ceramique-gris-fonce\/\" \/>\n<meta property=\"og:locale\" content=\"fr_FR\" \/>\n<meta property=\"og:type\" content=\"article\" \/>\n<meta property=\"og:title\" content=\"OFYR Island+ Black 100 PRO Ceramic Dark Grey\" \/>\n<meta property=\"og:description\" content=\"OFYR Island+ Black 100 PRO met donkergrijs keramisch blad. Mobiele buitenkeuken met vuurschaal, werkblad en opbergruimte.\" \/>\n<meta property=\"og:url\" content=\"https:\/\/www.greeneggtotaal.nl\/fr\/product\/ofyr-island-black-100-pro-ceramique-gris-fonce\/\" \/>\n<meta property=\"og:site_name\" content=\"GreenEggTotaal\" \/>\n<meta property=\"article:modified_time\" content=\"2026-04-07T08:04:21+00:00\" \/>\n<meta property=\"og:image\" content=\"https:\/\/www.greeneggtotaal.nl\/wp-content\/uploads\/2025\/08\/ontwerp-zonder-titel-2025-04-23t095652.129.webp\" \/>\n\t<meta property=\"og:image:width\" content=\"500\" \/>\n\t<meta property=\"og:image:height\" content=\"500\" \/>\n\t<meta property=\"og:image:type\" content=\"image\/webp\" \/>\n<meta name=\"twitter:card\" content=\"summary_large_image\" \/>\n<meta name=\"twitter:label1\" content=\"Dur\u00e9e de lecture estim\u00e9e\" \/>\n\t<meta name=\"twitter:data1\" content=\"1 minute\" \/>\n<script type=\"application\/ld+json\" class=\"yoast-schema-graph\">{\"@context\":\"https:\\\/\\\/schema.org\",\"@graph\":[{\"@type\":\"WebPage\",\"@id\":\"https:\\\/\\\/www.greeneggtotaal.nl\\\/product\\\/ofyr-island-black-100-pro-ceramic-dark-grey\\\/\",\"url\":\"https:\\\/\\\/www.greeneggtotaal.nl\\\/product\\\/ofyr-island-black-100-pro-ceramic-dark-grey\\\/\",\"name\":\"OFYR Island+ Black 100 PRO Ceramic Dark Grey\",\"isPartOf\":{\"@id\":\"https:\\\/\\\/www.greeneggtotaal.nl\\\/nl\\\/#website\"},\"primaryImageOfPage\":{\"@id\":\"https:\\\/\\\/www.greeneggtotaal.nl\\\/product\\\/ofyr-island-black-100-pro-ceramic-dark-grey\\\/#primaryimage\"},\"image\":{\"@id\":\"https:\\\/\\\/www.greeneggtotaal.nl\\\/product\\\/ofyr-island-black-100-pro-ceramic-dark-grey\\\/#primaryimage\"},\"thumbnailUrl\":\"https:\\\/\\\/www.greeneggtotaal.nl\\\/wp-content\\\/uploads\\\/2025\\\/08\\\/ontwerp-zonder-titel-2025-04-23t095652.129.webp\",\"datePublished\":\"2025-08-01T11:53:56+00:00\",\"dateModified\":\"2026-04-07T08:04:21+00:00\",\"description\":\"OFYR Island+ Black 100 PRO met donkergrijs keramisch blad. Mobiele buitenkeuken met vuurschaal, werkblad en opbergruimte.\",\"breadcrumb\":{\"@id\":\"https:\\\/\\\/www.greeneggtotaal.nl\\\/product\\\/ofyr-island-black-100-pro-ceramic-dark-grey\\\/#breadcrumb\"},\"inLanguage\":\"fr-FR\",\"potentialAction\":[{\"@type\":\"ReadAction\",\"target\":[\"https:\\\/\\\/www.greeneggtotaal.nl\\\/product\\\/ofyr-island-black-100-pro-ceramic-dark-grey\\\/\"]}]},{\"@type\":\"ImageObject\",\"inLanguage\":\"fr-FR\",\"@id\":\"https:\\\/\\\/www.greeneggtotaal.nl\\\/product\\\/ofyr-island-black-100-pro-ceramic-dark-grey\\\/#primaryimage\",\"url\":\"https:\\\/\\\/www.greeneggtotaal.nl\\\/wp-content\\\/uploads\\\/2025\\\/08\\\/ontwerp-zonder-titel-2025-04-23t095652.129.webp\",\"contentUrl\":\"https:\\\/\\\/www.greeneggtotaal.nl\\\/wp-content\\\/uploads\\\/2025\\\/08\\\/ontwerp-zonder-titel-2025-04-23t095652.129.webp\",\"width\":500,\"height\":500,\"caption\":\"OFYR Island+ Black 100 PRO Ceramic Dark Grey\"},{\"@type\":\"BreadcrumbList\",\"@id\":\"https:\\\/\\\/www.greeneggtotaal.nl\\\/product\\\/ofyr-island-black-100-pro-ceramic-dark-grey\\\/#breadcrumb\",\"itemListElement\":[{\"@type\":\"ListItem\",\"position\":1,\"name\":\"Home\",\"item\":\"https:\\\/\\\/www.greeneggtotaal.nl\\\/\"},{\"@type\":\"ListItem\",\"position\":2,\"name\":\"Shop\",\"item\":\"https:\\\/\\\/www.greeneggtotaal.nl\\\/nl\\\/shop\\\/\"},{\"@type\":\"ListItem\",\"position\":3,\"name\":\"OFYR Island+ Black 100 PRO Ceramic Dark Grey\"}]},{\"@type\":\"WebSite\",\"@id\":\"https:\\\/\\\/www.greeneggtotaal.nl\\\/nl\\\/#website\",\"url\":\"https:\\\/\\\/www.greeneggtotaal.nl\\\/nl\\\/\",\"name\":\"greeneggtotaal.nl\",\"description\":\"D\u00e9 Big Green Egg Specialist\",\"publisher\":{\"@id\":\"https:\\\/\\\/www.greeneggtotaal.nl\\\/nl\\\/#organization\"},\"potentialAction\":[{\"@type\":\"SearchAction\",\"target\":{\"@type\":\"EntryPoint\",\"urlTemplate\":\"https:\\\/\\\/www.greeneggtotaal.nl\\\/nl\\\/?s={search_term_string}\"},\"query-input\":{\"@type\":\"PropertyValueSpecification\",\"valueRequired\":true,\"valueName\":\"search_term_string\"}}],\"inLanguage\":\"fr-FR\"},{\"@type\":\"Organization\",\"@id\":\"https:\\\/\\\/www.greeneggtotaal.nl\\\/nl\\\/#organization\",\"name\":\"Green Egg Totaal\",\"url\":\"https:\\\/\\\/www.greeneggtotaal.nl\\\/nl\\\/\",\"logo\":{\"@type\":\"ImageObject\",\"inLanguage\":\"fr-FR\",\"@id\":\"https:\\\/\\\/www.greeneggtotaal.nl\\\/nl\\\/#\\\/schema\\\/logo\\\/image\\\/\",\"url\":\"https:\\\/\\\/www.greeneggtotaal.nl\\\/wp-content\\\/uploads\\\/2025\\\/06\\\/Green-Egg-Totaal-Logo.png\",\"contentUrl\":\"https:\\\/\\\/www.greeneggtotaal.nl\\\/wp-content\\\/uploads\\\/2025\\\/06\\\/Green-Egg-Totaal-Logo.png\",\"width\":225,\"height\":95,\"caption\":\"Green Egg Totaal\"},\"image\":{\"@id\":\"https:\\\/\\\/www.greeneggtotaal.nl\\\/nl\\\/#\\\/schema\\\/logo\\\/image\\\/\"}}]}<\/script>\n<!-- \/ Yoast SEO Premium plugin. -->","yoast_head_json":{"title":"OFYR Island+ Black 100 PRO Ceramic Gris fonc\u00e9","description":"OFYR Island+ Black 100 PRO avec plateau en c\u00e9ramique gris fonc\u00e9. Cuisine d'ext\u00e9rieur mobile avec brasero, plan de travail et espace de rangement.","robots":{"index":"index","follow":"follow","max-snippet":"max-snippet:-1","max-image-preview":"max-image-preview:large","max-video-preview":"max-video-preview:-1"},"canonical":"https:\/\/www.greeneggtotaal.nl\/fr\/product\/ofyr-island-black-100-pro-ceramique-gris-fonce\/","og_locale":"fr_FR","og_type":"article","og_title":"OFYR Island+ Black 100 PRO Ceramic Dark Grey","og_description":"OFYR Island+ Black 100 PRO met donkergrijs keramisch blad. Mobiele buitenkeuken met vuurschaal, werkblad en opbergruimte.","og_url":"https:\/\/www.greeneggtotaal.nl\/fr\/product\/ofyr-island-black-100-pro-ceramique-gris-fonce\/","og_site_name":"GreenEggTotaal","article_modified_time":"2026-04-07T08:04:21+00:00","og_image":[{"width":500,"height":500,"url":"https:\/\/www.greeneggtotaal.nl\/wp-content\/uploads\/2025\/08\/ontwerp-zonder-titel-2025-04-23t095652.129.webp","type":"image\/webp"}],"twitter_card":"summary_large_image","twitter_misc":{"Dur\u00e9e de lecture estim\u00e9e":"1 minute"},"schema":{"@context":"https:\/\/schema.org","@graph":[{"@type":"WebPage","@id":"https:\/\/www.greeneggtotaal.nl\/product\/ofyr-island-black-100-pro-ceramic-dark-grey\/","url":"https:\/\/www.greeneggtotaal.nl\/product\/ofyr-island-black-100-pro-ceramic-dark-grey\/","name":"OFYR Island+ Black 100 PRO Ceramic Gris fonc\u00e9","isPartOf":{"@id":"https:\/\/www.greeneggtotaal.nl\/nl\/#website"},"primaryImageOfPage":{"@id":"https:\/\/www.greeneggtotaal.nl\/product\/ofyr-island-black-100-pro-ceramic-dark-grey\/#primaryimage"},"image":{"@id":"https:\/\/www.greeneggtotaal.nl\/product\/ofyr-island-black-100-pro-ceramic-dark-grey\/#primaryimage"},"thumbnailUrl":"https:\/\/www.greeneggtotaal.nl\/wp-content\/uploads\/2025\/08\/ontwerp-zonder-titel-2025-04-23t095652.129.webp","datePublished":"2025-08-01T11:53:56+00:00","dateModified":"2026-04-07T08:04:21+00:00","description":"OFYR Island+ Black 100 PRO avec plateau en c\u00e9ramique gris fonc\u00e9. Cuisine d'ext\u00e9rieur mobile avec brasero, plan de travail et espace de rangement.","breadcrumb":{"@id":"https:\/\/www.greeneggtotaal.nl\/product\/ofyr-island-black-100-pro-ceramic-dark-grey\/#breadcrumb"},"inLanguage":"fr-FR","potentialAction":[{"@type":"ReadAction","target":["https:\/\/www.greeneggtotaal.nl\/product\/ofyr-island-black-100-pro-ceramic-dark-grey\/"]}]},{"@type":"ImageObject","inLanguage":"fr-FR","@id":"https:\/\/www.greeneggtotaal.nl\/product\/ofyr-island-black-100-pro-ceramic-dark-grey\/#primaryimage","url":"https:\/\/www.greeneggtotaal.nl\/wp-content\/uploads\/2025\/08\/ontwerp-zonder-titel-2025-04-23t095652.129.webp","contentUrl":"https:\/\/www.greeneggtotaal.nl\/wp-content\/uploads\/2025\/08\/ontwerp-zonder-titel-2025-04-23t095652.129.webp","width":500,"height":500,"caption":"OFYR Island+ Black 100 PRO Ceramic Dark Grey"},{"@type":"BreadcrumbList","@id":"https:\/\/www.greeneggtotaal.nl\/product\/ofyr-island-black-100-pro-ceramic-dark-grey\/#breadcrumb","itemListElement":[{"@type":"ListItem","position":1,"name":"Home","item":"https:\/\/www.greeneggtotaal.nl\/"},{"@type":"ListItem","position":2,"name":"Shop","item":"https:\/\/www.greeneggtotaal.nl\/nl\/shop\/"},{"@type":"ListItem","position":3,"name":"OFYR Island+ Black 100 PRO Ceramic Dark Grey"}]},{"@type":"WebSite","@id":"https:\/\/www.greeneggtotaal.nl\/nl\/#website","url":"https:\/\/www.greeneggtotaal.nl\/nl\/","name":"greeneggtotaal.nl","description":"Le sp\u00e9cialiste du Big Green Egg","publisher":{"@id":"https:\/\/www.greeneggtotaal.nl\/nl\/#organization"},"potentialAction":[{"@type":"SearchAction","target":{"@type":"EntryPoint","urlTemplate":"https:\/\/www.greeneggtotaal.nl\/nl\/?s={search_term_string}"},"query-input":{"@type":"PropertyValueSpecification","valueRequired":true,"valueName":"search_term_string"}}],"inLanguage":"fr-FR"},{"@type":"Organization","@id":"https:\/\/www.greeneggtotaal.nl\/nl\/#organization","name":"Green Egg Totaal","url":"https:\/\/www.greeneggtotaal.nl\/nl\/","logo":{"@type":"ImageObject","inLanguage":"fr-FR","@id":"https:\/\/www.greeneggtotaal.nl\/nl\/#\/schema\/logo\/image\/","url":"https:\/\/www.greeneggtotaal.nl\/wp-content\/uploads\/2025\/06\/Green-Egg-Totaal-Logo.png","contentUrl":"https:\/\/www.greeneggtotaal.nl\/wp-content\/uploads\/2025\/06\/Green-Egg-Totaal-Logo.png","width":225,"height":95,"caption":"Green Egg Totaal"},"image":{"@id":"https:\/\/www.greeneggtotaal.nl\/nl\/#\/schema\/logo\/image\/"}}]}},"_links":{"self":[{"href":"https:\/\/www.greeneggtotaal.nl\/fr\/wp-json\/wp\/v2\/product\/14413","targetHints":{"allow":["GET"]}}],"collection":[{"href":"https:\/\/www.greeneggtotaal.nl\/fr\/wp-json\/wp\/v2\/product"}],"about":[{"href":"https:\/\/www.greeneggtotaal.nl\/fr\/wp-json\/wp\/v2\/types\/product"}],"wp:featuredmedia":[{"embeddable":true,"href":"https:\/\/www.greeneggtotaal.nl\/fr\/wp-json\/wp\/v2\/media\/14412"}],"wp:attachment":[{"href":"https:\/\/www.greeneggtotaal.nl\/fr\/wp-json\/wp\/v2\/media?parent=14413"}],"wp:term":[{"taxonomy":"product_brand","embeddable":true,"href":"https:\/\/www.greeneggtotaal.nl\/fr\/wp-json\/wp\/v2\/product_brand?post=14413"},{"taxonomy":"product_cat","embeddable":true,"href":"https:\/\/www.greeneggtotaal.nl\/fr\/wp-json\/wp\/v2\/product_cat?post=14413"},{"taxonomy":"product_tag","embeddable":true,"href":"https:\/\/www.greeneggtotaal.nl\/fr\/wp-json\/wp\/v2\/product_tag?post=14413"}],"curies":[{"name":"wp","href":"https:\/\/api.w.org\/{rel}","templated":true}]}}