{"id":42034,"date":"2025-10-01T09:50:01","date_gmt":"2025-10-01T07:50:01","guid":{"rendered":"https:\/\/www.greeneggtotaal.nl\/?post_type=product&#038;p=42034"},"modified":"2026-01-05T16:31:04","modified_gmt":"2026-01-05T15:31:04","slug":"poele-xl-avec-2-poignees","status":"publish","type":"product","link":"https:\/\/www.greeneggtotaal.nl\/fr\/product\/skillet-xl-met-2-handvatten\/","title":{"rendered":"Po\u00eale Windmill XL avec 2 poign\u00e9es"},"content":{"rendered":"<p>Cette grande po\u00eale en fonte de The Windmill est pr\u00e9-assaisonn\u00e9e et pr\u00eate \u00e0 l'emploi. Avec ses deux poign\u00e9es solides et ses becs verseurs des deux c\u00f4t\u00e9s, elle est id\u00e9ale pour cuire, r\u00f4tir et griller. Vous pouvez l'utiliser sur toutes les sources de chaleur : cuisini\u00e8re, four, barbecue, feu ouvert, po\u00eale, charbon de bois et briquettes.<\/p>\n<p>Dimensions : 37 \u00d7 30 \u00d7 5 cm Diam\u00e8tre sup\u00e9rieur : \u00d8 37 cm Diam\u00e8tre inf\u00e9rieur : \u00d8 25 cm<\/p>","protected":false},"excerpt":{"rendered":"<p>Deze grote gietijzeren koekenpan van The Windmill is voorbehandeld (pre-seasoned) en klaar voor gebruik. Met twee stevige handvatten en schenktuiten aan beide zijden is hij ideaal voor bakken, braden en grillen. Je kunt hem gebruiken op alle warmtebronnen: fornuis, oven, barbecue, open vuur, stove, houtskool en briketten. Afmetingen: 37 \u00d7 30 \u00d7 5 cm Diameter [&hellip;]<\/p>\n","protected":false},"featured_media":42027,"template":"","meta":[],"product_brand":[231],"product_cat":[66],"product_tag":[],"class_list":{"0":"post-42034","1":"product","2":"type-product","3":"status-publish","4":"has-post-thumbnail","6":"product_brand-the-windmill","7":"product_cat-the-windmill-gietijzer","9":"first","10":"instock","11":"taxable","12":"shipping-taxable","13":"purchasable","14":"product-type-simple"},"yoast_head":"<!-- This site is optimized with the Yoast SEO Premium plugin v27.4 (Yoast SEO v27.4) - https:\/\/yoast.com\/product\/yoast-seo-premium-wordpress\/ -->\n<title>Skillet XL met 2 Handvatten<\/title>\n<meta name=\"description\" content=\"Grote gietijzeren pan met 2 handvatten en schenktuiten. Voorbehandeld en klaar voor gebruik. Geschikt voor gas, inductie, oven, BBQ en open vuur.\" \/>\n<meta name=\"robots\" content=\"index, follow, max-snippet:-1, max-image-preview:large, max-video-preview:-1\" \/>\n<link rel=\"canonical\" href=\"https:\/\/www.greeneggtotaal.nl\/fr\/product\/poele-xl-avec-2-poignees\/\" \/>\n<meta property=\"og:locale\" content=\"fr_FR\" \/>\n<meta property=\"og:type\" content=\"article\" \/>\n<meta property=\"og:title\" content=\"Windmill Skillet XL met 2 Handvatten\" \/>\n<meta property=\"og:description\" content=\"Grote gietijzeren pan met 2 handvatten en schenktuiten. Voorbehandeld en klaar voor gebruik. Geschikt voor gas, inductie, oven, BBQ en open vuur.\" \/>\n<meta property=\"og:url\" content=\"https:\/\/www.greeneggtotaal.nl\/fr\/product\/poele-xl-avec-2-poignees\/\" \/>\n<meta property=\"og:site_name\" content=\"GreenEggTotaal\" \/>\n<meta property=\"article:modified_time\" content=\"2026-01-05T15:31:04+00:00\" \/>\n<meta property=\"og:image\" content=\"https:\/\/www.greeneggtotaal.nl\/wp-content\/uploads\/2025\/10\/Pizza_serveerplank__4_-removebg-preview.webp\" \/>\n\t<meta property=\"og:image:width\" content=\"500\" \/>\n\t<meta property=\"og:image:height\" content=\"500\" \/>\n\t<meta property=\"og:image:type\" content=\"image\/webp\" \/>\n<meta name=\"twitter:card\" content=\"summary_large_image\" \/>\n<meta name=\"twitter:label1\" content=\"Dur\u00e9e de lecture estim\u00e9e\" \/>\n\t<meta name=\"twitter:data1\" content=\"1 minute\" \/>\n<script type=\"application\/ld+json\" class=\"yoast-schema-graph\">{\"@context\":\"https:\\\/\\\/schema.org\",\"@graph\":[{\"@type\":\"WebPage\",\"@id\":\"https:\\\/\\\/www.greeneggtotaal.nl\\\/product\\\/skillet-xl-met-2-handvatten\\\/\",\"url\":\"https:\\\/\\\/www.greeneggtotaal.nl\\\/product\\\/skillet-xl-met-2-handvatten\\\/\",\"name\":\"Skillet XL met 2 Handvatten\",\"isPartOf\":{\"@id\":\"https:\\\/\\\/www.greeneggtotaal.nl\\\/nl\\\/#website\"},\"primaryImageOfPage\":{\"@id\":\"https:\\\/\\\/www.greeneggtotaal.nl\\\/product\\\/skillet-xl-met-2-handvatten\\\/#primaryimage\"},\"image\":{\"@id\":\"https:\\\/\\\/www.greeneggtotaal.nl\\\/product\\\/skillet-xl-met-2-handvatten\\\/#primaryimage\"},\"thumbnailUrl\":\"https:\\\/\\\/www.greeneggtotaal.nl\\\/wp-content\\\/uploads\\\/2025\\\/10\\\/Pizza_serveerplank__4_-removebg-preview.webp\",\"datePublished\":\"2025-10-01T07:50:01+00:00\",\"dateModified\":\"2026-01-05T15:31:04+00:00\",\"description\":\"Grote gietijzeren pan met 2 handvatten en schenktuiten. Voorbehandeld en klaar voor gebruik. Geschikt voor gas, inductie, oven, BBQ en open vuur.\",\"breadcrumb\":{\"@id\":\"https:\\\/\\\/www.greeneggtotaal.nl\\\/product\\\/skillet-xl-met-2-handvatten\\\/#breadcrumb\"},\"inLanguage\":\"fr-FR\",\"potentialAction\":[{\"@type\":\"ReadAction\",\"target\":[\"https:\\\/\\\/www.greeneggtotaal.nl\\\/product\\\/skillet-xl-met-2-handvatten\\\/\"]}]},{\"@type\":\"ImageObject\",\"inLanguage\":\"fr-FR\",\"@id\":\"https:\\\/\\\/www.greeneggtotaal.nl\\\/product\\\/skillet-xl-met-2-handvatten\\\/#primaryimage\",\"url\":\"https:\\\/\\\/www.greeneggtotaal.nl\\\/wp-content\\\/uploads\\\/2025\\\/10\\\/Pizza_serveerplank__4_-removebg-preview.webp\",\"contentUrl\":\"https:\\\/\\\/www.greeneggtotaal.nl\\\/wp-content\\\/uploads\\\/2025\\\/10\\\/Pizza_serveerplank__4_-removebg-preview.webp\",\"width\":500,\"height\":500,\"caption\":\"Skillet S met 2 Handvatten\"},{\"@type\":\"BreadcrumbList\",\"@id\":\"https:\\\/\\\/www.greeneggtotaal.nl\\\/product\\\/skillet-xl-met-2-handvatten\\\/#breadcrumb\",\"itemListElement\":[{\"@type\":\"ListItem\",\"position\":1,\"name\":\"Home\",\"item\":\"https:\\\/\\\/www.greeneggtotaal.nl\\\/\"},{\"@type\":\"ListItem\",\"position\":2,\"name\":\"Shop\",\"item\":\"https:\\\/\\\/www.greeneggtotaal.nl\\\/nl\\\/shop\\\/\"},{\"@type\":\"ListItem\",\"position\":3,\"name\":\"Windmill Skillet XL met 2 Handvatten\"}]},{\"@type\":\"WebSite\",\"@id\":\"https:\\\/\\\/www.greeneggtotaal.nl\\\/nl\\\/#website\",\"url\":\"https:\\\/\\\/www.greeneggtotaal.nl\\\/nl\\\/\",\"name\":\"greeneggtotaal.nl\",\"description\":\"D\u00e9 Big Green Egg Specialist\",\"publisher\":{\"@id\":\"https:\\\/\\\/www.greeneggtotaal.nl\\\/nl\\\/#organization\"},\"potentialAction\":[{\"@type\":\"SearchAction\",\"target\":{\"@type\":\"EntryPoint\",\"urlTemplate\":\"https:\\\/\\\/www.greeneggtotaal.nl\\\/nl\\\/?s={search_term_string}\"},\"query-input\":{\"@type\":\"PropertyValueSpecification\",\"valueRequired\":true,\"valueName\":\"search_term_string\"}}],\"inLanguage\":\"fr-FR\"},{\"@type\":\"Organization\",\"@id\":\"https:\\\/\\\/www.greeneggtotaal.nl\\\/nl\\\/#organization\",\"name\":\"Green Egg Totaal\",\"url\":\"https:\\\/\\\/www.greeneggtotaal.nl\\\/nl\\\/\",\"logo\":{\"@type\":\"ImageObject\",\"inLanguage\":\"fr-FR\",\"@id\":\"https:\\\/\\\/www.greeneggtotaal.nl\\\/nl\\\/#\\\/schema\\\/logo\\\/image\\\/\",\"url\":\"https:\\\/\\\/www.greeneggtotaal.nl\\\/wp-content\\\/uploads\\\/2025\\\/06\\\/Green-Egg-Totaal-Logo.png\",\"contentUrl\":\"https:\\\/\\\/www.greeneggtotaal.nl\\\/wp-content\\\/uploads\\\/2025\\\/06\\\/Green-Egg-Totaal-Logo.png\",\"width\":225,\"height\":95,\"caption\":\"Green Egg Totaal\"},\"image\":{\"@id\":\"https:\\\/\\\/www.greeneggtotaal.nl\\\/nl\\\/#\\\/schema\\\/logo\\\/image\\\/\"}}]}<\/script>\n<!-- \/ Yoast SEO Premium plugin. -->","yoast_head_json":{"title":"Po\u00eale XL avec 2 poign\u00e9es","description":"Grande casserole en fonte avec 2 poign\u00e9es et becs verseurs. Pr\u00e9trait\u00e9e et pr\u00eate \u00e0 l'emploi. Convient pour le gaz, l'induction, le four, le barbecue et le feu ouvert.","robots":{"index":"index","follow":"follow","max-snippet":"max-snippet:-1","max-image-preview":"max-image-preview:large","max-video-preview":"max-video-preview:-1"},"canonical":"https:\/\/www.greeneggtotaal.nl\/fr\/product\/poele-xl-avec-2-poignees\/","og_locale":"fr_FR","og_type":"article","og_title":"Windmill Skillet XL met 2 Handvatten","og_description":"Grote gietijzeren pan met 2 handvatten en schenktuiten. Voorbehandeld en klaar voor gebruik. Geschikt voor gas, inductie, oven, BBQ en open vuur.","og_url":"https:\/\/www.greeneggtotaal.nl\/fr\/product\/poele-xl-avec-2-poignees\/","og_site_name":"GreenEggTotaal","article_modified_time":"2026-01-05T15:31:04+00:00","og_image":[{"width":500,"height":500,"url":"https:\/\/www.greeneggtotaal.nl\/wp-content\/uploads\/2025\/10\/Pizza_serveerplank__4_-removebg-preview.webp","type":"image\/webp"}],"twitter_card":"summary_large_image","twitter_misc":{"Dur\u00e9e de lecture estim\u00e9e":"1 minute"},"schema":{"@context":"https:\/\/schema.org","@graph":[{"@type":"WebPage","@id":"https:\/\/www.greeneggtotaal.nl\/product\/skillet-xl-met-2-handvatten\/","url":"https:\/\/www.greeneggtotaal.nl\/product\/skillet-xl-met-2-handvatten\/","name":"Po\u00eale XL avec 2 poign\u00e9es","isPartOf":{"@id":"https:\/\/www.greeneggtotaal.nl\/nl\/#website"},"primaryImageOfPage":{"@id":"https:\/\/www.greeneggtotaal.nl\/product\/skillet-xl-met-2-handvatten\/#primaryimage"},"image":{"@id":"https:\/\/www.greeneggtotaal.nl\/product\/skillet-xl-met-2-handvatten\/#primaryimage"},"thumbnailUrl":"https:\/\/www.greeneggtotaal.nl\/wp-content\/uploads\/2025\/10\/Pizza_serveerplank__4_-removebg-preview.webp","datePublished":"2025-10-01T07:50:01+00:00","dateModified":"2026-01-05T15:31:04+00:00","description":"Grande casserole en fonte avec 2 poign\u00e9es et becs verseurs. Pr\u00e9trait\u00e9e et pr\u00eate \u00e0 l'emploi. Convient pour le gaz, l'induction, le four, le barbecue et le feu ouvert.","breadcrumb":{"@id":"https:\/\/www.greeneggtotaal.nl\/product\/skillet-xl-met-2-handvatten\/#breadcrumb"},"inLanguage":"fr-FR","potentialAction":[{"@type":"ReadAction","target":["https:\/\/www.greeneggtotaal.nl\/product\/skillet-xl-met-2-handvatten\/"]}]},{"@type":"ImageObject","inLanguage":"fr-FR","@id":"https:\/\/www.greeneggtotaal.nl\/product\/skillet-xl-met-2-handvatten\/#primaryimage","url":"https:\/\/www.greeneggtotaal.nl\/wp-content\/uploads\/2025\/10\/Pizza_serveerplank__4_-removebg-preview.webp","contentUrl":"https:\/\/www.greeneggtotaal.nl\/wp-content\/uploads\/2025\/10\/Pizza_serveerplank__4_-removebg-preview.webp","width":500,"height":500,"caption":"Skillet S met 2 Handvatten"},{"@type":"BreadcrumbList","@id":"https:\/\/www.greeneggtotaal.nl\/product\/skillet-xl-met-2-handvatten\/#breadcrumb","itemListElement":[{"@type":"ListItem","position":1,"name":"Home","item":"https:\/\/www.greeneggtotaal.nl\/"},{"@type":"ListItem","position":2,"name":"Shop","item":"https:\/\/www.greeneggtotaal.nl\/nl\/shop\/"},{"@type":"ListItem","position":3,"name":"Windmill Skillet XL met 2 Handvatten"}]},{"@type":"WebSite","@id":"https:\/\/www.greeneggtotaal.nl\/nl\/#website","url":"https:\/\/www.greeneggtotaal.nl\/nl\/","name":"greeneggtotaal.nl","description":"Le sp\u00e9cialiste du Big Green Egg","publisher":{"@id":"https:\/\/www.greeneggtotaal.nl\/nl\/#organization"},"potentialAction":[{"@type":"SearchAction","target":{"@type":"EntryPoint","urlTemplate":"https:\/\/www.greeneggtotaal.nl\/nl\/?s={search_term_string}"},"query-input":{"@type":"PropertyValueSpecification","valueRequired":true,"valueName":"search_term_string"}}],"inLanguage":"fr-FR"},{"@type":"Organization","@id":"https:\/\/www.greeneggtotaal.nl\/nl\/#organization","name":"Green Egg Totaal","url":"https:\/\/www.greeneggtotaal.nl\/nl\/","logo":{"@type":"ImageObject","inLanguage":"fr-FR","@id":"https:\/\/www.greeneggtotaal.nl\/nl\/#\/schema\/logo\/image\/","url":"https:\/\/www.greeneggtotaal.nl\/wp-content\/uploads\/2025\/06\/Green-Egg-Totaal-Logo.png","contentUrl":"https:\/\/www.greeneggtotaal.nl\/wp-content\/uploads\/2025\/06\/Green-Egg-Totaal-Logo.png","width":225,"height":95,"caption":"Green Egg Totaal"},"image":{"@id":"https:\/\/www.greeneggtotaal.nl\/nl\/#\/schema\/logo\/image\/"}}]}},"_links":{"self":[{"href":"https:\/\/www.greeneggtotaal.nl\/fr\/wp-json\/wp\/v2\/product\/42034","targetHints":{"allow":["GET"]}}],"collection":[{"href":"https:\/\/www.greeneggtotaal.nl\/fr\/wp-json\/wp\/v2\/product"}],"about":[{"href":"https:\/\/www.greeneggtotaal.nl\/fr\/wp-json\/wp\/v2\/types\/product"}],"wp:featuredmedia":[{"embeddable":true,"href":"https:\/\/www.greeneggtotaal.nl\/fr\/wp-json\/wp\/v2\/media\/42027"}],"wp:attachment":[{"href":"https:\/\/www.greeneggtotaal.nl\/fr\/wp-json\/wp\/v2\/media?parent=42034"}],"wp:term":[{"taxonomy":"product_brand","embeddable":true,"href":"https:\/\/www.greeneggtotaal.nl\/fr\/wp-json\/wp\/v2\/product_brand?post=42034"},{"taxonomy":"product_cat","embeddable":true,"href":"https:\/\/www.greeneggtotaal.nl\/fr\/wp-json\/wp\/v2\/product_cat?post=42034"},{"taxonomy":"product_tag","embeddable":true,"href":"https:\/\/www.greeneggtotaal.nl\/fr\/wp-json\/wp\/v2\/product_tag?post=42034"}],"curies":[{"name":"wp","href":"https:\/\/api.w.org\/{rel}","templated":true}]}}