{"id":43573,"date":"2025-11-07T10:44:43","date_gmt":"2025-11-07T09:44:43","guid":{"rendered":"https:\/\/www.greeneggtotaal.nl\/?post_type=product&#038;p=43573"},"modified":"2025-12-12T10:32:44","modified_gmt":"2025-12-12T09:32:44","slug":"eti-thermostick-bleu","status":"publish","type":"product","link":"https:\/\/www.greeneggtotaal.nl\/fr\/product\/eti-thermostick-blauw\/","title":{"rendered":"ETI Thermostick Bleu"},"content":{"rendered":"<p><strong>ETI Thermostick : compact, rapide et pr\u00e9cis<\/strong><br \/>\nLe Thermostick d'ETI est un thermom\u00e8tre num\u00e9rique simple et fiable, parfait pour mesurer rapidement la temp\u00e9rature dans diverses applications. Avec son design fin et sa technologie de capteur pr\u00e9cise, le Thermostick est un excellent choix pour une utilisation professionnelle et des mesures quotidiennes dans la cuisine, au barbecue ou pour des contr\u00f4les de s\u00e9curit\u00e9 alimentaire.<\/p>\n<p>Avec son \u00e9cran convivial et sa rapidit\u00e9 de mesure, le Thermostick est id\u00e9al pour ceux qui recherchent un thermom\u00e8tre compact, portable et efficace. La sonde thermocouple de type K int\u00e9gr\u00e9e garantit des mesures toujours pr\u00e9cises, m\u00eame en cas d'utilisation r\u00e9p\u00e9t\u00e9e.<\/p>\n<h4>Caract\u00e9ristiques principales :<\/h4>\n<ul>\n<li><strong>Temps de mesure rapide<\/strong>: Mesure pr\u00e9cise de la temp\u00e9rature en quelques secondes.<\/li>\n<li><strong>Compact et portable<\/strong>Conception \u00e9lanc\u00e9e, facile \u00e0 transporter.<\/li>\n<li><strong>Large gamme de temp\u00e9ratures<\/strong>: Mesure des temp\u00e9ratures de -49\u00b0C \u00e0 299\u00b0C.<\/li>\n<li><strong>Haute pr\u00e9cision<\/strong>: Id\u00e9al pour les applications sensibles telles que la s\u00e9curit\u00e9 alimentaire.<\/li>\n<li><strong>Durable et r\u00e9sistant aux \u00e9claboussures<\/strong>: Con\u00e7ue pour une utilisation quotidienne.<\/li>\n<li><strong>Facile \u00e0 utiliser<\/strong>L'appareil est dot\u00e9 d'un affichage num\u00e9rique clair et d'un fonctionnement intuitif.<\/li>\n<li>Disponible en plusieurs couleurs<\/li>\n<\/ul>\n<p>Offrant un \u00e9quilibre parfait entre le prix, la performance et la facilit\u00e9 d'utilisation, l'ETI Thermostick convient \u00e0 tous ceux qui appr\u00e9cient la rapidit\u00e9 et la fiabilit\u00e9.<\/p>","protected":false},"excerpt":{"rendered":"<p>ETI Thermostick: Compact, Snel en Nauwkeurig De\u00a0ETI Thermostick\u00a0is een eenvoudige en betrouwbare digitale thermometer, perfect voor snelle temperatuurmetingen in verschillende toepassingen. Met zijn slanke ontwerp en nauwkeurige sensortechnologie is de Thermostick een uitstekende keuze voor zowel professioneel gebruik als dagelijkse metingen in de keuken, bij de BBQ of bij voedselveiligheidscontroles. Dankzij het gebruiksvriendelijke display en [&hellip;]<\/p>\n","protected":false},"featured_media":43574,"template":"","meta":[],"product_brand":[292],"product_cat":[87],"product_tag":[],"class_list":{"0":"post-43573","1":"product","2":"type-product","3":"status-publish","4":"has-post-thumbnail","6":"product_brand-eti","7":"product_cat-eti-thermapen-thermometers","9":"first","10":"instock","11":"taxable","12":"shipping-taxable","13":"purchasable","14":"product-type-simple"},"yoast_head":"<!-- This site is optimized with the Yoast SEO Premium plugin v27.4 (Yoast SEO v27.4) - https:\/\/yoast.com\/product\/yoast-seo-premium-wordpress\/ -->\n<title>ETI Thermostick Blauw<\/title>\n<meta name=\"description\" content=\"De\u00a0ETI Thermostick\u00a0is een eenvoudige en betrouwbare digitale thermometer, perfect voor snelle temperatuurmetingen in verschillende toepassingen.\" \/>\n<meta name=\"robots\" content=\"index, follow, max-snippet:-1, max-image-preview:large, max-video-preview:-1\" \/>\n<link rel=\"canonical\" href=\"https:\/\/www.greeneggtotaal.nl\/fr\/product\/eti-thermostick-bleu\/\" \/>\n<meta property=\"og:locale\" content=\"fr_FR\" \/>\n<meta property=\"og:type\" content=\"article\" \/>\n<meta property=\"og:title\" content=\"ETI Thermostick Blauw\" \/>\n<meta property=\"og:description\" content=\"De\u00a0ETI Thermostick\u00a0is een eenvoudige en betrouwbare digitale thermometer, perfect voor snelle temperatuurmetingen in verschillende toepassingen.\" \/>\n<meta property=\"og:url\" content=\"https:\/\/www.greeneggtotaal.nl\/fr\/product\/eti-thermostick-bleu\/\" \/>\n<meta property=\"og:site_name\" content=\"GreenEggTotaal\" \/>\n<meta property=\"article:modified_time\" content=\"2025-12-12T09:32:44+00:00\" \/>\n<meta property=\"og:image\" content=\"https:\/\/www.greeneggtotaal.nl\/wp-content\/uploads\/2025\/11\/Ontwerp_zonder_titel_-_2025-11-07T104351.367-removebg-preview.webp\" \/>\n\t<meta property=\"og:image:width\" content=\"500\" \/>\n\t<meta property=\"og:image:height\" content=\"500\" \/>\n\t<meta property=\"og:image:type\" content=\"image\/webp\" \/>\n<meta name=\"twitter:card\" content=\"summary_large_image\" \/>\n<meta name=\"twitter:label1\" content=\"Dur\u00e9e de lecture estim\u00e9e\" \/>\n\t<meta name=\"twitter:data1\" content=\"2 minutes\" \/>\n<script type=\"application\/ld+json\" class=\"yoast-schema-graph\">{\"@context\":\"https:\\\/\\\/schema.org\",\"@graph\":[{\"@type\":\"WebPage\",\"@id\":\"https:\\\/\\\/www.greeneggtotaal.nl\\\/product\\\/eti-thermostick-blauw\\\/\",\"url\":\"https:\\\/\\\/www.greeneggtotaal.nl\\\/product\\\/eti-thermostick-blauw\\\/\",\"name\":\"ETI Thermostick Blauw\",\"isPartOf\":{\"@id\":\"https:\\\/\\\/www.greeneggtotaal.nl\\\/nl\\\/#website\"},\"primaryImageOfPage\":{\"@id\":\"https:\\\/\\\/www.greeneggtotaal.nl\\\/product\\\/eti-thermostick-blauw\\\/#primaryimage\"},\"image\":{\"@id\":\"https:\\\/\\\/www.greeneggtotaal.nl\\\/product\\\/eti-thermostick-blauw\\\/#primaryimage\"},\"thumbnailUrl\":\"https:\\\/\\\/www.greeneggtotaal.nl\\\/wp-content\\\/uploads\\\/2025\\\/11\\\/Ontwerp_zonder_titel_-_2025-11-07T104351.367-removebg-preview.webp\",\"datePublished\":\"2025-11-07T09:44:43+00:00\",\"dateModified\":\"2025-12-12T09:32:44+00:00\",\"description\":\"De\u00a0ETI Thermostick\u00a0is een eenvoudige en betrouwbare digitale thermometer, perfect voor snelle temperatuurmetingen in verschillende toepassingen.\",\"breadcrumb\":{\"@id\":\"https:\\\/\\\/www.greeneggtotaal.nl\\\/product\\\/eti-thermostick-blauw\\\/#breadcrumb\"},\"inLanguage\":\"fr-FR\",\"potentialAction\":[{\"@type\":\"ReadAction\",\"target\":[\"https:\\\/\\\/www.greeneggtotaal.nl\\\/product\\\/eti-thermostick-blauw\\\/\"]}]},{\"@type\":\"ImageObject\",\"inLanguage\":\"fr-FR\",\"@id\":\"https:\\\/\\\/www.greeneggtotaal.nl\\\/product\\\/eti-thermostick-blauw\\\/#primaryimage\",\"url\":\"https:\\\/\\\/www.greeneggtotaal.nl\\\/wp-content\\\/uploads\\\/2025\\\/11\\\/Ontwerp_zonder_titel_-_2025-11-07T104351.367-removebg-preview.webp\",\"contentUrl\":\"https:\\\/\\\/www.greeneggtotaal.nl\\\/wp-content\\\/uploads\\\/2025\\\/11\\\/Ontwerp_zonder_titel_-_2025-11-07T104351.367-removebg-preview.webp\",\"width\":500,\"height\":500,\"caption\":\"ETI Thermostick Blauw\"},{\"@type\":\"BreadcrumbList\",\"@id\":\"https:\\\/\\\/www.greeneggtotaal.nl\\\/product\\\/eti-thermostick-blauw\\\/#breadcrumb\",\"itemListElement\":[{\"@type\":\"ListItem\",\"position\":1,\"name\":\"Home\",\"item\":\"https:\\\/\\\/www.greeneggtotaal.nl\\\/\"},{\"@type\":\"ListItem\",\"position\":2,\"name\":\"Shop\",\"item\":\"https:\\\/\\\/www.greeneggtotaal.nl\\\/nl\\\/shop\\\/\"},{\"@type\":\"ListItem\",\"position\":3,\"name\":\"ETI Thermostick Blauw\"}]},{\"@type\":\"WebSite\",\"@id\":\"https:\\\/\\\/www.greeneggtotaal.nl\\\/nl\\\/#website\",\"url\":\"https:\\\/\\\/www.greeneggtotaal.nl\\\/nl\\\/\",\"name\":\"greeneggtotaal.nl\",\"description\":\"D\u00e9 Big Green Egg Specialist\",\"publisher\":{\"@id\":\"https:\\\/\\\/www.greeneggtotaal.nl\\\/nl\\\/#organization\"},\"potentialAction\":[{\"@type\":\"SearchAction\",\"target\":{\"@type\":\"EntryPoint\",\"urlTemplate\":\"https:\\\/\\\/www.greeneggtotaal.nl\\\/nl\\\/?s={search_term_string}\"},\"query-input\":{\"@type\":\"PropertyValueSpecification\",\"valueRequired\":true,\"valueName\":\"search_term_string\"}}],\"inLanguage\":\"fr-FR\"},{\"@type\":\"Organization\",\"@id\":\"https:\\\/\\\/www.greeneggtotaal.nl\\\/nl\\\/#organization\",\"name\":\"Green Egg Totaal\",\"url\":\"https:\\\/\\\/www.greeneggtotaal.nl\\\/nl\\\/\",\"logo\":{\"@type\":\"ImageObject\",\"inLanguage\":\"fr-FR\",\"@id\":\"https:\\\/\\\/www.greeneggtotaal.nl\\\/nl\\\/#\\\/schema\\\/logo\\\/image\\\/\",\"url\":\"https:\\\/\\\/www.greeneggtotaal.nl\\\/wp-content\\\/uploads\\\/2025\\\/06\\\/Green-Egg-Totaal-Logo.png\",\"contentUrl\":\"https:\\\/\\\/www.greeneggtotaal.nl\\\/wp-content\\\/uploads\\\/2025\\\/06\\\/Green-Egg-Totaal-Logo.png\",\"width\":225,\"height\":95,\"caption\":\"Green Egg Totaal\"},\"image\":{\"@id\":\"https:\\\/\\\/www.greeneggtotaal.nl\\\/nl\\\/#\\\/schema\\\/logo\\\/image\\\/\"}}]}<\/script>\n<!-- \/ Yoast SEO Premium plugin. -->","yoast_head_json":{"title":"ETI Thermostick Bleu","description":"Le Thermostick d'ETI est un thermom\u00e8tre num\u00e9rique simple et fiable, parfait pour des mesures rapides de la temp\u00e9rature dans diverses applications.","robots":{"index":"index","follow":"follow","max-snippet":"max-snippet:-1","max-image-preview":"max-image-preview:large","max-video-preview":"max-video-preview:-1"},"canonical":"https:\/\/www.greeneggtotaal.nl\/fr\/product\/eti-thermostick-bleu\/","og_locale":"fr_FR","og_type":"article","og_title":"ETI Thermostick Blauw","og_description":"De\u00a0ETI Thermostick\u00a0is een eenvoudige en betrouwbare digitale thermometer, perfect voor snelle temperatuurmetingen in verschillende toepassingen.","og_url":"https:\/\/www.greeneggtotaal.nl\/fr\/product\/eti-thermostick-bleu\/","og_site_name":"GreenEggTotaal","article_modified_time":"2025-12-12T09:32:44+00:00","og_image":[{"width":500,"height":500,"url":"https:\/\/www.greeneggtotaal.nl\/wp-content\/uploads\/2025\/11\/Ontwerp_zonder_titel_-_2025-11-07T104351.367-removebg-preview.webp","type":"image\/webp"}],"twitter_card":"summary_large_image","twitter_misc":{"Dur\u00e9e de lecture estim\u00e9e":"2 minutes"},"schema":{"@context":"https:\/\/schema.org","@graph":[{"@type":"WebPage","@id":"https:\/\/www.greeneggtotaal.nl\/product\/eti-thermostick-blauw\/","url":"https:\/\/www.greeneggtotaal.nl\/product\/eti-thermostick-blauw\/","name":"ETI Thermostick Bleu","isPartOf":{"@id":"https:\/\/www.greeneggtotaal.nl\/nl\/#website"},"primaryImageOfPage":{"@id":"https:\/\/www.greeneggtotaal.nl\/product\/eti-thermostick-blauw\/#primaryimage"},"image":{"@id":"https:\/\/www.greeneggtotaal.nl\/product\/eti-thermostick-blauw\/#primaryimage"},"thumbnailUrl":"https:\/\/www.greeneggtotaal.nl\/wp-content\/uploads\/2025\/11\/Ontwerp_zonder_titel_-_2025-11-07T104351.367-removebg-preview.webp","datePublished":"2025-11-07T09:44:43+00:00","dateModified":"2025-12-12T09:32:44+00:00","description":"Le Thermostick d'ETI est un thermom\u00e8tre num\u00e9rique simple et fiable, parfait pour des mesures rapides de la temp\u00e9rature dans diverses applications.","breadcrumb":{"@id":"https:\/\/www.greeneggtotaal.nl\/product\/eti-thermostick-blauw\/#breadcrumb"},"inLanguage":"fr-FR","potentialAction":[{"@type":"ReadAction","target":["https:\/\/www.greeneggtotaal.nl\/product\/eti-thermostick-blauw\/"]}]},{"@type":"ImageObject","inLanguage":"fr-FR","@id":"https:\/\/www.greeneggtotaal.nl\/product\/eti-thermostick-blauw\/#primaryimage","url":"https:\/\/www.greeneggtotaal.nl\/wp-content\/uploads\/2025\/11\/Ontwerp_zonder_titel_-_2025-11-07T104351.367-removebg-preview.webp","contentUrl":"https:\/\/www.greeneggtotaal.nl\/wp-content\/uploads\/2025\/11\/Ontwerp_zonder_titel_-_2025-11-07T104351.367-removebg-preview.webp","width":500,"height":500,"caption":"ETI Thermostick Blauw"},{"@type":"BreadcrumbList","@id":"https:\/\/www.greeneggtotaal.nl\/product\/eti-thermostick-blauw\/#breadcrumb","itemListElement":[{"@type":"ListItem","position":1,"name":"Home","item":"https:\/\/www.greeneggtotaal.nl\/"},{"@type":"ListItem","position":2,"name":"Shop","item":"https:\/\/www.greeneggtotaal.nl\/nl\/shop\/"},{"@type":"ListItem","position":3,"name":"ETI Thermostick Blauw"}]},{"@type":"WebSite","@id":"https:\/\/www.greeneggtotaal.nl\/nl\/#website","url":"https:\/\/www.greeneggtotaal.nl\/nl\/","name":"greeneggtotaal.nl","description":"Le sp\u00e9cialiste du Big Green Egg","publisher":{"@id":"https:\/\/www.greeneggtotaal.nl\/nl\/#organization"},"potentialAction":[{"@type":"SearchAction","target":{"@type":"EntryPoint","urlTemplate":"https:\/\/www.greeneggtotaal.nl\/nl\/?s={search_term_string}"},"query-input":{"@type":"PropertyValueSpecification","valueRequired":true,"valueName":"search_term_string"}}],"inLanguage":"fr-FR"},{"@type":"Organization","@id":"https:\/\/www.greeneggtotaal.nl\/nl\/#organization","name":"Green Egg Totaal","url":"https:\/\/www.greeneggtotaal.nl\/nl\/","logo":{"@type":"ImageObject","inLanguage":"fr-FR","@id":"https:\/\/www.greeneggtotaal.nl\/nl\/#\/schema\/logo\/image\/","url":"https:\/\/www.greeneggtotaal.nl\/wp-content\/uploads\/2025\/06\/Green-Egg-Totaal-Logo.png","contentUrl":"https:\/\/www.greeneggtotaal.nl\/wp-content\/uploads\/2025\/06\/Green-Egg-Totaal-Logo.png","width":225,"height":95,"caption":"Green Egg Totaal"},"image":{"@id":"https:\/\/www.greeneggtotaal.nl\/nl\/#\/schema\/logo\/image\/"}}]}},"_links":{"self":[{"href":"https:\/\/www.greeneggtotaal.nl\/fr\/wp-json\/wp\/v2\/product\/43573","targetHints":{"allow":["GET"]}}],"collection":[{"href":"https:\/\/www.greeneggtotaal.nl\/fr\/wp-json\/wp\/v2\/product"}],"about":[{"href":"https:\/\/www.greeneggtotaal.nl\/fr\/wp-json\/wp\/v2\/types\/product"}],"wp:featuredmedia":[{"embeddable":true,"href":"https:\/\/www.greeneggtotaal.nl\/fr\/wp-json\/wp\/v2\/media\/43574"}],"wp:attachment":[{"href":"https:\/\/www.greeneggtotaal.nl\/fr\/wp-json\/wp\/v2\/media?parent=43573"}],"wp:term":[{"taxonomy":"product_brand","embeddable":true,"href":"https:\/\/www.greeneggtotaal.nl\/fr\/wp-json\/wp\/v2\/product_brand?post=43573"},{"taxonomy":"product_cat","embeddable":true,"href":"https:\/\/www.greeneggtotaal.nl\/fr\/wp-json\/wp\/v2\/product_cat?post=43573"},{"taxonomy":"product_tag","embeddable":true,"href":"https:\/\/www.greeneggtotaal.nl\/fr\/wp-json\/wp\/v2\/product_tag?post=43573"}],"curies":[{"name":"wp","href":"https:\/\/api.w.org\/{rel}","templated":true}]}}