{"id":44129,"date":"2025-11-12T13:56:08","date_gmt":"2025-11-12T12:56:08","guid":{"rendered":"https:\/\/www.greeneggtotaal.nl\/?post_type=product&#038;p=44129"},"modified":"2026-04-07T10:04:21","modified_gmt":"2026-04-07T08:04:21","slug":"jeu-de-spatules-en-acier","status":"publish","type":"product","link":"https:\/\/www.greeneggtotaal.nl\/fr\/product\/ofyr-spatula-set\/","title":{"rendered":"Set de spatules OFYR"},"content":{"rendered":"<p>Le set de spatules OFYR est le compl\u00e9ment parfait \u00e0 votre exp\u00e9rience de la cuisine en plein air. Ce jeu de trois spatules est con\u00e7u pour rendre la cuisine sur votre gril OFYR encore plus facile et plus agr\u00e9able. Les spatules sont fabriqu\u00e9es en acier inoxydable de haute qualit\u00e9 et ont un design ergonomique, ce qui les rend confortables et faciles \u00e0 utiliser.<\/p>\n<p>Le set de spatules OFYR se compose de trois spatules diff\u00e9rentes. La premi\u00e8re est une spatule plate, id\u00e9ale pour retourner les hamburgers et les filets de poisson. La deuxi\u00e8me est une spatule dentel\u00e9e, parfaite pour trancher et servir les steaks et autres plats de viande. La troisi\u00e8me est une spatule polyvalente \u00e0 bout pointu, qui permet de saisir les petits morceaux d'aliments, tels que les crevettes et les l\u00e9gumes.<\/p>\n<p>Con\u00e7u avec le souci du d\u00e9tail, cet ensemble de spatules est non seulement fonctionnel, mais aussi esth\u00e9tique. Les manches sont en ch\u00eane durable, d'aspect chaleureux, et contrastent joliment avec la lame en acier inoxydable de la spatule.<\/p>\n<p>Le set de spatules OFYR est le compl\u00e9ment parfait de votre cuisine ext\u00e9rieure OFYR et un must pour tout amateur de cuisine. Que vous soyez un d\u00e9butant ou un chef exp\u00e9riment\u00e9, ces spatules vous permettront de passer \u00e0 la vitesse sup\u00e9rieure et d'obtenir des r\u00e9sultats parfaits \u00e0 chaque repas.<\/p>","protected":false},"excerpt":{"rendered":"<p>De OFYR Spatula Set is de perfecte aanvulling op uw buitenkookervaring. Deze set van drie spatels is ontworpen om het koken op uw OFYR grill nog gemakkelijker en plezieriger te maken. De spatels zijn gemaakt van hoogwaardig roestvrij staal en hebben een ergonomisch ontwerp, waardoor ze comfortabel en gemakkelijk in gebruik zijn. De OFYR Spatula [&hellip;]<\/p>\n","protected":false},"featured_media":44130,"template":"","meta":[],"product_brand":[239],"product_cat":[127],"product_tag":[],"class_list":{"0":"post-44129","1":"product","2":"type-product","3":"status-publish","4":"has-post-thumbnail","6":"product_brand-ofyr","7":"product_cat-ofyr-accessoires","9":"first","10":"instock","11":"sale","12":"taxable","13":"shipping-taxable","14":"purchasable","15":"product-type-simple"},"yoast_head":"<!-- This site is optimized with the Yoast SEO Premium plugin v27.4 (Yoast SEO v27.4) - https:\/\/yoast.com\/product\/yoast-seo-premium-wordpress\/ -->\n<title>OFYR Spatula Set<\/title>\n<meta name=\"description\" content=\"De OFYR Spatula Set is de perfecte aanvulling op uw buitenkookervaring. Deze set van drie spatels is ontworpen om het nog makkelijker te maken.\" \/>\n<meta name=\"robots\" content=\"index, follow, max-snippet:-1, max-image-preview:large, max-video-preview:-1\" \/>\n<link rel=\"canonical\" href=\"https:\/\/www.greeneggtotaal.nl\/fr\/product\/jeu-de-spatules-en-acier\/\" \/>\n<meta property=\"og:locale\" content=\"fr_FR\" \/>\n<meta property=\"og:type\" content=\"article\" \/>\n<meta property=\"og:title\" content=\"OFYR Spatula Set\" \/>\n<meta property=\"og:description\" content=\"De OFYR Spatula Set is de perfecte aanvulling op uw buitenkookervaring. Deze set van drie spatels is ontworpen om het nog makkelijker te maken.\" \/>\n<meta property=\"og:url\" content=\"https:\/\/www.greeneggtotaal.nl\/fr\/product\/jeu-de-spatules-en-acier\/\" \/>\n<meta property=\"og:site_name\" content=\"GreenEggTotaal\" \/>\n<meta property=\"article:modified_time\" content=\"2026-04-07T08:04:21+00:00\" \/>\n<meta property=\"og:image\" content=\"https:\/\/www.greeneggtotaal.nl\/wp-content\/uploads\/2025\/11\/microsoftteams-image_30_-300x300-1.png\" \/>\n\t<meta property=\"og:image:width\" content=\"300\" \/>\n\t<meta property=\"og:image:height\" content=\"300\" \/>\n\t<meta property=\"og:image:type\" content=\"image\/png\" \/>\n<meta name=\"twitter:card\" content=\"summary_large_image\" \/>\n<meta name=\"twitter:label1\" content=\"Dur\u00e9e de lecture estim\u00e9e\" \/>\n\t<meta name=\"twitter:data1\" content=\"2 minutes\" \/>\n<script type=\"application\/ld+json\" class=\"yoast-schema-graph\">{\"@context\":\"https:\\\/\\\/schema.org\",\"@graph\":[{\"@type\":\"WebPage\",\"@id\":\"https:\\\/\\\/www.greeneggtotaal.nl\\\/product\\\/ofyr-spatula-set\\\/\",\"url\":\"https:\\\/\\\/www.greeneggtotaal.nl\\\/product\\\/ofyr-spatula-set\\\/\",\"name\":\"OFYR Spatula Set\",\"isPartOf\":{\"@id\":\"https:\\\/\\\/www.greeneggtotaal.nl\\\/nl\\\/#website\"},\"primaryImageOfPage\":{\"@id\":\"https:\\\/\\\/www.greeneggtotaal.nl\\\/product\\\/ofyr-spatula-set\\\/#primaryimage\"},\"image\":{\"@id\":\"https:\\\/\\\/www.greeneggtotaal.nl\\\/product\\\/ofyr-spatula-set\\\/#primaryimage\"},\"thumbnailUrl\":\"https:\\\/\\\/www.greeneggtotaal.nl\\\/wp-content\\\/uploads\\\/2025\\\/11\\\/microsoftteams-image_30_-300x300-1.webp\",\"datePublished\":\"2025-11-12T12:56:08+00:00\",\"dateModified\":\"2026-04-07T08:04:21+00:00\",\"description\":\"De OFYR Spatula Set is de perfecte aanvulling op uw buitenkookervaring. Deze set van drie spatels is ontworpen om het nog makkelijker te maken.\",\"breadcrumb\":{\"@id\":\"https:\\\/\\\/www.greeneggtotaal.nl\\\/product\\\/ofyr-spatula-set\\\/#breadcrumb\"},\"inLanguage\":\"fr-FR\",\"potentialAction\":[{\"@type\":\"ReadAction\",\"target\":[\"https:\\\/\\\/www.greeneggtotaal.nl\\\/product\\\/ofyr-spatula-set\\\/\"]}]},{\"@type\":\"ImageObject\",\"inLanguage\":\"fr-FR\",\"@id\":\"https:\\\/\\\/www.greeneggtotaal.nl\\\/product\\\/ofyr-spatula-set\\\/#primaryimage\",\"url\":\"https:\\\/\\\/www.greeneggtotaal.nl\\\/wp-content\\\/uploads\\\/2025\\\/11\\\/microsoftteams-image_30_-300x300-1.webp\",\"contentUrl\":\"https:\\\/\\\/www.greeneggtotaal.nl\\\/wp-content\\\/uploads\\\/2025\\\/11\\\/microsoftteams-image_30_-300x300-1.webp\",\"width\":300,\"height\":300,\"caption\":\"OFYR Spatula Set\"},{\"@type\":\"BreadcrumbList\",\"@id\":\"https:\\\/\\\/www.greeneggtotaal.nl\\\/product\\\/ofyr-spatula-set\\\/#breadcrumb\",\"itemListElement\":[{\"@type\":\"ListItem\",\"position\":1,\"name\":\"Home\",\"item\":\"https:\\\/\\\/www.greeneggtotaal.nl\\\/\"},{\"@type\":\"ListItem\",\"position\":2,\"name\":\"Shop\",\"item\":\"https:\\\/\\\/www.greeneggtotaal.nl\\\/nl\\\/shop\\\/\"},{\"@type\":\"ListItem\",\"position\":3,\"name\":\"OFYR Spatula Set\"}]},{\"@type\":\"WebSite\",\"@id\":\"https:\\\/\\\/www.greeneggtotaal.nl\\\/nl\\\/#website\",\"url\":\"https:\\\/\\\/www.greeneggtotaal.nl\\\/nl\\\/\",\"name\":\"greeneggtotaal.nl\",\"description\":\"D\u00e9 Big Green Egg Specialist\",\"publisher\":{\"@id\":\"https:\\\/\\\/www.greeneggtotaal.nl\\\/nl\\\/#organization\"},\"potentialAction\":[{\"@type\":\"SearchAction\",\"target\":{\"@type\":\"EntryPoint\",\"urlTemplate\":\"https:\\\/\\\/www.greeneggtotaal.nl\\\/nl\\\/?s={search_term_string}\"},\"query-input\":{\"@type\":\"PropertyValueSpecification\",\"valueRequired\":true,\"valueName\":\"search_term_string\"}}],\"inLanguage\":\"fr-FR\"},{\"@type\":\"Organization\",\"@id\":\"https:\\\/\\\/www.greeneggtotaal.nl\\\/nl\\\/#organization\",\"name\":\"Green Egg Totaal\",\"url\":\"https:\\\/\\\/www.greeneggtotaal.nl\\\/nl\\\/\",\"logo\":{\"@type\":\"ImageObject\",\"inLanguage\":\"fr-FR\",\"@id\":\"https:\\\/\\\/www.greeneggtotaal.nl\\\/nl\\\/#\\\/schema\\\/logo\\\/image\\\/\",\"url\":\"https:\\\/\\\/www.greeneggtotaal.nl\\\/wp-content\\\/uploads\\\/2025\\\/06\\\/Green-Egg-Totaal-Logo.png\",\"contentUrl\":\"https:\\\/\\\/www.greeneggtotaal.nl\\\/wp-content\\\/uploads\\\/2025\\\/06\\\/Green-Egg-Totaal-Logo.png\",\"width\":225,\"height\":95,\"caption\":\"Green Egg Totaal\"},\"image\":{\"@id\":\"https:\\\/\\\/www.greeneggtotaal.nl\\\/nl\\\/#\\\/schema\\\/logo\\\/image\\\/\"}}]}<\/script>\n<!-- \/ Yoast SEO Premium plugin. -->","yoast_head_json":{"title":"Set de spatules OFYR","description":"Le set de spatules OFYR est le compl\u00e9ment id\u00e9al \u00e0 votre exp\u00e9rience de la cuisine en plein air. Ce set de trois spatules est con\u00e7u pour vous faciliter la t\u00e2che.","robots":{"index":"index","follow":"follow","max-snippet":"max-snippet:-1","max-image-preview":"max-image-preview:large","max-video-preview":"max-video-preview:-1"},"canonical":"https:\/\/www.greeneggtotaal.nl\/fr\/product\/jeu-de-spatules-en-acier\/","og_locale":"fr_FR","og_type":"article","og_title":"OFYR Spatula Set","og_description":"De OFYR Spatula Set is de perfecte aanvulling op uw buitenkookervaring. Deze set van drie spatels is ontworpen om het nog makkelijker te maken.","og_url":"https:\/\/www.greeneggtotaal.nl\/fr\/product\/jeu-de-spatules-en-acier\/","og_site_name":"GreenEggTotaal","article_modified_time":"2026-04-07T08:04:21+00:00","og_image":[{"width":300,"height":300,"url":"https:\/\/www.greeneggtotaal.nl\/wp-content\/uploads\/2025\/11\/microsoftteams-image_30_-300x300-1.png","type":"image\/png"}],"twitter_card":"summary_large_image","twitter_misc":{"Dur\u00e9e de lecture estim\u00e9e":"2 minutes"},"schema":{"@context":"https:\/\/schema.org","@graph":[{"@type":"WebPage","@id":"https:\/\/www.greeneggtotaal.nl\/product\/ofyr-spatula-set\/","url":"https:\/\/www.greeneggtotaal.nl\/product\/ofyr-spatula-set\/","name":"Set de spatules OFYR","isPartOf":{"@id":"https:\/\/www.greeneggtotaal.nl\/nl\/#website"},"primaryImageOfPage":{"@id":"https:\/\/www.greeneggtotaal.nl\/product\/ofyr-spatula-set\/#primaryimage"},"image":{"@id":"https:\/\/www.greeneggtotaal.nl\/product\/ofyr-spatula-set\/#primaryimage"},"thumbnailUrl":"https:\/\/www.greeneggtotaal.nl\/wp-content\/uploads\/2025\/11\/microsoftteams-image_30_-300x300-1.webp","datePublished":"2025-11-12T12:56:08+00:00","dateModified":"2026-04-07T08:04:21+00:00","description":"Le set de spatules OFYR est le compl\u00e9ment id\u00e9al \u00e0 votre exp\u00e9rience de la cuisine en plein air. Ce set de trois spatules est con\u00e7u pour vous faciliter la t\u00e2che.","breadcrumb":{"@id":"https:\/\/www.greeneggtotaal.nl\/product\/ofyr-spatula-set\/#breadcrumb"},"inLanguage":"fr-FR","potentialAction":[{"@type":"ReadAction","target":["https:\/\/www.greeneggtotaal.nl\/product\/ofyr-spatula-set\/"]}]},{"@type":"ImageObject","inLanguage":"fr-FR","@id":"https:\/\/www.greeneggtotaal.nl\/product\/ofyr-spatula-set\/#primaryimage","url":"https:\/\/www.greeneggtotaal.nl\/wp-content\/uploads\/2025\/11\/microsoftteams-image_30_-300x300-1.webp","contentUrl":"https:\/\/www.greeneggtotaal.nl\/wp-content\/uploads\/2025\/11\/microsoftteams-image_30_-300x300-1.webp","width":300,"height":300,"caption":"OFYR Spatula Set"},{"@type":"BreadcrumbList","@id":"https:\/\/www.greeneggtotaal.nl\/product\/ofyr-spatula-set\/#breadcrumb","itemListElement":[{"@type":"ListItem","position":1,"name":"Home","item":"https:\/\/www.greeneggtotaal.nl\/"},{"@type":"ListItem","position":2,"name":"Shop","item":"https:\/\/www.greeneggtotaal.nl\/nl\/shop\/"},{"@type":"ListItem","position":3,"name":"OFYR Spatula Set"}]},{"@type":"WebSite","@id":"https:\/\/www.greeneggtotaal.nl\/nl\/#website","url":"https:\/\/www.greeneggtotaal.nl\/nl\/","name":"greeneggtotaal.nl","description":"Le sp\u00e9cialiste du Big Green Egg","publisher":{"@id":"https:\/\/www.greeneggtotaal.nl\/nl\/#organization"},"potentialAction":[{"@type":"SearchAction","target":{"@type":"EntryPoint","urlTemplate":"https:\/\/www.greeneggtotaal.nl\/nl\/?s={search_term_string}"},"query-input":{"@type":"PropertyValueSpecification","valueRequired":true,"valueName":"search_term_string"}}],"inLanguage":"fr-FR"},{"@type":"Organization","@id":"https:\/\/www.greeneggtotaal.nl\/nl\/#organization","name":"Green Egg Totaal","url":"https:\/\/www.greeneggtotaal.nl\/nl\/","logo":{"@type":"ImageObject","inLanguage":"fr-FR","@id":"https:\/\/www.greeneggtotaal.nl\/nl\/#\/schema\/logo\/image\/","url":"https:\/\/www.greeneggtotaal.nl\/wp-content\/uploads\/2025\/06\/Green-Egg-Totaal-Logo.png","contentUrl":"https:\/\/www.greeneggtotaal.nl\/wp-content\/uploads\/2025\/06\/Green-Egg-Totaal-Logo.png","width":225,"height":95,"caption":"Green Egg Totaal"},"image":{"@id":"https:\/\/www.greeneggtotaal.nl\/nl\/#\/schema\/logo\/image\/"}}]}},"_links":{"self":[{"href":"https:\/\/www.greeneggtotaal.nl\/fr\/wp-json\/wp\/v2\/product\/44129","targetHints":{"allow":["GET"]}}],"collection":[{"href":"https:\/\/www.greeneggtotaal.nl\/fr\/wp-json\/wp\/v2\/product"}],"about":[{"href":"https:\/\/www.greeneggtotaal.nl\/fr\/wp-json\/wp\/v2\/types\/product"}],"wp:featuredmedia":[{"embeddable":true,"href":"https:\/\/www.greeneggtotaal.nl\/fr\/wp-json\/wp\/v2\/media\/44130"}],"wp:attachment":[{"href":"https:\/\/www.greeneggtotaal.nl\/fr\/wp-json\/wp\/v2\/media?parent=44129"}],"wp:term":[{"taxonomy":"product_brand","embeddable":true,"href":"https:\/\/www.greeneggtotaal.nl\/fr\/wp-json\/wp\/v2\/product_brand?post=44129"},{"taxonomy":"product_cat","embeddable":true,"href":"https:\/\/www.greeneggtotaal.nl\/fr\/wp-json\/wp\/v2\/product_cat?post=44129"},{"taxonomy":"product_tag","embeddable":true,"href":"https:\/\/www.greeneggtotaal.nl\/fr\/wp-json\/wp\/v2\/product_tag?post=44129"}],"curies":[{"name":"wp","href":"https:\/\/api.w.org\/{rel}","templated":true}]}}