{"id":44782,"date":"2025-11-17T14:36:08","date_gmt":"2025-11-17T13:36:08","guid":{"rendered":"https:\/\/www.greeneggtotaal.nl\/?post_type=product&#038;p=44782"},"modified":"2026-02-25T12:21:05","modified_gmt":"2026-02-25T11:21:05","slug":"allume-feu-pour-exterieur-heat-5-kg","status":"publish","type":"product","link":"https:\/\/www.greeneggtotaal.nl\/fr\/product\/heat-outdoor-living-firelighters-5-kg\/","title":{"rendered":"HEAT Outdoor Living Allume-feu 5 kg"},"content":{"rendered":"<p>Les cubes allume-feu HEAT Outdoor Living 5 kg sont la solution id\u00e9ale pour allumer rapidement et facilement un brasero, un barbecue ou une chemin\u00e9e. Fabriqu\u00e9s \u00e0 partir de mat\u00e9riaux de haute qualit\u00e9, ces cubes allume-feu garantissent un allumage fiable sans additifs chimiques. Ils br\u00fblent de mani\u00e8re uniforme et suffisamment longtemps pour bien allumer le bois, le charbon ou les briquettes.<\/p>","protected":false},"excerpt":{"rendered":"<p>De HEAT Outdoor Living Aanmaakblokjes 5 kg zijn de perfecte oplossing om snel en eenvoudig een vuurschaal, barbecue of open haard aan te steken. Deze aanmaakblokjes zijn gemaakt van hoogwaardige materialen en zorgen voor een betrouwbare ontsteking zonder chemische toevoegingen. Ze branden gelijkmatig en lang genoeg om hout, kolen of briketten goed op gang te [&hellip;]<\/p>\n","protected":false},"featured_media":44781,"template":"","meta":[],"product_brand":[293],"product_cat":[274],"product_tag":[],"class_list":{"0":"post-44782","1":"product","2":"type-product","3":"status-publish","4":"has-post-thumbnail","6":"product_brand-heat","7":"product_cat-heat-accessoires","9":"first","10":"instock","11":"taxable","12":"shipping-taxable","13":"purchasable","14":"product-type-simple"},"yoast_head":"<!-- This site is optimized with the Yoast SEO Premium plugin v27.4 (Yoast SEO v27.4) - https:\/\/yoast.com\/product\/yoast-seo-premium-wordpress\/ -->\n<title>HEAT Outdoor Living Firelighters 5 kg<\/title>\n<meta name=\"description\" content=\"HEAT Outdoor Living Aanmaakblokjes 5 kg. Betrouwbare en eenvoudige ontsteking voor barbecue, vuurschaal en open haard, GreenEggTotaal.\" \/>\n<meta name=\"robots\" content=\"index, follow, max-snippet:-1, max-image-preview:large, max-video-preview:-1\" \/>\n<link rel=\"canonical\" href=\"https:\/\/www.greeneggtotaal.nl\/fr\/product\/allume-feu-pour-exterieur-heat-5-kg\/\" \/>\n<meta property=\"og:locale\" content=\"fr_FR\" \/>\n<meta property=\"og:type\" content=\"article\" \/>\n<meta property=\"og:title\" content=\"HEAT Outdoor Living Firelighters 5 kg\" \/>\n<meta property=\"og:description\" content=\"HEAT Outdoor Living Aanmaakblokjes 5 kg. Betrouwbare en eenvoudige ontsteking voor barbecue, vuurschaal en open haard, GreenEggTotaal.\" \/>\n<meta property=\"og:url\" content=\"https:\/\/www.greeneggtotaal.nl\/fr\/product\/allume-feu-pour-exterieur-heat-5-kg\/\" \/>\n<meta property=\"og:site_name\" content=\"GreenEggTotaal\" \/>\n<meta property=\"article:modified_time\" content=\"2026-02-25T11:21:05+00:00\" \/>\n<meta property=\"og:image\" content=\"https:\/\/www.greeneggtotaal.nl\/wp-content\/uploads\/2025\/11\/Ontwerp_zonder_titel_-_2025-11-17T143149.983-removebg-preview.png\" \/>\n\t<meta property=\"og:image:width\" content=\"500\" \/>\n\t<meta property=\"og:image:height\" content=\"500\" \/>\n\t<meta property=\"og:image:type\" content=\"image\/png\" \/>\n<meta name=\"twitter:card\" content=\"summary_large_image\" \/>\n<meta name=\"twitter:label1\" content=\"Dur\u00e9e de lecture estim\u00e9e\" \/>\n\t<meta name=\"twitter:data1\" content=\"1 minute\" \/>\n<script type=\"application\/ld+json\" class=\"yoast-schema-graph\">{\"@context\":\"https:\\\/\\\/schema.org\",\"@graph\":[{\"@type\":\"WebPage\",\"@id\":\"https:\\\/\\\/www.greeneggtotaal.nl\\\/product\\\/heat-outdoor-living-firelighters-5-kg\\\/\",\"url\":\"https:\\\/\\\/www.greeneggtotaal.nl\\\/product\\\/heat-outdoor-living-firelighters-5-kg\\\/\",\"name\":\"HEAT Outdoor Living Firelighters 5 kg\",\"isPartOf\":{\"@id\":\"https:\\\/\\\/www.greeneggtotaal.nl\\\/nl\\\/#website\"},\"primaryImageOfPage\":{\"@id\":\"https:\\\/\\\/www.greeneggtotaal.nl\\\/product\\\/heat-outdoor-living-firelighters-5-kg\\\/#primaryimage\"},\"image\":{\"@id\":\"https:\\\/\\\/www.greeneggtotaal.nl\\\/product\\\/heat-outdoor-living-firelighters-5-kg\\\/#primaryimage\"},\"thumbnailUrl\":\"https:\\\/\\\/www.greeneggtotaal.nl\\\/wp-content\\\/uploads\\\/2025\\\/11\\\/Ontwerp_zonder_titel_-_2025-11-17T143149.983-removebg-preview.webp\",\"datePublished\":\"2025-11-17T13:36:08+00:00\",\"dateModified\":\"2026-02-25T11:21:05+00:00\",\"description\":\"HEAT Outdoor Living Aanmaakblokjes 5 kg. Betrouwbare en eenvoudige ontsteking voor barbecue, vuurschaal en open haard, GreenEggTotaal.\",\"breadcrumb\":{\"@id\":\"https:\\\/\\\/www.greeneggtotaal.nl\\\/product\\\/heat-outdoor-living-firelighters-5-kg\\\/#breadcrumb\"},\"inLanguage\":\"fr-FR\",\"potentialAction\":[{\"@type\":\"ReadAction\",\"target\":[\"https:\\\/\\\/www.greeneggtotaal.nl\\\/product\\\/heat-outdoor-living-firelighters-5-kg\\\/\"]}]},{\"@type\":\"ImageObject\",\"inLanguage\":\"fr-FR\",\"@id\":\"https:\\\/\\\/www.greeneggtotaal.nl\\\/product\\\/heat-outdoor-living-firelighters-5-kg\\\/#primaryimage\",\"url\":\"https:\\\/\\\/www.greeneggtotaal.nl\\\/wp-content\\\/uploads\\\/2025\\\/11\\\/Ontwerp_zonder_titel_-_2025-11-17T143149.983-removebg-preview.webp\",\"contentUrl\":\"https:\\\/\\\/www.greeneggtotaal.nl\\\/wp-content\\\/uploads\\\/2025\\\/11\\\/Ontwerp_zonder_titel_-_2025-11-17T143149.983-removebg-preview.webp\",\"width\":500,\"height\":500,\"caption\":\"HEAT Outdoor Living Firelighters 3 kg\"},{\"@type\":\"BreadcrumbList\",\"@id\":\"https:\\\/\\\/www.greeneggtotaal.nl\\\/product\\\/heat-outdoor-living-firelighters-5-kg\\\/#breadcrumb\",\"itemListElement\":[{\"@type\":\"ListItem\",\"position\":1,\"name\":\"Home\",\"item\":\"https:\\\/\\\/www.greeneggtotaal.nl\\\/\"},{\"@type\":\"ListItem\",\"position\":2,\"name\":\"Shop\",\"item\":\"https:\\\/\\\/www.greeneggtotaal.nl\\\/nl\\\/shop\\\/\"},{\"@type\":\"ListItem\",\"position\":3,\"name\":\"HEAT Outdoor Living Firelighters 5 kg\"}]},{\"@type\":\"WebSite\",\"@id\":\"https:\\\/\\\/www.greeneggtotaal.nl\\\/nl\\\/#website\",\"url\":\"https:\\\/\\\/www.greeneggtotaal.nl\\\/nl\\\/\",\"name\":\"greeneggtotaal.nl\",\"description\":\"D\u00e9 Big Green Egg Specialist\",\"publisher\":{\"@id\":\"https:\\\/\\\/www.greeneggtotaal.nl\\\/nl\\\/#organization\"},\"potentialAction\":[{\"@type\":\"SearchAction\",\"target\":{\"@type\":\"EntryPoint\",\"urlTemplate\":\"https:\\\/\\\/www.greeneggtotaal.nl\\\/nl\\\/?s={search_term_string}\"},\"query-input\":{\"@type\":\"PropertyValueSpecification\",\"valueRequired\":true,\"valueName\":\"search_term_string\"}}],\"inLanguage\":\"fr-FR\"},{\"@type\":\"Organization\",\"@id\":\"https:\\\/\\\/www.greeneggtotaal.nl\\\/nl\\\/#organization\",\"name\":\"Green Egg Totaal\",\"url\":\"https:\\\/\\\/www.greeneggtotaal.nl\\\/nl\\\/\",\"logo\":{\"@type\":\"ImageObject\",\"inLanguage\":\"fr-FR\",\"@id\":\"https:\\\/\\\/www.greeneggtotaal.nl\\\/nl\\\/#\\\/schema\\\/logo\\\/image\\\/\",\"url\":\"https:\\\/\\\/www.greeneggtotaal.nl\\\/wp-content\\\/uploads\\\/2025\\\/06\\\/Green-Egg-Totaal-Logo.png\",\"contentUrl\":\"https:\\\/\\\/www.greeneggtotaal.nl\\\/wp-content\\\/uploads\\\/2025\\\/06\\\/Green-Egg-Totaal-Logo.png\",\"width\":225,\"height\":95,\"caption\":\"Green Egg Totaal\"},\"image\":{\"@id\":\"https:\\\/\\\/www.greeneggtotaal.nl\\\/nl\\\/#\\\/schema\\\/logo\\\/image\\\/\"}}]}<\/script>\n<!-- \/ Yoast SEO Premium plugin. -->","yoast_head_json":{"title":"HEAT Outdoor Living Allume-feu 5 kg","description":"HEAT Outdoor Living Allume-feu 5 kg. Allumage fiable et facile pour barbecue, brasero et chemin\u00e9e, GreenEggTotaal.","robots":{"index":"index","follow":"follow","max-snippet":"max-snippet:-1","max-image-preview":"max-image-preview:large","max-video-preview":"max-video-preview:-1"},"canonical":"https:\/\/www.greeneggtotaal.nl\/fr\/product\/allume-feu-pour-exterieur-heat-5-kg\/","og_locale":"fr_FR","og_type":"article","og_title":"HEAT Outdoor Living Firelighters 5 kg","og_description":"HEAT Outdoor Living Aanmaakblokjes 5 kg. Betrouwbare en eenvoudige ontsteking voor barbecue, vuurschaal en open haard, GreenEggTotaal.","og_url":"https:\/\/www.greeneggtotaal.nl\/fr\/product\/allume-feu-pour-exterieur-heat-5-kg\/","og_site_name":"GreenEggTotaal","article_modified_time":"2026-02-25T11:21:05+00:00","og_image":[{"width":500,"height":500,"url":"https:\/\/www.greeneggtotaal.nl\/wp-content\/uploads\/2025\/11\/Ontwerp_zonder_titel_-_2025-11-17T143149.983-removebg-preview.png","type":"image\/png"}],"twitter_card":"summary_large_image","twitter_misc":{"Dur\u00e9e de lecture estim\u00e9e":"1 minute"},"schema":{"@context":"https:\/\/schema.org","@graph":[{"@type":"WebPage","@id":"https:\/\/www.greeneggtotaal.nl\/product\/heat-outdoor-living-firelighters-5-kg\/","url":"https:\/\/www.greeneggtotaal.nl\/product\/heat-outdoor-living-firelighters-5-kg\/","name":"HEAT Outdoor Living Allume-feu 5 kg","isPartOf":{"@id":"https:\/\/www.greeneggtotaal.nl\/nl\/#website"},"primaryImageOfPage":{"@id":"https:\/\/www.greeneggtotaal.nl\/product\/heat-outdoor-living-firelighters-5-kg\/#primaryimage"},"image":{"@id":"https:\/\/www.greeneggtotaal.nl\/product\/heat-outdoor-living-firelighters-5-kg\/#primaryimage"},"thumbnailUrl":"https:\/\/www.greeneggtotaal.nl\/wp-content\/uploads\/2025\/11\/Ontwerp_zonder_titel_-_2025-11-17T143149.983-removebg-preview.webp","datePublished":"2025-11-17T13:36:08+00:00","dateModified":"2026-02-25T11:21:05+00:00","description":"HEAT Outdoor Living Allume-feu 5 kg. Allumage fiable et facile pour barbecue, brasero et chemin\u00e9e, GreenEggTotaal.","breadcrumb":{"@id":"https:\/\/www.greeneggtotaal.nl\/product\/heat-outdoor-living-firelighters-5-kg\/#breadcrumb"},"inLanguage":"fr-FR","potentialAction":[{"@type":"ReadAction","target":["https:\/\/www.greeneggtotaal.nl\/product\/heat-outdoor-living-firelighters-5-kg\/"]}]},{"@type":"ImageObject","inLanguage":"fr-FR","@id":"https:\/\/www.greeneggtotaal.nl\/product\/heat-outdoor-living-firelighters-5-kg\/#primaryimage","url":"https:\/\/www.greeneggtotaal.nl\/wp-content\/uploads\/2025\/11\/Ontwerp_zonder_titel_-_2025-11-17T143149.983-removebg-preview.webp","contentUrl":"https:\/\/www.greeneggtotaal.nl\/wp-content\/uploads\/2025\/11\/Ontwerp_zonder_titel_-_2025-11-17T143149.983-removebg-preview.webp","width":500,"height":500,"caption":"HEAT Outdoor Living Firelighters 3 kg"},{"@type":"BreadcrumbList","@id":"https:\/\/www.greeneggtotaal.nl\/product\/heat-outdoor-living-firelighters-5-kg\/#breadcrumb","itemListElement":[{"@type":"ListItem","position":1,"name":"Home","item":"https:\/\/www.greeneggtotaal.nl\/"},{"@type":"ListItem","position":2,"name":"Shop","item":"https:\/\/www.greeneggtotaal.nl\/nl\/shop\/"},{"@type":"ListItem","position":3,"name":"HEAT Outdoor Living Firelighters 5 kg"}]},{"@type":"WebSite","@id":"https:\/\/www.greeneggtotaal.nl\/nl\/#website","url":"https:\/\/www.greeneggtotaal.nl\/nl\/","name":"greeneggtotaal.nl","description":"Le sp\u00e9cialiste du Big Green Egg","publisher":{"@id":"https:\/\/www.greeneggtotaal.nl\/nl\/#organization"},"potentialAction":[{"@type":"SearchAction","target":{"@type":"EntryPoint","urlTemplate":"https:\/\/www.greeneggtotaal.nl\/nl\/?s={search_term_string}"},"query-input":{"@type":"PropertyValueSpecification","valueRequired":true,"valueName":"search_term_string"}}],"inLanguage":"fr-FR"},{"@type":"Organization","@id":"https:\/\/www.greeneggtotaal.nl\/nl\/#organization","name":"Green Egg Totaal","url":"https:\/\/www.greeneggtotaal.nl\/nl\/","logo":{"@type":"ImageObject","inLanguage":"fr-FR","@id":"https:\/\/www.greeneggtotaal.nl\/nl\/#\/schema\/logo\/image\/","url":"https:\/\/www.greeneggtotaal.nl\/wp-content\/uploads\/2025\/06\/Green-Egg-Totaal-Logo.png","contentUrl":"https:\/\/www.greeneggtotaal.nl\/wp-content\/uploads\/2025\/06\/Green-Egg-Totaal-Logo.png","width":225,"height":95,"caption":"Green Egg Totaal"},"image":{"@id":"https:\/\/www.greeneggtotaal.nl\/nl\/#\/schema\/logo\/image\/"}}]}},"_links":{"self":[{"href":"https:\/\/www.greeneggtotaal.nl\/fr\/wp-json\/wp\/v2\/product\/44782","targetHints":{"allow":["GET"]}}],"collection":[{"href":"https:\/\/www.greeneggtotaal.nl\/fr\/wp-json\/wp\/v2\/product"}],"about":[{"href":"https:\/\/www.greeneggtotaal.nl\/fr\/wp-json\/wp\/v2\/types\/product"}],"wp:featuredmedia":[{"embeddable":true,"href":"https:\/\/www.greeneggtotaal.nl\/fr\/wp-json\/wp\/v2\/media\/44781"}],"wp:attachment":[{"href":"https:\/\/www.greeneggtotaal.nl\/fr\/wp-json\/wp\/v2\/media?parent=44782"}],"wp:term":[{"taxonomy":"product_brand","embeddable":true,"href":"https:\/\/www.greeneggtotaal.nl\/fr\/wp-json\/wp\/v2\/product_brand?post=44782"},{"taxonomy":"product_cat","embeddable":true,"href":"https:\/\/www.greeneggtotaal.nl\/fr\/wp-json\/wp\/v2\/product_cat?post=44782"},{"taxonomy":"product_tag","embeddable":true,"href":"https:\/\/www.greeneggtotaal.nl\/fr\/wp-json\/wp\/v2\/product_tag?post=44782"}],"curies":[{"name":"wp","href":"https:\/\/api.w.org\/{rel}","templated":true}]}}