{"id":47795,"date":"2025-12-15T10:30:48","date_gmt":"2025-12-15T09:30:48","guid":{"rendered":"https:\/\/www.greeneggtotaal.nl\/?post_type=product&#038;p=47795"},"modified":"2026-03-02T10:58:44","modified_gmt":"2026-03-02T09:58:44","slug":"atelier-kamado-de-base-le-22-mai","status":"publish","type":"product","link":"https:\/\/www.greeneggtotaal.nl\/fr\/product\/basis-kamado-workshop-22-mei\/","title":{"rendered":"Atelier Kamado de base, le 22 mai"},"content":{"rendered":"<p>Date : 22 mai 2026<\/p>\n<p>Heure : 17h00-20h00<\/p>\n<p>D\u00e9couvrez le monde d\u00e9licieux de la cuisine kamado lors de notre atelier exclusif dans le cadre enchanteur du Loosdrecht ! Nos portes vous sont grandes ouvertes pour vous accueillir, vous et vos invit\u00e9s, pour une exp\u00e9rience culinaire inoubliable. Dans notre magnifique showroom r\u00e9nov\u00e9, le chef Sebastiaan, expert en kamado et mieux connu sous le nom de \u00ab Grote Bourgondi\u00ebr \u00bb, vous emm\u00e8nera dans un voyage savoureux \u00e0 travers l'art de la cuisine kamado.<\/p>\n<p>&nbsp;<\/p>","protected":false},"excerpt":{"rendered":"<p>Datum: 22 mei 2026 Tijd: 17:00-20:00 Ontdek de verrukkelijke wereld van kamado koken tijdens onze exclusieve workshop in het betoverende Loosdrecht! Onze deuren staan wijd open om jou en je gezelschap te verwelkomen voor een onvergetelijke culinaire ervaring. In onze prachtig gerenoveerde showroom neemt kamado-expert Chef Sebastiaan \u2013 beter bekend als de Grote Bourgondi\u00ebr,\u00a0 je [&hellip;]<\/p>\n","protected":false},"featured_media":47796,"template":"","meta":[],"product_brand":[],"product_cat":[29],"product_tag":[],"class_list":{"0":"post-47795","1":"product","2":"type-product","3":"status-publish","4":"has-post-thumbnail","6":"product_cat-workshops","8":"first","9":"instock","10":"sale","11":"taxable","12":"shipping-taxable","13":"purchasable","14":"product-type-simple"},"yoast_head":"<!-- This site is optimized with the Yoast SEO Premium plugin v27.4 (Yoast SEO v27.4) - https:\/\/yoast.com\/product\/yoast-seo-premium-wordpress\/ -->\n<title>Basis Kamado Workshop 22 mei<\/title>\n<meta name=\"description\" content=\"Ontdek de verrukkelijke wereld van kamado koken tijdens onze exclusieve workshop in het betoverende Loosdrecht! 22 mei 2026\" \/>\n<meta name=\"robots\" content=\"index, follow, max-snippet:-1, max-image-preview:large, max-video-preview:-1\" \/>\n<link rel=\"canonical\" href=\"https:\/\/www.greeneggtotaal.nl\/fr\/product\/atelier-kamado-de-base-le-22-mai\/\" \/>\n<meta property=\"og:locale\" content=\"fr_FR\" \/>\n<meta property=\"og:type\" content=\"article\" \/>\n<meta property=\"og:title\" content=\"Basis Kamado Workshop 22 mei\" \/>\n<meta property=\"og:description\" content=\"Ontdek de verrukkelijke wereld van kamado koken tijdens onze exclusieve workshop in het betoverende Loosdrecht! 22 mei 2026\" \/>\n<meta property=\"og:url\" content=\"https:\/\/www.greeneggtotaal.nl\/fr\/product\/atelier-kamado-de-base-le-22-mai\/\" \/>\n<meta property=\"og:site_name\" content=\"GreenEggTotaal\" \/>\n<meta property=\"article:modified_time\" content=\"2026-03-02T09:58:44+00:00\" \/>\n<meta property=\"og:image\" content=\"https:\/\/www.greeneggtotaal.nl\/wp-content\/uploads\/2025\/12\/GreenEggTotaal-2025-12-15T102926.685.png\" \/>\n\t<meta property=\"og:image:width\" content=\"500\" \/>\n\t<meta property=\"og:image:height\" content=\"500\" \/>\n\t<meta property=\"og:image:type\" content=\"image\/png\" \/>\n<meta name=\"twitter:card\" content=\"summary_large_image\" \/>\n<meta name=\"twitter:label1\" content=\"Dur\u00e9e de lecture estim\u00e9e\" \/>\n\t<meta name=\"twitter:data1\" content=\"1 minute\" \/>\n<script type=\"application\/ld+json\" class=\"yoast-schema-graph\">{\"@context\":\"https:\\\/\\\/schema.org\",\"@graph\":[{\"@type\":\"WebPage\",\"@id\":\"https:\\\/\\\/www.greeneggtotaal.nl\\\/product\\\/basis-kamado-workshop-22-mei\\\/\",\"url\":\"https:\\\/\\\/www.greeneggtotaal.nl\\\/product\\\/basis-kamado-workshop-22-mei\\\/\",\"name\":\"Basis Kamado Workshop 22 mei\",\"isPartOf\":{\"@id\":\"https:\\\/\\\/www.greeneggtotaal.nl\\\/nl\\\/#website\"},\"primaryImageOfPage\":{\"@id\":\"https:\\\/\\\/www.greeneggtotaal.nl\\\/product\\\/basis-kamado-workshop-22-mei\\\/#primaryimage\"},\"image\":{\"@id\":\"https:\\\/\\\/www.greeneggtotaal.nl\\\/product\\\/basis-kamado-workshop-22-mei\\\/#primaryimage\"},\"thumbnailUrl\":\"https:\\\/\\\/www.greeneggtotaal.nl\\\/wp-content\\\/uploads\\\/2025\\\/12\\\/GreenEggTotaal-2025-12-15T102926.685.webp\",\"datePublished\":\"2025-12-15T09:30:48+00:00\",\"dateModified\":\"2026-03-02T09:58:44+00:00\",\"description\":\"Ontdek de verrukkelijke wereld van kamado koken tijdens onze exclusieve workshop in het betoverende Loosdrecht! 22 mei 2026\",\"breadcrumb\":{\"@id\":\"https:\\\/\\\/www.greeneggtotaal.nl\\\/product\\\/basis-kamado-workshop-22-mei\\\/#breadcrumb\"},\"inLanguage\":\"fr-FR\",\"potentialAction\":[{\"@type\":\"ReadAction\",\"target\":[\"https:\\\/\\\/www.greeneggtotaal.nl\\\/product\\\/basis-kamado-workshop-22-mei\\\/\"]}]},{\"@type\":\"ImageObject\",\"inLanguage\":\"fr-FR\",\"@id\":\"https:\\\/\\\/www.greeneggtotaal.nl\\\/product\\\/basis-kamado-workshop-22-mei\\\/#primaryimage\",\"url\":\"https:\\\/\\\/www.greeneggtotaal.nl\\\/wp-content\\\/uploads\\\/2025\\\/12\\\/GreenEggTotaal-2025-12-15T102926.685.webp\",\"contentUrl\":\"https:\\\/\\\/www.greeneggtotaal.nl\\\/wp-content\\\/uploads\\\/2025\\\/12\\\/GreenEggTotaal-2025-12-15T102926.685.webp\",\"width\":500,\"height\":500,\"caption\":\"Basis Kamado Workshop 22 mei\"},{\"@type\":\"BreadcrumbList\",\"@id\":\"https:\\\/\\\/www.greeneggtotaal.nl\\\/product\\\/basis-kamado-workshop-22-mei\\\/#breadcrumb\",\"itemListElement\":[{\"@type\":\"ListItem\",\"position\":1,\"name\":\"Home\",\"item\":\"https:\\\/\\\/www.greeneggtotaal.nl\\\/\"},{\"@type\":\"ListItem\",\"position\":2,\"name\":\"Shop\",\"item\":\"https:\\\/\\\/www.greeneggtotaal.nl\\\/nl\\\/shop\\\/\"},{\"@type\":\"ListItem\",\"position\":3,\"name\":\"Basis Kamado Workshop 22 mei\"}]},{\"@type\":\"WebSite\",\"@id\":\"https:\\\/\\\/www.greeneggtotaal.nl\\\/nl\\\/#website\",\"url\":\"https:\\\/\\\/www.greeneggtotaal.nl\\\/nl\\\/\",\"name\":\"greeneggtotaal.nl\",\"description\":\"D\u00e9 Big Green Egg Specialist\",\"publisher\":{\"@id\":\"https:\\\/\\\/www.greeneggtotaal.nl\\\/nl\\\/#organization\"},\"potentialAction\":[{\"@type\":\"SearchAction\",\"target\":{\"@type\":\"EntryPoint\",\"urlTemplate\":\"https:\\\/\\\/www.greeneggtotaal.nl\\\/nl\\\/?s={search_term_string}\"},\"query-input\":{\"@type\":\"PropertyValueSpecification\",\"valueRequired\":true,\"valueName\":\"search_term_string\"}}],\"inLanguage\":\"fr-FR\"},{\"@type\":\"Organization\",\"@id\":\"https:\\\/\\\/www.greeneggtotaal.nl\\\/nl\\\/#organization\",\"name\":\"Green Egg Totaal\",\"url\":\"https:\\\/\\\/www.greeneggtotaal.nl\\\/nl\\\/\",\"logo\":{\"@type\":\"ImageObject\",\"inLanguage\":\"fr-FR\",\"@id\":\"https:\\\/\\\/www.greeneggtotaal.nl\\\/nl\\\/#\\\/schema\\\/logo\\\/image\\\/\",\"url\":\"https:\\\/\\\/www.greeneggtotaal.nl\\\/wp-content\\\/uploads\\\/2025\\\/06\\\/Green-Egg-Totaal-Logo.png\",\"contentUrl\":\"https:\\\/\\\/www.greeneggtotaal.nl\\\/wp-content\\\/uploads\\\/2025\\\/06\\\/Green-Egg-Totaal-Logo.png\",\"width\":225,\"height\":95,\"caption\":\"Green Egg Totaal\"},\"image\":{\"@id\":\"https:\\\/\\\/www.greeneggtotaal.nl\\\/nl\\\/#\\\/schema\\\/logo\\\/image\\\/\"}}]}<\/script>\n<!-- \/ Yoast SEO Premium plugin. -->","yoast_head_json":{"title":"Atelier Kamado de base, le 22 mai","description":"D\u00e9couvrez le monde d\u00e9licieux de la cuisine kamado lors de notre atelier exclusif dans le cadre enchanteur du Loosdrecht ! 22 mai 2026","robots":{"index":"index","follow":"follow","max-snippet":"max-snippet:-1","max-image-preview":"max-image-preview:large","max-video-preview":"max-video-preview:-1"},"canonical":"https:\/\/www.greeneggtotaal.nl\/fr\/product\/atelier-kamado-de-base-le-22-mai\/","og_locale":"fr_FR","og_type":"article","og_title":"Basis Kamado Workshop 22 mei","og_description":"Ontdek de verrukkelijke wereld van kamado koken tijdens onze exclusieve workshop in het betoverende Loosdrecht! 22 mei 2026","og_url":"https:\/\/www.greeneggtotaal.nl\/fr\/product\/atelier-kamado-de-base-le-22-mai\/","og_site_name":"GreenEggTotaal","article_modified_time":"2026-03-02T09:58:44+00:00","og_image":[{"width":500,"height":500,"url":"https:\/\/www.greeneggtotaal.nl\/wp-content\/uploads\/2025\/12\/GreenEggTotaal-2025-12-15T102926.685.png","type":"image\/png"}],"twitter_card":"summary_large_image","twitter_misc":{"Dur\u00e9e de lecture estim\u00e9e":"1 minute"},"schema":{"@context":"https:\/\/schema.org","@graph":[{"@type":"WebPage","@id":"https:\/\/www.greeneggtotaal.nl\/product\/basis-kamado-workshop-22-mei\/","url":"https:\/\/www.greeneggtotaal.nl\/product\/basis-kamado-workshop-22-mei\/","name":"Atelier Kamado de base, le 22 mai","isPartOf":{"@id":"https:\/\/www.greeneggtotaal.nl\/nl\/#website"},"primaryImageOfPage":{"@id":"https:\/\/www.greeneggtotaal.nl\/product\/basis-kamado-workshop-22-mei\/#primaryimage"},"image":{"@id":"https:\/\/www.greeneggtotaal.nl\/product\/basis-kamado-workshop-22-mei\/#primaryimage"},"thumbnailUrl":"https:\/\/www.greeneggtotaal.nl\/wp-content\/uploads\/2025\/12\/GreenEggTotaal-2025-12-15T102926.685.webp","datePublished":"2025-12-15T09:30:48+00:00","dateModified":"2026-03-02T09:58:44+00:00","description":"D\u00e9couvrez le monde d\u00e9licieux de la cuisine kamado lors de notre atelier exclusif dans le cadre enchanteur du Loosdrecht ! 22 mai 2026","breadcrumb":{"@id":"https:\/\/www.greeneggtotaal.nl\/product\/basis-kamado-workshop-22-mei\/#breadcrumb"},"inLanguage":"fr-FR","potentialAction":[{"@type":"ReadAction","target":["https:\/\/www.greeneggtotaal.nl\/product\/basis-kamado-workshop-22-mei\/"]}]},{"@type":"ImageObject","inLanguage":"fr-FR","@id":"https:\/\/www.greeneggtotaal.nl\/product\/basis-kamado-workshop-22-mei\/#primaryimage","url":"https:\/\/www.greeneggtotaal.nl\/wp-content\/uploads\/2025\/12\/GreenEggTotaal-2025-12-15T102926.685.webp","contentUrl":"https:\/\/www.greeneggtotaal.nl\/wp-content\/uploads\/2025\/12\/GreenEggTotaal-2025-12-15T102926.685.webp","width":500,"height":500,"caption":"Basis Kamado Workshop 22 mei"},{"@type":"BreadcrumbList","@id":"https:\/\/www.greeneggtotaal.nl\/product\/basis-kamado-workshop-22-mei\/#breadcrumb","itemListElement":[{"@type":"ListItem","position":1,"name":"Home","item":"https:\/\/www.greeneggtotaal.nl\/"},{"@type":"ListItem","position":2,"name":"Shop","item":"https:\/\/www.greeneggtotaal.nl\/nl\/shop\/"},{"@type":"ListItem","position":3,"name":"Basis Kamado Workshop 22 mei"}]},{"@type":"WebSite","@id":"https:\/\/www.greeneggtotaal.nl\/nl\/#website","url":"https:\/\/www.greeneggtotaal.nl\/nl\/","name":"greeneggtotaal.nl","description":"Le sp\u00e9cialiste du Big Green Egg","publisher":{"@id":"https:\/\/www.greeneggtotaal.nl\/nl\/#organization"},"potentialAction":[{"@type":"SearchAction","target":{"@type":"EntryPoint","urlTemplate":"https:\/\/www.greeneggtotaal.nl\/nl\/?s={search_term_string}"},"query-input":{"@type":"PropertyValueSpecification","valueRequired":true,"valueName":"search_term_string"}}],"inLanguage":"fr-FR"},{"@type":"Organization","@id":"https:\/\/www.greeneggtotaal.nl\/nl\/#organization","name":"Green Egg Totaal","url":"https:\/\/www.greeneggtotaal.nl\/nl\/","logo":{"@type":"ImageObject","inLanguage":"fr-FR","@id":"https:\/\/www.greeneggtotaal.nl\/nl\/#\/schema\/logo\/image\/","url":"https:\/\/www.greeneggtotaal.nl\/wp-content\/uploads\/2025\/06\/Green-Egg-Totaal-Logo.png","contentUrl":"https:\/\/www.greeneggtotaal.nl\/wp-content\/uploads\/2025\/06\/Green-Egg-Totaal-Logo.png","width":225,"height":95,"caption":"Green Egg Totaal"},"image":{"@id":"https:\/\/www.greeneggtotaal.nl\/nl\/#\/schema\/logo\/image\/"}}]}},"_links":{"self":[{"href":"https:\/\/www.greeneggtotaal.nl\/fr\/wp-json\/wp\/v2\/product\/47795","targetHints":{"allow":["GET"]}}],"collection":[{"href":"https:\/\/www.greeneggtotaal.nl\/fr\/wp-json\/wp\/v2\/product"}],"about":[{"href":"https:\/\/www.greeneggtotaal.nl\/fr\/wp-json\/wp\/v2\/types\/product"}],"wp:featuredmedia":[{"embeddable":true,"href":"https:\/\/www.greeneggtotaal.nl\/fr\/wp-json\/wp\/v2\/media\/47796"}],"wp:attachment":[{"href":"https:\/\/www.greeneggtotaal.nl\/fr\/wp-json\/wp\/v2\/media?parent=47795"}],"wp:term":[{"taxonomy":"product_brand","embeddable":true,"href":"https:\/\/www.greeneggtotaal.nl\/fr\/wp-json\/wp\/v2\/product_brand?post=47795"},{"taxonomy":"product_cat","embeddable":true,"href":"https:\/\/www.greeneggtotaal.nl\/fr\/wp-json\/wp\/v2\/product_cat?post=47795"},{"taxonomy":"product_tag","embeddable":true,"href":"https:\/\/www.greeneggtotaal.nl\/fr\/wp-json\/wp\/v2\/product_tag?post=47795"}],"curies":[{"name":"wp","href":"https:\/\/api.w.org\/{rel}","templated":true}]}}