{"id":49434,"date":"2026-01-14T16:07:43","date_gmt":"2026-01-14T15:07:43","guid":{"rendered":"https:\/\/www.greeneggtotaal.nl\/?post_type=product&#038;p=49434"},"modified":"2026-03-17T12:40:04","modified_gmt":"2026-03-17T11:40:04","slug":"lavatools-pt18-thermometre-digital","status":"publish","type":"product","link":"https:\/\/www.greeneggtotaal.nl\/fr\/product\/lavatools-pt18-digitale-thermometer\/","title":{"rendered":"Lavatools PT18 Thermom\u00e8tre num\u00e9rique"},"content":{"rendered":"<p>Le Lavatools PT18 est un thermom\u00e8tre num\u00e9rique rapide et fiable pour la cuisine et le barbecue. Il mesure la temp\u00e9rature en quelques secondes, pour que vous n'ayez plus \u00e0 deviner si votre viande est cuite. Le stylo en acier inoxydable est robuste, tranchant et facile \u00e0 nettoyer. L'\u00e9cran pivote automatiquement, de sorte que vous pouvez toujours lire la temp\u00e9rature clairement, m\u00eame dans l'obscurit\u00e9.<\/p>\n<p>Ce thermom\u00e8tre est con\u00e7u pour une utilisation quotidienne dans la cuisine, la restauration ou le barbecue. Il est robuste, r\u00e9agit rapidement et donne des mesures pr\u00e9cises. Id\u00e9al pour la viande, le poisson, le pain, les sauces et bien plus encore.<\/p>","protected":false},"excerpt":{"rendered":"<p>De Lavatools PT18 is een snelle en betrouwbare digitale thermometer voor koken en BBQ. Hij meet de temperatuur in een paar seconden, zodat je nooit hoeft te raden of je vlees gaar is. De roestvrijstalen pen is stevig, scherp en makkelijk schoon te maken. Het scherm draait automatisch mee, waardoor je de temperatuur altijd goed [&hellip;]<\/p>\n","protected":false},"featured_media":49435,"template":"","meta":[],"product_brand":[],"product_cat":[216],"product_tag":[],"class_list":{"0":"post-49434","1":"product","2":"type-product","3":"status-publish","4":"has-post-thumbnail","6":"product_cat-outlet","8":"first","9":"instock","10":"sale","11":"taxable","12":"shipping-taxable","13":"purchasable","14":"product-type-simple"},"yoast_head":"<!-- This site is optimized with the Yoast SEO Premium plugin v27.4 (Yoast SEO v27.4) - https:\/\/yoast.com\/product\/yoast-seo-premium-wordpress\/ -->\n<title>Lavatools PT18 Digitale Thermometer<\/title>\n<meta name=\"description\" content=\"Lavatools PT18 thermometer voor BBQ en keuken. Nauwkeurig, stevig en eenvoudig te gebruiken voor perfecte kerntemperaturen bij vlees, vis en gerechten.\" \/>\n<meta name=\"robots\" content=\"index, follow, max-snippet:-1, max-image-preview:large, max-video-preview:-1\" \/>\n<link rel=\"canonical\" href=\"https:\/\/www.greeneggtotaal.nl\/fr\/product\/lavatools-pt18-thermometre-digital\/\" \/>\n<meta property=\"og:locale\" content=\"fr_FR\" \/>\n<meta property=\"og:type\" content=\"article\" \/>\n<meta property=\"og:title\" content=\"Lavatools PT18 Digitale Thermometer\" \/>\n<meta property=\"og:description\" content=\"Lavatools PT18 thermometer voor BBQ en keuken. Nauwkeurig, stevig en eenvoudig te gebruiken voor perfecte kerntemperaturen bij vlees, vis en gerechten.\" \/>\n<meta property=\"og:url\" content=\"https:\/\/www.greeneggtotaal.nl\/fr\/product\/lavatools-pt18-thermometre-digital\/\" \/>\n<meta property=\"og:site_name\" content=\"GreenEggTotaal\" \/>\n<meta property=\"article:modified_time\" content=\"2026-03-17T11:40:04+00:00\" \/>\n<meta property=\"og:image\" content=\"https:\/\/www.greeneggtotaal.nl\/wp-content\/uploads\/2026\/01\/GreenEggTotaal_-_2026-01-14T160633.335-removebg-preview.png\" \/>\n\t<meta property=\"og:image:width\" content=\"500\" \/>\n\t<meta property=\"og:image:height\" content=\"500\" \/>\n\t<meta property=\"og:image:type\" content=\"image\/png\" \/>\n<meta name=\"twitter:card\" content=\"summary_large_image\" \/>\n<meta name=\"twitter:label1\" content=\"Dur\u00e9e de lecture estim\u00e9e\" \/>\n\t<meta name=\"twitter:data1\" content=\"1 minute\" \/>\n<script type=\"application\/ld+json\" class=\"yoast-schema-graph\">{\"@context\":\"https:\\\/\\\/schema.org\",\"@graph\":[{\"@type\":\"WebPage\",\"@id\":\"https:\\\/\\\/www.greeneggtotaal.nl\\\/product\\\/lavatools-pt18-digitale-thermometer\\\/\",\"url\":\"https:\\\/\\\/www.greeneggtotaal.nl\\\/product\\\/lavatools-pt18-digitale-thermometer\\\/\",\"name\":\"Lavatools PT18 Digitale Thermometer\",\"isPartOf\":{\"@id\":\"https:\\\/\\\/www.greeneggtotaal.nl\\\/nl\\\/#website\"},\"primaryImageOfPage\":{\"@id\":\"https:\\\/\\\/www.greeneggtotaal.nl\\\/product\\\/lavatools-pt18-digitale-thermometer\\\/#primaryimage\"},\"image\":{\"@id\":\"https:\\\/\\\/www.greeneggtotaal.nl\\\/product\\\/lavatools-pt18-digitale-thermometer\\\/#primaryimage\"},\"thumbnailUrl\":\"https:\\\/\\\/www.greeneggtotaal.nl\\\/wp-content\\\/uploads\\\/2026\\\/01\\\/GreenEggTotaal_-_2026-01-14T160633.335-removebg-preview.webp\",\"datePublished\":\"2026-01-14T15:07:43+00:00\",\"dateModified\":\"2026-03-17T11:40:04+00:00\",\"description\":\"Lavatools PT18 thermometer voor BBQ en keuken. Nauwkeurig, stevig en eenvoudig te gebruiken voor perfecte kerntemperaturen bij vlees, vis en gerechten.\",\"breadcrumb\":{\"@id\":\"https:\\\/\\\/www.greeneggtotaal.nl\\\/product\\\/lavatools-pt18-digitale-thermometer\\\/#breadcrumb\"},\"inLanguage\":\"fr-FR\",\"potentialAction\":[{\"@type\":\"ReadAction\",\"target\":[\"https:\\\/\\\/www.greeneggtotaal.nl\\\/product\\\/lavatools-pt18-digitale-thermometer\\\/\"]}]},{\"@type\":\"ImageObject\",\"inLanguage\":\"fr-FR\",\"@id\":\"https:\\\/\\\/www.greeneggtotaal.nl\\\/product\\\/lavatools-pt18-digitale-thermometer\\\/#primaryimage\",\"url\":\"https:\\\/\\\/www.greeneggtotaal.nl\\\/wp-content\\\/uploads\\\/2026\\\/01\\\/GreenEggTotaal_-_2026-01-14T160633.335-removebg-preview.webp\",\"contentUrl\":\"https:\\\/\\\/www.greeneggtotaal.nl\\\/wp-content\\\/uploads\\\/2026\\\/01\\\/GreenEggTotaal_-_2026-01-14T160633.335-removebg-preview.webp\",\"width\":500,\"height\":500,\"caption\":\"Lavatools PT18 Digitale Thermometer\"},{\"@type\":\"BreadcrumbList\",\"@id\":\"https:\\\/\\\/www.greeneggtotaal.nl\\\/product\\\/lavatools-pt18-digitale-thermometer\\\/#breadcrumb\",\"itemListElement\":[{\"@type\":\"ListItem\",\"position\":1,\"name\":\"Home\",\"item\":\"https:\\\/\\\/www.greeneggtotaal.nl\\\/\"},{\"@type\":\"ListItem\",\"position\":2,\"name\":\"Shop\",\"item\":\"https:\\\/\\\/www.greeneggtotaal.nl\\\/nl\\\/shop\\\/\"},{\"@type\":\"ListItem\",\"position\":3,\"name\":\"Lavatools PT18 Digitale Thermometer\"}]},{\"@type\":\"WebSite\",\"@id\":\"https:\\\/\\\/www.greeneggtotaal.nl\\\/nl\\\/#website\",\"url\":\"https:\\\/\\\/www.greeneggtotaal.nl\\\/nl\\\/\",\"name\":\"greeneggtotaal.nl\",\"description\":\"D\u00e9 Big Green Egg Specialist\",\"publisher\":{\"@id\":\"https:\\\/\\\/www.greeneggtotaal.nl\\\/nl\\\/#organization\"},\"potentialAction\":[{\"@type\":\"SearchAction\",\"target\":{\"@type\":\"EntryPoint\",\"urlTemplate\":\"https:\\\/\\\/www.greeneggtotaal.nl\\\/nl\\\/?s={search_term_string}\"},\"query-input\":{\"@type\":\"PropertyValueSpecification\",\"valueRequired\":true,\"valueName\":\"search_term_string\"}}],\"inLanguage\":\"fr-FR\"},{\"@type\":\"Organization\",\"@id\":\"https:\\\/\\\/www.greeneggtotaal.nl\\\/nl\\\/#organization\",\"name\":\"Green Egg Totaal\",\"url\":\"https:\\\/\\\/www.greeneggtotaal.nl\\\/nl\\\/\",\"logo\":{\"@type\":\"ImageObject\",\"inLanguage\":\"fr-FR\",\"@id\":\"https:\\\/\\\/www.greeneggtotaal.nl\\\/nl\\\/#\\\/schema\\\/logo\\\/image\\\/\",\"url\":\"https:\\\/\\\/www.greeneggtotaal.nl\\\/wp-content\\\/uploads\\\/2025\\\/06\\\/Green-Egg-Totaal-Logo.png\",\"contentUrl\":\"https:\\\/\\\/www.greeneggtotaal.nl\\\/wp-content\\\/uploads\\\/2025\\\/06\\\/Green-Egg-Totaal-Logo.png\",\"width\":225,\"height\":95,\"caption\":\"Green Egg Totaal\"},\"image\":{\"@id\":\"https:\\\/\\\/www.greeneggtotaal.nl\\\/nl\\\/#\\\/schema\\\/logo\\\/image\\\/\"}}]}<\/script>\n<!-- \/ Yoast SEO Premium plugin. -->","yoast_head_json":{"title":"Lavatools PT18 Thermom\u00e8tre num\u00e9rique","description":"Thermom\u00e8tre Lavatools PT18 pour le barbecue et la cuisine. Pr\u00e9cis, robuste et facile \u00e0 utiliser, il permet d'obtenir des temp\u00e9ratures \u00e0 c\u0153ur parfaites pour la viande, le poisson et les plats.","robots":{"index":"index","follow":"follow","max-snippet":"max-snippet:-1","max-image-preview":"max-image-preview:large","max-video-preview":"max-video-preview:-1"},"canonical":"https:\/\/www.greeneggtotaal.nl\/fr\/product\/lavatools-pt18-thermometre-digital\/","og_locale":"fr_FR","og_type":"article","og_title":"Lavatools PT18 Digitale Thermometer","og_description":"Lavatools PT18 thermometer voor BBQ en keuken. Nauwkeurig, stevig en eenvoudig te gebruiken voor perfecte kerntemperaturen bij vlees, vis en gerechten.","og_url":"https:\/\/www.greeneggtotaal.nl\/fr\/product\/lavatools-pt18-thermometre-digital\/","og_site_name":"GreenEggTotaal","article_modified_time":"2026-03-17T11:40:04+00:00","og_image":[{"width":500,"height":500,"url":"https:\/\/www.greeneggtotaal.nl\/wp-content\/uploads\/2026\/01\/GreenEggTotaal_-_2026-01-14T160633.335-removebg-preview.png","type":"image\/png"}],"twitter_card":"summary_large_image","twitter_misc":{"Dur\u00e9e de lecture estim\u00e9e":"1 minute"},"schema":{"@context":"https:\/\/schema.org","@graph":[{"@type":"WebPage","@id":"https:\/\/www.greeneggtotaal.nl\/product\/lavatools-pt18-digitale-thermometer\/","url":"https:\/\/www.greeneggtotaal.nl\/product\/lavatools-pt18-digitale-thermometer\/","name":"Lavatools PT18 Thermom\u00e8tre num\u00e9rique","isPartOf":{"@id":"https:\/\/www.greeneggtotaal.nl\/nl\/#website"},"primaryImageOfPage":{"@id":"https:\/\/www.greeneggtotaal.nl\/product\/lavatools-pt18-digitale-thermometer\/#primaryimage"},"image":{"@id":"https:\/\/www.greeneggtotaal.nl\/product\/lavatools-pt18-digitale-thermometer\/#primaryimage"},"thumbnailUrl":"https:\/\/www.greeneggtotaal.nl\/wp-content\/uploads\/2026\/01\/GreenEggTotaal_-_2026-01-14T160633.335-removebg-preview.webp","datePublished":"2026-01-14T15:07:43+00:00","dateModified":"2026-03-17T11:40:04+00:00","description":"Thermom\u00e8tre Lavatools PT18 pour le barbecue et la cuisine. Pr\u00e9cis, robuste et facile \u00e0 utiliser, il permet d'obtenir des temp\u00e9ratures \u00e0 c\u0153ur parfaites pour la viande, le poisson et les plats.","breadcrumb":{"@id":"https:\/\/www.greeneggtotaal.nl\/product\/lavatools-pt18-digitale-thermometer\/#breadcrumb"},"inLanguage":"fr-FR","potentialAction":[{"@type":"ReadAction","target":["https:\/\/www.greeneggtotaal.nl\/product\/lavatools-pt18-digitale-thermometer\/"]}]},{"@type":"ImageObject","inLanguage":"fr-FR","@id":"https:\/\/www.greeneggtotaal.nl\/product\/lavatools-pt18-digitale-thermometer\/#primaryimage","url":"https:\/\/www.greeneggtotaal.nl\/wp-content\/uploads\/2026\/01\/GreenEggTotaal_-_2026-01-14T160633.335-removebg-preview.webp","contentUrl":"https:\/\/www.greeneggtotaal.nl\/wp-content\/uploads\/2026\/01\/GreenEggTotaal_-_2026-01-14T160633.335-removebg-preview.webp","width":500,"height":500,"caption":"Lavatools PT18 Digitale Thermometer"},{"@type":"BreadcrumbList","@id":"https:\/\/www.greeneggtotaal.nl\/product\/lavatools-pt18-digitale-thermometer\/#breadcrumb","itemListElement":[{"@type":"ListItem","position":1,"name":"Home","item":"https:\/\/www.greeneggtotaal.nl\/"},{"@type":"ListItem","position":2,"name":"Shop","item":"https:\/\/www.greeneggtotaal.nl\/nl\/shop\/"},{"@type":"ListItem","position":3,"name":"Lavatools PT18 Digitale Thermometer"}]},{"@type":"WebSite","@id":"https:\/\/www.greeneggtotaal.nl\/nl\/#website","url":"https:\/\/www.greeneggtotaal.nl\/nl\/","name":"greeneggtotaal.nl","description":"Le sp\u00e9cialiste du Big Green Egg","publisher":{"@id":"https:\/\/www.greeneggtotaal.nl\/nl\/#organization"},"potentialAction":[{"@type":"SearchAction","target":{"@type":"EntryPoint","urlTemplate":"https:\/\/www.greeneggtotaal.nl\/nl\/?s={search_term_string}"},"query-input":{"@type":"PropertyValueSpecification","valueRequired":true,"valueName":"search_term_string"}}],"inLanguage":"fr-FR"},{"@type":"Organization","@id":"https:\/\/www.greeneggtotaal.nl\/nl\/#organization","name":"Green Egg Totaal","url":"https:\/\/www.greeneggtotaal.nl\/nl\/","logo":{"@type":"ImageObject","inLanguage":"fr-FR","@id":"https:\/\/www.greeneggtotaal.nl\/nl\/#\/schema\/logo\/image\/","url":"https:\/\/www.greeneggtotaal.nl\/wp-content\/uploads\/2025\/06\/Green-Egg-Totaal-Logo.png","contentUrl":"https:\/\/www.greeneggtotaal.nl\/wp-content\/uploads\/2025\/06\/Green-Egg-Totaal-Logo.png","width":225,"height":95,"caption":"Green Egg Totaal"},"image":{"@id":"https:\/\/www.greeneggtotaal.nl\/nl\/#\/schema\/logo\/image\/"}}]}},"_links":{"self":[{"href":"https:\/\/www.greeneggtotaal.nl\/fr\/wp-json\/wp\/v2\/product\/49434","targetHints":{"allow":["GET"]}}],"collection":[{"href":"https:\/\/www.greeneggtotaal.nl\/fr\/wp-json\/wp\/v2\/product"}],"about":[{"href":"https:\/\/www.greeneggtotaal.nl\/fr\/wp-json\/wp\/v2\/types\/product"}],"wp:featuredmedia":[{"embeddable":true,"href":"https:\/\/www.greeneggtotaal.nl\/fr\/wp-json\/wp\/v2\/media\/49435"}],"wp:attachment":[{"href":"https:\/\/www.greeneggtotaal.nl\/fr\/wp-json\/wp\/v2\/media?parent=49434"}],"wp:term":[{"taxonomy":"product_brand","embeddable":true,"href":"https:\/\/www.greeneggtotaal.nl\/fr\/wp-json\/wp\/v2\/product_brand?post=49434"},{"taxonomy":"product_cat","embeddable":true,"href":"https:\/\/www.greeneggtotaal.nl\/fr\/wp-json\/wp\/v2\/product_cat?post=49434"},{"taxonomy":"product_tag","embeddable":true,"href":"https:\/\/www.greeneggtotaal.nl\/fr\/wp-json\/wp\/v2\/product_tag?post=49434"}],"curies":[{"name":"wp","href":"https:\/\/api.w.org\/{rel}","templated":true}]}}