{"id":49689,"date":"2026-01-22T13:45:29","date_gmt":"2026-01-22T12:45:29","guid":{"rendered":"https:\/\/www.greeneggtotaal.nl\/?post_type=product&#038;p=49689"},"modified":"2026-04-07T10:04:21","modified_gmt":"2026-04-07T08:04:21","slug":"moteur-de-rotisserie-ofyr","status":"publish","type":"product","link":"https:\/\/www.greeneggtotaal.nl\/fr\/product\/ofyr-rotisserie-motor\/","title":{"rendered":"Moteur de r\u00f4tisserie OFYR"},"content":{"rendered":"<p>Le moteur de r\u00f4tissoire OFYR est un accessoire indispensable pour ceux qui veulent passer \u00e0 la vitesse sup\u00e9rieure en mati\u00e8re de cuisine. Ce moteur vous permet de r\u00f4tir vos aliments de mani\u00e8re parfaitement uniforme, leur donnant ainsi une saveur d\u00e9licieuse. Le moteur est fabriqu\u00e9 en acier inoxydable durable et est tr\u00e8s puissant, ce qui permet de retourner les plus gros morceaux de viande en un clin d'\u0153il. Il est \u00e9galement facile \u00e0 utiliser et \u00e0 installer, ce qui vous permet de d\u00e9marrer rapidement. En r\u00e9sum\u00e9, si vous cherchez un moyen d'am\u00e9liorer votre exp\u00e9rience de la cuisine en plein air, le moteur de r\u00f4tissoire OFYR est un accessoire indispensable.<\/p>","protected":false},"excerpt":{"rendered":"<p>De OFYR Rotisserie Motor is een onmisbare accessoire voor degenen die hun kookkunsten naar een hoger niveau willen tillen. Met deze motor kunt u uw eten perfect gelijkmatig roosteren, waardoor het een heerlijke smaak krijgt. De motor is gemaakt van duurzaam roestvrij staal en is zeer krachtig, waardoor het draaien van zelfs de grootste stukken [&hellip;]<\/p>\n","protected":false},"featured_media":49690,"template":"","meta":[],"product_brand":[],"product_cat":[127],"product_tag":[],"class_list":{"0":"post-49689","1":"product","2":"type-product","3":"status-publish","4":"has-post-thumbnail","6":"product_cat-ofyr-accessoires","8":"first","9":"instock","10":"sale","11":"taxable","12":"shipping-taxable","13":"purchasable","14":"product-type-simple"},"yoast_head":"<!-- This site is optimized with the Yoast SEO Premium plugin v27.4 (Yoast SEO v27.4) - https:\/\/yoast.com\/product\/yoast-seo-premium-wordpress\/ -->\n<title>OFYR Rotisserie Motor<\/title>\n<meta name=\"description\" content=\"OFYR Rotisserie Motor voor gelijkmatig garen op het spit. Elektrisch, krachtig en duurzaam. Perfect voor kip, rollade en vlees boven open vuur.\" \/>\n<meta name=\"robots\" content=\"index, follow, max-snippet:-1, max-image-preview:large, max-video-preview:-1\" \/>\n<link rel=\"canonical\" href=\"https:\/\/www.greeneggtotaal.nl\/fr\/product\/moteur-de-rotisserie-ofyr\/\" \/>\n<meta property=\"og:locale\" content=\"fr_FR\" \/>\n<meta property=\"og:type\" content=\"article\" \/>\n<meta property=\"og:title\" content=\"OFYR Rotisserie Motor\" \/>\n<meta property=\"og:description\" content=\"OFYR Rotisserie Motor voor gelijkmatig garen op het spit. Elektrisch, krachtig en duurzaam. Perfect voor kip, rollade en vlees boven open vuur.\" \/>\n<meta property=\"og:url\" content=\"https:\/\/www.greeneggtotaal.nl\/fr\/product\/moteur-de-rotisserie-ofyr\/\" \/>\n<meta property=\"og:site_name\" content=\"GreenEggTotaal\" \/>\n<meta property=\"article:modified_time\" content=\"2026-04-07T08:04:21+00:00\" \/>\n<meta property=\"og:image\" content=\"https:\/\/www.greeneggtotaal.nl\/wp-content\/uploads\/2026\/01\/GreenEggTotaal_-_2026-01-22T134447.519-removebg-preview.png\" \/>\n\t<meta property=\"og:image:width\" content=\"500\" \/>\n\t<meta property=\"og:image:height\" content=\"500\" \/>\n\t<meta property=\"og:image:type\" content=\"image\/png\" \/>\n<meta name=\"twitter:card\" content=\"summary_large_image\" \/>\n<meta name=\"twitter:label1\" content=\"Dur\u00e9e de lecture estim\u00e9e\" \/>\n\t<meta name=\"twitter:data1\" content=\"1 minute\" \/>\n<script type=\"application\/ld+json\" class=\"yoast-schema-graph\">{\"@context\":\"https:\\\/\\\/schema.org\",\"@graph\":[{\"@type\":\"WebPage\",\"@id\":\"https:\\\/\\\/www.greeneggtotaal.nl\\\/product\\\/ofyr-rotisserie-motor\\\/\",\"url\":\"https:\\\/\\\/www.greeneggtotaal.nl\\\/product\\\/ofyr-rotisserie-motor\\\/\",\"name\":\"OFYR Rotisserie Motor\",\"isPartOf\":{\"@id\":\"https:\\\/\\\/www.greeneggtotaal.nl\\\/nl\\\/#website\"},\"primaryImageOfPage\":{\"@id\":\"https:\\\/\\\/www.greeneggtotaal.nl\\\/product\\\/ofyr-rotisserie-motor\\\/#primaryimage\"},\"image\":{\"@id\":\"https:\\\/\\\/www.greeneggtotaal.nl\\\/product\\\/ofyr-rotisserie-motor\\\/#primaryimage\"},\"thumbnailUrl\":\"https:\\\/\\\/www.greeneggtotaal.nl\\\/wp-content\\\/uploads\\\/2026\\\/01\\\/GreenEggTotaal_-_2026-01-22T134447.519-removebg-preview.webp\",\"datePublished\":\"2026-01-22T12:45:29+00:00\",\"dateModified\":\"2026-04-07T08:04:21+00:00\",\"description\":\"OFYR Rotisserie Motor voor gelijkmatig garen op het spit. Elektrisch, krachtig en duurzaam. Perfect voor kip, rollade en vlees boven open vuur.\",\"breadcrumb\":{\"@id\":\"https:\\\/\\\/www.greeneggtotaal.nl\\\/product\\\/ofyr-rotisserie-motor\\\/#breadcrumb\"},\"inLanguage\":\"fr-FR\",\"potentialAction\":[{\"@type\":\"ReadAction\",\"target\":[\"https:\\\/\\\/www.greeneggtotaal.nl\\\/product\\\/ofyr-rotisserie-motor\\\/\"]}]},{\"@type\":\"ImageObject\",\"inLanguage\":\"fr-FR\",\"@id\":\"https:\\\/\\\/www.greeneggtotaal.nl\\\/product\\\/ofyr-rotisserie-motor\\\/#primaryimage\",\"url\":\"https:\\\/\\\/www.greeneggtotaal.nl\\\/wp-content\\\/uploads\\\/2026\\\/01\\\/GreenEggTotaal_-_2026-01-22T134447.519-removebg-preview.webp\",\"contentUrl\":\"https:\\\/\\\/www.greeneggtotaal.nl\\\/wp-content\\\/uploads\\\/2026\\\/01\\\/GreenEggTotaal_-_2026-01-22T134447.519-removebg-preview.webp\",\"width\":500,\"height\":500,\"caption\":\"OFYR Rotisserie Motor\"},{\"@type\":\"BreadcrumbList\",\"@id\":\"https:\\\/\\\/www.greeneggtotaal.nl\\\/product\\\/ofyr-rotisserie-motor\\\/#breadcrumb\",\"itemListElement\":[{\"@type\":\"ListItem\",\"position\":1,\"name\":\"Home\",\"item\":\"https:\\\/\\\/www.greeneggtotaal.nl\\\/\"},{\"@type\":\"ListItem\",\"position\":2,\"name\":\"Shop\",\"item\":\"https:\\\/\\\/www.greeneggtotaal.nl\\\/nl\\\/shop\\\/\"},{\"@type\":\"ListItem\",\"position\":3,\"name\":\"OFYR Rotisserie Motor\"}]},{\"@type\":\"WebSite\",\"@id\":\"https:\\\/\\\/www.greeneggtotaal.nl\\\/nl\\\/#website\",\"url\":\"https:\\\/\\\/www.greeneggtotaal.nl\\\/nl\\\/\",\"name\":\"greeneggtotaal.nl\",\"description\":\"D\u00e9 Big Green Egg Specialist\",\"publisher\":{\"@id\":\"https:\\\/\\\/www.greeneggtotaal.nl\\\/nl\\\/#organization\"},\"potentialAction\":[{\"@type\":\"SearchAction\",\"target\":{\"@type\":\"EntryPoint\",\"urlTemplate\":\"https:\\\/\\\/www.greeneggtotaal.nl\\\/nl\\\/?s={search_term_string}\"},\"query-input\":{\"@type\":\"PropertyValueSpecification\",\"valueRequired\":true,\"valueName\":\"search_term_string\"}}],\"inLanguage\":\"fr-FR\"},{\"@type\":\"Organization\",\"@id\":\"https:\\\/\\\/www.greeneggtotaal.nl\\\/nl\\\/#organization\",\"name\":\"Green Egg Totaal\",\"url\":\"https:\\\/\\\/www.greeneggtotaal.nl\\\/nl\\\/\",\"logo\":{\"@type\":\"ImageObject\",\"inLanguage\":\"fr-FR\",\"@id\":\"https:\\\/\\\/www.greeneggtotaal.nl\\\/nl\\\/#\\\/schema\\\/logo\\\/image\\\/\",\"url\":\"https:\\\/\\\/www.greeneggtotaal.nl\\\/wp-content\\\/uploads\\\/2025\\\/06\\\/Green-Egg-Totaal-Logo.png\",\"contentUrl\":\"https:\\\/\\\/www.greeneggtotaal.nl\\\/wp-content\\\/uploads\\\/2025\\\/06\\\/Green-Egg-Totaal-Logo.png\",\"width\":225,\"height\":95,\"caption\":\"Green Egg Totaal\"},\"image\":{\"@id\":\"https:\\\/\\\/www.greeneggtotaal.nl\\\/nl\\\/#\\\/schema\\\/logo\\\/image\\\/\"}}]}<\/script>\n<!-- \/ Yoast SEO Premium plugin. -->","yoast_head_json":{"title":"Moteur de r\u00f4tisserie OFYR","description":"Moteur de r\u00f4tisserie OFYR pour une cuisson uniforme sur la broche. \u00c9lectrique, puissant et durable. Parfait pour le poulet, le r\u00f4ti et la viande sur un feu ouvert.","robots":{"index":"index","follow":"follow","max-snippet":"max-snippet:-1","max-image-preview":"max-image-preview:large","max-video-preview":"max-video-preview:-1"},"canonical":"https:\/\/www.greeneggtotaal.nl\/fr\/product\/moteur-de-rotisserie-ofyr\/","og_locale":"fr_FR","og_type":"article","og_title":"OFYR Rotisserie Motor","og_description":"OFYR Rotisserie Motor voor gelijkmatig garen op het spit. Elektrisch, krachtig en duurzaam. Perfect voor kip, rollade en vlees boven open vuur.","og_url":"https:\/\/www.greeneggtotaal.nl\/fr\/product\/moteur-de-rotisserie-ofyr\/","og_site_name":"GreenEggTotaal","article_modified_time":"2026-04-07T08:04:21+00:00","og_image":[{"width":500,"height":500,"url":"https:\/\/www.greeneggtotaal.nl\/wp-content\/uploads\/2026\/01\/GreenEggTotaal_-_2026-01-22T134447.519-removebg-preview.png","type":"image\/png"}],"twitter_card":"summary_large_image","twitter_misc":{"Dur\u00e9e de lecture estim\u00e9e":"1 minute"},"schema":{"@context":"https:\/\/schema.org","@graph":[{"@type":"WebPage","@id":"https:\/\/www.greeneggtotaal.nl\/product\/ofyr-rotisserie-motor\/","url":"https:\/\/www.greeneggtotaal.nl\/product\/ofyr-rotisserie-motor\/","name":"Moteur de r\u00f4tisserie OFYR","isPartOf":{"@id":"https:\/\/www.greeneggtotaal.nl\/nl\/#website"},"primaryImageOfPage":{"@id":"https:\/\/www.greeneggtotaal.nl\/product\/ofyr-rotisserie-motor\/#primaryimage"},"image":{"@id":"https:\/\/www.greeneggtotaal.nl\/product\/ofyr-rotisserie-motor\/#primaryimage"},"thumbnailUrl":"https:\/\/www.greeneggtotaal.nl\/wp-content\/uploads\/2026\/01\/GreenEggTotaal_-_2026-01-22T134447.519-removebg-preview.webp","datePublished":"2026-01-22T12:45:29+00:00","dateModified":"2026-04-07T08:04:21+00:00","description":"Moteur de r\u00f4tisserie OFYR pour une cuisson uniforme sur la broche. \u00c9lectrique, puissant et durable. Parfait pour le poulet, le r\u00f4ti et la viande sur un feu ouvert.","breadcrumb":{"@id":"https:\/\/www.greeneggtotaal.nl\/product\/ofyr-rotisserie-motor\/#breadcrumb"},"inLanguage":"fr-FR","potentialAction":[{"@type":"ReadAction","target":["https:\/\/www.greeneggtotaal.nl\/product\/ofyr-rotisserie-motor\/"]}]},{"@type":"ImageObject","inLanguage":"fr-FR","@id":"https:\/\/www.greeneggtotaal.nl\/product\/ofyr-rotisserie-motor\/#primaryimage","url":"https:\/\/www.greeneggtotaal.nl\/wp-content\/uploads\/2026\/01\/GreenEggTotaal_-_2026-01-22T134447.519-removebg-preview.webp","contentUrl":"https:\/\/www.greeneggtotaal.nl\/wp-content\/uploads\/2026\/01\/GreenEggTotaal_-_2026-01-22T134447.519-removebg-preview.webp","width":500,"height":500,"caption":"OFYR Rotisserie Motor"},{"@type":"BreadcrumbList","@id":"https:\/\/www.greeneggtotaal.nl\/product\/ofyr-rotisserie-motor\/#breadcrumb","itemListElement":[{"@type":"ListItem","position":1,"name":"Home","item":"https:\/\/www.greeneggtotaal.nl\/"},{"@type":"ListItem","position":2,"name":"Shop","item":"https:\/\/www.greeneggtotaal.nl\/nl\/shop\/"},{"@type":"ListItem","position":3,"name":"OFYR Rotisserie Motor"}]},{"@type":"WebSite","@id":"https:\/\/www.greeneggtotaal.nl\/nl\/#website","url":"https:\/\/www.greeneggtotaal.nl\/nl\/","name":"greeneggtotaal.nl","description":"Le sp\u00e9cialiste du Big Green Egg","publisher":{"@id":"https:\/\/www.greeneggtotaal.nl\/nl\/#organization"},"potentialAction":[{"@type":"SearchAction","target":{"@type":"EntryPoint","urlTemplate":"https:\/\/www.greeneggtotaal.nl\/nl\/?s={search_term_string}"},"query-input":{"@type":"PropertyValueSpecification","valueRequired":true,"valueName":"search_term_string"}}],"inLanguage":"fr-FR"},{"@type":"Organization","@id":"https:\/\/www.greeneggtotaal.nl\/nl\/#organization","name":"Green Egg Totaal","url":"https:\/\/www.greeneggtotaal.nl\/nl\/","logo":{"@type":"ImageObject","inLanguage":"fr-FR","@id":"https:\/\/www.greeneggtotaal.nl\/nl\/#\/schema\/logo\/image\/","url":"https:\/\/www.greeneggtotaal.nl\/wp-content\/uploads\/2025\/06\/Green-Egg-Totaal-Logo.png","contentUrl":"https:\/\/www.greeneggtotaal.nl\/wp-content\/uploads\/2025\/06\/Green-Egg-Totaal-Logo.png","width":225,"height":95,"caption":"Green Egg Totaal"},"image":{"@id":"https:\/\/www.greeneggtotaal.nl\/nl\/#\/schema\/logo\/image\/"}}]}},"_links":{"self":[{"href":"https:\/\/www.greeneggtotaal.nl\/fr\/wp-json\/wp\/v2\/product\/49689","targetHints":{"allow":["GET"]}}],"collection":[{"href":"https:\/\/www.greeneggtotaal.nl\/fr\/wp-json\/wp\/v2\/product"}],"about":[{"href":"https:\/\/www.greeneggtotaal.nl\/fr\/wp-json\/wp\/v2\/types\/product"}],"wp:featuredmedia":[{"embeddable":true,"href":"https:\/\/www.greeneggtotaal.nl\/fr\/wp-json\/wp\/v2\/media\/49690"}],"wp:attachment":[{"href":"https:\/\/www.greeneggtotaal.nl\/fr\/wp-json\/wp\/v2\/media?parent=49689"}],"wp:term":[{"taxonomy":"product_brand","embeddable":true,"href":"https:\/\/www.greeneggtotaal.nl\/fr\/wp-json\/wp\/v2\/product_brand?post=49689"},{"taxonomy":"product_cat","embeddable":true,"href":"https:\/\/www.greeneggtotaal.nl\/fr\/wp-json\/wp\/v2\/product_cat?post=49689"},{"taxonomy":"product_tag","embeddable":true,"href":"https:\/\/www.greeneggtotaal.nl\/fr\/wp-json\/wp\/v2\/product_tag?post=49689"}],"curies":[{"name":"wp","href":"https:\/\/api.w.org\/{rel}","templated":true}]}}