{"id":49918,"date":"2026-02-02T14:55:29","date_gmt":"2026-02-02T13:55:29","guid":{"rendered":"https:\/\/www.greeneggtotaal.nl\/?post_type=product&#038;p=49918"},"modified":"2026-03-04T14:30:22","modified_gmt":"2026-03-04T13:30:22","slug":"6x-huile-de-colza-suedoise-rapsodi","status":"publish","type":"product","link":"https:\/\/www.greeneggtotaal.nl\/fr\/product\/6x-rapsodi-zweedse-koolzaadolie\/","title":{"rendered":"6x huile de colza Rapsodi BBQ"},"content":{"rendered":"<p>L'huile de cuisson Rapsodi associe la saveur pleine et cr\u00e9meuse du beurre nourri \u00e0 l'herbe aux avantages d'une huile v\u00e9g\u00e9tale de haute qualit\u00e9. Enti\u00e8rement v\u00e9g\u00e9talienne, elle conserve la saveur reconnaissable du beurre, qui donne de la profondeur aux plats. Id\u00e9ale pour ceux qui veulent un maximum de saveur sans faire de compromis sur les valeurs nutritionnelles ou les performances en cuisine.<\/p>\n<p>Cette huile de cuisson est sans lactose, sans produits laitiers, sans gluten et sans sel. En outre, Rapsodi contient 0 hydrate de carbone et convient parfaitement \u00e0 une utilisation dans le cadre de divers r\u00e9gimes alimentaires. Gr\u00e2ce \u00e0 son point de fum\u00e9e \u00e9lev\u00e9 (jusqu'\u00e0 210 \u00b0C), l'huile convient pour frire, r\u00f4tir, griller et enrichir les sauces. De plus, l'huile n'\u00e9clabousse pas, ce qui offre un confort et un contr\u00f4le accrus pendant la cuisson.<\/p>\n<p>Ce n'est pas pour rien que Rapsodi est utilis\u00e9 par des chefs c\u00e9l\u00e8bres : une qualit\u00e9 constante, une chaleur stable et une exp\u00e9rience gustative riche pour chaque plat.<\/p>\n<p><strong>Les avantages en un coup d'\u0153il :<\/strong><\/p>\n<ul>\n<li>100% v\u00e9g\u00e9talien<\/li>\n<li>Go\u00fbt de beurre d'herbe<\/li>\n<li>Sans lactose<\/li>\n<li>Sans lait<\/li>\n<li>Sans gluten<\/li>\n<li>Sans sel<\/li>\n<li>0 glucides<\/li>\n<li>N'\u00e9clabousse pas<\/li>\n<li>Convient pour la friture, le r\u00f4tissage, les grillades et les sauces<\/li>\n<li>Point de fum\u00e9e jusqu'\u00e0 210\u00b0C<\/li>\n<\/ul>","protected":false},"excerpt":{"rendered":"<p>Rapsodi Bakolie combineert de volle, romige smaak van grasboter met de voordelen van een hoogwaardige plantaardige olie. Volledig vegan, maar m?t die herkenbare butter-flavour die gerechten extra diepte geeft. Ideaal voor wie maximale smaak wil zonder concessies te doen aan voedingswaarden of prestaties in de keuken. Deze bakolie is lactosevrij, melkvrij, glutenvrij en zoutvrij. Daarnaast [&hellip;]<\/p>\n","protected":false},"featured_media":51947,"template":"","meta":[],"product_brand":[],"product_cat":[297],"product_tag":[],"class_list":{"0":"post-49918","1":"product","2":"type-product","3":"status-publish","4":"has-post-thumbnail","6":"product_cat-olie","8":"first","9":"instock","10":"sale","11":"taxable","12":"shipping-taxable","13":"purchasable","14":"product-type-simple"},"yoast_head":"<!-- This site is optimized with the Yoast SEO Premium plugin v27.4 (Yoast SEO v27.4) - https:\/\/yoast.com\/product\/yoast-seo-premium-wordpress\/ -->\n<title>Rapsodi Zweedse Koolzaadolie<\/title>\n<meta name=\"description\" content=\"Zweedse Rapsodi koolzaadolie met zachte, nootachtige smaak. Koudgeperst, puur en geliefd bij sterrenchefs voor koken, bakken en dressings.\" \/>\n<meta name=\"robots\" content=\"index, follow, max-snippet:-1, max-image-preview:large, max-video-preview:-1\" \/>\n<link rel=\"canonical\" href=\"https:\/\/www.greeneggtotaal.nl\/fr\/product\/6x-huile-de-colza-suedoise-rapsodi\/\" \/>\n<meta property=\"og:locale\" content=\"fr_FR\" \/>\n<meta property=\"og:type\" content=\"article\" \/>\n<meta property=\"og:title\" content=\"6x Rapsodi BBQ Raapzaadolie\" \/>\n<meta property=\"og:description\" content=\"Zweedse Rapsodi koolzaadolie met zachte, nootachtige smaak. Koudgeperst, puur en geliefd bij sterrenchefs voor koken, bakken en dressings.\" \/>\n<meta property=\"og:url\" content=\"https:\/\/www.greeneggtotaal.nl\/fr\/product\/6x-huile-de-colza-suedoise-rapsodi\/\" \/>\n<meta property=\"og:site_name\" content=\"GreenEggTotaal\" \/>\n<meta property=\"article:modified_time\" content=\"2026-03-04T13:30:22+00:00\" \/>\n<meta property=\"og:image\" content=\"https:\/\/www.greeneggtotaal.nl\/wp-content\/uploads\/2026\/02\/GreenEggTotaal_-_2026-03-04T142756.692-removebg-preview-1.png\" \/>\n\t<meta property=\"og:image:width\" content=\"500\" \/>\n\t<meta property=\"og:image:height\" content=\"500\" \/>\n\t<meta property=\"og:image:type\" content=\"image\/png\" \/>\n<meta name=\"twitter:card\" content=\"summary_large_image\" \/>\n<meta name=\"twitter:label1\" content=\"Dur\u00e9e de lecture estim\u00e9e\" \/>\n\t<meta name=\"twitter:data1\" content=\"1 minute\" \/>\n<script type=\"application\/ld+json\" class=\"yoast-schema-graph\">{\"@context\":\"https:\\\/\\\/schema.org\",\"@graph\":[{\"@type\":\"WebPage\",\"@id\":\"https:\\\/\\\/www.greeneggtotaal.nl\\\/product\\\/6x-rapsodi-zweedse-koolzaadolie\\\/\",\"url\":\"https:\\\/\\\/www.greeneggtotaal.nl\\\/product\\\/6x-rapsodi-zweedse-koolzaadolie\\\/\",\"name\":\"Rapsodi Zweedse Koolzaadolie\",\"isPartOf\":{\"@id\":\"https:\\\/\\\/www.greeneggtotaal.nl\\\/nl\\\/#website\"},\"primaryImageOfPage\":{\"@id\":\"https:\\\/\\\/www.greeneggtotaal.nl\\\/product\\\/6x-rapsodi-zweedse-koolzaadolie\\\/#primaryimage\"},\"image\":{\"@id\":\"https:\\\/\\\/www.greeneggtotaal.nl\\\/product\\\/6x-rapsodi-zweedse-koolzaadolie\\\/#primaryimage\"},\"thumbnailUrl\":\"https:\\\/\\\/www.greeneggtotaal.nl\\\/wp-content\\\/uploads\\\/2026\\\/02\\\/GreenEggTotaal_-_2026-03-04T142756.692-removebg-preview-1.webp\",\"datePublished\":\"2026-02-02T13:55:29+00:00\",\"dateModified\":\"2026-03-04T13:30:22+00:00\",\"description\":\"Zweedse Rapsodi koolzaadolie met zachte, nootachtige smaak. Koudgeperst, puur en geliefd bij sterrenchefs voor koken, bakken en dressings.\",\"breadcrumb\":{\"@id\":\"https:\\\/\\\/www.greeneggtotaal.nl\\\/product\\\/6x-rapsodi-zweedse-koolzaadolie\\\/#breadcrumb\"},\"inLanguage\":\"fr-FR\",\"potentialAction\":[{\"@type\":\"ReadAction\",\"target\":[\"https:\\\/\\\/www.greeneggtotaal.nl\\\/product\\\/6x-rapsodi-zweedse-koolzaadolie\\\/\"]}]},{\"@type\":\"ImageObject\",\"inLanguage\":\"fr-FR\",\"@id\":\"https:\\\/\\\/www.greeneggtotaal.nl\\\/product\\\/6x-rapsodi-zweedse-koolzaadolie\\\/#primaryimage\",\"url\":\"https:\\\/\\\/www.greeneggtotaal.nl\\\/wp-content\\\/uploads\\\/2026\\\/02\\\/GreenEggTotaal_-_2026-03-04T142756.692-removebg-preview-1.webp\",\"contentUrl\":\"https:\\\/\\\/www.greeneggtotaal.nl\\\/wp-content\\\/uploads\\\/2026\\\/02\\\/GreenEggTotaal_-_2026-03-04T142756.692-removebg-preview-1.webp\",\"width\":500,\"height\":500,\"caption\":\"6x Rapsodi BBQ Raapzaadolie\"},{\"@type\":\"BreadcrumbList\",\"@id\":\"https:\\\/\\\/www.greeneggtotaal.nl\\\/product\\\/6x-rapsodi-zweedse-koolzaadolie\\\/#breadcrumb\",\"itemListElement\":[{\"@type\":\"ListItem\",\"position\":1,\"name\":\"Home\",\"item\":\"https:\\\/\\\/www.greeneggtotaal.nl\\\/\"},{\"@type\":\"ListItem\",\"position\":2,\"name\":\"Shop\",\"item\":\"https:\\\/\\\/www.greeneggtotaal.nl\\\/nl\\\/shop\\\/\"},{\"@type\":\"ListItem\",\"position\":3,\"name\":\"6x Rapsodi BBQ Raapzaadolie\"}]},{\"@type\":\"WebSite\",\"@id\":\"https:\\\/\\\/www.greeneggtotaal.nl\\\/nl\\\/#website\",\"url\":\"https:\\\/\\\/www.greeneggtotaal.nl\\\/nl\\\/\",\"name\":\"greeneggtotaal.nl\",\"description\":\"D\u00e9 Big Green Egg Specialist\",\"publisher\":{\"@id\":\"https:\\\/\\\/www.greeneggtotaal.nl\\\/nl\\\/#organization\"},\"potentialAction\":[{\"@type\":\"SearchAction\",\"target\":{\"@type\":\"EntryPoint\",\"urlTemplate\":\"https:\\\/\\\/www.greeneggtotaal.nl\\\/nl\\\/?s={search_term_string}\"},\"query-input\":{\"@type\":\"PropertyValueSpecification\",\"valueRequired\":true,\"valueName\":\"search_term_string\"}}],\"inLanguage\":\"fr-FR\"},{\"@type\":\"Organization\",\"@id\":\"https:\\\/\\\/www.greeneggtotaal.nl\\\/nl\\\/#organization\",\"name\":\"Green Egg Totaal\",\"url\":\"https:\\\/\\\/www.greeneggtotaal.nl\\\/nl\\\/\",\"logo\":{\"@type\":\"ImageObject\",\"inLanguage\":\"fr-FR\",\"@id\":\"https:\\\/\\\/www.greeneggtotaal.nl\\\/nl\\\/#\\\/schema\\\/logo\\\/image\\\/\",\"url\":\"https:\\\/\\\/www.greeneggtotaal.nl\\\/wp-content\\\/uploads\\\/2025\\\/06\\\/Green-Egg-Totaal-Logo.png\",\"contentUrl\":\"https:\\\/\\\/www.greeneggtotaal.nl\\\/wp-content\\\/uploads\\\/2025\\\/06\\\/Green-Egg-Totaal-Logo.png\",\"width\":225,\"height\":95,\"caption\":\"Green Egg Totaal\"},\"image\":{\"@id\":\"https:\\\/\\\/www.greeneggtotaal.nl\\\/nl\\\/#\\\/schema\\\/logo\\\/image\\\/\"}}]}<\/script>\n<!-- \/ Yoast SEO Premium plugin. -->","yoast_head_json":{"title":"Huile de colza su\u00e9doise Rapsodi","description":"Huile de colza su\u00e9doise Rapsodi \u00e0 la saveur douce et noisette. Press\u00e9e \u00e0 froid, pure et appr\u00e9ci\u00e9e des grands chefs pour la cuisine, la p\u00e2tisserie et les vinaigrettes.","robots":{"index":"index","follow":"follow","max-snippet":"max-snippet:-1","max-image-preview":"max-image-preview:large","max-video-preview":"max-video-preview:-1"},"canonical":"https:\/\/www.greeneggtotaal.nl\/fr\/product\/6x-huile-de-colza-suedoise-rapsodi\/","og_locale":"fr_FR","og_type":"article","og_title":"6x Rapsodi BBQ Raapzaadolie","og_description":"Zweedse Rapsodi koolzaadolie met zachte, nootachtige smaak. Koudgeperst, puur en geliefd bij sterrenchefs voor koken, bakken en dressings.","og_url":"https:\/\/www.greeneggtotaal.nl\/fr\/product\/6x-huile-de-colza-suedoise-rapsodi\/","og_site_name":"GreenEggTotaal","article_modified_time":"2026-03-04T13:30:22+00:00","og_image":[{"width":500,"height":500,"url":"https:\/\/www.greeneggtotaal.nl\/wp-content\/uploads\/2026\/02\/GreenEggTotaal_-_2026-03-04T142756.692-removebg-preview-1.png","type":"image\/png"}],"twitter_card":"summary_large_image","twitter_misc":{"Dur\u00e9e de lecture estim\u00e9e":"1 minute"},"schema":{"@context":"https:\/\/schema.org","@graph":[{"@type":"WebPage","@id":"https:\/\/www.greeneggtotaal.nl\/product\/6x-rapsodi-zweedse-koolzaadolie\/","url":"https:\/\/www.greeneggtotaal.nl\/product\/6x-rapsodi-zweedse-koolzaadolie\/","name":"Huile de colza su\u00e9doise Rapsodi","isPartOf":{"@id":"https:\/\/www.greeneggtotaal.nl\/nl\/#website"},"primaryImageOfPage":{"@id":"https:\/\/www.greeneggtotaal.nl\/product\/6x-rapsodi-zweedse-koolzaadolie\/#primaryimage"},"image":{"@id":"https:\/\/www.greeneggtotaal.nl\/product\/6x-rapsodi-zweedse-koolzaadolie\/#primaryimage"},"thumbnailUrl":"https:\/\/www.greeneggtotaal.nl\/wp-content\/uploads\/2026\/02\/GreenEggTotaal_-_2026-03-04T142756.692-removebg-preview-1.webp","datePublished":"2026-02-02T13:55:29+00:00","dateModified":"2026-03-04T13:30:22+00:00","description":"Huile de colza su\u00e9doise Rapsodi \u00e0 la saveur douce et noisette. Press\u00e9e \u00e0 froid, pure et appr\u00e9ci\u00e9e des grands chefs pour la cuisine, la p\u00e2tisserie et les vinaigrettes.","breadcrumb":{"@id":"https:\/\/www.greeneggtotaal.nl\/product\/6x-rapsodi-zweedse-koolzaadolie\/#breadcrumb"},"inLanguage":"fr-FR","potentialAction":[{"@type":"ReadAction","target":["https:\/\/www.greeneggtotaal.nl\/product\/6x-rapsodi-zweedse-koolzaadolie\/"]}]},{"@type":"ImageObject","inLanguage":"fr-FR","@id":"https:\/\/www.greeneggtotaal.nl\/product\/6x-rapsodi-zweedse-koolzaadolie\/#primaryimage","url":"https:\/\/www.greeneggtotaal.nl\/wp-content\/uploads\/2026\/02\/GreenEggTotaal_-_2026-03-04T142756.692-removebg-preview-1.webp","contentUrl":"https:\/\/www.greeneggtotaal.nl\/wp-content\/uploads\/2026\/02\/GreenEggTotaal_-_2026-03-04T142756.692-removebg-preview-1.webp","width":500,"height":500,"caption":"6x Rapsodi BBQ Raapzaadolie"},{"@type":"BreadcrumbList","@id":"https:\/\/www.greeneggtotaal.nl\/product\/6x-rapsodi-zweedse-koolzaadolie\/#breadcrumb","itemListElement":[{"@type":"ListItem","position":1,"name":"Home","item":"https:\/\/www.greeneggtotaal.nl\/"},{"@type":"ListItem","position":2,"name":"Shop","item":"https:\/\/www.greeneggtotaal.nl\/nl\/shop\/"},{"@type":"ListItem","position":3,"name":"6x Rapsodi BBQ Raapzaadolie"}]},{"@type":"WebSite","@id":"https:\/\/www.greeneggtotaal.nl\/nl\/#website","url":"https:\/\/www.greeneggtotaal.nl\/nl\/","name":"greeneggtotaal.nl","description":"Le sp\u00e9cialiste du Big Green Egg","publisher":{"@id":"https:\/\/www.greeneggtotaal.nl\/nl\/#organization"},"potentialAction":[{"@type":"SearchAction","target":{"@type":"EntryPoint","urlTemplate":"https:\/\/www.greeneggtotaal.nl\/nl\/?s={search_term_string}"},"query-input":{"@type":"PropertyValueSpecification","valueRequired":true,"valueName":"search_term_string"}}],"inLanguage":"fr-FR"},{"@type":"Organization","@id":"https:\/\/www.greeneggtotaal.nl\/nl\/#organization","name":"Green Egg Totaal","url":"https:\/\/www.greeneggtotaal.nl\/nl\/","logo":{"@type":"ImageObject","inLanguage":"fr-FR","@id":"https:\/\/www.greeneggtotaal.nl\/nl\/#\/schema\/logo\/image\/","url":"https:\/\/www.greeneggtotaal.nl\/wp-content\/uploads\/2025\/06\/Green-Egg-Totaal-Logo.png","contentUrl":"https:\/\/www.greeneggtotaal.nl\/wp-content\/uploads\/2025\/06\/Green-Egg-Totaal-Logo.png","width":225,"height":95,"caption":"Green Egg Totaal"},"image":{"@id":"https:\/\/www.greeneggtotaal.nl\/nl\/#\/schema\/logo\/image\/"}}]}},"_links":{"self":[{"href":"https:\/\/www.greeneggtotaal.nl\/fr\/wp-json\/wp\/v2\/product\/49918","targetHints":{"allow":["GET"]}}],"collection":[{"href":"https:\/\/www.greeneggtotaal.nl\/fr\/wp-json\/wp\/v2\/product"}],"about":[{"href":"https:\/\/www.greeneggtotaal.nl\/fr\/wp-json\/wp\/v2\/types\/product"}],"wp:featuredmedia":[{"embeddable":true,"href":"https:\/\/www.greeneggtotaal.nl\/fr\/wp-json\/wp\/v2\/media\/51947"}],"wp:attachment":[{"href":"https:\/\/www.greeneggtotaal.nl\/fr\/wp-json\/wp\/v2\/media?parent=49918"}],"wp:term":[{"taxonomy":"product_brand","embeddable":true,"href":"https:\/\/www.greeneggtotaal.nl\/fr\/wp-json\/wp\/v2\/product_brand?post=49918"},{"taxonomy":"product_cat","embeddable":true,"href":"https:\/\/www.greeneggtotaal.nl\/fr\/wp-json\/wp\/v2\/product_cat?post=49918"},{"taxonomy":"product_tag","embeddable":true,"href":"https:\/\/www.greeneggtotaal.nl\/fr\/wp-json\/wp\/v2\/product_tag?post=49918"}],"curies":[{"name":"wp","href":"https:\/\/api.w.org\/{rel}","templated":true}]}}