{"id":49972,"date":"2026-02-04T10:47:21","date_gmt":"2026-02-04T09:47:21","guid":{"rendered":"https:\/\/www.greeneggtotaal.nl\/?post_type=product&#038;p=49972"},"modified":"2026-02-04T10:47:22","modified_gmt":"2026-02-04T09:47:22","slug":"smokeware-original-cendrier-grand","status":"publish","type":"product","link":"https:\/\/www.greeneggtotaal.nl\/fr\/product\/smokeware-original-ash-can-large\/","title":{"rendered":"Smokeware Original Ash Can Large"},"content":{"rendered":"<p>Le cendrier original se place sous votre gril \u00e0 charbon de bois ou votre panier et recueille les cendres au fur et \u00e0 mesure que vous cuisinez, ce qui facilite le nettoyage. Entaille pratique pour permettre la circulation de l'air. Fabriqu\u00e9 en acier inoxydable.<\/p>","protected":false},"excerpt":{"rendered":"<p>Le cendrier original se place sous votre gril \u00e0 charbon de bois ou votre panier et recueille les cendres au fur et \u00e0 mesure que vous cuisinez, ce qui facilite le nettoyage. Entaille pratique pour permettre la circulation de l'air. Fabriqu\u00e9 en acier inoxydable.<\/p>","protected":false},"featured_media":49973,"template":"","meta":[],"product_brand":[224],"product_cat":[137],"product_tag":[],"class_list":{"0":"post-49972","1":"product","2":"type-product","3":"status-publish","4":"has-post-thumbnail","6":"product_brand-smokeware","7":"product_cat-smokeware","9":"first","10":"instock","11":"taxable","12":"shipping-taxable","13":"purchasable","14":"product-type-simple"},"yoast_head":"<!-- This site is optimized with the Yoast SEO Premium plugin v27.4 (Yoast SEO v27.4) - https:\/\/yoast.com\/product\/yoast-seo-premium-wordpress\/ -->\n<title>Smokeware Original Ash Can XLarge<\/title>\n<meta name=\"description\" content=\"De originele asbak zit onder je houtskoolrooster of -mand en verzamelt as terwijl je kookt, waardoor schoonmaken een fluitje van een cent is.\" \/>\n<meta name=\"robots\" content=\"index, follow, max-snippet:-1, max-image-preview:large, max-video-preview:-1\" \/>\n<link rel=\"canonical\" href=\"https:\/\/www.greeneggtotaal.nl\/fr\/product\/smokeware-original-cendrier-grand\/\" \/>\n<meta property=\"og:locale\" content=\"fr_FR\" \/>\n<meta property=\"og:type\" content=\"article\" \/>\n<meta property=\"og:title\" content=\"Smokeware Original Ash Can Large\" \/>\n<meta property=\"og:description\" content=\"De originele asbak zit onder je houtskoolrooster of -mand en verzamelt as terwijl je kookt, waardoor schoonmaken een fluitje van een cent is.\" \/>\n<meta property=\"og:url\" content=\"https:\/\/www.greeneggtotaal.nl\/fr\/product\/smokeware-original-cendrier-grand\/\" \/>\n<meta property=\"og:site_name\" content=\"GreenEggTotaal\" \/>\n<meta property=\"article:modified_time\" content=\"2026-02-04T09:47:22+00:00\" \/>\n<meta property=\"og:image\" content=\"https:\/\/www.greeneggtotaal.nl\/wp-content\/uploads\/2026\/02\/GreenEggTotaal_-_2026-02-04T104627.730-removebg-preview.png\" \/>\n\t<meta property=\"og:image:width\" content=\"500\" \/>\n\t<meta property=\"og:image:height\" content=\"500\" \/>\n\t<meta property=\"og:image:type\" content=\"image\/png\" \/>\n<meta name=\"twitter:card\" content=\"summary_large_image\" \/>\n<meta name=\"twitter:label1\" content=\"Dur\u00e9e de lecture estim\u00e9e\" \/>\n\t<meta name=\"twitter:data1\" content=\"1 minute\" \/>\n<script type=\"application\/ld+json\" class=\"yoast-schema-graph\">{\"@context\":\"https:\\\/\\\/schema.org\",\"@graph\":[{\"@type\":\"WebPage\",\"@id\":\"https:\\\/\\\/www.greeneggtotaal.nl\\\/product\\\/smokeware-original-ash-can-large\\\/\",\"url\":\"https:\\\/\\\/www.greeneggtotaal.nl\\\/product\\\/smokeware-original-ash-can-large\\\/\",\"name\":\"Smokeware Original Ash Can XLarge\",\"isPartOf\":{\"@id\":\"https:\\\/\\\/www.greeneggtotaal.nl\\\/nl\\\/#website\"},\"primaryImageOfPage\":{\"@id\":\"https:\\\/\\\/www.greeneggtotaal.nl\\\/product\\\/smokeware-original-ash-can-large\\\/#primaryimage\"},\"image\":{\"@id\":\"https:\\\/\\\/www.greeneggtotaal.nl\\\/product\\\/smokeware-original-ash-can-large\\\/#primaryimage\"},\"thumbnailUrl\":\"https:\\\/\\\/www.greeneggtotaal.nl\\\/wp-content\\\/uploads\\\/2026\\\/02\\\/GreenEggTotaal_-_2026-02-04T104627.730-removebg-preview.webp\",\"datePublished\":\"2026-02-04T09:47:21+00:00\",\"dateModified\":\"2026-02-04T09:47:22+00:00\",\"description\":\"De originele asbak zit onder je houtskoolrooster of -mand en verzamelt as terwijl je kookt, waardoor schoonmaken een fluitje van een cent is.\",\"breadcrumb\":{\"@id\":\"https:\\\/\\\/www.greeneggtotaal.nl\\\/product\\\/smokeware-original-ash-can-large\\\/#breadcrumb\"},\"inLanguage\":\"fr-FR\",\"potentialAction\":[{\"@type\":\"ReadAction\",\"target\":[\"https:\\\/\\\/www.greeneggtotaal.nl\\\/product\\\/smokeware-original-ash-can-large\\\/\"]}]},{\"@type\":\"ImageObject\",\"inLanguage\":\"fr-FR\",\"@id\":\"https:\\\/\\\/www.greeneggtotaal.nl\\\/product\\\/smokeware-original-ash-can-large\\\/#primaryimage\",\"url\":\"https:\\\/\\\/www.greeneggtotaal.nl\\\/wp-content\\\/uploads\\\/2026\\\/02\\\/GreenEggTotaal_-_2026-02-04T104627.730-removebg-preview.webp\",\"contentUrl\":\"https:\\\/\\\/www.greeneggtotaal.nl\\\/wp-content\\\/uploads\\\/2026\\\/02\\\/GreenEggTotaal_-_2026-02-04T104627.730-removebg-preview.webp\",\"width\":500,\"height\":500,\"caption\":\"Smokeware Original Ash Can Large\"},{\"@type\":\"BreadcrumbList\",\"@id\":\"https:\\\/\\\/www.greeneggtotaal.nl\\\/product\\\/smokeware-original-ash-can-large\\\/#breadcrumb\",\"itemListElement\":[{\"@type\":\"ListItem\",\"position\":1,\"name\":\"Home\",\"item\":\"https:\\\/\\\/www.greeneggtotaal.nl\\\/\"},{\"@type\":\"ListItem\",\"position\":2,\"name\":\"Shop\",\"item\":\"https:\\\/\\\/www.greeneggtotaal.nl\\\/nl\\\/shop\\\/\"},{\"@type\":\"ListItem\",\"position\":3,\"name\":\"Smokeware Original Ash Can Large\"}]},{\"@type\":\"WebSite\",\"@id\":\"https:\\\/\\\/www.greeneggtotaal.nl\\\/nl\\\/#website\",\"url\":\"https:\\\/\\\/www.greeneggtotaal.nl\\\/nl\\\/\",\"name\":\"greeneggtotaal.nl\",\"description\":\"D\u00e9 Big Green Egg Specialist\",\"publisher\":{\"@id\":\"https:\\\/\\\/www.greeneggtotaal.nl\\\/nl\\\/#organization\"},\"potentialAction\":[{\"@type\":\"SearchAction\",\"target\":{\"@type\":\"EntryPoint\",\"urlTemplate\":\"https:\\\/\\\/www.greeneggtotaal.nl\\\/nl\\\/?s={search_term_string}\"},\"query-input\":{\"@type\":\"PropertyValueSpecification\",\"valueRequired\":true,\"valueName\":\"search_term_string\"}}],\"inLanguage\":\"fr-FR\"},{\"@type\":\"Organization\",\"@id\":\"https:\\\/\\\/www.greeneggtotaal.nl\\\/nl\\\/#organization\",\"name\":\"Green Egg Totaal\",\"url\":\"https:\\\/\\\/www.greeneggtotaal.nl\\\/nl\\\/\",\"logo\":{\"@type\":\"ImageObject\",\"inLanguage\":\"fr-FR\",\"@id\":\"https:\\\/\\\/www.greeneggtotaal.nl\\\/nl\\\/#\\\/schema\\\/logo\\\/image\\\/\",\"url\":\"https:\\\/\\\/www.greeneggtotaal.nl\\\/wp-content\\\/uploads\\\/2025\\\/06\\\/Green-Egg-Totaal-Logo.png\",\"contentUrl\":\"https:\\\/\\\/www.greeneggtotaal.nl\\\/wp-content\\\/uploads\\\/2025\\\/06\\\/Green-Egg-Totaal-Logo.png\",\"width\":225,\"height\":95,\"caption\":\"Green Egg Totaal\"},\"image\":{\"@id\":\"https:\\\/\\\/www.greeneggtotaal.nl\\\/nl\\\/#\\\/schema\\\/logo\\\/image\\\/\"}}]}<\/script>\n<!-- \/ Yoast SEO Premium plugin. -->","yoast_head_json":{"title":"Bo\u00eete \u00e0 cendres Smokeware Original XLarge","description":"Le cendrier original se place sous votre gril \u00e0 charbon de bois ou votre panier et recueille les cendres au fur et \u00e0 mesure de la cuisson, ce qui facilite le nettoyage.","robots":{"index":"index","follow":"follow","max-snippet":"max-snippet:-1","max-image-preview":"max-image-preview:large","max-video-preview":"max-video-preview:-1"},"canonical":"https:\/\/www.greeneggtotaal.nl\/fr\/product\/smokeware-original-cendrier-grand\/","og_locale":"fr_FR","og_type":"article","og_title":"Smokeware Original Ash Can Large","og_description":"De originele asbak zit onder je houtskoolrooster of -mand en verzamelt as terwijl je kookt, waardoor schoonmaken een fluitje van een cent is.","og_url":"https:\/\/www.greeneggtotaal.nl\/fr\/product\/smokeware-original-cendrier-grand\/","og_site_name":"GreenEggTotaal","article_modified_time":"2026-02-04T09:47:22+00:00","og_image":[{"width":500,"height":500,"url":"https:\/\/www.greeneggtotaal.nl\/wp-content\/uploads\/2026\/02\/GreenEggTotaal_-_2026-02-04T104627.730-removebg-preview.png","type":"image\/png"}],"twitter_card":"summary_large_image","twitter_misc":{"Dur\u00e9e de lecture estim\u00e9e":"1 minute"},"schema":{"@context":"https:\/\/schema.org","@graph":[{"@type":"WebPage","@id":"https:\/\/www.greeneggtotaal.nl\/product\/smokeware-original-ash-can-large\/","url":"https:\/\/www.greeneggtotaal.nl\/product\/smokeware-original-ash-can-large\/","name":"Bo\u00eete \u00e0 cendres Smokeware Original XLarge","isPartOf":{"@id":"https:\/\/www.greeneggtotaal.nl\/nl\/#website"},"primaryImageOfPage":{"@id":"https:\/\/www.greeneggtotaal.nl\/product\/smokeware-original-ash-can-large\/#primaryimage"},"image":{"@id":"https:\/\/www.greeneggtotaal.nl\/product\/smokeware-original-ash-can-large\/#primaryimage"},"thumbnailUrl":"https:\/\/www.greeneggtotaal.nl\/wp-content\/uploads\/2026\/02\/GreenEggTotaal_-_2026-02-04T104627.730-removebg-preview.webp","datePublished":"2026-02-04T09:47:21+00:00","dateModified":"2026-02-04T09:47:22+00:00","description":"Le cendrier original se place sous votre gril \u00e0 charbon de bois ou votre panier et recueille les cendres au fur et \u00e0 mesure de la cuisson, ce qui facilite le nettoyage.","breadcrumb":{"@id":"https:\/\/www.greeneggtotaal.nl\/product\/smokeware-original-ash-can-large\/#breadcrumb"},"inLanguage":"fr-FR","potentialAction":[{"@type":"ReadAction","target":["https:\/\/www.greeneggtotaal.nl\/product\/smokeware-original-ash-can-large\/"]}]},{"@type":"ImageObject","inLanguage":"fr-FR","@id":"https:\/\/www.greeneggtotaal.nl\/product\/smokeware-original-ash-can-large\/#primaryimage","url":"https:\/\/www.greeneggtotaal.nl\/wp-content\/uploads\/2026\/02\/GreenEggTotaal_-_2026-02-04T104627.730-removebg-preview.webp","contentUrl":"https:\/\/www.greeneggtotaal.nl\/wp-content\/uploads\/2026\/02\/GreenEggTotaal_-_2026-02-04T104627.730-removebg-preview.webp","width":500,"height":500,"caption":"Smokeware Original Ash Can Large"},{"@type":"BreadcrumbList","@id":"https:\/\/www.greeneggtotaal.nl\/product\/smokeware-original-ash-can-large\/#breadcrumb","itemListElement":[{"@type":"ListItem","position":1,"name":"Home","item":"https:\/\/www.greeneggtotaal.nl\/"},{"@type":"ListItem","position":2,"name":"Shop","item":"https:\/\/www.greeneggtotaal.nl\/nl\/shop\/"},{"@type":"ListItem","position":3,"name":"Smokeware Original Ash Can Large"}]},{"@type":"WebSite","@id":"https:\/\/www.greeneggtotaal.nl\/nl\/#website","url":"https:\/\/www.greeneggtotaal.nl\/nl\/","name":"greeneggtotaal.nl","description":"Le sp\u00e9cialiste du Big Green Egg","publisher":{"@id":"https:\/\/www.greeneggtotaal.nl\/nl\/#organization"},"potentialAction":[{"@type":"SearchAction","target":{"@type":"EntryPoint","urlTemplate":"https:\/\/www.greeneggtotaal.nl\/nl\/?s={search_term_string}"},"query-input":{"@type":"PropertyValueSpecification","valueRequired":true,"valueName":"search_term_string"}}],"inLanguage":"fr-FR"},{"@type":"Organization","@id":"https:\/\/www.greeneggtotaal.nl\/nl\/#organization","name":"Green Egg Totaal","url":"https:\/\/www.greeneggtotaal.nl\/nl\/","logo":{"@type":"ImageObject","inLanguage":"fr-FR","@id":"https:\/\/www.greeneggtotaal.nl\/nl\/#\/schema\/logo\/image\/","url":"https:\/\/www.greeneggtotaal.nl\/wp-content\/uploads\/2025\/06\/Green-Egg-Totaal-Logo.png","contentUrl":"https:\/\/www.greeneggtotaal.nl\/wp-content\/uploads\/2025\/06\/Green-Egg-Totaal-Logo.png","width":225,"height":95,"caption":"Green Egg Totaal"},"image":{"@id":"https:\/\/www.greeneggtotaal.nl\/nl\/#\/schema\/logo\/image\/"}}]}},"_links":{"self":[{"href":"https:\/\/www.greeneggtotaal.nl\/fr\/wp-json\/wp\/v2\/product\/49972","targetHints":{"allow":["GET"]}}],"collection":[{"href":"https:\/\/www.greeneggtotaal.nl\/fr\/wp-json\/wp\/v2\/product"}],"about":[{"href":"https:\/\/www.greeneggtotaal.nl\/fr\/wp-json\/wp\/v2\/types\/product"}],"wp:featuredmedia":[{"embeddable":true,"href":"https:\/\/www.greeneggtotaal.nl\/fr\/wp-json\/wp\/v2\/media\/49973"}],"wp:attachment":[{"href":"https:\/\/www.greeneggtotaal.nl\/fr\/wp-json\/wp\/v2\/media?parent=49972"}],"wp:term":[{"taxonomy":"product_brand","embeddable":true,"href":"https:\/\/www.greeneggtotaal.nl\/fr\/wp-json\/wp\/v2\/product_brand?post=49972"},{"taxonomy":"product_cat","embeddable":true,"href":"https:\/\/www.greeneggtotaal.nl\/fr\/wp-json\/wp\/v2\/product_cat?post=49972"},{"taxonomy":"product_tag","embeddable":true,"href":"https:\/\/www.greeneggtotaal.nl\/fr\/wp-json\/wp\/v2\/product_tag?post=49972"}],"curies":[{"name":"wp","href":"https:\/\/api.w.org\/{rel}","templated":true}]}}