{"id":52109,"date":"2026-03-11T15:42:26","date_gmt":"2026-03-11T14:42:26","guid":{"rendered":"https:\/\/www.greeneggtotaal.nl\/?post_type=product&#038;p=52109"},"modified":"2026-03-11T15:42:27","modified_gmt":"2026-03-11T14:42:27","slug":"grill-pro-planche-a-griller-erable","status":"publish","type":"product","link":"https:\/\/www.greeneggtotaal.nl\/fr\/product\/grill-pro-grillplank-maple\/","title":{"rendered":"Planche \u00e0 griller Grill Pro \u00e9rable"},"content":{"rendered":"<p>Planche en bois \u00e0 placer sur la grille du barbecue. A usage unique. Id\u00e9al pour la viande. 100% naturel. Dimensions 13,8 x 30,2 x 0,7 cm. 2 pi\u00e8ces. Dans un emballage scell\u00e9 et color\u00e9.<\/p>","protected":false},"excerpt":{"rendered":"<p>Planche en bois \u00e0 placer sur la grille du barbecue. A usage unique. Id\u00e9al pour la viande. 100% naturel. Dimensions 13,8 x 30,2 x 0,7 cm. 2 pi\u00e8ces. Dans un emballage scell\u00e9 et color\u00e9.<\/p>","protected":false},"featured_media":52111,"template":"","meta":[],"product_brand":[283],"product_cat":[138],"product_tag":[],"class_list":{"0":"post-52109","1":"product","2":"type-product","3":"status-publish","4":"has-post-thumbnail","6":"product_brand-grill-pro","7":"product_cat-grill-pro","9":"first","10":"instock","11":"taxable","12":"shipping-taxable","13":"purchasable","14":"product-type-simple"},"yoast_head":"<!-- This site is optimized with the Yoast SEO Premium plugin v27.4 (Yoast SEO v27.4) - https:\/\/yoast.com\/product\/yoast-seo-premium-wordpress\/ -->\n<title>Grill Pro Grillplank Maple<\/title>\n<meta name=\"description\" content=\"Houten plank geschikt voor het plaatsen op het grillrooster van de barbecue. Voor eenmalig gebruik. Ideaal voor vlees. GreenEggTotaal\" \/>\n<meta name=\"robots\" content=\"index, follow, max-snippet:-1, max-image-preview:large, max-video-preview:-1\" \/>\n<link rel=\"canonical\" href=\"https:\/\/www.greeneggtotaal.nl\/fr\/product\/grill-pro-planche-a-griller-erable\/\" \/>\n<meta property=\"og:locale\" content=\"fr_FR\" \/>\n<meta property=\"og:type\" content=\"article\" \/>\n<meta property=\"og:title\" content=\"Grill Pro Grillplank Maple\" \/>\n<meta property=\"og:description\" content=\"Houten plank geschikt voor het plaatsen op het grillrooster van de barbecue. Voor eenmalig gebruik. Ideaal voor vlees. GreenEggTotaal\" \/>\n<meta property=\"og:url\" content=\"https:\/\/www.greeneggtotaal.nl\/fr\/product\/grill-pro-planche-a-griller-erable\/\" \/>\n<meta property=\"og:site_name\" content=\"GreenEggTotaal\" \/>\n<meta property=\"article:modified_time\" content=\"2026-03-11T14:42:27+00:00\" \/>\n<meta property=\"og:image\" content=\"https:\/\/www.greeneggtotaal.nl\/wp-content\/uploads\/2026\/03\/GreenEggTotaal_-_2026-03-11T153952.512-removebg-preview.webp\" \/>\n\t<meta property=\"og:image:width\" content=\"500\" \/>\n\t<meta property=\"og:image:height\" content=\"500\" \/>\n\t<meta property=\"og:image:type\" content=\"image\/webp\" \/>\n<meta name=\"twitter:card\" content=\"summary_large_image\" \/>\n<meta name=\"twitter:label1\" content=\"Dur\u00e9e de lecture estim\u00e9e\" \/>\n\t<meta name=\"twitter:data1\" content=\"1 minute\" \/>\n<script type=\"application\/ld+json\" class=\"yoast-schema-graph\">{\"@context\":\"https:\\\/\\\/schema.org\",\"@graph\":[{\"@type\":\"WebPage\",\"@id\":\"https:\\\/\\\/www.greeneggtotaal.nl\\\/product\\\/grill-pro-grillplank-maple\\\/\",\"url\":\"https:\\\/\\\/www.greeneggtotaal.nl\\\/product\\\/grill-pro-grillplank-maple\\\/\",\"name\":\"Grill Pro Grillplank Maple\",\"isPartOf\":{\"@id\":\"https:\\\/\\\/www.greeneggtotaal.nl\\\/nl\\\/#website\"},\"primaryImageOfPage\":{\"@id\":\"https:\\\/\\\/www.greeneggtotaal.nl\\\/product\\\/grill-pro-grillplank-maple\\\/#primaryimage\"},\"image\":{\"@id\":\"https:\\\/\\\/www.greeneggtotaal.nl\\\/product\\\/grill-pro-grillplank-maple\\\/#primaryimage\"},\"thumbnailUrl\":\"https:\\\/\\\/www.greeneggtotaal.nl\\\/wp-content\\\/uploads\\\/2026\\\/03\\\/GreenEggTotaal_-_2026-03-11T153952.512-removebg-preview.webp\",\"datePublished\":\"2026-03-11T14:42:26+00:00\",\"dateModified\":\"2026-03-11T14:42:27+00:00\",\"description\":\"Houten plank geschikt voor het plaatsen op het grillrooster van de barbecue. Voor eenmalig gebruik. Ideaal voor vlees. GreenEggTotaal\",\"breadcrumb\":{\"@id\":\"https:\\\/\\\/www.greeneggtotaal.nl\\\/product\\\/grill-pro-grillplank-maple\\\/#breadcrumb\"},\"inLanguage\":\"fr-FR\",\"potentialAction\":[{\"@type\":\"ReadAction\",\"target\":[\"https:\\\/\\\/www.greeneggtotaal.nl\\\/product\\\/grill-pro-grillplank-maple\\\/\"]}]},{\"@type\":\"ImageObject\",\"inLanguage\":\"fr-FR\",\"@id\":\"https:\\\/\\\/www.greeneggtotaal.nl\\\/product\\\/grill-pro-grillplank-maple\\\/#primaryimage\",\"url\":\"https:\\\/\\\/www.greeneggtotaal.nl\\\/wp-content\\\/uploads\\\/2026\\\/03\\\/GreenEggTotaal_-_2026-03-11T153952.512-removebg-preview.webp\",\"contentUrl\":\"https:\\\/\\\/www.greeneggtotaal.nl\\\/wp-content\\\/uploads\\\/2026\\\/03\\\/GreenEggTotaal_-_2026-03-11T153952.512-removebg-preview.webp\",\"width\":500,\"height\":500,\"caption\":\"Grill Pro Grillplank Maple\"},{\"@type\":\"BreadcrumbList\",\"@id\":\"https:\\\/\\\/www.greeneggtotaal.nl\\\/product\\\/grill-pro-grillplank-maple\\\/#breadcrumb\",\"itemListElement\":[{\"@type\":\"ListItem\",\"position\":1,\"name\":\"Home\",\"item\":\"https:\\\/\\\/www.greeneggtotaal.nl\\\/\"},{\"@type\":\"ListItem\",\"position\":2,\"name\":\"Shop\",\"item\":\"https:\\\/\\\/www.greeneggtotaal.nl\\\/nl\\\/shop\\\/\"},{\"@type\":\"ListItem\",\"position\":3,\"name\":\"Grill Pro Grillplank Maple\"}]},{\"@type\":\"WebSite\",\"@id\":\"https:\\\/\\\/www.greeneggtotaal.nl\\\/nl\\\/#website\",\"url\":\"https:\\\/\\\/www.greeneggtotaal.nl\\\/nl\\\/\",\"name\":\"greeneggtotaal.nl\",\"description\":\"D\u00e9 Big Green Egg Specialist\",\"publisher\":{\"@id\":\"https:\\\/\\\/www.greeneggtotaal.nl\\\/nl\\\/#organization\"},\"potentialAction\":[{\"@type\":\"SearchAction\",\"target\":{\"@type\":\"EntryPoint\",\"urlTemplate\":\"https:\\\/\\\/www.greeneggtotaal.nl\\\/nl\\\/?s={search_term_string}\"},\"query-input\":{\"@type\":\"PropertyValueSpecification\",\"valueRequired\":true,\"valueName\":\"search_term_string\"}}],\"inLanguage\":\"fr-FR\"},{\"@type\":\"Organization\",\"@id\":\"https:\\\/\\\/www.greeneggtotaal.nl\\\/nl\\\/#organization\",\"name\":\"Green Egg Totaal\",\"url\":\"https:\\\/\\\/www.greeneggtotaal.nl\\\/nl\\\/\",\"logo\":{\"@type\":\"ImageObject\",\"inLanguage\":\"fr-FR\",\"@id\":\"https:\\\/\\\/www.greeneggtotaal.nl\\\/nl\\\/#\\\/schema\\\/logo\\\/image\\\/\",\"url\":\"https:\\\/\\\/www.greeneggtotaal.nl\\\/wp-content\\\/uploads\\\/2025\\\/06\\\/Green-Egg-Totaal-Logo.png\",\"contentUrl\":\"https:\\\/\\\/www.greeneggtotaal.nl\\\/wp-content\\\/uploads\\\/2025\\\/06\\\/Green-Egg-Totaal-Logo.png\",\"width\":225,\"height\":95,\"caption\":\"Green Egg Totaal\"},\"image\":{\"@id\":\"https:\\\/\\\/www.greeneggtotaal.nl\\\/nl\\\/#\\\/schema\\\/logo\\\/image\\\/\"}}]}<\/script>\n<!-- \/ Yoast SEO Premium plugin. -->","yoast_head_json":{"title":"Planche \u00e0 griller Grill Pro \u00e9rable","description":"Planche en bois \u00e0 placer sur la grille du barbecue. A usage unique. Id\u00e9al pour la viande. GreenEggTotal","robots":{"index":"index","follow":"follow","max-snippet":"max-snippet:-1","max-image-preview":"max-image-preview:large","max-video-preview":"max-video-preview:-1"},"canonical":"https:\/\/www.greeneggtotaal.nl\/fr\/product\/grill-pro-planche-a-griller-erable\/","og_locale":"fr_FR","og_type":"article","og_title":"Grill Pro Grillplank Maple","og_description":"Houten plank geschikt voor het plaatsen op het grillrooster van de barbecue. Voor eenmalig gebruik. Ideaal voor vlees. GreenEggTotaal","og_url":"https:\/\/www.greeneggtotaal.nl\/fr\/product\/grill-pro-planche-a-griller-erable\/","og_site_name":"GreenEggTotaal","article_modified_time":"2026-03-11T14:42:27+00:00","og_image":[{"width":500,"height":500,"url":"https:\/\/www.greeneggtotaal.nl\/wp-content\/uploads\/2026\/03\/GreenEggTotaal_-_2026-03-11T153952.512-removebg-preview.webp","type":"image\/webp"}],"twitter_card":"summary_large_image","twitter_misc":{"Dur\u00e9e de lecture estim\u00e9e":"1 minute"},"schema":{"@context":"https:\/\/schema.org","@graph":[{"@type":"WebPage","@id":"https:\/\/www.greeneggtotaal.nl\/product\/grill-pro-grillplank-maple\/","url":"https:\/\/www.greeneggtotaal.nl\/product\/grill-pro-grillplank-maple\/","name":"Planche \u00e0 griller Grill Pro \u00e9rable","isPartOf":{"@id":"https:\/\/www.greeneggtotaal.nl\/nl\/#website"},"primaryImageOfPage":{"@id":"https:\/\/www.greeneggtotaal.nl\/product\/grill-pro-grillplank-maple\/#primaryimage"},"image":{"@id":"https:\/\/www.greeneggtotaal.nl\/product\/grill-pro-grillplank-maple\/#primaryimage"},"thumbnailUrl":"https:\/\/www.greeneggtotaal.nl\/wp-content\/uploads\/2026\/03\/GreenEggTotaal_-_2026-03-11T153952.512-removebg-preview.webp","datePublished":"2026-03-11T14:42:26+00:00","dateModified":"2026-03-11T14:42:27+00:00","description":"Planche en bois \u00e0 placer sur la grille du barbecue. A usage unique. Id\u00e9al pour la viande. GreenEggTotal","breadcrumb":{"@id":"https:\/\/www.greeneggtotaal.nl\/product\/grill-pro-grillplank-maple\/#breadcrumb"},"inLanguage":"fr-FR","potentialAction":[{"@type":"ReadAction","target":["https:\/\/www.greeneggtotaal.nl\/product\/grill-pro-grillplank-maple\/"]}]},{"@type":"ImageObject","inLanguage":"fr-FR","@id":"https:\/\/www.greeneggtotaal.nl\/product\/grill-pro-grillplank-maple\/#primaryimage","url":"https:\/\/www.greeneggtotaal.nl\/wp-content\/uploads\/2026\/03\/GreenEggTotaal_-_2026-03-11T153952.512-removebg-preview.webp","contentUrl":"https:\/\/www.greeneggtotaal.nl\/wp-content\/uploads\/2026\/03\/GreenEggTotaal_-_2026-03-11T153952.512-removebg-preview.webp","width":500,"height":500,"caption":"Grill Pro Grillplank Maple"},{"@type":"BreadcrumbList","@id":"https:\/\/www.greeneggtotaal.nl\/product\/grill-pro-grillplank-maple\/#breadcrumb","itemListElement":[{"@type":"ListItem","position":1,"name":"Home","item":"https:\/\/www.greeneggtotaal.nl\/"},{"@type":"ListItem","position":2,"name":"Shop","item":"https:\/\/www.greeneggtotaal.nl\/nl\/shop\/"},{"@type":"ListItem","position":3,"name":"Grill Pro Grillplank Maple"}]},{"@type":"WebSite","@id":"https:\/\/www.greeneggtotaal.nl\/nl\/#website","url":"https:\/\/www.greeneggtotaal.nl\/nl\/","name":"greeneggtotaal.nl","description":"Le sp\u00e9cialiste du Big Green Egg","publisher":{"@id":"https:\/\/www.greeneggtotaal.nl\/nl\/#organization"},"potentialAction":[{"@type":"SearchAction","target":{"@type":"EntryPoint","urlTemplate":"https:\/\/www.greeneggtotaal.nl\/nl\/?s={search_term_string}"},"query-input":{"@type":"PropertyValueSpecification","valueRequired":true,"valueName":"search_term_string"}}],"inLanguage":"fr-FR"},{"@type":"Organization","@id":"https:\/\/www.greeneggtotaal.nl\/nl\/#organization","name":"Green Egg Totaal","url":"https:\/\/www.greeneggtotaal.nl\/nl\/","logo":{"@type":"ImageObject","inLanguage":"fr-FR","@id":"https:\/\/www.greeneggtotaal.nl\/nl\/#\/schema\/logo\/image\/","url":"https:\/\/www.greeneggtotaal.nl\/wp-content\/uploads\/2025\/06\/Green-Egg-Totaal-Logo.png","contentUrl":"https:\/\/www.greeneggtotaal.nl\/wp-content\/uploads\/2025\/06\/Green-Egg-Totaal-Logo.png","width":225,"height":95,"caption":"Green Egg Totaal"},"image":{"@id":"https:\/\/www.greeneggtotaal.nl\/nl\/#\/schema\/logo\/image\/"}}]}},"_links":{"self":[{"href":"https:\/\/www.greeneggtotaal.nl\/fr\/wp-json\/wp\/v2\/product\/52109","targetHints":{"allow":["GET"]}}],"collection":[{"href":"https:\/\/www.greeneggtotaal.nl\/fr\/wp-json\/wp\/v2\/product"}],"about":[{"href":"https:\/\/www.greeneggtotaal.nl\/fr\/wp-json\/wp\/v2\/types\/product"}],"wp:featuredmedia":[{"embeddable":true,"href":"https:\/\/www.greeneggtotaal.nl\/fr\/wp-json\/wp\/v2\/media\/52111"}],"wp:attachment":[{"href":"https:\/\/www.greeneggtotaal.nl\/fr\/wp-json\/wp\/v2\/media?parent=52109"}],"wp:term":[{"taxonomy":"product_brand","embeddable":true,"href":"https:\/\/www.greeneggtotaal.nl\/fr\/wp-json\/wp\/v2\/product_brand?post=52109"},{"taxonomy":"product_cat","embeddable":true,"href":"https:\/\/www.greeneggtotaal.nl\/fr\/wp-json\/wp\/v2\/product_cat?post=52109"},{"taxonomy":"product_tag","embeddable":true,"href":"https:\/\/www.greeneggtotaal.nl\/fr\/wp-json\/wp\/v2\/product_tag?post=52109"}],"curies":[{"name":"wp","href":"https:\/\/api.w.org\/{rel}","templated":true}]}}