{"id":52326,"date":"2026-03-18T14:41:24","date_gmt":"2026-03-18T13:41:24","guid":{"rendered":"https:\/\/www.greeneggtotaal.nl\/?post_type=product&#038;p=52326"},"modified":"2026-04-02T16:47:31","modified_gmt":"2026-04-02T14:47:31","slug":"herqs-blaze-heater","status":"publish","type":"product","link":"https:\/\/www.greeneggtotaal.nl\/fr\/product\/herqs-blaze-heater\/","title":{"rendered":"HerQs Blaze Heater"},"content":{"rendered":"<p>Votre brasero herQs fournit d\u00e9j\u00e0 beaucoup de chaleur et est confortable, mais il est toujours possible de l'am\u00e9liorer. Avec le foyer herQs blaze, vous obtenez vraiment toute la chaleur, l\u00e0 o\u00f9 vous et vos amis l'aimez.<\/p>\n<p>Lorsque vous br\u00fblez du feu, la chaleur monte, mais une grande partie est perdue. Le chauffe-br\u00fbleur capture cette chaleur et la renvoie vers le bas, vous gardant bien au chaud.<\/p>\n<p>Qu'obtenez-vous ?<\/p>\n<p>\u2714 Vous sentez la chaleur partout, pas seulement sur le feu<br \/>\n\u2714 Vos pieds, vos jambes et le reste de votre corps restent au chaud plus longtemps<br \/>\n\u2714 Your friends are right where it's hot<br \/>\nPas de perte de chaleur, juste de la chaleur !<\/p>","protected":false},"excerpt":{"rendered":"<p>Je herQs vuurkorf geeft al veel warmte en is gezellig, maar het kan altijd beter. Met de herQs blaze heater haal je echt alle warmte eruit, precies waar jij en je vrienden het fijn vinden. Als je vuur brandt, gaat de warmte omhoog, maar veel daarvan gaat verloren. De blaze heater vangt die warmte op [&hellip;]<\/p>\n","protected":false},"featured_media":52327,"template":"","meta":[],"product_brand":[],"product_cat":[85],"product_tag":[],"class_list":{"0":"post-52326","1":"product","2":"type-product","3":"status-publish","4":"has-post-thumbnail","6":"product_cat-herqs-thermometers","8":"first","9":"instock","10":"taxable","11":"shipping-taxable","12":"purchasable","13":"product-type-simple"},"yoast_head":"<!-- This site is optimized with the Yoast SEO Premium plugin v27.4 (Yoast SEO v27.4) - https:\/\/yoast.com\/product\/yoast-seo-premium-wordpress\/ -->\n<title>HerQs Blaze Heater<\/title>\n<meta name=\"description\" content=\"Je herQs vuurkorf geeft al veel warmte en is gezellig, maar het kan altijd beter. Met de herQs blaze heater haal je echt alle warmte eruit.\" \/>\n<meta name=\"robots\" content=\"index, follow, max-snippet:-1, max-image-preview:large, max-video-preview:-1\" \/>\n<link rel=\"canonical\" href=\"https:\/\/www.greeneggtotaal.nl\/fr\/product\/herqs-blaze-heater\/\" \/>\n<meta property=\"og:locale\" content=\"fr_FR\" \/>\n<meta property=\"og:type\" content=\"article\" \/>\n<meta property=\"og:title\" content=\"HerQs Blaze Heater\" \/>\n<meta property=\"og:description\" content=\"Je herQs vuurkorf geeft al veel warmte en is gezellig, maar het kan altijd beter. Met de herQs blaze heater haal je echt alle warmte eruit.\" \/>\n<meta property=\"og:url\" content=\"https:\/\/www.greeneggtotaal.nl\/fr\/product\/herqs-blaze-heater\/\" \/>\n<meta property=\"og:site_name\" content=\"GreenEggTotaal\" \/>\n<meta property=\"article:modified_time\" content=\"2026-04-02T14:47:31+00:00\" \/>\n<meta property=\"og:image\" content=\"https:\/\/www.greeneggtotaal.nl\/wp-content\/uploads\/2026\/03\/GreenEggTotaal_-_2026-03-18T143840.876-removebg-preview.webp\" \/>\n\t<meta property=\"og:image:width\" content=\"500\" \/>\n\t<meta property=\"og:image:height\" content=\"500\" \/>\n\t<meta property=\"og:image:type\" content=\"image\/webp\" \/>\n<meta name=\"twitter:card\" content=\"summary_large_image\" \/>\n<meta name=\"twitter:label1\" content=\"Dur\u00e9e de lecture estim\u00e9e\" \/>\n\t<meta name=\"twitter:data1\" content=\"1 minute\" \/>\n<script type=\"application\/ld+json\" class=\"yoast-schema-graph\">{\"@context\":\"https:\\\/\\\/schema.org\",\"@graph\":[{\"@type\":\"WebPage\",\"@id\":\"https:\\\/\\\/www.greeneggtotaal.nl\\\/product\\\/herqs-blaze-heater\\\/\",\"url\":\"https:\\\/\\\/www.greeneggtotaal.nl\\\/product\\\/herqs-blaze-heater\\\/\",\"name\":\"HerQs Blaze Heater\",\"isPartOf\":{\"@id\":\"https:\\\/\\\/www.greeneggtotaal.nl\\\/nl\\\/#website\"},\"primaryImageOfPage\":{\"@id\":\"https:\\\/\\\/www.greeneggtotaal.nl\\\/product\\\/herqs-blaze-heater\\\/#primaryimage\"},\"image\":{\"@id\":\"https:\\\/\\\/www.greeneggtotaal.nl\\\/product\\\/herqs-blaze-heater\\\/#primaryimage\"},\"thumbnailUrl\":\"https:\\\/\\\/www.greeneggtotaal.nl\\\/wp-content\\\/uploads\\\/2026\\\/03\\\/GreenEggTotaal_-_2026-03-18T143840.876-removebg-preview.webp\",\"datePublished\":\"2026-03-18T13:41:24+00:00\",\"dateModified\":\"2026-04-02T14:47:31+00:00\",\"description\":\"Je herQs vuurkorf geeft al veel warmte en is gezellig, maar het kan altijd beter. Met de herQs blaze heater haal je echt alle warmte eruit.\",\"breadcrumb\":{\"@id\":\"https:\\\/\\\/www.greeneggtotaal.nl\\\/product\\\/herqs-blaze-heater\\\/#breadcrumb\"},\"inLanguage\":\"fr-FR\",\"potentialAction\":[{\"@type\":\"ReadAction\",\"target\":[\"https:\\\/\\\/www.greeneggtotaal.nl\\\/product\\\/herqs-blaze-heater\\\/\"]}]},{\"@type\":\"ImageObject\",\"inLanguage\":\"fr-FR\",\"@id\":\"https:\\\/\\\/www.greeneggtotaal.nl\\\/product\\\/herqs-blaze-heater\\\/#primaryimage\",\"url\":\"https:\\\/\\\/www.greeneggtotaal.nl\\\/wp-content\\\/uploads\\\/2026\\\/03\\\/GreenEggTotaal_-_2026-03-18T143840.876-removebg-preview.webp\",\"contentUrl\":\"https:\\\/\\\/www.greeneggtotaal.nl\\\/wp-content\\\/uploads\\\/2026\\\/03\\\/GreenEggTotaal_-_2026-03-18T143840.876-removebg-preview.webp\",\"width\":500,\"height\":500,\"caption\":\"HerQs Blaze Heater\"},{\"@type\":\"BreadcrumbList\",\"@id\":\"https:\\\/\\\/www.greeneggtotaal.nl\\\/product\\\/herqs-blaze-heater\\\/#breadcrumb\",\"itemListElement\":[{\"@type\":\"ListItem\",\"position\":1,\"name\":\"Home\",\"item\":\"https:\\\/\\\/www.greeneggtotaal.nl\\\/\"},{\"@type\":\"ListItem\",\"position\":2,\"name\":\"Shop\",\"item\":\"https:\\\/\\\/www.greeneggtotaal.nl\\\/nl\\\/shop\\\/\"},{\"@type\":\"ListItem\",\"position\":3,\"name\":\"HerQs Blaze Heater\"}]},{\"@type\":\"WebSite\",\"@id\":\"https:\\\/\\\/www.greeneggtotaal.nl\\\/nl\\\/#website\",\"url\":\"https:\\\/\\\/www.greeneggtotaal.nl\\\/nl\\\/\",\"name\":\"greeneggtotaal.nl\",\"description\":\"D\u00e9 Big Green Egg Specialist\",\"publisher\":{\"@id\":\"https:\\\/\\\/www.greeneggtotaal.nl\\\/nl\\\/#organization\"},\"potentialAction\":[{\"@type\":\"SearchAction\",\"target\":{\"@type\":\"EntryPoint\",\"urlTemplate\":\"https:\\\/\\\/www.greeneggtotaal.nl\\\/nl\\\/?s={search_term_string}\"},\"query-input\":{\"@type\":\"PropertyValueSpecification\",\"valueRequired\":true,\"valueName\":\"search_term_string\"}}],\"inLanguage\":\"fr-FR\"},{\"@type\":\"Organization\",\"@id\":\"https:\\\/\\\/www.greeneggtotaal.nl\\\/nl\\\/#organization\",\"name\":\"Green Egg Totaal\",\"url\":\"https:\\\/\\\/www.greeneggtotaal.nl\\\/nl\\\/\",\"logo\":{\"@type\":\"ImageObject\",\"inLanguage\":\"fr-FR\",\"@id\":\"https:\\\/\\\/www.greeneggtotaal.nl\\\/nl\\\/#\\\/schema\\\/logo\\\/image\\\/\",\"url\":\"https:\\\/\\\/www.greeneggtotaal.nl\\\/wp-content\\\/uploads\\\/2025\\\/06\\\/Green-Egg-Totaal-Logo.png\",\"contentUrl\":\"https:\\\/\\\/www.greeneggtotaal.nl\\\/wp-content\\\/uploads\\\/2025\\\/06\\\/Green-Egg-Totaal-Logo.png\",\"width\":225,\"height\":95,\"caption\":\"Green Egg Totaal\"},\"image\":{\"@id\":\"https:\\\/\\\/www.greeneggtotaal.nl\\\/nl\\\/#\\\/schema\\\/logo\\\/image\\\/\"}}]}<\/script>\n<!-- \/ Yoast SEO Premium plugin. -->","yoast_head_json":{"title":"HerQs Blaze Heater","description":"Votre brasero herQs fournit d\u00e9j\u00e0 beaucoup de chaleur et est confortable, mais il est toujours possible de l'am\u00e9liorer. Avec le po\u00eale herQs blaze heater, vous obtenez vraiment toute la chaleur.","robots":{"index":"index","follow":"follow","max-snippet":"max-snippet:-1","max-image-preview":"max-image-preview:large","max-video-preview":"max-video-preview:-1"},"canonical":"https:\/\/www.greeneggtotaal.nl\/fr\/product\/herqs-blaze-heater\/","og_locale":"fr_FR","og_type":"article","og_title":"HerQs Blaze Heater","og_description":"Je herQs vuurkorf geeft al veel warmte en is gezellig, maar het kan altijd beter. Met de herQs blaze heater haal je echt alle warmte eruit.","og_url":"https:\/\/www.greeneggtotaal.nl\/fr\/product\/herqs-blaze-heater\/","og_site_name":"GreenEggTotaal","article_modified_time":"2026-04-02T14:47:31+00:00","og_image":[{"width":500,"height":500,"url":"https:\/\/www.greeneggtotaal.nl\/wp-content\/uploads\/2026\/03\/GreenEggTotaal_-_2026-03-18T143840.876-removebg-preview.webp","type":"image\/webp"}],"twitter_card":"summary_large_image","twitter_misc":{"Dur\u00e9e de lecture estim\u00e9e":"1 minute"},"schema":{"@context":"https:\/\/schema.org","@graph":[{"@type":"WebPage","@id":"https:\/\/www.greeneggtotaal.nl\/product\/herqs-blaze-heater\/","url":"https:\/\/www.greeneggtotaal.nl\/product\/herqs-blaze-heater\/","name":"HerQs Blaze Heater","isPartOf":{"@id":"https:\/\/www.greeneggtotaal.nl\/nl\/#website"},"primaryImageOfPage":{"@id":"https:\/\/www.greeneggtotaal.nl\/product\/herqs-blaze-heater\/#primaryimage"},"image":{"@id":"https:\/\/www.greeneggtotaal.nl\/product\/herqs-blaze-heater\/#primaryimage"},"thumbnailUrl":"https:\/\/www.greeneggtotaal.nl\/wp-content\/uploads\/2026\/03\/GreenEggTotaal_-_2026-03-18T143840.876-removebg-preview.webp","datePublished":"2026-03-18T13:41:24+00:00","dateModified":"2026-04-02T14:47:31+00:00","description":"Votre brasero herQs fournit d\u00e9j\u00e0 beaucoup de chaleur et est confortable, mais il est toujours possible de l'am\u00e9liorer. Avec le po\u00eale herQs blaze heater, vous obtenez vraiment toute la chaleur.","breadcrumb":{"@id":"https:\/\/www.greeneggtotaal.nl\/product\/herqs-blaze-heater\/#breadcrumb"},"inLanguage":"fr-FR","potentialAction":[{"@type":"ReadAction","target":["https:\/\/www.greeneggtotaal.nl\/product\/herqs-blaze-heater\/"]}]},{"@type":"ImageObject","inLanguage":"fr-FR","@id":"https:\/\/www.greeneggtotaal.nl\/product\/herqs-blaze-heater\/#primaryimage","url":"https:\/\/www.greeneggtotaal.nl\/wp-content\/uploads\/2026\/03\/GreenEggTotaal_-_2026-03-18T143840.876-removebg-preview.webp","contentUrl":"https:\/\/www.greeneggtotaal.nl\/wp-content\/uploads\/2026\/03\/GreenEggTotaal_-_2026-03-18T143840.876-removebg-preview.webp","width":500,"height":500,"caption":"HerQs Blaze Heater"},{"@type":"BreadcrumbList","@id":"https:\/\/www.greeneggtotaal.nl\/product\/herqs-blaze-heater\/#breadcrumb","itemListElement":[{"@type":"ListItem","position":1,"name":"Home","item":"https:\/\/www.greeneggtotaal.nl\/"},{"@type":"ListItem","position":2,"name":"Shop","item":"https:\/\/www.greeneggtotaal.nl\/nl\/shop\/"},{"@type":"ListItem","position":3,"name":"HerQs Blaze Heater"}]},{"@type":"WebSite","@id":"https:\/\/www.greeneggtotaal.nl\/nl\/#website","url":"https:\/\/www.greeneggtotaal.nl\/nl\/","name":"greeneggtotaal.nl","description":"Le sp\u00e9cialiste du Big Green Egg","publisher":{"@id":"https:\/\/www.greeneggtotaal.nl\/nl\/#organization"},"potentialAction":[{"@type":"SearchAction","target":{"@type":"EntryPoint","urlTemplate":"https:\/\/www.greeneggtotaal.nl\/nl\/?s={search_term_string}"},"query-input":{"@type":"PropertyValueSpecification","valueRequired":true,"valueName":"search_term_string"}}],"inLanguage":"fr-FR"},{"@type":"Organization","@id":"https:\/\/www.greeneggtotaal.nl\/nl\/#organization","name":"Green Egg Totaal","url":"https:\/\/www.greeneggtotaal.nl\/nl\/","logo":{"@type":"ImageObject","inLanguage":"fr-FR","@id":"https:\/\/www.greeneggtotaal.nl\/nl\/#\/schema\/logo\/image\/","url":"https:\/\/www.greeneggtotaal.nl\/wp-content\/uploads\/2025\/06\/Green-Egg-Totaal-Logo.png","contentUrl":"https:\/\/www.greeneggtotaal.nl\/wp-content\/uploads\/2025\/06\/Green-Egg-Totaal-Logo.png","width":225,"height":95,"caption":"Green Egg Totaal"},"image":{"@id":"https:\/\/www.greeneggtotaal.nl\/nl\/#\/schema\/logo\/image\/"}}]}},"_links":{"self":[{"href":"https:\/\/www.greeneggtotaal.nl\/fr\/wp-json\/wp\/v2\/product\/52326","targetHints":{"allow":["GET"]}}],"collection":[{"href":"https:\/\/www.greeneggtotaal.nl\/fr\/wp-json\/wp\/v2\/product"}],"about":[{"href":"https:\/\/www.greeneggtotaal.nl\/fr\/wp-json\/wp\/v2\/types\/product"}],"wp:featuredmedia":[{"embeddable":true,"href":"https:\/\/www.greeneggtotaal.nl\/fr\/wp-json\/wp\/v2\/media\/52327"}],"wp:attachment":[{"href":"https:\/\/www.greeneggtotaal.nl\/fr\/wp-json\/wp\/v2\/media?parent=52326"}],"wp:term":[{"taxonomy":"product_brand","embeddable":true,"href":"https:\/\/www.greeneggtotaal.nl\/fr\/wp-json\/wp\/v2\/product_brand?post=52326"},{"taxonomy":"product_cat","embeddable":true,"href":"https:\/\/www.greeneggtotaal.nl\/fr\/wp-json\/wp\/v2\/product_cat?post=52326"},{"taxonomy":"product_tag","embeddable":true,"href":"https:\/\/www.greeneggtotaal.nl\/fr\/wp-json\/wp\/v2\/product_tag?post=52326"}],"curies":[{"name":"wp","href":"https:\/\/api.w.org\/{rel}","templated":true}]}}