{"id":52333,"date":"2026-03-18T14:46:16","date_gmt":"2026-03-18T13:46:16","guid":{"rendered":"https:\/\/www.greeneggtotaal.nl\/?post_type=product&#038;p=52333"},"modified":"2026-04-02T16:39:15","modified_gmt":"2026-04-02T14:39:15","slug":"herqs-cozy-closer","status":"publish","type":"product","link":"https:\/\/www.greeneggtotaal.nl\/fr\/product\/herqs-cozy-closer\/","title":{"rendered":"HerQs Cozy Closer"},"content":{"rendered":"<p>La soir\u00e9e parfaite, c'est non seulement profiter du feu, mais aussi en contr\u00f4ler toutes les phases, de la premi\u00e8re \u00e9tincelle \u00e0 la derni\u00e8re lueur. Le herQs Cozy Closer rend cela possible.<\/p>\n<p><strong>L'exp\u00e9rience du Closer douillet<\/strong><\/p>\n<p>Un feu puissant n\u00e9cessite une fermeture solide. Le herQs Cozy Closer est le couvercle parfait pour votre brasero herQs Cozy et vous donne un contr\u00f4le total lorsque la soir\u00e9e touche \u00e0 sa fin. D'un simple geste, vous fermez le feu en toute s\u00e9curit\u00e9 et \u00e9teignez les flammes de mani\u00e8re contr\u00f4l\u00e9e.<\/p>\n<p>Pas d'\u00e9tincelles, pas de bois qui couve, pas de sentiment de malaise lorsque vous rentrez \u00e0 l'int\u00e9rieur. Le Cozy Closer \u00e9touffe efficacement le feu et maintient les cendres et les d\u00e9bris \u00e0 l'int\u00e9rieur du foyer. S\u00fbr, simple et efficace.<\/p>\n<p>La chaleur s'estompe, la conversation se tait lentement. Avec le Cozy Closer, vous terminez votre moment de feu comme il se doit, tranquillement, de mani\u00e8re contr\u00f4l\u00e9e et sans concession \u00e0 la commodit\u00e9 ou \u00e0 la s\u00e9curit\u00e9.<\/p>\n<p>Votre feu, du d\u00e9but \u00e0 la fin<\/p>\n<p>herQs vous permet de vous d\u00e9tendre comme un pro. Que vous appr\u00e9ciiez les flammes sans fum\u00e9e ou que vous terminiez la soir\u00e9e en beaut\u00e9 avec le Cozy Closer, vous avez le contr\u00f4le.<\/p>","protected":false},"excerpt":{"rendered":"<p>De perfecte avond bestaat: niet alleen genieten van het vuur, maar ook iedere fase ervan onder controle hebben, van eerste vonk tot laatste gloed. De herQs Cozy Closer maakt dit mogelijk. De Cozy Closer Ervaring Een krachtig vuur vraagt om een sterke afsluiting. De herQs Cozy Closer is het perfect passende deksel voor jouw herQs [&hellip;]<\/p>\n","protected":false},"featured_media":52868,"template":"","meta":[],"product_brand":[],"product_cat":[85],"product_tag":[],"class_list":{"0":"post-52333","1":"product","2":"type-product","3":"status-publish","4":"has-post-thumbnail","6":"product_cat-herqs-thermometers","8":"first","9":"instock","10":"taxable","11":"shipping-taxable","12":"purchasable","13":"product-type-simple"},"yoast_head":"<!-- This site is optimized with the Yoast SEO Premium plugin v27.4 (Yoast SEO v27.4) - https:\/\/yoast.com\/product\/yoast-seo-premium-wordpress\/ -->\n<title>HerQs Cozy Closer<\/title>\n<meta name=\"robots\" content=\"index, follow, max-snippet:-1, max-image-preview:large, max-video-preview:-1\" \/>\n<link rel=\"canonical\" href=\"https:\/\/www.greeneggtotaal.nl\/fr\/product\/herqs-cozy-closer\/\" \/>\n<meta property=\"og:locale\" content=\"fr_FR\" \/>\n<meta property=\"og:type\" content=\"article\" \/>\n<meta property=\"og:title\" content=\"HerQs Cozy Closer\" \/>\n<meta property=\"og:description\" content=\"De perfecte avond bestaat: niet alleen genieten van het vuur, maar ook iedere fase ervan onder controle hebben, van eerste vonk tot laatste gloed. De herQs Cozy Closer maakt dit mogelijk. De Cozy Closer Ervaring Een krachtig vuur vraagt om een sterke afsluiting. De herQs Cozy Closer is het perfect passende deksel voor jouw herQs [&hellip;]\" \/>\n<meta property=\"og:url\" content=\"https:\/\/www.greeneggtotaal.nl\/fr\/product\/herqs-cozy-closer\/\" \/>\n<meta property=\"og:site_name\" content=\"GreenEggTotaal\" \/>\n<meta property=\"article:modified_time\" content=\"2026-04-02T14:39:15+00:00\" \/>\n<meta property=\"og:image\" content=\"https:\/\/www.greeneggtotaal.nl\/wp-content\/uploads\/2026\/03\/GreenEggTotaal_-_2026-04-02T163713.687-removebg-preview.webp\" \/>\n\t<meta property=\"og:image:width\" content=\"500\" \/>\n\t<meta property=\"og:image:height\" content=\"500\" \/>\n\t<meta property=\"og:image:type\" content=\"image\/webp\" \/>\n<meta name=\"twitter:card\" content=\"summary_large_image\" \/>\n<meta name=\"twitter:label1\" content=\"Dur\u00e9e de lecture estim\u00e9e\" \/>\n\t<meta name=\"twitter:data1\" content=\"2 minutes\" \/>\n<script type=\"application\/ld+json\" class=\"yoast-schema-graph\">{\"@context\":\"https:\\\/\\\/schema.org\",\"@graph\":[{\"@type\":\"WebPage\",\"@id\":\"https:\\\/\\\/www.greeneggtotaal.nl\\\/product\\\/herqs-cozy-closer\\\/\",\"url\":\"https:\\\/\\\/www.greeneggtotaal.nl\\\/product\\\/herqs-cozy-closer\\\/\",\"name\":\"HerQs Cozy Closer\",\"isPartOf\":{\"@id\":\"https:\\\/\\\/www.greeneggtotaal.nl\\\/nl\\\/#website\"},\"primaryImageOfPage\":{\"@id\":\"https:\\\/\\\/www.greeneggtotaal.nl\\\/product\\\/herqs-cozy-closer\\\/#primaryimage\"},\"image\":{\"@id\":\"https:\\\/\\\/www.greeneggtotaal.nl\\\/product\\\/herqs-cozy-closer\\\/#primaryimage\"},\"thumbnailUrl\":\"https:\\\/\\\/www.greeneggtotaal.nl\\\/wp-content\\\/uploads\\\/2026\\\/03\\\/GreenEggTotaal_-_2026-04-02T163713.687-removebg-preview.webp\",\"datePublished\":\"2026-03-18T13:46:16+00:00\",\"dateModified\":\"2026-04-02T14:39:15+00:00\",\"breadcrumb\":{\"@id\":\"https:\\\/\\\/www.greeneggtotaal.nl\\\/product\\\/herqs-cozy-closer\\\/#breadcrumb\"},\"inLanguage\":\"fr-FR\",\"potentialAction\":[{\"@type\":\"ReadAction\",\"target\":[\"https:\\\/\\\/www.greeneggtotaal.nl\\\/product\\\/herqs-cozy-closer\\\/\"]}]},{\"@type\":\"ImageObject\",\"inLanguage\":\"fr-FR\",\"@id\":\"https:\\\/\\\/www.greeneggtotaal.nl\\\/product\\\/herqs-cozy-closer\\\/#primaryimage\",\"url\":\"https:\\\/\\\/www.greeneggtotaal.nl\\\/wp-content\\\/uploads\\\/2026\\\/03\\\/GreenEggTotaal_-_2026-04-02T163713.687-removebg-preview.webp\",\"contentUrl\":\"https:\\\/\\\/www.greeneggtotaal.nl\\\/wp-content\\\/uploads\\\/2026\\\/03\\\/GreenEggTotaal_-_2026-04-02T163713.687-removebg-preview.webp\",\"width\":500,\"height\":500,\"caption\":\"HerQs Cozy Closer\"},{\"@type\":\"BreadcrumbList\",\"@id\":\"https:\\\/\\\/www.greeneggtotaal.nl\\\/product\\\/herqs-cozy-closer\\\/#breadcrumb\",\"itemListElement\":[{\"@type\":\"ListItem\",\"position\":1,\"name\":\"Home\",\"item\":\"https:\\\/\\\/www.greeneggtotaal.nl\\\/\"},{\"@type\":\"ListItem\",\"position\":2,\"name\":\"Shop\",\"item\":\"https:\\\/\\\/www.greeneggtotaal.nl\\\/nl\\\/shop\\\/\"},{\"@type\":\"ListItem\",\"position\":3,\"name\":\"HerQs Cozy Closer\"}]},{\"@type\":\"WebSite\",\"@id\":\"https:\\\/\\\/www.greeneggtotaal.nl\\\/nl\\\/#website\",\"url\":\"https:\\\/\\\/www.greeneggtotaal.nl\\\/nl\\\/\",\"name\":\"greeneggtotaal.nl\",\"description\":\"D\u00e9 Big Green Egg Specialist\",\"publisher\":{\"@id\":\"https:\\\/\\\/www.greeneggtotaal.nl\\\/nl\\\/#organization\"},\"potentialAction\":[{\"@type\":\"SearchAction\",\"target\":{\"@type\":\"EntryPoint\",\"urlTemplate\":\"https:\\\/\\\/www.greeneggtotaal.nl\\\/nl\\\/?s={search_term_string}\"},\"query-input\":{\"@type\":\"PropertyValueSpecification\",\"valueRequired\":true,\"valueName\":\"search_term_string\"}}],\"inLanguage\":\"fr-FR\"},{\"@type\":\"Organization\",\"@id\":\"https:\\\/\\\/www.greeneggtotaal.nl\\\/nl\\\/#organization\",\"name\":\"Green Egg Totaal\",\"url\":\"https:\\\/\\\/www.greeneggtotaal.nl\\\/nl\\\/\",\"logo\":{\"@type\":\"ImageObject\",\"inLanguage\":\"fr-FR\",\"@id\":\"https:\\\/\\\/www.greeneggtotaal.nl\\\/nl\\\/#\\\/schema\\\/logo\\\/image\\\/\",\"url\":\"https:\\\/\\\/www.greeneggtotaal.nl\\\/wp-content\\\/uploads\\\/2025\\\/06\\\/Green-Egg-Totaal-Logo.png\",\"contentUrl\":\"https:\\\/\\\/www.greeneggtotaal.nl\\\/wp-content\\\/uploads\\\/2025\\\/06\\\/Green-Egg-Totaal-Logo.png\",\"width\":225,\"height\":95,\"caption\":\"Green Egg Totaal\"},\"image\":{\"@id\":\"https:\\\/\\\/www.greeneggtotaal.nl\\\/nl\\\/#\\\/schema\\\/logo\\\/image\\\/\"}}]}<\/script>\n<!-- \/ Yoast SEO Premium plugin. -->","yoast_head_json":{"title":"HerQs Cozy Closer","robots":{"index":"index","follow":"follow","max-snippet":"max-snippet:-1","max-image-preview":"max-image-preview:large","max-video-preview":"max-video-preview:-1"},"canonical":"https:\/\/www.greeneggtotaal.nl\/fr\/product\/herqs-cozy-closer\/","og_locale":"fr_FR","og_type":"article","og_title":"HerQs Cozy Closer","og_description":"De perfecte avond bestaat: niet alleen genieten van het vuur, maar ook iedere fase ervan onder controle hebben, van eerste vonk tot laatste gloed. De herQs Cozy Closer maakt dit mogelijk. De Cozy Closer Ervaring Een krachtig vuur vraagt om een sterke afsluiting. De herQs Cozy Closer is het perfect passende deksel voor jouw herQs [&hellip;]","og_url":"https:\/\/www.greeneggtotaal.nl\/fr\/product\/herqs-cozy-closer\/","og_site_name":"GreenEggTotaal","article_modified_time":"2026-04-02T14:39:15+00:00","og_image":[{"width":500,"height":500,"url":"https:\/\/www.greeneggtotaal.nl\/wp-content\/uploads\/2026\/03\/GreenEggTotaal_-_2026-04-02T163713.687-removebg-preview.webp","type":"image\/webp"}],"twitter_card":"summary_large_image","twitter_misc":{"Dur\u00e9e de lecture estim\u00e9e":"2 minutes"},"schema":{"@context":"https:\/\/schema.org","@graph":[{"@type":"WebPage","@id":"https:\/\/www.greeneggtotaal.nl\/product\/herqs-cozy-closer\/","url":"https:\/\/www.greeneggtotaal.nl\/product\/herqs-cozy-closer\/","name":"HerQs Cozy Closer","isPartOf":{"@id":"https:\/\/www.greeneggtotaal.nl\/nl\/#website"},"primaryImageOfPage":{"@id":"https:\/\/www.greeneggtotaal.nl\/product\/herqs-cozy-closer\/#primaryimage"},"image":{"@id":"https:\/\/www.greeneggtotaal.nl\/product\/herqs-cozy-closer\/#primaryimage"},"thumbnailUrl":"https:\/\/www.greeneggtotaal.nl\/wp-content\/uploads\/2026\/03\/GreenEggTotaal_-_2026-04-02T163713.687-removebg-preview.webp","datePublished":"2026-03-18T13:46:16+00:00","dateModified":"2026-04-02T14:39:15+00:00","breadcrumb":{"@id":"https:\/\/www.greeneggtotaal.nl\/product\/herqs-cozy-closer\/#breadcrumb"},"inLanguage":"fr-FR","potentialAction":[{"@type":"ReadAction","target":["https:\/\/www.greeneggtotaal.nl\/product\/herqs-cozy-closer\/"]}]},{"@type":"ImageObject","inLanguage":"fr-FR","@id":"https:\/\/www.greeneggtotaal.nl\/product\/herqs-cozy-closer\/#primaryimage","url":"https:\/\/www.greeneggtotaal.nl\/wp-content\/uploads\/2026\/03\/GreenEggTotaal_-_2026-04-02T163713.687-removebg-preview.webp","contentUrl":"https:\/\/www.greeneggtotaal.nl\/wp-content\/uploads\/2026\/03\/GreenEggTotaal_-_2026-04-02T163713.687-removebg-preview.webp","width":500,"height":500,"caption":"HerQs Cozy Closer"},{"@type":"BreadcrumbList","@id":"https:\/\/www.greeneggtotaal.nl\/product\/herqs-cozy-closer\/#breadcrumb","itemListElement":[{"@type":"ListItem","position":1,"name":"Home","item":"https:\/\/www.greeneggtotaal.nl\/"},{"@type":"ListItem","position":2,"name":"Shop","item":"https:\/\/www.greeneggtotaal.nl\/nl\/shop\/"},{"@type":"ListItem","position":3,"name":"HerQs Cozy Closer"}]},{"@type":"WebSite","@id":"https:\/\/www.greeneggtotaal.nl\/nl\/#website","url":"https:\/\/www.greeneggtotaal.nl\/nl\/","name":"greeneggtotaal.nl","description":"Le sp\u00e9cialiste du Big Green Egg","publisher":{"@id":"https:\/\/www.greeneggtotaal.nl\/nl\/#organization"},"potentialAction":[{"@type":"SearchAction","target":{"@type":"EntryPoint","urlTemplate":"https:\/\/www.greeneggtotaal.nl\/nl\/?s={search_term_string}"},"query-input":{"@type":"PropertyValueSpecification","valueRequired":true,"valueName":"search_term_string"}}],"inLanguage":"fr-FR"},{"@type":"Organization","@id":"https:\/\/www.greeneggtotaal.nl\/nl\/#organization","name":"Green Egg Totaal","url":"https:\/\/www.greeneggtotaal.nl\/nl\/","logo":{"@type":"ImageObject","inLanguage":"fr-FR","@id":"https:\/\/www.greeneggtotaal.nl\/nl\/#\/schema\/logo\/image\/","url":"https:\/\/www.greeneggtotaal.nl\/wp-content\/uploads\/2025\/06\/Green-Egg-Totaal-Logo.png","contentUrl":"https:\/\/www.greeneggtotaal.nl\/wp-content\/uploads\/2025\/06\/Green-Egg-Totaal-Logo.png","width":225,"height":95,"caption":"Green Egg Totaal"},"image":{"@id":"https:\/\/www.greeneggtotaal.nl\/nl\/#\/schema\/logo\/image\/"}}]}},"_links":{"self":[{"href":"https:\/\/www.greeneggtotaal.nl\/fr\/wp-json\/wp\/v2\/product\/52333","targetHints":{"allow":["GET"]}}],"collection":[{"href":"https:\/\/www.greeneggtotaal.nl\/fr\/wp-json\/wp\/v2\/product"}],"about":[{"href":"https:\/\/www.greeneggtotaal.nl\/fr\/wp-json\/wp\/v2\/types\/product"}],"wp:featuredmedia":[{"embeddable":true,"href":"https:\/\/www.greeneggtotaal.nl\/fr\/wp-json\/wp\/v2\/media\/52868"}],"wp:attachment":[{"href":"https:\/\/www.greeneggtotaal.nl\/fr\/wp-json\/wp\/v2\/media?parent=52333"}],"wp:term":[{"taxonomy":"product_brand","embeddable":true,"href":"https:\/\/www.greeneggtotaal.nl\/fr\/wp-json\/wp\/v2\/product_brand?post=52333"},{"taxonomy":"product_cat","embeddable":true,"href":"https:\/\/www.greeneggtotaal.nl\/fr\/wp-json\/wp\/v2\/product_cat?post=52333"},{"taxonomy":"product_tag","embeddable":true,"href":"https:\/\/www.greeneggtotaal.nl\/fr\/wp-json\/wp\/v2\/product_tag?post=52333"}],"curies":[{"name":"wp","href":"https:\/\/api.w.org\/{rel}","templated":true}]}}