{"id":52340,"date":"2026-03-18T14:57:38","date_gmt":"2026-03-18T13:57:38","guid":{"rendered":"https:\/\/www.greeneggtotaal.nl\/?post_type=product&#038;p=52340"},"modified":"2026-04-20T16:33:26","modified_gmt":"2026-04-20T14:33:26","slug":"herqs-cozyblaze-grounder-heat-mat","status":"publish","type":"product","link":"https:\/\/www.greeneggtotaal.nl\/fr\/product\/herqs-cozyblaze-grounder-heat-mat\/","title":{"rendered":"HerQs Cozy&amp;Blaze Grounder Heat Mat"},"content":{"rendered":"<p>Grounder Cozy\/Blaze forme une couche protectrice entre votre feu et le carrelage, le patio ou la terrasse. En haut, vous voyez des flammes cristallines, en bas, c'est la protection. R\u00e9sistant \u00e0 la chaleur, pliable, il \u00e9vite les traces de br\u00fblures et les d\u00e9colorations. Moins de fum\u00e9e, pas de danger pour les voisins et la terrasse gr\u00e2ce \u00e0 Grounder.<\/p>\n<p>Id\u00e9al \u00e9galement sous votre barbecue. Les braises tombent, la graisse \u00e9clabousse ou il fait tr\u00e8s chaud, rien ne passe.<\/p>\n<p>Vous le d\u00e9roulez. On met le panier \u00e0 feu sur le dessus. C'est fait.<\/p>","protected":false},"excerpt":{"rendered":"<p>Grounder Cozy\/Blaze vormt een beschermende laag tussen jouw vuur en de tegels, het terras of de vlonder. Bovenop zie je kristalheldere vlammen, daaronder ligt de bescherming. Hittebestendig, opvouwbaar, voorkomt brandplekken en verkleuring. Minder rook, burenproof en terrasveilig dankzij Grounder. Ook ideaal onder je BBQ. Vallen er kooltjes, spat er vet of wordt het extreem heet, [&hellip;]<\/p>\n","protected":false},"featured_media":52342,"template":"","meta":[],"product_brand":[],"product_cat":[85],"product_tag":[],"class_list":{"0":"post-52340","1":"product","2":"type-product","3":"status-publish","4":"has-post-thumbnail","6":"product_cat-herqs-thermometers","8":"first","9":"outofstock","10":"taxable","11":"shipping-taxable","12":"purchasable","13":"product-type-simple"},"yoast_head":"<!-- This site is optimized with the Yoast SEO Premium plugin v27.4 (Yoast SEO v27.4) - https:\/\/yoast.com\/product\/yoast-seo-premium-wordpress\/ -->\n<title>HerQs Cozy&amp;Blaze Grounder Heat Mat<\/title>\n<meta name=\"description\" content=\"Grounder Cozy\/Blaze vormt een beschermende laag tussen jouw vuur en de tegels, het terras of de vlonder. Nu te koop bij GreenEggTotaal.\" \/>\n<meta name=\"robots\" content=\"index, follow, max-snippet:-1, max-image-preview:large, max-video-preview:-1\" \/>\n<link rel=\"canonical\" href=\"https:\/\/www.greeneggtotaal.nl\/fr\/product\/herqs-cozyblaze-grounder-heat-mat\/\" \/>\n<meta property=\"og:locale\" content=\"fr_FR\" \/>\n<meta property=\"og:type\" content=\"article\" \/>\n<meta property=\"og:title\" content=\"HerQs Cozy&amp;Blaze Grounder Heat Mat\" \/>\n<meta property=\"og:description\" content=\"Grounder Cozy\/Blaze vormt een beschermende laag tussen jouw vuur en de tegels, het terras of de vlonder. Nu te koop bij GreenEggTotaal.\" \/>\n<meta property=\"og:url\" content=\"https:\/\/www.greeneggtotaal.nl\/fr\/product\/herqs-cozyblaze-grounder-heat-mat\/\" \/>\n<meta property=\"og:site_name\" content=\"GreenEggTotaal\" \/>\n<meta property=\"article:modified_time\" content=\"2026-04-20T14:33:26+00:00\" \/>\n<meta property=\"og:image\" content=\"https:\/\/www.greeneggtotaal.nl\/wp-content\/uploads\/2026\/03\/GreenEggTotaal_-_2026-03-18T145513.399-removebg-preview.webp\" \/>\n\t<meta property=\"og:image:width\" content=\"500\" \/>\n\t<meta property=\"og:image:height\" content=\"500\" \/>\n\t<meta property=\"og:image:type\" content=\"image\/webp\" \/>\n<meta name=\"twitter:card\" content=\"summary_large_image\" \/>\n<meta name=\"twitter:label1\" content=\"Dur\u00e9e de lecture estim\u00e9e\" \/>\n\t<meta name=\"twitter:data1\" content=\"1 minute\" \/>\n<script type=\"application\/ld+json\" class=\"yoast-schema-graph\">{\"@context\":\"https:\\\/\\\/schema.org\",\"@graph\":[{\"@type\":\"WebPage\",\"@id\":\"https:\\\/\\\/www.greeneggtotaal.nl\\\/product\\\/herqs-cozyblaze-grounder-heat-mat\\\/\",\"url\":\"https:\\\/\\\/www.greeneggtotaal.nl\\\/product\\\/herqs-cozyblaze-grounder-heat-mat\\\/\",\"name\":\"HerQs Cozy&Blaze Grounder Heat Mat\",\"isPartOf\":{\"@id\":\"https:\\\/\\\/www.greeneggtotaal.nl\\\/nl\\\/#website\"},\"primaryImageOfPage\":{\"@id\":\"https:\\\/\\\/www.greeneggtotaal.nl\\\/product\\\/herqs-cozyblaze-grounder-heat-mat\\\/#primaryimage\"},\"image\":{\"@id\":\"https:\\\/\\\/www.greeneggtotaal.nl\\\/product\\\/herqs-cozyblaze-grounder-heat-mat\\\/#primaryimage\"},\"thumbnailUrl\":\"https:\\\/\\\/www.greeneggtotaal.nl\\\/wp-content\\\/uploads\\\/2026\\\/03\\\/GreenEggTotaal_-_2026-03-18T145513.399-removebg-preview.webp\",\"datePublished\":\"2026-03-18T13:57:38+00:00\",\"dateModified\":\"2026-04-20T14:33:26+00:00\",\"description\":\"Grounder Cozy\\\/Blaze vormt een beschermende laag tussen jouw vuur en de tegels, het terras of de vlonder. Nu te koop bij GreenEggTotaal.\",\"breadcrumb\":{\"@id\":\"https:\\\/\\\/www.greeneggtotaal.nl\\\/product\\\/herqs-cozyblaze-grounder-heat-mat\\\/#breadcrumb\"},\"inLanguage\":\"fr-FR\",\"potentialAction\":[{\"@type\":\"ReadAction\",\"target\":[\"https:\\\/\\\/www.greeneggtotaal.nl\\\/product\\\/herqs-cozyblaze-grounder-heat-mat\\\/\"]}]},{\"@type\":\"ImageObject\",\"inLanguage\":\"fr-FR\",\"@id\":\"https:\\\/\\\/www.greeneggtotaal.nl\\\/product\\\/herqs-cozyblaze-grounder-heat-mat\\\/#primaryimage\",\"url\":\"https:\\\/\\\/www.greeneggtotaal.nl\\\/wp-content\\\/uploads\\\/2026\\\/03\\\/GreenEggTotaal_-_2026-03-18T145513.399-removebg-preview.webp\",\"contentUrl\":\"https:\\\/\\\/www.greeneggtotaal.nl\\\/wp-content\\\/uploads\\\/2026\\\/03\\\/GreenEggTotaal_-_2026-03-18T145513.399-removebg-preview.webp\",\"width\":500,\"height\":500,\"caption\":\"HerQs Cozy&Blaze Grounder Heat Mat\"},{\"@type\":\"BreadcrumbList\",\"@id\":\"https:\\\/\\\/www.greeneggtotaal.nl\\\/product\\\/herqs-cozyblaze-grounder-heat-mat\\\/#breadcrumb\",\"itemListElement\":[{\"@type\":\"ListItem\",\"position\":1,\"name\":\"Home\",\"item\":\"https:\\\/\\\/www.greeneggtotaal.nl\\\/\"},{\"@type\":\"ListItem\",\"position\":2,\"name\":\"Shop\",\"item\":\"https:\\\/\\\/www.greeneggtotaal.nl\\\/nl\\\/shop\\\/\"},{\"@type\":\"ListItem\",\"position\":3,\"name\":\"HerQs Cozy&#038;Blaze Grounder Heat Mat\"}]},{\"@type\":\"WebSite\",\"@id\":\"https:\\\/\\\/www.greeneggtotaal.nl\\\/nl\\\/#website\",\"url\":\"https:\\\/\\\/www.greeneggtotaal.nl\\\/nl\\\/\",\"name\":\"greeneggtotaal.nl\",\"description\":\"D\u00e9 Big Green Egg Specialist\",\"publisher\":{\"@id\":\"https:\\\/\\\/www.greeneggtotaal.nl\\\/nl\\\/#organization\"},\"potentialAction\":[{\"@type\":\"SearchAction\",\"target\":{\"@type\":\"EntryPoint\",\"urlTemplate\":\"https:\\\/\\\/www.greeneggtotaal.nl\\\/nl\\\/?s={search_term_string}\"},\"query-input\":{\"@type\":\"PropertyValueSpecification\",\"valueRequired\":true,\"valueName\":\"search_term_string\"}}],\"inLanguage\":\"fr-FR\"},{\"@type\":\"Organization\",\"@id\":\"https:\\\/\\\/www.greeneggtotaal.nl\\\/nl\\\/#organization\",\"name\":\"Green Egg Totaal\",\"url\":\"https:\\\/\\\/www.greeneggtotaal.nl\\\/nl\\\/\",\"logo\":{\"@type\":\"ImageObject\",\"inLanguage\":\"fr-FR\",\"@id\":\"https:\\\/\\\/www.greeneggtotaal.nl\\\/nl\\\/#\\\/schema\\\/logo\\\/image\\\/\",\"url\":\"https:\\\/\\\/www.greeneggtotaal.nl\\\/wp-content\\\/uploads\\\/2025\\\/06\\\/Green-Egg-Totaal-Logo.png\",\"contentUrl\":\"https:\\\/\\\/www.greeneggtotaal.nl\\\/wp-content\\\/uploads\\\/2025\\\/06\\\/Green-Egg-Totaal-Logo.png\",\"width\":225,\"height\":95,\"caption\":\"Green Egg Totaal\"},\"image\":{\"@id\":\"https:\\\/\\\/www.greeneggtotaal.nl\\\/nl\\\/#\\\/schema\\\/logo\\\/image\\\/\"}}]}<\/script>\n<!-- \/ Yoast SEO Premium plugin. -->","yoast_head_json":{"title":"HerQs Cozy&amp;Blaze Grounder Heat Mat","description":"Le Grounder Cozy\/Blaze forme une couche protectrice entre votre feu et le carrelage, le patio ou la terrasse. Maintenant en vente chez GreenEggTotal.","robots":{"index":"index","follow":"follow","max-snippet":"max-snippet:-1","max-image-preview":"max-image-preview:large","max-video-preview":"max-video-preview:-1"},"canonical":"https:\/\/www.greeneggtotaal.nl\/fr\/product\/herqs-cozyblaze-grounder-heat-mat\/","og_locale":"fr_FR","og_type":"article","og_title":"HerQs Cozy&Blaze Grounder Heat Mat","og_description":"Grounder Cozy\/Blaze vormt een beschermende laag tussen jouw vuur en de tegels, het terras of de vlonder. Nu te koop bij GreenEggTotaal.","og_url":"https:\/\/www.greeneggtotaal.nl\/fr\/product\/herqs-cozyblaze-grounder-heat-mat\/","og_site_name":"GreenEggTotaal","article_modified_time":"2026-04-20T14:33:26+00:00","og_image":[{"width":500,"height":500,"url":"https:\/\/www.greeneggtotaal.nl\/wp-content\/uploads\/2026\/03\/GreenEggTotaal_-_2026-03-18T145513.399-removebg-preview.webp","type":"image\/webp"}],"twitter_card":"summary_large_image","twitter_misc":{"Dur\u00e9e de lecture estim\u00e9e":"1 minute"},"schema":{"@context":"https:\/\/schema.org","@graph":[{"@type":"WebPage","@id":"https:\/\/www.greeneggtotaal.nl\/product\/herqs-cozyblaze-grounder-heat-mat\/","url":"https:\/\/www.greeneggtotaal.nl\/product\/herqs-cozyblaze-grounder-heat-mat\/","name":"HerQs Cozy&amp;Blaze Grounder Heat Mat","isPartOf":{"@id":"https:\/\/www.greeneggtotaal.nl\/nl\/#website"},"primaryImageOfPage":{"@id":"https:\/\/www.greeneggtotaal.nl\/product\/herqs-cozyblaze-grounder-heat-mat\/#primaryimage"},"image":{"@id":"https:\/\/www.greeneggtotaal.nl\/product\/herqs-cozyblaze-grounder-heat-mat\/#primaryimage"},"thumbnailUrl":"https:\/\/www.greeneggtotaal.nl\/wp-content\/uploads\/2026\/03\/GreenEggTotaal_-_2026-03-18T145513.399-removebg-preview.webp","datePublished":"2026-03-18T13:57:38+00:00","dateModified":"2026-04-20T14:33:26+00:00","description":"Le Grounder Cozy\/Blaze forme une couche protectrice entre votre feu et le carrelage, le patio ou la terrasse. Maintenant en vente chez GreenEggTotal.","breadcrumb":{"@id":"https:\/\/www.greeneggtotaal.nl\/product\/herqs-cozyblaze-grounder-heat-mat\/#breadcrumb"},"inLanguage":"fr-FR","potentialAction":[{"@type":"ReadAction","target":["https:\/\/www.greeneggtotaal.nl\/product\/herqs-cozyblaze-grounder-heat-mat\/"]}]},{"@type":"ImageObject","inLanguage":"fr-FR","@id":"https:\/\/www.greeneggtotaal.nl\/product\/herqs-cozyblaze-grounder-heat-mat\/#primaryimage","url":"https:\/\/www.greeneggtotaal.nl\/wp-content\/uploads\/2026\/03\/GreenEggTotaal_-_2026-03-18T145513.399-removebg-preview.webp","contentUrl":"https:\/\/www.greeneggtotaal.nl\/wp-content\/uploads\/2026\/03\/GreenEggTotaal_-_2026-03-18T145513.399-removebg-preview.webp","width":500,"height":500,"caption":"HerQs Cozy&Blaze Grounder Heat Mat"},{"@type":"BreadcrumbList","@id":"https:\/\/www.greeneggtotaal.nl\/product\/herqs-cozyblaze-grounder-heat-mat\/#breadcrumb","itemListElement":[{"@type":"ListItem","position":1,"name":"Home","item":"https:\/\/www.greeneggtotaal.nl\/"},{"@type":"ListItem","position":2,"name":"Shop","item":"https:\/\/www.greeneggtotaal.nl\/nl\/shop\/"},{"@type":"ListItem","position":3,"name":"HerQs Cozy&#038;Blaze Grounder Heat Mat"}]},{"@type":"WebSite","@id":"https:\/\/www.greeneggtotaal.nl\/nl\/#website","url":"https:\/\/www.greeneggtotaal.nl\/nl\/","name":"greeneggtotaal.nl","description":"Le sp\u00e9cialiste du Big Green Egg","publisher":{"@id":"https:\/\/www.greeneggtotaal.nl\/nl\/#organization"},"potentialAction":[{"@type":"SearchAction","target":{"@type":"EntryPoint","urlTemplate":"https:\/\/www.greeneggtotaal.nl\/nl\/?s={search_term_string}"},"query-input":{"@type":"PropertyValueSpecification","valueRequired":true,"valueName":"search_term_string"}}],"inLanguage":"fr-FR"},{"@type":"Organization","@id":"https:\/\/www.greeneggtotaal.nl\/nl\/#organization","name":"Green Egg Totaal","url":"https:\/\/www.greeneggtotaal.nl\/nl\/","logo":{"@type":"ImageObject","inLanguage":"fr-FR","@id":"https:\/\/www.greeneggtotaal.nl\/nl\/#\/schema\/logo\/image\/","url":"https:\/\/www.greeneggtotaal.nl\/wp-content\/uploads\/2025\/06\/Green-Egg-Totaal-Logo.png","contentUrl":"https:\/\/www.greeneggtotaal.nl\/wp-content\/uploads\/2025\/06\/Green-Egg-Totaal-Logo.png","width":225,"height":95,"caption":"Green Egg Totaal"},"image":{"@id":"https:\/\/www.greeneggtotaal.nl\/nl\/#\/schema\/logo\/image\/"}}]}},"_links":{"self":[{"href":"https:\/\/www.greeneggtotaal.nl\/fr\/wp-json\/wp\/v2\/product\/52340","targetHints":{"allow":["GET"]}}],"collection":[{"href":"https:\/\/www.greeneggtotaal.nl\/fr\/wp-json\/wp\/v2\/product"}],"about":[{"href":"https:\/\/www.greeneggtotaal.nl\/fr\/wp-json\/wp\/v2\/types\/product"}],"wp:featuredmedia":[{"embeddable":true,"href":"https:\/\/www.greeneggtotaal.nl\/fr\/wp-json\/wp\/v2\/media\/52342"}],"wp:attachment":[{"href":"https:\/\/www.greeneggtotaal.nl\/fr\/wp-json\/wp\/v2\/media?parent=52340"}],"wp:term":[{"taxonomy":"product_brand","embeddable":true,"href":"https:\/\/www.greeneggtotaal.nl\/fr\/wp-json\/wp\/v2\/product_brand?post=52340"},{"taxonomy":"product_cat","embeddable":true,"href":"https:\/\/www.greeneggtotaal.nl\/fr\/wp-json\/wp\/v2\/product_cat?post=52340"},{"taxonomy":"product_tag","embeddable":true,"href":"https:\/\/www.greeneggtotaal.nl\/fr\/wp-json\/wp\/v2\/product_tag?post=52340"}],"curies":[{"name":"wp","href":"https:\/\/api.w.org\/{rel}","templated":true}]}}