{"id":52765,"date":"2026-04-01T09:03:06","date_gmt":"2026-04-01T07:03:06","guid":{"rendered":"https:\/\/www.greeneggtotaal.nl\/?post_type=product&#038;p=52765"},"modified":"2026-04-01T09:03:08","modified_gmt":"2026-04-01T07:03:08","slug":"meilleur-charbon-de-bois-shichirin-grand","status":"publish","type":"product","link":"https:\/\/www.greeneggtotaal.nl\/fr\/product\/bestcharcoal-shichirin-large\/","title":{"rendered":"Bestcharcoal Shichirin Large"},"content":{"rendered":"<p>D\u00e9couvrez \u00e0 quel point les grillades \u00e0 table peuvent \u00eatre amusantes et agr\u00e9ables avec le Shichirin Large. Ce gril japonais authentique ajoute de l'ambiance \u00e0 toute table et est id\u00e9al pour les f\u00eates de jardin, les pique-niques ou les soir\u00e9es de cuisine en plein air. Gr\u00e2ce \u00e0 son design compact et l\u00e9ger, vous pouvez l'emporter partout sans effort.<\/p>\n<p>Avec le Shichirin Large, vous pouvez tout faire : des yakitori juteux et des steaks tendres aux l\u00e9gumes croustillants et aux fruits de mer frais. O\u00f9 que vous soyez, vous profitez toujours de la saveur pure des grillades au charbon de bois.<\/p>\n<p>Le Shichirin Large est livr\u00e9 avec deux pinces de haute qualit\u00e9 : une droite et une courbe. Dans la tradition japonaise des grillades, chaque pince a sa propre fonction. La pince droite sert \u00e0 d\u00e9poser avec pr\u00e9cision les ingr\u00e9dients crus, tandis que la pince courbe est parfaite pour d\u00e9placer d\u00e9licatement les produits cuits. Vous disposez \u00e9galement d'un support \u00e0 brochettes et de 10 brochettes, pour pr\u00e9parer facilement des yakitori, des satay ou d'autres d\u00e9licieux plats en brochettes. Le support permet de maintenir les brochettes au-dessus du charbon de bois, ce qui garantit une cuisson homog\u00e8ne.<\/p>\n<p>&nbsp;<\/p>\n<p><strong>Dimensions Shichirin Large<\/strong><\/p>\n<ul>\n<li>Hauteur : 19,5 cm<\/li>\n<li>Longueur : 54,5 cm<\/li>\n<li>Largeur : 24 cm<\/li>\n<li>Surface du gril : 50 \u00d7 20 cm<\/li>\n<\/ul>","protected":false},"excerpt":{"rendered":"<p>Ontdek hoe leuk en gezellig tafelgrillen kan zijn met de Shichirin Large. Deze authentieke Japanse grill zorgt voor sfeer aan elke tafel en is ideaal voor tuinfeestjes, picknicks of een avondje buiten koken. Dankzij het compacte en lichte ontwerp neem je hem zonder moeite overal mee naartoe. Met de Shichirin Large kun je alle kanten [&hellip;]<\/p>\n","protected":false},"featured_media":52767,"template":"","meta":[],"product_brand":[241],"product_cat":[34],"product_tag":[],"class_list":{"0":"post-52765","1":"product","2":"type-product","3":"status-publish","4":"has-post-thumbnail","6":"product_brand-best-charcoal","7":"product_cat-accessoires","9":"first","10":"instock","11":"taxable","12":"shipping-taxable","13":"purchasable","14":"product-type-simple"},"yoast_head":"<!-- This site is optimized with the Yoast SEO Premium plugin v27.4 (Yoast SEO v27.4) - https:\/\/yoast.com\/product\/yoast-seo-premium-wordpress\/ -->\n<title>The Shichirin Large<\/title>\n<meta name=\"description\" content=\"Ontdek hoe leuk en gezellig tafelgrillen kan zijn met de Shichirin Large. Deze authentieke Japanse grill zorgt voor sfeer aan elke tafel.\" \/>\n<meta name=\"robots\" content=\"index, follow, max-snippet:-1, max-image-preview:large, max-video-preview:-1\" \/>\n<link rel=\"canonical\" href=\"https:\/\/www.greeneggtotaal.nl\/fr\/product\/meilleur-charbon-de-bois-shichirin-grand\/\" \/>\n<meta property=\"og:locale\" content=\"fr_FR\" \/>\n<meta property=\"og:type\" content=\"article\" \/>\n<meta property=\"og:title\" content=\"Bestcharcoal Shichirin Large\" \/>\n<meta property=\"og:description\" content=\"Ontdek hoe leuk en gezellig tafelgrillen kan zijn met de Shichirin Large. Deze authentieke Japanse grill zorgt voor sfeer aan elke tafel.\" \/>\n<meta property=\"og:url\" content=\"https:\/\/www.greeneggtotaal.nl\/fr\/product\/meilleur-charbon-de-bois-shichirin-grand\/\" \/>\n<meta property=\"og:site_name\" content=\"GreenEggTotaal\" \/>\n<meta property=\"article:modified_time\" content=\"2026-04-01T07:03:08+00:00\" \/>\n<meta property=\"og:image\" content=\"https:\/\/www.greeneggtotaal.nl\/wp-content\/uploads\/2026\/04\/GreenEggTotaal_-_2026-04-01T085443.644-removebg-preview.webp\" \/>\n\t<meta property=\"og:image:width\" content=\"500\" \/>\n\t<meta property=\"og:image:height\" content=\"500\" \/>\n\t<meta property=\"og:image:type\" content=\"image\/webp\" \/>\n<meta name=\"twitter:card\" content=\"summary_large_image\" \/>\n<meta name=\"twitter:label1\" content=\"Dur\u00e9e de lecture estim\u00e9e\" \/>\n\t<meta name=\"twitter:data1\" content=\"2 minutes\" \/>\n<script type=\"application\/ld+json\" class=\"yoast-schema-graph\">{\"@context\":\"https:\\\/\\\/schema.org\",\"@graph\":[{\"@type\":\"WebPage\",\"@id\":\"https:\\\/\\\/www.greeneggtotaal.nl\\\/product\\\/bestcharcoal-shichirin-large\\\/\",\"url\":\"https:\\\/\\\/www.greeneggtotaal.nl\\\/product\\\/bestcharcoal-shichirin-large\\\/\",\"name\":\"The Shichirin Large\",\"isPartOf\":{\"@id\":\"https:\\\/\\\/www.greeneggtotaal.nl\\\/nl\\\/#website\"},\"primaryImageOfPage\":{\"@id\":\"https:\\\/\\\/www.greeneggtotaal.nl\\\/product\\\/bestcharcoal-shichirin-large\\\/#primaryimage\"},\"image\":{\"@id\":\"https:\\\/\\\/www.greeneggtotaal.nl\\\/product\\\/bestcharcoal-shichirin-large\\\/#primaryimage\"},\"thumbnailUrl\":\"https:\\\/\\\/www.greeneggtotaal.nl\\\/wp-content\\\/uploads\\\/2026\\\/04\\\/GreenEggTotaal_-_2026-04-01T085443.644-removebg-preview.webp\",\"datePublished\":\"2026-04-01T07:03:06+00:00\",\"dateModified\":\"2026-04-01T07:03:08+00:00\",\"description\":\"Ontdek hoe leuk en gezellig tafelgrillen kan zijn met de Shichirin Large. Deze authentieke Japanse grill zorgt voor sfeer aan elke tafel.\",\"breadcrumb\":{\"@id\":\"https:\\\/\\\/www.greeneggtotaal.nl\\\/product\\\/bestcharcoal-shichirin-large\\\/#breadcrumb\"},\"inLanguage\":\"fr-FR\",\"potentialAction\":[{\"@type\":\"ReadAction\",\"target\":[\"https:\\\/\\\/www.greeneggtotaal.nl\\\/product\\\/bestcharcoal-shichirin-large\\\/\"]}]},{\"@type\":\"ImageObject\",\"inLanguage\":\"fr-FR\",\"@id\":\"https:\\\/\\\/www.greeneggtotaal.nl\\\/product\\\/bestcharcoal-shichirin-large\\\/#primaryimage\",\"url\":\"https:\\\/\\\/www.greeneggtotaal.nl\\\/wp-content\\\/uploads\\\/2026\\\/04\\\/GreenEggTotaal_-_2026-04-01T085443.644-removebg-preview.webp\",\"contentUrl\":\"https:\\\/\\\/www.greeneggtotaal.nl\\\/wp-content\\\/uploads\\\/2026\\\/04\\\/GreenEggTotaal_-_2026-04-01T085443.644-removebg-preview.webp\",\"width\":500,\"height\":500,\"caption\":\"Bestcharcoal Shichirin Large\"},{\"@type\":\"BreadcrumbList\",\"@id\":\"https:\\\/\\\/www.greeneggtotaal.nl\\\/product\\\/bestcharcoal-shichirin-large\\\/#breadcrumb\",\"itemListElement\":[{\"@type\":\"ListItem\",\"position\":1,\"name\":\"Home\",\"item\":\"https:\\\/\\\/www.greeneggtotaal.nl\\\/\"},{\"@type\":\"ListItem\",\"position\":2,\"name\":\"Shop\",\"item\":\"https:\\\/\\\/www.greeneggtotaal.nl\\\/nl\\\/shop\\\/\"},{\"@type\":\"ListItem\",\"position\":3,\"name\":\"Bestcharcoal Shichirin Large\"}]},{\"@type\":\"WebSite\",\"@id\":\"https:\\\/\\\/www.greeneggtotaal.nl\\\/nl\\\/#website\",\"url\":\"https:\\\/\\\/www.greeneggtotaal.nl\\\/nl\\\/\",\"name\":\"greeneggtotaal.nl\",\"description\":\"D\u00e9 Big Green Egg Specialist\",\"publisher\":{\"@id\":\"https:\\\/\\\/www.greeneggtotaal.nl\\\/nl\\\/#organization\"},\"potentialAction\":[{\"@type\":\"SearchAction\",\"target\":{\"@type\":\"EntryPoint\",\"urlTemplate\":\"https:\\\/\\\/www.greeneggtotaal.nl\\\/nl\\\/?s={search_term_string}\"},\"query-input\":{\"@type\":\"PropertyValueSpecification\",\"valueRequired\":true,\"valueName\":\"search_term_string\"}}],\"inLanguage\":\"fr-FR\"},{\"@type\":\"Organization\",\"@id\":\"https:\\\/\\\/www.greeneggtotaal.nl\\\/nl\\\/#organization\",\"name\":\"Green Egg Totaal\",\"url\":\"https:\\\/\\\/www.greeneggtotaal.nl\\\/nl\\\/\",\"logo\":{\"@type\":\"ImageObject\",\"inLanguage\":\"fr-FR\",\"@id\":\"https:\\\/\\\/www.greeneggtotaal.nl\\\/nl\\\/#\\\/schema\\\/logo\\\/image\\\/\",\"url\":\"https:\\\/\\\/www.greeneggtotaal.nl\\\/wp-content\\\/uploads\\\/2025\\\/06\\\/Green-Egg-Totaal-Logo.png\",\"contentUrl\":\"https:\\\/\\\/www.greeneggtotaal.nl\\\/wp-content\\\/uploads\\\/2025\\\/06\\\/Green-Egg-Totaal-Logo.png\",\"width\":225,\"height\":95,\"caption\":\"Green Egg Totaal\"},\"image\":{\"@id\":\"https:\\\/\\\/www.greeneggtotaal.nl\\\/nl\\\/#\\\/schema\\\/logo\\\/image\\\/\"}}]}<\/script>\n<!-- \/ Yoast SEO Premium plugin. -->","yoast_head_json":{"title":"Le Shichirin Large","description":"D\u00e9couvrez \u00e0 quel point les grillades \u00e0 table peuvent \u00eatre amusantes et agr\u00e9ables avec le Shichirin Large. Ce gril japonais authentique ajoute de l'ambiance \u00e0 n'importe quelle table.","robots":{"index":"index","follow":"follow","max-snippet":"max-snippet:-1","max-image-preview":"max-image-preview:large","max-video-preview":"max-video-preview:-1"},"canonical":"https:\/\/www.greeneggtotaal.nl\/fr\/product\/meilleur-charbon-de-bois-shichirin-grand\/","og_locale":"fr_FR","og_type":"article","og_title":"Bestcharcoal Shichirin Large","og_description":"Ontdek hoe leuk en gezellig tafelgrillen kan zijn met de Shichirin Large. Deze authentieke Japanse grill zorgt voor sfeer aan elke tafel.","og_url":"https:\/\/www.greeneggtotaal.nl\/fr\/product\/meilleur-charbon-de-bois-shichirin-grand\/","og_site_name":"GreenEggTotaal","article_modified_time":"2026-04-01T07:03:08+00:00","og_image":[{"width":500,"height":500,"url":"https:\/\/www.greeneggtotaal.nl\/wp-content\/uploads\/2026\/04\/GreenEggTotaal_-_2026-04-01T085443.644-removebg-preview.webp","type":"image\/webp"}],"twitter_card":"summary_large_image","twitter_misc":{"Dur\u00e9e de lecture estim\u00e9e":"2 minutes"},"schema":{"@context":"https:\/\/schema.org","@graph":[{"@type":"WebPage","@id":"https:\/\/www.greeneggtotaal.nl\/product\/bestcharcoal-shichirin-large\/","url":"https:\/\/www.greeneggtotaal.nl\/product\/bestcharcoal-shichirin-large\/","name":"Le Shichirin Large","isPartOf":{"@id":"https:\/\/www.greeneggtotaal.nl\/nl\/#website"},"primaryImageOfPage":{"@id":"https:\/\/www.greeneggtotaal.nl\/product\/bestcharcoal-shichirin-large\/#primaryimage"},"image":{"@id":"https:\/\/www.greeneggtotaal.nl\/product\/bestcharcoal-shichirin-large\/#primaryimage"},"thumbnailUrl":"https:\/\/www.greeneggtotaal.nl\/wp-content\/uploads\/2026\/04\/GreenEggTotaal_-_2026-04-01T085443.644-removebg-preview.webp","datePublished":"2026-04-01T07:03:06+00:00","dateModified":"2026-04-01T07:03:08+00:00","description":"D\u00e9couvrez \u00e0 quel point les grillades \u00e0 table peuvent \u00eatre amusantes et agr\u00e9ables avec le Shichirin Large. Ce gril japonais authentique ajoute de l'ambiance \u00e0 n'importe quelle table.","breadcrumb":{"@id":"https:\/\/www.greeneggtotaal.nl\/product\/bestcharcoal-shichirin-large\/#breadcrumb"},"inLanguage":"fr-FR","potentialAction":[{"@type":"ReadAction","target":["https:\/\/www.greeneggtotaal.nl\/product\/bestcharcoal-shichirin-large\/"]}]},{"@type":"ImageObject","inLanguage":"fr-FR","@id":"https:\/\/www.greeneggtotaal.nl\/product\/bestcharcoal-shichirin-large\/#primaryimage","url":"https:\/\/www.greeneggtotaal.nl\/wp-content\/uploads\/2026\/04\/GreenEggTotaal_-_2026-04-01T085443.644-removebg-preview.webp","contentUrl":"https:\/\/www.greeneggtotaal.nl\/wp-content\/uploads\/2026\/04\/GreenEggTotaal_-_2026-04-01T085443.644-removebg-preview.webp","width":500,"height":500,"caption":"Bestcharcoal Shichirin Large"},{"@type":"BreadcrumbList","@id":"https:\/\/www.greeneggtotaal.nl\/product\/bestcharcoal-shichirin-large\/#breadcrumb","itemListElement":[{"@type":"ListItem","position":1,"name":"Home","item":"https:\/\/www.greeneggtotaal.nl\/"},{"@type":"ListItem","position":2,"name":"Shop","item":"https:\/\/www.greeneggtotaal.nl\/nl\/shop\/"},{"@type":"ListItem","position":3,"name":"Bestcharcoal Shichirin Large"}]},{"@type":"WebSite","@id":"https:\/\/www.greeneggtotaal.nl\/nl\/#website","url":"https:\/\/www.greeneggtotaal.nl\/nl\/","name":"greeneggtotaal.nl","description":"Le sp\u00e9cialiste du Big Green Egg","publisher":{"@id":"https:\/\/www.greeneggtotaal.nl\/nl\/#organization"},"potentialAction":[{"@type":"SearchAction","target":{"@type":"EntryPoint","urlTemplate":"https:\/\/www.greeneggtotaal.nl\/nl\/?s={search_term_string}"},"query-input":{"@type":"PropertyValueSpecification","valueRequired":true,"valueName":"search_term_string"}}],"inLanguage":"fr-FR"},{"@type":"Organization","@id":"https:\/\/www.greeneggtotaal.nl\/nl\/#organization","name":"Green Egg Totaal","url":"https:\/\/www.greeneggtotaal.nl\/nl\/","logo":{"@type":"ImageObject","inLanguage":"fr-FR","@id":"https:\/\/www.greeneggtotaal.nl\/nl\/#\/schema\/logo\/image\/","url":"https:\/\/www.greeneggtotaal.nl\/wp-content\/uploads\/2025\/06\/Green-Egg-Totaal-Logo.png","contentUrl":"https:\/\/www.greeneggtotaal.nl\/wp-content\/uploads\/2025\/06\/Green-Egg-Totaal-Logo.png","width":225,"height":95,"caption":"Green Egg Totaal"},"image":{"@id":"https:\/\/www.greeneggtotaal.nl\/nl\/#\/schema\/logo\/image\/"}}]}},"_links":{"self":[{"href":"https:\/\/www.greeneggtotaal.nl\/fr\/wp-json\/wp\/v2\/product\/52765","targetHints":{"allow":["GET"]}}],"collection":[{"href":"https:\/\/www.greeneggtotaal.nl\/fr\/wp-json\/wp\/v2\/product"}],"about":[{"href":"https:\/\/www.greeneggtotaal.nl\/fr\/wp-json\/wp\/v2\/types\/product"}],"wp:featuredmedia":[{"embeddable":true,"href":"https:\/\/www.greeneggtotaal.nl\/fr\/wp-json\/wp\/v2\/media\/52767"}],"wp:attachment":[{"href":"https:\/\/www.greeneggtotaal.nl\/fr\/wp-json\/wp\/v2\/media?parent=52765"}],"wp:term":[{"taxonomy":"product_brand","embeddable":true,"href":"https:\/\/www.greeneggtotaal.nl\/fr\/wp-json\/wp\/v2\/product_brand?post=52765"},{"taxonomy":"product_cat","embeddable":true,"href":"https:\/\/www.greeneggtotaal.nl\/fr\/wp-json\/wp\/v2\/product_cat?post=52765"},{"taxonomy":"product_tag","embeddable":true,"href":"https:\/\/www.greeneggtotaal.nl\/fr\/wp-json\/wp\/v2\/product_tag?post=52765"}],"curies":[{"name":"wp","href":"https:\/\/api.w.org\/{rel}","templated":true}]}}