{"id":52784,"date":"2026-04-01T14:44:03","date_gmt":"2026-04-01T12:44:03","guid":{"rendered":"https:\/\/www.greeneggtotaal.nl\/?post_type=product&#038;p=52784"},"modified":"2026-04-01T14:44:05","modified_gmt":"2026-04-01T12:44:05","slug":"machine-a-pop-corn-petromax","status":"publish","type":"product","link":"https:\/\/www.greeneggtotaal.nl\/fr\/product\/petromax-popcornmaker\/","title":{"rendered":"Machine \u00e0 pop-corn Petromax"},"content":{"rendered":"<p>La machine \u00e0 pop-corn Petromax produit du pop-corn frais et croustillant directement sur le feu de camp en un rien de temps. Les deux bols robustes en acier inoxydable peuvent contenir 100 grammes de ma\u00efs, qui se transforme rapidement en un d\u00e9licieux en-cas en plein air gr\u00e2ce \u00e0 la chaleur homog\u00e8ne. Le long manche en bois de h\u00eatre confortable garantit une distance suffisante par rapport au feu et donne l'impression d'un v\u00e9ritable feu de camp.<\/p>\n<p>Pendant l'essorage, les grains non \u00e9clat\u00e9s tombent facilement \u00e0 travers les trous du tamis pratique situ\u00e9 dans le bol sup\u00e9rieur. Vous s\u00e9parez ainsi automatiquement les grains durs du pop-corn souffl\u00e9 et profitez d'un croquant uniforme. La fermeture \u00e0 glissi\u00e8re en acier inoxydable maintient le couvercle bien ferm\u00e9 sur le feu et sert en m\u00eame temps de d\u00e9capsuleur pratique.<\/p>\n<p>Apr\u00e8s utilisation, la machine \u00e0 pop-corn est rapidement nettoy\u00e9e. Gr\u00e2ce au m\u00e9canisme de l'\u00e9crou \u00e0 oreilles, vous pouvez d\u00e9monter les pi\u00e8ces sans effort et les bols peuvent m\u00eame \u00eatre lav\u00e9s au lave-vaisselle. Id\u00e9ale pour le camping, les f\u00eates de jardin ou une soir\u00e9e agr\u00e9able autour du feu : remplissez, tenez au-dessus du feu et appr\u00e9ciez le cr\u00e9pitement.<\/p>\n<h3><strong>Sp\u00e9cifications<\/strong><\/h3>\n<p><strong>-Hauteur :<\/strong> 12 cm<\/p>\n<p><strong>-Largeur :<\/strong> 20,2 cm<\/p>\n<p><strong>-Profondeur :<\/strong> 75,3 cm<\/p>\n<p><strong>-Mat\u00e9riau :<\/strong> acier inoxydable et h\u00eatre<\/p>\n<p><strong>-Capacit\u00e9 :<\/strong> jusqu'\u00e0 100 g de ma\u00efs<\/p>","protected":false},"excerpt":{"rendered":"<p>Met de Petromax Popcornmaker maak je in een handomdraai verse, knapperige popcorn direct boven het kampvuur. De twee stevige roestvrijstalen schalen bieden ruimte voor 100 gram ma\u00efs, dat dankzij de gelijkmatige hitte snel verandert in een heerlijke outdoor\u2011snack. De lange steel met een comfortabele beukenhouten handgreep zorgt voor voldoende afstand tot het vuur en geeft [&hellip;]<\/p>\n","protected":false},"featured_media":52785,"template":"","meta":[],"product_brand":[248],"product_cat":[72],"product_tag":[],"class_list":{"0":"post-52784","1":"product","2":"type-product","3":"status-publish","4":"has-post-thumbnail","6":"product_brand-petromax","7":"product_cat-petromax-gietijzer","9":"first","10":"instock","11":"taxable","12":"shipping-taxable","13":"purchasable","14":"product-type-simple"},"yoast_head":"<!-- This site is optimized with the Yoast SEO Premium plugin v27.4 (Yoast SEO v27.4) - https:\/\/yoast.com\/product\/yoast-seo-premium-wordpress\/ -->\n<title>Petromax Popcornmaker<\/title>\n<meta name=\"description\" content=\"Met de Petromax Popcornmaker maak je in een handomdraai verse, knapperige popcorn direct boven het kampvuur. Bekijk het nu!\" \/>\n<meta name=\"robots\" content=\"index, follow, max-snippet:-1, max-image-preview:large, max-video-preview:-1\" \/>\n<link rel=\"canonical\" href=\"https:\/\/www.greeneggtotaal.nl\/fr\/product\/machine-a-pop-corn-petromax\/\" \/>\n<meta property=\"og:locale\" content=\"fr_FR\" \/>\n<meta property=\"og:type\" content=\"article\" \/>\n<meta property=\"og:title\" content=\"Petromax Popcornmaker\" \/>\n<meta property=\"og:description\" content=\"Met de Petromax Popcornmaker maak je in een handomdraai verse, knapperige popcorn direct boven het kampvuur. Bekijk het nu!\" \/>\n<meta property=\"og:url\" content=\"https:\/\/www.greeneggtotaal.nl\/fr\/product\/machine-a-pop-corn-petromax\/\" \/>\n<meta property=\"og:site_name\" content=\"GreenEggTotaal\" \/>\n<meta property=\"article:modified_time\" content=\"2026-04-01T12:44:05+00:00\" \/>\n<meta property=\"og:image\" content=\"https:\/\/www.greeneggtotaal.nl\/wp-content\/uploads\/2026\/04\/GreenEggTotaal-2026-04-01T143917.072.webp\" \/>\n\t<meta property=\"og:image:width\" content=\"500\" \/>\n\t<meta property=\"og:image:height\" content=\"500\" \/>\n\t<meta property=\"og:image:type\" content=\"image\/webp\" \/>\n<meta name=\"twitter:card\" content=\"summary_large_image\" \/>\n<meta name=\"twitter:label1\" content=\"Dur\u00e9e de lecture estim\u00e9e\" \/>\n\t<meta name=\"twitter:data1\" content=\"2 minutes\" \/>\n<script type=\"application\/ld+json\" class=\"yoast-schema-graph\">{\"@context\":\"https:\\\/\\\/schema.org\",\"@graph\":[{\"@type\":\"WebPage\",\"@id\":\"https:\\\/\\\/www.greeneggtotaal.nl\\\/product\\\/petromax-popcornmaker\\\/\",\"url\":\"https:\\\/\\\/www.greeneggtotaal.nl\\\/product\\\/petromax-popcornmaker\\\/\",\"name\":\"Petromax Popcornmaker\",\"isPartOf\":{\"@id\":\"https:\\\/\\\/www.greeneggtotaal.nl\\\/nl\\\/#website\"},\"primaryImageOfPage\":{\"@id\":\"https:\\\/\\\/www.greeneggtotaal.nl\\\/product\\\/petromax-popcornmaker\\\/#primaryimage\"},\"image\":{\"@id\":\"https:\\\/\\\/www.greeneggtotaal.nl\\\/product\\\/petromax-popcornmaker\\\/#primaryimage\"},\"thumbnailUrl\":\"https:\\\/\\\/www.greeneggtotaal.nl\\\/wp-content\\\/uploads\\\/2026\\\/04\\\/GreenEggTotaal-2026-04-01T143917.072.webp\",\"datePublished\":\"2026-04-01T12:44:03+00:00\",\"dateModified\":\"2026-04-01T12:44:05+00:00\",\"description\":\"Met de Petromax Popcornmaker maak je in een handomdraai verse, knapperige popcorn direct boven het kampvuur. Bekijk het nu!\",\"breadcrumb\":{\"@id\":\"https:\\\/\\\/www.greeneggtotaal.nl\\\/product\\\/petromax-popcornmaker\\\/#breadcrumb\"},\"inLanguage\":\"fr-FR\",\"potentialAction\":[{\"@type\":\"ReadAction\",\"target\":[\"https:\\\/\\\/www.greeneggtotaal.nl\\\/product\\\/petromax-popcornmaker\\\/\"]}]},{\"@type\":\"ImageObject\",\"inLanguage\":\"fr-FR\",\"@id\":\"https:\\\/\\\/www.greeneggtotaal.nl\\\/product\\\/petromax-popcornmaker\\\/#primaryimage\",\"url\":\"https:\\\/\\\/www.greeneggtotaal.nl\\\/wp-content\\\/uploads\\\/2026\\\/04\\\/GreenEggTotaal-2026-04-01T143917.072.webp\",\"contentUrl\":\"https:\\\/\\\/www.greeneggtotaal.nl\\\/wp-content\\\/uploads\\\/2026\\\/04\\\/GreenEggTotaal-2026-04-01T143917.072.webp\",\"width\":500,\"height\":500,\"caption\":\"Petromax Popcornmaker\"},{\"@type\":\"BreadcrumbList\",\"@id\":\"https:\\\/\\\/www.greeneggtotaal.nl\\\/product\\\/petromax-popcornmaker\\\/#breadcrumb\",\"itemListElement\":[{\"@type\":\"ListItem\",\"position\":1,\"name\":\"Home\",\"item\":\"https:\\\/\\\/www.greeneggtotaal.nl\\\/\"},{\"@type\":\"ListItem\",\"position\":2,\"name\":\"Shop\",\"item\":\"https:\\\/\\\/www.greeneggtotaal.nl\\\/nl\\\/shop\\\/\"},{\"@type\":\"ListItem\",\"position\":3,\"name\":\"Petromax Popcornmaker\"}]},{\"@type\":\"WebSite\",\"@id\":\"https:\\\/\\\/www.greeneggtotaal.nl\\\/nl\\\/#website\",\"url\":\"https:\\\/\\\/www.greeneggtotaal.nl\\\/nl\\\/\",\"name\":\"greeneggtotaal.nl\",\"description\":\"D\u00e9 Big Green Egg Specialist\",\"publisher\":{\"@id\":\"https:\\\/\\\/www.greeneggtotaal.nl\\\/nl\\\/#organization\"},\"potentialAction\":[{\"@type\":\"SearchAction\",\"target\":{\"@type\":\"EntryPoint\",\"urlTemplate\":\"https:\\\/\\\/www.greeneggtotaal.nl\\\/nl\\\/?s={search_term_string}\"},\"query-input\":{\"@type\":\"PropertyValueSpecification\",\"valueRequired\":true,\"valueName\":\"search_term_string\"}}],\"inLanguage\":\"fr-FR\"},{\"@type\":\"Organization\",\"@id\":\"https:\\\/\\\/www.greeneggtotaal.nl\\\/nl\\\/#organization\",\"name\":\"Green Egg Totaal\",\"url\":\"https:\\\/\\\/www.greeneggtotaal.nl\\\/nl\\\/\",\"logo\":{\"@type\":\"ImageObject\",\"inLanguage\":\"fr-FR\",\"@id\":\"https:\\\/\\\/www.greeneggtotaal.nl\\\/nl\\\/#\\\/schema\\\/logo\\\/image\\\/\",\"url\":\"https:\\\/\\\/www.greeneggtotaal.nl\\\/wp-content\\\/uploads\\\/2025\\\/06\\\/Green-Egg-Totaal-Logo.png\",\"contentUrl\":\"https:\\\/\\\/www.greeneggtotaal.nl\\\/wp-content\\\/uploads\\\/2025\\\/06\\\/Green-Egg-Totaal-Logo.png\",\"width\":225,\"height\":95,\"caption\":\"Green Egg Totaal\"},\"image\":{\"@id\":\"https:\\\/\\\/www.greeneggtotaal.nl\\\/nl\\\/#\\\/schema\\\/logo\\\/image\\\/\"}}]}<\/script>\n<!-- \/ Yoast SEO Premium plugin. -->","yoast_head_json":{"title":"Machine \u00e0 pop-corn Petromax","description":"La machine \u00e0 pop-corn Petromax permet de pr\u00e9parer du pop-corn frais et croustillant directement sur le feu de camp en un rien de temps. D\u00e9couvrez-le d\u00e8s maintenant !","robots":{"index":"index","follow":"follow","max-snippet":"max-snippet:-1","max-image-preview":"max-image-preview:large","max-video-preview":"max-video-preview:-1"},"canonical":"https:\/\/www.greeneggtotaal.nl\/fr\/product\/machine-a-pop-corn-petromax\/","og_locale":"fr_FR","og_type":"article","og_title":"Petromax Popcornmaker","og_description":"Met de Petromax Popcornmaker maak je in een handomdraai verse, knapperige popcorn direct boven het kampvuur. Bekijk het nu!","og_url":"https:\/\/www.greeneggtotaal.nl\/fr\/product\/machine-a-pop-corn-petromax\/","og_site_name":"GreenEggTotaal","article_modified_time":"2026-04-01T12:44:05+00:00","og_image":[{"width":500,"height":500,"url":"https:\/\/www.greeneggtotaal.nl\/wp-content\/uploads\/2026\/04\/GreenEggTotaal-2026-04-01T143917.072.webp","type":"image\/webp"}],"twitter_card":"summary_large_image","twitter_misc":{"Dur\u00e9e de lecture estim\u00e9e":"2 minutes"},"schema":{"@context":"https:\/\/schema.org","@graph":[{"@type":"WebPage","@id":"https:\/\/www.greeneggtotaal.nl\/product\/petromax-popcornmaker\/","url":"https:\/\/www.greeneggtotaal.nl\/product\/petromax-popcornmaker\/","name":"Machine \u00e0 pop-corn Petromax","isPartOf":{"@id":"https:\/\/www.greeneggtotaal.nl\/nl\/#website"},"primaryImageOfPage":{"@id":"https:\/\/www.greeneggtotaal.nl\/product\/petromax-popcornmaker\/#primaryimage"},"image":{"@id":"https:\/\/www.greeneggtotaal.nl\/product\/petromax-popcornmaker\/#primaryimage"},"thumbnailUrl":"https:\/\/www.greeneggtotaal.nl\/wp-content\/uploads\/2026\/04\/GreenEggTotaal-2026-04-01T143917.072.webp","datePublished":"2026-04-01T12:44:03+00:00","dateModified":"2026-04-01T12:44:05+00:00","description":"La machine \u00e0 pop-corn Petromax permet de pr\u00e9parer du pop-corn frais et croustillant directement sur le feu de camp en un rien de temps. D\u00e9couvrez-le d\u00e8s maintenant !","breadcrumb":{"@id":"https:\/\/www.greeneggtotaal.nl\/product\/petromax-popcornmaker\/#breadcrumb"},"inLanguage":"fr-FR","potentialAction":[{"@type":"ReadAction","target":["https:\/\/www.greeneggtotaal.nl\/product\/petromax-popcornmaker\/"]}]},{"@type":"ImageObject","inLanguage":"fr-FR","@id":"https:\/\/www.greeneggtotaal.nl\/product\/petromax-popcornmaker\/#primaryimage","url":"https:\/\/www.greeneggtotaal.nl\/wp-content\/uploads\/2026\/04\/GreenEggTotaal-2026-04-01T143917.072.webp","contentUrl":"https:\/\/www.greeneggtotaal.nl\/wp-content\/uploads\/2026\/04\/GreenEggTotaal-2026-04-01T143917.072.webp","width":500,"height":500,"caption":"Petromax Popcornmaker"},{"@type":"BreadcrumbList","@id":"https:\/\/www.greeneggtotaal.nl\/product\/petromax-popcornmaker\/#breadcrumb","itemListElement":[{"@type":"ListItem","position":1,"name":"Home","item":"https:\/\/www.greeneggtotaal.nl\/"},{"@type":"ListItem","position":2,"name":"Shop","item":"https:\/\/www.greeneggtotaal.nl\/nl\/shop\/"},{"@type":"ListItem","position":3,"name":"Petromax Popcornmaker"}]},{"@type":"WebSite","@id":"https:\/\/www.greeneggtotaal.nl\/nl\/#website","url":"https:\/\/www.greeneggtotaal.nl\/nl\/","name":"greeneggtotaal.nl","description":"Le sp\u00e9cialiste du Big Green Egg","publisher":{"@id":"https:\/\/www.greeneggtotaal.nl\/nl\/#organization"},"potentialAction":[{"@type":"SearchAction","target":{"@type":"EntryPoint","urlTemplate":"https:\/\/www.greeneggtotaal.nl\/nl\/?s={search_term_string}"},"query-input":{"@type":"PropertyValueSpecification","valueRequired":true,"valueName":"search_term_string"}}],"inLanguage":"fr-FR"},{"@type":"Organization","@id":"https:\/\/www.greeneggtotaal.nl\/nl\/#organization","name":"Green Egg Totaal","url":"https:\/\/www.greeneggtotaal.nl\/nl\/","logo":{"@type":"ImageObject","inLanguage":"fr-FR","@id":"https:\/\/www.greeneggtotaal.nl\/nl\/#\/schema\/logo\/image\/","url":"https:\/\/www.greeneggtotaal.nl\/wp-content\/uploads\/2025\/06\/Green-Egg-Totaal-Logo.png","contentUrl":"https:\/\/www.greeneggtotaal.nl\/wp-content\/uploads\/2025\/06\/Green-Egg-Totaal-Logo.png","width":225,"height":95,"caption":"Green Egg Totaal"},"image":{"@id":"https:\/\/www.greeneggtotaal.nl\/nl\/#\/schema\/logo\/image\/"}}]}},"_links":{"self":[{"href":"https:\/\/www.greeneggtotaal.nl\/fr\/wp-json\/wp\/v2\/product\/52784","targetHints":{"allow":["GET"]}}],"collection":[{"href":"https:\/\/www.greeneggtotaal.nl\/fr\/wp-json\/wp\/v2\/product"}],"about":[{"href":"https:\/\/www.greeneggtotaal.nl\/fr\/wp-json\/wp\/v2\/types\/product"}],"wp:featuredmedia":[{"embeddable":true,"href":"https:\/\/www.greeneggtotaal.nl\/fr\/wp-json\/wp\/v2\/media\/52785"}],"wp:attachment":[{"href":"https:\/\/www.greeneggtotaal.nl\/fr\/wp-json\/wp\/v2\/media?parent=52784"}],"wp:term":[{"taxonomy":"product_brand","embeddable":true,"href":"https:\/\/www.greeneggtotaal.nl\/fr\/wp-json\/wp\/v2\/product_brand?post=52784"},{"taxonomy":"product_cat","embeddable":true,"href":"https:\/\/www.greeneggtotaal.nl\/fr\/wp-json\/wp\/v2\/product_cat?post=52784"},{"taxonomy":"product_tag","embeddable":true,"href":"https:\/\/www.greeneggtotaal.nl\/fr\/wp-json\/wp\/v2\/product_tag?post=52784"}],"curies":[{"name":"wp","href":"https:\/\/api.w.org\/{rel}","templated":true}]}}