{"id":5371,"date":"2025-06-16T11:05:10","date_gmt":"2025-06-16T09:05:10","guid":{"rendered":"https:\/\/baselinkweb.nl\/greeneggtotaal\/product\/petromax-gietijzeren-grill-skillet-2-handvatten-30-cm\/"},"modified":"2026-02-25T14:58:28","modified_gmt":"2026-02-25T13:58:28","slug":"petromax-poele-a-griller-en-fonte-2-poignees-30-cm","status":"publish","type":"product","link":"https:\/\/www.greeneggtotaal.nl\/fr\/product\/petromax-gietijzeren-grill-skillet-2-handvatten-30-cm\/","title":{"rendered":"Petromax Po\u00eale \u00e0 griller en fonte 2 poign\u00e9es 30 cm"},"content":{"rendered":"<p>La po\u00eale en fonte Petromax est une po\u00eale pratique et extr\u00eamement multifonctionnelle pour frire la viande, le poisson et les l\u00e9gumes. Que vous soyez cuisinier amateur ou professionnel, vous ne pourrez pas vous passer de cette po\u00eale. Utilisez-la directement dans un feu de camp, sur un Atago, un Rocket Stove ou simplement \u00e0 l'int\u00e9rieur sur la cuisini\u00e8re.<\/p>\n<p>Cette po\u00eale a un diam\u00e8tre de 30 centim\u00e8tres et un poids de 3,8 kg. En r\u00e9sum\u00e9, il s'agit d'une po\u00eale assez grande qui convient parfaitement pour faire frire une belle pi\u00e8ce de viande ou pour cuisiner pour toute une famille.<\/p>\n<p>Le motif de gril familier \u00e0 l'int\u00e9rieur de la po\u00eale vous permet de griller votre viande, votre poisson et vos l\u00e9gumes avec le motif de gril familier que vous obtenez normalement avec un gril de barbecue. Ce n'est pas seulement esth\u00e9tique, c'est aussi un processus de grillade pauvre en graisses. Comme la viande repose sur de petites \u00e9l\u00e9vations, l'exc\u00e8s de graisse peut s'\u00e9couler proprement par les canaux. La plaque du gril est facile \u00e0 nettoyer gr\u00e2ce \u00e0 un grattoir nervur\u00e9 de Petromax.<\/p>\n<p>Cette po\u00eale est \u00e9quip\u00e9e de deux poign\u00e9es pratiques qui vous permettent de la mettre facilement au four, sur la cuisini\u00e8re ou dans un kamado. Bien entendu, n'oubliez pas d'utiliser une bonne protection des mains Petromax r\u00e9sistante \u00e0 la chaleur. Les po\u00eales en fonte deviennent et restent extr\u00eamement chaudes pendant et apr\u00e8s leur utilisation.<\/p>\n<p>A propos de la fonte.<\/p>\n<p>La fonte est un type d'acier moul\u00e9 qui absorbe et conserve bien la chaleur et peut r\u00e9sister \u00e0 des temp\u00e9ratures tr\u00e8s \u00e9lev\u00e9es. Par cons\u00e9quent, la fonte peut \u00eatre utilis\u00e9e \u00e0 bien d'autres fins que l'acier ou le fer forg\u00e9. Par exemple, une po\u00eale en fonte scell\u00e9e peut \u00eatre utilis\u00e9e comme four pour la cuisson du pain, mais elle convient aussi parfaitement comme cocotte.<\/p>\n<p>Les produits en fonte sont depuis longtemps consid\u00e9r\u00e9s comme des produits durables car ils sont 100% recyclables et durent toute une vie \u00e0 condition d'\u00eatre trait\u00e9s avec soin. C'est pourquoi les produits en fonte sont traditionnellement transmis de g\u00e9n\u00e9ration en g\u00e9n\u00e9ration. La fonte n\u00e9cessite un entretien ad\u00e9quat, mais celui-ci est moins important que vous ne le pensez. Nettoyez votre produit en fonte apr\u00e8s usage avec de l'eau chaude et une brosse \u00e0 vaisselle. S\u00e9chez bien votre produit avec un torchon et rangez-le soigneusement.<\/p>\n<p>Tous les produits en fonte de Petromax sont pr\u00e9trait\u00e9s plusieurs fois. Cela permet d'obtenir une sorte de rev\u00eatement antiadh\u00e9sif naturel et d'\u00e9viter la rouille dans de nombreux cas. Si votre produit rouille une fois, pas de probl\u00e8me, il suffit de le frotter avec une brosse m\u00e9tallique, de le rincer et de le traiter \u00e0 nouveau avec la cire d'entretien Petromax.<\/p>","protected":false},"excerpt":{"rendered":"<p>Een Gietijzeren Petromax Skillet is een handig en enorm multifunctionele pan om vlees, vis en groenten te bakken. Of je nou een hobbykok of professional bent, deze pan wil je niet missen. Gebruik hem direct in een kampvuur, op een Atago, Rocket Stove of gewoon binnen op het fornuis. Deze Skillet heeft een diameter van [&hellip;]<\/p>\n","protected":false},"featured_media":11008,"template":"","meta":[],"product_brand":[248],"product_cat":[72],"product_tag":[],"class_list":{"0":"post-5371","1":"product","2":"type-product","3":"status-publish","4":"has-post-thumbnail","6":"product_brand-petromax","7":"product_cat-petromax-gietijzer","9":"first","10":"instock","11":"taxable","12":"shipping-taxable","13":"purchasable","14":"product-type-composite"},"yoast_head":"<!-- This site is optimized with the Yoast SEO Premium plugin v27.4 (Yoast SEO v27.4) - https:\/\/yoast.com\/product\/yoast-seo-premium-wordpress\/ -->\n<title>Petromax Gietijzeren Grill Skillet 2 Handvatten 30 cm<\/title>\n<meta name=\"description\" content=\"De Petromax gietijzeren grill skillet 30 cm met twee handvatten zorgt voor perfecte grillstrepen en gelijkmatige warmte bij buitenkoken.\" \/>\n<meta name=\"robots\" content=\"index, follow, max-snippet:-1, max-image-preview:large, max-video-preview:-1\" \/>\n<link rel=\"canonical\" href=\"https:\/\/www.greeneggtotaal.nl\/fr\/product\/petromax-poele-a-griller-en-fonte-2-poignees-30-cm\/\" \/>\n<meta property=\"og:locale\" content=\"fr_FR\" \/>\n<meta property=\"og:type\" content=\"article\" \/>\n<meta property=\"og:title\" content=\"Petromax Gietijzeren Grill Skillet 2 Handvatten 30 cm\" \/>\n<meta property=\"og:description\" content=\"De Petromax gietijzeren grill skillet 30 cm met twee handvatten zorgt voor perfecte grillstrepen en gelijkmatige warmte bij buitenkoken.\" \/>\n<meta property=\"og:url\" content=\"https:\/\/www.greeneggtotaal.nl\/fr\/product\/petromax-poele-a-griller-en-fonte-2-poignees-30-cm\/\" \/>\n<meta property=\"og:site_name\" content=\"GreenEggTotaal\" \/>\n<meta property=\"article:modified_time\" content=\"2026-02-25T13:58:28+00:00\" \/>\n<meta property=\"og:image\" content=\"https:\/\/www.greeneggtotaal.nl\/wp-content\/uploads\/2025\/08\/ontwerp-zonder-titel-2024-04-09t133718.432-1.webp\" \/>\n\t<meta property=\"og:image:width\" content=\"500\" \/>\n\t<meta property=\"og:image:height\" content=\"500\" \/>\n\t<meta property=\"og:image:type\" content=\"image\/webp\" \/>\n<meta name=\"twitter:card\" content=\"summary_large_image\" \/>\n<meta name=\"twitter:label1\" content=\"Dur\u00e9e de lecture estim\u00e9e\" \/>\n\t<meta name=\"twitter:data1\" content=\"3 minutes\" \/>\n<script type=\"application\/ld+json\" class=\"yoast-schema-graph\">{\"@context\":\"https:\\\/\\\/schema.org\",\"@graph\":[{\"@type\":\"WebPage\",\"@id\":\"https:\\\/\\\/www.greeneggtotaal.nl\\\/product\\\/petromax-gietijzeren-grill-skillet-2-handvatten-30-cm\\\/\",\"url\":\"https:\\\/\\\/www.greeneggtotaal.nl\\\/product\\\/petromax-gietijzeren-grill-skillet-2-handvatten-30-cm\\\/\",\"name\":\"Petromax Gietijzeren Grill Skillet 2 Handvatten 30 cm\",\"isPartOf\":{\"@id\":\"https:\\\/\\\/www.greeneggtotaal.nl\\\/nl\\\/#website\"},\"primaryImageOfPage\":{\"@id\":\"https:\\\/\\\/www.greeneggtotaal.nl\\\/product\\\/petromax-gietijzeren-grill-skillet-2-handvatten-30-cm\\\/#primaryimage\"},\"image\":{\"@id\":\"https:\\\/\\\/www.greeneggtotaal.nl\\\/product\\\/petromax-gietijzeren-grill-skillet-2-handvatten-30-cm\\\/#primaryimage\"},\"thumbnailUrl\":\"https:\\\/\\\/www.greeneggtotaal.nl\\\/wp-content\\\/uploads\\\/2025\\\/08\\\/ontwerp-zonder-titel-2024-04-09t133718.432-1.webp\",\"datePublished\":\"2025-06-16T09:05:10+00:00\",\"dateModified\":\"2026-02-25T13:58:28+00:00\",\"description\":\"De Petromax gietijzeren grill skillet 30 cm met twee handvatten zorgt voor perfecte grillstrepen en gelijkmatige warmte bij buitenkoken.\",\"breadcrumb\":{\"@id\":\"https:\\\/\\\/www.greeneggtotaal.nl\\\/product\\\/petromax-gietijzeren-grill-skillet-2-handvatten-30-cm\\\/#breadcrumb\"},\"inLanguage\":\"fr-FR\",\"potentialAction\":[{\"@type\":\"ReadAction\",\"target\":[\"https:\\\/\\\/www.greeneggtotaal.nl\\\/product\\\/petromax-gietijzeren-grill-skillet-2-handvatten-30-cm\\\/\"]}]},{\"@type\":\"ImageObject\",\"inLanguage\":\"fr-FR\",\"@id\":\"https:\\\/\\\/www.greeneggtotaal.nl\\\/product\\\/petromax-gietijzeren-grill-skillet-2-handvatten-30-cm\\\/#primaryimage\",\"url\":\"https:\\\/\\\/www.greeneggtotaal.nl\\\/wp-content\\\/uploads\\\/2025\\\/08\\\/ontwerp-zonder-titel-2024-04-09t133718.432-1.webp\",\"contentUrl\":\"https:\\\/\\\/www.greeneggtotaal.nl\\\/wp-content\\\/uploads\\\/2025\\\/08\\\/ontwerp-zonder-titel-2024-04-09t133718.432-1.webp\",\"width\":500,\"height\":500,\"caption\":\"Petromax Gietijzeren Grill Skillet 2 Handvatten 30 cm\"},{\"@type\":\"BreadcrumbList\",\"@id\":\"https:\\\/\\\/www.greeneggtotaal.nl\\\/product\\\/petromax-gietijzeren-grill-skillet-2-handvatten-30-cm\\\/#breadcrumb\",\"itemListElement\":[{\"@type\":\"ListItem\",\"position\":1,\"name\":\"Home\",\"item\":\"https:\\\/\\\/www.greeneggtotaal.nl\\\/\"},{\"@type\":\"ListItem\",\"position\":2,\"name\":\"Shop\",\"item\":\"https:\\\/\\\/www.greeneggtotaal.nl\\\/nl\\\/shop\\\/\"},{\"@type\":\"ListItem\",\"position\":3,\"name\":\"Petromax Gietijzeren Grill Skillet 2 Handvatten 30 cm\"}]},{\"@type\":\"WebSite\",\"@id\":\"https:\\\/\\\/www.greeneggtotaal.nl\\\/nl\\\/#website\",\"url\":\"https:\\\/\\\/www.greeneggtotaal.nl\\\/nl\\\/\",\"name\":\"greeneggtotaal.nl\",\"description\":\"D\u00e9 Big Green Egg Specialist\",\"publisher\":{\"@id\":\"https:\\\/\\\/www.greeneggtotaal.nl\\\/nl\\\/#organization\"},\"potentialAction\":[{\"@type\":\"SearchAction\",\"target\":{\"@type\":\"EntryPoint\",\"urlTemplate\":\"https:\\\/\\\/www.greeneggtotaal.nl\\\/nl\\\/?s={search_term_string}\"},\"query-input\":{\"@type\":\"PropertyValueSpecification\",\"valueRequired\":true,\"valueName\":\"search_term_string\"}}],\"inLanguage\":\"fr-FR\"},{\"@type\":\"Organization\",\"@id\":\"https:\\\/\\\/www.greeneggtotaal.nl\\\/nl\\\/#organization\",\"name\":\"Green Egg Totaal\",\"url\":\"https:\\\/\\\/www.greeneggtotaal.nl\\\/nl\\\/\",\"logo\":{\"@type\":\"ImageObject\",\"inLanguage\":\"fr-FR\",\"@id\":\"https:\\\/\\\/www.greeneggtotaal.nl\\\/nl\\\/#\\\/schema\\\/logo\\\/image\\\/\",\"url\":\"https:\\\/\\\/www.greeneggtotaal.nl\\\/wp-content\\\/uploads\\\/2025\\\/06\\\/Green-Egg-Totaal-Logo.png\",\"contentUrl\":\"https:\\\/\\\/www.greeneggtotaal.nl\\\/wp-content\\\/uploads\\\/2025\\\/06\\\/Green-Egg-Totaal-Logo.png\",\"width\":225,\"height\":95,\"caption\":\"Green Egg Totaal\"},\"image\":{\"@id\":\"https:\\\/\\\/www.greeneggtotaal.nl\\\/nl\\\/#\\\/schema\\\/logo\\\/image\\\/\"}}]}<\/script>\n<!-- \/ Yoast SEO Premium plugin. -->","yoast_head_json":{"title":"Petromax Po\u00eale \u00e0 griller en fonte 2 poign\u00e9es 30 cm","description":"La po\u00eale \u00e0 griller en fonte Petromax de 30 cm avec deux poign\u00e9es garantit des grilles parfaites et une chaleur homog\u00e8ne lors de la cuisson en plein air.","robots":{"index":"index","follow":"follow","max-snippet":"max-snippet:-1","max-image-preview":"max-image-preview:large","max-video-preview":"max-video-preview:-1"},"canonical":"https:\/\/www.greeneggtotaal.nl\/fr\/product\/petromax-poele-a-griller-en-fonte-2-poignees-30-cm\/","og_locale":"fr_FR","og_type":"article","og_title":"Petromax Gietijzeren Grill Skillet 2 Handvatten 30 cm","og_description":"De Petromax gietijzeren grill skillet 30 cm met twee handvatten zorgt voor perfecte grillstrepen en gelijkmatige warmte bij buitenkoken.","og_url":"https:\/\/www.greeneggtotaal.nl\/fr\/product\/petromax-poele-a-griller-en-fonte-2-poignees-30-cm\/","og_site_name":"GreenEggTotaal","article_modified_time":"2026-02-25T13:58:28+00:00","og_image":[{"width":500,"height":500,"url":"https:\/\/www.greeneggtotaal.nl\/wp-content\/uploads\/2025\/08\/ontwerp-zonder-titel-2024-04-09t133718.432-1.webp","type":"image\/webp"}],"twitter_card":"summary_large_image","twitter_misc":{"Dur\u00e9e de lecture estim\u00e9e":"3 minutes"},"schema":{"@context":"https:\/\/schema.org","@graph":[{"@type":"WebPage","@id":"https:\/\/www.greeneggtotaal.nl\/product\/petromax-gietijzeren-grill-skillet-2-handvatten-30-cm\/","url":"https:\/\/www.greeneggtotaal.nl\/product\/petromax-gietijzeren-grill-skillet-2-handvatten-30-cm\/","name":"Petromax Po\u00eale \u00e0 griller en fonte 2 poign\u00e9es 30 cm","isPartOf":{"@id":"https:\/\/www.greeneggtotaal.nl\/nl\/#website"},"primaryImageOfPage":{"@id":"https:\/\/www.greeneggtotaal.nl\/product\/petromax-gietijzeren-grill-skillet-2-handvatten-30-cm\/#primaryimage"},"image":{"@id":"https:\/\/www.greeneggtotaal.nl\/product\/petromax-gietijzeren-grill-skillet-2-handvatten-30-cm\/#primaryimage"},"thumbnailUrl":"https:\/\/www.greeneggtotaal.nl\/wp-content\/uploads\/2025\/08\/ontwerp-zonder-titel-2024-04-09t133718.432-1.webp","datePublished":"2025-06-16T09:05:10+00:00","dateModified":"2026-02-25T13:58:28+00:00","description":"La po\u00eale \u00e0 griller en fonte Petromax de 30 cm avec deux poign\u00e9es garantit des grilles parfaites et une chaleur homog\u00e8ne lors de la cuisson en plein air.","breadcrumb":{"@id":"https:\/\/www.greeneggtotaal.nl\/product\/petromax-gietijzeren-grill-skillet-2-handvatten-30-cm\/#breadcrumb"},"inLanguage":"fr-FR","potentialAction":[{"@type":"ReadAction","target":["https:\/\/www.greeneggtotaal.nl\/product\/petromax-gietijzeren-grill-skillet-2-handvatten-30-cm\/"]}]},{"@type":"ImageObject","inLanguage":"fr-FR","@id":"https:\/\/www.greeneggtotaal.nl\/product\/petromax-gietijzeren-grill-skillet-2-handvatten-30-cm\/#primaryimage","url":"https:\/\/www.greeneggtotaal.nl\/wp-content\/uploads\/2025\/08\/ontwerp-zonder-titel-2024-04-09t133718.432-1.webp","contentUrl":"https:\/\/www.greeneggtotaal.nl\/wp-content\/uploads\/2025\/08\/ontwerp-zonder-titel-2024-04-09t133718.432-1.webp","width":500,"height":500,"caption":"Petromax Gietijzeren Grill Skillet 2 Handvatten 30 cm"},{"@type":"BreadcrumbList","@id":"https:\/\/www.greeneggtotaal.nl\/product\/petromax-gietijzeren-grill-skillet-2-handvatten-30-cm\/#breadcrumb","itemListElement":[{"@type":"ListItem","position":1,"name":"Home","item":"https:\/\/www.greeneggtotaal.nl\/"},{"@type":"ListItem","position":2,"name":"Shop","item":"https:\/\/www.greeneggtotaal.nl\/nl\/shop\/"},{"@type":"ListItem","position":3,"name":"Petromax Gietijzeren Grill Skillet 2 Handvatten 30 cm"}]},{"@type":"WebSite","@id":"https:\/\/www.greeneggtotaal.nl\/nl\/#website","url":"https:\/\/www.greeneggtotaal.nl\/nl\/","name":"greeneggtotaal.nl","description":"Le sp\u00e9cialiste du Big Green Egg","publisher":{"@id":"https:\/\/www.greeneggtotaal.nl\/nl\/#organization"},"potentialAction":[{"@type":"SearchAction","target":{"@type":"EntryPoint","urlTemplate":"https:\/\/www.greeneggtotaal.nl\/nl\/?s={search_term_string}"},"query-input":{"@type":"PropertyValueSpecification","valueRequired":true,"valueName":"search_term_string"}}],"inLanguage":"fr-FR"},{"@type":"Organization","@id":"https:\/\/www.greeneggtotaal.nl\/nl\/#organization","name":"Green Egg Totaal","url":"https:\/\/www.greeneggtotaal.nl\/nl\/","logo":{"@type":"ImageObject","inLanguage":"fr-FR","@id":"https:\/\/www.greeneggtotaal.nl\/nl\/#\/schema\/logo\/image\/","url":"https:\/\/www.greeneggtotaal.nl\/wp-content\/uploads\/2025\/06\/Green-Egg-Totaal-Logo.png","contentUrl":"https:\/\/www.greeneggtotaal.nl\/wp-content\/uploads\/2025\/06\/Green-Egg-Totaal-Logo.png","width":225,"height":95,"caption":"Green Egg Totaal"},"image":{"@id":"https:\/\/www.greeneggtotaal.nl\/nl\/#\/schema\/logo\/image\/"}}]}},"_links":{"self":[{"href":"https:\/\/www.greeneggtotaal.nl\/fr\/wp-json\/wp\/v2\/product\/5371","targetHints":{"allow":["GET"]}}],"collection":[{"href":"https:\/\/www.greeneggtotaal.nl\/fr\/wp-json\/wp\/v2\/product"}],"about":[{"href":"https:\/\/www.greeneggtotaal.nl\/fr\/wp-json\/wp\/v2\/types\/product"}],"wp:featuredmedia":[{"embeddable":true,"href":"https:\/\/www.greeneggtotaal.nl\/fr\/wp-json\/wp\/v2\/media\/11008"}],"wp:attachment":[{"href":"https:\/\/www.greeneggtotaal.nl\/fr\/wp-json\/wp\/v2\/media?parent=5371"}],"wp:term":[{"taxonomy":"product_brand","embeddable":true,"href":"https:\/\/www.greeneggtotaal.nl\/fr\/wp-json\/wp\/v2\/product_brand?post=5371"},{"taxonomy":"product_cat","embeddable":true,"href":"https:\/\/www.greeneggtotaal.nl\/fr\/wp-json\/wp\/v2\/product_cat?post=5371"},{"taxonomy":"product_tag","embeddable":true,"href":"https:\/\/www.greeneggtotaal.nl\/fr\/wp-json\/wp\/v2\/product_tag?post=5371"}],"curies":[{"name":"wp","href":"https:\/\/api.w.org\/{rel}","templated":true}]}}