{"id":5418,"date":"2025-06-16T11:05:20","date_gmt":"2025-06-16T09:05:20","guid":{"rendered":"https:\/\/baselinkweb.nl\/greeneggtotaal\/product\/petromax-gietijzeren-tosti-ijzer\/"},"modified":"2026-02-25T11:23:06","modified_gmt":"2026-02-25T10:23:06","slug":"petromax-grille-pain-en-fonte","status":"publish","type":"product","link":"https:\/\/www.greeneggtotaal.nl\/fr\/product\/petromax-gietijzeren-tosti-ijzer\/","title":{"rendered":"Grille-pain en fonte Petromax"},"content":{"rendered":"<p>Avec le fer \u00e0 sandwich Petromax, vous pr\u00e9parerez les meilleurs sandwichs grill\u00e9s que vous ayez jamais go\u00fbt\u00e9s. Le d\u00e9licieux go\u00fbt relev\u00e9 des recettes traditionnelles. Mais vous pouvez bien s\u00fbr aussi combiner diff\u00e9rents ingr\u00e9dients dans vos sandwichs grill\u00e9s.<\/p>\n<p>Avec le moule \u00e0 sandwich en fonte de Petromax, vous pouvez pr\u00e9parer de d\u00e9licieux sandwichs grill\u00e9s \u00e0 une distance s\u00fbre du feu. Avec une longueur totale de 70 cm, vous restez \u00e0 bonne distance du feu. Le moule en fonte peut \u00eatre plac\u00e9 directement dans le feu jusqu'\u00e0 ce que le sandwich soit croustillant \u00e0 l'ext\u00e9rieur et fondant \u00e0 l'int\u00e9rieur.<\/p>\n<p>Le grille-pain est facile \u00e0 nettoyer car les deux c\u00f4t\u00e9s du moule \u00e0 sandwich peuvent \u00eatre s\u00e9par\u00e9s. Vous pouvez ensuite facilement nettoyer le grille-pain \u00e0 l'aide d'un grattoir Petromax, puis le ranger propre et net.<\/p>\n<p>A propos de la fonte.<br \/>\nLa fonte est un type d'acier moul\u00e9 qui absorbe et conserve bien la chaleur et peut r\u00e9sister \u00e0 des temp\u00e9ratures tr\u00e8s \u00e9lev\u00e9es. Par cons\u00e9quent, la fonte peut \u00eatre utilis\u00e9e \u00e0 bien d'autres fins que l'acier ou le fer forg\u00e9. Par exemple, une po\u00eale en fonte scell\u00e9e peut \u00eatre utilis\u00e9e comme four pour la cuisson du pain, mais elle convient aussi parfaitement comme cocotte.<\/p>\n<p>Les produits en fonte sont depuis longtemps consid\u00e9r\u00e9s comme des produits durables car ils sont 100% recyclables et durent toute une vie \u00e0 condition d'\u00eatre trait\u00e9s avec soin. C'est pourquoi les produits en fonte sont traditionnellement transmis de g\u00e9n\u00e9ration en g\u00e9n\u00e9ration. La fonte n\u00e9cessite un entretien ad\u00e9quat, mais celui-ci est moins important que vous ne le pensez. Nettoyez votre produit en fonte apr\u00e8s usage avec de l'eau chaude et une brosse \u00e0 vaisselle. S\u00e9chez bien votre produit avec un torchon et rangez-le soigneusement.<\/p>\n<p>Tous les produits en fonte de Petromax sont pr\u00e9trait\u00e9s plusieurs fois. Cela permet d'obtenir une sorte de rev\u00eatement antiadh\u00e9sif naturel et d'\u00e9viter la rouille dans de nombreux cas. Si votre produit rouille une fois, pas de probl\u00e8me, il suffit de le frotter avec une brosse m\u00e9tallique, de le rincer et de le traiter \u00e0 nouveau avec la cire d'entretien Petromax.<\/p>","protected":false},"excerpt":{"rendered":"<p>Met de Petromax Tosti ijzer maak jij de allerlekkerste tosti\u2019s die je ooit hebt geproefd. De heerlijke vurige smaak aan traditionele recepten. Maar er is natuurlijk ook genoeg ruimte om te combineren met verschillende ingredi\u00ebnten in je tosti. Met de gietijzeren tosti-ijzer van Petromax bak je op veilige afstand van het vuur toch een heerlijke [&hellip;]<\/p>\n","protected":false},"featured_media":10687,"template":"","meta":[],"product_brand":[248],"product_cat":[72],"product_tag":[],"class_list":{"0":"post-5418","1":"product","2":"type-product","3":"status-publish","4":"has-post-thumbnail","6":"product_brand-petromax","7":"product_cat-petromax-gietijzer","9":"first","10":"instock","11":"taxable","12":"shipping-taxable","13":"purchasable","14":"product-type-composite"},"yoast_head":"<!-- This site is optimized with the Yoast SEO Premium plugin v27.4 (Yoast SEO v27.4) - https:\/\/yoast.com\/product\/yoast-seo-premium-wordpress\/ -->\n<title>Petromax Gietijzeren Tostijzer.<\/title>\n<meta name=\"description\" content=\"Robuust Petromax gietijzeren tostijzer voor perfect geroosterde tosti\u2019s op open vuur, BBQ of Atago. Duurzaam, stevig en gebruiksvriendelijk.\" \/>\n<meta name=\"robots\" content=\"index, follow, max-snippet:-1, max-image-preview:large, max-video-preview:-1\" \/>\n<link rel=\"canonical\" href=\"https:\/\/www.greeneggtotaal.nl\/fr\/product\/petromax-grille-pain-en-fonte\/\" \/>\n<meta property=\"og:locale\" content=\"fr_FR\" \/>\n<meta property=\"og:type\" content=\"article\" \/>\n<meta property=\"og:title\" content=\"Petromax Gietijzeren Tostijzer\" \/>\n<meta property=\"og:description\" content=\"Robuust Petromax gietijzeren tostijzer voor perfect geroosterde tosti\u2019s op open vuur, BBQ of Atago. Duurzaam, stevig en gebruiksvriendelijk.\" \/>\n<meta property=\"og:url\" content=\"https:\/\/www.greeneggtotaal.nl\/fr\/product\/petromax-grille-pain-en-fonte\/\" \/>\n<meta property=\"og:site_name\" content=\"GreenEggTotaal\" \/>\n<meta property=\"article:modified_time\" content=\"2026-02-25T10:23:06+00:00\" \/>\n<meta property=\"og:image\" content=\"https:\/\/www.greeneggtotaal.nl\/wp-content\/uploads\/2025\/08\/ontwerp-zonder-titel-2024-04-09t140348.477-1.webp\" \/>\n\t<meta property=\"og:image:width\" content=\"500\" \/>\n\t<meta property=\"og:image:height\" content=\"500\" \/>\n\t<meta property=\"og:image:type\" content=\"image\/webp\" \/>\n<meta name=\"twitter:card\" content=\"summary_large_image\" \/>\n<meta name=\"twitter:label1\" content=\"Dur\u00e9e de lecture estim\u00e9e\" \/>\n\t<meta name=\"twitter:data1\" content=\"2 minutes\" \/>\n<script type=\"application\/ld+json\" class=\"yoast-schema-graph\">{\"@context\":\"https:\\\/\\\/schema.org\",\"@graph\":[{\"@type\":\"WebPage\",\"@id\":\"https:\\\/\\\/www.greeneggtotaal.nl\\\/product\\\/petromax-gietijzeren-tosti-ijzer\\\/\",\"url\":\"https:\\\/\\\/www.greeneggtotaal.nl\\\/product\\\/petromax-gietijzeren-tosti-ijzer\\\/\",\"name\":\"Petromax Gietijzeren Tostijzer.\",\"isPartOf\":{\"@id\":\"https:\\\/\\\/www.greeneggtotaal.nl\\\/nl\\\/#website\"},\"primaryImageOfPage\":{\"@id\":\"https:\\\/\\\/www.greeneggtotaal.nl\\\/product\\\/petromax-gietijzeren-tosti-ijzer\\\/#primaryimage\"},\"image\":{\"@id\":\"https:\\\/\\\/www.greeneggtotaal.nl\\\/product\\\/petromax-gietijzeren-tosti-ijzer\\\/#primaryimage\"},\"thumbnailUrl\":\"https:\\\/\\\/www.greeneggtotaal.nl\\\/wp-content\\\/uploads\\\/2025\\\/08\\\/ontwerp-zonder-titel-2024-04-09t140348.477-1.webp\",\"datePublished\":\"2025-06-16T09:05:20+00:00\",\"dateModified\":\"2026-02-25T10:23:06+00:00\",\"description\":\"Robuust Petromax gietijzeren tostijzer voor perfect geroosterde tosti\u2019s op open vuur, BBQ of Atago. Duurzaam, stevig en gebruiksvriendelijk.\",\"breadcrumb\":{\"@id\":\"https:\\\/\\\/www.greeneggtotaal.nl\\\/product\\\/petromax-gietijzeren-tosti-ijzer\\\/#breadcrumb\"},\"inLanguage\":\"fr-FR\",\"potentialAction\":[{\"@type\":\"ReadAction\",\"target\":[\"https:\\\/\\\/www.greeneggtotaal.nl\\\/product\\\/petromax-gietijzeren-tosti-ijzer\\\/\"]}]},{\"@type\":\"ImageObject\",\"inLanguage\":\"fr-FR\",\"@id\":\"https:\\\/\\\/www.greeneggtotaal.nl\\\/product\\\/petromax-gietijzeren-tosti-ijzer\\\/#primaryimage\",\"url\":\"https:\\\/\\\/www.greeneggtotaal.nl\\\/wp-content\\\/uploads\\\/2025\\\/08\\\/ontwerp-zonder-titel-2024-04-09t140348.477-1.webp\",\"contentUrl\":\"https:\\\/\\\/www.greeneggtotaal.nl\\\/wp-content\\\/uploads\\\/2025\\\/08\\\/ontwerp-zonder-titel-2024-04-09t140348.477-1.webp\",\"width\":500,\"height\":500,\"caption\":\"Petromax Gietijzeren Tostijzer\"},{\"@type\":\"BreadcrumbList\",\"@id\":\"https:\\\/\\\/www.greeneggtotaal.nl\\\/product\\\/petromax-gietijzeren-tosti-ijzer\\\/#breadcrumb\",\"itemListElement\":[{\"@type\":\"ListItem\",\"position\":1,\"name\":\"Home\",\"item\":\"https:\\\/\\\/www.greeneggtotaal.nl\\\/\"},{\"@type\":\"ListItem\",\"position\":2,\"name\":\"Shop\",\"item\":\"https:\\\/\\\/www.greeneggtotaal.nl\\\/nl\\\/shop\\\/\"},{\"@type\":\"ListItem\",\"position\":3,\"name\":\"Petromax Gietijzeren Tostijzer\"}]},{\"@type\":\"WebSite\",\"@id\":\"https:\\\/\\\/www.greeneggtotaal.nl\\\/nl\\\/#website\",\"url\":\"https:\\\/\\\/www.greeneggtotaal.nl\\\/nl\\\/\",\"name\":\"greeneggtotaal.nl\",\"description\":\"D\u00e9 Big Green Egg Specialist\",\"publisher\":{\"@id\":\"https:\\\/\\\/www.greeneggtotaal.nl\\\/nl\\\/#organization\"},\"potentialAction\":[{\"@type\":\"SearchAction\",\"target\":{\"@type\":\"EntryPoint\",\"urlTemplate\":\"https:\\\/\\\/www.greeneggtotaal.nl\\\/nl\\\/?s={search_term_string}\"},\"query-input\":{\"@type\":\"PropertyValueSpecification\",\"valueRequired\":true,\"valueName\":\"search_term_string\"}}],\"inLanguage\":\"fr-FR\"},{\"@type\":\"Organization\",\"@id\":\"https:\\\/\\\/www.greeneggtotaal.nl\\\/nl\\\/#organization\",\"name\":\"Green Egg Totaal\",\"url\":\"https:\\\/\\\/www.greeneggtotaal.nl\\\/nl\\\/\",\"logo\":{\"@type\":\"ImageObject\",\"inLanguage\":\"fr-FR\",\"@id\":\"https:\\\/\\\/www.greeneggtotaal.nl\\\/nl\\\/#\\\/schema\\\/logo\\\/image\\\/\",\"url\":\"https:\\\/\\\/www.greeneggtotaal.nl\\\/wp-content\\\/uploads\\\/2025\\\/06\\\/Green-Egg-Totaal-Logo.png\",\"contentUrl\":\"https:\\\/\\\/www.greeneggtotaal.nl\\\/wp-content\\\/uploads\\\/2025\\\/06\\\/Green-Egg-Totaal-Logo.png\",\"width\":225,\"height\":95,\"caption\":\"Green Egg Totaal\"},\"image\":{\"@id\":\"https:\\\/\\\/www.greeneggtotaal.nl\\\/nl\\\/#\\\/schema\\\/logo\\\/image\\\/\"}}]}<\/script>\n<!-- \/ Yoast SEO Premium plugin. -->","yoast_head_json":{"title":"Grille-pain en fonte Petromax.","description":"Robuste grille-pain en fonte Petromax pour des sandwichs parfaitement grill\u00e9s sur un feu ouvert, un barbecue ou un Atago. Durable, robuste et facile \u00e0 utiliser.","robots":{"index":"index","follow":"follow","max-snippet":"max-snippet:-1","max-image-preview":"max-image-preview:large","max-video-preview":"max-video-preview:-1"},"canonical":"https:\/\/www.greeneggtotaal.nl\/fr\/product\/petromax-grille-pain-en-fonte\/","og_locale":"fr_FR","og_type":"article","og_title":"Petromax Gietijzeren Tostijzer","og_description":"Robuust Petromax gietijzeren tostijzer voor perfect geroosterde tosti\u2019s op open vuur, BBQ of Atago. Duurzaam, stevig en gebruiksvriendelijk.","og_url":"https:\/\/www.greeneggtotaal.nl\/fr\/product\/petromax-grille-pain-en-fonte\/","og_site_name":"GreenEggTotaal","article_modified_time":"2026-02-25T10:23:06+00:00","og_image":[{"width":500,"height":500,"url":"https:\/\/www.greeneggtotaal.nl\/wp-content\/uploads\/2025\/08\/ontwerp-zonder-titel-2024-04-09t140348.477-1.webp","type":"image\/webp"}],"twitter_card":"summary_large_image","twitter_misc":{"Dur\u00e9e de lecture estim\u00e9e":"2 minutes"},"schema":{"@context":"https:\/\/schema.org","@graph":[{"@type":"WebPage","@id":"https:\/\/www.greeneggtotaal.nl\/product\/petromax-gietijzeren-tosti-ijzer\/","url":"https:\/\/www.greeneggtotaal.nl\/product\/petromax-gietijzeren-tosti-ijzer\/","name":"Grille-pain en fonte Petromax.","isPartOf":{"@id":"https:\/\/www.greeneggtotaal.nl\/nl\/#website"},"primaryImageOfPage":{"@id":"https:\/\/www.greeneggtotaal.nl\/product\/petromax-gietijzeren-tosti-ijzer\/#primaryimage"},"image":{"@id":"https:\/\/www.greeneggtotaal.nl\/product\/petromax-gietijzeren-tosti-ijzer\/#primaryimage"},"thumbnailUrl":"https:\/\/www.greeneggtotaal.nl\/wp-content\/uploads\/2025\/08\/ontwerp-zonder-titel-2024-04-09t140348.477-1.webp","datePublished":"2025-06-16T09:05:20+00:00","dateModified":"2026-02-25T10:23:06+00:00","description":"Robuste grille-pain en fonte Petromax pour des sandwichs parfaitement grill\u00e9s sur un feu ouvert, un barbecue ou un Atago. Durable, robuste et facile \u00e0 utiliser.","breadcrumb":{"@id":"https:\/\/www.greeneggtotaal.nl\/product\/petromax-gietijzeren-tosti-ijzer\/#breadcrumb"},"inLanguage":"fr-FR","potentialAction":[{"@type":"ReadAction","target":["https:\/\/www.greeneggtotaal.nl\/product\/petromax-gietijzeren-tosti-ijzer\/"]}]},{"@type":"ImageObject","inLanguage":"fr-FR","@id":"https:\/\/www.greeneggtotaal.nl\/product\/petromax-gietijzeren-tosti-ijzer\/#primaryimage","url":"https:\/\/www.greeneggtotaal.nl\/wp-content\/uploads\/2025\/08\/ontwerp-zonder-titel-2024-04-09t140348.477-1.webp","contentUrl":"https:\/\/www.greeneggtotaal.nl\/wp-content\/uploads\/2025\/08\/ontwerp-zonder-titel-2024-04-09t140348.477-1.webp","width":500,"height":500,"caption":"Petromax Gietijzeren Tostijzer"},{"@type":"BreadcrumbList","@id":"https:\/\/www.greeneggtotaal.nl\/product\/petromax-gietijzeren-tosti-ijzer\/#breadcrumb","itemListElement":[{"@type":"ListItem","position":1,"name":"Home","item":"https:\/\/www.greeneggtotaal.nl\/"},{"@type":"ListItem","position":2,"name":"Shop","item":"https:\/\/www.greeneggtotaal.nl\/nl\/shop\/"},{"@type":"ListItem","position":3,"name":"Petromax Gietijzeren Tostijzer"}]},{"@type":"WebSite","@id":"https:\/\/www.greeneggtotaal.nl\/nl\/#website","url":"https:\/\/www.greeneggtotaal.nl\/nl\/","name":"greeneggtotaal.nl","description":"Le sp\u00e9cialiste du Big Green Egg","publisher":{"@id":"https:\/\/www.greeneggtotaal.nl\/nl\/#organization"},"potentialAction":[{"@type":"SearchAction","target":{"@type":"EntryPoint","urlTemplate":"https:\/\/www.greeneggtotaal.nl\/nl\/?s={search_term_string}"},"query-input":{"@type":"PropertyValueSpecification","valueRequired":true,"valueName":"search_term_string"}}],"inLanguage":"fr-FR"},{"@type":"Organization","@id":"https:\/\/www.greeneggtotaal.nl\/nl\/#organization","name":"Green Egg Totaal","url":"https:\/\/www.greeneggtotaal.nl\/nl\/","logo":{"@type":"ImageObject","inLanguage":"fr-FR","@id":"https:\/\/www.greeneggtotaal.nl\/nl\/#\/schema\/logo\/image\/","url":"https:\/\/www.greeneggtotaal.nl\/wp-content\/uploads\/2025\/06\/Green-Egg-Totaal-Logo.png","contentUrl":"https:\/\/www.greeneggtotaal.nl\/wp-content\/uploads\/2025\/06\/Green-Egg-Totaal-Logo.png","width":225,"height":95,"caption":"Green Egg Totaal"},"image":{"@id":"https:\/\/www.greeneggtotaal.nl\/nl\/#\/schema\/logo\/image\/"}}]}},"_links":{"self":[{"href":"https:\/\/www.greeneggtotaal.nl\/fr\/wp-json\/wp\/v2\/product\/5418","targetHints":{"allow":["GET"]}}],"collection":[{"href":"https:\/\/www.greeneggtotaal.nl\/fr\/wp-json\/wp\/v2\/product"}],"about":[{"href":"https:\/\/www.greeneggtotaal.nl\/fr\/wp-json\/wp\/v2\/types\/product"}],"wp:featuredmedia":[{"embeddable":true,"href":"https:\/\/www.greeneggtotaal.nl\/fr\/wp-json\/wp\/v2\/media\/10687"}],"wp:attachment":[{"href":"https:\/\/www.greeneggtotaal.nl\/fr\/wp-json\/wp\/v2\/media?parent=5418"}],"wp:term":[{"taxonomy":"product_brand","embeddable":true,"href":"https:\/\/www.greeneggtotaal.nl\/fr\/wp-json\/wp\/v2\/product_brand?post=5418"},{"taxonomy":"product_cat","embeddable":true,"href":"https:\/\/www.greeneggtotaal.nl\/fr\/wp-json\/wp\/v2\/product_cat?post=5418"},{"taxonomy":"product_tag","embeddable":true,"href":"https:\/\/www.greeneggtotaal.nl\/fr\/wp-json\/wp\/v2\/product_tag?post=5418"}],"curies":[{"name":"wp","href":"https:\/\/api.w.org\/{rel}","templated":true}]}}