{"id":5425,"date":"2025-06-16T11:05:21","date_gmt":"2025-06-16T09:05:21","guid":{"rendered":"https:\/\/baselinkweb.nl\/greeneggtotaal\/product\/petromax-gietijzeren-wafelijzer\/"},"modified":"2026-02-25T11:08:15","modified_gmt":"2026-02-25T10:08:15","slug":"gaufrier-en-fonte-petromax","status":"publish","type":"product","link":"https:\/\/www.greeneggtotaal.nl\/fr\/product\/petromax-gietijzeren-wafelijzer\/","title":{"rendered":"Gaufrier en fonte Petromax"},"content":{"rendered":"<p>Le gaufrier en fonte Petromax vous permet de pr\u00e9parer de d\u00e9licieuses gaufres ! Par exemple comme d\u00e9licieux dessert apr\u00e8s un somptueux repas autour du feu, ou bien s\u00fbr comme go\u00fbter savoureux pendant le d\u00e9jeuner ou comme en-cas. Le gaufrier peut \u00eatre plac\u00e9 directement dans le feu avec le moule en fonte, mais il convient bien s\u00fbr aussi pour un Atago ou simplement sur un autre BBQ. Tournez le moule entre chaque cuisson pour obtenir une gaufre parfaitement croustillante.<\/p>\n<p>Le crochet de verrouillage pratique maintient les deux c\u00f4t\u00e9s du moule fermement press\u00e9s l'un contre l'autre, emp\u00eachant ainsi la p\u00e2te de s'\u00e9couler. La longue poign\u00e9e en bois permet \u00e9galement de tenir le fer \u00e0 distance, \u00e0 l'int\u00e9rieur, sur ou au-dessus de la source de chaleur. La fonte retenant bien la chaleur, les gaufres cuisent uniform\u00e9ment dor\u00e9es. La surface de cuisson convient pour deux gaufres de 9 x 11 cm. La longueur totale est de 72 cm (poign\u00e9es comprises).<\/p>\n<p>A propos de la fonte.<strong><br \/>\n<\/strong>La fonte est un type d'acier moul\u00e9 qui absorbe et conserve bien la chaleur et peut r\u00e9sister \u00e0 des temp\u00e9ratures tr\u00e8s \u00e9lev\u00e9es. Par cons\u00e9quent, la fonte peut \u00eatre utilis\u00e9e \u00e0 bien d'autres fins que l'acier ou le fer forg\u00e9. Par exemple, une po\u00eale en fonte scell\u00e9e peut \u00eatre utilis\u00e9e comme four pour la cuisson du pain, mais elle convient aussi parfaitement comme cocotte.<\/p>\n<p>Les produits en fonte sont depuis longtemps consid\u00e9r\u00e9s comme des produits durables car ils sont 100% recyclables et durent toute une vie \u00e0 condition d'\u00eatre trait\u00e9s avec soin. C'est pourquoi les produits en fonte sont traditionnellement transmis de g\u00e9n\u00e9ration en g\u00e9n\u00e9ration. La fonte n\u00e9cessite un entretien ad\u00e9quat, mais celui-ci est moins important que vous ne le pensez. Nettoyez votre produit en fonte apr\u00e8s usage avec de l'eau chaude et une brosse \u00e0 vaisselle. S\u00e9chez bien votre produit avec un torchon et rangez-le soigneusement.<\/p>\n<p>Tous les produits en fonte de Petromax sont pr\u00e9trait\u00e9s plusieurs fois. Cela permet d'obtenir une sorte de rev\u00eatement antiadh\u00e9sif naturel et d'\u00e9viter la rouille dans de nombreux cas. Si votre produit rouille une fois, pas de probl\u00e8me, il suffit de le frotter avec une brosse m\u00e9tallique, de le rincer et de le traiter \u00e0 nouveau avec la cire d'entretien Petromax.<\/p>","protected":false},"excerpt":{"rendered":"<p>Met het Petromax Gietijzeren Wafelijzer bak je heerlijke wafels! Bijvoorbeeld als heerlijk toetje na een uitgebreide maaltijd rond het vuur, of natuurlijk gewoon als lekker snack tijdens de lunch of als tussendoortje. Het wafelijzer kan met de gietijzeren mal direct in het vuur geplaats worden, maar is uiteraard ook geschikt voor een Atago of gewoon [&hellip;]<\/p>\n","protected":false},"featured_media":10690,"template":"","meta":[],"product_brand":[248],"product_cat":[72],"product_tag":[],"class_list":{"0":"post-5425","1":"product","2":"type-product","3":"status-publish","4":"has-post-thumbnail","6":"product_brand-petromax","7":"product_cat-petromax-gietijzer","9":"first","10":"instock","11":"taxable","12":"shipping-taxable","13":"purchasable","14":"product-type-composite"},"yoast_head":"<!-- This site is optimized with the Yoast SEO Premium plugin v27.4 (Yoast SEO v27.4) - https:\/\/yoast.com\/product\/yoast-seo-premium-wordpress\/ -->\n<title>Petromax Gietijzeren Wafelijzer<\/title>\n<meta name=\"description\" content=\"Robuust Petromax gietijzeren wafelijzer voor perfecte, knapperige wafels op open vuur. Duurzaam, veelzijdig en ideaal voor buitenkoken.\" \/>\n<meta name=\"robots\" content=\"index, follow, max-snippet:-1, max-image-preview:large, max-video-preview:-1\" \/>\n<link rel=\"canonical\" href=\"https:\/\/www.greeneggtotaal.nl\/fr\/product\/gaufrier-en-fonte-petromax\/\" \/>\n<meta property=\"og:locale\" content=\"fr_FR\" \/>\n<meta property=\"og:type\" content=\"article\" \/>\n<meta property=\"og:title\" content=\"Petromax Gietijzeren Wafelijzer\" \/>\n<meta property=\"og:description\" content=\"Robuust Petromax gietijzeren wafelijzer voor perfecte, knapperige wafels op open vuur. Duurzaam, veelzijdig en ideaal voor buitenkoken.\" \/>\n<meta property=\"og:url\" content=\"https:\/\/www.greeneggtotaal.nl\/fr\/product\/gaufrier-en-fonte-petromax\/\" \/>\n<meta property=\"og:site_name\" content=\"GreenEggTotaal\" \/>\n<meta property=\"article:modified_time\" content=\"2026-02-25T10:08:15+00:00\" \/>\n<meta property=\"og:image\" content=\"https:\/\/www.greeneggtotaal.nl\/wp-content\/uploads\/2025\/08\/ontwerp-zonder-titel-2024-04-09t140651.415-1.webp\" \/>\n\t<meta property=\"og:image:width\" content=\"500\" \/>\n\t<meta property=\"og:image:height\" content=\"500\" \/>\n\t<meta property=\"og:image:type\" content=\"image\/webp\" \/>\n<meta name=\"twitter:card\" content=\"summary_large_image\" \/>\n<meta name=\"twitter:label1\" content=\"Dur\u00e9e de lecture estim\u00e9e\" \/>\n\t<meta name=\"twitter:data1\" content=\"2 minutes\" \/>\n<script type=\"application\/ld+json\" class=\"yoast-schema-graph\">{\"@context\":\"https:\\\/\\\/schema.org\",\"@graph\":[{\"@type\":\"WebPage\",\"@id\":\"https:\\\/\\\/www.greeneggtotaal.nl\\\/product\\\/petromax-gietijzeren-wafelijzer\\\/\",\"url\":\"https:\\\/\\\/www.greeneggtotaal.nl\\\/product\\\/petromax-gietijzeren-wafelijzer\\\/\",\"name\":\"Petromax Gietijzeren Wafelijzer\",\"isPartOf\":{\"@id\":\"https:\\\/\\\/www.greeneggtotaal.nl\\\/nl\\\/#website\"},\"primaryImageOfPage\":{\"@id\":\"https:\\\/\\\/www.greeneggtotaal.nl\\\/product\\\/petromax-gietijzeren-wafelijzer\\\/#primaryimage\"},\"image\":{\"@id\":\"https:\\\/\\\/www.greeneggtotaal.nl\\\/product\\\/petromax-gietijzeren-wafelijzer\\\/#primaryimage\"},\"thumbnailUrl\":\"https:\\\/\\\/www.greeneggtotaal.nl\\\/wp-content\\\/uploads\\\/2025\\\/08\\\/ontwerp-zonder-titel-2024-04-09t140651.415-1.webp\",\"datePublished\":\"2025-06-16T09:05:21+00:00\",\"dateModified\":\"2026-02-25T10:08:15+00:00\",\"description\":\"Robuust Petromax gietijzeren wafelijzer voor perfecte, knapperige wafels op open vuur. Duurzaam, veelzijdig en ideaal voor buitenkoken.\",\"breadcrumb\":{\"@id\":\"https:\\\/\\\/www.greeneggtotaal.nl\\\/product\\\/petromax-gietijzeren-wafelijzer\\\/#breadcrumb\"},\"inLanguage\":\"fr-FR\",\"potentialAction\":[{\"@type\":\"ReadAction\",\"target\":[\"https:\\\/\\\/www.greeneggtotaal.nl\\\/product\\\/petromax-gietijzeren-wafelijzer\\\/\"]}]},{\"@type\":\"ImageObject\",\"inLanguage\":\"fr-FR\",\"@id\":\"https:\\\/\\\/www.greeneggtotaal.nl\\\/product\\\/petromax-gietijzeren-wafelijzer\\\/#primaryimage\",\"url\":\"https:\\\/\\\/www.greeneggtotaal.nl\\\/wp-content\\\/uploads\\\/2025\\\/08\\\/ontwerp-zonder-titel-2024-04-09t140651.415-1.webp\",\"contentUrl\":\"https:\\\/\\\/www.greeneggtotaal.nl\\\/wp-content\\\/uploads\\\/2025\\\/08\\\/ontwerp-zonder-titel-2024-04-09t140651.415-1.webp\",\"width\":500,\"height\":500},{\"@type\":\"BreadcrumbList\",\"@id\":\"https:\\\/\\\/www.greeneggtotaal.nl\\\/product\\\/petromax-gietijzeren-wafelijzer\\\/#breadcrumb\",\"itemListElement\":[{\"@type\":\"ListItem\",\"position\":1,\"name\":\"Home\",\"item\":\"https:\\\/\\\/www.greeneggtotaal.nl\\\/\"},{\"@type\":\"ListItem\",\"position\":2,\"name\":\"Shop\",\"item\":\"https:\\\/\\\/www.greeneggtotaal.nl\\\/nl\\\/shop\\\/\"},{\"@type\":\"ListItem\",\"position\":3,\"name\":\"Petromax Gietijzeren Wafelijzer\"}]},{\"@type\":\"WebSite\",\"@id\":\"https:\\\/\\\/www.greeneggtotaal.nl\\\/nl\\\/#website\",\"url\":\"https:\\\/\\\/www.greeneggtotaal.nl\\\/nl\\\/\",\"name\":\"greeneggtotaal.nl\",\"description\":\"D\u00e9 Big Green Egg Specialist\",\"publisher\":{\"@id\":\"https:\\\/\\\/www.greeneggtotaal.nl\\\/nl\\\/#organization\"},\"potentialAction\":[{\"@type\":\"SearchAction\",\"target\":{\"@type\":\"EntryPoint\",\"urlTemplate\":\"https:\\\/\\\/www.greeneggtotaal.nl\\\/nl\\\/?s={search_term_string}\"},\"query-input\":{\"@type\":\"PropertyValueSpecification\",\"valueRequired\":true,\"valueName\":\"search_term_string\"}}],\"inLanguage\":\"fr-FR\"},{\"@type\":\"Organization\",\"@id\":\"https:\\\/\\\/www.greeneggtotaal.nl\\\/nl\\\/#organization\",\"name\":\"Green Egg Totaal\",\"url\":\"https:\\\/\\\/www.greeneggtotaal.nl\\\/nl\\\/\",\"logo\":{\"@type\":\"ImageObject\",\"inLanguage\":\"fr-FR\",\"@id\":\"https:\\\/\\\/www.greeneggtotaal.nl\\\/nl\\\/#\\\/schema\\\/logo\\\/image\\\/\",\"url\":\"https:\\\/\\\/www.greeneggtotaal.nl\\\/wp-content\\\/uploads\\\/2025\\\/06\\\/Green-Egg-Totaal-Logo.png\",\"contentUrl\":\"https:\\\/\\\/www.greeneggtotaal.nl\\\/wp-content\\\/uploads\\\/2025\\\/06\\\/Green-Egg-Totaal-Logo.png\",\"width\":225,\"height\":95,\"caption\":\"Green Egg Totaal\"},\"image\":{\"@id\":\"https:\\\/\\\/www.greeneggtotaal.nl\\\/nl\\\/#\\\/schema\\\/logo\\\/image\\\/\"}}]}<\/script>\n<!-- \/ Yoast SEO Premium plugin. -->","yoast_head_json":{"title":"Gaufrier en fonte Petromax","description":"Gaufrier robuste en fonte Petromax pour des gaufres parfaites et croustillantes sur un feu ouvert. Durable, polyvalent et id\u00e9al pour la cuisine en plein air.","robots":{"index":"index","follow":"follow","max-snippet":"max-snippet:-1","max-image-preview":"max-image-preview:large","max-video-preview":"max-video-preview:-1"},"canonical":"https:\/\/www.greeneggtotaal.nl\/fr\/product\/gaufrier-en-fonte-petromax\/","og_locale":"fr_FR","og_type":"article","og_title":"Petromax Gietijzeren Wafelijzer","og_description":"Robuust Petromax gietijzeren wafelijzer voor perfecte, knapperige wafels op open vuur. Duurzaam, veelzijdig en ideaal voor buitenkoken.","og_url":"https:\/\/www.greeneggtotaal.nl\/fr\/product\/gaufrier-en-fonte-petromax\/","og_site_name":"GreenEggTotaal","article_modified_time":"2026-02-25T10:08:15+00:00","og_image":[{"width":500,"height":500,"url":"https:\/\/www.greeneggtotaal.nl\/wp-content\/uploads\/2025\/08\/ontwerp-zonder-titel-2024-04-09t140651.415-1.webp","type":"image\/webp"}],"twitter_card":"summary_large_image","twitter_misc":{"Dur\u00e9e de lecture estim\u00e9e":"2 minutes"},"schema":{"@context":"https:\/\/schema.org","@graph":[{"@type":"WebPage","@id":"https:\/\/www.greeneggtotaal.nl\/product\/petromax-gietijzeren-wafelijzer\/","url":"https:\/\/www.greeneggtotaal.nl\/product\/petromax-gietijzeren-wafelijzer\/","name":"Gaufrier en fonte Petromax","isPartOf":{"@id":"https:\/\/www.greeneggtotaal.nl\/nl\/#website"},"primaryImageOfPage":{"@id":"https:\/\/www.greeneggtotaal.nl\/product\/petromax-gietijzeren-wafelijzer\/#primaryimage"},"image":{"@id":"https:\/\/www.greeneggtotaal.nl\/product\/petromax-gietijzeren-wafelijzer\/#primaryimage"},"thumbnailUrl":"https:\/\/www.greeneggtotaal.nl\/wp-content\/uploads\/2025\/08\/ontwerp-zonder-titel-2024-04-09t140651.415-1.webp","datePublished":"2025-06-16T09:05:21+00:00","dateModified":"2026-02-25T10:08:15+00:00","description":"Gaufrier robuste en fonte Petromax pour des gaufres parfaites et croustillantes sur un feu ouvert. Durable, polyvalent et id\u00e9al pour la cuisine en plein air.","breadcrumb":{"@id":"https:\/\/www.greeneggtotaal.nl\/product\/petromax-gietijzeren-wafelijzer\/#breadcrumb"},"inLanguage":"fr-FR","potentialAction":[{"@type":"ReadAction","target":["https:\/\/www.greeneggtotaal.nl\/product\/petromax-gietijzeren-wafelijzer\/"]}]},{"@type":"ImageObject","inLanguage":"fr-FR","@id":"https:\/\/www.greeneggtotaal.nl\/product\/petromax-gietijzeren-wafelijzer\/#primaryimage","url":"https:\/\/www.greeneggtotaal.nl\/wp-content\/uploads\/2025\/08\/ontwerp-zonder-titel-2024-04-09t140651.415-1.webp","contentUrl":"https:\/\/www.greeneggtotaal.nl\/wp-content\/uploads\/2025\/08\/ontwerp-zonder-titel-2024-04-09t140651.415-1.webp","width":500,"height":500},{"@type":"BreadcrumbList","@id":"https:\/\/www.greeneggtotaal.nl\/product\/petromax-gietijzeren-wafelijzer\/#breadcrumb","itemListElement":[{"@type":"ListItem","position":1,"name":"Home","item":"https:\/\/www.greeneggtotaal.nl\/"},{"@type":"ListItem","position":2,"name":"Shop","item":"https:\/\/www.greeneggtotaal.nl\/nl\/shop\/"},{"@type":"ListItem","position":3,"name":"Petromax Gietijzeren Wafelijzer"}]},{"@type":"WebSite","@id":"https:\/\/www.greeneggtotaal.nl\/nl\/#website","url":"https:\/\/www.greeneggtotaal.nl\/nl\/","name":"greeneggtotaal.nl","description":"Le sp\u00e9cialiste du Big Green Egg","publisher":{"@id":"https:\/\/www.greeneggtotaal.nl\/nl\/#organization"},"potentialAction":[{"@type":"SearchAction","target":{"@type":"EntryPoint","urlTemplate":"https:\/\/www.greeneggtotaal.nl\/nl\/?s={search_term_string}"},"query-input":{"@type":"PropertyValueSpecification","valueRequired":true,"valueName":"search_term_string"}}],"inLanguage":"fr-FR"},{"@type":"Organization","@id":"https:\/\/www.greeneggtotaal.nl\/nl\/#organization","name":"Green Egg Totaal","url":"https:\/\/www.greeneggtotaal.nl\/nl\/","logo":{"@type":"ImageObject","inLanguage":"fr-FR","@id":"https:\/\/www.greeneggtotaal.nl\/nl\/#\/schema\/logo\/image\/","url":"https:\/\/www.greeneggtotaal.nl\/wp-content\/uploads\/2025\/06\/Green-Egg-Totaal-Logo.png","contentUrl":"https:\/\/www.greeneggtotaal.nl\/wp-content\/uploads\/2025\/06\/Green-Egg-Totaal-Logo.png","width":225,"height":95,"caption":"Green Egg Totaal"},"image":{"@id":"https:\/\/www.greeneggtotaal.nl\/nl\/#\/schema\/logo\/image\/"}}]}},"_links":{"self":[{"href":"https:\/\/www.greeneggtotaal.nl\/fr\/wp-json\/wp\/v2\/product\/5425","targetHints":{"allow":["GET"]}}],"collection":[{"href":"https:\/\/www.greeneggtotaal.nl\/fr\/wp-json\/wp\/v2\/product"}],"about":[{"href":"https:\/\/www.greeneggtotaal.nl\/fr\/wp-json\/wp\/v2\/types\/product"}],"wp:featuredmedia":[{"embeddable":true,"href":"https:\/\/www.greeneggtotaal.nl\/fr\/wp-json\/wp\/v2\/media\/10690"}],"wp:attachment":[{"href":"https:\/\/www.greeneggtotaal.nl\/fr\/wp-json\/wp\/v2\/media?parent=5425"}],"wp:term":[{"taxonomy":"product_brand","embeddable":true,"href":"https:\/\/www.greeneggtotaal.nl\/fr\/wp-json\/wp\/v2\/product_brand?post=5425"},{"taxonomy":"product_cat","embeddable":true,"href":"https:\/\/www.greeneggtotaal.nl\/fr\/wp-json\/wp\/v2\/product_cat?post=5425"},{"taxonomy":"product_tag","embeddable":true,"href":"https:\/\/www.greeneggtotaal.nl\/fr\/wp-json\/wp\/v2\/product_tag?post=5425"}],"curies":[{"name":"wp","href":"https:\/\/api.w.org\/{rel}","templated":true}]}}