{"id":5431,"date":"2025-06-16T11:05:22","date_gmt":"2025-06-16T09:05:22","guid":{"rendered":"https:\/\/baselinkweb.nl\/greeneggtotaal\/product\/petromax-barbecuetang-klein\/"},"modified":"2026-02-25T10:54:42","modified_gmt":"2026-02-25T09:54:42","slug":"petromax-pince-a-barbecue-petite","status":"publish","type":"product","link":"https:\/\/www.greeneggtotaal.nl\/fr\/product\/petromax-barbecuetang-klein\/","title":{"rendered":"Petromax Pince \u00e0 barbecue Petite"},"content":{"rendered":"<p>Les pinces Petromax BBQ et Kolentang sont des outils indispensables pour cuisiner et faire des grillades en plein air. Pour cuisiner en toute s\u00e9curit\u00e9 sur un grill chaud, il est indispensable de disposer de bonnes pinces.<\/p>\n<p>Le r\u00e9servoir haut de gamme en acier inoxydable bross\u00e9 tient bien en main gr\u00e2ce \u00e0 sa poign\u00e9e fine. Gr\u00e2ce \u00e0 la t\u00eate courb\u00e9e des pinces, vous pouvez facilement saisir les aliments, le charbon et les briquettes et les placer o\u00f9 vous le souhaitez.<\/p>\n<p>Le m\u00e9canisme de verrouillage pratique \u00e0 l'arri\u00e8re vous permet de verrouiller facilement la pince. M\u00eame si vous n'avez qu'une seule main disponible. Apr\u00e8s utilisation, vous pouvez \u00e9galement la suspendre facilement \u00e0 l'anneau du verrouillage.<\/p>\n<p>Les pinces \u00e0 barbecue Petromax sont disponibles en deux tailles diff\u00e9rentes. La plus grande mesure 54 centim\u00e8tres de long et la plus petite 41 centim\u00e8tres.<\/p>","protected":false},"excerpt":{"rendered":"<p>De Petromax BBQ en Kolentang is onmisbaar gereedschap om buiten lekker te kunnen grillen en koken. Om veilig te koken op een hete grill is een goede tang noodzakelijk. De hoogwaardige tank van geborsteld roestvrij staal ligt dankzij de fijne handgreep goed in de hand. Dankzij de gebogen tang-kop, pak je voedsel, kolen en briketten [&hellip;]<\/p>\n","protected":false},"featured_media":10694,"template":"","meta":[],"product_brand":[248],"product_cat":[72],"product_tag":[],"class_list":{"0":"post-5431","1":"product","2":"type-product","3":"status-publish","4":"has-post-thumbnail","6":"product_brand-petromax","7":"product_cat-petromax-gietijzer","9":"first","10":"instock","11":"taxable","12":"shipping-taxable","13":"purchasable","14":"product-type-simple"},"yoast_head":"<!-- This site is optimized with the Yoast SEO Premium plugin v27.4 (Yoast SEO v27.4) - https:\/\/yoast.com\/product\/yoast-seo-premium-wordpress\/ -->\n<title>Petromax Barbecuetang Klein<\/title>\n<meta name=\"description\" content=\"Compacte Petromax barbecuetang voor precies grillen. Gemaakt van sterk roestvrij staal met houten handvat. Ideaal voor elke BBQ\u2011sessie\" \/>\n<meta name=\"robots\" content=\"index, follow, max-snippet:-1, max-image-preview:large, max-video-preview:-1\" \/>\n<link rel=\"canonical\" href=\"https:\/\/www.greeneggtotaal.nl\/fr\/product\/petromax-pince-a-barbecue-petite\/\" \/>\n<meta property=\"og:locale\" content=\"fr_FR\" \/>\n<meta property=\"og:type\" content=\"article\" \/>\n<meta property=\"og:title\" content=\"Petromax Barbecuetang Klein\" \/>\n<meta property=\"og:description\" content=\"Compacte Petromax barbecuetang voor precies grillen. Gemaakt van sterk roestvrij staal met houten handvat. Ideaal voor elke BBQ\u2011sessie\" \/>\n<meta property=\"og:url\" content=\"https:\/\/www.greeneggtotaal.nl\/fr\/product\/petromax-pince-a-barbecue-petite\/\" \/>\n<meta property=\"og:site_name\" content=\"GreenEggTotaal\" \/>\n<meta property=\"article:modified_time\" content=\"2026-02-25T09:54:42+00:00\" \/>\n<meta property=\"og:image\" content=\"https:\/\/www.greeneggtotaal.nl\/wp-content\/uploads\/2025\/08\/ontwerp-zonder-titel-2024-04-09t141215.438-1.webp\" \/>\n\t<meta property=\"og:image:width\" content=\"500\" \/>\n\t<meta property=\"og:image:height\" content=\"500\" \/>\n\t<meta property=\"og:image:type\" content=\"image\/webp\" \/>\n<meta name=\"twitter:card\" content=\"summary_large_image\" \/>\n<meta name=\"twitter:label1\" content=\"Dur\u00e9e de lecture estim\u00e9e\" \/>\n\t<meta name=\"twitter:data1\" content=\"1 minute\" \/>\n<script type=\"application\/ld+json\" class=\"yoast-schema-graph\">{\"@context\":\"https:\\\/\\\/schema.org\",\"@graph\":[{\"@type\":\"WebPage\",\"@id\":\"https:\\\/\\\/www.greeneggtotaal.nl\\\/product\\\/petromax-barbecuetang-klein\\\/\",\"url\":\"https:\\\/\\\/www.greeneggtotaal.nl\\\/product\\\/petromax-barbecuetang-klein\\\/\",\"name\":\"Petromax Barbecuetang Klein\",\"isPartOf\":{\"@id\":\"https:\\\/\\\/www.greeneggtotaal.nl\\\/nl\\\/#website\"},\"primaryImageOfPage\":{\"@id\":\"https:\\\/\\\/www.greeneggtotaal.nl\\\/product\\\/petromax-barbecuetang-klein\\\/#primaryimage\"},\"image\":{\"@id\":\"https:\\\/\\\/www.greeneggtotaal.nl\\\/product\\\/petromax-barbecuetang-klein\\\/#primaryimage\"},\"thumbnailUrl\":\"https:\\\/\\\/www.greeneggtotaal.nl\\\/wp-content\\\/uploads\\\/2025\\\/08\\\/ontwerp-zonder-titel-2024-04-09t141215.438-1.webp\",\"datePublished\":\"2025-06-16T09:05:22+00:00\",\"dateModified\":\"2026-02-25T09:54:42+00:00\",\"description\":\"Compacte Petromax barbecuetang voor precies grillen. Gemaakt van sterk roestvrij staal met houten handvat. Ideaal voor elke BBQ\u2011sessie\",\"breadcrumb\":{\"@id\":\"https:\\\/\\\/www.greeneggtotaal.nl\\\/product\\\/petromax-barbecuetang-klein\\\/#breadcrumb\"},\"inLanguage\":\"fr-FR\",\"potentialAction\":[{\"@type\":\"ReadAction\",\"target\":[\"https:\\\/\\\/www.greeneggtotaal.nl\\\/product\\\/petromax-barbecuetang-klein\\\/\"]}]},{\"@type\":\"ImageObject\",\"inLanguage\":\"fr-FR\",\"@id\":\"https:\\\/\\\/www.greeneggtotaal.nl\\\/product\\\/petromax-barbecuetang-klein\\\/#primaryimage\",\"url\":\"https:\\\/\\\/www.greeneggtotaal.nl\\\/wp-content\\\/uploads\\\/2025\\\/08\\\/ontwerp-zonder-titel-2024-04-09t141215.438-1.webp\",\"contentUrl\":\"https:\\\/\\\/www.greeneggtotaal.nl\\\/wp-content\\\/uploads\\\/2025\\\/08\\\/ontwerp-zonder-titel-2024-04-09t141215.438-1.webp\",\"width\":500,\"height\":500,\"caption\":\"Petromax Barbecuetang Klein\"},{\"@type\":\"BreadcrumbList\",\"@id\":\"https:\\\/\\\/www.greeneggtotaal.nl\\\/product\\\/petromax-barbecuetang-klein\\\/#breadcrumb\",\"itemListElement\":[{\"@type\":\"ListItem\",\"position\":1,\"name\":\"Home\",\"item\":\"https:\\\/\\\/www.greeneggtotaal.nl\\\/\"},{\"@type\":\"ListItem\",\"position\":2,\"name\":\"Shop\",\"item\":\"https:\\\/\\\/www.greeneggtotaal.nl\\\/nl\\\/shop\\\/\"},{\"@type\":\"ListItem\",\"position\":3,\"name\":\"Petromax Barbecuetang Klein\"}]},{\"@type\":\"WebSite\",\"@id\":\"https:\\\/\\\/www.greeneggtotaal.nl\\\/nl\\\/#website\",\"url\":\"https:\\\/\\\/www.greeneggtotaal.nl\\\/nl\\\/\",\"name\":\"greeneggtotaal.nl\",\"description\":\"D\u00e9 Big Green Egg Specialist\",\"publisher\":{\"@id\":\"https:\\\/\\\/www.greeneggtotaal.nl\\\/nl\\\/#organization\"},\"potentialAction\":[{\"@type\":\"SearchAction\",\"target\":{\"@type\":\"EntryPoint\",\"urlTemplate\":\"https:\\\/\\\/www.greeneggtotaal.nl\\\/nl\\\/?s={search_term_string}\"},\"query-input\":{\"@type\":\"PropertyValueSpecification\",\"valueRequired\":true,\"valueName\":\"search_term_string\"}}],\"inLanguage\":\"fr-FR\"},{\"@type\":\"Organization\",\"@id\":\"https:\\\/\\\/www.greeneggtotaal.nl\\\/nl\\\/#organization\",\"name\":\"Green Egg Totaal\",\"url\":\"https:\\\/\\\/www.greeneggtotaal.nl\\\/nl\\\/\",\"logo\":{\"@type\":\"ImageObject\",\"inLanguage\":\"fr-FR\",\"@id\":\"https:\\\/\\\/www.greeneggtotaal.nl\\\/nl\\\/#\\\/schema\\\/logo\\\/image\\\/\",\"url\":\"https:\\\/\\\/www.greeneggtotaal.nl\\\/wp-content\\\/uploads\\\/2025\\\/06\\\/Green-Egg-Totaal-Logo.png\",\"contentUrl\":\"https:\\\/\\\/www.greeneggtotaal.nl\\\/wp-content\\\/uploads\\\/2025\\\/06\\\/Green-Egg-Totaal-Logo.png\",\"width\":225,\"height\":95,\"caption\":\"Green Egg Totaal\"},\"image\":{\"@id\":\"https:\\\/\\\/www.greeneggtotaal.nl\\\/nl\\\/#\\\/schema\\\/logo\\\/image\\\/\"}}]}<\/script>\n<!-- \/ Yoast SEO Premium plugin. -->","yoast_head_json":{"title":"Petromax Pince \u00e0 barbecue Petite","description":"Pince \u00e0 barbecue Petromax compacte pour des grillades pr\u00e9cises. Fabriqu\u00e9e en acier inoxydable robuste avec un manche en bois. Id\u00e9ale pour toutes les s\u00e9ances de barbecue","robots":{"index":"index","follow":"follow","max-snippet":"max-snippet:-1","max-image-preview":"max-image-preview:large","max-video-preview":"max-video-preview:-1"},"canonical":"https:\/\/www.greeneggtotaal.nl\/fr\/product\/petromax-pince-a-barbecue-petite\/","og_locale":"fr_FR","og_type":"article","og_title":"Petromax Barbecuetang Klein","og_description":"Compacte Petromax barbecuetang voor precies grillen. Gemaakt van sterk roestvrij staal met houten handvat. Ideaal voor elke BBQ\u2011sessie","og_url":"https:\/\/www.greeneggtotaal.nl\/fr\/product\/petromax-pince-a-barbecue-petite\/","og_site_name":"GreenEggTotaal","article_modified_time":"2026-02-25T09:54:42+00:00","og_image":[{"width":500,"height":500,"url":"https:\/\/www.greeneggtotaal.nl\/wp-content\/uploads\/2025\/08\/ontwerp-zonder-titel-2024-04-09t141215.438-1.webp","type":"image\/webp"}],"twitter_card":"summary_large_image","twitter_misc":{"Dur\u00e9e de lecture estim\u00e9e":"1 minute"},"schema":{"@context":"https:\/\/schema.org","@graph":[{"@type":"WebPage","@id":"https:\/\/www.greeneggtotaal.nl\/product\/petromax-barbecuetang-klein\/","url":"https:\/\/www.greeneggtotaal.nl\/product\/petromax-barbecuetang-klein\/","name":"Petromax Pince \u00e0 barbecue Petite","isPartOf":{"@id":"https:\/\/www.greeneggtotaal.nl\/nl\/#website"},"primaryImageOfPage":{"@id":"https:\/\/www.greeneggtotaal.nl\/product\/petromax-barbecuetang-klein\/#primaryimage"},"image":{"@id":"https:\/\/www.greeneggtotaal.nl\/product\/petromax-barbecuetang-klein\/#primaryimage"},"thumbnailUrl":"https:\/\/www.greeneggtotaal.nl\/wp-content\/uploads\/2025\/08\/ontwerp-zonder-titel-2024-04-09t141215.438-1.webp","datePublished":"2025-06-16T09:05:22+00:00","dateModified":"2026-02-25T09:54:42+00:00","description":"Pince \u00e0 barbecue Petromax compacte pour des grillades pr\u00e9cises. Fabriqu\u00e9e en acier inoxydable robuste avec un manche en bois. Id\u00e9ale pour toutes les s\u00e9ances de barbecue","breadcrumb":{"@id":"https:\/\/www.greeneggtotaal.nl\/product\/petromax-barbecuetang-klein\/#breadcrumb"},"inLanguage":"fr-FR","potentialAction":[{"@type":"ReadAction","target":["https:\/\/www.greeneggtotaal.nl\/product\/petromax-barbecuetang-klein\/"]}]},{"@type":"ImageObject","inLanguage":"fr-FR","@id":"https:\/\/www.greeneggtotaal.nl\/product\/petromax-barbecuetang-klein\/#primaryimage","url":"https:\/\/www.greeneggtotaal.nl\/wp-content\/uploads\/2025\/08\/ontwerp-zonder-titel-2024-04-09t141215.438-1.webp","contentUrl":"https:\/\/www.greeneggtotaal.nl\/wp-content\/uploads\/2025\/08\/ontwerp-zonder-titel-2024-04-09t141215.438-1.webp","width":500,"height":500,"caption":"Petromax Barbecuetang Klein"},{"@type":"BreadcrumbList","@id":"https:\/\/www.greeneggtotaal.nl\/product\/petromax-barbecuetang-klein\/#breadcrumb","itemListElement":[{"@type":"ListItem","position":1,"name":"Home","item":"https:\/\/www.greeneggtotaal.nl\/"},{"@type":"ListItem","position":2,"name":"Shop","item":"https:\/\/www.greeneggtotaal.nl\/nl\/shop\/"},{"@type":"ListItem","position":3,"name":"Petromax Barbecuetang Klein"}]},{"@type":"WebSite","@id":"https:\/\/www.greeneggtotaal.nl\/nl\/#website","url":"https:\/\/www.greeneggtotaal.nl\/nl\/","name":"greeneggtotaal.nl","description":"Le sp\u00e9cialiste du Big Green Egg","publisher":{"@id":"https:\/\/www.greeneggtotaal.nl\/nl\/#organization"},"potentialAction":[{"@type":"SearchAction","target":{"@type":"EntryPoint","urlTemplate":"https:\/\/www.greeneggtotaal.nl\/nl\/?s={search_term_string}"},"query-input":{"@type":"PropertyValueSpecification","valueRequired":true,"valueName":"search_term_string"}}],"inLanguage":"fr-FR"},{"@type":"Organization","@id":"https:\/\/www.greeneggtotaal.nl\/nl\/#organization","name":"Green Egg Totaal","url":"https:\/\/www.greeneggtotaal.nl\/nl\/","logo":{"@type":"ImageObject","inLanguage":"fr-FR","@id":"https:\/\/www.greeneggtotaal.nl\/nl\/#\/schema\/logo\/image\/","url":"https:\/\/www.greeneggtotaal.nl\/wp-content\/uploads\/2025\/06\/Green-Egg-Totaal-Logo.png","contentUrl":"https:\/\/www.greeneggtotaal.nl\/wp-content\/uploads\/2025\/06\/Green-Egg-Totaal-Logo.png","width":225,"height":95,"caption":"Green Egg Totaal"},"image":{"@id":"https:\/\/www.greeneggtotaal.nl\/nl\/#\/schema\/logo\/image\/"}}]}},"_links":{"self":[{"href":"https:\/\/www.greeneggtotaal.nl\/fr\/wp-json\/wp\/v2\/product\/5431","targetHints":{"allow":["GET"]}}],"collection":[{"href":"https:\/\/www.greeneggtotaal.nl\/fr\/wp-json\/wp\/v2\/product"}],"about":[{"href":"https:\/\/www.greeneggtotaal.nl\/fr\/wp-json\/wp\/v2\/types\/product"}],"wp:featuredmedia":[{"embeddable":true,"href":"https:\/\/www.greeneggtotaal.nl\/fr\/wp-json\/wp\/v2\/media\/10694"}],"wp:attachment":[{"href":"https:\/\/www.greeneggtotaal.nl\/fr\/wp-json\/wp\/v2\/media?parent=5431"}],"wp:term":[{"taxonomy":"product_brand","embeddable":true,"href":"https:\/\/www.greeneggtotaal.nl\/fr\/wp-json\/wp\/v2\/product_brand?post=5431"},{"taxonomy":"product_cat","embeddable":true,"href":"https:\/\/www.greeneggtotaal.nl\/fr\/wp-json\/wp\/v2\/product_cat?post=5431"},{"taxonomy":"product_tag","embeddable":true,"href":"https:\/\/www.greeneggtotaal.nl\/fr\/wp-json\/wp\/v2\/product_tag?post=5431"}],"curies":[{"name":"wp","href":"https:\/\/api.w.org\/{rel}","templated":true}]}}