{"id":5438,"date":"2025-06-16T11:05:24","date_gmt":"2025-06-16T09:05:24","guid":{"rendered":"https:\/\/baselinkweb.nl\/greeneggtotaal\/product\/petromax-hakmes\/"},"modified":"2026-02-25T10:48:15","modified_gmt":"2026-02-25T09:48:15","slug":"couteau-a-decouper-petromax","status":"publish","type":"product","link":"https:\/\/www.greeneggtotaal.nl\/fr\/product\/petromax-hakmes\/","title":{"rendered":"Hachoir Petromax"},"content":{"rendered":"<p>Le couteau \u00e0 d\u00e9couper Petromax a \u00e9t\u00e9 con\u00e7u pour d\u00e9couper, ce qui le rend indispensable pour tous les amateurs de barbecue ou de cuisine en plein air. Sa lame robuste permet de d\u00e9couper facilement de gros morceaux de viande ou de poisson en portions. Soyez bien \u00e9quip\u00e9 pour votre prochaine aventure culinaire avec les couteaux Petromax de haute qualit\u00e9 fabriqu\u00e9s en Allemagne. Les couteaux Petromax sont fabriqu\u00e9s \u00e0 Solingen, ville mondialement connue pour son savoir-faire en mati\u00e8re de forgeage et d'aff\u00fbtage. Des \u00e9p\u00e9es, des couteaux et des ciseaux sont fabriqu\u00e9s dans la \u00ab ville des lames \u00bb depuis le XIIIe si\u00e8cle. La nouvelle gamme de couteaux Petromax comprend un couteau polyvalent, un couteau de chef et un couperet. Tous les couteaux allient nos exigences fonctionnelles \u00e9lev\u00e9es \u00e0 des mat\u00e9riaux de haute qualit\u00e9. Laissez-vous convaincre par le caract\u00e8re unique et la qualit\u00e9 de notre gamme de couteaux.<\/p>","protected":false},"excerpt":{"rendered":"<p>Het Petromax hakmes is ontwikkeld voor het hakken, dit maakt dit mes onmisbaar voor elke barbecue of buiten kookliefhebber. Met zijn forse lemmet kun je grote stukken vlees of vis gemakkelijk in porties verdelen. Wees goed uitgerust voor het volgende kookavontuur met de hoogwaardige Petromax messen van Duitse makelij. De messen van Petromax zijn gemaakt [&hellip;]<\/p>\n","protected":false},"featured_media":10700,"template":"","meta":[],"product_brand":[248],"product_cat":[72],"product_tag":[],"class_list":{"0":"post-5438","1":"product","2":"type-product","3":"status-publish","4":"has-post-thumbnail","6":"product_brand-petromax","7":"product_cat-petromax-gietijzer","9":"first","10":"instock","11":"taxable","12":"shipping-taxable","13":"purchasable","14":"product-type-simple"},"yoast_head":"<!-- This site is optimized with the Yoast SEO Premium plugin v27.4 (Yoast SEO v27.4) - https:\/\/yoast.com\/product\/yoast-seo-premium-wordpress\/ -->\n<title>Petromax Hakmes<\/title>\n<meta name=\"description\" content=\"Robuust Petromax hakmes voor krachtig hakken van vlees, bot en groenten. Handgesmeed, duurzaam en ideaal voor buitenkoken en BBQ.\" \/>\n<meta name=\"robots\" content=\"index, follow, max-snippet:-1, max-image-preview:large, max-video-preview:-1\" \/>\n<link rel=\"canonical\" href=\"https:\/\/www.greeneggtotaal.nl\/fr\/product\/couteau-a-decouper-petromax\/\" \/>\n<meta property=\"og:locale\" content=\"fr_FR\" \/>\n<meta property=\"og:type\" content=\"article\" \/>\n<meta property=\"og:title\" content=\"Petromax Hakmes\" \/>\n<meta property=\"og:description\" content=\"Robuust Petromax hakmes voor krachtig hakken van vlees, bot en groenten. Handgesmeed, duurzaam en ideaal voor buitenkoken en BBQ.\" \/>\n<meta property=\"og:url\" content=\"https:\/\/www.greeneggtotaal.nl\/fr\/product\/couteau-a-decouper-petromax\/\" \/>\n<meta property=\"og:site_name\" content=\"GreenEggTotaal\" \/>\n<meta property=\"article:modified_time\" content=\"2026-02-25T09:48:15+00:00\" \/>\n<meta property=\"og:image\" content=\"https:\/\/www.greeneggtotaal.nl\/wp-content\/uploads\/2025\/08\/ontwerp-zonder-titel-2024-11-01t122907.189.webp\" \/>\n\t<meta property=\"og:image:width\" content=\"500\" \/>\n\t<meta property=\"og:image:height\" content=\"500\" \/>\n\t<meta property=\"og:image:type\" content=\"image\/webp\" \/>\n<meta name=\"twitter:card\" content=\"summary_large_image\" \/>\n<meta name=\"twitter:label1\" content=\"Dur\u00e9e de lecture estim\u00e9e\" \/>\n\t<meta name=\"twitter:data1\" content=\"1 minute\" \/>\n<script type=\"application\/ld+json\" class=\"yoast-schema-graph\">{\"@context\":\"https:\\\/\\\/schema.org\",\"@graph\":[{\"@type\":\"WebPage\",\"@id\":\"https:\\\/\\\/www.greeneggtotaal.nl\\\/product\\\/petromax-hakmes\\\/\",\"url\":\"https:\\\/\\\/www.greeneggtotaal.nl\\\/product\\\/petromax-hakmes\\\/\",\"name\":\"Petromax Hakmes\",\"isPartOf\":{\"@id\":\"https:\\\/\\\/www.greeneggtotaal.nl\\\/nl\\\/#website\"},\"primaryImageOfPage\":{\"@id\":\"https:\\\/\\\/www.greeneggtotaal.nl\\\/product\\\/petromax-hakmes\\\/#primaryimage\"},\"image\":{\"@id\":\"https:\\\/\\\/www.greeneggtotaal.nl\\\/product\\\/petromax-hakmes\\\/#primaryimage\"},\"thumbnailUrl\":\"https:\\\/\\\/www.greeneggtotaal.nl\\\/wp-content\\\/uploads\\\/2025\\\/08\\\/ontwerp-zonder-titel-2024-11-01t122907.189.webp\",\"datePublished\":\"2025-06-16T09:05:24+00:00\",\"dateModified\":\"2026-02-25T09:48:15+00:00\",\"description\":\"Robuust Petromax hakmes voor krachtig hakken van vlees, bot en groenten. Handgesmeed, duurzaam en ideaal voor buitenkoken en BBQ.\",\"breadcrumb\":{\"@id\":\"https:\\\/\\\/www.greeneggtotaal.nl\\\/product\\\/petromax-hakmes\\\/#breadcrumb\"},\"inLanguage\":\"fr-FR\",\"potentialAction\":[{\"@type\":\"ReadAction\",\"target\":[\"https:\\\/\\\/www.greeneggtotaal.nl\\\/product\\\/petromax-hakmes\\\/\"]}]},{\"@type\":\"ImageObject\",\"inLanguage\":\"fr-FR\",\"@id\":\"https:\\\/\\\/www.greeneggtotaal.nl\\\/product\\\/petromax-hakmes\\\/#primaryimage\",\"url\":\"https:\\\/\\\/www.greeneggtotaal.nl\\\/wp-content\\\/uploads\\\/2025\\\/08\\\/ontwerp-zonder-titel-2024-11-01t122907.189.webp\",\"contentUrl\":\"https:\\\/\\\/www.greeneggtotaal.nl\\\/wp-content\\\/uploads\\\/2025\\\/08\\\/ontwerp-zonder-titel-2024-11-01t122907.189.webp\",\"width\":500,\"height\":500,\"caption\":\"Petromax Hakmes\"},{\"@type\":\"BreadcrumbList\",\"@id\":\"https:\\\/\\\/www.greeneggtotaal.nl\\\/product\\\/petromax-hakmes\\\/#breadcrumb\",\"itemListElement\":[{\"@type\":\"ListItem\",\"position\":1,\"name\":\"Home\",\"item\":\"https:\\\/\\\/www.greeneggtotaal.nl\\\/\"},{\"@type\":\"ListItem\",\"position\":2,\"name\":\"Shop\",\"item\":\"https:\\\/\\\/www.greeneggtotaal.nl\\\/nl\\\/shop\\\/\"},{\"@type\":\"ListItem\",\"position\":3,\"name\":\"Petromax Hakmes\"}]},{\"@type\":\"WebSite\",\"@id\":\"https:\\\/\\\/www.greeneggtotaal.nl\\\/nl\\\/#website\",\"url\":\"https:\\\/\\\/www.greeneggtotaal.nl\\\/nl\\\/\",\"name\":\"greeneggtotaal.nl\",\"description\":\"D\u00e9 Big Green Egg Specialist\",\"publisher\":{\"@id\":\"https:\\\/\\\/www.greeneggtotaal.nl\\\/nl\\\/#organization\"},\"potentialAction\":[{\"@type\":\"SearchAction\",\"target\":{\"@type\":\"EntryPoint\",\"urlTemplate\":\"https:\\\/\\\/www.greeneggtotaal.nl\\\/nl\\\/?s={search_term_string}\"},\"query-input\":{\"@type\":\"PropertyValueSpecification\",\"valueRequired\":true,\"valueName\":\"search_term_string\"}}],\"inLanguage\":\"fr-FR\"},{\"@type\":\"Organization\",\"@id\":\"https:\\\/\\\/www.greeneggtotaal.nl\\\/nl\\\/#organization\",\"name\":\"Green Egg Totaal\",\"url\":\"https:\\\/\\\/www.greeneggtotaal.nl\\\/nl\\\/\",\"logo\":{\"@type\":\"ImageObject\",\"inLanguage\":\"fr-FR\",\"@id\":\"https:\\\/\\\/www.greeneggtotaal.nl\\\/nl\\\/#\\\/schema\\\/logo\\\/image\\\/\",\"url\":\"https:\\\/\\\/www.greeneggtotaal.nl\\\/wp-content\\\/uploads\\\/2025\\\/06\\\/Green-Egg-Totaal-Logo.png\",\"contentUrl\":\"https:\\\/\\\/www.greeneggtotaal.nl\\\/wp-content\\\/uploads\\\/2025\\\/06\\\/Green-Egg-Totaal-Logo.png\",\"width\":225,\"height\":95,\"caption\":\"Green Egg Totaal\"},\"image\":{\"@id\":\"https:\\\/\\\/www.greeneggtotaal.nl\\\/nl\\\/#\\\/schema\\\/logo\\\/image\\\/\"}}]}<\/script>\n<!-- \/ Yoast SEO Premium plugin. -->","yoast_head_json":{"title":"Hachoir Petromax","description":"Hachoir Petromax robuste pour hacher puissamment la viande, les os et les l\u00e9gumes. Forg\u00e9 \u00e0 la main, durable et id\u00e9al pour la cuisine en plein air et les barbecues.","robots":{"index":"index","follow":"follow","max-snippet":"max-snippet:-1","max-image-preview":"max-image-preview:large","max-video-preview":"max-video-preview:-1"},"canonical":"https:\/\/www.greeneggtotaal.nl\/fr\/product\/couteau-a-decouper-petromax\/","og_locale":"fr_FR","og_type":"article","og_title":"Petromax Hakmes","og_description":"Robuust Petromax hakmes voor krachtig hakken van vlees, bot en groenten. Handgesmeed, duurzaam en ideaal voor buitenkoken en BBQ.","og_url":"https:\/\/www.greeneggtotaal.nl\/fr\/product\/couteau-a-decouper-petromax\/","og_site_name":"GreenEggTotaal","article_modified_time":"2026-02-25T09:48:15+00:00","og_image":[{"width":500,"height":500,"url":"https:\/\/www.greeneggtotaal.nl\/wp-content\/uploads\/2025\/08\/ontwerp-zonder-titel-2024-11-01t122907.189.webp","type":"image\/webp"}],"twitter_card":"summary_large_image","twitter_misc":{"Dur\u00e9e de lecture estim\u00e9e":"1 minute"},"schema":{"@context":"https:\/\/schema.org","@graph":[{"@type":"WebPage","@id":"https:\/\/www.greeneggtotaal.nl\/product\/petromax-hakmes\/","url":"https:\/\/www.greeneggtotaal.nl\/product\/petromax-hakmes\/","name":"Hachoir Petromax","isPartOf":{"@id":"https:\/\/www.greeneggtotaal.nl\/nl\/#website"},"primaryImageOfPage":{"@id":"https:\/\/www.greeneggtotaal.nl\/product\/petromax-hakmes\/#primaryimage"},"image":{"@id":"https:\/\/www.greeneggtotaal.nl\/product\/petromax-hakmes\/#primaryimage"},"thumbnailUrl":"https:\/\/www.greeneggtotaal.nl\/wp-content\/uploads\/2025\/08\/ontwerp-zonder-titel-2024-11-01t122907.189.webp","datePublished":"2025-06-16T09:05:24+00:00","dateModified":"2026-02-25T09:48:15+00:00","description":"Hachoir Petromax robuste pour hacher puissamment la viande, les os et les l\u00e9gumes. Forg\u00e9 \u00e0 la main, durable et id\u00e9al pour la cuisine en plein air et les barbecues.","breadcrumb":{"@id":"https:\/\/www.greeneggtotaal.nl\/product\/petromax-hakmes\/#breadcrumb"},"inLanguage":"fr-FR","potentialAction":[{"@type":"ReadAction","target":["https:\/\/www.greeneggtotaal.nl\/product\/petromax-hakmes\/"]}]},{"@type":"ImageObject","inLanguage":"fr-FR","@id":"https:\/\/www.greeneggtotaal.nl\/product\/petromax-hakmes\/#primaryimage","url":"https:\/\/www.greeneggtotaal.nl\/wp-content\/uploads\/2025\/08\/ontwerp-zonder-titel-2024-11-01t122907.189.webp","contentUrl":"https:\/\/www.greeneggtotaal.nl\/wp-content\/uploads\/2025\/08\/ontwerp-zonder-titel-2024-11-01t122907.189.webp","width":500,"height":500,"caption":"Petromax Hakmes"},{"@type":"BreadcrumbList","@id":"https:\/\/www.greeneggtotaal.nl\/product\/petromax-hakmes\/#breadcrumb","itemListElement":[{"@type":"ListItem","position":1,"name":"Home","item":"https:\/\/www.greeneggtotaal.nl\/"},{"@type":"ListItem","position":2,"name":"Shop","item":"https:\/\/www.greeneggtotaal.nl\/nl\/shop\/"},{"@type":"ListItem","position":3,"name":"Petromax Hakmes"}]},{"@type":"WebSite","@id":"https:\/\/www.greeneggtotaal.nl\/nl\/#website","url":"https:\/\/www.greeneggtotaal.nl\/nl\/","name":"greeneggtotaal.nl","description":"Le sp\u00e9cialiste du Big Green Egg","publisher":{"@id":"https:\/\/www.greeneggtotaal.nl\/nl\/#organization"},"potentialAction":[{"@type":"SearchAction","target":{"@type":"EntryPoint","urlTemplate":"https:\/\/www.greeneggtotaal.nl\/nl\/?s={search_term_string}"},"query-input":{"@type":"PropertyValueSpecification","valueRequired":true,"valueName":"search_term_string"}}],"inLanguage":"fr-FR"},{"@type":"Organization","@id":"https:\/\/www.greeneggtotaal.nl\/nl\/#organization","name":"Green Egg Totaal","url":"https:\/\/www.greeneggtotaal.nl\/nl\/","logo":{"@type":"ImageObject","inLanguage":"fr-FR","@id":"https:\/\/www.greeneggtotaal.nl\/nl\/#\/schema\/logo\/image\/","url":"https:\/\/www.greeneggtotaal.nl\/wp-content\/uploads\/2025\/06\/Green-Egg-Totaal-Logo.png","contentUrl":"https:\/\/www.greeneggtotaal.nl\/wp-content\/uploads\/2025\/06\/Green-Egg-Totaal-Logo.png","width":225,"height":95,"caption":"Green Egg Totaal"},"image":{"@id":"https:\/\/www.greeneggtotaal.nl\/nl\/#\/schema\/logo\/image\/"}}]}},"_links":{"self":[{"href":"https:\/\/www.greeneggtotaal.nl\/fr\/wp-json\/wp\/v2\/product\/5438","targetHints":{"allow":["GET"]}}],"collection":[{"href":"https:\/\/www.greeneggtotaal.nl\/fr\/wp-json\/wp\/v2\/product"}],"about":[{"href":"https:\/\/www.greeneggtotaal.nl\/fr\/wp-json\/wp\/v2\/types\/product"}],"wp:featuredmedia":[{"embeddable":true,"href":"https:\/\/www.greeneggtotaal.nl\/fr\/wp-json\/wp\/v2\/media\/10700"}],"wp:attachment":[{"href":"https:\/\/www.greeneggtotaal.nl\/fr\/wp-json\/wp\/v2\/media?parent=5438"}],"wp:term":[{"taxonomy":"product_brand","embeddable":true,"href":"https:\/\/www.greeneggtotaal.nl\/fr\/wp-json\/wp\/v2\/product_brand?post=5438"},{"taxonomy":"product_cat","embeddable":true,"href":"https:\/\/www.greeneggtotaal.nl\/fr\/wp-json\/wp\/v2\/product_cat?post=5438"},{"taxonomy":"product_tag","embeddable":true,"href":"https:\/\/www.greeneggtotaal.nl\/fr\/wp-json\/wp\/v2\/product_tag?post=5438"}],"curies":[{"name":"wp","href":"https:\/\/api.w.org\/{rel}","templated":true}]}}