{"id":5588,"date":"2025-06-16T11:06:28","date_gmt":"2025-06-16T09:06:28","guid":{"rendered":"https:\/\/baselinkweb.nl\/greeneggtotaal\/product\/bbq-clean-bag-medium\/"},"modified":"2026-01-29T14:15:41","modified_gmt":"2026-01-29T13:15:41","slug":"sac-de-nettoyage-pour-barbecue-moyen","status":"publish","type":"product","link":"https:\/\/www.greeneggtotaal.nl\/fr\/product\/bbq-clean-bag-medium\/","title":{"rendered":"BBQ Cleanbag Medium"},"content":{"rendered":"<p>Envie d'un barbecue sans passer des heures \u00e0 nettoyer ? Avec le BBQ-CleanBag\u2122, votre grille est propre en un clin d'\u0153il, ce qui vous laisse plus de temps pour profiter pleinement de votre barbecue. Rapide, facile et respectueux de l'environnement : exactement comme il se doit.<\/p>\n<p>Le BBQClean-Bag\u2122 Medium est livr\u00e9 avec cinq sachets de pastilles nettoyantes pour cinq nettoyages et un curseur r\u00e9utilisable pour fermer le sac 100% de mani\u00e8re \u00e9tanche.<\/p>\n<p>Dimensions : 45 cm x 55 cm<\/p>\n<p><strong>Il s'agit de notre plus petite taille, adapt\u00e9e aux grilles d'un diam\u00e8tre de<\/strong><\/p>\n<p><strong>40 centim\u00e8tres maximum. Le sac mesure 45 centim\u00e8tres de large, mais l'ouverture est 5 centim\u00e8tres plus \u00e9troite.<\/strong><\/p>\n<p>Cinq sachets de pastilles nettoyantes<\/p>\n<p>Lot de 10 gants<\/p>","protected":false},"excerpt":{"rendered":"<p>Zin in een BBQ-sessie zonder uren schoonmaken? Met de BBQ-CleanBag\u2122 is je rooster in een mum van tijd weer schoon, zodat jij meer tijd hebt voor het echte werk. Snel, makkelijk en milieubewust \u2013 precies zoals het hoort. De BBQClean-Bag\u2122 Medium wordt geleverd met vijf zakjes met reinigingstabletten voor vijf reinigingsbeurten en een herbruikbare slider [&hellip;]<\/p>\n","protected":false},"featured_media":10798,"template":"","meta":[],"product_brand":[261],"product_cat":[75],"product_tag":[],"class_list":{"0":"post-5588","1":"product","2":"type-product","3":"status-publish","4":"has-post-thumbnail","6":"product_brand-bbq-cleanbag","7":"product_cat-bbq-clean-bag","9":"first","10":"instock","11":"sale","12":"taxable","13":"shipping-taxable","14":"purchasable","15":"product-type-simple"},"yoast_head":"<!-- This site is optimized with the Yoast SEO Premium plugin v27.4 (Yoast SEO v27.4) - https:\/\/yoast.com\/product\/yoast-seo-premium-wordpress\/ -->\n<title>BBQ Cleanbag Medium<\/title>\n<meta name=\"description\" content=\"Zin in een BBQ-sessie zonder uren schoonmaken? Met de BBQ-CleanBag\u2122 is je rooster in een mum van tijd weer schoon, meer tijd hebt voor het echte werk.\" \/>\n<meta name=\"robots\" content=\"index, follow, max-snippet:-1, max-image-preview:large, max-video-preview:-1\" \/>\n<link rel=\"canonical\" href=\"https:\/\/www.greeneggtotaal.nl\/fr\/product\/sac-de-nettoyage-pour-barbecue-moyen\/\" \/>\n<meta property=\"og:locale\" content=\"fr_FR\" \/>\n<meta property=\"og:type\" content=\"article\" \/>\n<meta property=\"og:title\" content=\"BBQ Cleanbag Medium\" \/>\n<meta property=\"og:description\" content=\"Zin in een BBQ-sessie zonder uren schoonmaken? Met de BBQ-CleanBag\u2122 is je rooster in een mum van tijd weer schoon, meer tijd hebt voor het echte werk.\" \/>\n<meta property=\"og:url\" content=\"https:\/\/www.greeneggtotaal.nl\/fr\/product\/sac-de-nettoyage-pour-barbecue-moyen\/\" \/>\n<meta property=\"og:site_name\" content=\"GreenEggTotaal\" \/>\n<meta property=\"article:modified_time\" content=\"2026-01-29T13:15:41+00:00\" \/>\n<meta property=\"og:image\" content=\"https:\/\/www.greeneggtotaal.nl\/wp-content\/uploads\/2025\/08\/canva-2.webp\" \/>\n\t<meta property=\"og:image:width\" content=\"500\" \/>\n\t<meta property=\"og:image:height\" content=\"500\" \/>\n\t<meta property=\"og:image:type\" content=\"image\/webp\" \/>\n<meta name=\"twitter:card\" content=\"summary_large_image\" \/>\n<meta name=\"twitter:label1\" content=\"Dur\u00e9e de lecture estim\u00e9e\" \/>\n\t<meta name=\"twitter:data1\" content=\"1 minute\" \/>\n<script type=\"application\/ld+json\" class=\"yoast-schema-graph\">{\"@context\":\"https:\\\/\\\/schema.org\",\"@graph\":[{\"@type\":\"WebPage\",\"@id\":\"https:\\\/\\\/www.greeneggtotaal.nl\\\/product\\\/bbq-clean-bag-medium\\\/\",\"url\":\"https:\\\/\\\/www.greeneggtotaal.nl\\\/product\\\/bbq-clean-bag-medium\\\/\",\"name\":\"BBQ Cleanbag Medium\",\"isPartOf\":{\"@id\":\"https:\\\/\\\/www.greeneggtotaal.nl\\\/nl\\\/#website\"},\"primaryImageOfPage\":{\"@id\":\"https:\\\/\\\/www.greeneggtotaal.nl\\\/product\\\/bbq-clean-bag-medium\\\/#primaryimage\"},\"image\":{\"@id\":\"https:\\\/\\\/www.greeneggtotaal.nl\\\/product\\\/bbq-clean-bag-medium\\\/#primaryimage\"},\"thumbnailUrl\":\"https:\\\/\\\/www.greeneggtotaal.nl\\\/wp-content\\\/uploads\\\/2025\\\/08\\\/canva-2.webp\",\"datePublished\":\"2025-06-16T09:06:28+00:00\",\"dateModified\":\"2026-01-29T13:15:41+00:00\",\"description\":\"Zin in een BBQ-sessie zonder uren schoonmaken? Met de BBQ-CleanBag\u2122 is je rooster in een mum van tijd weer schoon, meer tijd hebt voor het echte werk.\",\"breadcrumb\":{\"@id\":\"https:\\\/\\\/www.greeneggtotaal.nl\\\/product\\\/bbq-clean-bag-medium\\\/#breadcrumb\"},\"inLanguage\":\"fr-FR\",\"potentialAction\":[{\"@type\":\"ReadAction\",\"target\":[\"https:\\\/\\\/www.greeneggtotaal.nl\\\/product\\\/bbq-clean-bag-medium\\\/\"]}]},{\"@type\":\"ImageObject\",\"inLanguage\":\"fr-FR\",\"@id\":\"https:\\\/\\\/www.greeneggtotaal.nl\\\/product\\\/bbq-clean-bag-medium\\\/#primaryimage\",\"url\":\"https:\\\/\\\/www.greeneggtotaal.nl\\\/wp-content\\\/uploads\\\/2025\\\/08\\\/canva-2.webp\",\"contentUrl\":\"https:\\\/\\\/www.greeneggtotaal.nl\\\/wp-content\\\/uploads\\\/2025\\\/08\\\/canva-2.webp\",\"width\":500,\"height\":500,\"caption\":\"BBQ Cleanbag Medium\"},{\"@type\":\"BreadcrumbList\",\"@id\":\"https:\\\/\\\/www.greeneggtotaal.nl\\\/product\\\/bbq-clean-bag-medium\\\/#breadcrumb\",\"itemListElement\":[{\"@type\":\"ListItem\",\"position\":1,\"name\":\"Home\",\"item\":\"https:\\\/\\\/www.greeneggtotaal.nl\\\/\"},{\"@type\":\"ListItem\",\"position\":2,\"name\":\"Shop\",\"item\":\"https:\\\/\\\/www.greeneggtotaal.nl\\\/nl\\\/shop\\\/\"},{\"@type\":\"ListItem\",\"position\":3,\"name\":\"BBQ Cleanbag Medium\"}]},{\"@type\":\"WebSite\",\"@id\":\"https:\\\/\\\/www.greeneggtotaal.nl\\\/nl\\\/#website\",\"url\":\"https:\\\/\\\/www.greeneggtotaal.nl\\\/nl\\\/\",\"name\":\"greeneggtotaal.nl\",\"description\":\"D\u00e9 Big Green Egg Specialist\",\"publisher\":{\"@id\":\"https:\\\/\\\/www.greeneggtotaal.nl\\\/nl\\\/#organization\"},\"potentialAction\":[{\"@type\":\"SearchAction\",\"target\":{\"@type\":\"EntryPoint\",\"urlTemplate\":\"https:\\\/\\\/www.greeneggtotaal.nl\\\/nl\\\/?s={search_term_string}\"},\"query-input\":{\"@type\":\"PropertyValueSpecification\",\"valueRequired\":true,\"valueName\":\"search_term_string\"}}],\"inLanguage\":\"fr-FR\"},{\"@type\":\"Organization\",\"@id\":\"https:\\\/\\\/www.greeneggtotaal.nl\\\/nl\\\/#organization\",\"name\":\"Green Egg Totaal\",\"url\":\"https:\\\/\\\/www.greeneggtotaal.nl\\\/nl\\\/\",\"logo\":{\"@type\":\"ImageObject\",\"inLanguage\":\"fr-FR\",\"@id\":\"https:\\\/\\\/www.greeneggtotaal.nl\\\/nl\\\/#\\\/schema\\\/logo\\\/image\\\/\",\"url\":\"https:\\\/\\\/www.greeneggtotaal.nl\\\/wp-content\\\/uploads\\\/2025\\\/06\\\/Green-Egg-Totaal-Logo.png\",\"contentUrl\":\"https:\\\/\\\/www.greeneggtotaal.nl\\\/wp-content\\\/uploads\\\/2025\\\/06\\\/Green-Egg-Totaal-Logo.png\",\"width\":225,\"height\":95,\"caption\":\"Green Egg Totaal\"},\"image\":{\"@id\":\"https:\\\/\\\/www.greeneggtotaal.nl\\\/nl\\\/#\\\/schema\\\/logo\\\/image\\\/\"}}]}<\/script>\n<!-- \/ Yoast SEO Premium plugin. -->","yoast_head_json":{"title":"BBQ Cleanbag Medium","description":"Envie d'une s\u00e9ance de barbecue sans passer des heures \u00e0 nettoyer ? Avec le BBQ-CleanBag\u2122, votre grille est \u00e0 nouveau propre en un rien de temps, ce qui vous laisse plus de temps pour les choses s\u00e9rieuses.","robots":{"index":"index","follow":"follow","max-snippet":"max-snippet:-1","max-image-preview":"max-image-preview:large","max-video-preview":"max-video-preview:-1"},"canonical":"https:\/\/www.greeneggtotaal.nl\/fr\/product\/sac-de-nettoyage-pour-barbecue-moyen\/","og_locale":"fr_FR","og_type":"article","og_title":"BBQ Cleanbag Medium","og_description":"Zin in een BBQ-sessie zonder uren schoonmaken? Met de BBQ-CleanBag\u2122 is je rooster in een mum van tijd weer schoon, meer tijd hebt voor het echte werk.","og_url":"https:\/\/www.greeneggtotaal.nl\/fr\/product\/sac-de-nettoyage-pour-barbecue-moyen\/","og_site_name":"GreenEggTotaal","article_modified_time":"2026-01-29T13:15:41+00:00","og_image":[{"width":500,"height":500,"url":"https:\/\/www.greeneggtotaal.nl\/wp-content\/uploads\/2025\/08\/canva-2.webp","type":"image\/webp"}],"twitter_card":"summary_large_image","twitter_misc":{"Dur\u00e9e de lecture estim\u00e9e":"1 minute"},"schema":{"@context":"https:\/\/schema.org","@graph":[{"@type":"WebPage","@id":"https:\/\/www.greeneggtotaal.nl\/product\/bbq-clean-bag-medium\/","url":"https:\/\/www.greeneggtotaal.nl\/product\/bbq-clean-bag-medium\/","name":"BBQ Cleanbag Medium","isPartOf":{"@id":"https:\/\/www.greeneggtotaal.nl\/nl\/#website"},"primaryImageOfPage":{"@id":"https:\/\/www.greeneggtotaal.nl\/product\/bbq-clean-bag-medium\/#primaryimage"},"image":{"@id":"https:\/\/www.greeneggtotaal.nl\/product\/bbq-clean-bag-medium\/#primaryimage"},"thumbnailUrl":"https:\/\/www.greeneggtotaal.nl\/wp-content\/uploads\/2025\/08\/canva-2.webp","datePublished":"2025-06-16T09:06:28+00:00","dateModified":"2026-01-29T13:15:41+00:00","description":"Envie d'une s\u00e9ance de barbecue sans passer des heures \u00e0 nettoyer ? Avec le BBQ-CleanBag\u2122, votre grille est \u00e0 nouveau propre en un rien de temps, ce qui vous laisse plus de temps pour les choses s\u00e9rieuses.","breadcrumb":{"@id":"https:\/\/www.greeneggtotaal.nl\/product\/bbq-clean-bag-medium\/#breadcrumb"},"inLanguage":"fr-FR","potentialAction":[{"@type":"ReadAction","target":["https:\/\/www.greeneggtotaal.nl\/product\/bbq-clean-bag-medium\/"]}]},{"@type":"ImageObject","inLanguage":"fr-FR","@id":"https:\/\/www.greeneggtotaal.nl\/product\/bbq-clean-bag-medium\/#primaryimage","url":"https:\/\/www.greeneggtotaal.nl\/wp-content\/uploads\/2025\/08\/canva-2.webp","contentUrl":"https:\/\/www.greeneggtotaal.nl\/wp-content\/uploads\/2025\/08\/canva-2.webp","width":500,"height":500,"caption":"BBQ Cleanbag Medium"},{"@type":"BreadcrumbList","@id":"https:\/\/www.greeneggtotaal.nl\/product\/bbq-clean-bag-medium\/#breadcrumb","itemListElement":[{"@type":"ListItem","position":1,"name":"Home","item":"https:\/\/www.greeneggtotaal.nl\/"},{"@type":"ListItem","position":2,"name":"Shop","item":"https:\/\/www.greeneggtotaal.nl\/nl\/shop\/"},{"@type":"ListItem","position":3,"name":"BBQ Cleanbag Medium"}]},{"@type":"WebSite","@id":"https:\/\/www.greeneggtotaal.nl\/nl\/#website","url":"https:\/\/www.greeneggtotaal.nl\/nl\/","name":"greeneggtotaal.nl","description":"Le sp\u00e9cialiste du Big Green Egg","publisher":{"@id":"https:\/\/www.greeneggtotaal.nl\/nl\/#organization"},"potentialAction":[{"@type":"SearchAction","target":{"@type":"EntryPoint","urlTemplate":"https:\/\/www.greeneggtotaal.nl\/nl\/?s={search_term_string}"},"query-input":{"@type":"PropertyValueSpecification","valueRequired":true,"valueName":"search_term_string"}}],"inLanguage":"fr-FR"},{"@type":"Organization","@id":"https:\/\/www.greeneggtotaal.nl\/nl\/#organization","name":"Green Egg Totaal","url":"https:\/\/www.greeneggtotaal.nl\/nl\/","logo":{"@type":"ImageObject","inLanguage":"fr-FR","@id":"https:\/\/www.greeneggtotaal.nl\/nl\/#\/schema\/logo\/image\/","url":"https:\/\/www.greeneggtotaal.nl\/wp-content\/uploads\/2025\/06\/Green-Egg-Totaal-Logo.png","contentUrl":"https:\/\/www.greeneggtotaal.nl\/wp-content\/uploads\/2025\/06\/Green-Egg-Totaal-Logo.png","width":225,"height":95,"caption":"Green Egg Totaal"},"image":{"@id":"https:\/\/www.greeneggtotaal.nl\/nl\/#\/schema\/logo\/image\/"}}]}},"_links":{"self":[{"href":"https:\/\/www.greeneggtotaal.nl\/fr\/wp-json\/wp\/v2\/product\/5588","targetHints":{"allow":["GET"]}}],"collection":[{"href":"https:\/\/www.greeneggtotaal.nl\/fr\/wp-json\/wp\/v2\/product"}],"about":[{"href":"https:\/\/www.greeneggtotaal.nl\/fr\/wp-json\/wp\/v2\/types\/product"}],"wp:featuredmedia":[{"embeddable":true,"href":"https:\/\/www.greeneggtotaal.nl\/fr\/wp-json\/wp\/v2\/media\/10798"}],"wp:attachment":[{"href":"https:\/\/www.greeneggtotaal.nl\/fr\/wp-json\/wp\/v2\/media?parent=5588"}],"wp:term":[{"taxonomy":"product_brand","embeddable":true,"href":"https:\/\/www.greeneggtotaal.nl\/fr\/wp-json\/wp\/v2\/product_brand?post=5588"},{"taxonomy":"product_cat","embeddable":true,"href":"https:\/\/www.greeneggtotaal.nl\/fr\/wp-json\/wp\/v2\/product_cat?post=5588"},{"taxonomy":"product_tag","embeddable":true,"href":"https:\/\/www.greeneggtotaal.nl\/fr\/wp-json\/wp\/v2\/product_tag?post=5588"}],"curies":[{"name":"wp","href":"https:\/\/api.w.org\/{rel}","templated":true}]}}