{"id":5770,"date":"2025-06-16T12:45:30","date_gmt":"2025-06-16T10:45:30","guid":{"rendered":"https:\/\/baselinkweb.nl\/greeneggtotaal\/product\/koken-op-de-big-green-egg-kookboek\/"},"modified":"2026-01-29T12:21:54","modified_gmt":"2026-01-29T11:21:54","slug":"le-livre-de-cuisine-big-green-egg-loeuf-vert","status":"publish","type":"product","link":"https:\/\/www.greeneggtotaal.nl\/fr\/product\/koken-op-de-big-green-egg-kookboek\/","title":{"rendered":"Livre de cuisine Cuisiner sur le Big Green Egg"},"content":{"rendered":"<p>Vous aimez feuilleter votre collection de livres de cuisine avant d'allumer le charbon de bois de votre Big Green Egg ? Dans ce cas, le livre Cooking on the Big Green Egg est un must \u00e0 ajouter \u00e0 votre collection, car m\u00eame si vous pensez avoir d\u00e9j\u00e0 tout fait, vous y d\u00e9couvrirez des recettes surprenantes. La premi\u00e8re recette est celle des ailes de poulet, avec lesquelles le fondateur du Big Green Egg, Ed Fisher, a incit\u00e9 ses clients \u00e0 acheter un Big Green Egg en 1974. Elle est suivie de 12 classiques, du poulet \u00e0 la poitrine, par ordre de difficult\u00e9. Les autres recettes sont divis\u00e9es en diff\u00e9rentes techniques et en diff\u00e9rents accessoires. L'id\u00e9al pour apprendre \u00e0 mieux conna\u00eetre votre EGG. En plus d'expliquer les bases, comme l'allumage du charbon de bois et les diff\u00e9rents outils, techniques et r\u00e9glages, ce livre est une grande source d'inspiration pour tous les EGGers gr\u00e2ce aux 70 recettes de l'auteur et ancien chef cuisinier James Whetlor. Pour vous aussi !<\/p>","protected":false},"excerpt":{"rendered":"<p>Vind jij het heerlijk om uitgebreid door je collectie kookboeken te bladeren voordat je de houtskool in je Big Green Egg aansteekt? Dan is het boek Koken op de Big Green Egg een must have om aan je verzameling toe te voegen. Want zelfs als je denkt dat je alles al zo\u2019n beetje hebt gemaakt, [&hellip;]<\/p>\n","protected":false},"featured_media":10971,"template":"","meta":[],"product_brand":[229],"product_cat":[73],"product_tag":[],"class_list":{"0":"post-5770","1":"product","2":"type-product","3":"status-publish","4":"has-post-thumbnail","6":"product_brand-big-green-egg","7":"product_cat-kookboeken","9":"first","10":"instock","11":"taxable","12":"shipping-taxable","13":"purchasable","14":"product-type-simple"},"yoast_head":"<!-- This site is optimized with the Yoast SEO Premium plugin v27.4 (Yoast SEO v27.4) - https:\/\/yoast.com\/product\/yoast-seo-premium-wordpress\/ -->\n<title>Kookboek Koken op de Big Green Egg<\/title>\n<meta name=\"description\" content=\"Kookboek Koken op de Big Green Egg biedt inspirerende recepten, duidelijke technieken en praktische tips voor perfect barbecue\u00ebn op elke kamado.\" \/>\n<meta name=\"robots\" content=\"index, follow, max-snippet:-1, max-image-preview:large, max-video-preview:-1\" \/>\n<link rel=\"canonical\" href=\"https:\/\/www.greeneggtotaal.nl\/fr\/product\/le-livre-de-cuisine-big-green-egg-loeuf-vert\/\" \/>\n<meta property=\"og:locale\" content=\"fr_FR\" \/>\n<meta property=\"og:type\" content=\"article\" \/>\n<meta property=\"og:title\" content=\"Kookboek Koken op de Big Green Egg\" \/>\n<meta property=\"og:description\" content=\"Kookboek Koken op de Big Green Egg biedt inspirerende recepten, duidelijke technieken en praktische tips voor perfect barbecue\u00ebn op elke kamado.\" \/>\n<meta property=\"og:url\" content=\"https:\/\/www.greeneggtotaal.nl\/fr\/product\/le-livre-de-cuisine-big-green-egg-loeuf-vert\/\" \/>\n<meta property=\"og:site_name\" content=\"GreenEggTotaal\" \/>\n<meta property=\"article:modified_time\" content=\"2026-01-29T11:21:54+00:00\" \/>\n<meta property=\"og:image\" content=\"https:\/\/www.greeneggtotaal.nl\/wp-content\/uploads\/2025\/08\/1-18.webp\" \/>\n\t<meta property=\"og:image:width\" content=\"500\" \/>\n\t<meta property=\"og:image:height\" content=\"500\" \/>\n\t<meta property=\"og:image:type\" content=\"image\/webp\" \/>\n<meta name=\"twitter:card\" content=\"summary_large_image\" \/>\n<meta name=\"twitter:label1\" content=\"Dur\u00e9e de lecture estim\u00e9e\" \/>\n\t<meta name=\"twitter:data1\" content=\"2 minutes\" \/>\n<script type=\"application\/ld+json\" class=\"yoast-schema-graph\">{\"@context\":\"https:\\\/\\\/schema.org\",\"@graph\":[{\"@type\":\"WebPage\",\"@id\":\"https:\\\/\\\/www.greeneggtotaal.nl\\\/product\\\/koken-op-de-big-green-egg-kookboek\\\/\",\"url\":\"https:\\\/\\\/www.greeneggtotaal.nl\\\/product\\\/koken-op-de-big-green-egg-kookboek\\\/\",\"name\":\"Kookboek Koken op de Big Green Egg\",\"isPartOf\":{\"@id\":\"https:\\\/\\\/www.greeneggtotaal.nl\\\/nl\\\/#website\"},\"primaryImageOfPage\":{\"@id\":\"https:\\\/\\\/www.greeneggtotaal.nl\\\/product\\\/koken-op-de-big-green-egg-kookboek\\\/#primaryimage\"},\"image\":{\"@id\":\"https:\\\/\\\/www.greeneggtotaal.nl\\\/product\\\/koken-op-de-big-green-egg-kookboek\\\/#primaryimage\"},\"thumbnailUrl\":\"https:\\\/\\\/www.greeneggtotaal.nl\\\/wp-content\\\/uploads\\\/2025\\\/08\\\/1-18.webp\",\"datePublished\":\"2025-06-16T10:45:30+00:00\",\"dateModified\":\"2026-01-29T11:21:54+00:00\",\"description\":\"Kookboek Koken op de Big Green Egg biedt inspirerende recepten, duidelijke technieken en praktische tips voor perfect barbecue\u00ebn op elke kamado.\",\"breadcrumb\":{\"@id\":\"https:\\\/\\\/www.greeneggtotaal.nl\\\/product\\\/koken-op-de-big-green-egg-kookboek\\\/#breadcrumb\"},\"inLanguage\":\"fr-FR\",\"potentialAction\":[{\"@type\":\"ReadAction\",\"target\":[\"https:\\\/\\\/www.greeneggtotaal.nl\\\/product\\\/koken-op-de-big-green-egg-kookboek\\\/\"]}]},{\"@type\":\"ImageObject\",\"inLanguage\":\"fr-FR\",\"@id\":\"https:\\\/\\\/www.greeneggtotaal.nl\\\/product\\\/koken-op-de-big-green-egg-kookboek\\\/#primaryimage\",\"url\":\"https:\\\/\\\/www.greeneggtotaal.nl\\\/wp-content\\\/uploads\\\/2025\\\/08\\\/1-18.webp\",\"contentUrl\":\"https:\\\/\\\/www.greeneggtotaal.nl\\\/wp-content\\\/uploads\\\/2025\\\/08\\\/1-18.webp\",\"width\":500,\"height\":500,\"caption\":\"Kookboek Koken op de Big Green Egg\"},{\"@type\":\"BreadcrumbList\",\"@id\":\"https:\\\/\\\/www.greeneggtotaal.nl\\\/product\\\/koken-op-de-big-green-egg-kookboek\\\/#breadcrumb\",\"itemListElement\":[{\"@type\":\"ListItem\",\"position\":1,\"name\":\"Home\",\"item\":\"https:\\\/\\\/www.greeneggtotaal.nl\\\/\"},{\"@type\":\"ListItem\",\"position\":2,\"name\":\"Shop\",\"item\":\"https:\\\/\\\/www.greeneggtotaal.nl\\\/nl\\\/shop\\\/\"},{\"@type\":\"ListItem\",\"position\":3,\"name\":\"Kookboek Koken op de Big Green Egg\"}]},{\"@type\":\"WebSite\",\"@id\":\"https:\\\/\\\/www.greeneggtotaal.nl\\\/nl\\\/#website\",\"url\":\"https:\\\/\\\/www.greeneggtotaal.nl\\\/nl\\\/\",\"name\":\"greeneggtotaal.nl\",\"description\":\"D\u00e9 Big Green Egg Specialist\",\"publisher\":{\"@id\":\"https:\\\/\\\/www.greeneggtotaal.nl\\\/nl\\\/#organization\"},\"potentialAction\":[{\"@type\":\"SearchAction\",\"target\":{\"@type\":\"EntryPoint\",\"urlTemplate\":\"https:\\\/\\\/www.greeneggtotaal.nl\\\/nl\\\/?s={search_term_string}\"},\"query-input\":{\"@type\":\"PropertyValueSpecification\",\"valueRequired\":true,\"valueName\":\"search_term_string\"}}],\"inLanguage\":\"fr-FR\"},{\"@type\":\"Organization\",\"@id\":\"https:\\\/\\\/www.greeneggtotaal.nl\\\/nl\\\/#organization\",\"name\":\"Green Egg Totaal\",\"url\":\"https:\\\/\\\/www.greeneggtotaal.nl\\\/nl\\\/\",\"logo\":{\"@type\":\"ImageObject\",\"inLanguage\":\"fr-FR\",\"@id\":\"https:\\\/\\\/www.greeneggtotaal.nl\\\/nl\\\/#\\\/schema\\\/logo\\\/image\\\/\",\"url\":\"https:\\\/\\\/www.greeneggtotaal.nl\\\/wp-content\\\/uploads\\\/2025\\\/06\\\/Green-Egg-Totaal-Logo.png\",\"contentUrl\":\"https:\\\/\\\/www.greeneggtotaal.nl\\\/wp-content\\\/uploads\\\/2025\\\/06\\\/Green-Egg-Totaal-Logo.png\",\"width\":225,\"height\":95,\"caption\":\"Green Egg Totaal\"},\"image\":{\"@id\":\"https:\\\/\\\/www.greeneggtotaal.nl\\\/nl\\\/#\\\/schema\\\/logo\\\/image\\\/\"}}]}<\/script>\n<!-- \/ Yoast SEO Premium plugin. -->","yoast_head_json":{"title":"Livre de cuisine Cuisiner sur le Big Green Egg","description":"Le livre de cuisine Cooking on the Big Green Egg propose des recettes inspirantes, des techniques claires et des conseils pratiques pour un barbecue parfait sur n'importe quel kamado.","robots":{"index":"index","follow":"follow","max-snippet":"max-snippet:-1","max-image-preview":"max-image-preview:large","max-video-preview":"max-video-preview:-1"},"canonical":"https:\/\/www.greeneggtotaal.nl\/fr\/product\/le-livre-de-cuisine-big-green-egg-loeuf-vert\/","og_locale":"fr_FR","og_type":"article","og_title":"Kookboek Koken op de Big Green Egg","og_description":"Kookboek Koken op de Big Green Egg biedt inspirerende recepten, duidelijke technieken en praktische tips voor perfect barbecue\u00ebn op elke kamado.","og_url":"https:\/\/www.greeneggtotaal.nl\/fr\/product\/le-livre-de-cuisine-big-green-egg-loeuf-vert\/","og_site_name":"GreenEggTotaal","article_modified_time":"2026-01-29T11:21:54+00:00","og_image":[{"width":500,"height":500,"url":"https:\/\/www.greeneggtotaal.nl\/wp-content\/uploads\/2025\/08\/1-18.webp","type":"image\/webp"}],"twitter_card":"summary_large_image","twitter_misc":{"Dur\u00e9e de lecture estim\u00e9e":"2 minutes"},"schema":{"@context":"https:\/\/schema.org","@graph":[{"@type":"WebPage","@id":"https:\/\/www.greeneggtotaal.nl\/product\/koken-op-de-big-green-egg-kookboek\/","url":"https:\/\/www.greeneggtotaal.nl\/product\/koken-op-de-big-green-egg-kookboek\/","name":"Livre de cuisine Cuisiner sur le Big Green Egg","isPartOf":{"@id":"https:\/\/www.greeneggtotaal.nl\/nl\/#website"},"primaryImageOfPage":{"@id":"https:\/\/www.greeneggtotaal.nl\/product\/koken-op-de-big-green-egg-kookboek\/#primaryimage"},"image":{"@id":"https:\/\/www.greeneggtotaal.nl\/product\/koken-op-de-big-green-egg-kookboek\/#primaryimage"},"thumbnailUrl":"https:\/\/www.greeneggtotaal.nl\/wp-content\/uploads\/2025\/08\/1-18.webp","datePublished":"2025-06-16T10:45:30+00:00","dateModified":"2026-01-29T11:21:54+00:00","description":"Le livre de cuisine Cooking on the Big Green Egg propose des recettes inspirantes, des techniques claires et des conseils pratiques pour un barbecue parfait sur n'importe quel kamado.","breadcrumb":{"@id":"https:\/\/www.greeneggtotaal.nl\/product\/koken-op-de-big-green-egg-kookboek\/#breadcrumb"},"inLanguage":"fr-FR","potentialAction":[{"@type":"ReadAction","target":["https:\/\/www.greeneggtotaal.nl\/product\/koken-op-de-big-green-egg-kookboek\/"]}]},{"@type":"ImageObject","inLanguage":"fr-FR","@id":"https:\/\/www.greeneggtotaal.nl\/product\/koken-op-de-big-green-egg-kookboek\/#primaryimage","url":"https:\/\/www.greeneggtotaal.nl\/wp-content\/uploads\/2025\/08\/1-18.webp","contentUrl":"https:\/\/www.greeneggtotaal.nl\/wp-content\/uploads\/2025\/08\/1-18.webp","width":500,"height":500,"caption":"Kookboek Koken op de Big Green Egg"},{"@type":"BreadcrumbList","@id":"https:\/\/www.greeneggtotaal.nl\/product\/koken-op-de-big-green-egg-kookboek\/#breadcrumb","itemListElement":[{"@type":"ListItem","position":1,"name":"Home","item":"https:\/\/www.greeneggtotaal.nl\/"},{"@type":"ListItem","position":2,"name":"Shop","item":"https:\/\/www.greeneggtotaal.nl\/nl\/shop\/"},{"@type":"ListItem","position":3,"name":"Kookboek Koken op de Big Green Egg"}]},{"@type":"WebSite","@id":"https:\/\/www.greeneggtotaal.nl\/nl\/#website","url":"https:\/\/www.greeneggtotaal.nl\/nl\/","name":"greeneggtotaal.nl","description":"Le sp\u00e9cialiste du Big Green Egg","publisher":{"@id":"https:\/\/www.greeneggtotaal.nl\/nl\/#organization"},"potentialAction":[{"@type":"SearchAction","target":{"@type":"EntryPoint","urlTemplate":"https:\/\/www.greeneggtotaal.nl\/nl\/?s={search_term_string}"},"query-input":{"@type":"PropertyValueSpecification","valueRequired":true,"valueName":"search_term_string"}}],"inLanguage":"fr-FR"},{"@type":"Organization","@id":"https:\/\/www.greeneggtotaal.nl\/nl\/#organization","name":"Green Egg Totaal","url":"https:\/\/www.greeneggtotaal.nl\/nl\/","logo":{"@type":"ImageObject","inLanguage":"fr-FR","@id":"https:\/\/www.greeneggtotaal.nl\/nl\/#\/schema\/logo\/image\/","url":"https:\/\/www.greeneggtotaal.nl\/wp-content\/uploads\/2025\/06\/Green-Egg-Totaal-Logo.png","contentUrl":"https:\/\/www.greeneggtotaal.nl\/wp-content\/uploads\/2025\/06\/Green-Egg-Totaal-Logo.png","width":225,"height":95,"caption":"Green Egg Totaal"},"image":{"@id":"https:\/\/www.greeneggtotaal.nl\/nl\/#\/schema\/logo\/image\/"}}]}},"_links":{"self":[{"href":"https:\/\/www.greeneggtotaal.nl\/fr\/wp-json\/wp\/v2\/product\/5770","targetHints":{"allow":["GET"]}}],"collection":[{"href":"https:\/\/www.greeneggtotaal.nl\/fr\/wp-json\/wp\/v2\/product"}],"about":[{"href":"https:\/\/www.greeneggtotaal.nl\/fr\/wp-json\/wp\/v2\/types\/product"}],"wp:featuredmedia":[{"embeddable":true,"href":"https:\/\/www.greeneggtotaal.nl\/fr\/wp-json\/wp\/v2\/media\/10971"}],"wp:attachment":[{"href":"https:\/\/www.greeneggtotaal.nl\/fr\/wp-json\/wp\/v2\/media?parent=5770"}],"wp:term":[{"taxonomy":"product_brand","embeddable":true,"href":"https:\/\/www.greeneggtotaal.nl\/fr\/wp-json\/wp\/v2\/product_brand?post=5770"},{"taxonomy":"product_cat","embeddable":true,"href":"https:\/\/www.greeneggtotaal.nl\/fr\/wp-json\/wp\/v2\/product_cat?post=5770"},{"taxonomy":"product_tag","embeddable":true,"href":"https:\/\/www.greeneggtotaal.nl\/fr\/wp-json\/wp\/v2\/product_tag?post=5770"}],"curies":[{"name":"wp","href":"https:\/\/api.w.org\/{rel}","templated":true}]}}