{"id":5821,"date":"2025-06-16T14:09:54","date_gmt":"2025-06-16T12:09:54","guid":{"rendered":"https:\/\/baselinkweb.nl\/greeneggtotaal\/product\/meater-block-draadloze-thermometers\/"},"modified":"2026-03-01T22:18:19","modified_gmt":"2026-03-01T21:18:19","slug":"thermometres-sans-fil-meater-block","status":"publish","type":"product","link":"https:\/\/www.greeneggtotaal.nl\/fr\/product\/meater-block-draadloze-thermometers\/","title":{"rendered":"Thermom\u00e8tres sans fil Meater Block"},"content":{"rendered":"<p><strong>Meater Block est la solution de cuisson Wi-Fi par excellence. Mais il peut \u00e9galement \u00eatre connect\u00e9 par Bluetooth ou utilis\u00e9 de mani\u00e8re autonome sans connexion et sans Smartphone ou Tablette. Contrairement au Meater et au Meater PLUS, le Meater Block est \u00e9galement connectable par Wi-Fi. La connexion et la port\u00e9e sont donc encore meilleures qu'avec les autres produits Meater.<\/strong><\/p>\n<p><strong>Le Meater Block est con\u00e7u pour le cuisinier amateur, le chef de fosse ou le professionnel. Un outil id\u00e9al pour ceux qui, par exemple, animent r\u00e9guli\u00e8rement des ateliers ou pr\u00e9parent plusieurs plats simultan\u00e9ment.<\/strong><\/p>\n<p>Associ\u00e9 \u00e0 l'application gratuite Meater, il vous aide \u00e0 pr\u00e9parer un steak, un poulet, une dinde, un poisson ou tout autre plat de viande parfait pour toutes les occasions.<\/p>\n<p><strong>Caract\u00e9ristiques principales :<\/strong><\/p>\n<ul>\n<li>WiFi, Bluetooth ou autonome<\/li>\n<li>\u00c9cran OLED et haut-parleurs int\u00e9gr\u00e9s<\/li>\n<li>4 sondes de temp\u00e9rature avec double capteur, mesurant \u00e0 la fois la temp\u00e9rature \u00e0 c\u0153ur et la temp\u00e9rature ambiante<\/li>\n<li>Thermom\u00e8tre intelligent sans fil<\/li>\n<li>Contr\u00f4ler simultan\u00e9ment plusieurs pr\u00e9parations et plusieurs plats avec des temp\u00e9ratures \u00e0 c\u0153ur diff\u00e9rentes<\/li>\n<li>Calculer avec pr\u00e9cision le temps de pr\u00e9paration<\/li>\n<li>Partager la cuisine : partagez votre cuisine en temps r\u00e9el avec des amis ou des voisins, par exemple.<\/li>\n<li>Favorite ; enregistrez votre pr\u00e9paration et utilisez la fonction de r\u00e9p\u00e9tition<\/li>\n<\/ul>\n<p>Imperm\u00e9able, simple et facile \u00e0 utiliser.<\/p>","protected":false},"excerpt":{"rendered":"<p>Meater Block is de ultieme Wi-Fi-kookoplossing. Maar ook geschikt voor een verbinding door middel van Bluetooth of te gebruiken als Standalone zonder verbinding en zonder Smartphone of Tablet. In tegenstelling tot de Meater en de Meater PLUS is de Meater Block ook te verbinden met Wi-Fi. Hierdoor zijn de verbinding en het bereik nog beter [&hellip;]<\/p>\n","protected":false},"featured_media":10370,"template":"","meta":[],"product_brand":[226],"product_cat":[76],"product_tag":[],"class_list":{"0":"post-5821","1":"product","2":"type-product","3":"status-publish","4":"has-post-thumbnail","6":"product_brand-meater","7":"product_cat-meater-thermometers","9":"first","10":"outofstock","11":"sale","12":"taxable","13":"shipping-taxable","14":"purchasable","15":"product-type-simple"},"yoast_head":"<!-- This site is optimized with the Yoast SEO Premium plugin v27.4 (Yoast SEO v27.4) - https:\/\/yoast.com\/product\/yoast-seo-premium-wordpress\/ -->\n<title>Meater Block Draadloze Thermometers<\/title>\n<meta name=\"description\" content=\"Meater Block draadloze thermometers meten kerntemperatuur nauwkeurig, bieden vier probes en zorgen voor perfect gegaard vlees bij elke barbecue\" \/>\n<meta name=\"robots\" content=\"index, follow, max-snippet:-1, max-image-preview:large, max-video-preview:-1\" \/>\n<link rel=\"canonical\" href=\"https:\/\/www.greeneggtotaal.nl\/fr\/product\/thermometres-sans-fil-meater-block\/\" \/>\n<meta property=\"og:locale\" content=\"fr_FR\" \/>\n<meta property=\"og:type\" content=\"article\" \/>\n<meta property=\"og:title\" content=\"Meater Block Draadloze Thermometers\" \/>\n<meta property=\"og:description\" content=\"Meater Block draadloze thermometers meten kerntemperatuur nauwkeurig, bieden vier probes en zorgen voor perfect gegaard vlees bij elke barbecue\" \/>\n<meta property=\"og:url\" content=\"https:\/\/www.greeneggtotaal.nl\/fr\/product\/thermometres-sans-fil-meater-block\/\" \/>\n<meta property=\"og:site_name\" content=\"GreenEggTotaal\" \/>\n<meta property=\"article:modified_time\" content=\"2026-03-01T21:18:19+00:00\" \/>\n<meta property=\"og:image\" content=\"https:\/\/www.greeneggtotaal.nl\/wp-content\/uploads\/2025\/08\/meater-block-1-kopie-2.webp\" \/>\n\t<meta property=\"og:image:width\" content=\"500\" \/>\n\t<meta property=\"og:image:height\" content=\"500\" \/>\n\t<meta property=\"og:image:type\" content=\"image\/webp\" \/>\n<meta name=\"twitter:card\" content=\"summary_large_image\" \/>\n<meta name=\"twitter:label1\" content=\"Dur\u00e9e de lecture estim\u00e9e\" \/>\n\t<meta name=\"twitter:data1\" content=\"2 minutes\" \/>\n<script type=\"application\/ld+json\" class=\"yoast-schema-graph\">{\"@context\":\"https:\\\/\\\/schema.org\",\"@graph\":[{\"@type\":\"WebPage\",\"@id\":\"https:\\\/\\\/www.greeneggtotaal.nl\\\/product\\\/meater-block-draadloze-thermometers\\\/\",\"url\":\"https:\\\/\\\/www.greeneggtotaal.nl\\\/product\\\/meater-block-draadloze-thermometers\\\/\",\"name\":\"Meater Block Draadloze Thermometers\",\"isPartOf\":{\"@id\":\"https:\\\/\\\/www.greeneggtotaal.nl\\\/nl\\\/#website\"},\"primaryImageOfPage\":{\"@id\":\"https:\\\/\\\/www.greeneggtotaal.nl\\\/product\\\/meater-block-draadloze-thermometers\\\/#primaryimage\"},\"image\":{\"@id\":\"https:\\\/\\\/www.greeneggtotaal.nl\\\/product\\\/meater-block-draadloze-thermometers\\\/#primaryimage\"},\"thumbnailUrl\":\"https:\\\/\\\/www.greeneggtotaal.nl\\\/wp-content\\\/uploads\\\/2025\\\/08\\\/meater-block-1-kopie-2.webp\",\"datePublished\":\"2025-06-16T12:09:54+00:00\",\"dateModified\":\"2026-03-01T21:18:19+00:00\",\"description\":\"Meater Block draadloze thermometers meten kerntemperatuur nauwkeurig, bieden vier probes en zorgen voor perfect gegaard vlees bij elke barbecue\",\"breadcrumb\":{\"@id\":\"https:\\\/\\\/www.greeneggtotaal.nl\\\/product\\\/meater-block-draadloze-thermometers\\\/#breadcrumb\"},\"inLanguage\":\"fr-FR\",\"potentialAction\":[{\"@type\":\"ReadAction\",\"target\":[\"https:\\\/\\\/www.greeneggtotaal.nl\\\/product\\\/meater-block-draadloze-thermometers\\\/\"]}]},{\"@type\":\"ImageObject\",\"inLanguage\":\"fr-FR\",\"@id\":\"https:\\\/\\\/www.greeneggtotaal.nl\\\/product\\\/meater-block-draadloze-thermometers\\\/#primaryimage\",\"url\":\"https:\\\/\\\/www.greeneggtotaal.nl\\\/wp-content\\\/uploads\\\/2025\\\/08\\\/meater-block-1-kopie-2.webp\",\"contentUrl\":\"https:\\\/\\\/www.greeneggtotaal.nl\\\/wp-content\\\/uploads\\\/2025\\\/08\\\/meater-block-1-kopie-2.webp\",\"width\":500,\"height\":500,\"caption\":\"Meater Block Draadloze Thermometers\"},{\"@type\":\"BreadcrumbList\",\"@id\":\"https:\\\/\\\/www.greeneggtotaal.nl\\\/product\\\/meater-block-draadloze-thermometers\\\/#breadcrumb\",\"itemListElement\":[{\"@type\":\"ListItem\",\"position\":1,\"name\":\"Home\",\"item\":\"https:\\\/\\\/www.greeneggtotaal.nl\\\/\"},{\"@type\":\"ListItem\",\"position\":2,\"name\":\"Shop\",\"item\":\"https:\\\/\\\/www.greeneggtotaal.nl\\\/nl\\\/shop\\\/\"},{\"@type\":\"ListItem\",\"position\":3,\"name\":\"Meater Block Draadloze Thermometers\"}]},{\"@type\":\"WebSite\",\"@id\":\"https:\\\/\\\/www.greeneggtotaal.nl\\\/nl\\\/#website\",\"url\":\"https:\\\/\\\/www.greeneggtotaal.nl\\\/nl\\\/\",\"name\":\"greeneggtotaal.nl\",\"description\":\"D\u00e9 Big Green Egg Specialist\",\"publisher\":{\"@id\":\"https:\\\/\\\/www.greeneggtotaal.nl\\\/nl\\\/#organization\"},\"potentialAction\":[{\"@type\":\"SearchAction\",\"target\":{\"@type\":\"EntryPoint\",\"urlTemplate\":\"https:\\\/\\\/www.greeneggtotaal.nl\\\/nl\\\/?s={search_term_string}\"},\"query-input\":{\"@type\":\"PropertyValueSpecification\",\"valueRequired\":true,\"valueName\":\"search_term_string\"}}],\"inLanguage\":\"fr-FR\"},{\"@type\":\"Organization\",\"@id\":\"https:\\\/\\\/www.greeneggtotaal.nl\\\/nl\\\/#organization\",\"name\":\"Green Egg Totaal\",\"url\":\"https:\\\/\\\/www.greeneggtotaal.nl\\\/nl\\\/\",\"logo\":{\"@type\":\"ImageObject\",\"inLanguage\":\"fr-FR\",\"@id\":\"https:\\\/\\\/www.greeneggtotaal.nl\\\/nl\\\/#\\\/schema\\\/logo\\\/image\\\/\",\"url\":\"https:\\\/\\\/www.greeneggtotaal.nl\\\/wp-content\\\/uploads\\\/2025\\\/06\\\/Green-Egg-Totaal-Logo.png\",\"contentUrl\":\"https:\\\/\\\/www.greeneggtotaal.nl\\\/wp-content\\\/uploads\\\/2025\\\/06\\\/Green-Egg-Totaal-Logo.png\",\"width\":225,\"height\":95,\"caption\":\"Green Egg Totaal\"},\"image\":{\"@id\":\"https:\\\/\\\/www.greeneggtotaal.nl\\\/nl\\\/#\\\/schema\\\/logo\\\/image\\\/\"}}]}<\/script>\n<!-- \/ Yoast SEO Premium plugin. -->","yoast_head_json":{"title":"Thermom\u00e8tres sans fil Meater Block","description":"Les thermom\u00e8tres sans fil Meater Block mesurent avec pr\u00e9cision la temp\u00e9rature \u00e0 c\u0153ur, offrent quatre sondes et garantissent une cuisson parfaite de la viande \u00e0 chaque barbecue.","robots":{"index":"index","follow":"follow","max-snippet":"max-snippet:-1","max-image-preview":"max-image-preview:large","max-video-preview":"max-video-preview:-1"},"canonical":"https:\/\/www.greeneggtotaal.nl\/fr\/product\/thermometres-sans-fil-meater-block\/","og_locale":"fr_FR","og_type":"article","og_title":"Meater Block Draadloze Thermometers","og_description":"Meater Block draadloze thermometers meten kerntemperatuur nauwkeurig, bieden vier probes en zorgen voor perfect gegaard vlees bij elke barbecue","og_url":"https:\/\/www.greeneggtotaal.nl\/fr\/product\/thermometres-sans-fil-meater-block\/","og_site_name":"GreenEggTotaal","article_modified_time":"2026-03-01T21:18:19+00:00","og_image":[{"width":500,"height":500,"url":"https:\/\/www.greeneggtotaal.nl\/wp-content\/uploads\/2025\/08\/meater-block-1-kopie-2.webp","type":"image\/webp"}],"twitter_card":"summary_large_image","twitter_misc":{"Dur\u00e9e de lecture estim\u00e9e":"2 minutes"},"schema":{"@context":"https:\/\/schema.org","@graph":[{"@type":"WebPage","@id":"https:\/\/www.greeneggtotaal.nl\/product\/meater-block-draadloze-thermometers\/","url":"https:\/\/www.greeneggtotaal.nl\/product\/meater-block-draadloze-thermometers\/","name":"Thermom\u00e8tres sans fil Meater Block","isPartOf":{"@id":"https:\/\/www.greeneggtotaal.nl\/nl\/#website"},"primaryImageOfPage":{"@id":"https:\/\/www.greeneggtotaal.nl\/product\/meater-block-draadloze-thermometers\/#primaryimage"},"image":{"@id":"https:\/\/www.greeneggtotaal.nl\/product\/meater-block-draadloze-thermometers\/#primaryimage"},"thumbnailUrl":"https:\/\/www.greeneggtotaal.nl\/wp-content\/uploads\/2025\/08\/meater-block-1-kopie-2.webp","datePublished":"2025-06-16T12:09:54+00:00","dateModified":"2026-03-01T21:18:19+00:00","description":"Les thermom\u00e8tres sans fil Meater Block mesurent avec pr\u00e9cision la temp\u00e9rature \u00e0 c\u0153ur, offrent quatre sondes et garantissent une cuisson parfaite de la viande \u00e0 chaque barbecue.","breadcrumb":{"@id":"https:\/\/www.greeneggtotaal.nl\/product\/meater-block-draadloze-thermometers\/#breadcrumb"},"inLanguage":"fr-FR","potentialAction":[{"@type":"ReadAction","target":["https:\/\/www.greeneggtotaal.nl\/product\/meater-block-draadloze-thermometers\/"]}]},{"@type":"ImageObject","inLanguage":"fr-FR","@id":"https:\/\/www.greeneggtotaal.nl\/product\/meater-block-draadloze-thermometers\/#primaryimage","url":"https:\/\/www.greeneggtotaal.nl\/wp-content\/uploads\/2025\/08\/meater-block-1-kopie-2.webp","contentUrl":"https:\/\/www.greeneggtotaal.nl\/wp-content\/uploads\/2025\/08\/meater-block-1-kopie-2.webp","width":500,"height":500,"caption":"Meater Block Draadloze Thermometers"},{"@type":"BreadcrumbList","@id":"https:\/\/www.greeneggtotaal.nl\/product\/meater-block-draadloze-thermometers\/#breadcrumb","itemListElement":[{"@type":"ListItem","position":1,"name":"Home","item":"https:\/\/www.greeneggtotaal.nl\/"},{"@type":"ListItem","position":2,"name":"Shop","item":"https:\/\/www.greeneggtotaal.nl\/nl\/shop\/"},{"@type":"ListItem","position":3,"name":"Meater Block Draadloze Thermometers"}]},{"@type":"WebSite","@id":"https:\/\/www.greeneggtotaal.nl\/nl\/#website","url":"https:\/\/www.greeneggtotaal.nl\/nl\/","name":"greeneggtotaal.nl","description":"Le sp\u00e9cialiste du Big Green Egg","publisher":{"@id":"https:\/\/www.greeneggtotaal.nl\/nl\/#organization"},"potentialAction":[{"@type":"SearchAction","target":{"@type":"EntryPoint","urlTemplate":"https:\/\/www.greeneggtotaal.nl\/nl\/?s={search_term_string}"},"query-input":{"@type":"PropertyValueSpecification","valueRequired":true,"valueName":"search_term_string"}}],"inLanguage":"fr-FR"},{"@type":"Organization","@id":"https:\/\/www.greeneggtotaal.nl\/nl\/#organization","name":"Green Egg Totaal","url":"https:\/\/www.greeneggtotaal.nl\/nl\/","logo":{"@type":"ImageObject","inLanguage":"fr-FR","@id":"https:\/\/www.greeneggtotaal.nl\/nl\/#\/schema\/logo\/image\/","url":"https:\/\/www.greeneggtotaal.nl\/wp-content\/uploads\/2025\/06\/Green-Egg-Totaal-Logo.png","contentUrl":"https:\/\/www.greeneggtotaal.nl\/wp-content\/uploads\/2025\/06\/Green-Egg-Totaal-Logo.png","width":225,"height":95,"caption":"Green Egg Totaal"},"image":{"@id":"https:\/\/www.greeneggtotaal.nl\/nl\/#\/schema\/logo\/image\/"}}]}},"_links":{"self":[{"href":"https:\/\/www.greeneggtotaal.nl\/fr\/wp-json\/wp\/v2\/product\/5821","targetHints":{"allow":["GET"]}}],"collection":[{"href":"https:\/\/www.greeneggtotaal.nl\/fr\/wp-json\/wp\/v2\/product"}],"about":[{"href":"https:\/\/www.greeneggtotaal.nl\/fr\/wp-json\/wp\/v2\/types\/product"}],"wp:featuredmedia":[{"embeddable":true,"href":"https:\/\/www.greeneggtotaal.nl\/fr\/wp-json\/wp\/v2\/media\/10370"}],"wp:attachment":[{"href":"https:\/\/www.greeneggtotaal.nl\/fr\/wp-json\/wp\/v2\/media?parent=5821"}],"wp:term":[{"taxonomy":"product_brand","embeddable":true,"href":"https:\/\/www.greeneggtotaal.nl\/fr\/wp-json\/wp\/v2\/product_brand?post=5821"},{"taxonomy":"product_cat","embeddable":true,"href":"https:\/\/www.greeneggtotaal.nl\/fr\/wp-json\/wp\/v2\/product_cat?post=5821"},{"taxonomy":"product_tag","embeddable":true,"href":"https:\/\/www.greeneggtotaal.nl\/fr\/wp-json\/wp\/v2\/product_tag?post=5821"}],"curies":[{"name":"wp","href":"https:\/\/api.w.org\/{rel}","templated":true}]}}