{"id":6247,"date":"2025-06-16T14:57:49","date_gmt":"2025-06-16T12:57:49","guid":{"rendered":"https:\/\/baselinkweb.nl\/greeneggtotaal\/product\/zeeuwsche-zoute-zoutmolen-chili\/"},"modified":"2026-01-05T16:30:45","modified_gmt":"2026-01-05T15:30:45","slug":"moulin-a-sel-zelandais-sel-chili","status":"publish","type":"product","link":"https:\/\/www.greeneggtotaal.nl\/fr\/product\/zeeuwsche-zoute-zoutmolen-chili\/","title":{"rendered":"Moulin \u00e0 sel de Zeeland Chili"},"content":{"rendered":"<p>D\u00e9couvrez la saveur intense du Zeeuwsche Zoute Chili : parfait pour les plats \u00e9pic\u00e9s. Donnez vie \u00e0 votre cuisine avec le Zeeuwsche Zoute Chili, le m\u00e9lange ultime de piment \u00e9pic\u00e9 20% et de sel fum\u00e9 authentique 10%, enrichi de notre Zeeuwsche Zoute Puur exclusif. Cette combinaison puissante rehausse la saveur d'une large gamme de plats, des currys exotiques aux simples saut\u00e9s, en passant par les morceaux de patates douces et le brocoli r\u00f4ti. Le Zeeuwsche Zoute Chili est non seulement polyvalent, mais aussi tr\u00e8s facile \u00e0 utiliser gr\u00e2ce \u00e0 son moulin \u00e0 sel pratique. Id\u00e9al pour tous ceux qui appr\u00e9cient la commodit\u00e9 et la qualit\u00e9 dans la cuisine. Enrichissez vos cr\u00e9ations culinaires avec la saveur unique et riche du Zeeuwsche Zoute Chili. Commandez d\u00e8s maintenant et ajoutez une touche de piquant \u00e0 vos plats pr\u00e9f\u00e9r\u00e9s.<\/p>","protected":false},"excerpt":{"rendered":"<p>Ontdek de robuuste smaak van Zeeuwsche Zoute Chili: perfect voor pittige gerechten.\u00a0Breng je keuken tot leven met Zeeuwsche Zoute Chili, de ultieme blend van 20% pittige chili en 10% authentiek gerookt zout, verrijkt met onze exclusieve Zeeuwsche Zoute Puur. Deze krachtige combinatie versterkt de smaak van een breed scala aan gerechten, van exotische curry&#8217;s tot [&hellip;]<\/p>\n","protected":false},"featured_media":11044,"template":"","meta":[],"product_brand":[254],"product_cat":[207],"product_tag":[],"class_list":{"0":"post-6247","1":"product","2":"type-product","3":"status-publish","4":"has-post-thumbnail","6":"product_brand-zeeuwsche-zoute","7":"product_cat-zout-peper","9":"first","10":"instock","11":"taxable","12":"shipping-taxable","13":"purchasable","14":"product-type-simple"},"yoast_head":"<!-- This site is optimized with the Yoast SEO Premium plugin v27.4 (Yoast SEO v27.4) - https:\/\/yoast.com\/product\/yoast-seo-premium-wordpress\/ -->\n<title>Zeeuwsche Zoute Zoutmolen Chili - GreenEggTotaal<\/title>\n<meta name=\"robots\" content=\"index, follow, max-snippet:-1, max-image-preview:large, max-video-preview:-1\" \/>\n<link rel=\"canonical\" href=\"https:\/\/www.greeneggtotaal.nl\/fr\/product\/moulin-a-sel-zelandais-sel-chili\/\" \/>\n<meta property=\"og:locale\" content=\"fr_FR\" \/>\n<meta property=\"og:type\" content=\"article\" \/>\n<meta property=\"og:title\" content=\"Zeeuwsche Zoute Zoutmolen Chili\" \/>\n<meta property=\"og:description\" content=\"Ontdek de robuuste smaak van Zeeuwsche Zoute Chili: perfect voor pittige gerechten.\u00a0Breng je keuken tot leven met Zeeuwsche Zoute Chili, de ultieme blend van 20% pittige chili en 10% authentiek gerookt zout, verrijkt met onze exclusieve Zeeuwsche Zoute Puur. Deze krachtige combinatie versterkt de smaak van een breed scala aan gerechten, van exotische curry&#8217;s tot [&hellip;]\" \/>\n<meta property=\"og:url\" content=\"https:\/\/www.greeneggtotaal.nl\/fr\/product\/moulin-a-sel-zelandais-sel-chili\/\" \/>\n<meta property=\"og:site_name\" content=\"GreenEggTotaal\" \/>\n<meta property=\"article:modified_time\" content=\"2026-01-05T15:30:45+00:00\" \/>\n<meta property=\"og:image\" content=\"https:\/\/www.greeneggtotaal.nl\/wp-content\/uploads\/2025\/08\/ontwerp_zonder_titel_-_2025-02-07t103933.781-removebg-preview.webp\" \/>\n\t<meta property=\"og:image:width\" content=\"500\" \/>\n\t<meta property=\"og:image:height\" content=\"500\" \/>\n\t<meta property=\"og:image:type\" content=\"image\/webp\" \/>\n<meta name=\"twitter:card\" content=\"summary_large_image\" \/>\n<meta name=\"twitter:label1\" content=\"Dur\u00e9e de lecture estim\u00e9e\" \/>\n\t<meta name=\"twitter:data1\" content=\"1 minute\" \/>\n<script type=\"application\/ld+json\" class=\"yoast-schema-graph\">{\"@context\":\"https:\\\/\\\/schema.org\",\"@graph\":[{\"@type\":\"WebPage\",\"@id\":\"https:\\\/\\\/www.greeneggtotaal.nl\\\/nl\\\/product\\\/zeeuwsche-zoute-zoutmolen-chili\\\/\",\"url\":\"https:\\\/\\\/www.greeneggtotaal.nl\\\/nl\\\/product\\\/zeeuwsche-zoute-zoutmolen-chili\\\/\",\"name\":\"Zeeuwsche Zoute Zoutmolen Chili - GreenEggTotaal\",\"isPartOf\":{\"@id\":\"https:\\\/\\\/www.greeneggtotaal.nl\\\/nl\\\/#website\"},\"primaryImageOfPage\":{\"@id\":\"https:\\\/\\\/www.greeneggtotaal.nl\\\/nl\\\/product\\\/zeeuwsche-zoute-zoutmolen-chili\\\/#primaryimage\"},\"image\":{\"@id\":\"https:\\\/\\\/www.greeneggtotaal.nl\\\/nl\\\/product\\\/zeeuwsche-zoute-zoutmolen-chili\\\/#primaryimage\"},\"thumbnailUrl\":\"https:\\\/\\\/www.greeneggtotaal.nl\\\/wp-content\\\/uploads\\\/2025\\\/08\\\/ontwerp_zonder_titel_-_2025-02-07t103933.781-removebg-preview.webp\",\"datePublished\":\"2025-06-16T12:57:49+00:00\",\"dateModified\":\"2026-01-05T15:30:45+00:00\",\"breadcrumb\":{\"@id\":\"https:\\\/\\\/www.greeneggtotaal.nl\\\/nl\\\/product\\\/zeeuwsche-zoute-zoutmolen-chili\\\/#breadcrumb\"},\"inLanguage\":\"fr-FR\",\"potentialAction\":[{\"@type\":\"ReadAction\",\"target\":[\"https:\\\/\\\/www.greeneggtotaal.nl\\\/nl\\\/product\\\/zeeuwsche-zoute-zoutmolen-chili\\\/\"]}]},{\"@type\":\"ImageObject\",\"inLanguage\":\"fr-FR\",\"@id\":\"https:\\\/\\\/www.greeneggtotaal.nl\\\/nl\\\/product\\\/zeeuwsche-zoute-zoutmolen-chili\\\/#primaryimage\",\"url\":\"https:\\\/\\\/www.greeneggtotaal.nl\\\/wp-content\\\/uploads\\\/2025\\\/08\\\/ontwerp_zonder_titel_-_2025-02-07t103933.781-removebg-preview.webp\",\"contentUrl\":\"https:\\\/\\\/www.greeneggtotaal.nl\\\/wp-content\\\/uploads\\\/2025\\\/08\\\/ontwerp_zonder_titel_-_2025-02-07t103933.781-removebg-preview.webp\",\"width\":500,\"height\":500},{\"@type\":\"BreadcrumbList\",\"@id\":\"https:\\\/\\\/www.greeneggtotaal.nl\\\/nl\\\/product\\\/zeeuwsche-zoute-zoutmolen-chili\\\/#breadcrumb\",\"itemListElement\":[{\"@type\":\"ListItem\",\"position\":1,\"name\":\"Home\",\"item\":\"https:\\\/\\\/www.greeneggtotaal.nl\\\/\"},{\"@type\":\"ListItem\",\"position\":2,\"name\":\"Shop\",\"item\":\"https:\\\/\\\/www.greeneggtotaal.nl\\\/nl\\\/shop\\\/\"},{\"@type\":\"ListItem\",\"position\":3,\"name\":\"Zeeuwsche Zoute Zoutmolen Chili\"}]},{\"@type\":\"WebSite\",\"@id\":\"https:\\\/\\\/www.greeneggtotaal.nl\\\/nl\\\/#website\",\"url\":\"https:\\\/\\\/www.greeneggtotaal.nl\\\/nl\\\/\",\"name\":\"greeneggtotaal.nl\",\"description\":\"D\u00e9 Big Green Egg Specialist\",\"publisher\":{\"@id\":\"https:\\\/\\\/www.greeneggtotaal.nl\\\/nl\\\/#organization\"},\"potentialAction\":[{\"@type\":\"SearchAction\",\"target\":{\"@type\":\"EntryPoint\",\"urlTemplate\":\"https:\\\/\\\/www.greeneggtotaal.nl\\\/nl\\\/?s={search_term_string}\"},\"query-input\":{\"@type\":\"PropertyValueSpecification\",\"valueRequired\":true,\"valueName\":\"search_term_string\"}}],\"inLanguage\":\"fr-FR\"},{\"@type\":\"Organization\",\"@id\":\"https:\\\/\\\/www.greeneggtotaal.nl\\\/nl\\\/#organization\",\"name\":\"Green Egg Totaal\",\"url\":\"https:\\\/\\\/www.greeneggtotaal.nl\\\/nl\\\/\",\"logo\":{\"@type\":\"ImageObject\",\"inLanguage\":\"fr-FR\",\"@id\":\"https:\\\/\\\/www.greeneggtotaal.nl\\\/nl\\\/#\\\/schema\\\/logo\\\/image\\\/\",\"url\":\"https:\\\/\\\/www.greeneggtotaal.nl\\\/wp-content\\\/uploads\\\/2025\\\/06\\\/Green-Egg-Totaal-Logo.png\",\"contentUrl\":\"https:\\\/\\\/www.greeneggtotaal.nl\\\/wp-content\\\/uploads\\\/2025\\\/06\\\/Green-Egg-Totaal-Logo.png\",\"width\":225,\"height\":95,\"caption\":\"Green Egg Totaal\"},\"image\":{\"@id\":\"https:\\\/\\\/www.greeneggtotaal.nl\\\/nl\\\/#\\\/schema\\\/logo\\\/image\\\/\"}}]}<\/script>\n<!-- \/ Yoast SEO Premium plugin. -->","yoast_head_json":{"title":"Moulin \u00e0 sel Zeeuwsche Zoute Chili - GreenEggTotaal","robots":{"index":"index","follow":"follow","max-snippet":"max-snippet:-1","max-image-preview":"max-image-preview:large","max-video-preview":"max-video-preview:-1"},"canonical":"https:\/\/www.greeneggtotaal.nl\/fr\/product\/moulin-a-sel-zelandais-sel-chili\/","og_locale":"fr_FR","og_type":"article","og_title":"Zeeuwsche Zoute Zoutmolen Chili","og_description":"Ontdek de robuuste smaak van Zeeuwsche Zoute Chili: perfect voor pittige gerechten.\u00a0Breng je keuken tot leven met Zeeuwsche Zoute Chili, de ultieme blend van 20% pittige chili en 10% authentiek gerookt zout, verrijkt met onze exclusieve Zeeuwsche Zoute Puur. Deze krachtige combinatie versterkt de smaak van een breed scala aan gerechten, van exotische curry&#8217;s tot [&hellip;]","og_url":"https:\/\/www.greeneggtotaal.nl\/fr\/product\/moulin-a-sel-zelandais-sel-chili\/","og_site_name":"GreenEggTotaal","article_modified_time":"2026-01-05T15:30:45+00:00","og_image":[{"width":500,"height":500,"url":"https:\/\/www.greeneggtotaal.nl\/wp-content\/uploads\/2025\/08\/ontwerp_zonder_titel_-_2025-02-07t103933.781-removebg-preview.webp","type":"image\/webp"}],"twitter_card":"summary_large_image","twitter_misc":{"Dur\u00e9e de lecture estim\u00e9e":"1 minute"},"schema":{"@context":"https:\/\/schema.org","@graph":[{"@type":"WebPage","@id":"https:\/\/www.greeneggtotaal.nl\/nl\/product\/zeeuwsche-zoute-zoutmolen-chili\/","url":"https:\/\/www.greeneggtotaal.nl\/nl\/product\/zeeuwsche-zoute-zoutmolen-chili\/","name":"Moulin \u00e0 sel Zeeuwsche Zoute Chili - GreenEggTotaal","isPartOf":{"@id":"https:\/\/www.greeneggtotaal.nl\/nl\/#website"},"primaryImageOfPage":{"@id":"https:\/\/www.greeneggtotaal.nl\/nl\/product\/zeeuwsche-zoute-zoutmolen-chili\/#primaryimage"},"image":{"@id":"https:\/\/www.greeneggtotaal.nl\/nl\/product\/zeeuwsche-zoute-zoutmolen-chili\/#primaryimage"},"thumbnailUrl":"https:\/\/www.greeneggtotaal.nl\/wp-content\/uploads\/2025\/08\/ontwerp_zonder_titel_-_2025-02-07t103933.781-removebg-preview.webp","datePublished":"2025-06-16T12:57:49+00:00","dateModified":"2026-01-05T15:30:45+00:00","breadcrumb":{"@id":"https:\/\/www.greeneggtotaal.nl\/nl\/product\/zeeuwsche-zoute-zoutmolen-chili\/#breadcrumb"},"inLanguage":"fr-FR","potentialAction":[{"@type":"ReadAction","target":["https:\/\/www.greeneggtotaal.nl\/nl\/product\/zeeuwsche-zoute-zoutmolen-chili\/"]}]},{"@type":"ImageObject","inLanguage":"fr-FR","@id":"https:\/\/www.greeneggtotaal.nl\/nl\/product\/zeeuwsche-zoute-zoutmolen-chili\/#primaryimage","url":"https:\/\/www.greeneggtotaal.nl\/wp-content\/uploads\/2025\/08\/ontwerp_zonder_titel_-_2025-02-07t103933.781-removebg-preview.webp","contentUrl":"https:\/\/www.greeneggtotaal.nl\/wp-content\/uploads\/2025\/08\/ontwerp_zonder_titel_-_2025-02-07t103933.781-removebg-preview.webp","width":500,"height":500},{"@type":"BreadcrumbList","@id":"https:\/\/www.greeneggtotaal.nl\/nl\/product\/zeeuwsche-zoute-zoutmolen-chili\/#breadcrumb","itemListElement":[{"@type":"ListItem","position":1,"name":"Home","item":"https:\/\/www.greeneggtotaal.nl\/"},{"@type":"ListItem","position":2,"name":"Shop","item":"https:\/\/www.greeneggtotaal.nl\/nl\/shop\/"},{"@type":"ListItem","position":3,"name":"Zeeuwsche Zoute Zoutmolen Chili"}]},{"@type":"WebSite","@id":"https:\/\/www.greeneggtotaal.nl\/nl\/#website","url":"https:\/\/www.greeneggtotaal.nl\/nl\/","name":"greeneggtotaal.nl","description":"Le sp\u00e9cialiste du Big Green Egg","publisher":{"@id":"https:\/\/www.greeneggtotaal.nl\/nl\/#organization"},"potentialAction":[{"@type":"SearchAction","target":{"@type":"EntryPoint","urlTemplate":"https:\/\/www.greeneggtotaal.nl\/nl\/?s={search_term_string}"},"query-input":{"@type":"PropertyValueSpecification","valueRequired":true,"valueName":"search_term_string"}}],"inLanguage":"fr-FR"},{"@type":"Organization","@id":"https:\/\/www.greeneggtotaal.nl\/nl\/#organization","name":"Green Egg Totaal","url":"https:\/\/www.greeneggtotaal.nl\/nl\/","logo":{"@type":"ImageObject","inLanguage":"fr-FR","@id":"https:\/\/www.greeneggtotaal.nl\/nl\/#\/schema\/logo\/image\/","url":"https:\/\/www.greeneggtotaal.nl\/wp-content\/uploads\/2025\/06\/Green-Egg-Totaal-Logo.png","contentUrl":"https:\/\/www.greeneggtotaal.nl\/wp-content\/uploads\/2025\/06\/Green-Egg-Totaal-Logo.png","width":225,"height":95,"caption":"Green Egg Totaal"},"image":{"@id":"https:\/\/www.greeneggtotaal.nl\/nl\/#\/schema\/logo\/image\/"}}]}},"_links":{"self":[{"href":"https:\/\/www.greeneggtotaal.nl\/fr\/wp-json\/wp\/v2\/product\/6247","targetHints":{"allow":["GET"]}}],"collection":[{"href":"https:\/\/www.greeneggtotaal.nl\/fr\/wp-json\/wp\/v2\/product"}],"about":[{"href":"https:\/\/www.greeneggtotaal.nl\/fr\/wp-json\/wp\/v2\/types\/product"}],"wp:featuredmedia":[{"embeddable":true,"href":"https:\/\/www.greeneggtotaal.nl\/fr\/wp-json\/wp\/v2\/media\/11044"}],"wp:attachment":[{"href":"https:\/\/www.greeneggtotaal.nl\/fr\/wp-json\/wp\/v2\/media?parent=6247"}],"wp:term":[{"taxonomy":"product_brand","embeddable":true,"href":"https:\/\/www.greeneggtotaal.nl\/fr\/wp-json\/wp\/v2\/product_brand?post=6247"},{"taxonomy":"product_cat","embeddable":true,"href":"https:\/\/www.greeneggtotaal.nl\/fr\/wp-json\/wp\/v2\/product_cat?post=6247"},{"taxonomy":"product_tag","embeddable":true,"href":"https:\/\/www.greeneggtotaal.nl\/fr\/wp-json\/wp\/v2\/product_tag?post=6247"}],"curies":[{"name":"wp","href":"https:\/\/api.w.org\/{rel}","templated":true}]}}