{"id":6366,"date":"2025-06-16T15:21:39","date_gmt":"2025-06-16T13:21:39","guid":{"rendered":"https:\/\/baselinkweb.nl\/greeneggtotaal\/product\/pizzabollen-12-stuks\/"},"modified":"2026-04-01T16:18:40","modified_gmt":"2026-04-01T14:18:40","slug":"boules-de-pizza-12-pieces","status":"publish","type":"product","link":"https:\/\/www.greeneggtotaal.nl\/fr\/product\/pizzabollen-12-stuks\/","title":{"rendered":"Boules de pizza 12 pi\u00e8ces"},"content":{"rendered":"<p>Nous utilisons un m\u00e9lange de diff\u00e9rentes farines provenant du moulin italien Dallagiovanna et de notre propre culture de levain : Papi, pour nos boules \u00e0 pizza faites \u00e0 la main. Il en r\u00e9sulte une p\u00e2te artisanale et savoureuse pour une pizza \u00e0 la base croustillante et \u00e0 la cro\u00fbte a\u00e9r\u00e9e. Nous faisons la p\u00e2te, vous faites le reste.<\/p>\n<p><strong>Qu'est-ce qui nous rend uniques ?<\/strong><\/p>\n<ul>\n<li>Culture naturelle de levain, sans levure commerciale<\/li>\n<li>Facile \u00e0 dig\u00e9rer gr\u00e2ce au levain et au processus de pr\u00e9paration de plus de 36 heures.<\/li>\n<li>Gr\u00e2ce \u00e0 la forte hydratation de la p\u00e2te, elle convient aussi bien au four domestique qu'au vrai four \u00e0 bois.<\/li>\n<li>Pas d'exhausteurs de go\u00fbt, de num\u00e9ros \u00e9lectroniques ou d'additifs<\/li>\n<\/ul>","protected":false},"excerpt":{"rendered":"<p>We gebruiken voor onze handgemaakte pizzabollen een blend van verschillende bloemsoorten van de Italiaanse molen Dallagiovanna en onze eigen zuurdesem cultuur: Papi. Dit resulteert in een ambachtelijk, smaakvol deeg voor een pizza met een krokante bodem en luchtige korst. Wij maken het deeg, jij doet de rest. Wat maakt ons uniek? Natuurlijke desemcultuur, zonder commercieel [&hellip;]<\/p>\n","protected":false},"featured_media":6561,"template":"","meta":[],"product_brand":[282],"product_cat":[95],"product_tag":[],"class_list":{"0":"post-6366","1":"product","2":"type-product","3":"status-publish","4":"has-post-thumbnail","6":"product_brand-papi","7":"product_cat-pizzabollen","9":"first","10":"instock","11":"taxable","12":"shipping-taxable","13":"purchasable","14":"product-type-simple"},"yoast_head":"<!-- This site is optimized with the Yoast SEO Premium plugin v27.4 (Yoast SEO v27.4) - https:\/\/yoast.com\/product\/yoast-seo-premium-wordpress\/ -->\n<title>Pizzabollen 12 stuks - GreenEggTotaal<\/title>\n<meta name=\"robots\" content=\"index, follow, max-snippet:-1, max-image-preview:large, max-video-preview:-1\" \/>\n<link rel=\"canonical\" href=\"https:\/\/www.greeneggtotaal.nl\/fr\/product\/boules-de-pizza-12-pieces\/\" \/>\n<meta property=\"og:locale\" content=\"fr_FR\" \/>\n<meta property=\"og:type\" content=\"article\" \/>\n<meta property=\"og:title\" content=\"Pizzabollen 12 stuks\" \/>\n<meta property=\"og:description\" content=\"We gebruiken voor onze handgemaakte pizzabollen een blend van verschillende bloemsoorten van de Italiaanse molen Dallagiovanna en onze eigen zuurdesem cultuur: Papi. Dit resulteert in een ambachtelijk, smaakvol deeg voor een pizza met een krokante bodem en luchtige korst. Wij maken het deeg, jij doet de rest. Wat maakt ons uniek? Natuurlijke desemcultuur, zonder commercieel [&hellip;]\" \/>\n<meta property=\"og:url\" content=\"https:\/\/www.greeneggtotaal.nl\/fr\/product\/boules-de-pizza-12-pieces\/\" \/>\n<meta property=\"og:site_name\" content=\"GreenEggTotaal\" \/>\n<meta property=\"article:modified_time\" content=\"2026-04-01T14:18:40+00:00\" \/>\n<meta property=\"og:image\" content=\"https:\/\/www.greeneggtotaal.nl\/wp-content\/uploads\/2025\/06\/Pizzabollen.webp\" \/>\n\t<meta property=\"og:image:width\" content=\"500\" \/>\n\t<meta property=\"og:image:height\" content=\"500\" \/>\n\t<meta property=\"og:image:type\" content=\"image\/webp\" \/>\n<meta name=\"twitter:card\" content=\"summary_large_image\" \/>\n<meta name=\"twitter:label1\" content=\"Dur\u00e9e de lecture estim\u00e9e\" \/>\n\t<meta name=\"twitter:data1\" content=\"1 minute\" \/>\n<script type=\"application\/ld+json\" class=\"yoast-schema-graph\">{\"@context\":\"https:\\\/\\\/schema.org\",\"@graph\":[{\"@type\":\"WebPage\",\"@id\":\"https:\\\/\\\/www.greeneggtotaal.nl\\\/product\\\/pizzabollen-12-stuks\\\/\",\"url\":\"https:\\\/\\\/www.greeneggtotaal.nl\\\/product\\\/pizzabollen-12-stuks\\\/\",\"name\":\"Pizzabollen 12 stuks - GreenEggTotaal\",\"isPartOf\":{\"@id\":\"https:\\\/\\\/www.greeneggtotaal.nl\\\/nl\\\/#website\"},\"primaryImageOfPage\":{\"@id\":\"https:\\\/\\\/www.greeneggtotaal.nl\\\/product\\\/pizzabollen-12-stuks\\\/#primaryimage\"},\"image\":{\"@id\":\"https:\\\/\\\/www.greeneggtotaal.nl\\\/product\\\/pizzabollen-12-stuks\\\/#primaryimage\"},\"thumbnailUrl\":\"https:\\\/\\\/www.greeneggtotaal.nl\\\/wp-content\\\/uploads\\\/2025\\\/06\\\/Pizzabollen.webp\",\"datePublished\":\"2025-06-16T13:21:39+00:00\",\"dateModified\":\"2026-04-01T14:18:40+00:00\",\"breadcrumb\":{\"@id\":\"https:\\\/\\\/www.greeneggtotaal.nl\\\/product\\\/pizzabollen-12-stuks\\\/#breadcrumb\"},\"inLanguage\":\"fr-FR\",\"potentialAction\":[{\"@type\":\"ReadAction\",\"target\":[\"https:\\\/\\\/www.greeneggtotaal.nl\\\/product\\\/pizzabollen-12-stuks\\\/\"]}]},{\"@type\":\"ImageObject\",\"inLanguage\":\"fr-FR\",\"@id\":\"https:\\\/\\\/www.greeneggtotaal.nl\\\/product\\\/pizzabollen-12-stuks\\\/#primaryimage\",\"url\":\"https:\\\/\\\/www.greeneggtotaal.nl\\\/wp-content\\\/uploads\\\/2025\\\/06\\\/Pizzabollen.webp\",\"contentUrl\":\"https:\\\/\\\/www.greeneggtotaal.nl\\\/wp-content\\\/uploads\\\/2025\\\/06\\\/Pizzabollen.webp\",\"width\":500,\"height\":500,\"caption\":\"Pizzabollen\"},{\"@type\":\"BreadcrumbList\",\"@id\":\"https:\\\/\\\/www.greeneggtotaal.nl\\\/product\\\/pizzabollen-12-stuks\\\/#breadcrumb\",\"itemListElement\":[{\"@type\":\"ListItem\",\"position\":1,\"name\":\"Home\",\"item\":\"https:\\\/\\\/www.greeneggtotaal.nl\\\/\"},{\"@type\":\"ListItem\",\"position\":2,\"name\":\"Shop\",\"item\":\"https:\\\/\\\/www.greeneggtotaal.nl\\\/nl\\\/shop\\\/\"},{\"@type\":\"ListItem\",\"position\":3,\"name\":\"Pizzabollen 12 stuks\"}]},{\"@type\":\"WebSite\",\"@id\":\"https:\\\/\\\/www.greeneggtotaal.nl\\\/nl\\\/#website\",\"url\":\"https:\\\/\\\/www.greeneggtotaal.nl\\\/nl\\\/\",\"name\":\"greeneggtotaal.nl\",\"description\":\"D\u00e9 Big Green Egg Specialist\",\"publisher\":{\"@id\":\"https:\\\/\\\/www.greeneggtotaal.nl\\\/nl\\\/#organization\"},\"potentialAction\":[{\"@type\":\"SearchAction\",\"target\":{\"@type\":\"EntryPoint\",\"urlTemplate\":\"https:\\\/\\\/www.greeneggtotaal.nl\\\/nl\\\/?s={search_term_string}\"},\"query-input\":{\"@type\":\"PropertyValueSpecification\",\"valueRequired\":true,\"valueName\":\"search_term_string\"}}],\"inLanguage\":\"fr-FR\"},{\"@type\":\"Organization\",\"@id\":\"https:\\\/\\\/www.greeneggtotaal.nl\\\/nl\\\/#organization\",\"name\":\"Green Egg Totaal\",\"url\":\"https:\\\/\\\/www.greeneggtotaal.nl\\\/nl\\\/\",\"logo\":{\"@type\":\"ImageObject\",\"inLanguage\":\"fr-FR\",\"@id\":\"https:\\\/\\\/www.greeneggtotaal.nl\\\/nl\\\/#\\\/schema\\\/logo\\\/image\\\/\",\"url\":\"https:\\\/\\\/www.greeneggtotaal.nl\\\/wp-content\\\/uploads\\\/2025\\\/06\\\/Green-Egg-Totaal-Logo.png\",\"contentUrl\":\"https:\\\/\\\/www.greeneggtotaal.nl\\\/wp-content\\\/uploads\\\/2025\\\/06\\\/Green-Egg-Totaal-Logo.png\",\"width\":225,\"height\":95,\"caption\":\"Green Egg Totaal\"},\"image\":{\"@id\":\"https:\\\/\\\/www.greeneggtotaal.nl\\\/nl\\\/#\\\/schema\\\/logo\\\/image\\\/\"}}]}<\/script>\n<!-- \/ Yoast SEO Premium plugin. -->","yoast_head_json":{"title":"Boules \u00e0 pizza 12 pi\u00e8ces - GreenEggTotal","robots":{"index":"index","follow":"follow","max-snippet":"max-snippet:-1","max-image-preview":"max-image-preview:large","max-video-preview":"max-video-preview:-1"},"canonical":"https:\/\/www.greeneggtotaal.nl\/fr\/product\/boules-de-pizza-12-pieces\/","og_locale":"fr_FR","og_type":"article","og_title":"Pizzabollen 12 stuks","og_description":"We gebruiken voor onze handgemaakte pizzabollen een blend van verschillende bloemsoorten van de Italiaanse molen Dallagiovanna en onze eigen zuurdesem cultuur: Papi. Dit resulteert in een ambachtelijk, smaakvol deeg voor een pizza met een krokante bodem en luchtige korst. Wij maken het deeg, jij doet de rest. Wat maakt ons uniek? Natuurlijke desemcultuur, zonder commercieel [&hellip;]","og_url":"https:\/\/www.greeneggtotaal.nl\/fr\/product\/boules-de-pizza-12-pieces\/","og_site_name":"GreenEggTotaal","article_modified_time":"2026-04-01T14:18:40+00:00","og_image":[{"width":500,"height":500,"url":"https:\/\/www.greeneggtotaal.nl\/wp-content\/uploads\/2025\/06\/Pizzabollen.webp","type":"image\/webp"}],"twitter_card":"summary_large_image","twitter_misc":{"Dur\u00e9e de lecture estim\u00e9e":"1 minute"},"schema":{"@context":"https:\/\/schema.org","@graph":[{"@type":"WebPage","@id":"https:\/\/www.greeneggtotaal.nl\/product\/pizzabollen-12-stuks\/","url":"https:\/\/www.greeneggtotaal.nl\/product\/pizzabollen-12-stuks\/","name":"Boules \u00e0 pizza 12 pi\u00e8ces - GreenEggTotal","isPartOf":{"@id":"https:\/\/www.greeneggtotaal.nl\/nl\/#website"},"primaryImageOfPage":{"@id":"https:\/\/www.greeneggtotaal.nl\/product\/pizzabollen-12-stuks\/#primaryimage"},"image":{"@id":"https:\/\/www.greeneggtotaal.nl\/product\/pizzabollen-12-stuks\/#primaryimage"},"thumbnailUrl":"https:\/\/www.greeneggtotaal.nl\/wp-content\/uploads\/2025\/06\/Pizzabollen.webp","datePublished":"2025-06-16T13:21:39+00:00","dateModified":"2026-04-01T14:18:40+00:00","breadcrumb":{"@id":"https:\/\/www.greeneggtotaal.nl\/product\/pizzabollen-12-stuks\/#breadcrumb"},"inLanguage":"fr-FR","potentialAction":[{"@type":"ReadAction","target":["https:\/\/www.greeneggtotaal.nl\/product\/pizzabollen-12-stuks\/"]}]},{"@type":"ImageObject","inLanguage":"fr-FR","@id":"https:\/\/www.greeneggtotaal.nl\/product\/pizzabollen-12-stuks\/#primaryimage","url":"https:\/\/www.greeneggtotaal.nl\/wp-content\/uploads\/2025\/06\/Pizzabollen.webp","contentUrl":"https:\/\/www.greeneggtotaal.nl\/wp-content\/uploads\/2025\/06\/Pizzabollen.webp","width":500,"height":500,"caption":"Pizzabollen"},{"@type":"BreadcrumbList","@id":"https:\/\/www.greeneggtotaal.nl\/product\/pizzabollen-12-stuks\/#breadcrumb","itemListElement":[{"@type":"ListItem","position":1,"name":"Home","item":"https:\/\/www.greeneggtotaal.nl\/"},{"@type":"ListItem","position":2,"name":"Shop","item":"https:\/\/www.greeneggtotaal.nl\/nl\/shop\/"},{"@type":"ListItem","position":3,"name":"Pizzabollen 12 stuks"}]},{"@type":"WebSite","@id":"https:\/\/www.greeneggtotaal.nl\/nl\/#website","url":"https:\/\/www.greeneggtotaal.nl\/nl\/","name":"greeneggtotaal.nl","description":"Le sp\u00e9cialiste du Big Green Egg","publisher":{"@id":"https:\/\/www.greeneggtotaal.nl\/nl\/#organization"},"potentialAction":[{"@type":"SearchAction","target":{"@type":"EntryPoint","urlTemplate":"https:\/\/www.greeneggtotaal.nl\/nl\/?s={search_term_string}"},"query-input":{"@type":"PropertyValueSpecification","valueRequired":true,"valueName":"search_term_string"}}],"inLanguage":"fr-FR"},{"@type":"Organization","@id":"https:\/\/www.greeneggtotaal.nl\/nl\/#organization","name":"Green Egg Totaal","url":"https:\/\/www.greeneggtotaal.nl\/nl\/","logo":{"@type":"ImageObject","inLanguage":"fr-FR","@id":"https:\/\/www.greeneggtotaal.nl\/nl\/#\/schema\/logo\/image\/","url":"https:\/\/www.greeneggtotaal.nl\/wp-content\/uploads\/2025\/06\/Green-Egg-Totaal-Logo.png","contentUrl":"https:\/\/www.greeneggtotaal.nl\/wp-content\/uploads\/2025\/06\/Green-Egg-Totaal-Logo.png","width":225,"height":95,"caption":"Green Egg Totaal"},"image":{"@id":"https:\/\/www.greeneggtotaal.nl\/nl\/#\/schema\/logo\/image\/"}}]}},"_links":{"self":[{"href":"https:\/\/www.greeneggtotaal.nl\/fr\/wp-json\/wp\/v2\/product\/6366","targetHints":{"allow":["GET"]}}],"collection":[{"href":"https:\/\/www.greeneggtotaal.nl\/fr\/wp-json\/wp\/v2\/product"}],"about":[{"href":"https:\/\/www.greeneggtotaal.nl\/fr\/wp-json\/wp\/v2\/types\/product"}],"wp:featuredmedia":[{"embeddable":true,"href":"https:\/\/www.greeneggtotaal.nl\/fr\/wp-json\/wp\/v2\/media\/6561"}],"wp:attachment":[{"href":"https:\/\/www.greeneggtotaal.nl\/fr\/wp-json\/wp\/v2\/media?parent=6366"}],"wp:term":[{"taxonomy":"product_brand","embeddable":true,"href":"https:\/\/www.greeneggtotaal.nl\/fr\/wp-json\/wp\/v2\/product_brand?post=6366"},{"taxonomy":"product_cat","embeddable":true,"href":"https:\/\/www.greeneggtotaal.nl\/fr\/wp-json\/wp\/v2\/product_cat?post=6366"},{"taxonomy":"product_tag","embeddable":true,"href":"https:\/\/www.greeneggtotaal.nl\/fr\/wp-json\/wp\/v2\/product_tag?post=6366"}],"curies":[{"name":"wp","href":"https:\/\/api.w.org\/{rel}","templated":true}]}}